{"id":83765,"date":"2024-05-24T11:00:00","date_gmt":"2024-05-24T08:00:00","guid":{"rendered":"https:\/\/xstyle.md\/?post_type=product&#038;p=83765"},"modified":"2026-03-19T17:21:27","modified_gmt":"2026-03-19T14:21:27","slug":"kreslo-thule-yepp-nexxt-mini-2-front-mount-gray","status":"publish","type":"product","link":"https:\/\/xstyle.md\/ro\/produs\/kreslo-thule-yepp-nexxt-mini-2-front-mount-gray\/","title":{"rendered":"Scaun Thule Yepp Nexxt Mini 2 front mount Gray"},"content":{"rendered":"<\/p>\n<p><strong>Thule Yepp Nexxt Mini 2<\/strong> &#8212; un scaun pentru copii urban u\u0219or \u0219i elegant, cu un design inteligent, orientat cu fa\u021ba la direc\u021bia de mers. Datorit\u0103 suportului s\u0103u cu eliberare rapid\u0103, Thule Yepp Nexxt Mini poate fi montat f\u0103r\u0103 efort pe suporturi de ghidon conven\u021bionale \u0219i ultramoderne &#8212; \u0219i poate fi \u00eendep\u0103rtat \u00een doar c\u00e2teva secunde. Poate fi montat pe cadru sau pe partea din spate. Acest model are un design modern \u0219i \u00eei ofer\u0103 micu\u021bului dvs. un confort premium, precum \u0219i o protec\u021bie suplimentar\u0103 a capului. Catarama de siguran\u021b\u0103 cu magnet fixeaz\u0103 copilul pe scaun rapid \u0219i u\u0219or.<\/p>\n<h3>Particularit\u0103\u021bi<\/h3>\n<ul>\n<li>Scaun pentru copii u\u0219or, dar durabil \u0219i incredibil de confortabil, cu o baz\u0103 rigid\u0103 \u0219i o c\u0103ptu\u0219eal\u0103 moale<\/li>\n<li>Catarama magnetic\u0103 de siguran\u021b\u0103 pentru copii face ca fixarea copilului dvs. s\u0103 fie rapid\u0103 \u0219i u\u0219oar\u0103.<\/li>\n<li>Disponibil \u00een versiunile pentru cadru, portbagaj \u0219i fa\u021b\u0103.<\/li>\n<li>Suportul universal cu eliberare rapid\u0103 permite ata\u0219area scaunului la biciclet\u0103 \u00een c\u00e2teva secunde sau \u00eendep\u0103rtarea acestuia &#8212; de exemplu, pentru a monta o alt\u0103 biciclet\u0103.<\/li>\n<li>Se adapteaz\u0103 la copil pe m\u0103sur\u0103 ce cre\u0219te \u0219i asigur\u0103 o potrivire perfect\u0103 datorit\u0103 suporturilor pentru picioare \u0219i curelelor de fixare reglabile.<\/li>\n<li>Scaun moale care absoarbe \u0219ocurile \u0219i vibra\u021biile, permi\u021b\u00e2nd copilului s\u0103 c\u0103l\u0103toreasc\u0103 \u00een confort.<\/li>\n<li>Harna\u0219ament reglabil \u0219i c\u0103ptu\u0219it \u00een 5 puncte, pentru un confort \u0219i siguran\u021b\u0103 maxim\u0103 pentru copilul dumneavoastr\u0103.<\/li>\n<li>M\u00e2ner confortabil de care copilul dumneavoastr\u0103 se poate \u021bine \u00een timp ce c\u0103l\u0103tore\u0219te.<\/li>\n<li>Materialele hidrofuge men\u021bin scaunul uscat \u0219i u\u0219or de cur\u0103\u021bat.<\/li>\n<li>Proiectat \u0219i testat pentru copii cu v\u00e2rsta cuprins\u0103 \u00eentre 9 luni* \u0219i 3 ani, cu o greutate de p\u00e2n\u0103 la 15 kg. (*Consulta\u021bi medicul pediatru dac\u0103 copilul dvs. are mai pu\u021bin de 1 an).<\/li>\n<\/ul>\n<h3>Caracteristici<\/h3>\n<ul>\n<li>Capacitate de \u00eenc\u0103rcare &#8212; 15 kg<\/li>\n<li>Greutate &#8212; 1.8kg<\/li>\n<li>Centur\u0103 de siguran\u021b\u0103 &#8212; 5 puncte<\/li>\n<li>\u00cendepline\u0219te standardele de siguran\u021b\u0103 &#8212; da<\/li>\n<\/ul>\n<h3>Marca<\/h3>\n<p>THULE este o companie interna\u021bional\u0103 de top, recunoscut\u0103 la nivel mondial ca produc\u0103tor de top de sisteme de bagaje \u0219i cutii auto. THULE fabric\u0103 produse premium, renumite pentru calitatea lor de neegalat, siguran\u021b\u0103, u\u0219urin\u021b\u0103 \u00een utilizare \u0219i design elegant. Produsele THULE sunt potrivite pentru persoanele care prefer\u0103 activit\u0103\u021bile \u00een aer liber, sunt pasionate de sport, c\u0103l\u0103toresc mult \u0219i apreciaz\u0103 solu\u021biile bine g\u00e2ndite.<\/p>\n<p><\/p>","protected":false},"excerpt":{"rendered":"","protected":false},"featured_media":83770,"comment_status":"open","ping_status":"closed","template":"","meta":{"_acf_changed":false,"inline_featured_image":false},"product_brand":[1269],"product_cat":[1157],"product_tag":[],"class_list":{"0":"post-83765","1":"product","2":"type-product","3":"status-publish","4":"has-post-thumbnail","6":"product_brand-thule","7":"product_cat-bicycle-baby-seats","9":"first","10":"instock","11":"shipping-taxable","12":"purchasable","13":"product-type-simple"},"acf":[],"yoast_head":"<!-- This site is optimized with the Yoast SEO plugin v27.4 - https:\/\/yoast.com\/product\/yoast-seo-wordpress\/ -->\n<title>\u041a\u0440\u0435\u0441\u043b\u043e Thule Yepp Nexxt Mini 2 front mount Gray - \u041c\u0430\u0433\u0430\u0437\u0438\u043d Xstyle<\/title>\n<meta name=\"description\" content=\"\u041a\u0440\u0435\u0441\u043b\u043e Thule Yepp Nexxt Mini 2 \u0434\u043b\u044f \u0434\u0435\u0442\u0435\u0439 \u0441\u0435\u0440\u043e\u0433\u043e \u0446\u0432\u0435\u0442\u0430: \u043b\u0435\u0433\u043a\u043e\u0435, \u0441\u0442\u0438\u043b\u044c\u043d\u043e\u0435, \u0431\u044b\u0441\u0442\u0440\u043e \u043c\u043e\u043d\u0442\u0438\u0440\u0443\u0435\u0442\u0441\u044f \u0438 \u0441\u043d\u0438\u043c\u0430\u0435\u0442\u0441\u044f. \u0418\u0434\u0435\u0430\u043b\u044c\u043d\u043e \u0434\u043b\u044f \u0433\u043e\u0440\u043e\u0434\u0441\u043a\u0438\u0445 \u043f\u043e\u0435\u0437\u0434\u043e\u043a \u0441 \u043c\u0430\u043b\u044b\u0448\u043e\u043c!\" \/>\n<meta name=\"robots\" content=\"index, follow, max-snippet:-1, max-image-preview:large, max-video-preview:-1\" \/>\n<link rel=\"canonical\" href=\"https:\/\/xstyle.md\/ro\/produs\/kreslo-thule-yepp-nexxt-mini-2-front-mount-gray\/\" \/>\n<meta property=\"og:locale\" content=\"ro_RO\" \/>\n<meta property=\"og:type\" content=\"article\" \/>\n<meta property=\"og:title\" content=\"\u041a\u0440\u0435\u0441\u043b\u043e Thule Yepp Nexxt Mini 2 front mount Gray - \u041c\u0430\u0433\u0430\u0437\u0438\u043d Xstyle\" \/>\n<meta property=\"og:description\" content=\"\u041a\u0440\u0435\u0441\u043b\u043e Thule Yepp Nexxt Mini 2 \u0434\u043b\u044f \u0434\u0435\u0442\u0435\u0439 \u0441\u0435\u0440\u043e\u0433\u043e \u0446\u0432\u0435\u0442\u0430: \u043b\u0435\u0433\u043a\u043e\u0435, \u0441\u0442\u0438\u043b\u044c\u043d\u043e\u0435, \u0431\u044b\u0441\u0442\u0440\u043e \u043c\u043e\u043d\u0442\u0438\u0440\u0443\u0435\u0442\u0441\u044f \u0438 \u0441\u043d\u0438\u043c\u0430\u0435\u0442\u0441\u044f. \u0418\u0434\u0435\u0430\u043b\u044c\u043d\u043e \u0434\u043b\u044f \u0433\u043e\u0440\u043e\u0434\u0441\u043a\u0438\u0445 \u043f\u043e\u0435\u0437\u0434\u043e\u043a \u0441 \u043c\u0430\u043b\u044b\u0448\u043e\u043c!\" \/>\n<meta property=\"og:url\" content=\"https:\/\/xstyle.md\/ro\/produs\/kreslo-thule-yepp-nexxt-mini-2-front-mount-gray\/\" \/>\n<meta property=\"og:site_name\" content=\"\u041c\u0430\u0433\u0430\u0437\u0438\u043d Xstyle\" \/>\n<meta property=\"article:publisher\" content=\"https:\/\/www.facebook.com\/xstylemd\" \/>\n<meta property=\"article:modified_time\" content=\"2026-03-19T14:21:27+00:00\" \/>\n<meta property=\"og:image\" content=\"https:\/\/xstyle.md\/wp-content\/uploads\/2024\/05\/thule-yepp-nexxt-mini-2-front-mount-gray.jpg\" \/>\n\t<meta property=\"og:image:width\" content=\"500\" \/>\n\t<meta property=\"og:image:height\" content=\"500\" \/>\n\t<meta property=\"og:image:type\" content=\"image\/jpeg\" \/>\n<meta name=\"twitter:card\" content=\"summary_large_image\" \/>\n<meta name=\"twitter:label1\" content=\"Pre\u021b\" \/>\n\t<meta name=\"twitter:data1\" content=\"3.390&nbsp;MDL\" \/>\n\t<meta name=\"twitter:label2\" content=\"Disponibilitate\" \/>\n\t<meta name=\"twitter:data2\" content=\"\u00cen stoc\" \/>\n<script type=\"application\/ld+json\" class=\"yoast-schema-graph\">{\"@context\":\"https:\\\/\\\/schema.org\",\"@graph\":[{\"@type\":\"WebPage\",\"@id\":\"https:\\\/\\\/xstyle.md\\\/product\\\/kreslo-thule-yepp-nexxt-mini-2-front-mount-gray\\\/\",\"url\":\"https:\\\/\\\/xstyle.md\\\/product\\\/kreslo-thule-yepp-nexxt-mini-2-front-mount-gray\\\/\",\"name\":\"\u041a\u0440\u0435\u0441\u043b\u043e Thule Yepp Nexxt Mini 2 front mount Gray - \u041c\u0430\u0433\u0430\u0437\u0438\u043d Xstyle\",\"isPartOf\":{\"@id\":\"https:\\\/\\\/xstyle.md\\\/#website\"},\"primaryImageOfPage\":{\"@id\":\"https:\\\/\\\/xstyle.md\\\/product\\\/kreslo-thule-yepp-nexxt-mini-2-front-mount-gray\\\/#primaryimage\"},\"image\":{\"@id\":\"https:\\\/\\\/xstyle.md\\\/product\\\/kreslo-thule-yepp-nexxt-mini-2-front-mount-gray\\\/#primaryimage\"},\"thumbnailUrl\":\"https:\\\/\\\/xstyle.md\\\/wp-content\\\/uploads\\\/2024\\\/05\\\/thule-yepp-nexxt-mini-2-front-mount-gray.jpg\",\"datePublished\":\"2024-05-24T08:00:00+00:00\",\"dateModified\":\"2026-03-19T14:21:27+00:00\",\"description\":\"\u041a\u0440\u0435\u0441\u043b\u043e Thule Yepp Nexxt Mini 2 \u0434\u043b\u044f \u0434\u0435\u0442\u0435\u0439 \u0441\u0435\u0440\u043e\u0433\u043e \u0446\u0432\u0435\u0442\u0430: \u043b\u0435\u0433\u043a\u043e\u0435, \u0441\u0442\u0438\u043b\u044c\u043d\u043e\u0435, \u0431\u044b\u0441\u0442\u0440\u043e \u043c\u043e\u043d\u0442\u0438\u0440\u0443\u0435\u0442\u0441\u044f \u0438 \u0441\u043d\u0438\u043c\u0430\u0435\u0442\u0441\u044f. \u0418\u0434\u0435\u0430\u043b\u044c\u043d\u043e \u0434\u043b\u044f \u0433\u043e\u0440\u043e\u0434\u0441\u043a\u0438\u0445 \u043f\u043e\u0435\u0437\u0434\u043e\u043a \u0441 \u043c\u0430\u043b\u044b\u0448\u043e\u043c!\",\"breadcrumb\":{\"@id\":\"https:\\\/\\\/xstyle.md\\\/product\\\/kreslo-thule-yepp-nexxt-mini-2-front-mount-gray\\\/#breadcrumb\"},\"inLanguage\":\"ro-RO\",\"potentialAction\":[{\"@type\":\"ReadAction\",\"target\":[\"https:\\\/\\\/xstyle.md\\\/product\\\/kreslo-thule-yepp-nexxt-mini-2-front-mount-gray\\\/\"]}]},{\"@type\":\"ImageObject\",\"inLanguage\":\"ro-RO\",\"@id\":\"https:\\\/\\\/xstyle.md\\\/product\\\/kreslo-thule-yepp-nexxt-mini-2-front-mount-gray\\\/#primaryimage\",\"url\":\"https:\\\/\\\/xstyle.md\\\/wp-content\\\/uploads\\\/2024\\\/05\\\/thule-yepp-nexxt-mini-2-front-mount-gray.jpg\",\"contentUrl\":\"https:\\\/\\\/xstyle.md\\\/wp-content\\\/uploads\\\/2024\\\/05\\\/thule-yepp-nexxt-mini-2-front-mount-gray.jpg\",\"width\":500,\"height\":500,\"caption\":\"\u0428\u0435\u0437\u043b\u043e\u043d\u0433 Thule Yepp Nexxt Mini 2 \u0434\u043b\u044f \u0430\u043a\u0442\u0438\u0432\u043d\u043e\u0433\u043e \u043e\u0442\u0434\u044b\u0445\u0430, \u043f\u0440\u043e\u0433\u0443\u043b\u043e\u043a, \u043f\u0443\u0442\u0435\u0448\u0435\u0441\u0442\u0432\u0438\u0439, \u044d\u043a\u0438\u043f\u0438\u0440\u043e\u0432\u043a\u0430 \u0434\u043b\u044f \u043d\u043e\u0441\u0438\u043c\u044b\u0445 \u0432\u0435\u0449\u0435\u0439, \u043e\u0431\u0443\u0432\u0438 \u0438 \u0441\u043d\u0430\u0440\u044f\u0436\u0435\u043d\u0438\u044f \u0434\u043b\u044f \u0445\u0430\u0439\u043a\u0438\u043d\u0433\u0430 \u0438 \u0430\u043b\u044c\u043f\u0438\u043d\u0438\u0437\u043c\u0430 \u043d\u0430 \u043e\u043d\u043b\u0430\u0439\u043d \u043c\u0430\u0433\u0430\u0437\u0438\u043d\u0435 \u0442\u043e\u0432\u0430\u0440\u043e\u0432 \u0434\u043b\u044f \u0430\u043a\u0442\u0438\u0432\u043d\u043e\u0439 \u0436\u0438\u0437\u043d\u0438\"},{\"@type\":\"BreadcrumbList\",\"@id\":\"https:\\\/\\\/xstyle.md\\\/product\\\/kreslo-thule-yepp-nexxt-mini-2-front-mount-gray\\\/#breadcrumb\",\"itemListElement\":[{\"@type\":\"ListItem\",\"position\":1,\"name\":\"\u0413\u043b\u0430\u0432\u043d\u0430\u044f \u0441\u0442\u0440\u0430\u043d\u0438\u0446\u0430\",\"item\":\"https:\\\/\\\/xstyle.md\\\/\"},{\"@type\":\"ListItem\",\"position\":2,\"name\":\"\u041c\u0430\u0433\u0430\u0437\u0438\u043d\",\"item\":\"https:\\\/\\\/xstyle.md\\\/shop\\\/\"},{\"@type\":\"ListItem\",\"position\":3,\"name\":\"\u041a\u0440\u0435\u0441\u043b\u043e Thule Yepp Nexxt Mini 2 front mount Gray\"}]},{\"@type\":\"WebSite\",\"@id\":\"https:\\\/\\\/xstyle.md\\\/#website\",\"url\":\"https:\\\/\\\/xstyle.md\\\/\",\"name\":\"\u041c\u0430\u0433\u0430\u0437\u0438\u043d Xstyle\",\"description\":\"C\u043d\u0430\u0440\u044f\u0436\u0435\u043d\u0438\u0435 \u0434\u043b\u044f \u0442\u0443\u0440\u0438\u0437\u043c\u0430 \u0438 \u044d\u043a\u0441\u0442\u0440\u0435\u043c\u0430\u043b\u044c\u043d\u044b\u0445 \u0432\u0438\u0434\u043e\u0432 \u0441\u043f\u043e\u0440\u0442\u0430 \u0432 \u041c\u043e\u043b\u0434\u043e\u0432\u0435.. \u0426\u0435\u043d\u044b, \u0444\u043e\u0442\u043e, \u0445\u0430\u0440\u0430\u043a\u0442\u0435\u0440\u0438\u0441\u0442\u0438\u043a\u0438 \u0432 \u041c\u043e\u043b\u0434\u043e\u0432\u0435.\",\"publisher\":{\"@id\":\"https:\\\/\\\/xstyle.md\\\/#organization\"},\"alternateName\":\"X-Style\",\"potentialAction\":[{\"@type\":\"SearchAction\",\"target\":{\"@type\":\"EntryPoint\",\"urlTemplate\":\"https:\\\/\\\/xstyle.md\\\/?s={search_term_string}\"},\"query-input\":{\"@type\":\"PropertyValueSpecification\",\"valueRequired\":true,\"valueName\":\"search_term_string\"}}],\"inLanguage\":\"ro-RO\"},{\"@type\":\"Organization\",\"@id\":\"https:\\\/\\\/xstyle.md\\\/#organization\",\"name\":\"\u041c\u0430\u0433\u0430\u0437\u0438\u043d Xstyle\",\"alternateName\":\"x-style\",\"url\":\"https:\\\/\\\/xstyle.md\\\/\",\"logo\":{\"@type\":\"ImageObject\",\"inLanguage\":\"ro-RO\",\"@id\":\"https:\\\/\\\/xstyle.md\\\/#\\\/schema\\\/logo\\\/image\\\/\",\"url\":\"https:\\\/\\\/xstyle.md\\\/wp-content\\\/uploads\\\/2020\\\/06\\\/logoicon.svg\",\"contentUrl\":\"https:\\\/\\\/xstyle.md\\\/wp-content\\\/uploads\\\/2020\\\/06\\\/logoicon.svg\",\"caption\":\"\u041c\u0430\u0433\u0430\u0437\u0438\u043d Xstyle\"},\"image\":{\"@id\":\"https:\\\/\\\/xstyle.md\\\/#\\\/schema\\\/logo\\\/image\\\/\"},\"sameAs\":[\"https:\\\/\\\/www.facebook.com\\\/xstylemd\",\"https:\\\/\\\/www.instagram.com\\\/xstyle_md\\\/\",\"https:\\\/\\\/t.me\\\/xstyle_outdoor\"],\"hasMerchantReturnPolicy\":{\"@type\":\"MerchantReturnPolicy\",\"merchantReturnLink\":\"https:\\\/\\\/xstyle.md\\\/ro\\\/conditions\\\/\"}}]}<\/script>\n<meta property=\"product:price:amount\" content=\"3390.00\" \/>\n<meta property=\"product:price:currency\" content=\"MDL\" \/>\n<meta property=\"og:availability\" content=\"instock\" \/>\n<meta property=\"product:availability\" content=\"instock\" \/>\n<meta property=\"product:retailer_item_id\" content=\"872299049745\" \/>\n<meta property=\"product:condition\" content=\"new\" \/>\n<!-- \/ Yoast SEO plugin. -->","yoast_head_json":{"title":"Scaun pentru copii Thule Yepp Nexxt Mini 2 front mount Gray - Magazin Xstyle","description":"Scaunul Thule Yepp Nexxt Mini 2 pentru copii de culoare gri: u\u0219or, stilat, se monteaz\u0103 \u0219i se demonteaz\u0103 rapid. Ideal pentru plimb\u0103rile urbane cu cei mici!","robots":{"index":"index","follow":"follow","max-snippet":"max-snippet:-1","max-image-preview":"max-image-preview:large","max-video-preview":"max-video-preview:-1"},"canonical":"https:\/\/xstyle.md\/ro\/produs\/kreslo-thule-yepp-nexxt-mini-2-front-mount-gray\/","og_locale":"ro_RO","og_type":"article","og_title":"\u041a\u0440\u0435\u0441\u043b\u043e Thule Yepp Nexxt Mini 2 front mount Gray - \u041c\u0430\u0433\u0430\u0437\u0438\u043d Xstyle","og_description":"\u041a\u0440\u0435\u0441\u043b\u043e Thule Yepp Nexxt Mini 2 \u0434\u043b\u044f \u0434\u0435\u0442\u0435\u0439 \u0441\u0435\u0440\u043e\u0433\u043e \u0446\u0432\u0435\u0442\u0430: \u043b\u0435\u0433\u043a\u043e\u0435, \u0441\u0442\u0438\u043b\u044c\u043d\u043e\u0435, \u0431\u044b\u0441\u0442\u0440\u043e \u043c\u043e\u043d\u0442\u0438\u0440\u0443\u0435\u0442\u0441\u044f \u0438 \u0441\u043d\u0438\u043c\u0430\u0435\u0442\u0441\u044f. \u0418\u0434\u0435\u0430\u043b\u044c\u043d\u043e \u0434\u043b\u044f \u0433\u043e\u0440\u043e\u0434\u0441\u043a\u0438\u0445 \u043f\u043e\u0435\u0437\u0434\u043e\u043a \u0441 \u043c\u0430\u043b\u044b\u0448\u043e\u043c!","og_url":"https:\/\/xstyle.md\/ro\/produs\/kreslo-thule-yepp-nexxt-mini-2-front-mount-gray\/","og_site_name":"\u041c\u0430\u0433\u0430\u0437\u0438\u043d Xstyle","article_publisher":"https:\/\/www.facebook.com\/xstylemd","article_modified_time":"2026-03-19T14:21:27+00:00","og_image":[{"width":500,"height":500,"url":"https:\/\/xstyle.md\/wp-content\/uploads\/2024\/05\/thule-yepp-nexxt-mini-2-front-mount-gray.jpg","type":"image\/jpeg"}],"twitter_card":"summary_large_image","twitter_misc":{"Pre\u021b":"3.390&nbsp;MDL","Disponibilitate":"\u00cen stoc"},"schema":{"@context":"https:\/\/schema.org","@graph":[{"@type":"WebPage","@id":"https:\/\/xstyle.md\/product\/kreslo-thule-yepp-nexxt-mini-2-front-mount-gray\/","url":"https:\/\/xstyle.md\/product\/kreslo-thule-yepp-nexxt-mini-2-front-mount-gray\/","name":"Scaun pentru copii Thule Yepp Nexxt Mini 2 front mount Gray - Magazin Xstyle","isPartOf":{"@id":"https:\/\/xstyle.md\/#website"},"primaryImageOfPage":{"@id":"https:\/\/xstyle.md\/product\/kreslo-thule-yepp-nexxt-mini-2-front-mount-gray\/#primaryimage"},"image":{"@id":"https:\/\/xstyle.md\/product\/kreslo-thule-yepp-nexxt-mini-2-front-mount-gray\/#primaryimage"},"thumbnailUrl":"https:\/\/xstyle.md\/wp-content\/uploads\/2024\/05\/thule-yepp-nexxt-mini-2-front-mount-gray.jpg","datePublished":"2024-05-24T08:00:00+00:00","dateModified":"2026-03-19T14:21:27+00:00","description":"Scaunul Thule Yepp Nexxt Mini 2 pentru copii de culoare gri: u\u0219or, stilat, se monteaz\u0103 \u0219i se demonteaz\u0103 rapid. Ideal pentru plimb\u0103rile urbane cu cei mici!","breadcrumb":{"@id":"https:\/\/xstyle.md\/product\/kreslo-thule-yepp-nexxt-mini-2-front-mount-gray\/#breadcrumb"},"inLanguage":"ro-RO","potentialAction":[{"@type":"ReadAction","target":["https:\/\/xstyle.md\/product\/kreslo-thule-yepp-nexxt-mini-2-front-mount-gray\/"]}]},{"@type":"ImageObject","inLanguage":"ro-RO","@id":"https:\/\/xstyle.md\/product\/kreslo-thule-yepp-nexxt-mini-2-front-mount-gray\/#primaryimage","url":"https:\/\/xstyle.md\/wp-content\/uploads\/2024\/05\/thule-yepp-nexxt-mini-2-front-mount-gray.jpg","contentUrl":"https:\/\/xstyle.md\/wp-content\/uploads\/2024\/05\/thule-yepp-nexxt-mini-2-front-mount-gray.jpg","width":500,"height":500,"caption":"\u0428\u0435\u0437\u043b\u043e\u043d\u0433 Thule Yepp Nexxt Mini 2 \u0434\u043b\u044f \u0430\u043a\u0442\u0438\u0432\u043d\u043e\u0433\u043e \u043e\u0442\u0434\u044b\u0445\u0430, \u043f\u0440\u043e\u0433\u0443\u043b\u043e\u043a, \u043f\u0443\u0442\u0435\u0448\u0435\u0441\u0442\u0432\u0438\u0439, \u044d\u043a\u0438\u043f\u0438\u0440\u043e\u0432\u043a\u0430 \u0434\u043b\u044f \u043d\u043e\u0441\u0438\u043c\u044b\u0445 \u0432\u0435\u0449\u0435\u0439, \u043e\u0431\u0443\u0432\u0438 \u0438 \u0441\u043d\u0430\u0440\u044f\u0436\u0435\u043d\u0438\u044f \u0434\u043b\u044f \u0445\u0430\u0439\u043a\u0438\u043d\u0433\u0430 \u0438 \u0430\u043b\u044c\u043f\u0438\u043d\u0438\u0437\u043c\u0430 \u043d\u0430 \u043e\u043d\u043b\u0430\u0439\u043d \u043c\u0430\u0433\u0430\u0437\u0438\u043d\u0435 \u0442\u043e\u0432\u0430\u0440\u043e\u0432 \u0434\u043b\u044f \u0430\u043a\u0442\u0438\u0432\u043d\u043e\u0439 \u0436\u0438\u0437\u043d\u0438"},{"@type":"BreadcrumbList","@id":"https:\/\/xstyle.md\/product\/kreslo-thule-yepp-nexxt-mini-2-front-mount-gray\/#breadcrumb","itemListElement":[{"@type":"ListItem","position":1,"name":"\u0413\u043b\u0430\u0432\u043d\u0430\u044f \u0441\u0442\u0440\u0430\u043d\u0438\u0446\u0430","item":"https:\/\/xstyle.md\/"},{"@type":"ListItem","position":2,"name":"\u041c\u0430\u0433\u0430\u0437\u0438\u043d","item":"https:\/\/xstyle.md\/shop\/"},{"@type":"ListItem","position":3,"name":"\u041a\u0440\u0435\u0441\u043b\u043e Thule Yepp Nexxt Mini 2 front mount Gray"}]},{"@type":"WebSite","@id":"https:\/\/xstyle.md\/#website","url":"https:\/\/xstyle.md\/","name":"Magazinul X-Style","description":"Echipamente pentru turism \u0219i sporturi extreme \u00een Moldova. Pre\u021buri, fotografii, caracteristici \u00een Moldova.","publisher":{"@id":"https:\/\/xstyle.md\/#organization"},"alternateName":"X-Style","potentialAction":[{"@type":"SearchAction","target":{"@type":"EntryPoint","urlTemplate":"https:\/\/xstyle.md\/?s={search_term_string}"},"query-input":{"@type":"PropertyValueSpecification","valueRequired":true,"valueName":"search_term_string"}}],"inLanguage":"ro-RO"},{"@type":"Organization","@id":"https:\/\/xstyle.md\/#organization","name":"Magazinul X-Style","alternateName":"x-style","url":"https:\/\/xstyle.md\/","logo":{"@type":"ImageObject","inLanguage":"ro-RO","@id":"https:\/\/xstyle.md\/#\/schema\/logo\/image\/","url":"https:\/\/xstyle.md\/wp-content\/uploads\/2020\/06\/logoicon.svg","contentUrl":"https:\/\/xstyle.md\/wp-content\/uploads\/2020\/06\/logoicon.svg","caption":"\u041c\u0430\u0433\u0430\u0437\u0438\u043d Xstyle"},"image":{"@id":"https:\/\/xstyle.md\/#\/schema\/logo\/image\/"},"sameAs":["https:\/\/www.facebook.com\/xstylemd","https:\/\/www.instagram.com\/xstyle_md\/","https:\/\/t.me\/xstyle_outdoor"],"hasMerchantReturnPolicy":{"@type":"MerchantReturnPolicy","merchantReturnLink":"https:\/\/xstyle.md\/ro\/conditions\/"}}]},"product_price_amount":"3390.00","product_price_currency":"MDL","og_availability":"instock","product_availability":"instock","product_retailer_item_id":"872299049745","product_condition":"new"},"post_mailing_queue_ids":[],"_links":{"self":[{"href":"https:\/\/xstyle.md\/ro\/wp-json\/wp\/v2\/product\/83765","targetHints":{"allow":["GET"]}}],"collection":[{"href":"https:\/\/xstyle.md\/ro\/wp-json\/wp\/v2\/product"}],"about":[{"href":"https:\/\/xstyle.md\/ro\/wp-json\/wp\/v2\/types\/product"}],"replies":[{"embeddable":true,"href":"https:\/\/xstyle.md\/ro\/wp-json\/wp\/v2\/comments?post=83765"}],"wp:featuredmedia":[{"embeddable":true,"href":"https:\/\/xstyle.md\/ro\/wp-json\/wp\/v2\/media\/83770"}],"wp:attachment":[{"href":"https:\/\/xstyle.md\/ro\/wp-json\/wp\/v2\/media?parent=83765"}],"wp:term":[{"taxonomy":"product_brand","embeddable":true,"href":"https:\/\/xstyle.md\/ro\/wp-json\/wp\/v2\/product_brand?post=83765"},{"taxonomy":"product_cat","embeddable":true,"href":"https:\/\/xstyle.md\/ro\/wp-json\/wp\/v2\/product_cat?post=83765"},{"taxonomy":"product_tag","embeddable":true,"href":"https:\/\/xstyle.md\/ro\/wp-json\/wp\/v2\/product_tag?post=83765"}],"curies":[{"name":"wp","href":"https:\/\/api.w.org\/{rel}","templated":true}]}}