{"id":83763,"date":"2024-05-24T11:00:00","date_gmt":"2024-05-24T08:00:00","guid":{"rendered":"https:\/\/xstyle.md\/?post_type=product&#038;p=83763"},"modified":"2026-03-19T17:21:24","modified_gmt":"2026-03-19T14:21:24","slug":"bokovye-ramy-dlya-bagazhnika-thule-pack-n-pedal-side-frames","status":"publish","type":"product","link":"https:\/\/dev.xstyle.md\/ro\/produs\/bokovye-ramy-dlya-bagazhnika-thule-pack-n-pedal-side-frames\/","title":{"rendered":"\u0411\u043e\u043a\u043e\u0432\u044b\u0435 \u0440\u0430\u043c\u044b \u0434\u043b\u044f \u0431\u0430\u0433\u0430\u0436\u043d\u0438\u043a\u0430 Thule Pack &#8216;n Pedal Side Frames"},"content":{"rendered":"<\/p>\n<p><strong>Thule Pack &#8216;n Pedal Side Frames<\/strong> &#8212; ramele laterale ale rastelului v\u0103 permit s\u0103 transporta\u021bi aproape orice geant\u0103 de biciclet\u0103 \u0219i s\u0103 echilibra\u021bi \u00eenc\u0103rc\u0103turi grele.<\/p>\n<h3>Particularit\u0103\u021bi<\/h3>\n<ul>\n<li>\u0218ina inferioar\u0103 fixeaz\u0103 \u00eenc\u0103rc\u0103tura sub ax\u0103 pentru o mai bun\u0103 manevrare a bicicletei<\/li>\n<li>Compatibil cu aproape toate gen\u021bile pentru biciclete ale concuren\u021bilor<\/li>\n<li>U\u0219or de instalat<\/li>\n<li>F\u0103r\u0103 zgomot sau vibra\u021bii<\/li>\n<\/ul>\n<h3>Caracteristici<\/h3>\n<ul>\n<li>Material &#8212; aluminiu, plastic<\/li>\n<li>Greutate &#8212; 0,43 kg<\/li>\n<\/ul>\n<h3>Marca<\/h3>\n<p>THULE este o companie interna\u021bional\u0103 de top, recunoscut\u0103 la nivel mondial ca produc\u0103tor de top de sisteme de bagaje \u0219i cutii auto. THULE fabric\u0103 produse premium, renumite pentru calitatea lor de neegalat, siguran\u021b\u0103, u\u0219urin\u021b\u0103 \u00een utilizare \u0219i design elegant. Produsele THULE sunt potrivite pentru persoanele care prefer\u0103 activit\u0103\u021bile \u00een aer liber, sunt pasionate de sport, c\u0103l\u0103toresc mult \u0219i apreciaz\u0103 solu\u021biile bine g\u00e2ndite.<\/p>\n<p><\/p>","protected":false},"excerpt":{"rendered":"","protected":false},"featured_media":83782,"comment_status":"open","ping_status":"closed","template":"","meta":{"_acf_changed":false,"inline_featured_image":false},"product_brand":[1269],"product_cat":[535],"product_tag":[],"class_list":{"0":"post-83763","1":"product","2":"type-product","3":"status-publish","4":"has-post-thumbnail","6":"product_brand-thule","7":"product_cat-spare-parts-and-tools","9":"first","10":"instock","11":"shipping-taxable","12":"purchasable","13":"product-type-simple"},"acf":[],"yoast_head":"<!-- This site is optimized with the Yoast SEO plugin v27.5 - https:\/\/yoast.com\/product\/yoast-seo-wordpress\/ -->\n<title>\u0411\u043e\u043a\u043e\u0432\u044b\u0435 \u0440\u0430\u043c\u044b \u0434\u043b\u044f \u0431\u0430\u0433\u0430\u0436\u043d\u0438\u043a\u0430 Thule Pack &#039;n Pedal Side Frames - \u041c\u0430\u0433\u0430\u0437\u0438\u043d Xstyle<\/title>\n<meta name=\"description\" content=\"\u0411\u043e\u043a\u043e\u0432\u044b\u0435 \u0440\u0430\u043c\u044b Thule Pack &#039;n Pedal \u043e\u0431\u0435\u0441\u043f\u0435\u0447\u0438\u0432\u0430\u044e\u0442 \u043d\u0430\u0434\u0435\u0436\u043d\u0443\u044e \u0444\u0438\u043a\u0441\u0430\u0446\u0438\u044e \u0431\u0430\u0433\u0430\u0436\u0430. \u041b\u0435\u0433\u043a\u0438\u0439 \u043c\u043e\u043d\u0442\u0430\u0436 \u0438 \u0441\u043e\u0432\u043c\u0435\u0441\u0442\u0438\u043c\u043e\u0441\u0442\u044c \u0441 \u0431\u043e\u043b\u044c\u0448\u0438\u043d\u0441\u0442\u0432\u043e\u043c \u0432\u0435\u043b\u043e\u0441\u0443\u043c\u043e\u043a. \u0418\u0434\u0435\u0430\u043b\u044c\u043d\u043e \u0434\u043b\u044f \u043f\u043e\u0435\u0437\u0434\u043e\u043a!\" \/>\n<meta name=\"robots\" content=\"noindex, follow, max-snippet:-1, max-image-preview:large, max-video-preview:-1\" \/>\n<meta property=\"og:locale\" content=\"ro_RO\" \/>\n<meta property=\"og:type\" content=\"article\" \/>\n<meta property=\"og:title\" content=\"\u0411\u043e\u043a\u043e\u0432\u044b\u0435 \u0440\u0430\u043c\u044b \u0434\u043b\u044f \u0431\u0430\u0433\u0430\u0436\u043d\u0438\u043a\u0430 Thule Pack &#039;n Pedal Side Frames - \u041c\u0430\u0433\u0430\u0437\u0438\u043d Xstyle\" \/>\n<meta property=\"og:description\" content=\"\u0411\u043e\u043a\u043e\u0432\u044b\u0435 \u0440\u0430\u043c\u044b Thule Pack &#039;n Pedal \u043e\u0431\u0435\u0441\u043f\u0435\u0447\u0438\u0432\u0430\u044e\u0442 \u043d\u0430\u0434\u0435\u0436\u043d\u0443\u044e \u0444\u0438\u043a\u0441\u0430\u0446\u0438\u044e \u0431\u0430\u0433\u0430\u0436\u0430. \u041b\u0435\u0433\u043a\u0438\u0439 \u043c\u043e\u043d\u0442\u0430\u0436 \u0438 \u0441\u043e\u0432\u043c\u0435\u0441\u0442\u0438\u043c\u043e\u0441\u0442\u044c \u0441 \u0431\u043e\u043b\u044c\u0448\u0438\u043d\u0441\u0442\u0432\u043e\u043c \u0432\u0435\u043b\u043e\u0441\u0443\u043c\u043e\u043a. \u0418\u0434\u0435\u0430\u043b\u044c\u043d\u043e \u0434\u043b\u044f \u043f\u043e\u0435\u0437\u0434\u043e\u043a!\" \/>\n<meta property=\"og:url\" content=\"https:\/\/dev.xstyle.md\/ro\/produs\/bokovye-ramy-dlya-bagazhnika-thule-pack-n-pedal-side-frames\/\" \/>\n<meta property=\"og:site_name\" content=\"\u041c\u0430\u0433\u0430\u0437\u0438\u043d Xstyle\" \/>\n<meta property=\"article:publisher\" content=\"https:\/\/www.facebook.com\/xstylemd\" \/>\n<meta property=\"article:modified_time\" content=\"2026-03-19T14:21:24+00:00\" \/>\n<meta property=\"og:image\" content=\"https:\/\/dev.xstyle.md\/wp-content\/uploads\/2024\/05\/thule-pack-n-pedal-side-frames.jpg\" \/>\n\t<meta property=\"og:image:width\" content=\"500\" \/>\n\t<meta property=\"og:image:height\" content=\"500\" \/>\n\t<meta property=\"og:image:type\" content=\"image\/jpeg\" \/>\n<meta name=\"twitter:card\" content=\"summary_large_image\" \/>\n<meta name=\"twitter:label1\" content=\"Pre\u021b\" \/>\n\t<meta name=\"twitter:data1\" content=\"695,00&nbsp;MDL\" \/>\n\t<meta name=\"twitter:label2\" content=\"Disponibilitate\" \/>\n\t<meta name=\"twitter:data2\" content=\"\u00cen stoc\" \/>\n<script type=\"application\/ld+json\" class=\"yoast-schema-graph\">{\"@context\":\"https:\\\/\\\/schema.org\",\"@graph\":[{\"@type\":\"WebPage\",\"@id\":\"https:\\\/\\\/dev.xstyle.md\\\/product\\\/bokovye-ramy-dlya-bagazhnika-thule-pack-n-pedal-side-frames\\\/\",\"url\":\"https:\\\/\\\/dev.xstyle.md\\\/product\\\/bokovye-ramy-dlya-bagazhnika-thule-pack-n-pedal-side-frames\\\/\",\"name\":\"\u0411\u043e\u043a\u043e\u0432\u044b\u0435 \u0440\u0430\u043c\u044b \u0434\u043b\u044f \u0431\u0430\u0433\u0430\u0436\u043d\u0438\u043a\u0430 Thule Pack 'n Pedal Side Frames - \u041c\u0430\u0433\u0430\u0437\u0438\u043d Xstyle\",\"isPartOf\":{\"@id\":\"https:\\\/\\\/dev.xstyle.md\\\/#website\"},\"primaryImageOfPage\":{\"@id\":\"https:\\\/\\\/dev.xstyle.md\\\/product\\\/bokovye-ramy-dlya-bagazhnika-thule-pack-n-pedal-side-frames\\\/#primaryimage\"},\"image\":{\"@id\":\"https:\\\/\\\/dev.xstyle.md\\\/product\\\/bokovye-ramy-dlya-bagazhnika-thule-pack-n-pedal-side-frames\\\/#primaryimage\"},\"thumbnailUrl\":\"https:\\\/\\\/dev.xstyle.md\\\/wp-content\\\/uploads\\\/2024\\\/05\\\/thule-pack-n-pedal-side-frames.jpg\",\"datePublished\":\"2024-05-24T08:00:00+00:00\",\"dateModified\":\"2026-03-19T14:21:24+00:00\",\"description\":\"\u0411\u043e\u043a\u043e\u0432\u044b\u0435 \u0440\u0430\u043c\u044b Thule Pack 'n Pedal \u043e\u0431\u0435\u0441\u043f\u0435\u0447\u0438\u0432\u0430\u044e\u0442 \u043d\u0430\u0434\u0435\u0436\u043d\u0443\u044e \u0444\u0438\u043a\u0441\u0430\u0446\u0438\u044e \u0431\u0430\u0433\u0430\u0436\u0430. \u041b\u0435\u0433\u043a\u0438\u0439 \u043c\u043e\u043d\u0442\u0430\u0436 \u0438 \u0441\u043e\u0432\u043c\u0435\u0441\u0442\u0438\u043c\u043e\u0441\u0442\u044c \u0441 \u0431\u043e\u043b\u044c\u0448\u0438\u043d\u0441\u0442\u0432\u043e\u043c \u0432\u0435\u043b\u043e\u0441\u0443\u043c\u043e\u043a. \u0418\u0434\u0435\u0430\u043b\u044c\u043d\u043e \u0434\u043b\u044f \u043f\u043e\u0435\u0437\u0434\u043e\u043a!\",\"breadcrumb\":{\"@id\":\"https:\\\/\\\/dev.xstyle.md\\\/product\\\/bokovye-ramy-dlya-bagazhnika-thule-pack-n-pedal-side-frames\\\/#breadcrumb\"},\"inLanguage\":\"ro-RO\",\"potentialAction\":[{\"@type\":\"ReadAction\",\"target\":[\"https:\\\/\\\/dev.xstyle.md\\\/product\\\/bokovye-ramy-dlya-bagazhnika-thule-pack-n-pedal-side-frames\\\/\"]}]},{\"@type\":\"ImageObject\",\"inLanguage\":\"ro-RO\",\"@id\":\"https:\\\/\\\/dev.xstyle.md\\\/product\\\/bokovye-ramy-dlya-bagazhnika-thule-pack-n-pedal-side-frames\\\/#primaryimage\",\"url\":\"https:\\\/\\\/dev.xstyle.md\\\/wp-content\\\/uploads\\\/2024\\\/05\\\/thule-pack-n-pedal-side-frames.jpg\",\"contentUrl\":\"https:\\\/\\\/dev.xstyle.md\\\/wp-content\\\/uploads\\\/2024\\\/05\\\/thule-pack-n-pedal-side-frames.jpg\",\"width\":500,\"height\":500,\"caption\":\"\u0411\u043e\u043a\u043e\u0432\u044b\u0435 \u0440\u0430\u043c\u044b \u0434\u043b\u044f \u0431\u0430\u0433\u0430\u0436\u043d\u0438\u043a\u0430 Thule Pack n Pedal \u0434\u043b\u044f \u0430\u043a\u0442\u0438\u0432\u043d\u043e\u0433\u043e \u043e\u0442\u0434\u044b\u0445\u0430, \u043f\u0443\u0442\u0435\u0448\u0435\u0441\u0442\u0432\u0438\u0439, \u0441\u043a\u0430\u043b\u043e\u043b\u0430\u0437\u0430\u043d\u0438\u044f \u0438 \u043f\u043e\u0445\u043e\u0434\u043e\u0432, \u044d\u043a\u0438\u043f\u0438\u0440\u043e\u0432\u043a\u0430 \u0434\u043b\u044f \u0441\u043f\u043e\u0440\u0442\u0438\u0432\u043d\u043e\u0439 \u043e\u0434\u0435\u0436\u0434\u044b \u0438 \u043e\u0431\u0443\u0432\u0438 \u0434\u043b\u044f \u0442\u0443\u0440\u0438\u0437\u043c\u0430\"},{\"@type\":\"BreadcrumbList\",\"@id\":\"https:\\\/\\\/dev.xstyle.md\\\/product\\\/bokovye-ramy-dlya-bagazhnika-thule-pack-n-pedal-side-frames\\\/#breadcrumb\",\"itemListElement\":[{\"@type\":\"ListItem\",\"position\":1,\"name\":\"\u0413\u043b\u0430\u0432\u043d\u0430\u044f \u0441\u0442\u0440\u0430\u043d\u0438\u0446\u0430\",\"item\":\"https:\\\/\\\/dev.xstyle.md\\\/\"},{\"@type\":\"ListItem\",\"position\":2,\"name\":\"Shop\",\"item\":\"https:\\\/\\\/dev.xstyle.md\\\/shop\\\/\"},{\"@type\":\"ListItem\",\"position\":3,\"name\":\"\u0411\u043e\u043a\u043e\u0432\u044b\u0435 \u0440\u0430\u043c\u044b \u0434\u043b\u044f \u0431\u0430\u0433\u0430\u0436\u043d\u0438\u043a\u0430 Thule Pack &#8216;n Pedal Side Frames\"}]},{\"@type\":\"WebSite\",\"@id\":\"https:\\\/\\\/dev.xstyle.md\\\/#website\",\"url\":\"https:\\\/\\\/dev.xstyle.md\\\/\",\"name\":\"\u041c\u0430\u0433\u0430\u0437\u0438\u043d Xstyle\",\"description\":\"C\u043d\u0430\u0440\u044f\u0436\u0435\u043d\u0438\u0435 \u0434\u043b\u044f \u0442\u0443\u0440\u0438\u0437\u043c\u0430 \u0438 \u044d\u043a\u0441\u0442\u0440\u0435\u043c\u0430\u043b\u044c\u043d\u044b\u0445 \u0432\u0438\u0434\u043e\u0432 \u0441\u043f\u043e\u0440\u0442\u0430 \u0432 \u041c\u043e\u043b\u0434\u043e\u0432\u0435.. \u0426\u0435\u043d\u044b, \u0444\u043e\u0442\u043e, \u0445\u0430\u0440\u0430\u043a\u0442\u0435\u0440\u0438\u0441\u0442\u0438\u043a\u0438 \u0432 \u041c\u043e\u043b\u0434\u043e\u0432\u0435.\",\"publisher\":{\"@id\":\"https:\\\/\\\/dev.xstyle.md\\\/#organization\"},\"alternateName\":\"X-Style\",\"potentialAction\":[{\"@type\":\"SearchAction\",\"target\":{\"@type\":\"EntryPoint\",\"urlTemplate\":\"https:\\\/\\\/dev.xstyle.md\\\/?s={search_term_string}\"},\"query-input\":{\"@type\":\"PropertyValueSpecification\",\"valueRequired\":true,\"valueName\":\"search_term_string\"}}],\"inLanguage\":\"ro-RO\"},{\"@type\":\"Organization\",\"@id\":\"https:\\\/\\\/dev.xstyle.md\\\/#organization\",\"name\":\"\u041c\u0430\u0433\u0430\u0437\u0438\u043d Xstyle\",\"alternateName\":\"x-style\",\"url\":\"https:\\\/\\\/dev.xstyle.md\\\/\",\"logo\":{\"@type\":\"ImageObject\",\"inLanguage\":\"ro-RO\",\"@id\":\"https:\\\/\\\/dev.xstyle.md\\\/#\\\/schema\\\/logo\\\/image\\\/\",\"url\":\"https:\\\/\\\/dev.xstyle.md\\\/wp-content\\\/uploads\\\/2020\\\/06\\\/logoicon.svg\",\"contentUrl\":\"https:\\\/\\\/dev.xstyle.md\\\/wp-content\\\/uploads\\\/2020\\\/06\\\/logoicon.svg\",\"caption\":\"\u041c\u0430\u0433\u0430\u0437\u0438\u043d Xstyle\"},\"image\":{\"@id\":\"https:\\\/\\\/dev.xstyle.md\\\/#\\\/schema\\\/logo\\\/image\\\/\"},\"sameAs\":[\"https:\\\/\\\/www.facebook.com\\\/xstylemd\",\"https:\\\/\\\/www.instagram.com\\\/xstyle_md\\\/\",\"https:\\\/\\\/t.me\\\/xstyle_outdoor\"],\"hasMerchantReturnPolicy\":{\"@type\":\"MerchantReturnPolicy\",\"merchantReturnLink\":\"https:\\\/\\\/dev.xstyle.md\\\/ro\\\/conditions\\\/\"}}]}<\/script>\n<meta property=\"product:price:amount\" content=\"695.00\" \/>\n<meta property=\"product:price:currency\" content=\"MDL\" \/>\n<meta property=\"og:availability\" content=\"instock\" \/>\n<meta property=\"product:availability\" content=\"instock\" \/>\n<meta property=\"product:retailer_item_id\" content=\"91021326866\" \/>\n<meta property=\"product:condition\" content=\"new\" \/>\n<!-- \/ Yoast SEO plugin. -->","yoast_head_json":{"title":"Rame laterale pentru suport de bagaje Thule Pack 'n Pedal Side Frames - Magazin Xstyle","description":"Ramele laterale Thule Pack 'n Pedal asigur\u0103 o fixare sigur\u0103 a bagajului. Montaj u\u0219or \u0219i compatibilitate cu majoritatea saco\u0219elor de biciclet\u0103. Ideal pentru excursii!","robots":{"index":"noindex","follow":"follow","max-snippet":"max-snippet:-1","max-image-preview":"max-image-preview:large","max-video-preview":"max-video-preview:-1"},"og_locale":"ro_RO","og_type":"article","og_title":"\u0411\u043e\u043a\u043e\u0432\u044b\u0435 \u0440\u0430\u043c\u044b \u0434\u043b\u044f \u0431\u0430\u0433\u0430\u0436\u043d\u0438\u043a\u0430 Thule Pack 'n Pedal Side Frames - \u041c\u0430\u0433\u0430\u0437\u0438\u043d Xstyle","og_description":"\u0411\u043e\u043a\u043e\u0432\u044b\u0435 \u0440\u0430\u043c\u044b Thule Pack 'n Pedal \u043e\u0431\u0435\u0441\u043f\u0435\u0447\u0438\u0432\u0430\u044e\u0442 \u043d\u0430\u0434\u0435\u0436\u043d\u0443\u044e \u0444\u0438\u043a\u0441\u0430\u0446\u0438\u044e \u0431\u0430\u0433\u0430\u0436\u0430. \u041b\u0435\u0433\u043a\u0438\u0439 \u043c\u043e\u043d\u0442\u0430\u0436 \u0438 \u0441\u043e\u0432\u043c\u0435\u0441\u0442\u0438\u043c\u043e\u0441\u0442\u044c \u0441 \u0431\u043e\u043b\u044c\u0448\u0438\u043d\u0441\u0442\u0432\u043e\u043c \u0432\u0435\u043b\u043e\u0441\u0443\u043c\u043e\u043a. \u0418\u0434\u0435\u0430\u043b\u044c\u043d\u043e \u0434\u043b\u044f \u043f\u043e\u0435\u0437\u0434\u043e\u043a!","og_url":"https:\/\/dev.xstyle.md\/ro\/produs\/bokovye-ramy-dlya-bagazhnika-thule-pack-n-pedal-side-frames\/","og_site_name":"\u041c\u0430\u0433\u0430\u0437\u0438\u043d Xstyle","article_publisher":"https:\/\/www.facebook.com\/xstylemd","article_modified_time":"2026-03-19T14:21:24+00:00","og_image":[{"width":500,"height":500,"url":"https:\/\/dev.xstyle.md\/wp-content\/uploads\/2024\/05\/thule-pack-n-pedal-side-frames.jpg","type":"image\/jpeg"}],"twitter_card":"summary_large_image","twitter_misc":{"Pre\u021b":"695,00&nbsp;MDL","Disponibilitate":"\u00cen stoc"},"schema":{"@context":"https:\/\/schema.org","@graph":[{"@type":"WebPage","@id":"https:\/\/dev.xstyle.md\/product\/bokovye-ramy-dlya-bagazhnika-thule-pack-n-pedal-side-frames\/","url":"https:\/\/dev.xstyle.md\/product\/bokovye-ramy-dlya-bagazhnika-thule-pack-n-pedal-side-frames\/","name":"Rame laterale pentru suport de bagaje Thule Pack 'n Pedal Side Frames - Magazin Xstyle","isPartOf":{"@id":"https:\/\/dev.xstyle.md\/#website"},"primaryImageOfPage":{"@id":"https:\/\/dev.xstyle.md\/product\/bokovye-ramy-dlya-bagazhnika-thule-pack-n-pedal-side-frames\/#primaryimage"},"image":{"@id":"https:\/\/dev.xstyle.md\/product\/bokovye-ramy-dlya-bagazhnika-thule-pack-n-pedal-side-frames\/#primaryimage"},"thumbnailUrl":"https:\/\/dev.xstyle.md\/wp-content\/uploads\/2024\/05\/thule-pack-n-pedal-side-frames.jpg","datePublished":"2024-05-24T08:00:00+00:00","dateModified":"2026-03-19T14:21:24+00:00","description":"Ramele laterale Thule Pack 'n Pedal asigur\u0103 o fixare sigur\u0103 a bagajului. Montaj u\u0219or \u0219i compatibilitate cu majoritatea saco\u0219elor de biciclet\u0103. Ideal pentru excursii!","breadcrumb":{"@id":"https:\/\/dev.xstyle.md\/product\/bokovye-ramy-dlya-bagazhnika-thule-pack-n-pedal-side-frames\/#breadcrumb"},"inLanguage":"ro-RO","potentialAction":[{"@type":"ReadAction","target":["https:\/\/dev.xstyle.md\/product\/bokovye-ramy-dlya-bagazhnika-thule-pack-n-pedal-side-frames\/"]}]},{"@type":"ImageObject","inLanguage":"ro-RO","@id":"https:\/\/dev.xstyle.md\/product\/bokovye-ramy-dlya-bagazhnika-thule-pack-n-pedal-side-frames\/#primaryimage","url":"https:\/\/dev.xstyle.md\/wp-content\/uploads\/2024\/05\/thule-pack-n-pedal-side-frames.jpg","contentUrl":"https:\/\/dev.xstyle.md\/wp-content\/uploads\/2024\/05\/thule-pack-n-pedal-side-frames.jpg","width":500,"height":500,"caption":"\u0411\u043e\u043a\u043e\u0432\u044b\u0435 \u0440\u0430\u043c\u044b \u0434\u043b\u044f \u0431\u0430\u0433\u0430\u0436\u043d\u0438\u043a\u0430 Thule Pack n Pedal \u0434\u043b\u044f \u0430\u043a\u0442\u0438\u0432\u043d\u043e\u0433\u043e \u043e\u0442\u0434\u044b\u0445\u0430, \u043f\u0443\u0442\u0435\u0448\u0435\u0441\u0442\u0432\u0438\u0439, \u0441\u043a\u0430\u043b\u043e\u043b\u0430\u0437\u0430\u043d\u0438\u044f \u0438 \u043f\u043e\u0445\u043e\u0434\u043e\u0432, \u044d\u043a\u0438\u043f\u0438\u0440\u043e\u0432\u043a\u0430 \u0434\u043b\u044f \u0441\u043f\u043e\u0440\u0442\u0438\u0432\u043d\u043e\u0439 \u043e\u0434\u0435\u0436\u0434\u044b \u0438 \u043e\u0431\u0443\u0432\u0438 \u0434\u043b\u044f \u0442\u0443\u0440\u0438\u0437\u043c\u0430"},{"@type":"BreadcrumbList","@id":"https:\/\/dev.xstyle.md\/product\/bokovye-ramy-dlya-bagazhnika-thule-pack-n-pedal-side-frames\/#breadcrumb","itemListElement":[{"@type":"ListItem","position":1,"name":"\u0413\u043b\u0430\u0432\u043d\u0430\u044f \u0441\u0442\u0440\u0430\u043d\u0438\u0446\u0430","item":"https:\/\/dev.xstyle.md\/"},{"@type":"ListItem","position":2,"name":"Shop","item":"https:\/\/dev.xstyle.md\/shop\/"},{"@type":"ListItem","position":3,"name":"\u0411\u043e\u043a\u043e\u0432\u044b\u0435 \u0440\u0430\u043c\u044b \u0434\u043b\u044f \u0431\u0430\u0433\u0430\u0436\u043d\u0438\u043a\u0430 Thule Pack &#8216;n Pedal Side Frames"}]},{"@type":"WebSite","@id":"https:\/\/dev.xstyle.md\/#website","url":"https:\/\/dev.xstyle.md\/","name":"Magazinul X-Style","description":"Echipamente pentru turism \u0219i sporturi extreme \u00een Moldova. Pre\u021buri, fotografii, caracteristici \u00een Moldova.","publisher":{"@id":"https:\/\/dev.xstyle.md\/#organization"},"alternateName":"X-Style","potentialAction":[{"@type":"SearchAction","target":{"@type":"EntryPoint","urlTemplate":"https:\/\/dev.xstyle.md\/?s={search_term_string}"},"query-input":{"@type":"PropertyValueSpecification","valueRequired":true,"valueName":"search_term_string"}}],"inLanguage":"ro-RO"},{"@type":"Organization","@id":"https:\/\/dev.xstyle.md\/#organization","name":"Magazinul X-Style","alternateName":"x-style","url":"https:\/\/dev.xstyle.md\/","logo":{"@type":"ImageObject","inLanguage":"ro-RO","@id":"https:\/\/dev.xstyle.md\/#\/schema\/logo\/image\/","url":"https:\/\/dev.xstyle.md\/wp-content\/uploads\/2020\/06\/logoicon.svg","contentUrl":"https:\/\/dev.xstyle.md\/wp-content\/uploads\/2020\/06\/logoicon.svg","caption":"\u041c\u0430\u0433\u0430\u0437\u0438\u043d Xstyle"},"image":{"@id":"https:\/\/dev.xstyle.md\/#\/schema\/logo\/image\/"},"sameAs":["https:\/\/www.facebook.com\/xstylemd","https:\/\/www.instagram.com\/xstyle_md\/","https:\/\/t.me\/xstyle_outdoor"],"hasMerchantReturnPolicy":{"@type":"MerchantReturnPolicy","merchantReturnLink":"https:\/\/dev.xstyle.md\/ro\/conditions\/"}}]},"product_price_amount":"695.00","product_price_currency":"MDL","og_availability":"instock","product_availability":"instock","product_retailer_item_id":"91021326866","product_condition":"new"},"post_mailing_queue_ids":[],"_links":{"self":[{"href":"https:\/\/dev.xstyle.md\/ro\/wp-json\/wp\/v2\/product\/83763","targetHints":{"allow":["GET"]}}],"collection":[{"href":"https:\/\/dev.xstyle.md\/ro\/wp-json\/wp\/v2\/product"}],"about":[{"href":"https:\/\/dev.xstyle.md\/ro\/wp-json\/wp\/v2\/types\/product"}],"replies":[{"embeddable":true,"href":"https:\/\/dev.xstyle.md\/ro\/wp-json\/wp\/v2\/comments?post=83763"}],"version-history":[{"count":0,"href":"https:\/\/dev.xstyle.md\/ro\/wp-json\/wp\/v2\/product\/83763\/revisions"}],"wp:featuredmedia":[{"embeddable":true,"href":"https:\/\/dev.xstyle.md\/ro\/wp-json\/wp\/v2\/media\/83782"}],"wp:attachment":[{"href":"https:\/\/dev.xstyle.md\/ro\/wp-json\/wp\/v2\/media?parent=83763"}],"wp:term":[{"taxonomy":"product_brand","embeddable":true,"href":"https:\/\/dev.xstyle.md\/ro\/wp-json\/wp\/v2\/product_brand?post=83763"},{"taxonomy":"product_cat","embeddable":true,"href":"https:\/\/dev.xstyle.md\/ro\/wp-json\/wp\/v2\/product_cat?post=83763"},{"taxonomy":"product_tag","embeddable":true,"href":"https:\/\/dev.xstyle.md\/ro\/wp-json\/wp\/v2\/product_tag?post=83763"}],"curies":[{"name":"wp","href":"https:\/\/api.w.org\/{rel}","templated":true}]}}