{"id":83762,"date":"2024-05-24T11:00:00","date_gmt":"2024-05-24T08:00:00","guid":{"rendered":"https:\/\/xstyle.md\/?post_type=product&#038;p=83762"},"modified":"2025-12-18T17:17:18","modified_gmt":"2025-12-18T14:17:18","slug":"komplekt-sumok-thule-compression-packing-cube-set-pond-gray","status":"publish","type":"product","link":"https:\/\/dev.xstyle.md\/ro\/produs\/komplekt-sumok-thule-compression-packing-cube-set-pond-gray\/","title":{"rendered":"Hus\u0103 Thule Compression Packing Cube Set Pond Gray"},"content":{"rendered":"<p><strong>Thule Compression Packing Cube Set Pond Gray<\/strong> &#8212; \u043a\u043e\u043c\u043f\u043b\u0435\u043a\u0442 \u043f\u0440\u043e\u0447\u043d\u044b\u0445 \u0441\u0443\u043c\u043e\u043a \u043c\u0430\u043b\u043e\u0433\u043e \u0438 \u0441\u0440\u0435\u0434\u043d\u0435\u0433\u043e \u0440\u0430\u0437\u043c\u0435\u0440\u043e\u0432 \u0434\u043b\u044f \u043a\u043e\u043c\u043f\u0440\u0435\u0441\u0441\u0438\u043e\u043d\u043d\u043e\u0439 \u0443\u043f\u0430\u043a\u043e\u0432\u043a\u0438 \u043f\u043e\u043c\u043e\u0436\u0435\u0442 \u0443\u043f\u0430\u043a\u043e\u0432\u0430\u0442\u044c \u0432\u0435\u0449\u0438 \u043c\u0430\u043a\u0441\u0438\u043c\u0430\u043b\u044c\u043d\u043e \u043a\u043e\u043c\u043f\u0430\u043a\u0442\u043d\u043e \u0438 \u043e\u0440\u0433\u0430\u043d\u0438\u0437\u043e\u0432\u0430\u043d\u043d\u043e.<\/p>\n<h3>Particularit\u0103\u021bi<\/h3>\n<ul>\n<li>\u0412\u043a\u043b\u044e\u0447\u0430\u0435\u0442 \u043e\u0434\u043d\u0443 \u043c\u0430\u043b\u0435\u043d\u044c\u043a\u0443\u044e \u0438 \u043e\u0434\u043d\u0443 \u0441\u0440\u0435\u0434\u043d\u044e\u044e \u0441\u0443\u043c\u043a\u0443 Thule Compression Packing Cube<\/li>\n<li><span class=\"paragraph\" data-original=\"\u041f\u0440\u043e\u0447\u043d\u0430\u044f \u043a\u043e\u043c\u043f\u0440\u0435\u0441\u0441\u0438\u043e\u043d\u043d\u0430\u044f \u043c\u043e\u043b\u043d\u0438\u044f \u043f\u043e\u0437\u0432\u043e\u043b\u044f\u0435\u0442 \u0443\u0434\u0430\u043b\u0438\u0442\u044c \u043b\u0438\u0448\u043d\u0438\u0439 \u0432\u043e\u0437\u0434\u0443\u0445 \u043c\u0435\u0436\u0434\u0443 \u0432\u0435\u0449\u0430\u043c\u0438, \u0447\u0442\u043e\u0431\u044b \u0432\u0437\u044f\u0442\u044c \u0441 \u0441\u043e\u0431\u043e\u0439 \u0431\u043e\u043b\u044c\u0448\u0435 \u043e\u0434\u0435\u0436\u0434\u044b\" data-withplaceholders=\"\">\u041f\u0440\u043e\u0447\u043d\u0430\u044f \u043a\u043e\u043c\u043f\u0440\u0435\u0441\u0441\u0438\u043e\u043d\u043d\u0430\u044f \u043c\u043e\u043b\u043d\u0438\u044f \u043f\u043e\u0437\u0432\u043e\u043b\u044f\u0435\u0442 \u0443\u0434\u0430\u043b\u0438\u0442\u044c \u043b\u0438\u0448\u043d\u0438\u0439 \u0432\u043e\u0437\u0434\u0443\u0445 \u043c\u0435\u0436\u0434\u0443 \u0432\u0435\u0449\u0430\u043c\u0438, \u0447\u0442\u043e\u0431\u044b \u0432\u0437\u044f\u0442\u044c \u0441 \u0441\u043e\u0431\u043e\u0439 \u0431\u043e\u043b\u044c\u0448\u0435 \u043e\u0434\u0435\u0436\u0434\u044b<\/span><\/li>\n<li>\u0411\u043b\u0430\u0433\u043e\u0434\u0430\u0440\u044f \u043f\u043e\u043b\u0443\u043f\u0440\u043e\u0437\u0440\u0430\u0447\u043d\u043e\u0439 \u0442\u043a\u0430\u043d\u0438 \u043c\u043e\u0436\u043d\u043e \u0432\u0438\u0434\u0435\u0442\u044c, \u0447\u0442\u043e \u043d\u0430\u0445\u043e\u0434\u0438\u0442\u0441\u044f \u0432 \u0437\u0430\u043a\u0440\u044b\u0442\u043e\u043c \u043e\u0442\u0434\u0435\u043b\u0435\u043d\u0438\u0438<\/li>\n<li>\u0420\u0430\u0437\u043c\u0435\u0440 \u043a\u043e\u043c\u043f\u043b\u0435\u043a\u0442\u0430 \u0441\u043e\u043e\u0442\u0432\u0435\u0442\u0441\u0442\u0432\u0443\u0435\u0442 \u0440\u0430\u0437\u043c\u0435\u0440\u0443 \u0440\u0443\u0447\u043d\u043e\u0439 \u043a\u043b\u0430\u0434\u0438, \u043f\u0440\u0438 \u044d\u0442\u043e\u043c \u043e\u0441\u0442\u0430\u0435\u0442\u0441\u044f \u0434\u043e\u043f\u043e\u043b\u043d\u0438\u0442\u0435\u043b\u044c\u043d\u043e\u0435 \u043c\u0435\u0441\u0442\u043e<\/li>\n<li>\u0421\u0443\u043c\u043a\u0438 \u043c\u0430\u043b\u043e\u0433\u043e \u0440\u0430\u0437\u043c\u0435\u0440\u0430 \u0438\u0434\u0435\u0430\u043b\u044c\u043d\u044b \u0434\u043b\u044f \u0445\u0440\u0430\u043d\u0435\u043d\u0438\u044f \u043d\u043e\u0441\u043a\u043e\u0432, \u043d\u0438\u0436\u043d\u0435\u0433\u043e \u0431\u0435\u043b\u044c\u044f \u0438 \u0444\u0443\u0442\u0431\u043e\u043b\u043e\u043a, \u0430 \u0441\u0443\u043c\u043a\u0438 \u0441\u0440\u0435\u0434\u043d\u0435\u0433\u043e \u0440\u0430\u0437\u043c\u0435\u0440\u0430\u00a0\u2014 \u0434\u043b\u044f \u0440\u0430\u0437\u043c\u0435\u0449\u0435\u043d\u0438\u044f \u0434\u0436\u0438\u043d\u0441\u043e\u0432, \u043b\u0435\u0433\u0433\u0438\u043d\u0441\u043e\u0432 \u0438 \u0440\u0443\u0431\u0430\u0448\u0435\u043a<\/li>\n<li>\n<div class=\"small-divider mt-5 mb-4\">\u041f\u0440\u043e\u0447\u043d\u044b\u0439 \u043d\u0435\u0439\u043b\u043e\u043d\u043e\u0432\u044b\u0439 \u043c\u0430\u0442\u0435\u0440\u0438\u0430\u043b \u0440\u0438\u043f\u0441\u0442\u043e\u043f \u043f\u043b\u043e\u0442\u043d\u043e\u0441\u0442\u044c\u044e 100 \u0434\u0435\u043d, \u0443\u0442\u0432\u0435\u0440\u0436\u0434\u0435\u043d\u043d\u044b\u0439 \u0441\u043e\u0433\u043b\u0430\u0441\u043d\u043e \u0441\u0442\u0430\u043d\u0434\u0430\u0440\u0442\u0443 bluesign\u00ae \u0438 \u043e\u043a\u0430\u0437\u044b\u0432\u0430\u044e\u0449\u0438\u0439 \u043c\u0438\u043d\u0438\u043c\u0430\u043b\u044c\u043d\u043e\u0435 \u0432\u043e\u0437\u0434\u0435\u0439\u0441\u0442\u0432\u0438\u0435 \u043d\u0430 \u043e\u043a\u0440\u0443\u0436\u0430\u044e\u0449\u0443\u044e \u0441\u0440\u0435\u0434\u0443, \u043e\u0431\u043b\u0430\u0434\u0430\u0435\u0442 \u0432\u043e\u0434\u043e\u043e\u0442\u0442\u0430\u043b\u043a\u0438\u0432\u0430\u044e\u0449\u0438\u043c\u0438 \u0441\u0432\u043e\u0439\u0441\u0442\u0432\u0430\u043c\u0438 \u0438 \u043e\u0431\u0435\u0441\u043f\u0435\u0447\u0438\u0432\u0430\u0435\u0442 \u044d\u043a\u0441\u043f\u043b\u0443\u0430\u0442\u0430\u0446\u0438\u044e \u0438\u0437\u0434\u0435\u043b\u0438\u044f \u0432 \u0442\u0435\u0447\u0435\u043d\u0438\u0435 \u043c\u043d\u043e\u0433\u0438\u0445 \u043b\u0435\u0442<\/div>\n<\/li>\n<li>\u0411\u043b\u0430\u0433\u043e\u0434\u0430\u0440\u044f \u0442\u043a\u0430\u043d\u043e\u0439 \u0440\u0443\u0447\u043a\u0435 \u0441\u0443\u043c\u043a\u0443 \u043b\u0435\u0433\u043a\u043e \u043d\u043e\u0441\u0438\u0442\u044c \u0438 \u0432\u0435\u0448\u0430\u0442\u044c<\/li>\n<li>\u0412\u044b\u0441\u043e\u043a\u043e\u043a\u0430\u0447\u0435\u0441\u0442\u0432\u0435\u043d\u043d\u044b\u0435 \u043c\u043e\u043b\u043d\u0438\u0438 YKK \u0441\u043f\u043e\u0441\u043e\u0431\u0441\u0442\u0432\u0443\u044e\u0442 \u0434\u043b\u0438\u0442\u0435\u043b\u044c\u043d\u043e\u0439 \u044d\u043a\u0441\u043f\u043b\u0443\u0430\u0442\u0430\u0446\u0438\u0438<\/li>\n<\/ul>\n<h3>Caracteristici<\/h3>\n<ul>\n<li>Material - nailon<\/li>\n<li class=\"heading6\">\u0412\u0435\u0441 &#8212; 0.21 \u043a\u0433<\/li>\n<\/ul>\n<h3>Complecta\u021bia<\/h3>\n<ul>\n<li>\u00a0Thule Compression Packing Cube Small<br \/>\n&#8212; \u0432 \u0440\u0430\u0437\u043b\u043e\u0436\u0435\u043d\u043d\u043e\u043c \u0432\u0438\u0434\u0435: 26 x 18 x 11 \u0441\u043c<br \/>\n&#8212; \u0432 \u0441\u043b\u043e\u0436\u0435\u043d\u043d\u043e\u043c \u0432\u0438\u0434\u0435: 25 x 18 x 3 \u0441\u043c<\/li>\n<li>Thule Compression Packing Cube Medium<br \/>\n&#8212; \u0432 \u0440\u0430\u0437\u043b\u043e\u0436\u0435\u043d\u043d\u043e\u043c \u0432\u0438\u0434\u0435: 36 x 25 x 15 \u0441\u043c<br \/>\n&#8212; \u0432 \u0441\u043b\u043e\u0436\u0435\u043d\u043d\u043e\u043c \u0432\u0438\u0434\u0435: 34 x 23 x 3 \u0441\u043c<\/li>\n<\/ul>\n<h3>Marca<\/h3>\n<p>THULE - este o companie interna\u021bional\u0103 de top, recunoscut\u0103 la nivel mondial ca produc\u0103tor de top de sisteme de bagaje \u0219i cutii auto. THULE produce produse premium renumite pentru calitatea lor de neegalat, siguran\u021b\u0103, u\u0219urin\u021b\u0103 \u00een utilizare \u0219i design elegant. Produsele THULE sunt potrivite pentru persoanele care se bucur\u0103 de activit\u0103\u021bi \u00een aer liber, sunt pasionate de sport, c\u0103l\u0103toresc mult \u0219i apreciaz\u0103 solu\u021biile bine g\u00e2ndite.<\/p>","protected":false},"excerpt":{"rendered":"<p>Thule Compression Packing Cube Set Pond Gray &#8212; \u043a\u043e\u043c\u043f\u043b\u0435\u043a\u0442 \u043f\u0440\u043e\u0447\u043d\u044b\u0445 \u0441\u0443\u043c\u043e\u043a \u043c\u0430\u043b\u043e\u0433\u043e \u0438 \u0441\u0440\u0435\u0434\u043d\u0435\u0433\u043e \u0440\u0430\u0437\u043c\u0435\u0440\u043e\u0432 \u0434\u043b\u044f \u043a\u043e\u043c\u043f\u0440\u0435\u0441\u0441\u0438\u043e\u043d\u043d\u043e\u0439 \u0443\u043f\u0430\u043a\u043e\u0432\u043a\u0438 \u043f\u043e\u043c\u043e\u0436\u0435\u0442 \u0443\u043f\u0430\u043a\u043e\u0432\u0430\u0442\u044c<\/p>","protected":false},"featured_media":83789,"comment_status":"open","ping_status":"closed","template":"","meta":{"_acf_changed":false,"inline_featured_image":false},"product_brand":[1269],"product_cat":[862],"product_tag":[],"class_list":{"0":"post-83762","1":"product","2":"type-product","3":"status-publish","4":"has-post-thumbnail","6":"product_brand-thule","7":"product_cat-packing-backpack","9":"first","10":"instock","11":"shipping-taxable","12":"purchasable","13":"product-type-simple"},"acf":[],"yoast_head":"<!-- This site is optimized with the Yoast SEO plugin v27.5 - https:\/\/yoast.com\/product\/yoast-seo-wordpress\/ -->\n<title>\u041a\u043e\u043c\u043f\u043b\u0435\u043a\u0442 \u0441\u0443\u043c\u043e\u043a Thule Compression Packing Cube Set Pond Gray - \u041c\u0430\u0433\u0430\u0437\u0438\u043d Xstyle<\/title>\n<meta name=\"description\" content=\"\u041a\u043e\u043c\u043f\u043b\u0435\u043a\u0442 \u0441\u0443\u043c\u043e\u043a Thule Compression Packing Cube Set Pond Gray \u0438\u0434\u0435\u0430\u043b\u044c\u043d\u043e \u043f\u043e\u0434\u0445\u043e\u0434\u0438\u0442 \u0434\u043b\u044f \u043e\u0440\u0433\u0430\u043d\u0438\u0437\u0430\u0446\u0438\u0438 \u0432\u0430\u0448\u0435\u0433\u043e \u0431\u0430\u0433\u0430\u0436\u0430. \u0412\u044b\u0441\u043e\u043a\u043e\u043a\u0430\u0447\u0435\u0441\u0442\u0432\u0435\u043d\u043d\u044b\u0435 \u043c\u0430\u0442\u0435\u0440\u0438\u0430\u043b\u044b, \u0443\u0434\u043e\u0431\u043d\u044b\u0435 \u0440\u0430\u0437\u043c\u0435\u0440\u044b.\" \/>\n<meta name=\"robots\" content=\"noindex, follow, max-snippet:-1, max-image-preview:large, max-video-preview:-1\" \/>\n<meta property=\"og:locale\" content=\"ro_RO\" \/>\n<meta property=\"og:type\" content=\"article\" \/>\n<meta property=\"og:title\" content=\"\u041a\u043e\u043c\u043f\u043b\u0435\u043a\u0442 \u0441\u0443\u043c\u043e\u043a Thule Compression Packing Cube Set Pond Gray - \u041c\u0430\u0433\u0430\u0437\u0438\u043d Xstyle\" \/>\n<meta property=\"og:description\" content=\"\u041a\u043e\u043c\u043f\u043b\u0435\u043a\u0442 \u0441\u0443\u043c\u043e\u043a Thule Compression Packing Cube Set Pond Gray \u0438\u0434\u0435\u0430\u043b\u044c\u043d\u043e \u043f\u043e\u0434\u0445\u043e\u0434\u0438\u0442 \u0434\u043b\u044f \u043e\u0440\u0433\u0430\u043d\u0438\u0437\u0430\u0446\u0438\u0438 \u0432\u0430\u0448\u0435\u0433\u043e \u0431\u0430\u0433\u0430\u0436\u0430. \u0412\u044b\u0441\u043e\u043a\u043e\u043a\u0430\u0447\u0435\u0441\u0442\u0432\u0435\u043d\u043d\u044b\u0435 \u043c\u0430\u0442\u0435\u0440\u0438\u0430\u043b\u044b, \u0443\u0434\u043e\u0431\u043d\u044b\u0435 \u0440\u0430\u0437\u043c\u0435\u0440\u044b.\" \/>\n<meta property=\"og:url\" content=\"https:\/\/dev.xstyle.md\/ro\/produs\/komplekt-sumok-thule-compression-packing-cube-set-pond-gray\/\" \/>\n<meta property=\"og:site_name\" content=\"\u041c\u0430\u0433\u0430\u0437\u0438\u043d Xstyle\" \/>\n<meta property=\"article:publisher\" content=\"https:\/\/www.facebook.com\/xstylemd\" \/>\n<meta property=\"article:modified_time\" content=\"2025-12-18T14:17:18+00:00\" \/>\n<meta property=\"og:image\" content=\"https:\/\/dev.xstyle.md\/wp-content\/uploads\/2024\/05\/thule-compression-packing-cube-set-pond-gray.jpg\" \/>\n\t<meta property=\"og:image:width\" content=\"500\" \/>\n\t<meta property=\"og:image:height\" content=\"500\" \/>\n\t<meta property=\"og:image:type\" content=\"image\/jpeg\" \/>\n<meta name=\"twitter:card\" content=\"summary_large_image\" \/>\n<meta name=\"twitter:label1\" content=\"Pre\u021b\" \/>\n\t<meta name=\"twitter:data1\" content=\"795,00&nbsp;MDL\" \/>\n\t<meta name=\"twitter:label2\" content=\"Disponibilitate\" \/>\n\t<meta name=\"twitter:data2\" content=\"\u00cen stoc\" \/>\n<script type=\"application\/ld+json\" class=\"yoast-schema-graph\">{\"@context\":\"https:\\\/\\\/schema.org\",\"@graph\":[{\"@type\":\"WebPage\",\"@id\":\"https:\\\/\\\/dev.xstyle.md\\\/product\\\/komplekt-sumok-thule-compression-packing-cube-set-pond-gray\\\/\",\"url\":\"https:\\\/\\\/dev.xstyle.md\\\/product\\\/komplekt-sumok-thule-compression-packing-cube-set-pond-gray\\\/\",\"name\":\"\u041a\u043e\u043c\u043f\u043b\u0435\u043a\u0442 \u0441\u0443\u043c\u043e\u043a Thule Compression Packing Cube Set Pond Gray - \u041c\u0430\u0433\u0430\u0437\u0438\u043d Xstyle\",\"isPartOf\":{\"@id\":\"https:\\\/\\\/dev.xstyle.md\\\/#website\"},\"primaryImageOfPage\":{\"@id\":\"https:\\\/\\\/dev.xstyle.md\\\/product\\\/komplekt-sumok-thule-compression-packing-cube-set-pond-gray\\\/#primaryimage\"},\"image\":{\"@id\":\"https:\\\/\\\/dev.xstyle.md\\\/product\\\/komplekt-sumok-thule-compression-packing-cube-set-pond-gray\\\/#primaryimage\"},\"thumbnailUrl\":\"https:\\\/\\\/dev.xstyle.md\\\/wp-content\\\/uploads\\\/2024\\\/05\\\/thule-compression-packing-cube-set-pond-gray.jpg\",\"datePublished\":\"2024-05-24T08:00:00+00:00\",\"dateModified\":\"2025-12-18T14:17:18+00:00\",\"description\":\"\u041a\u043e\u043c\u043f\u043b\u0435\u043a\u0442 \u0441\u0443\u043c\u043e\u043a Thule Compression Packing Cube Set Pond Gray \u0438\u0434\u0435\u0430\u043b\u044c\u043d\u043e \u043f\u043e\u0434\u0445\u043e\u0434\u0438\u0442 \u0434\u043b\u044f \u043e\u0440\u0433\u0430\u043d\u0438\u0437\u0430\u0446\u0438\u0438 \u0432\u0430\u0448\u0435\u0433\u043e \u0431\u0430\u0433\u0430\u0436\u0430. \u0412\u044b\u0441\u043e\u043a\u043e\u043a\u0430\u0447\u0435\u0441\u0442\u0432\u0435\u043d\u043d\u044b\u0435 \u043c\u0430\u0442\u0435\u0440\u0438\u0430\u043b\u044b, \u0443\u0434\u043e\u0431\u043d\u044b\u0435 \u0440\u0430\u0437\u043c\u0435\u0440\u044b.\",\"breadcrumb\":{\"@id\":\"https:\\\/\\\/dev.xstyle.md\\\/product\\\/komplekt-sumok-thule-compression-packing-cube-set-pond-gray\\\/#breadcrumb\"},\"inLanguage\":\"ro-RO\",\"potentialAction\":[{\"@type\":\"ReadAction\",\"target\":[\"https:\\\/\\\/dev.xstyle.md\\\/product\\\/komplekt-sumok-thule-compression-packing-cube-set-pond-gray\\\/\"]}]},{\"@type\":\"ImageObject\",\"inLanguage\":\"ro-RO\",\"@id\":\"https:\\\/\\\/dev.xstyle.md\\\/product\\\/komplekt-sumok-thule-compression-packing-cube-set-pond-gray\\\/#primaryimage\",\"url\":\"https:\\\/\\\/dev.xstyle.md\\\/wp-content\\\/uploads\\\/2024\\\/05\\\/thule-compression-packing-cube-set-pond-gray.jpg\",\"contentUrl\":\"https:\\\/\\\/dev.xstyle.md\\\/wp-content\\\/uploads\\\/2024\\\/05\\\/thule-compression-packing-cube-set-pond-gray.jpg\",\"width\":500,\"height\":500,\"caption\":\"\u041a\u043e\u043c\u043f\u043b\u0435\u043a\u0442 \u0441\u0443\u043c\u043e\u043a Thule Compression Packing Cube Set Pond Gray \u0434\u043b\u044f \u0430\u043a\u0442\u0438\u0432\u043d\u043e\u0433\u043e \u043e\u0442\u0434\u044b\u0445\u0430 \u0438 \u043f\u0443\u0442\u0435\u0448\u0435\u0441\u0442\u0432\u0438\u0439, \u0441\u043f\u043e\u0440\u0442\u0438\u0432\u043d\u043e\u0439 \u043e\u0434\u0435\u0436\u0434\u044b \u0438 \u043e\u0431\u0443\u0432\u0438, \u043f\u043e\u0445\u043e\u0434\u043e\u0432 \u0438 \u0430\u043b\u044c\u043f\u0438\u043d\u0438\u0437\u043c\u0430 \u0432 \u043e\u043d\u043b\u0430\u0439\u043d \u043c\u0430\u0433\u0430\u0437\u0438\u043d\u0435\"},{\"@type\":\"BreadcrumbList\",\"@id\":\"https:\\\/\\\/dev.xstyle.md\\\/product\\\/komplekt-sumok-thule-compression-packing-cube-set-pond-gray\\\/#breadcrumb\",\"itemListElement\":[{\"@type\":\"ListItem\",\"position\":1,\"name\":\"\u0413\u043b\u0430\u0432\u043d\u0430\u044f \u0441\u0442\u0440\u0430\u043d\u0438\u0446\u0430\",\"item\":\"https:\\\/\\\/dev.xstyle.md\\\/\"},{\"@type\":\"ListItem\",\"position\":2,\"name\":\"Shop\",\"item\":\"https:\\\/\\\/dev.xstyle.md\\\/shop\\\/\"},{\"@type\":\"ListItem\",\"position\":3,\"name\":\"\u041a\u043e\u043c\u043f\u043b\u0435\u043a\u0442 \u0441\u0443\u043c\u043e\u043a Thule Compression Packing Cube Set Pond Gray\"}]},{\"@type\":\"WebSite\",\"@id\":\"https:\\\/\\\/dev.xstyle.md\\\/#website\",\"url\":\"https:\\\/\\\/dev.xstyle.md\\\/\",\"name\":\"\u041c\u0430\u0433\u0430\u0437\u0438\u043d Xstyle\",\"description\":\"C\u043d\u0430\u0440\u044f\u0436\u0435\u043d\u0438\u0435 \u0434\u043b\u044f \u0442\u0443\u0440\u0438\u0437\u043c\u0430 \u0438 \u044d\u043a\u0441\u0442\u0440\u0435\u043c\u0430\u043b\u044c\u043d\u044b\u0445 \u0432\u0438\u0434\u043e\u0432 \u0441\u043f\u043e\u0440\u0442\u0430 \u0432 \u041c\u043e\u043b\u0434\u043e\u0432\u0435.. \u0426\u0435\u043d\u044b, \u0444\u043e\u0442\u043e, \u0445\u0430\u0440\u0430\u043a\u0442\u0435\u0440\u0438\u0441\u0442\u0438\u043a\u0438 \u0432 \u041c\u043e\u043b\u0434\u043e\u0432\u0435.\",\"publisher\":{\"@id\":\"https:\\\/\\\/dev.xstyle.md\\\/#organization\"},\"alternateName\":\"X-Style\",\"potentialAction\":[{\"@type\":\"SearchAction\",\"target\":{\"@type\":\"EntryPoint\",\"urlTemplate\":\"https:\\\/\\\/dev.xstyle.md\\\/?s={search_term_string}\"},\"query-input\":{\"@type\":\"PropertyValueSpecification\",\"valueRequired\":true,\"valueName\":\"search_term_string\"}}],\"inLanguage\":\"ro-RO\"},{\"@type\":\"Organization\",\"@id\":\"https:\\\/\\\/dev.xstyle.md\\\/#organization\",\"name\":\"\u041c\u0430\u0433\u0430\u0437\u0438\u043d Xstyle\",\"alternateName\":\"x-style\",\"url\":\"https:\\\/\\\/dev.xstyle.md\\\/\",\"logo\":{\"@type\":\"ImageObject\",\"inLanguage\":\"ro-RO\",\"@id\":\"https:\\\/\\\/dev.xstyle.md\\\/#\\\/schema\\\/logo\\\/image\\\/\",\"url\":\"https:\\\/\\\/dev.xstyle.md\\\/wp-content\\\/uploads\\\/2020\\\/06\\\/logoicon.svg\",\"contentUrl\":\"https:\\\/\\\/dev.xstyle.md\\\/wp-content\\\/uploads\\\/2020\\\/06\\\/logoicon.svg\",\"caption\":\"\u041c\u0430\u0433\u0430\u0437\u0438\u043d Xstyle\"},\"image\":{\"@id\":\"https:\\\/\\\/dev.xstyle.md\\\/#\\\/schema\\\/logo\\\/image\\\/\"},\"sameAs\":[\"https:\\\/\\\/www.facebook.com\\\/xstylemd\",\"https:\\\/\\\/www.instagram.com\\\/xstyle_md\\\/\",\"https:\\\/\\\/t.me\\\/xstyle_outdoor\"],\"hasMerchantReturnPolicy\":{\"@type\":\"MerchantReturnPolicy\",\"merchantReturnLink\":\"https:\\\/\\\/dev.xstyle.md\\\/ro\\\/conditions\\\/\"}}]}<\/script>\n<meta property=\"product:price:amount\" content=\"795.00\" \/>\n<meta property=\"product:price:currency\" content=\"MDL\" \/>\n<meta property=\"og:availability\" content=\"instock\" \/>\n<meta property=\"product:availability\" content=\"instock\" \/>\n<meta property=\"product:retailer_item_id\" content=\"85854256452\" \/>\n<meta property=\"product:condition\" content=\"new\" \/>\n<!-- \/ Yoast SEO plugin. -->","yoast_head_json":{"title":"Set de saci de compresie Thule Compression Packing Cube Pond Gray - Magazin Xstyle","description":"Setul de gen\u021bi Thule Compression Packing Cube Set Pond Gray este perfect pentru organizarea bagajului dumneavoastr\u0103. Materiale de \u00eenalt\u0103 calitate, dimensiuni convenabile.","robots":{"index":"noindex","follow":"follow","max-snippet":"max-snippet:-1","max-image-preview":"max-image-preview:large","max-video-preview":"max-video-preview:-1"},"og_locale":"ro_RO","og_type":"article","og_title":"\u041a\u043e\u043c\u043f\u043b\u0435\u043a\u0442 \u0441\u0443\u043c\u043e\u043a Thule Compression Packing Cube Set Pond Gray - \u041c\u0430\u0433\u0430\u0437\u0438\u043d Xstyle","og_description":"\u041a\u043e\u043c\u043f\u043b\u0435\u043a\u0442 \u0441\u0443\u043c\u043e\u043a Thule Compression Packing Cube Set Pond Gray \u0438\u0434\u0435\u0430\u043b\u044c\u043d\u043e \u043f\u043e\u0434\u0445\u043e\u0434\u0438\u0442 \u0434\u043b\u044f \u043e\u0440\u0433\u0430\u043d\u0438\u0437\u0430\u0446\u0438\u0438 \u0432\u0430\u0448\u0435\u0433\u043e \u0431\u0430\u0433\u0430\u0436\u0430. \u0412\u044b\u0441\u043e\u043a\u043e\u043a\u0430\u0447\u0435\u0441\u0442\u0432\u0435\u043d\u043d\u044b\u0435 \u043c\u0430\u0442\u0435\u0440\u0438\u0430\u043b\u044b, \u0443\u0434\u043e\u0431\u043d\u044b\u0435 \u0440\u0430\u0437\u043c\u0435\u0440\u044b.","og_url":"https:\/\/dev.xstyle.md\/ro\/produs\/komplekt-sumok-thule-compression-packing-cube-set-pond-gray\/","og_site_name":"\u041c\u0430\u0433\u0430\u0437\u0438\u043d Xstyle","article_publisher":"https:\/\/www.facebook.com\/xstylemd","article_modified_time":"2025-12-18T14:17:18+00:00","og_image":[{"width":500,"height":500,"url":"https:\/\/dev.xstyle.md\/wp-content\/uploads\/2024\/05\/thule-compression-packing-cube-set-pond-gray.jpg","type":"image\/jpeg"}],"twitter_card":"summary_large_image","twitter_misc":{"Pre\u021b":"795,00&nbsp;MDL","Disponibilitate":"\u00cen stoc"},"schema":{"@context":"https:\/\/schema.org","@graph":[{"@type":"WebPage","@id":"https:\/\/dev.xstyle.md\/product\/komplekt-sumok-thule-compression-packing-cube-set-pond-gray\/","url":"https:\/\/dev.xstyle.md\/product\/komplekt-sumok-thule-compression-packing-cube-set-pond-gray\/","name":"Set de saci de compresie Thule Compression Packing Cube Pond Gray - Magazin Xstyle","isPartOf":{"@id":"https:\/\/dev.xstyle.md\/#website"},"primaryImageOfPage":{"@id":"https:\/\/dev.xstyle.md\/product\/komplekt-sumok-thule-compression-packing-cube-set-pond-gray\/#primaryimage"},"image":{"@id":"https:\/\/dev.xstyle.md\/product\/komplekt-sumok-thule-compression-packing-cube-set-pond-gray\/#primaryimage"},"thumbnailUrl":"https:\/\/dev.xstyle.md\/wp-content\/uploads\/2024\/05\/thule-compression-packing-cube-set-pond-gray.jpg","datePublished":"2024-05-24T08:00:00+00:00","dateModified":"2025-12-18T14:17:18+00:00","description":"Setul de gen\u021bi Thule Compression Packing Cube Set Pond Gray este perfect pentru organizarea bagajului dumneavoastr\u0103. Materiale de \u00eenalt\u0103 calitate, dimensiuni convenabile.","breadcrumb":{"@id":"https:\/\/dev.xstyle.md\/product\/komplekt-sumok-thule-compression-packing-cube-set-pond-gray\/#breadcrumb"},"inLanguage":"ro-RO","potentialAction":[{"@type":"ReadAction","target":["https:\/\/dev.xstyle.md\/product\/komplekt-sumok-thule-compression-packing-cube-set-pond-gray\/"]}]},{"@type":"ImageObject","inLanguage":"ro-RO","@id":"https:\/\/dev.xstyle.md\/product\/komplekt-sumok-thule-compression-packing-cube-set-pond-gray\/#primaryimage","url":"https:\/\/dev.xstyle.md\/wp-content\/uploads\/2024\/05\/thule-compression-packing-cube-set-pond-gray.jpg","contentUrl":"https:\/\/dev.xstyle.md\/wp-content\/uploads\/2024\/05\/thule-compression-packing-cube-set-pond-gray.jpg","width":500,"height":500,"caption":"\u041a\u043e\u043c\u043f\u043b\u0435\u043a\u0442 \u0441\u0443\u043c\u043e\u043a Thule Compression Packing Cube Set Pond Gray \u0434\u043b\u044f \u0430\u043a\u0442\u0438\u0432\u043d\u043e\u0433\u043e \u043e\u0442\u0434\u044b\u0445\u0430 \u0438 \u043f\u0443\u0442\u0435\u0448\u0435\u0441\u0442\u0432\u0438\u0439, \u0441\u043f\u043e\u0440\u0442\u0438\u0432\u043d\u043e\u0439 \u043e\u0434\u0435\u0436\u0434\u044b \u0438 \u043e\u0431\u0443\u0432\u0438, \u043f\u043e\u0445\u043e\u0434\u043e\u0432 \u0438 \u0430\u043b\u044c\u043f\u0438\u043d\u0438\u0437\u043c\u0430 \u0432 \u043e\u043d\u043b\u0430\u0439\u043d \u043c\u0430\u0433\u0430\u0437\u0438\u043d\u0435"},{"@type":"BreadcrumbList","@id":"https:\/\/dev.xstyle.md\/product\/komplekt-sumok-thule-compression-packing-cube-set-pond-gray\/#breadcrumb","itemListElement":[{"@type":"ListItem","position":1,"name":"\u0413\u043b\u0430\u0432\u043d\u0430\u044f \u0441\u0442\u0440\u0430\u043d\u0438\u0446\u0430","item":"https:\/\/dev.xstyle.md\/"},{"@type":"ListItem","position":2,"name":"Shop","item":"https:\/\/dev.xstyle.md\/shop\/"},{"@type":"ListItem","position":3,"name":"\u041a\u043e\u043c\u043f\u043b\u0435\u043a\u0442 \u0441\u0443\u043c\u043e\u043a Thule Compression Packing Cube Set Pond Gray"}]},{"@type":"WebSite","@id":"https:\/\/dev.xstyle.md\/#website","url":"https:\/\/dev.xstyle.md\/","name":"Magazinul X-Style","description":"Echipamente pentru turism \u0219i sporturi extreme \u00een Moldova. Pre\u021buri, fotografii, caracteristici \u00een Moldova.","publisher":{"@id":"https:\/\/dev.xstyle.md\/#organization"},"alternateName":"X-Style","potentialAction":[{"@type":"SearchAction","target":{"@type":"EntryPoint","urlTemplate":"https:\/\/dev.xstyle.md\/?s={search_term_string}"},"query-input":{"@type":"PropertyValueSpecification","valueRequired":true,"valueName":"search_term_string"}}],"inLanguage":"ro-RO"},{"@type":"Organization","@id":"https:\/\/dev.xstyle.md\/#organization","name":"Magazinul X-Style","alternateName":"x-style","url":"https:\/\/dev.xstyle.md\/","logo":{"@type":"ImageObject","inLanguage":"ro-RO","@id":"https:\/\/dev.xstyle.md\/#\/schema\/logo\/image\/","url":"https:\/\/dev.xstyle.md\/wp-content\/uploads\/2020\/06\/logoicon.svg","contentUrl":"https:\/\/dev.xstyle.md\/wp-content\/uploads\/2020\/06\/logoicon.svg","caption":"\u041c\u0430\u0433\u0430\u0437\u0438\u043d Xstyle"},"image":{"@id":"https:\/\/dev.xstyle.md\/#\/schema\/logo\/image\/"},"sameAs":["https:\/\/www.facebook.com\/xstylemd","https:\/\/www.instagram.com\/xstyle_md\/","https:\/\/t.me\/xstyle_outdoor"],"hasMerchantReturnPolicy":{"@type":"MerchantReturnPolicy","merchantReturnLink":"https:\/\/dev.xstyle.md\/ro\/conditions\/"}}]},"product_price_amount":"795.00","product_price_currency":"MDL","og_availability":"instock","product_availability":"instock","product_retailer_item_id":"85854256452","product_condition":"new"},"post_mailing_queue_ids":[],"_links":{"self":[{"href":"https:\/\/dev.xstyle.md\/ro\/wp-json\/wp\/v2\/product\/83762","targetHints":{"allow":["GET"]}}],"collection":[{"href":"https:\/\/dev.xstyle.md\/ro\/wp-json\/wp\/v2\/product"}],"about":[{"href":"https:\/\/dev.xstyle.md\/ro\/wp-json\/wp\/v2\/types\/product"}],"replies":[{"embeddable":true,"href":"https:\/\/dev.xstyle.md\/ro\/wp-json\/wp\/v2\/comments?post=83762"}],"version-history":[{"count":0,"href":"https:\/\/dev.xstyle.md\/ro\/wp-json\/wp\/v2\/product\/83762\/revisions"}],"wp:featuredmedia":[{"embeddable":true,"href":"https:\/\/dev.xstyle.md\/ro\/wp-json\/wp\/v2\/media\/83789"}],"wp:attachment":[{"href":"https:\/\/dev.xstyle.md\/ro\/wp-json\/wp\/v2\/media?parent=83762"}],"wp:term":[{"taxonomy":"product_brand","embeddable":true,"href":"https:\/\/dev.xstyle.md\/ro\/wp-json\/wp\/v2\/product_brand?post=83762"},{"taxonomy":"product_cat","embeddable":true,"href":"https:\/\/dev.xstyle.md\/ro\/wp-json\/wp\/v2\/product_cat?post=83762"},{"taxonomy":"product_tag","embeddable":true,"href":"https:\/\/dev.xstyle.md\/ro\/wp-json\/wp\/v2\/product_tag?post=83762"}],"curies":[{"name":"wp","href":"https:\/\/api.w.org\/{rel}","templated":true}]}}