{"id":83729,"date":"2024-05-24T10:59:52","date_gmt":"2024-05-24T07:59:52","guid":{"rendered":"https:\/\/xstyle.md\/?post_type=product&#038;p=83729"},"modified":"2026-03-04T12:36:23","modified_gmt":"2026-03-04T09:36:23","slug":"shtany-ternua-tile-jr-whales-grey-black","status":"publish","type":"product","link":"https:\/\/dev.xstyle.md\/ro\/produs\/shtany-ternua-tile-jr-whales-grey-black\/","title":{"rendered":"Pantaloni pentru copii Ternua Tile JR whales grey\/black"},"content":{"rendered":"<p><strong>Ternua Tile JR<\/strong> &#8212; \u0434\u0435\u0442\u0441\u043a\u0438\u0435 \u0431\u0440\u044e\u043a\u0438 \u043e\u0442\u043b\u0438\u0447\u043d\u043e \u043f\u043e\u0434\u043e\u0439\u0434\u0443\u0442 \u0434\u043b\u044f \u0432\u043e\u0441\u0445\u043e\u0436\u0434\u0435\u043d\u0438\u0439, \u0442\u0440\u0435\u043a\u043a\u0438\u043d\u0433\u0430 \u0438 \u0434\u0440\u0443\u0433\u0438\u0445 \u0432\u0438\u0434\u043e\u0432 \u0430\u043a\u0442\u0438\u0432\u043d\u043e\u0441\u0442\u0438, \u0433\u0434\u0435 \u043f\u0440\u043e\u0447\u043d\u043e\u0441\u0442\u044c \u0438 \u0438\u0437\u043d\u043e\u0441\u043e\u0443\u0441\u0442\u043e\u0439\u0447\u0438\u0432\u043e\u0441\u0442\u044c &#8212; \u043d\u0435 \u043f\u0443\u0441\u0442\u044b\u0435 \u0441\u043b\u043e\u0432\u0430. \u041f\u0440\u043e\u0441\u0442\u0430\u044f \u0438 \u043b\u0430\u043a\u043e\u043d\u0438\u0447\u043d\u0430\u044f \u043a\u043e\u043d\u0441\u0442\u0440\u0443\u043a\u0446\u0438\u044f \u0431\u0435\u0437 \u043b\u0438\u0448\u043d\u0438\u0445 \u044d\u043b\u0435\u043c\u0435\u043d\u0442\u043e\u0432 \u0434\u043b\u044f \u0443\u0434\u043e\u0431\u0441\u0442\u0432\u0430 \u0438\u0441\u043f\u043e\u043b\u044c\u0437\u043e\u0432\u0430\u043d\u0438\u044f \u0441 \u0430\u043b\u044c\u043f\u0438\u043d\u0438\u0441\u0442\u0441\u043a\u043e\u0439 \u043e\u0431\u0432\u044f\u0437\u043a\u043e\u0439 \u0438 \u0440\u044e\u043a\u0437\u0430\u043a\u043e\u043c.<\/p>\n<p>\u0418\u0437\u0433\u043e\u0442\u043e\u0432\u043b\u0435\u043d\u043d\u044b\u0435 \u0438\u0437 \u044d\u043a\u043e\u043b\u043e\u0433\u0438\u0447\u043d\u043e\u0433\u043e \u043c\u0430\u0442\u0435\u0440\u0438\u0430\u043b\u0430 ShellStretch, \u043e\u0441\u043d\u043e\u0432\u0430\u043d\u043d\u043e\u0433\u043e \u043d\u0430 \u043f\u0435\u0440\u0435\u0440\u0430\u0431\u043e\u0442\u0430\u043d\u043d\u043e\u043c \u0431\u0438\u044d\u043b\u0430\u0441\u0442\u0438\u0447\u043d\u043e\u043c \u043f\u043e\u043b\u0438\u0430\u043c\u0438\u0434\u0435 \u0441 \u0432\u043e\u0434\u043e\u043e\u0442\u0442\u0430\u043b\u043a\u0438\u0432\u0430\u044e\u0449\u0435\u0439 \u043e\u0431\u0440\u0430\u0431\u043e\u0442\u043a\u043e\u0439 DWR, \u043d\u0435 \u0441\u043e\u0434\u0435\u0440\u0436\u0430\u0449\u0435\u0439 \u0432\u0440\u0435\u0434\u043d\u044b\u0445 PFC. \u041c\u0430\u0442\u0435\u0440\u0438\u0430\u043b \u0431\u0440\u044e\u043a \u0442\u0430\u043a\u0436\u0435 \u0438\u043c\u0435\u0435\u0442 \u0441\u0435\u0440\u0442\u0438\u0444\u0438\u043a\u0430\u0446\u0438\u044e OEKO-TEX\u00ae \u0438 BLUESIGN\u00ae, \u043f\u043e\u0434\u0442\u0432\u0435\u0440\u0436\u0434\u0430\u044e\u0449\u0443\u044e \u0438\u0445 \u044d\u043a\u043e\u043b\u043e\u0433\u0438\u0447\u0435\u0441\u043a\u0443\u044e \u0431\u0435\u0437\u043e\u043f\u0430\u0441\u043d\u043e\u0441\u0442\u044c.<\/p>\n<p>\u0411\u0440\u044e\u043a\u0438 \u0438\u043c\u0435\u044e\u0442 \u044d\u0440\u0433\u043e\u043d\u043e\u043c\u0438\u0447\u043d\u044b\u0439 \u043a\u0440\u043e\u0439, \u0430 \u0431\u043b\u0430\u0433\u043e\u0434\u0430\u0440\u044f \u0433\u043b\u0430\u0434\u043a\u043e\u0441\u0442\u0438 \u0438 \u044d\u043b\u0430\u0441\u0442\u0438\u0447\u043d\u043e\u0441\u0442\u0438 \u043c\u0430\u0442\u0435\u0440\u0438\u0430\u043b\u0430 \u043e\u0431\u0435\u0441\u043f\u0435\u0447\u0438\u0432\u0430\u044e\u0442 \u0432\u044b\u0441\u043e\u043a\u0438\u0439 \u0443\u0440\u043e\u0432\u0435\u043d\u044c \u043a\u043e\u043c\u0444\u043e\u0440\u0442\u0430 \u0438 \u0441\u0432\u043e\u0431\u043e\u0434\u0443 \u0434\u0432\u0438\u0436\u0435\u043d\u0438\u0439.<\/p>\n<h3>Particularit\u0103\u021bi<\/h3>\n<ul>\n<li>\u0412\u043e\u0434\u043e\u043e\u0442\u0442\u0430\u043b\u043a\u0438\u0432\u0430\u044e\u0449\u0430\u044f \u043f\u0440\u043e\u043f\u0438\u0442\u043a\u0430 DWR \u0431\u0435\u0437 PFC<\/li>\n<li>\u041f\u0435\u0440\u0435\u0440\u0430\u0431\u043e\u0442\u0430\u043d\u043d\u044b\u0435 \u043c\u0430\u0442\u0435\u0440\u0438\u0430\u043b\u044b<\/li>\n<li>\u0411\u044b\u0441\u0442\u0440\u043e\u0441\u043e\u0445\u043d\u0443\u0449\u0438\u0439 \u043c\u0430\u0442\u0435\u0440\u0438\u0430\u043b<\/li>\n<li>\u041a\u0430\u0440\u043c\u0430\u043d \u043d\u0430 \u0431\u0435\u0434\u0440\u0435<\/li>\n<li>\u0428\u0438\u0440\u043e\u043a\u0438\u0439 \u044d\u043b\u0430\u0441\u0442\u0438\u0447\u043d\u044b\u0439 \u043f\u043e\u044f\u0441<\/li>\n<li>\u0421\u0435\u0440\u0442\u0438\u0444\u0438\u043a\u0430\u0446\u0438\u044f BLUESIGN\u00ae \u0438 OEKO-TEX\u00ae<\/li>\n<\/ul>\n<h3>Caracteristici<\/h3>\n<ul>\n<li>Material - poliamid\u0103 85%, elastan 15%<\/li>\n<li>Sezon - prim\u0103var\u0103 \/ toamn\u0103 \/ var\u0103<\/li>\n<li>Scop - drume\u021bie\/ drume\u021bie\/ alpinism<\/li>\n<li>\u041c\u043e\u0434\u0435\u043b\u044c \u2013 \u0434\u0435\u0442\u0441\u043a\u0438\u0435<\/li>\n<\/ul>\n<h3>Tehnologie<\/h3>\n<ul>\n<li><strong>Shellstretch<\/strong>\u00a0- material bielastic pentru o mai bun\u0103 adaptare a corpului, \u00ee\u0219i p\u0103streaz\u0103 \u00eentotdeauna forma \u0219i, de asemenea, nu se uzeaz\u0103 \u0219i este confortabil. Conceput\u0103 s\u0103 absoarb\u0103 rapid transpira\u021bia \u0219i s\u0103 elimine umezeala de pe corp \u0219i are, de asemenea, un efect hidrofug. Materialul Shellstretch este ideal pentru activit\u0103\u021bi care necesit\u0103 libertate deplin\u0103 de mi\u0219care. Acest lucru o face ideal\u0103 pentru sporturile de munte care necesit\u0103 libertate de mi\u0219care complet\u0103.<\/li>\n<\/ul>\n<h3>Marca<\/h3>\n<p>Ternua \u2014 un brand spaniol specializat \u00een produc\u021bia de \u00eembr\u0103c\u0103minte tehnice, func\u021bionale \u0219i inovatoare capabile s\u0103 se adapteze la cele mai nefavorabile condi\u021bii meteorologice. Spiritul antreprenorial \u0219i aventuros al v\u00e2n\u0103torilor de balene basci din secolul al XV-lea a inspirat crearea m\u0103rcii outdoor Ternua \u00een 1995. \u00cen limba basc\u0103, \u201eTernua\u201d \u00eenseamn\u0103 balen\u0103, motiv pentru care compania poart\u0103 un astfel de nume, iar logo-ul acesteia \u00eempodobe\u0219te coada balenei. Principiile esen\u021biale ale Ternua sunt pasiunea pentru munte, respectul pentru mediul \u00eenconjur\u0103tor \u0219i respectul pentru r\u0103d\u0103cinile \u0219i originile cuiva. Produc\u0103torul acord\u0103 o aten\u021bie deosebit\u0103 alegerii materialelor, prefer\u0103 culorile bogate, hainele sunt versatile \u0219i se potrivesc bine. \u0218i, de asemenea, brandul trateaz\u0103 natura cu o grij\u0103 deosebit\u0103, sus\u021bin\u00e2nd sustenabilitatea \u0219i produc\u00e2nd haine din materiale reciclate.<\/p>","protected":false},"excerpt":{"rendered":"<p>Ternua Tile JR &#8212; \u0434\u0435\u0442\u0441\u043a\u0438\u0435 \u0431\u0440\u044e\u043a\u0438 \u043e\u0442\u043b\u0438\u0447\u043d\u043e \u043f\u043e\u0434\u043e\u0439\u0434\u0443\u0442 \u0434\u043b\u044f \u0432\u043e\u0441\u0445\u043e\u0436\u0434\u0435\u043d\u0438\u0439, \u0442\u0440\u0435\u043a\u043a\u0438\u043d\u0433\u0430 \u0438 \u0434\u0440\u0443\u0433\u0438\u0445 \u0432\u0438\u0434\u043e\u0432 \u0430\u043a\u0442\u0438\u0432\u043d\u043e\u0441\u0442\u0438, \u0433\u0434\u0435 \u043f\u0440\u043e\u0447\u043d\u043e\u0441\u0442\u044c \u0438 \u0438\u0437\u043d\u043e\u0441\u043e\u0443\u0441\u0442\u043e\u0439\u0447\u0438\u0432\u043e\u0441\u0442\u044c &#8212;<\/p>","protected":false},"featured_media":87415,"comment_status":"open","ping_status":"closed","template":"","meta":{"_acf_changed":false,"inline_featured_image":false},"product_brand":[1426],"product_cat":[281],"product_tag":[],"class_list":{"0":"post-83729","1":"product","2":"type-product","3":"status-publish","4":"has-post-thumbnail","6":"product_brand-ternua","7":"product_cat-kid-trousers","9":"first","10":"instock","11":"shipping-taxable","12":"purchasable","13":"product-type-simple"},"acf":[],"yoast_head":"<!-- This site is optimized with the Yoast SEO plugin v27.5 - https:\/\/yoast.com\/product\/yoast-seo-wordpress\/ -->\n<title>\u0428\u0442\u0430\u043d\u044b Ternua Tile JR whales grey\/black - \u041c\u0430\u0433\u0430\u0437\u0438\u043d Xstyle<\/title>\n<meta name=\"description\" content=\"\u0428\u0442\u0430\u043d\u044b Ternua Tile JR \u0434\u043b\u044f \u0434\u0435\u0442\u0435\u0439 \u0441\u0435\u0440\u043e\u0433\u043e\/\u0447\u0435\u0440\u043d\u043e\u0433\u043e \u0446\u0432\u0435\u0442\u0430: \u0432\u043e\u0434\u043e\u043e\u0442\u0442\u0430\u043b\u043a\u0438\u0432\u0430\u044e\u0449\u0438\u0435, \u0434\u044b\u0448\u0430\u0449\u0438\u0435, \u043e\u0431\u0435\u0441\u043f\u0435\u0447\u0438\u0432\u0430\u044e\u0442 \u043a\u043e\u043c\u0444\u043e\u0440\u0442 \u043d\u0430 \u043f\u0440\u0438\u0440\u043e\u0434\u0435. \u0418\u0434\u0435\u0430\u043b\u044c\u043d\u044b\u0439 \u0432\u044b\u0431\u043e\u0440 \u0434\u043b\u044f \u0430\u043a\u0442\u0438\u0432\u043d\u044b\u0445 \u043f\u0440\u0438\u043a\u043b\u044e\u0447\u0435\u043d\u0438\u0439!\" \/>\n<meta name=\"robots\" content=\"noindex, follow, max-snippet:-1, max-image-preview:large, max-video-preview:-1\" \/>\n<meta property=\"og:locale\" content=\"ro_RO\" \/>\n<meta property=\"og:type\" content=\"article\" \/>\n<meta property=\"og:title\" content=\"\u0428\u0442\u0430\u043d\u044b Ternua Tile JR whales grey\/black - \u041c\u0430\u0433\u0430\u0437\u0438\u043d Xstyle\" \/>\n<meta property=\"og:description\" content=\"\u0428\u0442\u0430\u043d\u044b Ternua Tile JR \u0434\u043b\u044f \u0434\u0435\u0442\u0435\u0439 \u0441\u0435\u0440\u043e\u0433\u043e\/\u0447\u0435\u0440\u043d\u043e\u0433\u043e \u0446\u0432\u0435\u0442\u0430: \u0432\u043e\u0434\u043e\u043e\u0442\u0442\u0430\u043b\u043a\u0438\u0432\u0430\u044e\u0449\u0438\u0435, \u0434\u044b\u0448\u0430\u0449\u0438\u0435, \u043e\u0431\u0435\u0441\u043f\u0435\u0447\u0438\u0432\u0430\u044e\u0442 \u043a\u043e\u043c\u0444\u043e\u0440\u0442 \u043d\u0430 \u043f\u0440\u0438\u0440\u043e\u0434\u0435. \u0418\u0434\u0435\u0430\u043b\u044c\u043d\u044b\u0439 \u0432\u044b\u0431\u043e\u0440 \u0434\u043b\u044f \u0430\u043a\u0442\u0438\u0432\u043d\u044b\u0445 \u043f\u0440\u0438\u043a\u043b\u044e\u0447\u0435\u043d\u0438\u0439!\" \/>\n<meta property=\"og:url\" content=\"https:\/\/dev.xstyle.md\/ro\/produs\/shtany-ternua-tile-jr-whales-grey-black\/\" \/>\n<meta property=\"og:site_name\" content=\"\u041c\u0430\u0433\u0430\u0437\u0438\u043d Xstyle\" \/>\n<meta property=\"article:publisher\" content=\"https:\/\/www.facebook.com\/xstylemd\" \/>\n<meta property=\"article:modified_time\" content=\"2026-03-04T09:36:23+00:00\" \/>\n<meta property=\"og:image\" content=\"https:\/\/dev.xstyle.md\/wp-content\/uploads\/2024\/05\/ternua-tile-jr-whales-greyblack.jpg\" \/>\n\t<meta property=\"og:image:width\" content=\"494\" \/>\n\t<meta property=\"og:image:height\" content=\"505\" \/>\n\t<meta property=\"og:image:type\" content=\"image\/jpeg\" \/>\n<meta name=\"twitter:card\" content=\"summary_large_image\" \/>\n<meta name=\"twitter:label1\" content=\"Pre\u021b\" \/>\n\t<meta name=\"twitter:data1\" content=\"1.070,00&nbsp;MDL\" \/>\n\t<meta name=\"twitter:label2\" content=\"Disponibilitate\" \/>\n\t<meta name=\"twitter:data2\" content=\"\u00cen stoc\" \/>\n<script type=\"application\/ld+json\" class=\"yoast-schema-graph\">{\"@context\":\"https:\\\/\\\/schema.org\",\"@graph\":[{\"@type\":\"WebPage\",\"@id\":\"https:\\\/\\\/dev.xstyle.md\\\/product\\\/shtany-ternua-tile-jr-whales-grey-black\\\/\",\"url\":\"https:\\\/\\\/dev.xstyle.md\\\/product\\\/shtany-ternua-tile-jr-whales-grey-black\\\/\",\"name\":\"\u0428\u0442\u0430\u043d\u044b Ternua Tile JR whales grey\\\/black - \u041c\u0430\u0433\u0430\u0437\u0438\u043d Xstyle\",\"isPartOf\":{\"@id\":\"https:\\\/\\\/dev.xstyle.md\\\/#website\"},\"primaryImageOfPage\":{\"@id\":\"https:\\\/\\\/dev.xstyle.md\\\/product\\\/shtany-ternua-tile-jr-whales-grey-black\\\/#primaryimage\"},\"image\":{\"@id\":\"https:\\\/\\\/dev.xstyle.md\\\/product\\\/shtany-ternua-tile-jr-whales-grey-black\\\/#primaryimage\"},\"thumbnailUrl\":\"https:\\\/\\\/dev.xstyle.md\\\/wp-content\\\/uploads\\\/2024\\\/05\\\/ternua-tile-jr-whales-greyblack.jpg\",\"datePublished\":\"2024-05-24T07:59:52+00:00\",\"dateModified\":\"2026-03-04T09:36:23+00:00\",\"description\":\"\u0428\u0442\u0430\u043d\u044b Ternua Tile JR \u0434\u043b\u044f \u0434\u0435\u0442\u0435\u0439 \u0441\u0435\u0440\u043e\u0433\u043e\\\/\u0447\u0435\u0440\u043d\u043e\u0433\u043e \u0446\u0432\u0435\u0442\u0430: \u0432\u043e\u0434\u043e\u043e\u0442\u0442\u0430\u043b\u043a\u0438\u0432\u0430\u044e\u0449\u0438\u0435, \u0434\u044b\u0448\u0430\u0449\u0438\u0435, \u043e\u0431\u0435\u0441\u043f\u0435\u0447\u0438\u0432\u0430\u044e\u0442 \u043a\u043e\u043c\u0444\u043e\u0440\u0442 \u043d\u0430 \u043f\u0440\u0438\u0440\u043e\u0434\u0435. \u0418\u0434\u0435\u0430\u043b\u044c\u043d\u044b\u0439 \u0432\u044b\u0431\u043e\u0440 \u0434\u043b\u044f \u0430\u043a\u0442\u0438\u0432\u043d\u044b\u0445 \u043f\u0440\u0438\u043a\u043b\u044e\u0447\u0435\u043d\u0438\u0439!\",\"breadcrumb\":{\"@id\":\"https:\\\/\\\/dev.xstyle.md\\\/product\\\/shtany-ternua-tile-jr-whales-grey-black\\\/#breadcrumb\"},\"inLanguage\":\"ro-RO\",\"potentialAction\":[{\"@type\":\"ReadAction\",\"target\":[\"https:\\\/\\\/dev.xstyle.md\\\/product\\\/shtany-ternua-tile-jr-whales-grey-black\\\/\"]}]},{\"@type\":\"ImageObject\",\"inLanguage\":\"ro-RO\",\"@id\":\"https:\\\/\\\/dev.xstyle.md\\\/product\\\/shtany-ternua-tile-jr-whales-grey-black\\\/#primaryimage\",\"url\":\"https:\\\/\\\/dev.xstyle.md\\\/wp-content\\\/uploads\\\/2024\\\/05\\\/ternua-tile-jr-whales-greyblack.jpg\",\"contentUrl\":\"https:\\\/\\\/dev.xstyle.md\\\/wp-content\\\/uploads\\\/2024\\\/05\\\/ternua-tile-jr-whales-greyblack.jpg\",\"width\":494,\"height\":505,\"caption\":\"\u0414\u0435\u0442\u0441\u043a\u0430\u044f \u043a\u0443\u0440\u0442\u043a\u0430 \u0434\u043b\u044f \u0430\u043a\u0442\u0438\u0432\u043d\u043e\u0433\u043e \u043e\u0442\u0434\u044b\u0445\u0430 Ternua Tile Jr \u0432 \u0441\u0435\u0440\u043e-\u0447\u0435\u0440\u043d\u043e\u043c \u0446\u0432\u0435\u0442\u0435, \u0438\u0434\u0435\u0430\u043b\u044c\u043d\u0430\u044f \u0434\u043b\u044f \u043f\u043e\u0445\u043e\u0434\u043e\u0432, \u0430\u043b\u044c\u043f\u0438\u043d\u0438\u0437\u043c\u0430 \u0438 \u043f\u0443\u0442\u0435\u0448\u0435\u0441\u0442\u0432\u0438\u0439.\"},{\"@type\":\"BreadcrumbList\",\"@id\":\"https:\\\/\\\/dev.xstyle.md\\\/product\\\/shtany-ternua-tile-jr-whales-grey-black\\\/#breadcrumb\",\"itemListElement\":[{\"@type\":\"ListItem\",\"position\":1,\"name\":\"\u0413\u043b\u0430\u0432\u043d\u0430\u044f \u0441\u0442\u0440\u0430\u043d\u0438\u0446\u0430\",\"item\":\"https:\\\/\\\/dev.xstyle.md\\\/\"},{\"@type\":\"ListItem\",\"position\":2,\"name\":\"Shop\",\"item\":\"https:\\\/\\\/dev.xstyle.md\\\/shop\\\/\"},{\"@type\":\"ListItem\",\"position\":3,\"name\":\"\u0428\u0442\u0430\u043d\u044b Ternua Tile JR whales grey\\\/black\"}]},{\"@type\":\"WebSite\",\"@id\":\"https:\\\/\\\/dev.xstyle.md\\\/#website\",\"url\":\"https:\\\/\\\/dev.xstyle.md\\\/\",\"name\":\"\u041c\u0430\u0433\u0430\u0437\u0438\u043d Xstyle\",\"description\":\"C\u043d\u0430\u0440\u044f\u0436\u0435\u043d\u0438\u0435 \u0434\u043b\u044f \u0442\u0443\u0440\u0438\u0437\u043c\u0430 \u0438 \u044d\u043a\u0441\u0442\u0440\u0435\u043c\u0430\u043b\u044c\u043d\u044b\u0445 \u0432\u0438\u0434\u043e\u0432 \u0441\u043f\u043e\u0440\u0442\u0430 \u0432 \u041c\u043e\u043b\u0434\u043e\u0432\u0435.. \u0426\u0435\u043d\u044b, \u0444\u043e\u0442\u043e, \u0445\u0430\u0440\u0430\u043a\u0442\u0435\u0440\u0438\u0441\u0442\u0438\u043a\u0438 \u0432 \u041c\u043e\u043b\u0434\u043e\u0432\u0435.\",\"publisher\":{\"@id\":\"https:\\\/\\\/dev.xstyle.md\\\/#organization\"},\"alternateName\":\"X-Style\",\"potentialAction\":[{\"@type\":\"SearchAction\",\"target\":{\"@type\":\"EntryPoint\",\"urlTemplate\":\"https:\\\/\\\/dev.xstyle.md\\\/?s={search_term_string}\"},\"query-input\":{\"@type\":\"PropertyValueSpecification\",\"valueRequired\":true,\"valueName\":\"search_term_string\"}}],\"inLanguage\":\"ro-RO\"},{\"@type\":\"Organization\",\"@id\":\"https:\\\/\\\/dev.xstyle.md\\\/#organization\",\"name\":\"\u041c\u0430\u0433\u0430\u0437\u0438\u043d Xstyle\",\"alternateName\":\"x-style\",\"url\":\"https:\\\/\\\/dev.xstyle.md\\\/\",\"logo\":{\"@type\":\"ImageObject\",\"inLanguage\":\"ro-RO\",\"@id\":\"https:\\\/\\\/dev.xstyle.md\\\/#\\\/schema\\\/logo\\\/image\\\/\",\"url\":\"https:\\\/\\\/dev.xstyle.md\\\/wp-content\\\/uploads\\\/2020\\\/06\\\/logoicon.svg\",\"contentUrl\":\"https:\\\/\\\/dev.xstyle.md\\\/wp-content\\\/uploads\\\/2020\\\/06\\\/logoicon.svg\",\"caption\":\"\u041c\u0430\u0433\u0430\u0437\u0438\u043d Xstyle\"},\"image\":{\"@id\":\"https:\\\/\\\/dev.xstyle.md\\\/#\\\/schema\\\/logo\\\/image\\\/\"},\"sameAs\":[\"https:\\\/\\\/www.facebook.com\\\/xstylemd\",\"https:\\\/\\\/www.instagram.com\\\/xstyle_md\\\/\",\"https:\\\/\\\/t.me\\\/xstyle_outdoor\"],\"hasMerchantReturnPolicy\":{\"@type\":\"MerchantReturnPolicy\",\"merchantReturnLink\":\"https:\\\/\\\/dev.xstyle.md\\\/ro\\\/conditions\\\/\"}}]}<\/script>\n<meta property=\"product:price:amount\" content=\"1070.00\" \/>\n<meta property=\"product:price:currency\" content=\"MDL\" \/>\n<meta property=\"og:availability\" content=\"instock\" \/>\n<meta property=\"product:availability\" content=\"instock\" \/>\n<meta property=\"product:retailer_item_id\" content=\"8445042264478\" \/>\n<meta property=\"product:condition\" content=\"new\" \/>\n<!-- \/ Yoast SEO plugin. -->","yoast_head_json":{"title":"Pantaloni Ternua Tile JR whales grey\/black - Magazin Xstyle","description":"Pantalonii Ternua Tile JR pentru copii de culoare gri\/negru: rezisten\u021bi la ap\u0103, respirabili, oferind confort \u00een natur\u0103. O alegere perfect\u0103 pentru aventuri active!","robots":{"index":"noindex","follow":"follow","max-snippet":"max-snippet:-1","max-image-preview":"max-image-preview:large","max-video-preview":"max-video-preview:-1"},"og_locale":"ro_RO","og_type":"article","og_title":"\u0428\u0442\u0430\u043d\u044b Ternua Tile JR whales grey\/black - \u041c\u0430\u0433\u0430\u0437\u0438\u043d Xstyle","og_description":"\u0428\u0442\u0430\u043d\u044b Ternua Tile JR \u0434\u043b\u044f \u0434\u0435\u0442\u0435\u0439 \u0441\u0435\u0440\u043e\u0433\u043e\/\u0447\u0435\u0440\u043d\u043e\u0433\u043e \u0446\u0432\u0435\u0442\u0430: \u0432\u043e\u0434\u043e\u043e\u0442\u0442\u0430\u043b\u043a\u0438\u0432\u0430\u044e\u0449\u0438\u0435, \u0434\u044b\u0448\u0430\u0449\u0438\u0435, \u043e\u0431\u0435\u0441\u043f\u0435\u0447\u0438\u0432\u0430\u044e\u0442 \u043a\u043e\u043c\u0444\u043e\u0440\u0442 \u043d\u0430 \u043f\u0440\u0438\u0440\u043e\u0434\u0435. \u0418\u0434\u0435\u0430\u043b\u044c\u043d\u044b\u0439 \u0432\u044b\u0431\u043e\u0440 \u0434\u043b\u044f \u0430\u043a\u0442\u0438\u0432\u043d\u044b\u0445 \u043f\u0440\u0438\u043a\u043b\u044e\u0447\u0435\u043d\u0438\u0439!","og_url":"https:\/\/dev.xstyle.md\/ro\/produs\/shtany-ternua-tile-jr-whales-grey-black\/","og_site_name":"\u041c\u0430\u0433\u0430\u0437\u0438\u043d Xstyle","article_publisher":"https:\/\/www.facebook.com\/xstylemd","article_modified_time":"2026-03-04T09:36:23+00:00","og_image":[{"width":494,"height":505,"url":"https:\/\/dev.xstyle.md\/wp-content\/uploads\/2024\/05\/ternua-tile-jr-whales-greyblack.jpg","type":"image\/jpeg"}],"twitter_card":"summary_large_image","twitter_misc":{"Pre\u021b":"1.070,00&nbsp;MDL","Disponibilitate":"\u00cen stoc"},"schema":{"@context":"https:\/\/schema.org","@graph":[{"@type":"WebPage","@id":"https:\/\/dev.xstyle.md\/product\/shtany-ternua-tile-jr-whales-grey-black\/","url":"https:\/\/dev.xstyle.md\/product\/shtany-ternua-tile-jr-whales-grey-black\/","name":"Pantaloni Ternua Tile JR whales grey\/black - Magazin Xstyle","isPartOf":{"@id":"https:\/\/dev.xstyle.md\/#website"},"primaryImageOfPage":{"@id":"https:\/\/dev.xstyle.md\/product\/shtany-ternua-tile-jr-whales-grey-black\/#primaryimage"},"image":{"@id":"https:\/\/dev.xstyle.md\/product\/shtany-ternua-tile-jr-whales-grey-black\/#primaryimage"},"thumbnailUrl":"https:\/\/dev.xstyle.md\/wp-content\/uploads\/2024\/05\/ternua-tile-jr-whales-greyblack.jpg","datePublished":"2024-05-24T07:59:52+00:00","dateModified":"2026-03-04T09:36:23+00:00","description":"Pantalonii Ternua Tile JR pentru copii de culoare gri\/negru: rezisten\u021bi la ap\u0103, respirabili, oferind confort \u00een natur\u0103. O alegere perfect\u0103 pentru aventuri active!","breadcrumb":{"@id":"https:\/\/dev.xstyle.md\/product\/shtany-ternua-tile-jr-whales-grey-black\/#breadcrumb"},"inLanguage":"ro-RO","potentialAction":[{"@type":"ReadAction","target":["https:\/\/dev.xstyle.md\/product\/shtany-ternua-tile-jr-whales-grey-black\/"]}]},{"@type":"ImageObject","inLanguage":"ro-RO","@id":"https:\/\/dev.xstyle.md\/product\/shtany-ternua-tile-jr-whales-grey-black\/#primaryimage","url":"https:\/\/dev.xstyle.md\/wp-content\/uploads\/2024\/05\/ternua-tile-jr-whales-greyblack.jpg","contentUrl":"https:\/\/dev.xstyle.md\/wp-content\/uploads\/2024\/05\/ternua-tile-jr-whales-greyblack.jpg","width":494,"height":505,"caption":"\u0414\u0435\u0442\u0441\u043a\u0430\u044f \u043a\u0443\u0440\u0442\u043a\u0430 \u0434\u043b\u044f \u0430\u043a\u0442\u0438\u0432\u043d\u043e\u0433\u043e \u043e\u0442\u0434\u044b\u0445\u0430 Ternua Tile Jr \u0432 \u0441\u0435\u0440\u043e-\u0447\u0435\u0440\u043d\u043e\u043c \u0446\u0432\u0435\u0442\u0435, \u0438\u0434\u0435\u0430\u043b\u044c\u043d\u0430\u044f \u0434\u043b\u044f \u043f\u043e\u0445\u043e\u0434\u043e\u0432, \u0430\u043b\u044c\u043f\u0438\u043d\u0438\u0437\u043c\u0430 \u0438 \u043f\u0443\u0442\u0435\u0448\u0435\u0441\u0442\u0432\u0438\u0439."},{"@type":"BreadcrumbList","@id":"https:\/\/dev.xstyle.md\/product\/shtany-ternua-tile-jr-whales-grey-black\/#breadcrumb","itemListElement":[{"@type":"ListItem","position":1,"name":"\u0413\u043b\u0430\u0432\u043d\u0430\u044f \u0441\u0442\u0440\u0430\u043d\u0438\u0446\u0430","item":"https:\/\/dev.xstyle.md\/"},{"@type":"ListItem","position":2,"name":"Shop","item":"https:\/\/dev.xstyle.md\/shop\/"},{"@type":"ListItem","position":3,"name":"\u0428\u0442\u0430\u043d\u044b Ternua Tile JR whales grey\/black"}]},{"@type":"WebSite","@id":"https:\/\/dev.xstyle.md\/#website","url":"https:\/\/dev.xstyle.md\/","name":"Magazinul X-Style","description":"Echipamente pentru turism \u0219i sporturi extreme \u00een Moldova. Pre\u021buri, fotografii, caracteristici \u00een Moldova.","publisher":{"@id":"https:\/\/dev.xstyle.md\/#organization"},"alternateName":"X-Style","potentialAction":[{"@type":"SearchAction","target":{"@type":"EntryPoint","urlTemplate":"https:\/\/dev.xstyle.md\/?s={search_term_string}"},"query-input":{"@type":"PropertyValueSpecification","valueRequired":true,"valueName":"search_term_string"}}],"inLanguage":"ro-RO"},{"@type":"Organization","@id":"https:\/\/dev.xstyle.md\/#organization","name":"Magazinul X-Style","alternateName":"x-style","url":"https:\/\/dev.xstyle.md\/","logo":{"@type":"ImageObject","inLanguage":"ro-RO","@id":"https:\/\/dev.xstyle.md\/#\/schema\/logo\/image\/","url":"https:\/\/dev.xstyle.md\/wp-content\/uploads\/2020\/06\/logoicon.svg","contentUrl":"https:\/\/dev.xstyle.md\/wp-content\/uploads\/2020\/06\/logoicon.svg","caption":"\u041c\u0430\u0433\u0430\u0437\u0438\u043d Xstyle"},"image":{"@id":"https:\/\/dev.xstyle.md\/#\/schema\/logo\/image\/"},"sameAs":["https:\/\/www.facebook.com\/xstylemd","https:\/\/www.instagram.com\/xstyle_md\/","https:\/\/t.me\/xstyle_outdoor"],"hasMerchantReturnPolicy":{"@type":"MerchantReturnPolicy","merchantReturnLink":"https:\/\/dev.xstyle.md\/ro\/conditions\/"}}]},"product_price_amount":"1070.00","product_price_currency":"MDL","og_availability":"instock","product_availability":"instock","product_retailer_item_id":"8445042264478","product_condition":"new"},"post_mailing_queue_ids":[],"_links":{"self":[{"href":"https:\/\/dev.xstyle.md\/ro\/wp-json\/wp\/v2\/product\/83729","targetHints":{"allow":["GET"]}}],"collection":[{"href":"https:\/\/dev.xstyle.md\/ro\/wp-json\/wp\/v2\/product"}],"about":[{"href":"https:\/\/dev.xstyle.md\/ro\/wp-json\/wp\/v2\/types\/product"}],"replies":[{"embeddable":true,"href":"https:\/\/dev.xstyle.md\/ro\/wp-json\/wp\/v2\/comments?post=83729"}],"version-history":[{"count":0,"href":"https:\/\/dev.xstyle.md\/ro\/wp-json\/wp\/v2\/product\/83729\/revisions"}],"wp:featuredmedia":[{"embeddable":true,"href":"https:\/\/dev.xstyle.md\/ro\/wp-json\/wp\/v2\/media\/87415"}],"wp:attachment":[{"href":"https:\/\/dev.xstyle.md\/ro\/wp-json\/wp\/v2\/media?parent=83729"}],"wp:term":[{"taxonomy":"product_brand","embeddable":true,"href":"https:\/\/dev.xstyle.md\/ro\/wp-json\/wp\/v2\/product_brand?post=83729"},{"taxonomy":"product_cat","embeddable":true,"href":"https:\/\/dev.xstyle.md\/ro\/wp-json\/wp\/v2\/product_cat?post=83729"},{"taxonomy":"product_tag","embeddable":true,"href":"https:\/\/dev.xstyle.md\/ro\/wp-json\/wp\/v2\/product_tag?post=83729"}],"curies":[{"name":"wp","href":"https:\/\/api.w.org\/{rel}","templated":true}]}}