{"id":83676,"date":"2024-05-24T10:59:40","date_gmt":"2024-05-24T07:59:40","guid":{"rendered":"https:\/\/xstyle.md\/?post_type=product&#038;p=83676"},"modified":"2026-03-04T12:36:16","modified_gmt":"2026-03-04T09:36:16","slug":"kurtka-hannah-wat-jr-dark-forest-anthracite","status":"publish","type":"product","link":"https:\/\/dev.xstyle.md\/ro\/produs\/kurtka-hannah-wat-jr-dark-forest-anthracite\/","title":{"rendered":"Jachet\u0103 Hannah Wat JR p\u0103dure \u00eenchis\u0103\/antracite"},"content":{"rendered":"<p><strong>Hannah Wat JR<\/strong> &#8212; \u0434\u0435\u0442\u0441\u043a\u0430\u044f \u043a\u0443\u0440\u0442\u043a\u0430 \u0438\u0437\u0433\u043e\u0442\u043e\u0432\u043b\u0435\u043d\u0430 \u0438\u0437\u00a0\u0432\u043e\u0434\u043e\u043e\u0442\u0442\u0430\u043b\u043a\u0438\u0432\u0430\u044e\u0449\u0435\u0433\u043e \u0438 \u0434\u044b\u0448\u0430\u0449\u0435\u0433\u043e \u043c\u0430\u0442\u0435\u0440\u0438\u0430\u043b\u0430 Softshell Membrane 8000 \u0438 \u043e\u0431\u0435\u0441\u043f\u0435\u0447\u0438\u0432\u0430\u0435\u0442 \u043d\u0430\u0434\u0435\u0436\u043d\u0443\u044e \u0437\u0430\u0449\u0438\u0442\u0443 \u043e\u0442 \u0445\u043e\u043b\u043e\u0434\u043d\u043e\u0433\u043e \u0432\u0435\u0442\u0440\u0430 \u0438 \u043d\u0435\u0431\u043e\u043b\u044c\u0448\u043e\u0433\u043e \u0434\u043e\u0436\u0434\u044f. \u041a\u0430\u043f\u044e\u0448\u043e\u043d \u043f\u043e\u0434\u0448\u0438\u0432\u0430\u0435\u0442\u0441\u044f \u044d\u043b\u0430\u0441\u0442\u0438\u0447\u043d\u043e\u0439 \u0440\u0435\u0437\u0438\u043d\u043a\u043e\u0439, \u0440\u0443\u043a\u0430\u0432\u0430 \u0441 \u0443\u0442\u044f\u0436\u043a\u043e\u0439 \u043d\u0430 \u043b\u0438\u043f\u0443\u0447\u043a\u0435, \u0430 \u043d\u0438\u0437 \u043f\u043e\u0434\u043e\u043b\u0430 \u0440\u0435\u0433\u0443\u043b\u0438\u0440\u0443\u0435\u0442\u0441\u044f \u0448\u043d\u0443\u0440\u043a\u043e\u043c.<\/p>\n<p>\u041a\u0430\u0440\u043c\u0430\u043d\u044b \u043d\u0430 \u043c\u043e\u043b\u043d\u0438\u0438 \u0437\u0430\u043a\u0440\u044b\u0432\u0430\u044e\u0442\u0441\u044f \u043a\u043b\u0430\u043f\u0430\u043d\u043e\u043c. \u041e\u0431\u0440\u0430\u0431\u043e\u0442\u043a\u0430 Teflon Eco Elite &#8212; \u044d\u0442\u043e \u043f\u0435\u0440\u0432\u0430\u044f \u0432 \u043c\u0438\u0440\u0435 \u043f\u0440\u043e\u043f\u0438\u0442\u043a\u0430 \u0434\u043b\u044f \u0442\u0435\u043a\u0441\u0442\u0438\u043b\u044f \u043d\u0430 \u0440\u0430\u0441\u0442\u0438\u0442\u0435\u043b\u044c\u043d\u043e\u0439 \u043e\u0441\u043d\u043e\u0432\u0435, \u043a\u043e\u0442\u043e\u0440\u0430\u044f \u043d\u0435 \u0441\u043e\u0434\u0435\u0440\u0436\u0438\u0442 \u041f\u0424\u0423. \u041e\u043d\u0430 \u043e\u0442\u0442\u0430\u043b\u043a\u0438\u0432\u0430\u0435\u0442 \u0432\u043e\u0434\u0443 \u0438 \u0433\u0440\u044f\u0437\u044c, \u0441\u043e\u0445\u0440\u0430\u043d\u044f\u0435\u0442 \u0444\u0443\u043d\u043a\u0446\u0438\u043e\u043d\u0430\u043b\u044c\u043d\u044b\u0435 \u0441\u0432\u043e\u0439\u0441\u0442\u0432\u0430 \u0438 \u0446\u0432\u0435\u0442\u0430 \u0442\u043a\u0430\u043d\u0435\u0439, \u0431\u043b\u0430\u0433\u043e\u0434\u0430\u0440\u044f \u0447\u0435\u043c\u0443 \u043e\u0434\u0435\u0436\u0434\u0430 \u0434\u043e\u043b\u0433\u043e\u0435 \u0432\u0440\u0435\u043c\u044f \u0432\u044b\u0433\u043b\u044f\u0434\u0438\u0442 \u043a\u0430\u043a \u043d\u043e\u0432\u0430\u044f.<\/p>\n<p>\u0421\u0432\u0435\u0442\u043e\u043e\u0442\u0440\u0430\u0436\u0430\u044e\u0449\u0438\u0435 \u044d\u043b\u0435\u043c\u0435\u043d\u0442\u044b \u043f\u043e\u0432\u044b\u0448\u0430\u044e\u0442 \u0431\u0435\u0437\u043e\u043f\u0430\u0441\u043d\u043e\u0441\u0442\u044c \u0438 \u0443\u043b\u0443\u0447\u0448\u0430\u044e\u0442 \u0432\u0438\u0434\u0438\u043c\u043e\u0441\u0442\u044c. \u041a\u0443\u0440\u0442\u043a\u0430 \u043f\u043e\u0434\u0445\u043e\u0434\u0438\u0442 \u0434\u043b\u044f \u043f\u043e\u0445\u043e\u0434\u043e\u0432 \u0432 \u0433\u043e\u0440\u044b \u0438\u043b\u0438 \u043f\u043e\u0435\u0437\u0434\u043e\u043a \u043d\u0430 \u043f\u0440\u0438\u0440\u043e\u0434\u0443. \u041e\u043d\u0430 \u0442\u0430\u043a\u0436\u0435 \u0438\u0434\u0435\u0430\u043b\u044c\u043d\u043e \u043f\u043e\u0434\u0445\u043e\u0434\u0438\u0442 \u0434\u043b\u044f \u043f\u0440\u043e\u0433\u0443\u043b\u043e\u043a \u043d\u0430 \u0441\u0432\u0435\u0436\u0435\u043c \u0432\u043e\u0437\u0434\u0443\u0445\u0435 \u0432 \u0434\u0435\u0442\u0441\u043a\u043e\u043c \u0441\u0430\u0434\u0443 \u0438\u043b\u0438 \u0448\u043a\u043e\u043b\u0435.<\/p>\n<h3>Particularit\u0103\u021bi<\/h3>\n<ul>\n<li>\u041a\u0430\u043f\u044e\u0448\u043e\u043d \u0441 \u044d\u043b\u0430\u0441\u0442\u0438\u0447\u043d\u043e\u0439 \u043b\u0435\u043d\u0442\u043e\u0439<\/li>\n<li>\u041e\u0441\u043d\u043e\u0432\u043d\u044b\u0435 \u043a\u0430\u0440\u043c\u0430\u043d\u044b \u043d\u0430 \u043c\u043e\u043b\u043d\u0438\u0438<\/li>\n<li>\u041d\u0438\u0436\u043d\u0438\u0439 \u043a\u0440\u0430\u0439 \u0441 \u0440\u0435\u0433\u0443\u043b\u0438\u0440\u043e\u0432\u043a\u043e\u0439 \u0448\u0438\u0440\u0438\u043d\u044b<\/li>\n<li>\u0420\u0443\u043a\u0430\u0432\u0430 \u0430\u043d\u0430\u0442\u043e\u043c\u0438\u0447\u0435\u0441\u043a\u043e\u0439 \u0444\u043e\u0440\u043c\u044b \u0441 \u0440\u0435\u0433\u0443\u043b\u0438\u0440\u0443\u0435\u043c\u043e\u0439 \u043c\u0430\u043d\u0436\u0435\u0442\u043e\u0439 \u043d\u0430 \u043b\u0438\u043f\u0443\u0447\u043a\u0435<\/li>\n<li>Elemente reflectorizante;<\/li>\n<\/ul>\n<h3>Caracteristici<\/h3>\n<ul>\n<li>Material - 94% Polyester, 6% Elastan;<\/li>\n<li>\u041c\u0435\u043c\u0431\u0440\u0430\u043d\u0430 \u2013 Softshell Membrane 8000<\/li>\n<li>Aplicare - sport\/utilizare zilnic\u0103\/trekking;<\/li>\n<li>\u0421\u0435\u0437\u043e\u043d \u2013 \u0432\u0435\u0441\u043d\u0430\/ \u043e\u0441\u0435\u043d\u044c<\/li>\n<li>Model - pentru copii.<\/li>\n<\/ul>\n<h3>Tehnologie<\/h3>\n<ul>\n<li><strong>SoftShell<\/strong>\u00a0\u2013 \u043c\u043d\u043e\u0433\u043e\u0444\u0443\u043d\u043a\u0446\u0438\u043e\u043d\u0430\u043b\u044c\u043d\u044b\u0439, \u043e\u0447\u0435\u043d\u044c \u043b\u0435\u0433\u043a\u0438\u0439, \u044d\u043b\u0430\u0441\u0442\u0438\u0447\u043d\u044b\u0439 \u0438 \u0438\u0437\u043d\u043e\u0441\u043e\u0441\u0442\u043e\u0439\u043a\u0438\u0439\u00a0\u043c\u0430\u0442\u0435\u0440\u0438\u0430\u043b, \u043a\u043e\u0442\u043e\u0440\u044b\u0439 \u043e\u0431\u043b\u0430\u0434\u0430\u0435\u0442 \u0432\u0435\u0442\u0440\u043e\u043d\u0435\u043f\u0440\u043e\u043d\u0438\u0446\u0430\u0435\u043c\u044b\u043c\u0438, \u0434\u044b\u0448\u0430\u0449\u0438\u043c\u0438 \u0438 \u0432\u043e\u0434\u043e\u0441\u0442\u043e\u0439\u043a\u0438\u043c\u0438 \u0441\u0432\u043e\u0439\u0441\u0442\u0432\u0430\u043c\u0438.<\/li>\n<li><strong>Resstex 8000<\/strong>\u00a0- membran\u0103 poliuretanic\u0103 microporoas\u0103 cu un raport bine echilibrat de impermeabilitate \u0219i respirabilitate. Produsele cu aceast\u0103 membran\u0103 protejeaz\u0103 \u00eempotriva ploii sau a lapovi\u021bei, men\u021bin\u00e2nd \u00een acela\u0219i timp respirabilitatea apreciat\u0103 \u00een multe activit\u0103\u021bi \u00een aer liber.<\/li>\n<\/ul>\n<h3>Marca<\/h3>\n<p>Hannah \u2013 este un brand interna\u021bional, specializat \u00een produc\u021bia de articole pentru turism \u0219i \u00eembr\u0103c\u0103minte sportiv\u0103 pentru orice sezon. Brandul Hannah a fost fondat \u00een Republica Ceh\u0103 \u00een 1991. Compania a ob\u021binut succese bune pe pia\u021ba intern\u0103, datorit\u0103 calit\u0103\u021bii ridicate \u0219i politicii de pre\u021buri accesibile pentru fiecare produs.<\/p>\n<p>La \u00eenceput, compania fabrica produse conform standardelor interna\u021bionale, deoarece au \u00een\u021beles pe deplin importan\u021ba unei reputa\u021bii excelente. \u00cen acest sens, s-a alocat mult timp selec\u021biei materialelor de \u00eenalt\u0103 calitate, care sunt rezistente la uzur\u0103 \u0219i rezistente la ap\u0103. Ast\u0103zi, brandul nu st\u0103 pe loc, catalogul lor este \u00een permanen\u021b\u0103 actualizat \u0219i extins, iar produsele pot fi g\u0103site \u00een toat\u0103 lumea.<\/p>","protected":false},"excerpt":{"rendered":"<p>Hannah Wat JR &#8212; \u0434\u0435\u0442\u0441\u043a\u0430\u044f \u043a\u0443\u0440\u0442\u043a\u0430 \u0438\u0437\u0433\u043e\u0442\u043e\u0432\u043b\u0435\u043d\u0430 \u0438\u0437\u00a0\u0432\u043e\u0434\u043e\u043e\u0442\u0442\u0430\u043b\u043a\u0438\u0432\u0430\u044e\u0449\u0435\u0433\u043e \u0438 \u0434\u044b\u0448\u0430\u0449\u0435\u0433\u043e \u043c\u0430\u0442\u0435\u0440\u0438\u0430\u043b\u0430 Softshell Membrane 8000 \u0438 \u043e\u0431\u0435\u0441\u043f\u0435\u0447\u0438\u0432\u0430\u0435\u0442 \u043d\u0430\u0434\u0435\u0436\u043d\u0443\u044e \u0437\u0430\u0449\u0438\u0442\u0443 \u043e\u0442 \u0445\u043e\u043b\u043e\u0434\u043d\u043e\u0433\u043e<\/p>","protected":false},"featured_media":84052,"comment_status":"open","ping_status":"closed","template":"","meta":{"_acf_changed":false,"inline_featured_image":false},"product_brand":[1271],"product_cat":[308],"product_tag":[],"class_list":{"0":"post-83676","1":"product","2":"type-product","3":"status-publish","4":"has-post-thumbnail","6":"product_brand-hannah","7":"product_cat-kid-jackets","9":"first","10":"instock","11":"shipping-taxable","12":"purchasable","13":"product-type-simple"},"acf":[],"yoast_head":"<!-- This site is optimized with the Yoast SEO plugin v27.5 - https:\/\/yoast.com\/product\/yoast-seo-wordpress\/ -->\n<title>\u041a\u0443\u0440\u0442\u043a\u0430 Hannah Wat JR dark forest\/anthracite - \u041c\u0430\u0433\u0430\u0437\u0438\u043d Xstyle<\/title>\n<meta name=\"description\" content=\"\u041a\u0443\u0440\u0442\u043a\u0430 Hannah Wat JR \u0442\u0435\u043c\u043d\u043e-\u0437\u0435\u043b\u0435\u043d\u043e\u0433\u043e \u0446\u0432\u0435\u0442\u0430 \u0441 \u043c\u0435\u043c\u0431\u0440\u0430\u043d\u043e\u0439 8000 \u0438 Teflon Eco Elite \u2014 \u043d\u0430\u0434\u0435\u0436\u043d\u0430\u044f \u0437\u0430\u0449\u0438\u0442\u0430 \u0438 \u043a\u043e\u043c\u0444\u043e\u0440\u0442 \u0434\u043b\u044f \u0430\u043a\u0442\u0438\u0432\u043d\u044b\u0445 \u0434\u0435\u0442\u0435\u0439. \u0418\u0434\u0435\u0430\u043b\u044c\u043d\u0430 \u0434\u043b\u044f \u043f\u0440\u0438\u043a\u043b\u044e\u0447\u0435\u043d\u0438\u0439!\" \/>\n<meta name=\"robots\" content=\"noindex, follow, max-snippet:-1, max-image-preview:large, max-video-preview:-1\" \/>\n<meta property=\"og:locale\" content=\"ro_RO\" \/>\n<meta property=\"og:type\" content=\"article\" \/>\n<meta property=\"og:title\" content=\"\u041a\u0443\u0440\u0442\u043a\u0430 Hannah Wat JR dark forest\/anthracite - \u041c\u0430\u0433\u0430\u0437\u0438\u043d Xstyle\" \/>\n<meta property=\"og:description\" content=\"\u041a\u0443\u0440\u0442\u043a\u0430 Hannah Wat JR \u0442\u0435\u043c\u043d\u043e-\u0437\u0435\u043b\u0435\u043d\u043e\u0433\u043e \u0446\u0432\u0435\u0442\u0430 \u0441 \u043c\u0435\u043c\u0431\u0440\u0430\u043d\u043e\u0439 8000 \u0438 Teflon Eco Elite \u2014 \u043d\u0430\u0434\u0435\u0436\u043d\u0430\u044f \u0437\u0430\u0449\u0438\u0442\u0430 \u0438 \u043a\u043e\u043c\u0444\u043e\u0440\u0442 \u0434\u043b\u044f \u0430\u043a\u0442\u0438\u0432\u043d\u044b\u0445 \u0434\u0435\u0442\u0435\u0439. \u0418\u0434\u0435\u0430\u043b\u044c\u043d\u0430 \u0434\u043b\u044f \u043f\u0440\u0438\u043a\u043b\u044e\u0447\u0435\u043d\u0438\u0439!\" \/>\n<meta property=\"og:url\" content=\"https:\/\/dev.xstyle.md\/ro\/produs\/kurtka-hannah-wat-jr-dark-forest-anthracite\/\" \/>\n<meta property=\"og:site_name\" content=\"\u041c\u0430\u0433\u0430\u0437\u0438\u043d Xstyle\" \/>\n<meta property=\"article:publisher\" content=\"https:\/\/www.facebook.com\/xstylemd\" \/>\n<meta property=\"article:modified_time\" content=\"2026-03-04T09:36:16+00:00\" \/>\n<meta property=\"og:image\" content=\"https:\/\/dev.xstyle.md\/wp-content\/uploads\/2024\/05\/hannah-wat-jr-dark-forest-anthracite.jpg\" \/>\n\t<meta property=\"og:image:width\" content=\"1353\" \/>\n\t<meta property=\"og:image:height\" content=\"1350\" \/>\n\t<meta property=\"og:image:type\" content=\"image\/jpeg\" \/>\n<meta name=\"twitter:card\" content=\"summary_large_image\" \/>\n<meta name=\"twitter:label1\" content=\"Pre\u021b\" \/>\n\t<meta name=\"twitter:data1\" content=\"1.350,00&nbsp;MDL\" \/>\n\t<meta name=\"twitter:label2\" content=\"Disponibilitate\" \/>\n\t<meta name=\"twitter:data2\" content=\"\u00cen stoc\" \/>\n<script type=\"application\/ld+json\" class=\"yoast-schema-graph\">{\"@context\":\"https:\\\/\\\/schema.org\",\"@graph\":[{\"@type\":\"WebPage\",\"@id\":\"https:\\\/\\\/dev.xstyle.md\\\/product\\\/kurtka-hannah-wat-jr-dark-forest-anthracite\\\/\",\"url\":\"https:\\\/\\\/dev.xstyle.md\\\/product\\\/kurtka-hannah-wat-jr-dark-forest-anthracite\\\/\",\"name\":\"\u041a\u0443\u0440\u0442\u043a\u0430 Hannah Wat JR dark forest\\\/anthracite - \u041c\u0430\u0433\u0430\u0437\u0438\u043d Xstyle\",\"isPartOf\":{\"@id\":\"https:\\\/\\\/dev.xstyle.md\\\/#website\"},\"primaryImageOfPage\":{\"@id\":\"https:\\\/\\\/dev.xstyle.md\\\/product\\\/kurtka-hannah-wat-jr-dark-forest-anthracite\\\/#primaryimage\"},\"image\":{\"@id\":\"https:\\\/\\\/dev.xstyle.md\\\/product\\\/kurtka-hannah-wat-jr-dark-forest-anthracite\\\/#primaryimage\"},\"thumbnailUrl\":\"https:\\\/\\\/dev.xstyle.md\\\/wp-content\\\/uploads\\\/2024\\\/05\\\/hannah-wat-jr-dark-forest-anthracite.jpg\",\"datePublished\":\"2024-05-24T07:59:40+00:00\",\"dateModified\":\"2026-03-04T09:36:16+00:00\",\"description\":\"\u041a\u0443\u0440\u0442\u043a\u0430 Hannah Wat JR \u0442\u0435\u043c\u043d\u043e-\u0437\u0435\u043b\u0435\u043d\u043e\u0433\u043e \u0446\u0432\u0435\u0442\u0430 \u0441 \u043c\u0435\u043c\u0431\u0440\u0430\u043d\u043e\u0439 8000 \u0438 Teflon Eco Elite \u2014 \u043d\u0430\u0434\u0435\u0436\u043d\u0430\u044f \u0437\u0430\u0449\u0438\u0442\u0430 \u0438 \u043a\u043e\u043c\u0444\u043e\u0440\u0442 \u0434\u043b\u044f \u0430\u043a\u0442\u0438\u0432\u043d\u044b\u0445 \u0434\u0435\u0442\u0435\u0439. \u0418\u0434\u0435\u0430\u043b\u044c\u043d\u0430 \u0434\u043b\u044f \u043f\u0440\u0438\u043a\u043b\u044e\u0447\u0435\u043d\u0438\u0439!\",\"breadcrumb\":{\"@id\":\"https:\\\/\\\/dev.xstyle.md\\\/product\\\/kurtka-hannah-wat-jr-dark-forest-anthracite\\\/#breadcrumb\"},\"inLanguage\":\"ro-RO\",\"potentialAction\":[{\"@type\":\"ReadAction\",\"target\":[\"https:\\\/\\\/dev.xstyle.md\\\/product\\\/kurtka-hannah-wat-jr-dark-forest-anthracite\\\/\"]}]},{\"@type\":\"ImageObject\",\"inLanguage\":\"ro-RO\",\"@id\":\"https:\\\/\\\/dev.xstyle.md\\\/product\\\/kurtka-hannah-wat-jr-dark-forest-anthracite\\\/#primaryimage\",\"url\":\"https:\\\/\\\/dev.xstyle.md\\\/wp-content\\\/uploads\\\/2024\\\/05\\\/hannah-wat-jr-dark-forest-anthracite.jpg\",\"contentUrl\":\"https:\\\/\\\/dev.xstyle.md\\\/wp-content\\\/uploads\\\/2024\\\/05\\\/hannah-wat-jr-dark-forest-anthracite.jpg\",\"width\":1353,\"height\":1350,\"caption\":\"\u0414\u0435\u0442\u0441\u043a\u0430\u044f \u043a\u0443\u0440\u0442\u043a\u0430 Hannah Wat JR \u0434\u043b\u044f \u0430\u043a\u0442\u0438\u0432\u043d\u043e\u0433\u043e \u043e\u0442\u0434\u044b\u0445\u0430 \u0438 \u043f\u0443\u0442\u0435\u0448\u0435\u0441\u0442\u0432\u0438\u0439, \u043e\u0434\u0435\u0436\u0434\u0430 \u0438 \u043e\u0431\u0443\u0432\u044c \u0434\u043b\u044f \u0445\u0430\u0439\u043a\u0438\u043d\u0433\u0430 \u0438 \u0430\u043b\u044c\u043f\u0438\u043d\u0438\u0437\u043c\u0430, \u043e\u043d\u043b\u0430\u0439\u043d \u043c\u0430\u0433\u0430\u0437\u0438\u043d \u0430\u043a\u0442\u0438\u0432\u043d\u044b\u0445 \u0442\u043e\u0432\u0430\u0440\u043e\u0432\"},{\"@type\":\"BreadcrumbList\",\"@id\":\"https:\\\/\\\/dev.xstyle.md\\\/product\\\/kurtka-hannah-wat-jr-dark-forest-anthracite\\\/#breadcrumb\",\"itemListElement\":[{\"@type\":\"ListItem\",\"position\":1,\"name\":\"\u0413\u043b\u0430\u0432\u043d\u0430\u044f \u0441\u0442\u0440\u0430\u043d\u0438\u0446\u0430\",\"item\":\"https:\\\/\\\/dev.xstyle.md\\\/\"},{\"@type\":\"ListItem\",\"position\":2,\"name\":\"Shop\",\"item\":\"https:\\\/\\\/dev.xstyle.md\\\/shop\\\/\"},{\"@type\":\"ListItem\",\"position\":3,\"name\":\"\u041a\u0443\u0440\u0442\u043a\u0430 Hannah Wat JR dark forest\\\/anthracite\"}]},{\"@type\":\"WebSite\",\"@id\":\"https:\\\/\\\/dev.xstyle.md\\\/#website\",\"url\":\"https:\\\/\\\/dev.xstyle.md\\\/\",\"name\":\"\u041c\u0430\u0433\u0430\u0437\u0438\u043d Xstyle\",\"description\":\"C\u043d\u0430\u0440\u044f\u0436\u0435\u043d\u0438\u0435 \u0434\u043b\u044f \u0442\u0443\u0440\u0438\u0437\u043c\u0430 \u0438 \u044d\u043a\u0441\u0442\u0440\u0435\u043c\u0430\u043b\u044c\u043d\u044b\u0445 \u0432\u0438\u0434\u043e\u0432 \u0441\u043f\u043e\u0440\u0442\u0430 \u0432 \u041c\u043e\u043b\u0434\u043e\u0432\u0435.. \u0426\u0435\u043d\u044b, \u0444\u043e\u0442\u043e, \u0445\u0430\u0440\u0430\u043a\u0442\u0435\u0440\u0438\u0441\u0442\u0438\u043a\u0438 \u0432 \u041c\u043e\u043b\u0434\u043e\u0432\u0435.\",\"publisher\":{\"@id\":\"https:\\\/\\\/dev.xstyle.md\\\/#organization\"},\"alternateName\":\"X-Style\",\"potentialAction\":[{\"@type\":\"SearchAction\",\"target\":{\"@type\":\"EntryPoint\",\"urlTemplate\":\"https:\\\/\\\/dev.xstyle.md\\\/?s={search_term_string}\"},\"query-input\":{\"@type\":\"PropertyValueSpecification\",\"valueRequired\":true,\"valueName\":\"search_term_string\"}}],\"inLanguage\":\"ro-RO\"},{\"@type\":\"Organization\",\"@id\":\"https:\\\/\\\/dev.xstyle.md\\\/#organization\",\"name\":\"\u041c\u0430\u0433\u0430\u0437\u0438\u043d Xstyle\",\"alternateName\":\"x-style\",\"url\":\"https:\\\/\\\/dev.xstyle.md\\\/\",\"logo\":{\"@type\":\"ImageObject\",\"inLanguage\":\"ro-RO\",\"@id\":\"https:\\\/\\\/dev.xstyle.md\\\/#\\\/schema\\\/logo\\\/image\\\/\",\"url\":\"https:\\\/\\\/dev.xstyle.md\\\/wp-content\\\/uploads\\\/2020\\\/06\\\/logoicon.svg\",\"contentUrl\":\"https:\\\/\\\/dev.xstyle.md\\\/wp-content\\\/uploads\\\/2020\\\/06\\\/logoicon.svg\",\"caption\":\"\u041c\u0430\u0433\u0430\u0437\u0438\u043d Xstyle\"},\"image\":{\"@id\":\"https:\\\/\\\/dev.xstyle.md\\\/#\\\/schema\\\/logo\\\/image\\\/\"},\"sameAs\":[\"https:\\\/\\\/www.facebook.com\\\/xstylemd\",\"https:\\\/\\\/www.instagram.com\\\/xstyle_md\\\/\",\"https:\\\/\\\/t.me\\\/xstyle_outdoor\"],\"hasMerchantReturnPolicy\":{\"@type\":\"MerchantReturnPolicy\",\"merchantReturnLink\":\"https:\\\/\\\/dev.xstyle.md\\\/ro\\\/conditions\\\/\"}}]}<\/script>\n<meta property=\"product:price:amount\" content=\"1350.00\" \/>\n<meta property=\"product:price:currency\" content=\"MDL\" \/>\n<meta property=\"og:availability\" content=\"instock\" \/>\n<meta property=\"product:availability\" content=\"instock\" \/>\n<meta property=\"product:retailer_item_id\" content=\"8591203520409\" \/>\n<meta property=\"product:condition\" content=\"new\" \/>\n<!-- \/ Yoast SEO plugin. -->","yoast_head_json":{"title":"Jachet\u0103 Hannah Wat JR dark forest\/anthracite - Magazin Xstyle","description":"Jacheta Hannah Wat JR de culoare verde \u00eenchis cu membran\u0103 8000 \u0219i Teflon Eco Elite - o protec\u021bie fiabil\u0103 \u0219i confort pentru copiii activi. Ideal\u0103 pentru aventuri!","robots":{"index":"noindex","follow":"follow","max-snippet":"max-snippet:-1","max-image-preview":"max-image-preview:large","max-video-preview":"max-video-preview:-1"},"og_locale":"ro_RO","og_type":"article","og_title":"\u041a\u0443\u0440\u0442\u043a\u0430 Hannah Wat JR dark forest\/anthracite - \u041c\u0430\u0433\u0430\u0437\u0438\u043d Xstyle","og_description":"\u041a\u0443\u0440\u0442\u043a\u0430 Hannah Wat JR \u0442\u0435\u043c\u043d\u043e-\u0437\u0435\u043b\u0435\u043d\u043e\u0433\u043e \u0446\u0432\u0435\u0442\u0430 \u0441 \u043c\u0435\u043c\u0431\u0440\u0430\u043d\u043e\u0439 8000 \u0438 Teflon Eco Elite \u2014 \u043d\u0430\u0434\u0435\u0436\u043d\u0430\u044f \u0437\u0430\u0449\u0438\u0442\u0430 \u0438 \u043a\u043e\u043c\u0444\u043e\u0440\u0442 \u0434\u043b\u044f \u0430\u043a\u0442\u0438\u0432\u043d\u044b\u0445 \u0434\u0435\u0442\u0435\u0439. \u0418\u0434\u0435\u0430\u043b\u044c\u043d\u0430 \u0434\u043b\u044f \u043f\u0440\u0438\u043a\u043b\u044e\u0447\u0435\u043d\u0438\u0439!","og_url":"https:\/\/dev.xstyle.md\/ro\/produs\/kurtka-hannah-wat-jr-dark-forest-anthracite\/","og_site_name":"\u041c\u0430\u0433\u0430\u0437\u0438\u043d Xstyle","article_publisher":"https:\/\/www.facebook.com\/xstylemd","article_modified_time":"2026-03-04T09:36:16+00:00","og_image":[{"width":1353,"height":1350,"url":"https:\/\/dev.xstyle.md\/wp-content\/uploads\/2024\/05\/hannah-wat-jr-dark-forest-anthracite.jpg","type":"image\/jpeg"}],"twitter_card":"summary_large_image","twitter_misc":{"Pre\u021b":"1.350,00&nbsp;MDL","Disponibilitate":"\u00cen stoc"},"schema":{"@context":"https:\/\/schema.org","@graph":[{"@type":"WebPage","@id":"https:\/\/dev.xstyle.md\/product\/kurtka-hannah-wat-jr-dark-forest-anthracite\/","url":"https:\/\/dev.xstyle.md\/product\/kurtka-hannah-wat-jr-dark-forest-anthracite\/","name":"Jachet\u0103 Hannah Wat JR dark forest\/anthracite - Magazin Xstyle","isPartOf":{"@id":"https:\/\/dev.xstyle.md\/#website"},"primaryImageOfPage":{"@id":"https:\/\/dev.xstyle.md\/product\/kurtka-hannah-wat-jr-dark-forest-anthracite\/#primaryimage"},"image":{"@id":"https:\/\/dev.xstyle.md\/product\/kurtka-hannah-wat-jr-dark-forest-anthracite\/#primaryimage"},"thumbnailUrl":"https:\/\/dev.xstyle.md\/wp-content\/uploads\/2024\/05\/hannah-wat-jr-dark-forest-anthracite.jpg","datePublished":"2024-05-24T07:59:40+00:00","dateModified":"2026-03-04T09:36:16+00:00","description":"Jacheta Hannah Wat JR de culoare verde \u00eenchis cu membran\u0103 8000 \u0219i Teflon Eco Elite - o protec\u021bie fiabil\u0103 \u0219i confort pentru copiii activi. Ideal\u0103 pentru aventuri!","breadcrumb":{"@id":"https:\/\/dev.xstyle.md\/product\/kurtka-hannah-wat-jr-dark-forest-anthracite\/#breadcrumb"},"inLanguage":"ro-RO","potentialAction":[{"@type":"ReadAction","target":["https:\/\/dev.xstyle.md\/product\/kurtka-hannah-wat-jr-dark-forest-anthracite\/"]}]},{"@type":"ImageObject","inLanguage":"ro-RO","@id":"https:\/\/dev.xstyle.md\/product\/kurtka-hannah-wat-jr-dark-forest-anthracite\/#primaryimage","url":"https:\/\/dev.xstyle.md\/wp-content\/uploads\/2024\/05\/hannah-wat-jr-dark-forest-anthracite.jpg","contentUrl":"https:\/\/dev.xstyle.md\/wp-content\/uploads\/2024\/05\/hannah-wat-jr-dark-forest-anthracite.jpg","width":1353,"height":1350,"caption":"\u0414\u0435\u0442\u0441\u043a\u0430\u044f \u043a\u0443\u0440\u0442\u043a\u0430 Hannah Wat JR \u0434\u043b\u044f \u0430\u043a\u0442\u0438\u0432\u043d\u043e\u0433\u043e \u043e\u0442\u0434\u044b\u0445\u0430 \u0438 \u043f\u0443\u0442\u0435\u0448\u0435\u0441\u0442\u0432\u0438\u0439, \u043e\u0434\u0435\u0436\u0434\u0430 \u0438 \u043e\u0431\u0443\u0432\u044c \u0434\u043b\u044f \u0445\u0430\u0439\u043a\u0438\u043d\u0433\u0430 \u0438 \u0430\u043b\u044c\u043f\u0438\u043d\u0438\u0437\u043c\u0430, \u043e\u043d\u043b\u0430\u0439\u043d \u043c\u0430\u0433\u0430\u0437\u0438\u043d \u0430\u043a\u0442\u0438\u0432\u043d\u044b\u0445 \u0442\u043e\u0432\u0430\u0440\u043e\u0432"},{"@type":"BreadcrumbList","@id":"https:\/\/dev.xstyle.md\/product\/kurtka-hannah-wat-jr-dark-forest-anthracite\/#breadcrumb","itemListElement":[{"@type":"ListItem","position":1,"name":"\u0413\u043b\u0430\u0432\u043d\u0430\u044f \u0441\u0442\u0440\u0430\u043d\u0438\u0446\u0430","item":"https:\/\/dev.xstyle.md\/"},{"@type":"ListItem","position":2,"name":"Shop","item":"https:\/\/dev.xstyle.md\/shop\/"},{"@type":"ListItem","position":3,"name":"\u041a\u0443\u0440\u0442\u043a\u0430 Hannah Wat JR dark forest\/anthracite"}]},{"@type":"WebSite","@id":"https:\/\/dev.xstyle.md\/#website","url":"https:\/\/dev.xstyle.md\/","name":"Magazinul X-Style","description":"Echipamente pentru turism \u0219i sporturi extreme \u00een Moldova. Pre\u021buri, fotografii, caracteristici \u00een Moldova.","publisher":{"@id":"https:\/\/dev.xstyle.md\/#organization"},"alternateName":"X-Style","potentialAction":[{"@type":"SearchAction","target":{"@type":"EntryPoint","urlTemplate":"https:\/\/dev.xstyle.md\/?s={search_term_string}"},"query-input":{"@type":"PropertyValueSpecification","valueRequired":true,"valueName":"search_term_string"}}],"inLanguage":"ro-RO"},{"@type":"Organization","@id":"https:\/\/dev.xstyle.md\/#organization","name":"Magazinul X-Style","alternateName":"x-style","url":"https:\/\/dev.xstyle.md\/","logo":{"@type":"ImageObject","inLanguage":"ro-RO","@id":"https:\/\/dev.xstyle.md\/#\/schema\/logo\/image\/","url":"https:\/\/dev.xstyle.md\/wp-content\/uploads\/2020\/06\/logoicon.svg","contentUrl":"https:\/\/dev.xstyle.md\/wp-content\/uploads\/2020\/06\/logoicon.svg","caption":"\u041c\u0430\u0433\u0430\u0437\u0438\u043d Xstyle"},"image":{"@id":"https:\/\/dev.xstyle.md\/#\/schema\/logo\/image\/"},"sameAs":["https:\/\/www.facebook.com\/xstylemd","https:\/\/www.instagram.com\/xstyle_md\/","https:\/\/t.me\/xstyle_outdoor"],"hasMerchantReturnPolicy":{"@type":"MerchantReturnPolicy","merchantReturnLink":"https:\/\/dev.xstyle.md\/ro\/conditions\/"}}]},"product_price_amount":"1350.00","product_price_currency":"MDL","og_availability":"instock","product_availability":"instock","product_retailer_item_id":"8591203520409","product_condition":"new"},"post_mailing_queue_ids":[],"_links":{"self":[{"href":"https:\/\/dev.xstyle.md\/ro\/wp-json\/wp\/v2\/product\/83676","targetHints":{"allow":["GET"]}}],"collection":[{"href":"https:\/\/dev.xstyle.md\/ro\/wp-json\/wp\/v2\/product"}],"about":[{"href":"https:\/\/dev.xstyle.md\/ro\/wp-json\/wp\/v2\/types\/product"}],"replies":[{"embeddable":true,"href":"https:\/\/dev.xstyle.md\/ro\/wp-json\/wp\/v2\/comments?post=83676"}],"version-history":[{"count":0,"href":"https:\/\/dev.xstyle.md\/ro\/wp-json\/wp\/v2\/product\/83676\/revisions"}],"wp:featuredmedia":[{"embeddable":true,"href":"https:\/\/dev.xstyle.md\/ro\/wp-json\/wp\/v2\/media\/84052"}],"wp:attachment":[{"href":"https:\/\/dev.xstyle.md\/ro\/wp-json\/wp\/v2\/media?parent=83676"}],"wp:term":[{"taxonomy":"product_brand","embeddable":true,"href":"https:\/\/dev.xstyle.md\/ro\/wp-json\/wp\/v2\/product_brand?post=83676"},{"taxonomy":"product_cat","embeddable":true,"href":"https:\/\/dev.xstyle.md\/ro\/wp-json\/wp\/v2\/product_cat?post=83676"},{"taxonomy":"product_tag","embeddable":true,"href":"https:\/\/dev.xstyle.md\/ro\/wp-json\/wp\/v2\/product_tag?post=83676"}],"curies":[{"name":"wp","href":"https:\/\/api.w.org\/{rel}","templated":true}]}}