{"id":83674,"date":"2024-05-24T10:59:39","date_gmt":"2024-05-24T07:59:39","guid":{"rendered":"https:\/\/xstyle.md\/?post_type=product&#038;p=83674"},"modified":"2025-12-03T14:01:19","modified_gmt":"2025-12-03T11:01:19","slug":"kurtka-hannah-shelton-lite-mns-india-ink-anthracite","status":"publish","type":"product","link":"https:\/\/dev.xstyle.md\/ro\/produs\/kurtka-hannah-shelton-lite-mns-india-ink-anthracite\/","title":{"rendered":"Geac\u0103 Hannah Shelton Lite Mns india ink\/anthracite"},"content":{"rendered":"<\/p>\n<p><strong>Hannah Shelton Lite<\/strong> &#8212; jeac\u0103 b\u0103rb\u0103teasc\u0103 cu membran\u0103, confec\u021bionat\u0103 din material Softshell Extra Lite impermeabil, rezistent la v\u00e2nt \u0219i respirabil, cu membran\u0103 8000 \u0219i tratament Teflon Eco Lite. Jacheta are o glug\u0103 \u0219i o margine inferioar\u0103 reglabile \u0219i m\u00e2neci mulate cu Velcro. Are dou\u0103 buzunare principale \u0219i un buzunar la piept, toate cu fermoar. \u021ainuta lejer\u0103 este confortabil\u0103 \u0219i nu limiteaz\u0103 mi\u0219carea.<\/p>\n<h3>Particularit\u0103\u021bi<\/h3>\n<ul>\n<li>Jachet\u0103 respirabil\u0103, rezistent\u0103 la v\u00e2nt, care protejeaz\u0103 \u0219i \u00eempotriva precipita\u021biilor u\u0219oare<\/li>\n<li>\u021ainut\u0103 lejer\u0103, f\u0103r\u0103 a restric\u021biona mi\u0219carea<\/li>\n<li>Partea de jos reglabil\u0103<\/li>\n<li>Glug\u0103 reglabil\u0103 pentru o potrivire mai confortabil\u0103<\/li>\n<li>Accesorii de calitate.<\/li>\n<\/ul>\n<h3>Caracteristici<\/h3>\n<ul>\n<li>Material &#8212; 94% poliester, 6% elastan<\/li>\n<li>Membran\u0103 &#8212; Resstex 8000<\/li>\n<li>Destina\u021bie &#8212; sport activ \/ casual<\/li>\n<li>Sezonul - primarvar\u0103\/toamn\u0103<\/li>\n<li>Model - b\u0103rba\u021bi.<\/li>\n<\/ul>\n<h3>Tehnologie<\/h3>\n<ul>\n<li><strong>Resstex 8000<\/strong> &#8212; membran\u0103 poliuretanic\u0103 microporoas\u0103 cu un raport bine echilibrat \u00eentre impermeabilitate \u0219i respirabilitate. Produsele cu aceast\u0103 membran\u0103 protejeaz\u0103 \u00eempotriva ploii sau a z\u0103pezii umede \u0219i, \u00een acela\u0219i timp, men\u021bin parametrii de respirabilitate care sunt aprecia\u021bi \u00een multe activit\u0103\u021bi \u00een aer liber.<\/li>\n<\/ul>\n<h3>Marca<\/h3>\n<p>Hannah este un brand interna\u021bional specializat \u00een articole de c\u0103l\u0103torie \u0219i \u00eembr\u0103c\u0103minte sport pentru fiecare sezon. Marca Hannah a fost fondat\u0103 \u00een Republica Ceh\u0103 \u00een 1991. Compania a ob\u021binut un succes bun pe pia\u021ba intern\u0103 datorit\u0103 politicii sale de \u00eenalt\u0103 calitate \u0219i a pre\u021burilor accesibile pentru fiecare produs.<\/p>\n<p>\u00cenc\u0103 de la \u00eenceput, compania a \u00eenceput s\u0103 produc\u0103 produse \u00een conformitate cu standardele interna\u021bionale, deoarece a realizat pe deplin importan\u021ba unei reputa\u021bii curate. \u00cen acest sens, s-a petrecut mult timp pentru selectarea materialelor de calitate, produsele put\u00e2nd fi caracterizate de rezisten\u021b\u0103 la uzur\u0103 \u0219i durabilitate, iar unele produse sunt, de asemenea, impermeabile. Ast\u0103zi, marca nu st\u0103 pe loc, catalogul lor este actualizat \u0219i extins \u00een mod constant, iar produsele pot fi g\u0103site \u00een \u00eentreaga lume.<\/p>\n<p><\/p>","protected":false},"excerpt":{"rendered":"","protected":false},"featured_media":84007,"comment_status":"open","ping_status":"closed","template":"","meta":{"_acf_changed":false,"inline_featured_image":false},"product_brand":[1271],"product_cat":[246],"product_tag":[],"class_list":{"0":"post-83674","1":"product","2":"type-product","3":"status-publish","4":"has-post-thumbnail","6":"product_brand-hannah","7":"product_cat-membrane-jackets-barbati","9":"first","10":"instock","11":"shipping-taxable","12":"purchasable","13":"product-type-simple"},"acf":[],"yoast_head":"<!-- This site is optimized with the Yoast SEO plugin v27.5 - https:\/\/yoast.com\/product\/yoast-seo-wordpress\/ -->\n<title>\u041a\u0443\u0440\u0442\u043a\u0430 Hannah Shelton Lite Mns india ink\/anthracite - \u041c\u0430\u0433\u0430\u0437\u0438\u043d Xstyle<\/title>\n<meta name=\"description\" content=\"\u041a\u0443\u0440\u0442\u043a\u0430 Hannah Shelton Lite Mns india ink\/anthracite - \u043b\u0435\u0433\u043a\u0430\u044f, \u0432\u043e\u0434\u043e- \u0438 \u0432\u0435\u0442\u0440\u043e\u0437\u0430\u0449\u0438\u0442\u043d\u0430\u044f. \u0418\u0434\u0435\u0430\u043b\u044c\u043d\u0430 \u0434\u043b\u044f \u0430\u043a\u0442\u0438\u0432\u043d\u043e\u0433\u043e \u043e\u0442\u0434\u044b\u0445\u0430. \u041a\u043e\u043c\u0444\u043e\u0440\u0442 \u0438 \u0441\u0442\u0438\u043b\u044c \u0432 \u043a\u0430\u0436\u0434\u043e\u0439 \u0434\u0435\u0442\u0430\u043b\u0438!\" \/>\n<meta name=\"robots\" content=\"noindex, follow, max-snippet:-1, max-image-preview:large, max-video-preview:-1\" \/>\n<meta property=\"og:locale\" content=\"ro_RO\" \/>\n<meta property=\"og:type\" content=\"article\" \/>\n<meta property=\"og:title\" content=\"\u041a\u0443\u0440\u0442\u043a\u0430 Hannah Shelton Lite Mns india ink\/anthracite - \u041c\u0430\u0433\u0430\u0437\u0438\u043d Xstyle\" \/>\n<meta property=\"og:description\" content=\"\u041a\u0443\u0440\u0442\u043a\u0430 Hannah Shelton Lite Mns india ink\/anthracite - \u043b\u0435\u0433\u043a\u0430\u044f, \u0432\u043e\u0434\u043e- \u0438 \u0432\u0435\u0442\u0440\u043e\u0437\u0430\u0449\u0438\u0442\u043d\u0430\u044f. \u0418\u0434\u0435\u0430\u043b\u044c\u043d\u0430 \u0434\u043b\u044f \u0430\u043a\u0442\u0438\u0432\u043d\u043e\u0433\u043e \u043e\u0442\u0434\u044b\u0445\u0430. \u041a\u043e\u043c\u0444\u043e\u0440\u0442 \u0438 \u0441\u0442\u0438\u043b\u044c \u0432 \u043a\u0430\u0436\u0434\u043e\u0439 \u0434\u0435\u0442\u0430\u043b\u0438!\" \/>\n<meta property=\"og:url\" content=\"https:\/\/dev.xstyle.md\/ro\/produs\/kurtka-hannah-shelton-lite-mns-india-ink-anthracite\/\" \/>\n<meta property=\"og:site_name\" content=\"\u041c\u0430\u0433\u0430\u0437\u0438\u043d Xstyle\" \/>\n<meta property=\"article:publisher\" content=\"https:\/\/www.facebook.com\/xstylemd\" \/>\n<meta property=\"article:modified_time\" content=\"2025-12-03T11:01:19+00:00\" \/>\n<meta property=\"og:image\" content=\"https:\/\/dev.xstyle.md\/wp-content\/uploads\/2024\/05\/hannah-shelton-lite-mns-india-ink-anthracite.jpg\" \/>\n\t<meta property=\"og:image:width\" content=\"1452\" \/>\n\t<meta property=\"og:image:height\" content=\"1434\" \/>\n\t<meta property=\"og:image:type\" content=\"image\/jpeg\" \/>\n<meta name=\"twitter:card\" content=\"summary_large_image\" \/>\n<meta name=\"twitter:label1\" content=\"Pre\u021b\" \/>\n\t<meta name=\"twitter:data1\" content=\"2.100,00&nbsp;MDL\" \/>\n\t<meta name=\"twitter:label2\" content=\"Disponibilitate\" \/>\n\t<meta name=\"twitter:data2\" content=\"\u00cen stoc\" \/>\n<script type=\"application\/ld+json\" class=\"yoast-schema-graph\">{\"@context\":\"https:\\\/\\\/schema.org\",\"@graph\":[{\"@type\":\"WebPage\",\"@id\":\"https:\\\/\\\/dev.xstyle.md\\\/product\\\/kurtka-hannah-shelton-lite-mns-india-ink-anthracite\\\/\",\"url\":\"https:\\\/\\\/dev.xstyle.md\\\/product\\\/kurtka-hannah-shelton-lite-mns-india-ink-anthracite\\\/\",\"name\":\"\u041a\u0443\u0440\u0442\u043a\u0430 Hannah Shelton Lite Mns india ink\\\/anthracite - \u041c\u0430\u0433\u0430\u0437\u0438\u043d Xstyle\",\"isPartOf\":{\"@id\":\"https:\\\/\\\/dev.xstyle.md\\\/#website\"},\"primaryImageOfPage\":{\"@id\":\"https:\\\/\\\/dev.xstyle.md\\\/product\\\/kurtka-hannah-shelton-lite-mns-india-ink-anthracite\\\/#primaryimage\"},\"image\":{\"@id\":\"https:\\\/\\\/dev.xstyle.md\\\/product\\\/kurtka-hannah-shelton-lite-mns-india-ink-anthracite\\\/#primaryimage\"},\"thumbnailUrl\":\"https:\\\/\\\/dev.xstyle.md\\\/wp-content\\\/uploads\\\/2024\\\/05\\\/hannah-shelton-lite-mns-india-ink-anthracite.jpg\",\"datePublished\":\"2024-05-24T07:59:39+00:00\",\"dateModified\":\"2025-12-03T11:01:19+00:00\",\"description\":\"\u041a\u0443\u0440\u0442\u043a\u0430 Hannah Shelton Lite Mns india ink\\\/anthracite - \u043b\u0435\u0433\u043a\u0430\u044f, \u0432\u043e\u0434\u043e- \u0438 \u0432\u0435\u0442\u0440\u043e\u0437\u0430\u0449\u0438\u0442\u043d\u0430\u044f. \u0418\u0434\u0435\u0430\u043b\u044c\u043d\u0430 \u0434\u043b\u044f \u0430\u043a\u0442\u0438\u0432\u043d\u043e\u0433\u043e \u043e\u0442\u0434\u044b\u0445\u0430. \u041a\u043e\u043c\u0444\u043e\u0440\u0442 \u0438 \u0441\u0442\u0438\u043b\u044c \u0432 \u043a\u0430\u0436\u0434\u043e\u0439 \u0434\u0435\u0442\u0430\u043b\u0438!\",\"breadcrumb\":{\"@id\":\"https:\\\/\\\/dev.xstyle.md\\\/product\\\/kurtka-hannah-shelton-lite-mns-india-ink-anthracite\\\/#breadcrumb\"},\"inLanguage\":\"ro-RO\",\"potentialAction\":[{\"@type\":\"ReadAction\",\"target\":[\"https:\\\/\\\/dev.xstyle.md\\\/product\\\/kurtka-hannah-shelton-lite-mns-india-ink-anthracite\\\/\"]}]},{\"@type\":\"ImageObject\",\"inLanguage\":\"ro-RO\",\"@id\":\"https:\\\/\\\/dev.xstyle.md\\\/product\\\/kurtka-hannah-shelton-lite-mns-india-ink-anthracite\\\/#primaryimage\",\"url\":\"https:\\\/\\\/dev.xstyle.md\\\/wp-content\\\/uploads\\\/2024\\\/05\\\/hannah-shelton-lite-mns-india-ink-anthracite.jpg\",\"contentUrl\":\"https:\\\/\\\/dev.xstyle.md\\\/wp-content\\\/uploads\\\/2024\\\/05\\\/hannah-shelton-lite-mns-india-ink-anthracite.jpg\",\"width\":1452,\"height\":1434,\"caption\":\"\u0422\u0451\u043f\u043b\u0430\u044f \u0441\u043f\u043e\u0440\u0442\u0438\u0432\u043d\u0430\u044f \u043a\u0443\u0440\u0442\u043a\u0430 Hannah Shelton Lite Mns \u0434\u043b\u044f \u0430\u043a\u0442\u0438\u0432\u043d\u043e\u0433\u043e \u043e\u0442\u0434\u044b\u0445\u0430, \u043f\u0443\u0442\u0435\u0448\u0435\u0441\u0442\u0432\u0438\u0439 \u0438 \u043f\u043e\u0445\u043e\u0434\u043e\u0432, \u0441\u0442\u0438\u043b\u044c\u043d\u0430\u044f \u043e\u0434\u0435\u0436\u0434\u0430 \u0434\u043b\u044f \u043b\u044e\u0431\u0438\u0442\u0435\u043b\u0435\u0439 \u0433\u043e\u0440, \u0442\u0443\u0440\u0438\u0437\u043c\u0430 \u0438 \u0444\u0438\u0442\u043d\u0435\u0441\u0430 \u0432 \u0438\u043d\u0442\u0435\u0440\u043d\u0435\u0442-\u043c\u0430\u0433\u0430\u0437\u0438\u043d\u0435\"},{\"@type\":\"BreadcrumbList\",\"@id\":\"https:\\\/\\\/dev.xstyle.md\\\/product\\\/kurtka-hannah-shelton-lite-mns-india-ink-anthracite\\\/#breadcrumb\",\"itemListElement\":[{\"@type\":\"ListItem\",\"position\":1,\"name\":\"\u0413\u043b\u0430\u0432\u043d\u0430\u044f \u0441\u0442\u0440\u0430\u043d\u0438\u0446\u0430\",\"item\":\"https:\\\/\\\/dev.xstyle.md\\\/\"},{\"@type\":\"ListItem\",\"position\":2,\"name\":\"Shop\",\"item\":\"https:\\\/\\\/dev.xstyle.md\\\/shop\\\/\"},{\"@type\":\"ListItem\",\"position\":3,\"name\":\"\u041a\u0443\u0440\u0442\u043a\u0430 Hannah Shelton Lite Mns india ink\\\/anthracite\"}]},{\"@type\":\"WebSite\",\"@id\":\"https:\\\/\\\/dev.xstyle.md\\\/#website\",\"url\":\"https:\\\/\\\/dev.xstyle.md\\\/\",\"name\":\"\u041c\u0430\u0433\u0430\u0437\u0438\u043d Xstyle\",\"description\":\"C\u043d\u0430\u0440\u044f\u0436\u0435\u043d\u0438\u0435 \u0434\u043b\u044f \u0442\u0443\u0440\u0438\u0437\u043c\u0430 \u0438 \u044d\u043a\u0441\u0442\u0440\u0435\u043c\u0430\u043b\u044c\u043d\u044b\u0445 \u0432\u0438\u0434\u043e\u0432 \u0441\u043f\u043e\u0440\u0442\u0430 \u0432 \u041c\u043e\u043b\u0434\u043e\u0432\u0435.. \u0426\u0435\u043d\u044b, \u0444\u043e\u0442\u043e, \u0445\u0430\u0440\u0430\u043a\u0442\u0435\u0440\u0438\u0441\u0442\u0438\u043a\u0438 \u0432 \u041c\u043e\u043b\u0434\u043e\u0432\u0435.\",\"publisher\":{\"@id\":\"https:\\\/\\\/dev.xstyle.md\\\/#organization\"},\"alternateName\":\"X-Style\",\"potentialAction\":[{\"@type\":\"SearchAction\",\"target\":{\"@type\":\"EntryPoint\",\"urlTemplate\":\"https:\\\/\\\/dev.xstyle.md\\\/?s={search_term_string}\"},\"query-input\":{\"@type\":\"PropertyValueSpecification\",\"valueRequired\":true,\"valueName\":\"search_term_string\"}}],\"inLanguage\":\"ro-RO\"},{\"@type\":\"Organization\",\"@id\":\"https:\\\/\\\/dev.xstyle.md\\\/#organization\",\"name\":\"\u041c\u0430\u0433\u0430\u0437\u0438\u043d Xstyle\",\"alternateName\":\"x-style\",\"url\":\"https:\\\/\\\/dev.xstyle.md\\\/\",\"logo\":{\"@type\":\"ImageObject\",\"inLanguage\":\"ro-RO\",\"@id\":\"https:\\\/\\\/dev.xstyle.md\\\/#\\\/schema\\\/logo\\\/image\\\/\",\"url\":\"https:\\\/\\\/dev.xstyle.md\\\/wp-content\\\/uploads\\\/2020\\\/06\\\/logoicon.svg\",\"contentUrl\":\"https:\\\/\\\/dev.xstyle.md\\\/wp-content\\\/uploads\\\/2020\\\/06\\\/logoicon.svg\",\"caption\":\"\u041c\u0430\u0433\u0430\u0437\u0438\u043d Xstyle\"},\"image\":{\"@id\":\"https:\\\/\\\/dev.xstyle.md\\\/#\\\/schema\\\/logo\\\/image\\\/\"},\"sameAs\":[\"https:\\\/\\\/www.facebook.com\\\/xstylemd\",\"https:\\\/\\\/www.instagram.com\\\/xstyle_md\\\/\",\"https:\\\/\\\/t.me\\\/xstyle_outdoor\"],\"hasMerchantReturnPolicy\":{\"@type\":\"MerchantReturnPolicy\",\"merchantReturnLink\":\"https:\\\/\\\/dev.xstyle.md\\\/ro\\\/conditions\\\/\"}}]}<\/script>\n<meta property=\"product:price:amount\" content=\"2100.00\" \/>\n<meta property=\"product:price:currency\" content=\"MDL\" \/>\n<meta property=\"og:availability\" content=\"instock\" \/>\n<meta property=\"product:availability\" content=\"instock\" \/>\n<meta property=\"product:retailer_item_id\" content=\"8591203519434\" \/>\n<meta property=\"product:condition\" content=\"new\" \/>\n<!-- \/ Yoast SEO plugin. -->","yoast_head_json":{"title":"Geac\u0103 Hannah Shelton Lite Mns india ink\/anthracite - Magazin Xstyle","description":"Jacheta Hannah Shelton Lite Mns india ink\/anthracite - u\u0219oar\u0103, rezistent\u0103 la ap\u0103 \u0219i v\u00e2nt. Ideal\u0103 pentru activit\u0103\u021bi \u00een aer liber. Confort \u0219i stil \u00een fiecare detaliu!","robots":{"index":"noindex","follow":"follow","max-snippet":"max-snippet:-1","max-image-preview":"max-image-preview:large","max-video-preview":"max-video-preview:-1"},"og_locale":"ro_RO","og_type":"article","og_title":"\u041a\u0443\u0440\u0442\u043a\u0430 Hannah Shelton Lite Mns india ink\/anthracite - \u041c\u0430\u0433\u0430\u0437\u0438\u043d Xstyle","og_description":"\u041a\u0443\u0440\u0442\u043a\u0430 Hannah Shelton Lite Mns india ink\/anthracite - \u043b\u0435\u0433\u043a\u0430\u044f, \u0432\u043e\u0434\u043e- \u0438 \u0432\u0435\u0442\u0440\u043e\u0437\u0430\u0449\u0438\u0442\u043d\u0430\u044f. \u0418\u0434\u0435\u0430\u043b\u044c\u043d\u0430 \u0434\u043b\u044f \u0430\u043a\u0442\u0438\u0432\u043d\u043e\u0433\u043e \u043e\u0442\u0434\u044b\u0445\u0430. \u041a\u043e\u043c\u0444\u043e\u0440\u0442 \u0438 \u0441\u0442\u0438\u043b\u044c \u0432 \u043a\u0430\u0436\u0434\u043e\u0439 \u0434\u0435\u0442\u0430\u043b\u0438!","og_url":"https:\/\/dev.xstyle.md\/ro\/produs\/kurtka-hannah-shelton-lite-mns-india-ink-anthracite\/","og_site_name":"\u041c\u0430\u0433\u0430\u0437\u0438\u043d Xstyle","article_publisher":"https:\/\/www.facebook.com\/xstylemd","article_modified_time":"2025-12-03T11:01:19+00:00","og_image":[{"width":1452,"height":1434,"url":"https:\/\/dev.xstyle.md\/wp-content\/uploads\/2024\/05\/hannah-shelton-lite-mns-india-ink-anthracite.jpg","type":"image\/jpeg"}],"twitter_card":"summary_large_image","twitter_misc":{"Pre\u021b":"2.100,00&nbsp;MDL","Disponibilitate":"\u00cen stoc"},"schema":{"@context":"https:\/\/schema.org","@graph":[{"@type":"WebPage","@id":"https:\/\/dev.xstyle.md\/product\/kurtka-hannah-shelton-lite-mns-india-ink-anthracite\/","url":"https:\/\/dev.xstyle.md\/product\/kurtka-hannah-shelton-lite-mns-india-ink-anthracite\/","name":"Geac\u0103 Hannah Shelton Lite Mns india ink\/anthracite - Magazin Xstyle","isPartOf":{"@id":"https:\/\/dev.xstyle.md\/#website"},"primaryImageOfPage":{"@id":"https:\/\/dev.xstyle.md\/product\/kurtka-hannah-shelton-lite-mns-india-ink-anthracite\/#primaryimage"},"image":{"@id":"https:\/\/dev.xstyle.md\/product\/kurtka-hannah-shelton-lite-mns-india-ink-anthracite\/#primaryimage"},"thumbnailUrl":"https:\/\/dev.xstyle.md\/wp-content\/uploads\/2024\/05\/hannah-shelton-lite-mns-india-ink-anthracite.jpg","datePublished":"2024-05-24T07:59:39+00:00","dateModified":"2025-12-03T11:01:19+00:00","description":"Jacheta Hannah Shelton Lite Mns india ink\/anthracite - u\u0219oar\u0103, rezistent\u0103 la ap\u0103 \u0219i v\u00e2nt. Ideal\u0103 pentru activit\u0103\u021bi \u00een aer liber. Confort \u0219i stil \u00een fiecare detaliu!","breadcrumb":{"@id":"https:\/\/dev.xstyle.md\/product\/kurtka-hannah-shelton-lite-mns-india-ink-anthracite\/#breadcrumb"},"inLanguage":"ro-RO","potentialAction":[{"@type":"ReadAction","target":["https:\/\/dev.xstyle.md\/product\/kurtka-hannah-shelton-lite-mns-india-ink-anthracite\/"]}]},{"@type":"ImageObject","inLanguage":"ro-RO","@id":"https:\/\/dev.xstyle.md\/product\/kurtka-hannah-shelton-lite-mns-india-ink-anthracite\/#primaryimage","url":"https:\/\/dev.xstyle.md\/wp-content\/uploads\/2024\/05\/hannah-shelton-lite-mns-india-ink-anthracite.jpg","contentUrl":"https:\/\/dev.xstyle.md\/wp-content\/uploads\/2024\/05\/hannah-shelton-lite-mns-india-ink-anthracite.jpg","width":1452,"height":1434,"caption":"\u0422\u0451\u043f\u043b\u0430\u044f \u0441\u043f\u043e\u0440\u0442\u0438\u0432\u043d\u0430\u044f \u043a\u0443\u0440\u0442\u043a\u0430 Hannah Shelton Lite Mns \u0434\u043b\u044f \u0430\u043a\u0442\u0438\u0432\u043d\u043e\u0433\u043e \u043e\u0442\u0434\u044b\u0445\u0430, \u043f\u0443\u0442\u0435\u0448\u0435\u0441\u0442\u0432\u0438\u0439 \u0438 \u043f\u043e\u0445\u043e\u0434\u043e\u0432, \u0441\u0442\u0438\u043b\u044c\u043d\u0430\u044f \u043e\u0434\u0435\u0436\u0434\u0430 \u0434\u043b\u044f \u043b\u044e\u0431\u0438\u0442\u0435\u043b\u0435\u0439 \u0433\u043e\u0440, \u0442\u0443\u0440\u0438\u0437\u043c\u0430 \u0438 \u0444\u0438\u0442\u043d\u0435\u0441\u0430 \u0432 \u0438\u043d\u0442\u0435\u0440\u043d\u0435\u0442-\u043c\u0430\u0433\u0430\u0437\u0438\u043d\u0435"},{"@type":"BreadcrumbList","@id":"https:\/\/dev.xstyle.md\/product\/kurtka-hannah-shelton-lite-mns-india-ink-anthracite\/#breadcrumb","itemListElement":[{"@type":"ListItem","position":1,"name":"\u0413\u043b\u0430\u0432\u043d\u0430\u044f \u0441\u0442\u0440\u0430\u043d\u0438\u0446\u0430","item":"https:\/\/dev.xstyle.md\/"},{"@type":"ListItem","position":2,"name":"Shop","item":"https:\/\/dev.xstyle.md\/shop\/"},{"@type":"ListItem","position":3,"name":"\u041a\u0443\u0440\u0442\u043a\u0430 Hannah Shelton Lite Mns india ink\/anthracite"}]},{"@type":"WebSite","@id":"https:\/\/dev.xstyle.md\/#website","url":"https:\/\/dev.xstyle.md\/","name":"Magazinul X-Style","description":"Echipamente pentru turism \u0219i sporturi extreme \u00een Moldova. Pre\u021buri, fotografii, caracteristici \u00een Moldova.","publisher":{"@id":"https:\/\/dev.xstyle.md\/#organization"},"alternateName":"X-Style","potentialAction":[{"@type":"SearchAction","target":{"@type":"EntryPoint","urlTemplate":"https:\/\/dev.xstyle.md\/?s={search_term_string}"},"query-input":{"@type":"PropertyValueSpecification","valueRequired":true,"valueName":"search_term_string"}}],"inLanguage":"ro-RO"},{"@type":"Organization","@id":"https:\/\/dev.xstyle.md\/#organization","name":"Magazinul X-Style","alternateName":"x-style","url":"https:\/\/dev.xstyle.md\/","logo":{"@type":"ImageObject","inLanguage":"ro-RO","@id":"https:\/\/dev.xstyle.md\/#\/schema\/logo\/image\/","url":"https:\/\/dev.xstyle.md\/wp-content\/uploads\/2020\/06\/logoicon.svg","contentUrl":"https:\/\/dev.xstyle.md\/wp-content\/uploads\/2020\/06\/logoicon.svg","caption":"\u041c\u0430\u0433\u0430\u0437\u0438\u043d Xstyle"},"image":{"@id":"https:\/\/dev.xstyle.md\/#\/schema\/logo\/image\/"},"sameAs":["https:\/\/www.facebook.com\/xstylemd","https:\/\/www.instagram.com\/xstyle_md\/","https:\/\/t.me\/xstyle_outdoor"],"hasMerchantReturnPolicy":{"@type":"MerchantReturnPolicy","merchantReturnLink":"https:\/\/dev.xstyle.md\/ro\/conditions\/"}}]},"product_price_amount":"2100.00","product_price_currency":"MDL","og_availability":"instock","product_availability":"instock","product_retailer_item_id":"8591203519434","product_condition":"new"},"post_mailing_queue_ids":[],"_links":{"self":[{"href":"https:\/\/dev.xstyle.md\/ro\/wp-json\/wp\/v2\/product\/83674","targetHints":{"allow":["GET"]}}],"collection":[{"href":"https:\/\/dev.xstyle.md\/ro\/wp-json\/wp\/v2\/product"}],"about":[{"href":"https:\/\/dev.xstyle.md\/ro\/wp-json\/wp\/v2\/types\/product"}],"replies":[{"embeddable":true,"href":"https:\/\/dev.xstyle.md\/ro\/wp-json\/wp\/v2\/comments?post=83674"}],"version-history":[{"count":0,"href":"https:\/\/dev.xstyle.md\/ro\/wp-json\/wp\/v2\/product\/83674\/revisions"}],"wp:featuredmedia":[{"embeddable":true,"href":"https:\/\/dev.xstyle.md\/ro\/wp-json\/wp\/v2\/media\/84007"}],"wp:attachment":[{"href":"https:\/\/dev.xstyle.md\/ro\/wp-json\/wp\/v2\/media?parent=83674"}],"wp:term":[{"taxonomy":"product_brand","embeddable":true,"href":"https:\/\/dev.xstyle.md\/ro\/wp-json\/wp\/v2\/product_brand?post=83674"},{"taxonomy":"product_cat","embeddable":true,"href":"https:\/\/dev.xstyle.md\/ro\/wp-json\/wp\/v2\/product_cat?post=83674"},{"taxonomy":"product_tag","embeddable":true,"href":"https:\/\/dev.xstyle.md\/ro\/wp-json\/wp\/v2\/product_tag?post=83674"}],"curies":[{"name":"wp","href":"https:\/\/api.w.org\/{rel}","templated":true}]}}