{"id":83672,"date":"2024-05-24T10:59:39","date_gmt":"2024-05-24T07:59:39","guid":{"rendered":"https:\/\/xstyle.md\/?post_type=product&#038;p=83672"},"modified":"2026-04-08T12:08:49","modified_gmt":"2026-04-08T09:08:49","slug":"kurtka-hannah-nickhil-ii-mns-picante","status":"publish","type":"product","link":"https:\/\/dev.xstyle.md\/ro\/produs\/kurtka-hannah-nickhil-ii-mns-picante\/","title":{"rendered":"Geac\u0103 Hannah Nickhil II Mns picante"},"content":{"rendered":"<p><\/p>\n<p><strong>Hannah Nickhil<\/strong> \u2014 jacheta a fost conceput\u0103 pentru pasiona\u021bii de trekking, drume\u021bii \u0219i c\u0103l\u0103torii, dar este at\u00e2t de stilat\u0103 \u00eenc\u00e2t poate fi purtat\u0103 chiar \u0219i \u00een ora\u0219. Este impermeabil\u0103 datorit\u0103 membranei Climatic Element Stretch, cu o coloan\u0103 de ap\u0103 de 10 000 mm \u0219i tratament C6 DWR. C\u0103ptu\u0219eala din plas\u0103 este extrem de confortabil\u0103 \u0219i respirabil\u0103. Jacheta se a\u0219eaz\u0103 bine pe corp datorit\u0103 m\u00e2necilor preformate cu \u00eenchidere velcro \u0219i croielii clasice. Tivul inferior este reglabil, cus\u0103turile sunt lipite, fermoarul principal este protejat de o fent\u0103, iar gluga este pliabil\u0103. Jacheta dispune de fermoare pentru reglarea u\u0219oar\u0103 a ventila\u021biei, dou\u0103 buzunare principale cu fermoar \u0219i un buzunar la piept.<\/p>\n<h3>Particularit\u0103\u021bi<\/h3>\n<ul>\n<li>Glug\u0103 deta\u0219abil\u0103 \u2014 permite adaptarea jachetei \u00een func\u021bie de condi\u021biile meteo sau preferin\u021be<\/li>\n<li>Ventila\u021bie la subra\u021b \u2014 asigur\u0103 un flux de aer suplimentar pentru eliminarea c\u0103ldurii \u00een timpul efortului<\/li>\n<li>Buzunare practice \u2014 dou\u0103 buzunare principale \u0219i unul la piept, toate securizate cu fermoar<\/li>\n<li>Tiv reglabil \u2014 partea inferioar\u0103 permite ajustarea l\u0103\u021bimii pentru o fixare mai bun\u0103 \u0219i protec\u021bie \u00eempotriva v\u00e2ntului<\/li>\n<li>M\u00e2neci anatomice \u2014 form\u0103 preformat\u0103 pentru libertate de mi\u0219care, cu man\u0219ete reglabile prin velcro<\/li>\n<li>C\u0103ptu\u0219eal\u0103 respirabil\u0103 \u2014 realizat\u0103 din plas\u0103 (mesh) pentru un confort sporit \u0219i circula\u021bia aerului<\/li>\n<li>Protec\u021bie maxim\u0103 \u2014 cus\u0103turi etan\u0219e \u0219i lipite pentru a preveni p\u0103trunderea apei<\/li>\n<\/ul>\n<h3>Caracteristici<\/h3>\n<ul>\n<li>Material \u2014 100% poliester<\/li>\n<li>Membran\u0103 \u2014 Climatic Element Stretch<\/li>\n<li>Impermeabilitate \u2014 10 000 mm<\/li>\n<li>Respirabilitate \u2014 10 000 g\/m\u00b2\/24h<\/li>\n<li>Model \u2014 b\u0103rba\u021bi<\/li>\n<\/ul>\n<h3>Tehnologii<\/h3>\n<ul>\n<li><strong>Climatic Element Stretch<\/strong> \u2014 o membran\u0103 din poliuretan neporos, cu indici ridica\u021bi de respirabilitate \u0219i impermeabilitate. \u00cen combina\u021bie cu materialul exterior ce dispune de elasticitate mecanic\u0103, se ob\u021bine o flexibilitate superioar\u0103 a produsului finit. Articolele realizate cu aceast\u0103 membran\u0103 sunt rezistente la ap\u0103 \u0219i v\u00e2nt, fiind extrem de durabile \u0219i respirabile. Aceste propriet\u0103\u021bi se men\u021bin chiar \u0219i la temperaturi sc\u0103zute, ceea ce le face ideale pentru schi \u0219i alte sporturi de iarn\u0103.<\/li>\n<li><strong>DWR<\/strong> (Durable Water Repellent) \u2014 o impregnare hidrofob\u0103 aplicat\u0103 pe suprafa\u021ba materialului, care \u00eembun\u0103t\u0103\u021be\u0219te propriet\u0103\u021bile func\u021bionale ale \u00eembr\u0103c\u0103mintei. Impregnarea \u00ee\u0219i p\u0103streaz\u0103 propriet\u0103\u021bile p\u00e2n\u0103 la 10 cicluri de sp\u0103lare \u0219i, \u00een acela\u0219i timp, poate fi re\u00eennoit\u0103 cu u\u0219urin\u021b\u0103 folosind produse obi\u0219nuite sub form\u0103 de spray (de exemplu, Toko Textile Proof). Varianta DWR C6 este mai ecologic\u0103.<\/li>\n<\/ul>\n<p><\/p>\n<h3>Marca<\/h3>\n<p>Hannah \u2013 este un brand interna\u021bional, specializat \u00een produc\u021bia de articole pentru turism \u0219i \u00eembr\u0103c\u0103minte sportiv\u0103 pentru orice sezon. Brandul Hannah a fost fondat \u00een Republica Ceh\u0103 \u00een 1991. Compania a ob\u021binut succese bune pe pia\u021ba intern\u0103, datorit\u0103 calit\u0103\u021bii ridicate \u0219i politicii de pre\u021buri accesibile pentru fiecare produs.<\/p>\n<p>La \u00eenceput, compania fabrica produse conform standardelor interna\u021bionale, deoarece au \u00een\u021beles pe deplin importan\u021ba unei reputa\u021bii excelente. \u00cen acest sens, s-a alocat mult timp selec\u021biei materialelor de \u00eenalt\u0103 calitate, care sunt rezistente la uzur\u0103 \u0219i rezistente la ap\u0103. Ast\u0103zi, brandul nu st\u0103 pe loc, catalogul lor este \u00een permanen\u021b\u0103 actualizat \u0219i extins, iar produsele pot fi g\u0103site \u00een toat\u0103 lumea.<\/p>","protected":false},"excerpt":{"rendered":"<p>\u0411\u0440\u0435\u043d\u0434 Hannah \u2013 \u044d\u0442\u043e \u043c\u0435\u0436\u0434\u0443\u043d\u0430\u0440\u043e\u0434\u043d\u044b\u0439 \u0431\u0440\u0435\u043d\u0434, \u0441\u043f\u0435\u0446\u0438\u0430\u043b\u0438\u0437\u0438\u0440\u0443\u044e\u0449\u0438\u0439\u0441\u044f \u043d\u0430 \u043f\u0440\u043e\u0438\u0437\u0432\u043e\u0434\u0441\u0442\u0432\u0435 \u0442\u0443\u0440\u0438\u0441\u0442\u0438\u0447\u0435\u0441\u043a\u0438\u0445 \u0442\u043e\u0432\u0430\u0440\u043e\u0432 \u0438 \u0441\u043f\u043e\u0440\u0442\u0438\u0432\u043d\u043e\u0439 \u043e\u0434\u0435\u0436\u0434\u044b \u043d\u0430 \u043b\u044e\u0431\u043e\u0439 \u0441\u0435\u0437\u043e\u043d. \u0411\u0440\u0435\u043d\u0434 Hannah \u0431\u044b\u043b<\/p>","protected":false},"featured_media":84022,"comment_status":"open","ping_status":"closed","template":"","meta":{"_acf_changed":false,"inline_featured_image":false},"product_brand":[1271],"product_cat":[246],"product_tag":[],"class_list":{"0":"post-83672","1":"product","2":"type-product","3":"status-publish","4":"has-post-thumbnail","6":"product_brand-hannah","7":"product_cat-membrane-jackets-barbati","9":"first","10":"instock","11":"shipping-taxable","12":"purchasable","13":"product-type-simple"},"acf":[],"yoast_head":"<!-- This site is optimized with the Yoast SEO plugin v27.5 - https:\/\/yoast.com\/product\/yoast-seo-wordpress\/ -->\n<title>\u041a\u0443\u0440\u0442\u043a\u0430 Hannah Nickhil II Mns picante - \u041c\u0430\u0433\u0430\u0437\u0438\u043d Xstyle<\/title>\n<meta name=\"description\" content=\"\u041a\u0443\u0440\u0442\u043a\u0430 Hannah Nickhil II Mns picante \u2014 \u0438\u0434\u0435\u0430\u043b\u044c\u043d\u044b\u0439 \u0432\u044b\u0431\u043e\u0440 \u0434\u043b\u044f \u0430\u043a\u0442\u0438\u0432\u043d\u043e\u0433\u043e \u043e\u0442\u0434\u044b\u0445\u0430. \u0412\u043e\u0434\u043e\u043d\u0435\u043f\u0440\u043e\u043d\u0438\u0446\u0430\u0435\u043c\u043e\u0441\u0442\u044c 10 000, \u044d\u043b\u0430\u0441\u0442\u0438\u0447\u043d\u044b\u0439 \u043c\u0430\u0442\u0435\u0440\u0438\u0430\u043b \u0438 \u0437\u0430\u0449\u0438\u0442\u0430 \u043e\u0442 \u0432\u043b\u0430\u0433\u0438.\" \/>\n<meta name=\"robots\" content=\"noindex, follow, max-snippet:-1, max-image-preview:large, max-video-preview:-1\" \/>\n<meta property=\"og:locale\" content=\"ro_RO\" \/>\n<meta property=\"og:type\" content=\"article\" \/>\n<meta property=\"og:title\" content=\"\u041a\u0443\u0440\u0442\u043a\u0430 Hannah Nickhil II Mns picante - \u041c\u0430\u0433\u0430\u0437\u0438\u043d Xstyle\" \/>\n<meta property=\"og:description\" content=\"\u041a\u0443\u0440\u0442\u043a\u0430 Hannah Nickhil II Mns picante \u2014 \u0438\u0434\u0435\u0430\u043b\u044c\u043d\u044b\u0439 \u0432\u044b\u0431\u043e\u0440 \u0434\u043b\u044f \u0430\u043a\u0442\u0438\u0432\u043d\u043e\u0433\u043e \u043e\u0442\u0434\u044b\u0445\u0430. \u0412\u043e\u0434\u043e\u043d\u0435\u043f\u0440\u043e\u043d\u0438\u0446\u0430\u0435\u043c\u043e\u0441\u0442\u044c 10 000, \u044d\u043b\u0430\u0441\u0442\u0438\u0447\u043d\u044b\u0439 \u043c\u0430\u0442\u0435\u0440\u0438\u0430\u043b \u0438 \u0437\u0430\u0449\u0438\u0442\u0430 \u043e\u0442 \u0432\u043b\u0430\u0433\u0438.\" \/>\n<meta property=\"og:url\" content=\"https:\/\/dev.xstyle.md\/ro\/produs\/kurtka-hannah-nickhil-ii-mns-picante\/\" \/>\n<meta property=\"og:site_name\" content=\"\u041c\u0430\u0433\u0430\u0437\u0438\u043d Xstyle\" \/>\n<meta property=\"article:publisher\" content=\"https:\/\/www.facebook.com\/xstylemd\" \/>\n<meta property=\"article:modified_time\" content=\"2026-04-08T09:08:49+00:00\" \/>\n<meta property=\"og:image\" content=\"https:\/\/dev.xstyle.md\/wp-content\/uploads\/2024\/05\/hannah-nickhil-ii-mns-picante.jpg\" \/>\n\t<meta property=\"og:image:width\" content=\"1380\" \/>\n\t<meta property=\"og:image:height\" content=\"1350\" \/>\n\t<meta property=\"og:image:type\" content=\"image\/jpeg\" \/>\n<meta name=\"twitter:card\" content=\"summary_large_image\" \/>\n<meta name=\"twitter:label1\" content=\"Pre\u021b\" \/>\n\t<meta name=\"twitter:data1\" content=\"2.680,00&nbsp;MDL\" \/>\n\t<meta name=\"twitter:label2\" content=\"Disponibilitate\" \/>\n\t<meta name=\"twitter:data2\" content=\"\u00cen stoc\" \/>\n<script type=\"application\/ld+json\" class=\"yoast-schema-graph\">{\"@context\":\"https:\\\/\\\/schema.org\",\"@graph\":[{\"@type\":\"WebPage\",\"@id\":\"https:\\\/\\\/dev.xstyle.md\\\/product\\\/kurtka-hannah-nickhil-ii-mns-picante\\\/\",\"url\":\"https:\\\/\\\/dev.xstyle.md\\\/product\\\/kurtka-hannah-nickhil-ii-mns-picante\\\/\",\"name\":\"\u041a\u0443\u0440\u0442\u043a\u0430 Hannah Nickhil II Mns picante - \u041c\u0430\u0433\u0430\u0437\u0438\u043d Xstyle\",\"isPartOf\":{\"@id\":\"https:\\\/\\\/dev.xstyle.md\\\/#website\"},\"primaryImageOfPage\":{\"@id\":\"https:\\\/\\\/dev.xstyle.md\\\/product\\\/kurtka-hannah-nickhil-ii-mns-picante\\\/#primaryimage\"},\"image\":{\"@id\":\"https:\\\/\\\/dev.xstyle.md\\\/product\\\/kurtka-hannah-nickhil-ii-mns-picante\\\/#primaryimage\"},\"thumbnailUrl\":\"https:\\\/\\\/dev.xstyle.md\\\/wp-content\\\/uploads\\\/2024\\\/05\\\/hannah-nickhil-ii-mns-picante.jpg\",\"datePublished\":\"2024-05-24T07:59:39+00:00\",\"dateModified\":\"2026-04-08T09:08:49+00:00\",\"description\":\"\u041a\u0443\u0440\u0442\u043a\u0430 Hannah Nickhil II Mns picante \u2014 \u0438\u0434\u0435\u0430\u043b\u044c\u043d\u044b\u0439 \u0432\u044b\u0431\u043e\u0440 \u0434\u043b\u044f \u0430\u043a\u0442\u0438\u0432\u043d\u043e\u0433\u043e \u043e\u0442\u0434\u044b\u0445\u0430. \u0412\u043e\u0434\u043e\u043d\u0435\u043f\u0440\u043e\u043d\u0438\u0446\u0430\u0435\u043c\u043e\u0441\u0442\u044c 10 000, \u044d\u043b\u0430\u0441\u0442\u0438\u0447\u043d\u044b\u0439 \u043c\u0430\u0442\u0435\u0440\u0438\u0430\u043b \u0438 \u0437\u0430\u0449\u0438\u0442\u0430 \u043e\u0442 \u0432\u043b\u0430\u0433\u0438.\",\"breadcrumb\":{\"@id\":\"https:\\\/\\\/dev.xstyle.md\\\/product\\\/kurtka-hannah-nickhil-ii-mns-picante\\\/#breadcrumb\"},\"inLanguage\":\"ro-RO\",\"potentialAction\":[{\"@type\":\"ReadAction\",\"target\":[\"https:\\\/\\\/dev.xstyle.md\\\/product\\\/kurtka-hannah-nickhil-ii-mns-picante\\\/\"]}]},{\"@type\":\"ImageObject\",\"inLanguage\":\"ro-RO\",\"@id\":\"https:\\\/\\\/dev.xstyle.md\\\/product\\\/kurtka-hannah-nickhil-ii-mns-picante\\\/#primaryimage\",\"url\":\"https:\\\/\\\/dev.xstyle.md\\\/wp-content\\\/uploads\\\/2024\\\/05\\\/hannah-nickhil-ii-mns-picante.jpg\",\"contentUrl\":\"https:\\\/\\\/dev.xstyle.md\\\/wp-content\\\/uploads\\\/2024\\\/05\\\/hannah-nickhil-ii-mns-picante.jpg\",\"width\":1380,\"height\":1350,\"caption\":\"\u0422\u0435\u0440\u043c\u043e\u0441\u0442\u043e\u0439\u043a\u0430\u044f \u043a\u0443\u0440\u0442\u043a\u0430 Hannah Nickhil II Mns Picante \u0434\u043b\u044f \u0430\u043a\u0442\u0438\u0432\u043d\u043e\u0433\u043e \u043e\u0442\u0434\u044b\u0445\u0430, \u043f\u043e\u0445\u043e\u0434\u043e\u0432 \u0438 \u043f\u0443\u0442\u0435\u0448\u0435\u0441\u0442\u0432\u0438\u0439, \u043e\u0434\u0435\u0436\u0434\u0430 \u0438 \u043e\u0431\u0443\u0432\u044c \u0434\u043b\u044f \u0445\u0430\u0439\u043a\u0438\u043d\u0433\u0430 \u0438 \u0430\u043b\u044c\u043f\u0438\u043d\u0438\u0437\u043c\u0430, \u0442\u043e\u0432\u0430\u0440\u044b \u0434\u043b\u044f \u0430\u043a\u0442\u0438\u0432\u043d\u043e\u0439 \u0436\u0438\u0437\u043d\u0438 \u043d\u0430 \u043e\u043d\u043b\u0430\u0439\u043d-\u043c\u0430\u0433\u0430\u0437\u0438\u043d\u0435\"},{\"@type\":\"BreadcrumbList\",\"@id\":\"https:\\\/\\\/dev.xstyle.md\\\/product\\\/kurtka-hannah-nickhil-ii-mns-picante\\\/#breadcrumb\",\"itemListElement\":[{\"@type\":\"ListItem\",\"position\":1,\"name\":\"\u0413\u043b\u0430\u0432\u043d\u0430\u044f \u0441\u0442\u0440\u0430\u043d\u0438\u0446\u0430\",\"item\":\"https:\\\/\\\/dev.xstyle.md\\\/\"},{\"@type\":\"ListItem\",\"position\":2,\"name\":\"Shop\",\"item\":\"https:\\\/\\\/dev.xstyle.md\\\/shop\\\/\"},{\"@type\":\"ListItem\",\"position\":3,\"name\":\"\u041a\u0443\u0440\u0442\u043a\u0430 Hannah Nickhil II Mns picante\"}]},{\"@type\":\"WebSite\",\"@id\":\"https:\\\/\\\/dev.xstyle.md\\\/#website\",\"url\":\"https:\\\/\\\/dev.xstyle.md\\\/\",\"name\":\"\u041c\u0430\u0433\u0430\u0437\u0438\u043d Xstyle\",\"description\":\"C\u043d\u0430\u0440\u044f\u0436\u0435\u043d\u0438\u0435 \u0434\u043b\u044f \u0442\u0443\u0440\u0438\u0437\u043c\u0430 \u0438 \u044d\u043a\u0441\u0442\u0440\u0435\u043c\u0430\u043b\u044c\u043d\u044b\u0445 \u0432\u0438\u0434\u043e\u0432 \u0441\u043f\u043e\u0440\u0442\u0430 \u0432 \u041c\u043e\u043b\u0434\u043e\u0432\u0435.. \u0426\u0435\u043d\u044b, \u0444\u043e\u0442\u043e, \u0445\u0430\u0440\u0430\u043a\u0442\u0435\u0440\u0438\u0441\u0442\u0438\u043a\u0438 \u0432 \u041c\u043e\u043b\u0434\u043e\u0432\u0435.\",\"publisher\":{\"@id\":\"https:\\\/\\\/dev.xstyle.md\\\/#organization\"},\"alternateName\":\"X-Style\",\"potentialAction\":[{\"@type\":\"SearchAction\",\"target\":{\"@type\":\"EntryPoint\",\"urlTemplate\":\"https:\\\/\\\/dev.xstyle.md\\\/?s={search_term_string}\"},\"query-input\":{\"@type\":\"PropertyValueSpecification\",\"valueRequired\":true,\"valueName\":\"search_term_string\"}}],\"inLanguage\":\"ro-RO\"},{\"@type\":\"Organization\",\"@id\":\"https:\\\/\\\/dev.xstyle.md\\\/#organization\",\"name\":\"\u041c\u0430\u0433\u0430\u0437\u0438\u043d Xstyle\",\"alternateName\":\"x-style\",\"url\":\"https:\\\/\\\/dev.xstyle.md\\\/\",\"logo\":{\"@type\":\"ImageObject\",\"inLanguage\":\"ro-RO\",\"@id\":\"https:\\\/\\\/dev.xstyle.md\\\/#\\\/schema\\\/logo\\\/image\\\/\",\"url\":\"https:\\\/\\\/dev.xstyle.md\\\/wp-content\\\/uploads\\\/2020\\\/06\\\/logoicon.svg\",\"contentUrl\":\"https:\\\/\\\/dev.xstyle.md\\\/wp-content\\\/uploads\\\/2020\\\/06\\\/logoicon.svg\",\"caption\":\"\u041c\u0430\u0433\u0430\u0437\u0438\u043d Xstyle\"},\"image\":{\"@id\":\"https:\\\/\\\/dev.xstyle.md\\\/#\\\/schema\\\/logo\\\/image\\\/\"},\"sameAs\":[\"https:\\\/\\\/www.facebook.com\\\/xstylemd\",\"https:\\\/\\\/www.instagram.com\\\/xstyle_md\\\/\",\"https:\\\/\\\/t.me\\\/xstyle_outdoor\"],\"hasMerchantReturnPolicy\":{\"@type\":\"MerchantReturnPolicy\",\"merchantReturnLink\":\"https:\\\/\\\/dev.xstyle.md\\\/ro\\\/conditions\\\/\"}}]}<\/script>\n<meta property=\"product:price:amount\" content=\"2680.00\" \/>\n<meta property=\"product:price:currency\" content=\"MDL\" \/>\n<meta property=\"og:availability\" content=\"instock\" \/>\n<meta property=\"product:availability\" content=\"instock\" \/>\n<meta property=\"product:retailer_item_id\" content=\"8591203529457\" \/>\n<meta property=\"product:condition\" content=\"new\" \/>\n<!-- \/ Yoast SEO plugin. -->","yoast_head_json":{"title":"Jachet\u0103 Hannah Nickhil II Mns picante - Magazin Xstyle","description":"Jacheta Hannah Nickhil II Mns picante este alegerea perfect\u0103 pentru activit\u0103\u021bi \u00een aer liber. Impermeabilitate de 10 000, material elastic \u0219i protec\u021bie \u00eempotriva umezelii.","robots":{"index":"noindex","follow":"follow","max-snippet":"max-snippet:-1","max-image-preview":"max-image-preview:large","max-video-preview":"max-video-preview:-1"},"og_locale":"ro_RO","og_type":"article","og_title":"\u041a\u0443\u0440\u0442\u043a\u0430 Hannah Nickhil II Mns picante - \u041c\u0430\u0433\u0430\u0437\u0438\u043d Xstyle","og_description":"\u041a\u0443\u0440\u0442\u043a\u0430 Hannah Nickhil II Mns picante \u2014 \u0438\u0434\u0435\u0430\u043b\u044c\u043d\u044b\u0439 \u0432\u044b\u0431\u043e\u0440 \u0434\u043b\u044f \u0430\u043a\u0442\u0438\u0432\u043d\u043e\u0433\u043e \u043e\u0442\u0434\u044b\u0445\u0430. \u0412\u043e\u0434\u043e\u043d\u0435\u043f\u0440\u043e\u043d\u0438\u0446\u0430\u0435\u043c\u043e\u0441\u0442\u044c 10 000, \u044d\u043b\u0430\u0441\u0442\u0438\u0447\u043d\u044b\u0439 \u043c\u0430\u0442\u0435\u0440\u0438\u0430\u043b \u0438 \u0437\u0430\u0449\u0438\u0442\u0430 \u043e\u0442 \u0432\u043b\u0430\u0433\u0438.","og_url":"https:\/\/dev.xstyle.md\/ro\/produs\/kurtka-hannah-nickhil-ii-mns-picante\/","og_site_name":"\u041c\u0430\u0433\u0430\u0437\u0438\u043d Xstyle","article_publisher":"https:\/\/www.facebook.com\/xstylemd","article_modified_time":"2026-04-08T09:08:49+00:00","og_image":[{"width":1380,"height":1350,"url":"https:\/\/dev.xstyle.md\/wp-content\/uploads\/2024\/05\/hannah-nickhil-ii-mns-picante.jpg","type":"image\/jpeg"}],"twitter_card":"summary_large_image","twitter_misc":{"Pre\u021b":"2.680,00&nbsp;MDL","Disponibilitate":"\u00cen stoc"},"schema":{"@context":"https:\/\/schema.org","@graph":[{"@type":"WebPage","@id":"https:\/\/dev.xstyle.md\/product\/kurtka-hannah-nickhil-ii-mns-picante\/","url":"https:\/\/dev.xstyle.md\/product\/kurtka-hannah-nickhil-ii-mns-picante\/","name":"Jachet\u0103 Hannah Nickhil II Mns picante - Magazin Xstyle","isPartOf":{"@id":"https:\/\/dev.xstyle.md\/#website"},"primaryImageOfPage":{"@id":"https:\/\/dev.xstyle.md\/product\/kurtka-hannah-nickhil-ii-mns-picante\/#primaryimage"},"image":{"@id":"https:\/\/dev.xstyle.md\/product\/kurtka-hannah-nickhil-ii-mns-picante\/#primaryimage"},"thumbnailUrl":"https:\/\/dev.xstyle.md\/wp-content\/uploads\/2024\/05\/hannah-nickhil-ii-mns-picante.jpg","datePublished":"2024-05-24T07:59:39+00:00","dateModified":"2026-04-08T09:08:49+00:00","description":"Jacheta Hannah Nickhil II Mns picante este alegerea perfect\u0103 pentru activit\u0103\u021bi \u00een aer liber. Impermeabilitate de 10 000, material elastic \u0219i protec\u021bie \u00eempotriva umezelii.","breadcrumb":{"@id":"https:\/\/dev.xstyle.md\/product\/kurtka-hannah-nickhil-ii-mns-picante\/#breadcrumb"},"inLanguage":"ro-RO","potentialAction":[{"@type":"ReadAction","target":["https:\/\/dev.xstyle.md\/product\/kurtka-hannah-nickhil-ii-mns-picante\/"]}]},{"@type":"ImageObject","inLanguage":"ro-RO","@id":"https:\/\/dev.xstyle.md\/product\/kurtka-hannah-nickhil-ii-mns-picante\/#primaryimage","url":"https:\/\/dev.xstyle.md\/wp-content\/uploads\/2024\/05\/hannah-nickhil-ii-mns-picante.jpg","contentUrl":"https:\/\/dev.xstyle.md\/wp-content\/uploads\/2024\/05\/hannah-nickhil-ii-mns-picante.jpg","width":1380,"height":1350,"caption":"\u0422\u0435\u0440\u043c\u043e\u0441\u0442\u043e\u0439\u043a\u0430\u044f \u043a\u0443\u0440\u0442\u043a\u0430 Hannah Nickhil II Mns Picante \u0434\u043b\u044f \u0430\u043a\u0442\u0438\u0432\u043d\u043e\u0433\u043e \u043e\u0442\u0434\u044b\u0445\u0430, \u043f\u043e\u0445\u043e\u0434\u043e\u0432 \u0438 \u043f\u0443\u0442\u0435\u0448\u0435\u0441\u0442\u0432\u0438\u0439, \u043e\u0434\u0435\u0436\u0434\u0430 \u0438 \u043e\u0431\u0443\u0432\u044c \u0434\u043b\u044f \u0445\u0430\u0439\u043a\u0438\u043d\u0433\u0430 \u0438 \u0430\u043b\u044c\u043f\u0438\u043d\u0438\u0437\u043c\u0430, \u0442\u043e\u0432\u0430\u0440\u044b \u0434\u043b\u044f \u0430\u043a\u0442\u0438\u0432\u043d\u043e\u0439 \u0436\u0438\u0437\u043d\u0438 \u043d\u0430 \u043e\u043d\u043b\u0430\u0439\u043d-\u043c\u0430\u0433\u0430\u0437\u0438\u043d\u0435"},{"@type":"BreadcrumbList","@id":"https:\/\/dev.xstyle.md\/product\/kurtka-hannah-nickhil-ii-mns-picante\/#breadcrumb","itemListElement":[{"@type":"ListItem","position":1,"name":"\u0413\u043b\u0430\u0432\u043d\u0430\u044f \u0441\u0442\u0440\u0430\u043d\u0438\u0446\u0430","item":"https:\/\/dev.xstyle.md\/"},{"@type":"ListItem","position":2,"name":"Shop","item":"https:\/\/dev.xstyle.md\/shop\/"},{"@type":"ListItem","position":3,"name":"\u041a\u0443\u0440\u0442\u043a\u0430 Hannah Nickhil II Mns picante"}]},{"@type":"WebSite","@id":"https:\/\/dev.xstyle.md\/#website","url":"https:\/\/dev.xstyle.md\/","name":"Magazinul X-Style","description":"Echipamente pentru turism \u0219i sporturi extreme \u00een Moldova. Pre\u021buri, fotografii, caracteristici \u00een Moldova.","publisher":{"@id":"https:\/\/dev.xstyle.md\/#organization"},"alternateName":"X-Style","potentialAction":[{"@type":"SearchAction","target":{"@type":"EntryPoint","urlTemplate":"https:\/\/dev.xstyle.md\/?s={search_term_string}"},"query-input":{"@type":"PropertyValueSpecification","valueRequired":true,"valueName":"search_term_string"}}],"inLanguage":"ro-RO"},{"@type":"Organization","@id":"https:\/\/dev.xstyle.md\/#organization","name":"Magazinul X-Style","alternateName":"x-style","url":"https:\/\/dev.xstyle.md\/","logo":{"@type":"ImageObject","inLanguage":"ro-RO","@id":"https:\/\/dev.xstyle.md\/#\/schema\/logo\/image\/","url":"https:\/\/dev.xstyle.md\/wp-content\/uploads\/2020\/06\/logoicon.svg","contentUrl":"https:\/\/dev.xstyle.md\/wp-content\/uploads\/2020\/06\/logoicon.svg","caption":"\u041c\u0430\u0433\u0430\u0437\u0438\u043d Xstyle"},"image":{"@id":"https:\/\/dev.xstyle.md\/#\/schema\/logo\/image\/"},"sameAs":["https:\/\/www.facebook.com\/xstylemd","https:\/\/www.instagram.com\/xstyle_md\/","https:\/\/t.me\/xstyle_outdoor"],"hasMerchantReturnPolicy":{"@type":"MerchantReturnPolicy","merchantReturnLink":"https:\/\/dev.xstyle.md\/ro\/conditions\/"}}]},"product_price_amount":"2680.00","product_price_currency":"MDL","og_availability":"instock","product_availability":"instock","product_retailer_item_id":"8591203529457","product_condition":"new"},"post_mailing_queue_ids":[],"_links":{"self":[{"href":"https:\/\/dev.xstyle.md\/ro\/wp-json\/wp\/v2\/product\/83672","targetHints":{"allow":["GET"]}}],"collection":[{"href":"https:\/\/dev.xstyle.md\/ro\/wp-json\/wp\/v2\/product"}],"about":[{"href":"https:\/\/dev.xstyle.md\/ro\/wp-json\/wp\/v2\/types\/product"}],"replies":[{"embeddable":true,"href":"https:\/\/dev.xstyle.md\/ro\/wp-json\/wp\/v2\/comments?post=83672"}],"version-history":[{"count":2,"href":"https:\/\/dev.xstyle.md\/ro\/wp-json\/wp\/v2\/product\/83672\/revisions"}],"predecessor-version":[{"id":104988,"href":"https:\/\/dev.xstyle.md\/ro\/wp-json\/wp\/v2\/product\/83672\/revisions\/104988"}],"wp:featuredmedia":[{"embeddable":true,"href":"https:\/\/dev.xstyle.md\/ro\/wp-json\/wp\/v2\/media\/84022"}],"wp:attachment":[{"href":"https:\/\/dev.xstyle.md\/ro\/wp-json\/wp\/v2\/media?parent=83672"}],"wp:term":[{"taxonomy":"product_brand","embeddable":true,"href":"https:\/\/dev.xstyle.md\/ro\/wp-json\/wp\/v2\/product_brand?post=83672"},{"taxonomy":"product_cat","embeddable":true,"href":"https:\/\/dev.xstyle.md\/ro\/wp-json\/wp\/v2\/product_cat?post=83672"},{"taxonomy":"product_tag","embeddable":true,"href":"https:\/\/dev.xstyle.md\/ro\/wp-json\/wp\/v2\/product_tag?post=83672"}],"curies":[{"name":"wp","href":"https:\/\/api.w.org\/{rel}","templated":true}]}}