{"id":83086,"date":"2024-05-10T13:36:08","date_gmt":"2024-05-10T10:36:08","guid":{"rendered":"https:\/\/xstyle.md\/?post_type=product&#038;p=83086"},"modified":"2026-02-09T11:12:48","modified_gmt":"2026-02-09T08:12:48","slug":"fitnes-butylka-contigo-shake-go-2-0-590ml-pp-salt","status":"publish","type":"product","link":"https:\/\/dev.xstyle.md\/ro\/produs\/fitnes-butylka-contigo-shake-go-2-0-590ml-pp-salt\/","title":{"rendered":"Sticl\u0103 Contigo Shake Go 2.0 PP 590ml Salt"},"content":{"rendered":"<p><\/p>\n<p><strong>Contigo Shake Go 2.0 590ml PP<\/strong>\u00a0 &#8212; este o sticl\u0103 de fitness, accesoriul ideal pentru cei care duc un stil de via\u021b\u0103 activ, unde respectarea unui regim alimentar specific este esen\u021bial\u0103. Un loc central \u00een nutri\u021bia sportiv\u0103 \u00eel ocup\u0103 shake-urile \u0219i b\u0103uturile speciale, care asigur\u0103 organismului substan\u021bele nutritive necesare.<\/p>\n<p>Shaker-ul este fabricat din plastic ecologic Tritan \u0219i dispune de protec\u021bie antimicrobian\u0103 Microban, rezistent\u0103 la pete \u0219i mirosuri, men\u021bin\u00e2nd prospe\u021bimea recipientului \u0219i a capacului pentru mai mult timp. Datorit\u0103 bilei unice din interior, pute\u021bi amesteca rapid \u0219i eficient b\u0103uturile preferate. Capacul se deschide la 180\u00b0 pentru o utilizare confortabil\u0103 \u0219i se \u00eenchide ermetic, prevenind v\u0103rsarea accidental\u0103. Totodat\u0103, m\u00e2nerul cu carabinier\u0103 este rotativ, astfel \u00eenc\u00e2t s\u0103 nu deranjeze \u00een timpul b\u0103utului.<\/p>\n<h3>Particularit\u0103\u021bi<\/h3>\n<ul>\n<li>Form\u0103 ergonomic\u0103 asigur\u0103 o manevrare confortabil\u0103 \u00een timpul utiliz\u0103rii.<\/li>\n<li>Capacul ermetic p\u0103streaz\u0103 b\u0103utura \u00een siguran\u021b\u0103 \u00een timpul agit\u0103rii \u0219i amestec\u0103rii.<\/li>\n<li>M\u00e2ner rotativ &#8212; func\u021bioneaz\u0103 ca o clem\u0103 (carabinier\u0103), permi\u021b\u00e2nd ata\u0219area sticlei de geanta de sport.<\/li>\n<li>Design rotunjit &#8212; forma bazei faciliteaz\u0103 o amestecare mai rapid\u0103 \u0219i eficient\u0103, reduc\u00e2nd formarea cocoloa\u0219elor.<\/li>\n<li>Capacul protejeaz\u0103 zona de b\u0103ut \u00eempotriva murd\u0103riei \u0219i a germenilor.<\/li>\n<li>Se potrive\u0219te \u00een majoritatea suporturilor de pahare auto.<\/li>\n<li>Marcaje de volum vizibile pentru o m\u0103surare precis\u0103 a ingredientelor.<\/li>\n<li>Material Tritan &#8212; fabricat din plastic Tritan \u2014 un material durabil, ecologic \u0219i sigur, utilizat frecvent \u00een scopuri medicale.<\/li>\n<li>Tehnologie Microban &#8212; \u00eenveli\u0219ul antimicrobian de pe corp \u0219i capac previne apari\u021bia petelor \u0219i a mirosurilor nepl\u0103cute.<\/li>\n<li>Personalizare &#8212; suprafa\u021ba permite imprimarea unui design individual pentru a-i conferi personalitate.<\/li>\n<li>\u00centre\u021binere u\u0219oar\u0103 &#8212; poate fi sp\u0103lat \u00een siguran\u021b\u0103 \u00een ma\u0219ina de sp\u0103lat vase.<\/li>\n<\/ul>\n<h3>Caracteristici<\/h3>\n<ul>\n<li>Volum &#8212; 590 ml<\/li>\n<li>Dimensiuni &#8212; 18 \u0445 7.5 cm<\/li>\n<li>Greutate &#8212; 165 g<\/li>\n<li>Material &#8212; Silicon, plastic (Tritan)<\/li>\n<\/ul>\n<h3>Tehnologii<\/h3>\n<p><strong>BPA<\/strong> (bisfenol A) &#8212; este un compus chimic organic utilizat \u00een fabricarea maselor plastice, a policarbonatului \u0219i a r\u0103\u0219inilor epoxidice. Aceast\u0103 substan\u021b\u0103 este ad\u0103ugat\u0103, de asemenea, \u00een produsele din plastic \u0219i \u00een conserve. Principalele propriet\u0103\u021bi ale bisfenolului A sunt cele de \u00eent\u0103rire \u0219i antioxidare. BPA poate p\u0103trunde \u00een organismul uman nu doar prin alimente \u0219i ap\u0103, ci \u0219i prin piele sau pl\u0103m\u00e2ni. Contactul prelungit al lichidelor \u0219i al alimentelor umede cu plasticul care con\u021bine bisfenol A favorizeaz\u0103 eliberarea acestei substan\u021be \u00een alimente. \u00cenc\u0103lzirea acestor recipiente accelereaz\u0103 semnificativ procesul de eliberare a bisfenolului A.<br \/>\n<\/p>","protected":false},"excerpt":{"rendered":"","protected":false},"featured_media":83184,"comment_status":"open","ping_status":"closed","template":"","meta":{"_acf_changed":false,"inline_featured_image":false},"product_brand":[1374],"product_cat":[1171,885],"product_tag":[],"class_list":{"0":"post-83086","1":"product","2":"type-product","3":"status-publish","4":"has-post-thumbnail","6":"product_brand-contigo","7":"product_cat-sticle-si-cani-termice","8":"product_cat-bottle","10":"first","11":"instock","12":"shipping-taxable","13":"purchasable","14":"product-type-simple"},"acf":[],"yoast_head":"<!-- This site is optimized with the Yoast SEO plugin v27.4 - https:\/\/yoast.com\/product\/yoast-seo-wordpress\/ -->\n<title>\u0424\u0438\u0442\u043d\u0435\u0441-\u0431\u0443\u0442\u044b\u043b\u043a\u0430 Contigo Shake Go 2.0 PP 590ml Salt - \u041c\u0430\u0433\u0430\u0437\u0438\u043d Xstyle<\/title>\n<meta name=\"description\" content=\"\u0424\u0438\u0442\u043d\u0435\u0441-\u0431\u0443\u0442\u044b\u043b\u043a\u0430 Contigo Shake Go 2.0 590 \u043c\u043b PP Salt: \u043d\u0430\u0434\u0435\u0436\u043d\u044b\u0439 Tritan, \u0437\u0430\u0449\u0438\u0442\u0430 Microban, \u0431\u0435\u0437 BPA. \u0418\u0434\u0435\u0430\u043b\u044c\u043d\u0430 \u0434\u043b\u044f \u0430\u043a\u0442\u0438\u0432\u043d\u044b\u0445 \u043b\u044e\u0434\u0435\u0439. \u0417\u0430\u043a\u0430\u0437\u044b\u0432\u0430\u0439\u0442\u0435 \u0441\u0435\u0439\u0447\u0430\u0441!\" \/>\n<meta name=\"robots\" content=\"noindex, follow, max-snippet:-1, max-image-preview:large, max-video-preview:-1\" \/>\n<meta property=\"og:locale\" content=\"ro_RO\" \/>\n<meta property=\"og:type\" content=\"article\" \/>\n<meta property=\"og:title\" content=\"\u0424\u0438\u0442\u043d\u0435\u0441-\u0431\u0443\u0442\u044b\u043b\u043a\u0430 Contigo Shake Go 2.0 PP 590ml Salt - \u041c\u0430\u0433\u0430\u0437\u0438\u043d Xstyle\" \/>\n<meta property=\"og:description\" content=\"\u0424\u0438\u0442\u043d\u0435\u0441-\u0431\u0443\u0442\u044b\u043b\u043a\u0430 Contigo Shake Go 2.0 590 \u043c\u043b PP Salt: \u043d\u0430\u0434\u0435\u0436\u043d\u044b\u0439 Tritan, \u0437\u0430\u0449\u0438\u0442\u0430 Microban, \u0431\u0435\u0437 BPA. \u0418\u0434\u0435\u0430\u043b\u044c\u043d\u0430 \u0434\u043b\u044f \u0430\u043a\u0442\u0438\u0432\u043d\u044b\u0445 \u043b\u044e\u0434\u0435\u0439. \u0417\u0430\u043a\u0430\u0437\u044b\u0432\u0430\u0439\u0442\u0435 \u0441\u0435\u0439\u0447\u0430\u0441!\" \/>\n<meta property=\"og:url\" content=\"https:\/\/dev.xstyle.md\/ro\/produs\/fitnes-butylka-contigo-shake-go-2-0-590ml-pp-salt\/\" \/>\n<meta property=\"og:site_name\" content=\"\u041c\u0430\u0433\u0430\u0437\u0438\u043d Xstyle\" \/>\n<meta property=\"article:publisher\" content=\"https:\/\/www.facebook.com\/xstylemd\" \/>\n<meta property=\"article:modified_time\" content=\"2026-02-09T08:12:48+00:00\" \/>\n<meta property=\"og:image\" content=\"https:\/\/dev.xstyle.md\/wp-content\/uploads\/2024\/05\/contigo-shake-go-2.0-590ml-pp-salt.jpg\" \/>\n\t<meta property=\"og:image:width\" content=\"1600\" \/>\n\t<meta property=\"og:image:height\" content=\"1600\" \/>\n\t<meta property=\"og:image:type\" content=\"image\/jpeg\" \/>\n<meta name=\"twitter:card\" content=\"summary_large_image\" \/>\n<meta name=\"twitter:label1\" content=\"Pre\u021b\" \/>\n\t<meta name=\"twitter:data1\" content=\"195,00&nbsp;MDL\" \/>\n\t<meta name=\"twitter:label2\" content=\"Disponibilitate\" \/>\n\t<meta name=\"twitter:data2\" content=\"\u00cen stoc\" \/>\n<script type=\"application\/ld+json\" class=\"yoast-schema-graph\">{\"@context\":\"https:\\\/\\\/schema.org\",\"@graph\":[{\"@type\":\"WebPage\",\"@id\":\"https:\\\/\\\/dev.xstyle.md\\\/product\\\/fitnes-butylka-contigo-shake-go-2-0-590ml-pp-salt\\\/\",\"url\":\"https:\\\/\\\/dev.xstyle.md\\\/product\\\/fitnes-butylka-contigo-shake-go-2-0-590ml-pp-salt\\\/\",\"name\":\"\u0424\u0438\u0442\u043d\u0435\u0441-\u0431\u0443\u0442\u044b\u043b\u043a\u0430 Contigo Shake Go 2.0 PP 590ml Salt - \u041c\u0430\u0433\u0430\u0437\u0438\u043d Xstyle\",\"isPartOf\":{\"@id\":\"https:\\\/\\\/dev.xstyle.md\\\/#website\"},\"primaryImageOfPage\":{\"@id\":\"https:\\\/\\\/dev.xstyle.md\\\/product\\\/fitnes-butylka-contigo-shake-go-2-0-590ml-pp-salt\\\/#primaryimage\"},\"image\":{\"@id\":\"https:\\\/\\\/dev.xstyle.md\\\/product\\\/fitnes-butylka-contigo-shake-go-2-0-590ml-pp-salt\\\/#primaryimage\"},\"thumbnailUrl\":\"https:\\\/\\\/dev.xstyle.md\\\/wp-content\\\/uploads\\\/2024\\\/05\\\/contigo-shake-go-2.0-590ml-pp-salt.jpg\",\"datePublished\":\"2024-05-10T10:36:08+00:00\",\"dateModified\":\"2026-02-09T08:12:48+00:00\",\"description\":\"\u0424\u0438\u0442\u043d\u0435\u0441-\u0431\u0443\u0442\u044b\u043b\u043a\u0430 Contigo Shake Go 2.0 590 \u043c\u043b PP Salt: \u043d\u0430\u0434\u0435\u0436\u043d\u044b\u0439 Tritan, \u0437\u0430\u0449\u0438\u0442\u0430 Microban, \u0431\u0435\u0437 BPA. \u0418\u0434\u0435\u0430\u043b\u044c\u043d\u0430 \u0434\u043b\u044f \u0430\u043a\u0442\u0438\u0432\u043d\u044b\u0445 \u043b\u044e\u0434\u0435\u0439. \u0417\u0430\u043a\u0430\u0437\u044b\u0432\u0430\u0439\u0442\u0435 \u0441\u0435\u0439\u0447\u0430\u0441!\",\"breadcrumb\":{\"@id\":\"https:\\\/\\\/dev.xstyle.md\\\/product\\\/fitnes-butylka-contigo-shake-go-2-0-590ml-pp-salt\\\/#breadcrumb\"},\"inLanguage\":\"ro-RO\",\"potentialAction\":[{\"@type\":\"ReadAction\",\"target\":[\"https:\\\/\\\/dev.xstyle.md\\\/product\\\/fitnes-butylka-contigo-shake-go-2-0-590ml-pp-salt\\\/\"]}]},{\"@type\":\"ImageObject\",\"inLanguage\":\"ro-RO\",\"@id\":\"https:\\\/\\\/dev.xstyle.md\\\/product\\\/fitnes-butylka-contigo-shake-go-2-0-590ml-pp-salt\\\/#primaryimage\",\"url\":\"https:\\\/\\\/dev.xstyle.md\\\/wp-content\\\/uploads\\\/2024\\\/05\\\/contigo-shake-go-2.0-590ml-pp-salt.jpg\",\"contentUrl\":\"https:\\\/\\\/dev.xstyle.md\\\/wp-content\\\/uploads\\\/2024\\\/05\\\/contigo-shake-go-2.0-590ml-pp-salt.jpg\",\"width\":1600,\"height\":1600,\"caption\":\"\u0424\u0438\u0442\u043d\u0435\u0441-\u0431\u0443\u0442\u044b\u043b\u043a\u0430 Contigo Shake Go 2.0 590\u043c\u043b \u0434\u043b\u044f \u0430\u043a\u0442\u0438\u0432\u043d\u043e\u0433\u043e \u043e\u0442\u0434\u044b\u0445\u0430, \u0441\u043f\u043e\u0440\u0442\u0438\u0432\u043d\u043e\u0439 \u043e\u0434\u0435\u0436\u0434\u044b \u0438 \u043e\u0431\u0443\u0432\u0438 \u0434\u043b\u044f \u043f\u043e\u0445\u043e\u0434\u043e\u0432, \u0442\u0443\u0440\u0438\u0437\u043c\u0430 \u0438 \u0430\u043b\u044c\u043f\u0438\u043d\u0438\u0437\u043c\u0430\"},{\"@type\":\"BreadcrumbList\",\"@id\":\"https:\\\/\\\/dev.xstyle.md\\\/product\\\/fitnes-butylka-contigo-shake-go-2-0-590ml-pp-salt\\\/#breadcrumb\",\"itemListElement\":[{\"@type\":\"ListItem\",\"position\":1,\"name\":\"\u0413\u043b\u0430\u0432\u043d\u0430\u044f \u0441\u0442\u0440\u0430\u043d\u0438\u0446\u0430\",\"item\":\"https:\\\/\\\/dev.xstyle.md\\\/\"},{\"@type\":\"ListItem\",\"position\":2,\"name\":\"Shop\",\"item\":\"https:\\\/\\\/dev.xstyle.md\\\/shop\\\/\"},{\"@type\":\"ListItem\",\"position\":3,\"name\":\"\u0424\u0438\u0442\u043d\u0435\u0441-\u0431\u0443\u0442\u044b\u043b\u043a\u0430 Contigo Shake Go 2.0 PP 590ml Salt\"}]},{\"@type\":\"WebSite\",\"@id\":\"https:\\\/\\\/dev.xstyle.md\\\/#website\",\"url\":\"https:\\\/\\\/dev.xstyle.md\\\/\",\"name\":\"\u041c\u0430\u0433\u0430\u0437\u0438\u043d Xstyle\",\"description\":\"C\u043d\u0430\u0440\u044f\u0436\u0435\u043d\u0438\u0435 \u0434\u043b\u044f \u0442\u0443\u0440\u0438\u0437\u043c\u0430 \u0438 \u044d\u043a\u0441\u0442\u0440\u0435\u043c\u0430\u043b\u044c\u043d\u044b\u0445 \u0432\u0438\u0434\u043e\u0432 \u0441\u043f\u043e\u0440\u0442\u0430 \u0432 \u041c\u043e\u043b\u0434\u043e\u0432\u0435.. \u0426\u0435\u043d\u044b, \u0444\u043e\u0442\u043e, \u0445\u0430\u0440\u0430\u043a\u0442\u0435\u0440\u0438\u0441\u0442\u0438\u043a\u0438 \u0432 \u041c\u043e\u043b\u0434\u043e\u0432\u0435.\",\"publisher\":{\"@id\":\"https:\\\/\\\/dev.xstyle.md\\\/#organization\"},\"alternateName\":\"X-Style\",\"potentialAction\":[{\"@type\":\"SearchAction\",\"target\":{\"@type\":\"EntryPoint\",\"urlTemplate\":\"https:\\\/\\\/dev.xstyle.md\\\/?s={search_term_string}\"},\"query-input\":{\"@type\":\"PropertyValueSpecification\",\"valueRequired\":true,\"valueName\":\"search_term_string\"}}],\"inLanguage\":\"ro-RO\"},{\"@type\":\"Organization\",\"@id\":\"https:\\\/\\\/dev.xstyle.md\\\/#organization\",\"name\":\"\u041c\u0430\u0433\u0430\u0437\u0438\u043d Xstyle\",\"alternateName\":\"x-style\",\"url\":\"https:\\\/\\\/dev.xstyle.md\\\/\",\"logo\":{\"@type\":\"ImageObject\",\"inLanguage\":\"ro-RO\",\"@id\":\"https:\\\/\\\/dev.xstyle.md\\\/#\\\/schema\\\/logo\\\/image\\\/\",\"url\":\"https:\\\/\\\/dev.xstyle.md\\\/wp-content\\\/uploads\\\/2020\\\/06\\\/logoicon.svg\",\"contentUrl\":\"https:\\\/\\\/dev.xstyle.md\\\/wp-content\\\/uploads\\\/2020\\\/06\\\/logoicon.svg\",\"caption\":\"\u041c\u0430\u0433\u0430\u0437\u0438\u043d Xstyle\"},\"image\":{\"@id\":\"https:\\\/\\\/dev.xstyle.md\\\/#\\\/schema\\\/logo\\\/image\\\/\"},\"sameAs\":[\"https:\\\/\\\/www.facebook.com\\\/xstylemd\",\"https:\\\/\\\/www.instagram.com\\\/xstyle_md\\\/\",\"https:\\\/\\\/t.me\\\/xstyle_outdoor\"],\"hasMerchantReturnPolicy\":{\"@type\":\"MerchantReturnPolicy\",\"merchantReturnLink\":\"https:\\\/\\\/dev.xstyle.md\\\/ro\\\/conditions\\\/\"}}]}<\/script>\n<meta property=\"product:price:amount\" content=\"195.00\" \/>\n<meta property=\"product:price:currency\" content=\"MDL\" \/>\n<meta property=\"og:availability\" content=\"instock\" \/>\n<meta property=\"product:availability\" content=\"instock\" \/>\n<meta property=\"product:retailer_item_id\" content=\"840276163845\" \/>\n<meta property=\"product:condition\" content=\"new\" \/>\n<!-- \/ Yoast SEO plugin. -->","yoast_head_json":{"title":"\u0424\u0438\u0442\u043d\u0435\u0441-\u0431\u0443\u0442\u044b\u043b\u043a\u0430 Contigo Shake Go 2.0 PP 590ml Salt - \u041c\u0430\u0433\u0430\u0437\u0438\u043d Xstyle","description":"Bicicleta de fitness Contigo Shake Go 2.0 590 ml PP Salt: Tritan de \u00eencredere, protec\u021bie Microban, f\u0103r\u0103 BPA. Ideal\u0103 pentru persoanele active. Comanda\u021bi acum!","robots":{"index":"noindex","follow":"follow","max-snippet":"max-snippet:-1","max-image-preview":"max-image-preview:large","max-video-preview":"max-video-preview:-1"},"og_locale":"ro_RO","og_type":"article","og_title":"\u0424\u0438\u0442\u043d\u0435\u0441-\u0431\u0443\u0442\u044b\u043b\u043a\u0430 Contigo Shake Go 2.0 PP 590ml Salt - \u041c\u0430\u0433\u0430\u0437\u0438\u043d Xstyle","og_description":"\u0424\u0438\u0442\u043d\u0435\u0441-\u0431\u0443\u0442\u044b\u043b\u043a\u0430 Contigo Shake Go 2.0 590 \u043c\u043b PP Salt: \u043d\u0430\u0434\u0435\u0436\u043d\u044b\u0439 Tritan, \u0437\u0430\u0449\u0438\u0442\u0430 Microban, \u0431\u0435\u0437 BPA. \u0418\u0434\u0435\u0430\u043b\u044c\u043d\u0430 \u0434\u043b\u044f \u0430\u043a\u0442\u0438\u0432\u043d\u044b\u0445 \u043b\u044e\u0434\u0435\u0439. \u0417\u0430\u043a\u0430\u0437\u044b\u0432\u0430\u0439\u0442\u0435 \u0441\u0435\u0439\u0447\u0430\u0441!","og_url":"https:\/\/dev.xstyle.md\/ro\/produs\/fitnes-butylka-contigo-shake-go-2-0-590ml-pp-salt\/","og_site_name":"\u041c\u0430\u0433\u0430\u0437\u0438\u043d Xstyle","article_publisher":"https:\/\/www.facebook.com\/xstylemd","article_modified_time":"2026-02-09T08:12:48+00:00","og_image":[{"width":1600,"height":1600,"url":"https:\/\/dev.xstyle.md\/wp-content\/uploads\/2024\/05\/contigo-shake-go-2.0-590ml-pp-salt.jpg","type":"image\/jpeg"}],"twitter_card":"summary_large_image","twitter_misc":{"Pre\u021b":"195,00&nbsp;MDL","Disponibilitate":"\u00cen stoc"},"schema":{"@context":"https:\/\/schema.org","@graph":[{"@type":"WebPage","@id":"https:\/\/dev.xstyle.md\/product\/fitnes-butylka-contigo-shake-go-2-0-590ml-pp-salt\/","url":"https:\/\/dev.xstyle.md\/product\/fitnes-butylka-contigo-shake-go-2-0-590ml-pp-salt\/","name":"\u0424\u0438\u0442\u043d\u0435\u0441-\u0431\u0443\u0442\u044b\u043b\u043a\u0430 Contigo Shake Go 2.0 PP 590ml Salt - \u041c\u0430\u0433\u0430\u0437\u0438\u043d Xstyle","isPartOf":{"@id":"https:\/\/dev.xstyle.md\/#website"},"primaryImageOfPage":{"@id":"https:\/\/dev.xstyle.md\/product\/fitnes-butylka-contigo-shake-go-2-0-590ml-pp-salt\/#primaryimage"},"image":{"@id":"https:\/\/dev.xstyle.md\/product\/fitnes-butylka-contigo-shake-go-2-0-590ml-pp-salt\/#primaryimage"},"thumbnailUrl":"https:\/\/dev.xstyle.md\/wp-content\/uploads\/2024\/05\/contigo-shake-go-2.0-590ml-pp-salt.jpg","datePublished":"2024-05-10T10:36:08+00:00","dateModified":"2026-02-09T08:12:48+00:00","description":"Bicicleta de fitness Contigo Shake Go 2.0 590 ml PP Salt: Tritan de \u00eencredere, protec\u021bie Microban, f\u0103r\u0103 BPA. Ideal\u0103 pentru persoanele active. Comanda\u021bi acum!","breadcrumb":{"@id":"https:\/\/dev.xstyle.md\/product\/fitnes-butylka-contigo-shake-go-2-0-590ml-pp-salt\/#breadcrumb"},"inLanguage":"ro-RO","potentialAction":[{"@type":"ReadAction","target":["https:\/\/dev.xstyle.md\/product\/fitnes-butylka-contigo-shake-go-2-0-590ml-pp-salt\/"]}]},{"@type":"ImageObject","inLanguage":"ro-RO","@id":"https:\/\/dev.xstyle.md\/product\/fitnes-butylka-contigo-shake-go-2-0-590ml-pp-salt\/#primaryimage","url":"https:\/\/dev.xstyle.md\/wp-content\/uploads\/2024\/05\/contigo-shake-go-2.0-590ml-pp-salt.jpg","contentUrl":"https:\/\/dev.xstyle.md\/wp-content\/uploads\/2024\/05\/contigo-shake-go-2.0-590ml-pp-salt.jpg","width":1600,"height":1600,"caption":"\u0424\u0438\u0442\u043d\u0435\u0441-\u0431\u0443\u0442\u044b\u043b\u043a\u0430 Contigo Shake Go 2.0 590\u043c\u043b \u0434\u043b\u044f \u0430\u043a\u0442\u0438\u0432\u043d\u043e\u0433\u043e \u043e\u0442\u0434\u044b\u0445\u0430, \u0441\u043f\u043e\u0440\u0442\u0438\u0432\u043d\u043e\u0439 \u043e\u0434\u0435\u0436\u0434\u044b \u0438 \u043e\u0431\u0443\u0432\u0438 \u0434\u043b\u044f \u043f\u043e\u0445\u043e\u0434\u043e\u0432, \u0442\u0443\u0440\u0438\u0437\u043c\u0430 \u0438 \u0430\u043b\u044c\u043f\u0438\u043d\u0438\u0437\u043c\u0430"},{"@type":"BreadcrumbList","@id":"https:\/\/dev.xstyle.md\/product\/fitnes-butylka-contigo-shake-go-2-0-590ml-pp-salt\/#breadcrumb","itemListElement":[{"@type":"ListItem","position":1,"name":"\u0413\u043b\u0430\u0432\u043d\u0430\u044f \u0441\u0442\u0440\u0430\u043d\u0438\u0446\u0430","item":"https:\/\/dev.xstyle.md\/"},{"@type":"ListItem","position":2,"name":"Shop","item":"https:\/\/dev.xstyle.md\/shop\/"},{"@type":"ListItem","position":3,"name":"\u0424\u0438\u0442\u043d\u0435\u0441-\u0431\u0443\u0442\u044b\u043b\u043a\u0430 Contigo Shake Go 2.0 PP 590ml Salt"}]},{"@type":"WebSite","@id":"https:\/\/dev.xstyle.md\/#website","url":"https:\/\/dev.xstyle.md\/","name":"Magazinul X-Style","description":"Echipamente pentru turism \u0219i sporturi extreme \u00een Moldova. Pre\u021buri, fotografii, caracteristici \u00een Moldova.","publisher":{"@id":"https:\/\/dev.xstyle.md\/#organization"},"alternateName":"X-Style","potentialAction":[{"@type":"SearchAction","target":{"@type":"EntryPoint","urlTemplate":"https:\/\/dev.xstyle.md\/?s={search_term_string}"},"query-input":{"@type":"PropertyValueSpecification","valueRequired":true,"valueName":"search_term_string"}}],"inLanguage":"ro-RO"},{"@type":"Organization","@id":"https:\/\/dev.xstyle.md\/#organization","name":"Magazinul X-Style","alternateName":"x-style","url":"https:\/\/dev.xstyle.md\/","logo":{"@type":"ImageObject","inLanguage":"ro-RO","@id":"https:\/\/dev.xstyle.md\/#\/schema\/logo\/image\/","url":"https:\/\/dev.xstyle.md\/wp-content\/uploads\/2020\/06\/logoicon.svg","contentUrl":"https:\/\/dev.xstyle.md\/wp-content\/uploads\/2020\/06\/logoicon.svg","caption":"\u041c\u0430\u0433\u0430\u0437\u0438\u043d Xstyle"},"image":{"@id":"https:\/\/dev.xstyle.md\/#\/schema\/logo\/image\/"},"sameAs":["https:\/\/www.facebook.com\/xstylemd","https:\/\/www.instagram.com\/xstyle_md\/","https:\/\/t.me\/xstyle_outdoor"],"hasMerchantReturnPolicy":{"@type":"MerchantReturnPolicy","merchantReturnLink":"https:\/\/dev.xstyle.md\/ro\/conditions\/"}}]},"product_price_amount":"195.00","product_price_currency":"MDL","og_availability":"instock","product_availability":"instock","product_retailer_item_id":"840276163845","product_condition":"new"},"post_mailing_queue_ids":[],"_links":{"self":[{"href":"https:\/\/dev.xstyle.md\/ro\/wp-json\/wp\/v2\/product\/83086","targetHints":{"allow":["GET"]}}],"collection":[{"href":"https:\/\/dev.xstyle.md\/ro\/wp-json\/wp\/v2\/product"}],"about":[{"href":"https:\/\/dev.xstyle.md\/ro\/wp-json\/wp\/v2\/types\/product"}],"replies":[{"embeddable":true,"href":"https:\/\/dev.xstyle.md\/ro\/wp-json\/wp\/v2\/comments?post=83086"}],"version-history":[{"count":1,"href":"https:\/\/dev.xstyle.md\/ro\/wp-json\/wp\/v2\/product\/83086\/revisions"}],"predecessor-version":[{"id":100814,"href":"https:\/\/dev.xstyle.md\/ro\/wp-json\/wp\/v2\/product\/83086\/revisions\/100814"}],"wp:featuredmedia":[{"embeddable":true,"href":"https:\/\/dev.xstyle.md\/ro\/wp-json\/wp\/v2\/media\/83184"}],"wp:attachment":[{"href":"https:\/\/dev.xstyle.md\/ro\/wp-json\/wp\/v2\/media?parent=83086"}],"wp:term":[{"taxonomy":"product_brand","embeddable":true,"href":"https:\/\/dev.xstyle.md\/ro\/wp-json\/wp\/v2\/product_brand?post=83086"},{"taxonomy":"product_cat","embeddable":true,"href":"https:\/\/dev.xstyle.md\/ro\/wp-json\/wp\/v2\/product_cat?post=83086"},{"taxonomy":"product_tag","embeddable":true,"href":"https:\/\/dev.xstyle.md\/ro\/wp-json\/wp\/v2\/product_tag?post=83086"}],"curies":[{"name":"wp","href":"https:\/\/api.w.org\/{rel}","templated":true}]}}