{"id":82512,"date":"2024-04-25T14:26:32","date_gmt":"2024-04-25T11:26:32","guid":{"rendered":"https:\/\/xstyle.md\/?post_type=product&#038;p=82512"},"modified":"2026-03-19T17:20:04","modified_gmt":"2026-03-19T14:20:04","slug":"zashhita-spiny-bluegrass-armour-lite","status":"publish","type":"product","link":"https:\/\/dev.xstyle.md\/ro\/produs\/zashhita-spiny-bluegrass-armour-lite\/","title":{"rendered":"Protec\u021bia spatelui Bluegrass Armour Lite"},"content":{"rendered":"<\/p>\n<p><strong>Bluegrass Armour Lite<\/strong> &#8212; alegerea ideal\u0103 pentru c\u0103l\u0103re\u021bii care prefer\u0103 un tricou de protec\u021bie u\u0219or \u0219i discret. Este practic invizibil \u00een timpul mersului, dar ofer\u0103 totu\u0219i o protec\u021bie excelent\u0103 \u00een situa\u021bii anormale.<\/p>\n<h3>Particularit\u0103\u021bi<\/h3>\n<ul>\n<li>Inser\u021bie protectoare din spum\u0103 EVA \u00een 3 straturi<\/li>\n<li>Baz\u0103 realizat\u0103 din \u021bes\u0103tur\u0103 din plas\u0103 u\u0219oar\u0103 \u0219i extensibil\u0103<\/li>\n<li>T\u0103ietur\u0103 inteligent\u0103 pentru o potrivire confortabil\u0103<\/li>\n<li>Compatibil\u0103 cu un hidrobagaj de 1 litru<\/li>\n<li>Trei buzunare la spate<\/li>\n<li>Compatibil cu protec\u021bie pentru g\u00e2t<\/li>\n<\/ul>\n<h3>Marca<\/h3>\n<p>Bluegrass este o marc\u0103 subsidiar\u0103 a faimoasei companii italiene MET, unul dintre cei mai importan\u021bi produc\u0103tori de c\u0103\u0219ti de ciclism din lume, cu o istorie de peste 30 de ani. Se concentreaz\u0103 pe produc\u021bia de protec\u021bie pentru discipline extreme: downhill, enduro, BMX \u0219i altele. Sportivi de frunte particip\u0103 la dezvoltarea \u0219i testarea modelelor. \u00cen sortimentul m\u0103rcii pute\u021bi g\u0103si diverse modele de echipamente de protec\u021bie, inclusiv genunchiere articulate, protec\u021bii pentru coate, protec\u021bii moi pentru articula\u021bii, m\u0103nu\u0219i, coifuri pentru c\u0103\u0219ti \u0219i multe altele. Produsele Bluegrass \u00eendeplinesc cerin\u021bele interna\u021bionale de siguran\u021b\u0103 \u0219i sunt caracterizate de un design elegant.<\/p>\n<p><\/p>","protected":false},"excerpt":{"rendered":"","protected":false},"featured_media":82698,"comment_status":"open","ping_status":"closed","template":"","meta":{"_acf_changed":false,"inline_featured_image":false},"product_brand":[1439],"product_cat":[408],"product_tag":[],"class_list":{"0":"post-82512","1":"product","2":"type-product","3":"status-publish","4":"has-post-thumbnail","6":"product_brand-bluegrass","7":"product_cat-cycling-protection","9":"first","10":"instock","11":"shipping-taxable","12":"purchasable","13":"product-type-simple"},"acf":[],"yoast_head":"<!-- This site is optimized with the Yoast SEO plugin v27.4 - https:\/\/yoast.com\/product\/yoast-seo-wordpress\/ -->\n<title>\u0417\u0430\u0449\u0438\u0442\u0430 \u0441\u043f\u0438\u043d\u044b Bluegrass Armour Lite - \u041c\u0430\u0433\u0430\u0437\u0438\u043d Xstyle<\/title>\n<meta name=\"description\" content=\"\u0417\u0430\u0449\u0438\u0442\u0430 \u0441\u043f\u0438\u043d\u044b Bluegrass Armour Lite \u2013 \u0438\u0434\u0435\u0430\u043b\u044c\u043d\u044b\u0439 \u0432\u044b\u0431\u043e\u0440 \u0434\u043b\u044f \u0440\u0430\u0439\u0434\u0435\u0440\u043e\u0432. \u041b\u0435\u0433\u043a\u0430\u044f, \u043d\u0435\u0432\u0438\u0434\u0438\u043c\u0430\u044f \u0437\u0430\u0449\u0438\u0442\u0430 \u0441 \u0432\u0441\u0442\u0430\u0432\u043a\u0430\u043c\u0438 \u0438\u0437 EVA \u0433\u0430\u0440\u0430\u043d\u0442\u0438\u0440\u0443\u0435\u0442 \u043a\u043e\u043c\u0444\u043e\u0440\u0442 \u0438 \u0431\u0435\u0437\u043e\u043f\u0430\u0441\u043d\u043e\u0441\u0442\u044c.\" \/>\n<meta name=\"robots\" content=\"noindex, follow, max-snippet:-1, max-image-preview:large, max-video-preview:-1\" \/>\n<meta property=\"og:locale\" content=\"ro_RO\" \/>\n<meta property=\"og:type\" content=\"article\" \/>\n<meta property=\"og:title\" content=\"\u0417\u0430\u0449\u0438\u0442\u0430 \u0441\u043f\u0438\u043d\u044b Bluegrass Armour Lite - \u041c\u0430\u0433\u0430\u0437\u0438\u043d Xstyle\" \/>\n<meta property=\"og:description\" content=\"\u0417\u0430\u0449\u0438\u0442\u0430 \u0441\u043f\u0438\u043d\u044b Bluegrass Armour Lite \u2013 \u0438\u0434\u0435\u0430\u043b\u044c\u043d\u044b\u0439 \u0432\u044b\u0431\u043e\u0440 \u0434\u043b\u044f \u0440\u0430\u0439\u0434\u0435\u0440\u043e\u0432. \u041b\u0435\u0433\u043a\u0430\u044f, \u043d\u0435\u0432\u0438\u0434\u0438\u043c\u0430\u044f \u0437\u0430\u0449\u0438\u0442\u0430 \u0441 \u0432\u0441\u0442\u0430\u0432\u043a\u0430\u043c\u0438 \u0438\u0437 EVA \u0433\u0430\u0440\u0430\u043d\u0442\u0438\u0440\u0443\u0435\u0442 \u043a\u043e\u043c\u0444\u043e\u0440\u0442 \u0438 \u0431\u0435\u0437\u043e\u043f\u0430\u0441\u043d\u043e\u0441\u0442\u044c.\" \/>\n<meta property=\"og:url\" content=\"https:\/\/dev.xstyle.md\/ro\/produs\/zashhita-spiny-bluegrass-armour-lite\/\" \/>\n<meta property=\"og:site_name\" content=\"\u041c\u0430\u0433\u0430\u0437\u0438\u043d Xstyle\" \/>\n<meta property=\"article:publisher\" content=\"https:\/\/www.facebook.com\/xstylemd\" \/>\n<meta property=\"article:modified_time\" content=\"2026-03-19T14:20:04+00:00\" \/>\n<meta property=\"og:image\" content=\"https:\/\/dev.xstyle.md\/wp-content\/uploads\/2024\/04\/bluegrass-armour-lite.jpg\" \/>\n\t<meta property=\"og:image:width\" content=\"1065\" \/>\n\t<meta property=\"og:image:height\" content=\"1026\" \/>\n\t<meta property=\"og:image:type\" content=\"image\/jpeg\" \/>\n<meta name=\"twitter:card\" content=\"summary_large_image\" \/>\n<meta name=\"twitter:label1\" content=\"Pre\u021b\" \/>\n\t<meta name=\"twitter:data1\" content=\"2.950,00&nbsp;MDL\" \/>\n\t<meta name=\"twitter:label2\" content=\"Disponibilitate\" \/>\n\t<meta name=\"twitter:data2\" content=\"\u00cen stoc\" \/>\n<script type=\"application\/ld+json\" class=\"yoast-schema-graph\">{\"@context\":\"https:\\\/\\\/schema.org\",\"@graph\":[{\"@type\":\"WebPage\",\"@id\":\"https:\\\/\\\/dev.xstyle.md\\\/product\\\/zashhita-spiny-bluegrass-armour-lite\\\/\",\"url\":\"https:\\\/\\\/dev.xstyle.md\\\/product\\\/zashhita-spiny-bluegrass-armour-lite\\\/\",\"name\":\"\u0417\u0430\u0449\u0438\u0442\u0430 \u0441\u043f\u0438\u043d\u044b Bluegrass Armour Lite - \u041c\u0430\u0433\u0430\u0437\u0438\u043d Xstyle\",\"isPartOf\":{\"@id\":\"https:\\\/\\\/dev.xstyle.md\\\/#website\"},\"primaryImageOfPage\":{\"@id\":\"https:\\\/\\\/dev.xstyle.md\\\/product\\\/zashhita-spiny-bluegrass-armour-lite\\\/#primaryimage\"},\"image\":{\"@id\":\"https:\\\/\\\/dev.xstyle.md\\\/product\\\/zashhita-spiny-bluegrass-armour-lite\\\/#primaryimage\"},\"thumbnailUrl\":\"https:\\\/\\\/dev.xstyle.md\\\/wp-content\\\/uploads\\\/2024\\\/04\\\/bluegrass-armour-lite.jpg\",\"datePublished\":\"2024-04-25T11:26:32+00:00\",\"dateModified\":\"2026-03-19T14:20:04+00:00\",\"description\":\"\u0417\u0430\u0449\u0438\u0442\u0430 \u0441\u043f\u0438\u043d\u044b Bluegrass Armour Lite \u2013 \u0438\u0434\u0435\u0430\u043b\u044c\u043d\u044b\u0439 \u0432\u044b\u0431\u043e\u0440 \u0434\u043b\u044f \u0440\u0430\u0439\u0434\u0435\u0440\u043e\u0432. \u041b\u0435\u0433\u043a\u0430\u044f, \u043d\u0435\u0432\u0438\u0434\u0438\u043c\u0430\u044f \u0437\u0430\u0449\u0438\u0442\u0430 \u0441 \u0432\u0441\u0442\u0430\u0432\u043a\u0430\u043c\u0438 \u0438\u0437 EVA \u0433\u0430\u0440\u0430\u043d\u0442\u0438\u0440\u0443\u0435\u0442 \u043a\u043e\u043c\u0444\u043e\u0440\u0442 \u0438 \u0431\u0435\u0437\u043e\u043f\u0430\u0441\u043d\u043e\u0441\u0442\u044c.\",\"breadcrumb\":{\"@id\":\"https:\\\/\\\/dev.xstyle.md\\\/product\\\/zashhita-spiny-bluegrass-armour-lite\\\/#breadcrumb\"},\"inLanguage\":\"ro-RO\",\"potentialAction\":[{\"@type\":\"ReadAction\",\"target\":[\"https:\\\/\\\/dev.xstyle.md\\\/product\\\/zashhita-spiny-bluegrass-armour-lite\\\/\"]}]},{\"@type\":\"ImageObject\",\"inLanguage\":\"ro-RO\",\"@id\":\"https:\\\/\\\/dev.xstyle.md\\\/product\\\/zashhita-spiny-bluegrass-armour-lite\\\/#primaryimage\",\"url\":\"https:\\\/\\\/dev.xstyle.md\\\/wp-content\\\/uploads\\\/2024\\\/04\\\/bluegrass-armour-lite.jpg\",\"contentUrl\":\"https:\\\/\\\/dev.xstyle.md\\\/wp-content\\\/uploads\\\/2024\\\/04\\\/bluegrass-armour-lite.jpg\",\"width\":1065,\"height\":1026,\"caption\":\"\u0417\u0430\u0449\u0438\u0442\u0430 \u0441\u043f\u0438\u043d\u044b Bluegrass Armour Lite \u0434\u043b\u044f \u0430\u043a\u0442\u0438\u0432\u043d\u043e\u0433\u043e \u043e\u0442\u0434\u044b\u0445\u0430 \u043f\u0443\u0442\u0435\u0448\u0435\u0441\u0442\u0432\u0438\u0439 \u0438 \u0430\u043b\u044c\u043f\u0438\u043d\u0438\u0437\u043c\u0430, \u044d\u043a\u0438\u043f\u0438\u0440\u043e\u0432\u043a\u0430 \u0434\u043b\u044f \u0442\u0440\u0435\u043a\u0438\u043d\u0433\u0430 \u0438 \u043f\u043e\u0445\u043e\u0434\u043e\u0432, \u043e\u0440\u0442\u043e\u043f\u0435\u0434\u0438\u0447\u0435\u0441\u043a\u0430\u044f \u0437\u0430\u0449\u0438\u0442\u0430 \u0434\u043b\u044f \u043f\u0443\u0442\u0435\u0448\u0435\u0441\u0442\u0432\u0435\u043d\u043d\u0438\u043a\u043e\u0432 \u0438 \u043b\u044e\u0431\u0438\u0442\u0435\u043b\u0435\u0439 \u0430\u043a\u0442\u0438\u0432\u043d\u043e\u0439 \u0436\u0438\u0437\u043d\u0438\"},{\"@type\":\"BreadcrumbList\",\"@id\":\"https:\\\/\\\/dev.xstyle.md\\\/product\\\/zashhita-spiny-bluegrass-armour-lite\\\/#breadcrumb\",\"itemListElement\":[{\"@type\":\"ListItem\",\"position\":1,\"name\":\"\u0413\u043b\u0430\u0432\u043d\u0430\u044f \u0441\u0442\u0440\u0430\u043d\u0438\u0446\u0430\",\"item\":\"https:\\\/\\\/dev.xstyle.md\\\/\"},{\"@type\":\"ListItem\",\"position\":2,\"name\":\"Shop\",\"item\":\"https:\\\/\\\/dev.xstyle.md\\\/shop\\\/\"},{\"@type\":\"ListItem\",\"position\":3,\"name\":\"\u0417\u0430\u0449\u0438\u0442\u0430 \u0441\u043f\u0438\u043d\u044b Bluegrass Armour Lite\"}]},{\"@type\":\"WebSite\",\"@id\":\"https:\\\/\\\/dev.xstyle.md\\\/#website\",\"url\":\"https:\\\/\\\/dev.xstyle.md\\\/\",\"name\":\"\u041c\u0430\u0433\u0430\u0437\u0438\u043d Xstyle\",\"description\":\"C\u043d\u0430\u0440\u044f\u0436\u0435\u043d\u0438\u0435 \u0434\u043b\u044f \u0442\u0443\u0440\u0438\u0437\u043c\u0430 \u0438 \u044d\u043a\u0441\u0442\u0440\u0435\u043c\u0430\u043b\u044c\u043d\u044b\u0445 \u0432\u0438\u0434\u043e\u0432 \u0441\u043f\u043e\u0440\u0442\u0430 \u0432 \u041c\u043e\u043b\u0434\u043e\u0432\u0435.. \u0426\u0435\u043d\u044b, \u0444\u043e\u0442\u043e, \u0445\u0430\u0440\u0430\u043a\u0442\u0435\u0440\u0438\u0441\u0442\u0438\u043a\u0438 \u0432 \u041c\u043e\u043b\u0434\u043e\u0432\u0435.\",\"publisher\":{\"@id\":\"https:\\\/\\\/dev.xstyle.md\\\/#organization\"},\"alternateName\":\"X-Style\",\"potentialAction\":[{\"@type\":\"SearchAction\",\"target\":{\"@type\":\"EntryPoint\",\"urlTemplate\":\"https:\\\/\\\/dev.xstyle.md\\\/?s={search_term_string}\"},\"query-input\":{\"@type\":\"PropertyValueSpecification\",\"valueRequired\":true,\"valueName\":\"search_term_string\"}}],\"inLanguage\":\"ro-RO\"},{\"@type\":\"Organization\",\"@id\":\"https:\\\/\\\/dev.xstyle.md\\\/#organization\",\"name\":\"\u041c\u0430\u0433\u0430\u0437\u0438\u043d Xstyle\",\"alternateName\":\"x-style\",\"url\":\"https:\\\/\\\/dev.xstyle.md\\\/\",\"logo\":{\"@type\":\"ImageObject\",\"inLanguage\":\"ro-RO\",\"@id\":\"https:\\\/\\\/dev.xstyle.md\\\/#\\\/schema\\\/logo\\\/image\\\/\",\"url\":\"https:\\\/\\\/dev.xstyle.md\\\/wp-content\\\/uploads\\\/2020\\\/06\\\/logoicon.svg\",\"contentUrl\":\"https:\\\/\\\/dev.xstyle.md\\\/wp-content\\\/uploads\\\/2020\\\/06\\\/logoicon.svg\",\"caption\":\"\u041c\u0430\u0433\u0430\u0437\u0438\u043d Xstyle\"},\"image\":{\"@id\":\"https:\\\/\\\/dev.xstyle.md\\\/#\\\/schema\\\/logo\\\/image\\\/\"},\"sameAs\":[\"https:\\\/\\\/www.facebook.com\\\/xstylemd\",\"https:\\\/\\\/www.instagram.com\\\/xstyle_md\\\/\",\"https:\\\/\\\/t.me\\\/xstyle_outdoor\"],\"hasMerchantReturnPolicy\":{\"@type\":\"MerchantReturnPolicy\",\"merchantReturnLink\":\"https:\\\/\\\/dev.xstyle.md\\\/ro\\\/conditions\\\/\"}}]}<\/script>\n<meta property=\"product:price:amount\" content=\"2950.00\" \/>\n<meta property=\"product:price:currency\" content=\"MDL\" \/>\n<meta property=\"og:availability\" content=\"instock\" \/>\n<meta property=\"product:availability\" content=\"instock\" \/>\n<meta property=\"product:retailer_item_id\" content=\"8015190267012\" \/>\n<meta property=\"product:condition\" content=\"new\" \/>\n<!-- \/ Yoast SEO plugin. -->","yoast_head_json":{"title":"Protec\u021bia spatelui Bluegrass Armour Lite - Magazin Xstyle","description":"Protec\u021bia pentru spate Bluegrass Armour Lite este alegerea ideal\u0103 pentru rideri. O protec\u021bie u\u0219oar\u0103, invizibil\u0103, cu inser\u021bii din EVA, garanteaz\u0103 confortul \u0219i siguran\u021ba.","robots":{"index":"noindex","follow":"follow","max-snippet":"max-snippet:-1","max-image-preview":"max-image-preview:large","max-video-preview":"max-video-preview:-1"},"og_locale":"ro_RO","og_type":"article","og_title":"\u0417\u0430\u0449\u0438\u0442\u0430 \u0441\u043f\u0438\u043d\u044b Bluegrass Armour Lite - \u041c\u0430\u0433\u0430\u0437\u0438\u043d Xstyle","og_description":"\u0417\u0430\u0449\u0438\u0442\u0430 \u0441\u043f\u0438\u043d\u044b Bluegrass Armour Lite \u2013 \u0438\u0434\u0435\u0430\u043b\u044c\u043d\u044b\u0439 \u0432\u044b\u0431\u043e\u0440 \u0434\u043b\u044f \u0440\u0430\u0439\u0434\u0435\u0440\u043e\u0432. \u041b\u0435\u0433\u043a\u0430\u044f, \u043d\u0435\u0432\u0438\u0434\u0438\u043c\u0430\u044f \u0437\u0430\u0449\u0438\u0442\u0430 \u0441 \u0432\u0441\u0442\u0430\u0432\u043a\u0430\u043c\u0438 \u0438\u0437 EVA \u0433\u0430\u0440\u0430\u043d\u0442\u0438\u0440\u0443\u0435\u0442 \u043a\u043e\u043c\u0444\u043e\u0440\u0442 \u0438 \u0431\u0435\u0437\u043e\u043f\u0430\u0441\u043d\u043e\u0441\u0442\u044c.","og_url":"https:\/\/dev.xstyle.md\/ro\/produs\/zashhita-spiny-bluegrass-armour-lite\/","og_site_name":"\u041c\u0430\u0433\u0430\u0437\u0438\u043d Xstyle","article_publisher":"https:\/\/www.facebook.com\/xstylemd","article_modified_time":"2026-03-19T14:20:04+00:00","og_image":[{"width":1065,"height":1026,"url":"https:\/\/dev.xstyle.md\/wp-content\/uploads\/2024\/04\/bluegrass-armour-lite.jpg","type":"image\/jpeg"}],"twitter_card":"summary_large_image","twitter_misc":{"Pre\u021b":"2.950,00&nbsp;MDL","Disponibilitate":"\u00cen stoc"},"schema":{"@context":"https:\/\/schema.org","@graph":[{"@type":"WebPage","@id":"https:\/\/dev.xstyle.md\/product\/zashhita-spiny-bluegrass-armour-lite\/","url":"https:\/\/dev.xstyle.md\/product\/zashhita-spiny-bluegrass-armour-lite\/","name":"Protec\u021bia spatelui Bluegrass Armour Lite - Magazin Xstyle","isPartOf":{"@id":"https:\/\/dev.xstyle.md\/#website"},"primaryImageOfPage":{"@id":"https:\/\/dev.xstyle.md\/product\/zashhita-spiny-bluegrass-armour-lite\/#primaryimage"},"image":{"@id":"https:\/\/dev.xstyle.md\/product\/zashhita-spiny-bluegrass-armour-lite\/#primaryimage"},"thumbnailUrl":"https:\/\/dev.xstyle.md\/wp-content\/uploads\/2024\/04\/bluegrass-armour-lite.jpg","datePublished":"2024-04-25T11:26:32+00:00","dateModified":"2026-03-19T14:20:04+00:00","description":"Protec\u021bia pentru spate Bluegrass Armour Lite este alegerea ideal\u0103 pentru rideri. O protec\u021bie u\u0219oar\u0103, invizibil\u0103, cu inser\u021bii din EVA, garanteaz\u0103 confortul \u0219i siguran\u021ba.","breadcrumb":{"@id":"https:\/\/dev.xstyle.md\/product\/zashhita-spiny-bluegrass-armour-lite\/#breadcrumb"},"inLanguage":"ro-RO","potentialAction":[{"@type":"ReadAction","target":["https:\/\/dev.xstyle.md\/product\/zashhita-spiny-bluegrass-armour-lite\/"]}]},{"@type":"ImageObject","inLanguage":"ro-RO","@id":"https:\/\/dev.xstyle.md\/product\/zashhita-spiny-bluegrass-armour-lite\/#primaryimage","url":"https:\/\/dev.xstyle.md\/wp-content\/uploads\/2024\/04\/bluegrass-armour-lite.jpg","contentUrl":"https:\/\/dev.xstyle.md\/wp-content\/uploads\/2024\/04\/bluegrass-armour-lite.jpg","width":1065,"height":1026,"caption":"\u0417\u0430\u0449\u0438\u0442\u0430 \u0441\u043f\u0438\u043d\u044b Bluegrass Armour Lite \u0434\u043b\u044f \u0430\u043a\u0442\u0438\u0432\u043d\u043e\u0433\u043e \u043e\u0442\u0434\u044b\u0445\u0430 \u043f\u0443\u0442\u0435\u0448\u0435\u0441\u0442\u0432\u0438\u0439 \u0438 \u0430\u043b\u044c\u043f\u0438\u043d\u0438\u0437\u043c\u0430, \u044d\u043a\u0438\u043f\u0438\u0440\u043e\u0432\u043a\u0430 \u0434\u043b\u044f \u0442\u0440\u0435\u043a\u0438\u043d\u0433\u0430 \u0438 \u043f\u043e\u0445\u043e\u0434\u043e\u0432, \u043e\u0440\u0442\u043e\u043f\u0435\u0434\u0438\u0447\u0435\u0441\u043a\u0430\u044f \u0437\u0430\u0449\u0438\u0442\u0430 \u0434\u043b\u044f \u043f\u0443\u0442\u0435\u0448\u0435\u0441\u0442\u0432\u0435\u043d\u043d\u0438\u043a\u043e\u0432 \u0438 \u043b\u044e\u0431\u0438\u0442\u0435\u043b\u0435\u0439 \u0430\u043a\u0442\u0438\u0432\u043d\u043e\u0439 \u0436\u0438\u0437\u043d\u0438"},{"@type":"BreadcrumbList","@id":"https:\/\/dev.xstyle.md\/product\/zashhita-spiny-bluegrass-armour-lite\/#breadcrumb","itemListElement":[{"@type":"ListItem","position":1,"name":"\u0413\u043b\u0430\u0432\u043d\u0430\u044f \u0441\u0442\u0440\u0430\u043d\u0438\u0446\u0430","item":"https:\/\/dev.xstyle.md\/"},{"@type":"ListItem","position":2,"name":"Shop","item":"https:\/\/dev.xstyle.md\/shop\/"},{"@type":"ListItem","position":3,"name":"\u0417\u0430\u0449\u0438\u0442\u0430 \u0441\u043f\u0438\u043d\u044b Bluegrass Armour Lite"}]},{"@type":"WebSite","@id":"https:\/\/dev.xstyle.md\/#website","url":"https:\/\/dev.xstyle.md\/","name":"Magazinul X-Style","description":"Echipamente pentru turism \u0219i sporturi extreme \u00een Moldova. Pre\u021buri, fotografii, caracteristici \u00een Moldova.","publisher":{"@id":"https:\/\/dev.xstyle.md\/#organization"},"alternateName":"X-Style","potentialAction":[{"@type":"SearchAction","target":{"@type":"EntryPoint","urlTemplate":"https:\/\/dev.xstyle.md\/?s={search_term_string}"},"query-input":{"@type":"PropertyValueSpecification","valueRequired":true,"valueName":"search_term_string"}}],"inLanguage":"ro-RO"},{"@type":"Organization","@id":"https:\/\/dev.xstyle.md\/#organization","name":"Magazinul X-Style","alternateName":"x-style","url":"https:\/\/dev.xstyle.md\/","logo":{"@type":"ImageObject","inLanguage":"ro-RO","@id":"https:\/\/dev.xstyle.md\/#\/schema\/logo\/image\/","url":"https:\/\/dev.xstyle.md\/wp-content\/uploads\/2020\/06\/logoicon.svg","contentUrl":"https:\/\/dev.xstyle.md\/wp-content\/uploads\/2020\/06\/logoicon.svg","caption":"\u041c\u0430\u0433\u0430\u0437\u0438\u043d Xstyle"},"image":{"@id":"https:\/\/dev.xstyle.md\/#\/schema\/logo\/image\/"},"sameAs":["https:\/\/www.facebook.com\/xstylemd","https:\/\/www.instagram.com\/xstyle_md\/","https:\/\/t.me\/xstyle_outdoor"],"hasMerchantReturnPolicy":{"@type":"MerchantReturnPolicy","merchantReturnLink":"https:\/\/dev.xstyle.md\/ro\/conditions\/"}}]},"product_price_amount":"2950.00","product_price_currency":"MDL","og_availability":"instock","product_availability":"instock","product_retailer_item_id":"8015190267012","product_condition":"new"},"post_mailing_queue_ids":[],"_links":{"self":[{"href":"https:\/\/dev.xstyle.md\/ro\/wp-json\/wp\/v2\/product\/82512","targetHints":{"allow":["GET"]}}],"collection":[{"href":"https:\/\/dev.xstyle.md\/ro\/wp-json\/wp\/v2\/product"}],"about":[{"href":"https:\/\/dev.xstyle.md\/ro\/wp-json\/wp\/v2\/types\/product"}],"replies":[{"embeddable":true,"href":"https:\/\/dev.xstyle.md\/ro\/wp-json\/wp\/v2\/comments?post=82512"}],"version-history":[{"count":0,"href":"https:\/\/dev.xstyle.md\/ro\/wp-json\/wp\/v2\/product\/82512\/revisions"}],"wp:featuredmedia":[{"embeddable":true,"href":"https:\/\/dev.xstyle.md\/ro\/wp-json\/wp\/v2\/media\/82698"}],"wp:attachment":[{"href":"https:\/\/dev.xstyle.md\/ro\/wp-json\/wp\/v2\/media?parent=82512"}],"wp:term":[{"taxonomy":"product_brand","embeddable":true,"href":"https:\/\/dev.xstyle.md\/ro\/wp-json\/wp\/v2\/product_brand?post=82512"},{"taxonomy":"product_cat","embeddable":true,"href":"https:\/\/dev.xstyle.md\/ro\/wp-json\/wp\/v2\/product_cat?post=82512"},{"taxonomy":"product_tag","embeddable":true,"href":"https:\/\/dev.xstyle.md\/ro\/wp-json\/wp\/v2\/product_tag?post=82512"}],"curies":[{"name":"wp","href":"https:\/\/api.w.org\/{rel}","templated":true}]}}