{"id":82485,"date":"2024-04-25T14:26:27","date_gmt":"2024-04-25T11:26:27","guid":{"rendered":"https:\/\/xstyle.md\/?post_type=product&#038;p=82485"},"modified":"2025-10-24T12:41:14","modified_gmt":"2025-10-24T09:41:14","slug":"nozh-helle-wabakimi-sleipner","status":"publish","type":"product","link":"https:\/\/xstyle.md\/ro\/produs\/nozh-helle-wabakimi-sleipner\/","title":{"rendered":"Cu\u021bit Helle Wabakimi Sleipner"},"content":{"rendered":"<\/p>\n<p><strong>Helle Wabakimi Sleipner<\/strong> &#8212; cu\u021bitul a fost creat \u00een colaborare cu Les Stroud, un expert \u00een supravie\u021buire \u00een s\u0103lb\u0103ticie.<\/p>\n<p>Cu\u021bitul este perfect pentru bushcraft. Dimensiunile sale mici \u00eel fac convenabil de purtat la \u0219old \u00een orice moment. \u00cen acela\u0219i timp, lungimea cu\u021bitului este suficient de mare pentru t\u0103ierea sau rindeluirea precis\u0103 a lemnului.<\/p>\n<p>Lama lung\u0103 de 80 mm este bine controlabil\u0103. Curba suficient de abrupt\u0103 a t\u0103i\u0219ului este potrivit\u0103 pentru jupuit, v\u00e2rful ascu\u021bit se descurc\u0103 cu ac\u021biuni mici \u0219i precise. Lama este fabricat\u0103 din o\u021bel inoxidabil laminat \u00een trei straturi, cu un miez dur \u0219i c\u0103ptu\u0219eli moi. O\u021belul confer\u0103 lamei o t\u0103ietur\u0103 superioar\u0103 \u0219i o p\u0103strare de lung\u0103 durat\u0103 a t\u0103i\u0219ului ascu\u021bit.<\/p>\n<p>M\u0103rimea m\u00e2nerului dep\u0103\u0219e\u0219te lungimea lamei, ceea ce face ca aceasta s\u0103 fie foarte confortabil\u0103 \u0219i sigur\u0103 de \u021binut \u00een m\u00e2n\u0103. M\u00e2nerul voluminos umple bine m\u00e2na, ceea ce este important atunci c\u00e2nd se lucreaz\u0103 cu cu\u021bitul pentru perioade lungi de timp. Materialul utilizat este mesteac\u0103nul de Karelia, ale c\u0103rui calit\u0103\u021bi naturale sunt optim adaptate pentru cu\u021bitele de c\u00e2mp &#8212; este durabil, cu o textur\u0103 antiderapant\u0103 pl\u0103cut\u0103 \u0219i nu r\u0103ce\u0219te m\u00e2na la frig. Pe capacul de cap\u0103t exist\u0103 o gaur\u0103 pentru un \u0219nur de siguran\u021b\u0103.<\/p>\n<p>Cu\u021bitul este livrat cu o teac\u0103 din piele cu o bucl\u0103 de centur\u0103.<\/p>\n<h3>Caracteristici<\/h3>\n<ul>\n<li>Tip de cu\u021bit: nepliabil<\/li>\n<li>Tip de t\u0103i\u0219: regulat<\/li>\n<li>Lungime total\u0103: 19,5 cm<\/li>\n<li>Lungimea lamei: 8 cm<\/li>\n<li>Material m\u00e2ner: lemn de mesteac\u0103n din Karelian<\/li>\n<li>Calitatea o\u021belului: o\u021bel inoxidabil laminat<\/li>\n<li>Greutate: 135 g<\/li>\n<\/ul>\n<h3>Marca<\/h3>\n<p>Helle este o companie norvegian\u0103 de cu\u021bite care a luat na\u0219tere \u00een anii 1930. A fost fondat\u0103 de Steiner Helle, un om care a admirat natura din \u021bara sa natal\u0103 \u00eenc\u0103 din copil\u0103rie \u0219i a dorit s\u0103 fac\u0103 celebru satul s\u0103u, Holmdal. Helle \u0219i-a f\u0103cut singur primul lot de cu\u021bite \u0219i le-a v\u00e2ndut la t\u00e2rgul local. Fratele s\u0103u i s-a al\u0103turat mai t\u00e2rziu \u0219i \u00eempreun\u0103 au creat o mic\u0103 afacere de familie \u00een domeniul produc\u021biei de cu\u021bite. Ast\u0103zi, sediul central al companiei se afl\u0103 \u00eenc\u0103 \u00een Holmdal, locul unde a fost creat primul cu\u021bit norvegian al lui Helle, iar compania este condus\u0103 de urma\u0219ii fra\u021bilor Helle. O\u021belul, din care sunt fabricate lamele cu\u021bitelor Helle, are o compozi\u021bie original\u0103, folosit\u0103 doar de mae\u0219trii acestui brand. Iar m\u00e2nerul cu\u021bitului este realizat numai din materiale naturale.<\/p>\n<p><\/p>","protected":false},"excerpt":{"rendered":"","protected":false},"featured_media":82933,"comment_status":"open","ping_status":"closed","template":"","meta":{"_acf_changed":false,"inline_featured_image":false},"product_brand":[1396],"product_cat":[169],"product_tag":[],"class_list":{"0":"post-82485","1":"product","2":"type-product","3":"status-publish","4":"has-post-thumbnail","6":"product_brand-helle","7":"product_cat-knives","9":"first","10":"instock","11":"shipping-taxable","12":"purchasable","13":"product-type-simple"},"acf":[],"yoast_head":"<!-- This site is optimized with the Yoast SEO plugin v27.4 - https:\/\/yoast.com\/product\/yoast-seo-wordpress\/ -->\n<title>\u041d\u043e\u0436 Helle Wabakimi Sleipner - \u041c\u0430\u0433\u0430\u0437\u0438\u043d Xstyle<\/title>\n<meta name=\"description\" content=\"\u041a\u0443\u043f\u0438\u0442\u0435 \u043d\u043e\u0436 Helle Wabakimi Sleipner, \u0441\u043e\u0437\u0434\u0430\u043d\u043d\u044b\u0439 \u0432 \u0441\u043e\u0442\u0440\u0443\u0434\u043d\u0438\u0447\u0435\u0441\u0442\u0432\u0435 \u0441 \u041b\u0435\u0441\u043e\u043c \u0421\u0442\u0440\u0430\u0443\u0434\u043e\u043c. \u0418\u0434\u0435\u0430\u043b\u0435\u043d \u0434\u043b\u044f \u0431\u0443\u0448\u043a\u0440\u0430\u0444\u0442\u0430 \u0438 \u0443\u0434\u043e\u0431\u0435\u043d \u0434\u043b\u044f \u043f\u043e\u0432\u0441\u0435\u0434\u043d\u0435\u0432\u043d\u043e\u0433\u043e \u0438\u0441\u043f\u043e\u043b\u044c\u0437\u043e\u0432\u0430\u043d\u0438\u044f.\" \/>\n<meta name=\"robots\" content=\"index, follow, max-snippet:-1, max-image-preview:large, max-video-preview:-1\" \/>\n<link rel=\"canonical\" href=\"https:\/\/xstyle.md\/ro\/produs\/nozh-helle-wabakimi-sleipner\/\" \/>\n<meta property=\"og:locale\" content=\"ro_RO\" \/>\n<meta property=\"og:type\" content=\"article\" \/>\n<meta property=\"og:title\" content=\"\u041d\u043e\u0436 Helle Wabakimi Sleipner - \u041c\u0430\u0433\u0430\u0437\u0438\u043d Xstyle\" \/>\n<meta property=\"og:description\" content=\"\u041a\u0443\u043f\u0438\u0442\u0435 \u043d\u043e\u0436 Helle Wabakimi Sleipner, \u0441\u043e\u0437\u0434\u0430\u043d\u043d\u044b\u0439 \u0432 \u0441\u043e\u0442\u0440\u0443\u0434\u043d\u0438\u0447\u0435\u0441\u0442\u0432\u0435 \u0441 \u041b\u0435\u0441\u043e\u043c \u0421\u0442\u0440\u0430\u0443\u0434\u043e\u043c. \u0418\u0434\u0435\u0430\u043b\u0435\u043d \u0434\u043b\u044f \u0431\u0443\u0448\u043a\u0440\u0430\u0444\u0442\u0430 \u0438 \u0443\u0434\u043e\u0431\u0435\u043d \u0434\u043b\u044f \u043f\u043e\u0432\u0441\u0435\u0434\u043d\u0435\u0432\u043d\u043e\u0433\u043e \u0438\u0441\u043f\u043e\u043b\u044c\u0437\u043e\u0432\u0430\u043d\u0438\u044f.\" \/>\n<meta property=\"og:url\" content=\"https:\/\/xstyle.md\/ro\/produs\/nozh-helle-wabakimi-sleipner\/\" \/>\n<meta property=\"og:site_name\" content=\"\u041c\u0430\u0433\u0430\u0437\u0438\u043d Xstyle\" \/>\n<meta property=\"article:publisher\" content=\"https:\/\/www.facebook.com\/xstylemd\" \/>\n<meta property=\"article:modified_time\" content=\"2025-10-24T09:41:14+00:00\" \/>\n<meta property=\"og:image\" content=\"https:\/\/xstyle.md\/wp-content\/uploads\/2024\/04\/helle-wabakimi-sleipner-rotated.jpg\" \/>\n\t<meta property=\"og:image:width\" content=\"700\" \/>\n\t<meta property=\"og:image:height\" content=\"700\" \/>\n\t<meta property=\"og:image:type\" content=\"image\/jpeg\" \/>\n<meta name=\"twitter:card\" content=\"summary_large_image\" \/>\n<meta name=\"twitter:label1\" content=\"Pre\u021b\" \/>\n\t<meta name=\"twitter:data1\" content=\"3.550&nbsp;MDL\" \/>\n\t<meta name=\"twitter:label2\" content=\"Disponibilitate\" \/>\n\t<meta name=\"twitter:data2\" content=\"\u00cen stoc\" \/>\n<script type=\"application\/ld+json\" class=\"yoast-schema-graph\">{\"@context\":\"https:\\\/\\\/schema.org\",\"@graph\":[{\"@type\":\"WebPage\",\"@id\":\"https:\\\/\\\/xstyle.md\\\/product\\\/nozh-helle-wabakimi-sleipner\\\/\",\"url\":\"https:\\\/\\\/xstyle.md\\\/product\\\/nozh-helle-wabakimi-sleipner\\\/\",\"name\":\"\u041d\u043e\u0436 Helle Wabakimi Sleipner - \u041c\u0430\u0433\u0430\u0437\u0438\u043d Xstyle\",\"isPartOf\":{\"@id\":\"https:\\\/\\\/xstyle.md\\\/#website\"},\"primaryImageOfPage\":{\"@id\":\"https:\\\/\\\/xstyle.md\\\/product\\\/nozh-helle-wabakimi-sleipner\\\/#primaryimage\"},\"image\":{\"@id\":\"https:\\\/\\\/xstyle.md\\\/product\\\/nozh-helle-wabakimi-sleipner\\\/#primaryimage\"},\"thumbnailUrl\":\"https:\\\/\\\/xstyle.md\\\/wp-content\\\/uploads\\\/2024\\\/04\\\/helle-wabakimi-sleipner-rotated.jpg\",\"datePublished\":\"2024-04-25T11:26:27+00:00\",\"dateModified\":\"2025-10-24T09:41:14+00:00\",\"description\":\"\u041a\u0443\u043f\u0438\u0442\u0435 \u043d\u043e\u0436 Helle Wabakimi Sleipner, \u0441\u043e\u0437\u0434\u0430\u043d\u043d\u044b\u0439 \u0432 \u0441\u043e\u0442\u0440\u0443\u0434\u043d\u0438\u0447\u0435\u0441\u0442\u0432\u0435 \u0441 \u041b\u0435\u0441\u043e\u043c \u0421\u0442\u0440\u0430\u0443\u0434\u043e\u043c. \u0418\u0434\u0435\u0430\u043b\u0435\u043d \u0434\u043b\u044f \u0431\u0443\u0448\u043a\u0440\u0430\u0444\u0442\u0430 \u0438 \u0443\u0434\u043e\u0431\u0435\u043d \u0434\u043b\u044f \u043f\u043e\u0432\u0441\u0435\u0434\u043d\u0435\u0432\u043d\u043e\u0433\u043e \u0438\u0441\u043f\u043e\u043b\u044c\u0437\u043e\u0432\u0430\u043d\u0438\u044f.\",\"breadcrumb\":{\"@id\":\"https:\\\/\\\/xstyle.md\\\/product\\\/nozh-helle-wabakimi-sleipner\\\/#breadcrumb\"},\"inLanguage\":\"ro-RO\",\"potentialAction\":[{\"@type\":\"ReadAction\",\"target\":[\"https:\\\/\\\/xstyle.md\\\/product\\\/nozh-helle-wabakimi-sleipner\\\/\"]}]},{\"@type\":\"ImageObject\",\"inLanguage\":\"ro-RO\",\"@id\":\"https:\\\/\\\/xstyle.md\\\/product\\\/nozh-helle-wabakimi-sleipner\\\/#primaryimage\",\"url\":\"https:\\\/\\\/xstyle.md\\\/wp-content\\\/uploads\\\/2024\\\/04\\\/helle-wabakimi-sleipner-rotated.jpg\",\"contentUrl\":\"https:\\\/\\\/xstyle.md\\\/wp-content\\\/uploads\\\/2024\\\/04\\\/helle-wabakimi-sleipner-rotated.jpg\",\"width\":700,\"height\":700,\"caption\":\"\u041c\u0438\u043d\u0438\u0430\u0442\u044e\u0440\u0430 \u043d\u043e\u0436\u0430 Helle Wabakimi Sleipner \u0434\u043b\u044f \u0430\u043a\u0442\u0438\u0432\u043d\u043e\u0433\u043e \u043e\u0442\u0434\u044b\u0445\u0430, \u0442\u0443\u0440\u0438\u0437\u043c\u0430, \u043f\u043e\u0445\u043e\u0434\u043e\u0432, \u0430\u043b\u044c\u043f\u0438\u043d\u0438\u0437\u043c\u0430 \u0438 \u043f\u0443\u0442\u0435\u0448\u0435\u0441\u0442\u0432\u0438\u0439 \u0432 \u0438\u043d\u0442\u0435\u0440\u043d\u0435\u0442-\u043c\u0430\u0433\u0430\u0437\u0438\u043d\u0435 \u0441 \u044d\u043a\u0438\u043f\u0438\u0440\u043e\u0432\u043a\u043e\u0439 \u0434\u043b\u044f \u0430\u043a\u0442\u0438\u0432\u043d\u043e\u0439 \u0436\u0438\u0437\u043d\u0438\"},{\"@type\":\"BreadcrumbList\",\"@id\":\"https:\\\/\\\/xstyle.md\\\/product\\\/nozh-helle-wabakimi-sleipner\\\/#breadcrumb\",\"itemListElement\":[{\"@type\":\"ListItem\",\"position\":1,\"name\":\"\u0413\u043b\u0430\u0432\u043d\u0430\u044f \u0441\u0442\u0440\u0430\u043d\u0438\u0446\u0430\",\"item\":\"https:\\\/\\\/xstyle.md\\\/\"},{\"@type\":\"ListItem\",\"position\":2,\"name\":\"\u041c\u0430\u0433\u0430\u0437\u0438\u043d\",\"item\":\"https:\\\/\\\/xstyle.md\\\/shop\\\/\"},{\"@type\":\"ListItem\",\"position\":3,\"name\":\"\u041d\u043e\u0436 Helle Wabakimi Sleipner\"}]},{\"@type\":\"WebSite\",\"@id\":\"https:\\\/\\\/xstyle.md\\\/#website\",\"url\":\"https:\\\/\\\/xstyle.md\\\/\",\"name\":\"\u041c\u0430\u0433\u0430\u0437\u0438\u043d Xstyle\",\"description\":\"C\u043d\u0430\u0440\u044f\u0436\u0435\u043d\u0438\u0435 \u0434\u043b\u044f \u0442\u0443\u0440\u0438\u0437\u043c\u0430 \u0438 \u044d\u043a\u0441\u0442\u0440\u0435\u043c\u0430\u043b\u044c\u043d\u044b\u0445 \u0432\u0438\u0434\u043e\u0432 \u0441\u043f\u043e\u0440\u0442\u0430 \u0432 \u041c\u043e\u043b\u0434\u043e\u0432\u0435.. \u0426\u0435\u043d\u044b, \u0444\u043e\u0442\u043e, \u0445\u0430\u0440\u0430\u043a\u0442\u0435\u0440\u0438\u0441\u0442\u0438\u043a\u0438 \u0432 \u041c\u043e\u043b\u0434\u043e\u0432\u0435.\",\"publisher\":{\"@id\":\"https:\\\/\\\/xstyle.md\\\/#organization\"},\"alternateName\":\"X-Style\",\"potentialAction\":[{\"@type\":\"SearchAction\",\"target\":{\"@type\":\"EntryPoint\",\"urlTemplate\":\"https:\\\/\\\/xstyle.md\\\/?s={search_term_string}\"},\"query-input\":{\"@type\":\"PropertyValueSpecification\",\"valueRequired\":true,\"valueName\":\"search_term_string\"}}],\"inLanguage\":\"ro-RO\"},{\"@type\":\"Organization\",\"@id\":\"https:\\\/\\\/xstyle.md\\\/#organization\",\"name\":\"\u041c\u0430\u0433\u0430\u0437\u0438\u043d Xstyle\",\"alternateName\":\"x-style\",\"url\":\"https:\\\/\\\/xstyle.md\\\/\",\"logo\":{\"@type\":\"ImageObject\",\"inLanguage\":\"ro-RO\",\"@id\":\"https:\\\/\\\/xstyle.md\\\/#\\\/schema\\\/logo\\\/image\\\/\",\"url\":\"https:\\\/\\\/xstyle.md\\\/wp-content\\\/uploads\\\/2020\\\/06\\\/logoicon.svg\",\"contentUrl\":\"https:\\\/\\\/xstyle.md\\\/wp-content\\\/uploads\\\/2020\\\/06\\\/logoicon.svg\",\"caption\":\"\u041c\u0430\u0433\u0430\u0437\u0438\u043d Xstyle\"},\"image\":{\"@id\":\"https:\\\/\\\/xstyle.md\\\/#\\\/schema\\\/logo\\\/image\\\/\"},\"sameAs\":[\"https:\\\/\\\/www.facebook.com\\\/xstylemd\",\"https:\\\/\\\/www.instagram.com\\\/xstyle_md\\\/\",\"https:\\\/\\\/t.me\\\/xstyle_outdoor\"],\"hasMerchantReturnPolicy\":{\"@type\":\"MerchantReturnPolicy\",\"merchantReturnLink\":\"https:\\\/\\\/xstyle.md\\\/ro\\\/conditions\\\/\"}}]}<\/script>\n<meta property=\"product:price:amount\" content=\"3550.00\" \/>\n<meta property=\"product:price:currency\" content=\"MDL\" \/>\n<meta property=\"og:availability\" content=\"instock\" \/>\n<meta property=\"product:availability\" content=\"instock\" \/>\n<meta property=\"product:retailer_item_id\" content=\"7023892016303\" \/>\n<meta property=\"product:condition\" content=\"new\" \/>\n<!-- \/ Yoast SEO plugin. -->","yoast_head_json":{"title":"Cu\u021bit Helle Wabakimi Sleipner - Magazin Xstyle","description":"Cump\u0103ra\u021bi cu\u021bitul Helle Wabakimi Sleipner, creat \u00een colaborare cu Les Stroud. Ideal pentru bushcraft \u0219i convenabil pentru utilizarea zilnic\u0103.","robots":{"index":"index","follow":"follow","max-snippet":"max-snippet:-1","max-image-preview":"max-image-preview:large","max-video-preview":"max-video-preview:-1"},"canonical":"https:\/\/xstyle.md\/ro\/produs\/nozh-helle-wabakimi-sleipner\/","og_locale":"ro_RO","og_type":"article","og_title":"\u041d\u043e\u0436 Helle Wabakimi Sleipner - \u041c\u0430\u0433\u0430\u0437\u0438\u043d Xstyle","og_description":"\u041a\u0443\u043f\u0438\u0442\u0435 \u043d\u043e\u0436 Helle Wabakimi Sleipner, \u0441\u043e\u0437\u0434\u0430\u043d\u043d\u044b\u0439 \u0432 \u0441\u043e\u0442\u0440\u0443\u0434\u043d\u0438\u0447\u0435\u0441\u0442\u0432\u0435 \u0441 \u041b\u0435\u0441\u043e\u043c \u0421\u0442\u0440\u0430\u0443\u0434\u043e\u043c. \u0418\u0434\u0435\u0430\u043b\u0435\u043d \u0434\u043b\u044f \u0431\u0443\u0448\u043a\u0440\u0430\u0444\u0442\u0430 \u0438 \u0443\u0434\u043e\u0431\u0435\u043d \u0434\u043b\u044f \u043f\u043e\u0432\u0441\u0435\u0434\u043d\u0435\u0432\u043d\u043e\u0433\u043e \u0438\u0441\u043f\u043e\u043b\u044c\u0437\u043e\u0432\u0430\u043d\u0438\u044f.","og_url":"https:\/\/xstyle.md\/ro\/produs\/nozh-helle-wabakimi-sleipner\/","og_site_name":"\u041c\u0430\u0433\u0430\u0437\u0438\u043d Xstyle","article_publisher":"https:\/\/www.facebook.com\/xstylemd","article_modified_time":"2025-10-24T09:41:14+00:00","og_image":[{"width":700,"height":700,"url":"https:\/\/xstyle.md\/wp-content\/uploads\/2024\/04\/helle-wabakimi-sleipner-rotated.jpg","type":"image\/jpeg"}],"twitter_card":"summary_large_image","twitter_misc":{"Pre\u021b":"3.550&nbsp;MDL","Disponibilitate":"\u00cen stoc"},"schema":{"@context":"https:\/\/schema.org","@graph":[{"@type":"WebPage","@id":"https:\/\/xstyle.md\/product\/nozh-helle-wabakimi-sleipner\/","url":"https:\/\/xstyle.md\/product\/nozh-helle-wabakimi-sleipner\/","name":"Cu\u021bit Helle Wabakimi Sleipner - Magazin Xstyle","isPartOf":{"@id":"https:\/\/xstyle.md\/#website"},"primaryImageOfPage":{"@id":"https:\/\/xstyle.md\/product\/nozh-helle-wabakimi-sleipner\/#primaryimage"},"image":{"@id":"https:\/\/xstyle.md\/product\/nozh-helle-wabakimi-sleipner\/#primaryimage"},"thumbnailUrl":"https:\/\/xstyle.md\/wp-content\/uploads\/2024\/04\/helle-wabakimi-sleipner-rotated.jpg","datePublished":"2024-04-25T11:26:27+00:00","dateModified":"2025-10-24T09:41:14+00:00","description":"Cump\u0103ra\u021bi cu\u021bitul Helle Wabakimi Sleipner, creat \u00een colaborare cu Les Stroud. Ideal pentru bushcraft \u0219i convenabil pentru utilizarea zilnic\u0103.","breadcrumb":{"@id":"https:\/\/xstyle.md\/product\/nozh-helle-wabakimi-sleipner\/#breadcrumb"},"inLanguage":"ro-RO","potentialAction":[{"@type":"ReadAction","target":["https:\/\/xstyle.md\/product\/nozh-helle-wabakimi-sleipner\/"]}]},{"@type":"ImageObject","inLanguage":"ro-RO","@id":"https:\/\/xstyle.md\/product\/nozh-helle-wabakimi-sleipner\/#primaryimage","url":"https:\/\/xstyle.md\/wp-content\/uploads\/2024\/04\/helle-wabakimi-sleipner-rotated.jpg","contentUrl":"https:\/\/xstyle.md\/wp-content\/uploads\/2024\/04\/helle-wabakimi-sleipner-rotated.jpg","width":700,"height":700,"caption":"\u041c\u0438\u043d\u0438\u0430\u0442\u044e\u0440\u0430 \u043d\u043e\u0436\u0430 Helle Wabakimi Sleipner \u0434\u043b\u044f \u0430\u043a\u0442\u0438\u0432\u043d\u043e\u0433\u043e \u043e\u0442\u0434\u044b\u0445\u0430, \u0442\u0443\u0440\u0438\u0437\u043c\u0430, \u043f\u043e\u0445\u043e\u0434\u043e\u0432, \u0430\u043b\u044c\u043f\u0438\u043d\u0438\u0437\u043c\u0430 \u0438 \u043f\u0443\u0442\u0435\u0448\u0435\u0441\u0442\u0432\u0438\u0439 \u0432 \u0438\u043d\u0442\u0435\u0440\u043d\u0435\u0442-\u043c\u0430\u0433\u0430\u0437\u0438\u043d\u0435 \u0441 \u044d\u043a\u0438\u043f\u0438\u0440\u043e\u0432\u043a\u043e\u0439 \u0434\u043b\u044f \u0430\u043a\u0442\u0438\u0432\u043d\u043e\u0439 \u0436\u0438\u0437\u043d\u0438"},{"@type":"BreadcrumbList","@id":"https:\/\/xstyle.md\/product\/nozh-helle-wabakimi-sleipner\/#breadcrumb","itemListElement":[{"@type":"ListItem","position":1,"name":"\u0413\u043b\u0430\u0432\u043d\u0430\u044f \u0441\u0442\u0440\u0430\u043d\u0438\u0446\u0430","item":"https:\/\/xstyle.md\/"},{"@type":"ListItem","position":2,"name":"\u041c\u0430\u0433\u0430\u0437\u0438\u043d","item":"https:\/\/xstyle.md\/shop\/"},{"@type":"ListItem","position":3,"name":"\u041d\u043e\u0436 Helle Wabakimi Sleipner"}]},{"@type":"WebSite","@id":"https:\/\/xstyle.md\/#website","url":"https:\/\/xstyle.md\/","name":"Magazinul X-Style","description":"Echipamente pentru turism \u0219i sporturi extreme \u00een Moldova. Pre\u021buri, fotografii, caracteristici \u00een Moldova.","publisher":{"@id":"https:\/\/xstyle.md\/#organization"},"alternateName":"X-Style","potentialAction":[{"@type":"SearchAction","target":{"@type":"EntryPoint","urlTemplate":"https:\/\/xstyle.md\/?s={search_term_string}"},"query-input":{"@type":"PropertyValueSpecification","valueRequired":true,"valueName":"search_term_string"}}],"inLanguage":"ro-RO"},{"@type":"Organization","@id":"https:\/\/xstyle.md\/#organization","name":"Magazinul X-Style","alternateName":"x-style","url":"https:\/\/xstyle.md\/","logo":{"@type":"ImageObject","inLanguage":"ro-RO","@id":"https:\/\/xstyle.md\/#\/schema\/logo\/image\/","url":"https:\/\/xstyle.md\/wp-content\/uploads\/2020\/06\/logoicon.svg","contentUrl":"https:\/\/xstyle.md\/wp-content\/uploads\/2020\/06\/logoicon.svg","caption":"\u041c\u0430\u0433\u0430\u0437\u0438\u043d Xstyle"},"image":{"@id":"https:\/\/xstyle.md\/#\/schema\/logo\/image\/"},"sameAs":["https:\/\/www.facebook.com\/xstylemd","https:\/\/www.instagram.com\/xstyle_md\/","https:\/\/t.me\/xstyle_outdoor"],"hasMerchantReturnPolicy":{"@type":"MerchantReturnPolicy","merchantReturnLink":"https:\/\/xstyle.md\/ro\/conditions\/"}}]},"product_price_amount":"3550.00","product_price_currency":"MDL","og_availability":"instock","product_availability":"instock","product_retailer_item_id":"7023892016303","product_condition":"new"},"_links":{"self":[{"href":"https:\/\/xstyle.md\/ro\/wp-json\/wp\/v2\/product\/82485","targetHints":{"allow":["GET"]}}],"collection":[{"href":"https:\/\/xstyle.md\/ro\/wp-json\/wp\/v2\/product"}],"about":[{"href":"https:\/\/xstyle.md\/ro\/wp-json\/wp\/v2\/types\/product"}],"replies":[{"embeddable":true,"href":"https:\/\/xstyle.md\/ro\/wp-json\/wp\/v2\/comments?post=82485"}],"wp:featuredmedia":[{"embeddable":true,"href":"https:\/\/xstyle.md\/ro\/wp-json\/wp\/v2\/media\/82933"}],"wp:attachment":[{"href":"https:\/\/xstyle.md\/ro\/wp-json\/wp\/v2\/media?parent=82485"}],"wp:term":[{"taxonomy":"product_brand","embeddable":true,"href":"https:\/\/xstyle.md\/ro\/wp-json\/wp\/v2\/product_brand?post=82485"},{"taxonomy":"product_cat","embeddable":true,"href":"https:\/\/xstyle.md\/ro\/wp-json\/wp\/v2\/product_cat?post=82485"},{"taxonomy":"product_tag","embeddable":true,"href":"https:\/\/xstyle.md\/ro\/wp-json\/wp\/v2\/product_tag?post=82485"}],"curies":[{"name":"wp","href":"https:\/\/api.w.org\/{rel}","templated":true}]}}