{"id":82484,"date":"2024-04-25T14:26:26","date_gmt":"2024-04-25T11:26:26","guid":{"rendered":"https:\/\/xstyle.md\/?post_type=product&#038;p=82484"},"modified":"2025-10-24T12:41:07","modified_gmt":"2025-10-24T09:41:07","slug":"nozh-helle-nying","status":"publish","type":"product","link":"https:\/\/dev.xstyle.md\/ro\/produs\/nozh-helle-nying\/","title":{"rendered":"Cu\u021bit Helle Nying"},"content":{"rendered":"<\/p>\n<p>Cu\u021bitul <strong>Helle Nying<\/strong> este fabricat \u00een stil scandinav clasic, pentru care a fost chiar premiat. Cu\u021bitul este bun pentru sarcini casnice \u0219i poate face fa\u021b\u0103 \u0219i la lucr\u0103rile de jupuire. Elementul caracteristic al cu\u021bitului este un m\u00e2ner voluminos. \u00cen ciuda lungimii sale scurte, un astfel de m\u00e2ner umple bine m\u00e2na, permi\u021b\u00e2ndu-v\u0103 s\u0103 manipula\u021bi cu \u00eencredere cu\u021bitul chiar \u0219i cu o m\u00e2n\u0103 \u00eenm\u0103nu\u0219at\u0103.<\/p>\n<p>Lama cu v\u00e2rf mic este func\u021bional\u0103 \u0219i u\u0219or de manevrat. Lama are o \u0219anfrenare scandinav\u0103 clasic\u0103, care formeaz\u0103 o muchie cu o capacitate de t\u0103iere excelent\u0103, \u0219i un v\u00e2rf \u00eengust, care se potrive\u0219te bine pentru lucr\u0103ri mici. Materialul utilizat este o\u021bel inoxidabil laminat \u00een trei straturi, ceea ce permite cu\u021bitului s\u0103 \u00ee\u0219i p\u0103streze ascu\u021bimea pentru o perioad\u0103 lung\u0103 de timp. Finisajul este satinat.<\/p>\n<p>M\u00e2nerul este realizat dintr-un material tradi\u021bional pentru cu\u021bitele din Laponia &#8212; lemn de mesteac\u0103n din Karelian. Acesta este apreciat nu numai pentru frumuse\u021bea sa, ci \u0219i pentru durabilitatea ridicat\u0103 \u0219i confortul \u00een utilizare. Nu alunec\u0103 \u0219i nu se \u00eenc\u0103lze\u0219te \u00een frig. Montarea m\u00e2nerului este cu m\u00e2ner trec\u0103tor. Tija iese la cap\u0103t \u0219i formeaz\u0103 o proeminen\u021b\u0103 pentru care se ata\u0219eaz\u0103 cureaua tecii.<\/p>\n<p>Teaca este ad\u00e2nc\u0103, confec\u021bionat\u0103 din piele \u0219i decorat\u0103 cu un model cu t\u0103i\u0219. Teaca Helle Nying poate fi folosit\u0103 \u0219i ca ciocan.<\/p>\n<h3>Caracteristici<\/h3>\n<ul>\n<li>Tip de cu\u021bit: nepliabil<\/li>\n<li>Tip de t\u0103i\u0219: obi\u0219nuit<\/li>\n<li>Lungime total\u0103: 16,5 cm<\/li>\n<li>Lungimea lamei: 7 cm<\/li>\n<li>Material m\u00e2ner: lemn de mesteac\u0103n din Karelian<\/li>\n<li>Calitatea o\u021belului: o\u021bel inoxidabil laminat<\/li>\n<li>Greutate: 77 g<\/li>\n<\/ul>\n<h3>Marca<\/h3>\n<p>Helle este o companie norvegian\u0103 de cu\u021bite care a luat na\u0219tere \u00een anii 1930. A fost fondat\u0103 de Steiner Helle, un om care a admirat natura din \u021bara sa natal\u0103 \u00eenc\u0103 din copil\u0103rie \u0219i a dorit s\u0103 fac\u0103 celebru satul s\u0103u, Holmdal. Helle \u0219i-a f\u0103cut singur primul lot de cu\u021bite \u0219i le-a v\u00e2ndut la t\u00e2rgul local. Fratele s\u0103u i s-a al\u0103turat mai t\u00e2rziu \u0219i \u00eempreun\u0103 au creat o mic\u0103 afacere de familie \u00een domeniul produc\u021biei de cu\u021bite. Ast\u0103zi, sediul central al companiei se afl\u0103 \u00eenc\u0103 \u00een Holmdal, locul unde a fost creat primul cu\u021bit norvegian al lui Helle, iar compania este condus\u0103 de urma\u0219ii fra\u021bilor Helle. O\u021belul, din care sunt fabricate lamele cu\u021bitelor Helle, are o compozi\u021bie original\u0103, folosit\u0103 doar de mae\u0219trii acestui brand. Iar m\u00e2nerul cu\u021bitului este realizat numai din materiale naturale.<\/p>\n<p><\/p>","protected":false},"excerpt":{"rendered":"","protected":false},"featured_media":82943,"comment_status":"open","ping_status":"closed","template":"","meta":{"_acf_changed":false,"inline_featured_image":false},"product_brand":[1396],"product_cat":[169],"product_tag":[],"class_list":{"0":"post-82484","1":"product","2":"type-product","3":"status-publish","4":"has-post-thumbnail","6":"product_brand-helle","7":"product_cat-knives","9":"first","10":"instock","11":"shipping-taxable","12":"purchasable","13":"product-type-simple"},"acf":[],"yoast_head":"<!-- This site is optimized with the Yoast SEO plugin v27.4 - https:\/\/yoast.com\/product\/yoast-seo-wordpress\/ -->\n<title>\u041d\u043e\u0436 Helle Nying - \u041c\u0430\u0433\u0430\u0437\u0438\u043d Xstyle<\/title>\n<meta name=\"description\" content=\"\u041d\u043e\u0436 Helle Nying \u2014 \u0438\u0434\u0435\u0430\u043b\u044c\u043d\u044b\u0439 \u0441\u043a\u0430\u043d\u0434\u0438\u043d\u0430\u0432\u0441\u043a\u0438\u0439 \u0438\u043d\u0441\u0442\u0440\u0443\u043c\u0435\u043d\u0442 \u0434\u043b\u044f \u0434\u043e\u043c\u0430\u0448\u043d\u0438\u0445 \u0437\u0430\u0434\u0430\u0447 \u0438 \u0436\u0443\u0447\u0435\u043d\u0438\u044f. \u041e\u0431\u043b\u0430\u0434\u0430\u0435\u0442 \u0443\u0434\u043e\u0431\u043d\u043e\u0439 \u0440\u0443\u0447\u043a\u043e\u0439 \u0434\u043b\u044f \u043d\u0430\u0434\u0435\u0436\u043d\u043e\u0433\u043e \u0443\u043f\u0440\u0430\u0432\u043b\u0435\u043d\u0438\u044f. \u041a\u0443\u043f\u0438\u0442\u0435 \u0441\u0435\u0439\u0447\u0430\u0441!\" \/>\n<meta name=\"robots\" content=\"noindex, follow, max-snippet:-1, max-image-preview:large, max-video-preview:-1\" \/>\n<meta property=\"og:locale\" content=\"ro_RO\" \/>\n<meta property=\"og:type\" content=\"article\" \/>\n<meta property=\"og:title\" content=\"\u041d\u043e\u0436 Helle Nying - \u041c\u0430\u0433\u0430\u0437\u0438\u043d Xstyle\" \/>\n<meta property=\"og:description\" content=\"\u041d\u043e\u0436 Helle Nying \u2014 \u0438\u0434\u0435\u0430\u043b\u044c\u043d\u044b\u0439 \u0441\u043a\u0430\u043d\u0434\u0438\u043d\u0430\u0432\u0441\u043a\u0438\u0439 \u0438\u043d\u0441\u0442\u0440\u0443\u043c\u0435\u043d\u0442 \u0434\u043b\u044f \u0434\u043e\u043c\u0430\u0448\u043d\u0438\u0445 \u0437\u0430\u0434\u0430\u0447 \u0438 \u0436\u0443\u0447\u0435\u043d\u0438\u044f. \u041e\u0431\u043b\u0430\u0434\u0430\u0435\u0442 \u0443\u0434\u043e\u0431\u043d\u043e\u0439 \u0440\u0443\u0447\u043a\u043e\u0439 \u0434\u043b\u044f \u043d\u0430\u0434\u0435\u0436\u043d\u043e\u0433\u043e \u0443\u043f\u0440\u0430\u0432\u043b\u0435\u043d\u0438\u044f. \u041a\u0443\u043f\u0438\u0442\u0435 \u0441\u0435\u0439\u0447\u0430\u0441!\" \/>\n<meta property=\"og:url\" content=\"https:\/\/dev.xstyle.md\/ro\/produs\/nozh-helle-nying\/\" \/>\n<meta property=\"og:site_name\" content=\"\u041c\u0430\u0433\u0430\u0437\u0438\u043d Xstyle\" \/>\n<meta property=\"article:publisher\" content=\"https:\/\/www.facebook.com\/xstylemd\" \/>\n<meta property=\"article:modified_time\" content=\"2025-10-24T09:41:07+00:00\" \/>\n<meta property=\"og:image\" content=\"https:\/\/dev.xstyle.md\/wp-content\/uploads\/2024\/04\/helle-nying-rotated.jpg\" \/>\n\t<meta property=\"og:image:width\" content=\"700\" \/>\n\t<meta property=\"og:image:height\" content=\"700\" \/>\n\t<meta property=\"og:image:type\" content=\"image\/jpeg\" \/>\n<meta name=\"twitter:card\" content=\"summary_large_image\" \/>\n<meta name=\"twitter:label1\" content=\"Pre\u021b\" \/>\n\t<meta name=\"twitter:data1\" content=\"1.950,00&nbsp;MDL\" \/>\n\t<meta name=\"twitter:label2\" content=\"Disponibilitate\" \/>\n\t<meta name=\"twitter:data2\" content=\"\u00cen stoc\" \/>\n<script type=\"application\/ld+json\" class=\"yoast-schema-graph\">{\"@context\":\"https:\\\/\\\/schema.org\",\"@graph\":[{\"@type\":\"WebPage\",\"@id\":\"https:\\\/\\\/dev.xstyle.md\\\/product\\\/nozh-helle-nying\\\/\",\"url\":\"https:\\\/\\\/dev.xstyle.md\\\/product\\\/nozh-helle-nying\\\/\",\"name\":\"\u041d\u043e\u0436 Helle Nying - \u041c\u0430\u0433\u0430\u0437\u0438\u043d Xstyle\",\"isPartOf\":{\"@id\":\"https:\\\/\\\/dev.xstyle.md\\\/#website\"},\"primaryImageOfPage\":{\"@id\":\"https:\\\/\\\/dev.xstyle.md\\\/product\\\/nozh-helle-nying\\\/#primaryimage\"},\"image\":{\"@id\":\"https:\\\/\\\/dev.xstyle.md\\\/product\\\/nozh-helle-nying\\\/#primaryimage\"},\"thumbnailUrl\":\"https:\\\/\\\/dev.xstyle.md\\\/wp-content\\\/uploads\\\/2024\\\/04\\\/helle-nying-rotated.jpg\",\"datePublished\":\"2024-04-25T11:26:26+00:00\",\"dateModified\":\"2025-10-24T09:41:07+00:00\",\"description\":\"\u041d\u043e\u0436 Helle Nying \u2014 \u0438\u0434\u0435\u0430\u043b\u044c\u043d\u044b\u0439 \u0441\u043a\u0430\u043d\u0434\u0438\u043d\u0430\u0432\u0441\u043a\u0438\u0439 \u0438\u043d\u0441\u0442\u0440\u0443\u043c\u0435\u043d\u0442 \u0434\u043b\u044f \u0434\u043e\u043c\u0430\u0448\u043d\u0438\u0445 \u0437\u0430\u0434\u0430\u0447 \u0438 \u0436\u0443\u0447\u0435\u043d\u0438\u044f. \u041e\u0431\u043b\u0430\u0434\u0430\u0435\u0442 \u0443\u0434\u043e\u0431\u043d\u043e\u0439 \u0440\u0443\u0447\u043a\u043e\u0439 \u0434\u043b\u044f \u043d\u0430\u0434\u0435\u0436\u043d\u043e\u0433\u043e \u0443\u043f\u0440\u0430\u0432\u043b\u0435\u043d\u0438\u044f. \u041a\u0443\u043f\u0438\u0442\u0435 \u0441\u0435\u0439\u0447\u0430\u0441!\",\"breadcrumb\":{\"@id\":\"https:\\\/\\\/dev.xstyle.md\\\/product\\\/nozh-helle-nying\\\/#breadcrumb\"},\"inLanguage\":\"ro-RO\",\"potentialAction\":[{\"@type\":\"ReadAction\",\"target\":[\"https:\\\/\\\/dev.xstyle.md\\\/product\\\/nozh-helle-nying\\\/\"]}]},{\"@type\":\"ImageObject\",\"inLanguage\":\"ro-RO\",\"@id\":\"https:\\\/\\\/dev.xstyle.md\\\/product\\\/nozh-helle-nying\\\/#primaryimage\",\"url\":\"https:\\\/\\\/dev.xstyle.md\\\/wp-content\\\/uploads\\\/2024\\\/04\\\/helle-nying-rotated.jpg\",\"contentUrl\":\"https:\\\/\\\/dev.xstyle.md\\\/wp-content\\\/uploads\\\/2024\\\/04\\\/helle-nying-rotated.jpg\",\"width\":700,\"height\":700,\"caption\":\"\u0422\u0430\u0439\u0433\u0438\u0439\u0441\u043a\u0438\u0439 \u043d\u043e\u0436 Helle Nying \u0434\u043b\u044f \u0430\u043a\u0442\u0438\u0432\u043d\u043e\u0433\u043e \u043e\u0442\u0434\u044b\u0445\u0430, \u043f\u043e\u0445\u043e\u0434\u043e\u0432, \u0442\u0440\u0435\u043a\u0438\u043d\u0433\u0430, \u0441\u043f\u043e\u0440\u0442\u0438\u0432\u043d\u043e\u0439 \u043e\u0434\u0435\u0436\u0434\u044b \u0438 \u043e\u0431\u0443\u0432\u0438 \u0434\u043b\u044f \u043f\u0443\u0442\u0435\u0448\u0435\u0441\u0442\u0432\u0438\u0439 \u0438 \u0430\u043b\u044c\u043f\u0438\u043d\u0438\u0437\u043c\u0430\"},{\"@type\":\"BreadcrumbList\",\"@id\":\"https:\\\/\\\/dev.xstyle.md\\\/product\\\/nozh-helle-nying\\\/#breadcrumb\",\"itemListElement\":[{\"@type\":\"ListItem\",\"position\":1,\"name\":\"\u0413\u043b\u0430\u0432\u043d\u0430\u044f \u0441\u0442\u0440\u0430\u043d\u0438\u0446\u0430\",\"item\":\"https:\\\/\\\/dev.xstyle.md\\\/\"},{\"@type\":\"ListItem\",\"position\":2,\"name\":\"Shop\",\"item\":\"https:\\\/\\\/dev.xstyle.md\\\/shop\\\/\"},{\"@type\":\"ListItem\",\"position\":3,\"name\":\"\u041d\u043e\u0436 Helle Nying\"}]},{\"@type\":\"WebSite\",\"@id\":\"https:\\\/\\\/dev.xstyle.md\\\/#website\",\"url\":\"https:\\\/\\\/dev.xstyle.md\\\/\",\"name\":\"\u041c\u0430\u0433\u0430\u0437\u0438\u043d Xstyle\",\"description\":\"C\u043d\u0430\u0440\u044f\u0436\u0435\u043d\u0438\u0435 \u0434\u043b\u044f \u0442\u0443\u0440\u0438\u0437\u043c\u0430 \u0438 \u044d\u043a\u0441\u0442\u0440\u0435\u043c\u0430\u043b\u044c\u043d\u044b\u0445 \u0432\u0438\u0434\u043e\u0432 \u0441\u043f\u043e\u0440\u0442\u0430 \u0432 \u041c\u043e\u043b\u0434\u043e\u0432\u0435.. \u0426\u0435\u043d\u044b, \u0444\u043e\u0442\u043e, \u0445\u0430\u0440\u0430\u043a\u0442\u0435\u0440\u0438\u0441\u0442\u0438\u043a\u0438 \u0432 \u041c\u043e\u043b\u0434\u043e\u0432\u0435.\",\"publisher\":{\"@id\":\"https:\\\/\\\/dev.xstyle.md\\\/#organization\"},\"alternateName\":\"X-Style\",\"potentialAction\":[{\"@type\":\"SearchAction\",\"target\":{\"@type\":\"EntryPoint\",\"urlTemplate\":\"https:\\\/\\\/dev.xstyle.md\\\/?s={search_term_string}\"},\"query-input\":{\"@type\":\"PropertyValueSpecification\",\"valueRequired\":true,\"valueName\":\"search_term_string\"}}],\"inLanguage\":\"ro-RO\"},{\"@type\":\"Organization\",\"@id\":\"https:\\\/\\\/dev.xstyle.md\\\/#organization\",\"name\":\"\u041c\u0430\u0433\u0430\u0437\u0438\u043d Xstyle\",\"alternateName\":\"x-style\",\"url\":\"https:\\\/\\\/dev.xstyle.md\\\/\",\"logo\":{\"@type\":\"ImageObject\",\"inLanguage\":\"ro-RO\",\"@id\":\"https:\\\/\\\/dev.xstyle.md\\\/#\\\/schema\\\/logo\\\/image\\\/\",\"url\":\"https:\\\/\\\/dev.xstyle.md\\\/wp-content\\\/uploads\\\/2020\\\/06\\\/logoicon.svg\",\"contentUrl\":\"https:\\\/\\\/dev.xstyle.md\\\/wp-content\\\/uploads\\\/2020\\\/06\\\/logoicon.svg\",\"caption\":\"\u041c\u0430\u0433\u0430\u0437\u0438\u043d Xstyle\"},\"image\":{\"@id\":\"https:\\\/\\\/dev.xstyle.md\\\/#\\\/schema\\\/logo\\\/image\\\/\"},\"sameAs\":[\"https:\\\/\\\/www.facebook.com\\\/xstylemd\",\"https:\\\/\\\/www.instagram.com\\\/xstyle_md\\\/\",\"https:\\\/\\\/t.me\\\/xstyle_outdoor\"],\"hasMerchantReturnPolicy\":{\"@type\":\"MerchantReturnPolicy\",\"merchantReturnLink\":\"https:\\\/\\\/dev.xstyle.md\\\/ro\\\/conditions\\\/\"}}]}<\/script>\n<meta property=\"product:price:amount\" content=\"1950.00\" \/>\n<meta property=\"product:price:currency\" content=\"MDL\" \/>\n<meta property=\"og:availability\" content=\"instock\" \/>\n<meta property=\"product:availability\" content=\"instock\" \/>\n<meta property=\"product:retailer_item_id\" content=\"7023890030059\" \/>\n<meta property=\"product:condition\" content=\"new\" \/>\n<!-- \/ Yoast SEO plugin. -->","yoast_head_json":{"title":"Cu\u021bit Helle Nying - Magazin Xstyle","description":"Cu\u021bitul Helle Nying \u2014 un instrument scandinav ideal pentru sarcini domestice \u0219i t\u0103iere. Dispune de un m\u00e2ner confortabil pentru un control sigur. Cump\u0103ra\u021bi acum!","robots":{"index":"noindex","follow":"follow","max-snippet":"max-snippet:-1","max-image-preview":"max-image-preview:large","max-video-preview":"max-video-preview:-1"},"og_locale":"ro_RO","og_type":"article","og_title":"\u041d\u043e\u0436 Helle Nying - \u041c\u0430\u0433\u0430\u0437\u0438\u043d Xstyle","og_description":"\u041d\u043e\u0436 Helle Nying \u2014 \u0438\u0434\u0435\u0430\u043b\u044c\u043d\u044b\u0439 \u0441\u043a\u0430\u043d\u0434\u0438\u043d\u0430\u0432\u0441\u043a\u0438\u0439 \u0438\u043d\u0441\u0442\u0440\u0443\u043c\u0435\u043d\u0442 \u0434\u043b\u044f \u0434\u043e\u043c\u0430\u0448\u043d\u0438\u0445 \u0437\u0430\u0434\u0430\u0447 \u0438 \u0436\u0443\u0447\u0435\u043d\u0438\u044f. \u041e\u0431\u043b\u0430\u0434\u0430\u0435\u0442 \u0443\u0434\u043e\u0431\u043d\u043e\u0439 \u0440\u0443\u0447\u043a\u043e\u0439 \u0434\u043b\u044f \u043d\u0430\u0434\u0435\u0436\u043d\u043e\u0433\u043e \u0443\u043f\u0440\u0430\u0432\u043b\u0435\u043d\u0438\u044f. \u041a\u0443\u043f\u0438\u0442\u0435 \u0441\u0435\u0439\u0447\u0430\u0441!","og_url":"https:\/\/dev.xstyle.md\/ro\/produs\/nozh-helle-nying\/","og_site_name":"\u041c\u0430\u0433\u0430\u0437\u0438\u043d Xstyle","article_publisher":"https:\/\/www.facebook.com\/xstylemd","article_modified_time":"2025-10-24T09:41:07+00:00","og_image":[{"width":700,"height":700,"url":"https:\/\/dev.xstyle.md\/wp-content\/uploads\/2024\/04\/helle-nying-rotated.jpg","type":"image\/jpeg"}],"twitter_card":"summary_large_image","twitter_misc":{"Pre\u021b":"1.950,00&nbsp;MDL","Disponibilitate":"\u00cen stoc"},"schema":{"@context":"https:\/\/schema.org","@graph":[{"@type":"WebPage","@id":"https:\/\/dev.xstyle.md\/product\/nozh-helle-nying\/","url":"https:\/\/dev.xstyle.md\/product\/nozh-helle-nying\/","name":"Cu\u021bit Helle Nying - Magazin Xstyle","isPartOf":{"@id":"https:\/\/dev.xstyle.md\/#website"},"primaryImageOfPage":{"@id":"https:\/\/dev.xstyle.md\/product\/nozh-helle-nying\/#primaryimage"},"image":{"@id":"https:\/\/dev.xstyle.md\/product\/nozh-helle-nying\/#primaryimage"},"thumbnailUrl":"https:\/\/dev.xstyle.md\/wp-content\/uploads\/2024\/04\/helle-nying-rotated.jpg","datePublished":"2024-04-25T11:26:26+00:00","dateModified":"2025-10-24T09:41:07+00:00","description":"Cu\u021bitul Helle Nying \u2014 un instrument scandinav ideal pentru sarcini domestice \u0219i t\u0103iere. Dispune de un m\u00e2ner confortabil pentru un control sigur. Cump\u0103ra\u021bi acum!","breadcrumb":{"@id":"https:\/\/dev.xstyle.md\/product\/nozh-helle-nying\/#breadcrumb"},"inLanguage":"ro-RO","potentialAction":[{"@type":"ReadAction","target":["https:\/\/dev.xstyle.md\/product\/nozh-helle-nying\/"]}]},{"@type":"ImageObject","inLanguage":"ro-RO","@id":"https:\/\/dev.xstyle.md\/product\/nozh-helle-nying\/#primaryimage","url":"https:\/\/dev.xstyle.md\/wp-content\/uploads\/2024\/04\/helle-nying-rotated.jpg","contentUrl":"https:\/\/dev.xstyle.md\/wp-content\/uploads\/2024\/04\/helle-nying-rotated.jpg","width":700,"height":700,"caption":"\u0422\u0430\u0439\u0433\u0438\u0439\u0441\u043a\u0438\u0439 \u043d\u043e\u0436 Helle Nying \u0434\u043b\u044f \u0430\u043a\u0442\u0438\u0432\u043d\u043e\u0433\u043e \u043e\u0442\u0434\u044b\u0445\u0430, \u043f\u043e\u0445\u043e\u0434\u043e\u0432, \u0442\u0440\u0435\u043a\u0438\u043d\u0433\u0430, \u0441\u043f\u043e\u0440\u0442\u0438\u0432\u043d\u043e\u0439 \u043e\u0434\u0435\u0436\u0434\u044b \u0438 \u043e\u0431\u0443\u0432\u0438 \u0434\u043b\u044f \u043f\u0443\u0442\u0435\u0448\u0435\u0441\u0442\u0432\u0438\u0439 \u0438 \u0430\u043b\u044c\u043f\u0438\u043d\u0438\u0437\u043c\u0430"},{"@type":"BreadcrumbList","@id":"https:\/\/dev.xstyle.md\/product\/nozh-helle-nying\/#breadcrumb","itemListElement":[{"@type":"ListItem","position":1,"name":"\u0413\u043b\u0430\u0432\u043d\u0430\u044f \u0441\u0442\u0440\u0430\u043d\u0438\u0446\u0430","item":"https:\/\/dev.xstyle.md\/"},{"@type":"ListItem","position":2,"name":"Shop","item":"https:\/\/dev.xstyle.md\/shop\/"},{"@type":"ListItem","position":3,"name":"\u041d\u043e\u0436 Helle Nying"}]},{"@type":"WebSite","@id":"https:\/\/dev.xstyle.md\/#website","url":"https:\/\/dev.xstyle.md\/","name":"Magazinul X-Style","description":"Echipamente pentru turism \u0219i sporturi extreme \u00een Moldova. Pre\u021buri, fotografii, caracteristici \u00een Moldova.","publisher":{"@id":"https:\/\/dev.xstyle.md\/#organization"},"alternateName":"X-Style","potentialAction":[{"@type":"SearchAction","target":{"@type":"EntryPoint","urlTemplate":"https:\/\/dev.xstyle.md\/?s={search_term_string}"},"query-input":{"@type":"PropertyValueSpecification","valueRequired":true,"valueName":"search_term_string"}}],"inLanguage":"ro-RO"},{"@type":"Organization","@id":"https:\/\/dev.xstyle.md\/#organization","name":"Magazinul X-Style","alternateName":"x-style","url":"https:\/\/dev.xstyle.md\/","logo":{"@type":"ImageObject","inLanguage":"ro-RO","@id":"https:\/\/dev.xstyle.md\/#\/schema\/logo\/image\/","url":"https:\/\/dev.xstyle.md\/wp-content\/uploads\/2020\/06\/logoicon.svg","contentUrl":"https:\/\/dev.xstyle.md\/wp-content\/uploads\/2020\/06\/logoicon.svg","caption":"\u041c\u0430\u0433\u0430\u0437\u0438\u043d Xstyle"},"image":{"@id":"https:\/\/dev.xstyle.md\/#\/schema\/logo\/image\/"},"sameAs":["https:\/\/www.facebook.com\/xstylemd","https:\/\/www.instagram.com\/xstyle_md\/","https:\/\/t.me\/xstyle_outdoor"],"hasMerchantReturnPolicy":{"@type":"MerchantReturnPolicy","merchantReturnLink":"https:\/\/dev.xstyle.md\/ro\/conditions\/"}}]},"product_price_amount":"1950.00","product_price_currency":"MDL","og_availability":"instock","product_availability":"instock","product_retailer_item_id":"7023890030059","product_condition":"new"},"post_mailing_queue_ids":[],"_links":{"self":[{"href":"https:\/\/dev.xstyle.md\/ro\/wp-json\/wp\/v2\/product\/82484","targetHints":{"allow":["GET"]}}],"collection":[{"href":"https:\/\/dev.xstyle.md\/ro\/wp-json\/wp\/v2\/product"}],"about":[{"href":"https:\/\/dev.xstyle.md\/ro\/wp-json\/wp\/v2\/types\/product"}],"replies":[{"embeddable":true,"href":"https:\/\/dev.xstyle.md\/ro\/wp-json\/wp\/v2\/comments?post=82484"}],"version-history":[{"count":0,"href":"https:\/\/dev.xstyle.md\/ro\/wp-json\/wp\/v2\/product\/82484\/revisions"}],"wp:featuredmedia":[{"embeddable":true,"href":"https:\/\/dev.xstyle.md\/ro\/wp-json\/wp\/v2\/media\/82943"}],"wp:attachment":[{"href":"https:\/\/dev.xstyle.md\/ro\/wp-json\/wp\/v2\/media?parent=82484"}],"wp:term":[{"taxonomy":"product_brand","embeddable":true,"href":"https:\/\/dev.xstyle.md\/ro\/wp-json\/wp\/v2\/product_brand?post=82484"},{"taxonomy":"product_cat","embeddable":true,"href":"https:\/\/dev.xstyle.md\/ro\/wp-json\/wp\/v2\/product_cat?post=82484"},{"taxonomy":"product_tag","embeddable":true,"href":"https:\/\/dev.xstyle.md\/ro\/wp-json\/wp\/v2\/product_tag?post=82484"}],"curies":[{"name":"wp","href":"https:\/\/api.w.org\/{rel}","templated":true}]}}