{"id":82188,"date":"2024-04-19T14:14:04","date_gmt":"2024-04-19T11:14:04","guid":{"rendered":"https:\/\/xstyle.md\/?post_type=product&#038;p=82188"},"modified":"2026-03-19T17:19:44","modified_gmt":"2026-03-19T14:19:44","slug":"velobutylka-dlya-vody-m-wave-pbo-750-ml","status":"publish","type":"product","link":"https:\/\/dev.xstyle.md\/ro\/produs\/velobutylka-dlya-vody-m-wave-pbo-750-ml\/","title":{"rendered":"Sticl\u0103 M-WAVE PBO 750 ml"},"content":{"rendered":"<\/p>\n<p><strong>M-WAVE PBO 750 ml<\/strong> &#8212; sticl\u0103 de ap\u0103 pentru ciclism cu suport pentru biciclet\u0103.<\/p>\n<p>Sticlu\u021b\u0103 de plastic pentru ciclism cu capac de protec\u021bie. Capacul rabatabil v\u0103 permite s\u0103 be\u021bi \u00een mi\u0219care f\u0103r\u0103 s\u0103 v\u0103 face\u021bi griji cu privire la scurgerile de ap\u0103. Design ergonomic care v\u0103 permite s\u0103 \u021bine\u021bi confortabil sticla cu o singur\u0103 m\u00e2n\u0103. Iar inser\u021biile antiderapante nu o vor l\u0103sa s\u0103 alunece chiar dac\u0103 \u021bine\u021bi sticla cu m\u00e2inile ude.<\/p>\n<p>Pute\u021bi lua sticla cu dvs. la o plimbare cu bicicleta, \u00een c\u0103l\u0103torii sau la sala de sport.<\/p>\n<h3>Particularit\u0103\u021bi<\/h3>\n<ul>\n<li>Capacul care sigileaz\u0103 capacul flip cap \u00eempotriva contamin\u0103rii<\/li>\n<li>Capacul deta\u0219abil protejeaz\u0103 de praf \u00een timpul mersului pe biciclet\u0103<\/li>\n<li>Are inser\u021bii antiderapante pentru o mai bun\u0103 aderen\u021b\u0103<\/li>\n<li>Plastic de calitate alimentar\u0103 f\u0103r\u0103 miros sau impurit\u0103\u021bi d\u0103un\u0103toare<\/li>\n<li>Plastic sigur de calitate alimentar\u0103<\/li>\n<li>U\u0219or de utilizat<\/li>\n<li>Greutate redus\u0103<\/li>\n<\/ul>\n<h3>Caracteristici<\/h3>\n<ul>\n<li>Volum &#8212; 750 ml<\/li>\n<li>Material &#8212; plastic alimentar<\/li>\n<\/ul>\n<p><\/p>","protected":false},"excerpt":{"rendered":"","protected":false},"featured_media":82383,"comment_status":"open","ping_status":"closed","template":"","meta":{"_acf_changed":false,"inline_featured_image":false},"product_brand":[1372],"product_cat":[406],"product_tag":[],"class_list":{"0":"post-82188","1":"product","2":"type-product","3":"status-publish","4":"has-post-thumbnail","6":"product_brand-messingschlager","7":"product_cat-bike-accessories","9":"first","10":"instock","11":"shipping-taxable","12":"purchasable","13":"product-type-simple"},"acf":[],"yoast_head":"<!-- This site is optimized with the Yoast SEO plugin v27.5 - https:\/\/yoast.com\/product\/yoast-seo-wordpress\/ -->\n<title>\u0412\u0435\u043b\u043e\u0431\u0443\u0442\u044b\u043b\u043a\u0430 \u0434\u043b\u044f \u0432\u043e\u0434\u044b M-WAVE PBO 750 ml - \u041c\u0430\u0433\u0430\u0437\u0438\u043d Xstyle<\/title>\n<meta name=\"description\" content=\"\u041e\u0442\u043a\u0440\u043e\u0439\u0442\u0435 \u0434\u043b\u044f \u0441\u0435\u0431\u044f \u0432\u0435\u043b\u043e\u0431\u0443\u0442\u044b\u043b\u043a\u0443 M-WAVE PBO 750 ml! \u0423\u0434\u043e\u0431\u043d\u044b\u0439 \u0434\u0438\u0437\u0430\u0439\u043d, \u0437\u0430\u0449\u0438\u0442\u043d\u044b\u0439 \u043a\u043e\u043b\u043f\u0430\u0447\u043e\u043a \u0438 \u0430\u043d\u0442\u0438\u0441\u043a\u043e\u043b\u044c\u0437\u044f\u0449\u0438\u0435 \u0432\u0441\u0442\u0430\u0432\u043a\u0438 \u0434\u043b\u044f \u043a\u043e\u043c\u0444\u043e\u0440\u0442\u043d\u043e\u0433\u043e \u0438\u0441\u043f\u043e\u043b\u044c\u0437\u043e\u0432\u0430\u043d\u0438\u044f \u0432 \u0434\u0432\u0438\u0436\u0435\u043d\u0438\u0438.\" \/>\n<meta name=\"robots\" content=\"noindex, follow, max-snippet:-1, max-image-preview:large, max-video-preview:-1\" \/>\n<meta property=\"og:locale\" content=\"ro_RO\" \/>\n<meta property=\"og:type\" content=\"article\" \/>\n<meta property=\"og:title\" content=\"\u0412\u0435\u043b\u043e\u0431\u0443\u0442\u044b\u043b\u043a\u0430 \u0434\u043b\u044f \u0432\u043e\u0434\u044b M-WAVE PBO 750 ml - \u041c\u0430\u0433\u0430\u0437\u0438\u043d Xstyle\" \/>\n<meta property=\"og:description\" content=\"\u041e\u0442\u043a\u0440\u043e\u0439\u0442\u0435 \u0434\u043b\u044f \u0441\u0435\u0431\u044f \u0432\u0435\u043b\u043e\u0431\u0443\u0442\u044b\u043b\u043a\u0443 M-WAVE PBO 750 ml! \u0423\u0434\u043e\u0431\u043d\u044b\u0439 \u0434\u0438\u0437\u0430\u0439\u043d, \u0437\u0430\u0449\u0438\u0442\u043d\u044b\u0439 \u043a\u043e\u043b\u043f\u0430\u0447\u043e\u043a \u0438 \u0430\u043d\u0442\u0438\u0441\u043a\u043e\u043b\u044c\u0437\u044f\u0449\u0438\u0435 \u0432\u0441\u0442\u0430\u0432\u043a\u0438 \u0434\u043b\u044f \u043a\u043e\u043c\u0444\u043e\u0440\u0442\u043d\u043e\u0433\u043e \u0438\u0441\u043f\u043e\u043b\u044c\u0437\u043e\u0432\u0430\u043d\u0438\u044f \u0432 \u0434\u0432\u0438\u0436\u0435\u043d\u0438\u0438.\" \/>\n<meta property=\"og:url\" content=\"https:\/\/dev.xstyle.md\/ro\/produs\/velobutylka-dlya-vody-m-wave-pbo-750-ml\/\" \/>\n<meta property=\"og:site_name\" content=\"\u041c\u0430\u0433\u0430\u0437\u0438\u043d Xstyle\" \/>\n<meta property=\"article:publisher\" content=\"https:\/\/www.facebook.com\/xstylemd\" \/>\n<meta property=\"article:modified_time\" content=\"2026-03-19T14:19:44+00:00\" \/>\n<meta property=\"og:image\" content=\"https:\/\/dev.xstyle.md\/wp-content\/uploads\/2024\/04\/m-wave-pbo-750-ml-black-transparent.jpg\" \/>\n\t<meta property=\"og:image:width\" content=\"648\" \/>\n\t<meta property=\"og:image:height\" content=\"570\" \/>\n\t<meta property=\"og:image:type\" content=\"image\/jpeg\" \/>\n<meta name=\"twitter:card\" content=\"summary_large_image\" \/>\n<meta name=\"twitter:label1\" content=\"Pre\u021b\" \/>\n\t<meta name=\"twitter:data1\" content=\"90,00&nbsp;MDL\" \/>\n\t<meta name=\"twitter:label2\" content=\"Disponibilitate\" \/>\n\t<meta name=\"twitter:data2\" content=\"\u00cen stoc\" \/>\n<script type=\"application\/ld+json\" class=\"yoast-schema-graph\">{\"@context\":\"https:\\\/\\\/schema.org\",\"@graph\":[{\"@type\":\"WebPage\",\"@id\":\"https:\\\/\\\/dev.xstyle.md\\\/product\\\/velobutylka-dlya-vody-m-wave-pbo-750-ml\\\/\",\"url\":\"https:\\\/\\\/dev.xstyle.md\\\/product\\\/velobutylka-dlya-vody-m-wave-pbo-750-ml\\\/\",\"name\":\"\u0412\u0435\u043b\u043e\u0431\u0443\u0442\u044b\u043b\u043a\u0430 \u0434\u043b\u044f \u0432\u043e\u0434\u044b M-WAVE PBO 750 ml - \u041c\u0430\u0433\u0430\u0437\u0438\u043d Xstyle\",\"isPartOf\":{\"@id\":\"https:\\\/\\\/dev.xstyle.md\\\/#website\"},\"primaryImageOfPage\":{\"@id\":\"https:\\\/\\\/dev.xstyle.md\\\/product\\\/velobutylka-dlya-vody-m-wave-pbo-750-ml\\\/#primaryimage\"},\"image\":{\"@id\":\"https:\\\/\\\/dev.xstyle.md\\\/product\\\/velobutylka-dlya-vody-m-wave-pbo-750-ml\\\/#primaryimage\"},\"thumbnailUrl\":\"https:\\\/\\\/dev.xstyle.md\\\/wp-content\\\/uploads\\\/2024\\\/04\\\/m-wave-pbo-750-ml-black-transparent.jpg\",\"datePublished\":\"2024-04-19T11:14:04+00:00\",\"dateModified\":\"2026-03-19T14:19:44+00:00\",\"description\":\"\u041e\u0442\u043a\u0440\u043e\u0439\u0442\u0435 \u0434\u043b\u044f \u0441\u0435\u0431\u044f \u0432\u0435\u043b\u043e\u0431\u0443\u0442\u044b\u043b\u043a\u0443 M-WAVE PBO 750 ml! \u0423\u0434\u043e\u0431\u043d\u044b\u0439 \u0434\u0438\u0437\u0430\u0439\u043d, \u0437\u0430\u0449\u0438\u0442\u043d\u044b\u0439 \u043a\u043e\u043b\u043f\u0430\u0447\u043e\u043a \u0438 \u0430\u043d\u0442\u0438\u0441\u043a\u043e\u043b\u044c\u0437\u044f\u0449\u0438\u0435 \u0432\u0441\u0442\u0430\u0432\u043a\u0438 \u0434\u043b\u044f \u043a\u043e\u043c\u0444\u043e\u0440\u0442\u043d\u043e\u0433\u043e \u0438\u0441\u043f\u043e\u043b\u044c\u0437\u043e\u0432\u0430\u043d\u0438\u044f \u0432 \u0434\u0432\u0438\u0436\u0435\u043d\u0438\u0438.\",\"breadcrumb\":{\"@id\":\"https:\\\/\\\/dev.xstyle.md\\\/product\\\/velobutylka-dlya-vody-m-wave-pbo-750-ml\\\/#breadcrumb\"},\"inLanguage\":\"ro-RO\",\"potentialAction\":[{\"@type\":\"ReadAction\",\"target\":[\"https:\\\/\\\/dev.xstyle.md\\\/product\\\/velobutylka-dlya-vody-m-wave-pbo-750-ml\\\/\"]}]},{\"@type\":\"ImageObject\",\"inLanguage\":\"ro-RO\",\"@id\":\"https:\\\/\\\/dev.xstyle.md\\\/product\\\/velobutylka-dlya-vody-m-wave-pbo-750-ml\\\/#primaryimage\",\"url\":\"https:\\\/\\\/dev.xstyle.md\\\/wp-content\\\/uploads\\\/2024\\\/04\\\/m-wave-pbo-750-ml-black-transparent.jpg\",\"contentUrl\":\"https:\\\/\\\/dev.xstyle.md\\\/wp-content\\\/uploads\\\/2024\\\/04\\\/m-wave-pbo-750-ml-black-transparent.jpg\",\"width\":648,\"height\":570,\"caption\":\"\u0411\u0443\u0442\u044b\u043b\u043a\u0430 \u0434\u043b\u044f \u0432\u043e\u0434\u044b M-WAVE PBO 750 \u043c\u043b \u0434\u043b\u044f \u0430\u043a\u0442\u0438\u0432\u043d\u043e\u0433\u043e \u043e\u0442\u0434\u044b\u0445\u0430, \u043f\u043e\u0445\u043e\u0434\u043e\u0432 \u0438 \u043f\u0443\u0442\u0435\u0448\u0435\u0441\u0442\u0432\u0438\u0439, \u043e\u0431\u0443\u0432\u044c \u0438 \u043e\u0434\u0435\u0436\u0434\u0430 \u0434\u043b\u044f \u0430\u043a\u0442\u0438\u0432\u043d\u043e\u0433\u043e \u043e\u0431\u0440\u0430\u0437\u0430 \u0436\u0438\u0437\u043d\u0438, \u0442\u043e\u0432\u0430\u0440\u044b \u0434\u043b\u044f \u0445\u0430\u0439\u043a\u0438\u043d\u0433\u0430 \u0438 \u0430\u043b\u044c\u043f\u0438\u043d\u0438\u0437\u043c\u0430 \u0432 \u043e\u043d\u043b\u0430\u0439\u043d \u043c\u0430\u0433\u0430\u0437\u0438\u043d\u0435\"},{\"@type\":\"BreadcrumbList\",\"@id\":\"https:\\\/\\\/dev.xstyle.md\\\/product\\\/velobutylka-dlya-vody-m-wave-pbo-750-ml\\\/#breadcrumb\",\"itemListElement\":[{\"@type\":\"ListItem\",\"position\":1,\"name\":\"\u0413\u043b\u0430\u0432\u043d\u0430\u044f \u0441\u0442\u0440\u0430\u043d\u0438\u0446\u0430\",\"item\":\"https:\\\/\\\/dev.xstyle.md\\\/\"},{\"@type\":\"ListItem\",\"position\":2,\"name\":\"Shop\",\"item\":\"https:\\\/\\\/dev.xstyle.md\\\/shop\\\/\"},{\"@type\":\"ListItem\",\"position\":3,\"name\":\"\u0412\u0435\u043b\u043e\u0431\u0443\u0442\u044b\u043b\u043a\u0430 \u0434\u043b\u044f \u0432\u043e\u0434\u044b M-WAVE PBO 750 ml\"}]},{\"@type\":\"WebSite\",\"@id\":\"https:\\\/\\\/dev.xstyle.md\\\/#website\",\"url\":\"https:\\\/\\\/dev.xstyle.md\\\/\",\"name\":\"\u041c\u0430\u0433\u0430\u0437\u0438\u043d Xstyle\",\"description\":\"C\u043d\u0430\u0440\u044f\u0436\u0435\u043d\u0438\u0435 \u0434\u043b\u044f \u0442\u0443\u0440\u0438\u0437\u043c\u0430 \u0438 \u044d\u043a\u0441\u0442\u0440\u0435\u043c\u0430\u043b\u044c\u043d\u044b\u0445 \u0432\u0438\u0434\u043e\u0432 \u0441\u043f\u043e\u0440\u0442\u0430 \u0432 \u041c\u043e\u043b\u0434\u043e\u0432\u0435.. \u0426\u0435\u043d\u044b, \u0444\u043e\u0442\u043e, \u0445\u0430\u0440\u0430\u043a\u0442\u0435\u0440\u0438\u0441\u0442\u0438\u043a\u0438 \u0432 \u041c\u043e\u043b\u0434\u043e\u0432\u0435.\",\"publisher\":{\"@id\":\"https:\\\/\\\/dev.xstyle.md\\\/#organization\"},\"alternateName\":\"X-Style\",\"potentialAction\":[{\"@type\":\"SearchAction\",\"target\":{\"@type\":\"EntryPoint\",\"urlTemplate\":\"https:\\\/\\\/dev.xstyle.md\\\/?s={search_term_string}\"},\"query-input\":{\"@type\":\"PropertyValueSpecification\",\"valueRequired\":true,\"valueName\":\"search_term_string\"}}],\"inLanguage\":\"ro-RO\"},{\"@type\":\"Organization\",\"@id\":\"https:\\\/\\\/dev.xstyle.md\\\/#organization\",\"name\":\"\u041c\u0430\u0433\u0430\u0437\u0438\u043d Xstyle\",\"alternateName\":\"x-style\",\"url\":\"https:\\\/\\\/dev.xstyle.md\\\/\",\"logo\":{\"@type\":\"ImageObject\",\"inLanguage\":\"ro-RO\",\"@id\":\"https:\\\/\\\/dev.xstyle.md\\\/#\\\/schema\\\/logo\\\/image\\\/\",\"url\":\"https:\\\/\\\/dev.xstyle.md\\\/wp-content\\\/uploads\\\/2020\\\/06\\\/logoicon.svg\",\"contentUrl\":\"https:\\\/\\\/dev.xstyle.md\\\/wp-content\\\/uploads\\\/2020\\\/06\\\/logoicon.svg\",\"caption\":\"\u041c\u0430\u0433\u0430\u0437\u0438\u043d Xstyle\"},\"image\":{\"@id\":\"https:\\\/\\\/dev.xstyle.md\\\/#\\\/schema\\\/logo\\\/image\\\/\"},\"sameAs\":[\"https:\\\/\\\/www.facebook.com\\\/xstylemd\",\"https:\\\/\\\/www.instagram.com\\\/xstyle_md\\\/\",\"https:\\\/\\\/t.me\\\/xstyle_outdoor\"],\"hasMerchantReturnPolicy\":{\"@type\":\"MerchantReturnPolicy\",\"merchantReturnLink\":\"https:\\\/\\\/dev.xstyle.md\\\/ro\\\/conditions\\\/\"}}]}<\/script>\n<meta property=\"product:price:amount\" content=\"90.00\" \/>\n<meta property=\"product:price:currency\" content=\"MDL\" \/>\n<meta property=\"og:availability\" content=\"instock\" \/>\n<meta property=\"product:availability\" content=\"instock\" \/>\n<meta property=\"product:retailer_item_id\" content=\"887539023225\" \/>\n<meta property=\"product:condition\" content=\"new\" \/>\n<!-- \/ Yoast SEO plugin. -->","yoast_head_json":{"title":"Sticl\u0103 de ap\u0103 pentru ciclism M-WAVE PBO 750 ml - Magazin Xstyle","description":"Descoperi\u021bi sticla de biciclet\u0103 M-WAVE PBO de 750 ml! Design confortabil, capac de protec\u021bie \u0219i inser\u021bii antiderapante pentru un utilizare confortabil\u0103 \u00een mi\u0219care.","robots":{"index":"noindex","follow":"follow","max-snippet":"max-snippet:-1","max-image-preview":"max-image-preview:large","max-video-preview":"max-video-preview:-1"},"og_locale":"ro_RO","og_type":"article","og_title":"\u0412\u0435\u043b\u043e\u0431\u0443\u0442\u044b\u043b\u043a\u0430 \u0434\u043b\u044f \u0432\u043e\u0434\u044b M-WAVE PBO 750 ml - \u041c\u0430\u0433\u0430\u0437\u0438\u043d Xstyle","og_description":"\u041e\u0442\u043a\u0440\u043e\u0439\u0442\u0435 \u0434\u043b\u044f \u0441\u0435\u0431\u044f \u0432\u0435\u043b\u043e\u0431\u0443\u0442\u044b\u043b\u043a\u0443 M-WAVE PBO 750 ml! \u0423\u0434\u043e\u0431\u043d\u044b\u0439 \u0434\u0438\u0437\u0430\u0439\u043d, \u0437\u0430\u0449\u0438\u0442\u043d\u044b\u0439 \u043a\u043e\u043b\u043f\u0430\u0447\u043e\u043a \u0438 \u0430\u043d\u0442\u0438\u0441\u043a\u043e\u043b\u044c\u0437\u044f\u0449\u0438\u0435 \u0432\u0441\u0442\u0430\u0432\u043a\u0438 \u0434\u043b\u044f \u043a\u043e\u043c\u0444\u043e\u0440\u0442\u043d\u043e\u0433\u043e \u0438\u0441\u043f\u043e\u043b\u044c\u0437\u043e\u0432\u0430\u043d\u0438\u044f \u0432 \u0434\u0432\u0438\u0436\u0435\u043d\u0438\u0438.","og_url":"https:\/\/dev.xstyle.md\/ro\/produs\/velobutylka-dlya-vody-m-wave-pbo-750-ml\/","og_site_name":"\u041c\u0430\u0433\u0430\u0437\u0438\u043d Xstyle","article_publisher":"https:\/\/www.facebook.com\/xstylemd","article_modified_time":"2026-03-19T14:19:44+00:00","og_image":[{"width":648,"height":570,"url":"https:\/\/dev.xstyle.md\/wp-content\/uploads\/2024\/04\/m-wave-pbo-750-ml-black-transparent.jpg","type":"image\/jpeg"}],"twitter_card":"summary_large_image","twitter_misc":{"Pre\u021b":"90,00&nbsp;MDL","Disponibilitate":"\u00cen stoc"},"schema":{"@context":"https:\/\/schema.org","@graph":[{"@type":"WebPage","@id":"https:\/\/dev.xstyle.md\/product\/velobutylka-dlya-vody-m-wave-pbo-750-ml\/","url":"https:\/\/dev.xstyle.md\/product\/velobutylka-dlya-vody-m-wave-pbo-750-ml\/","name":"Sticl\u0103 de ap\u0103 pentru ciclism M-WAVE PBO 750 ml - Magazin Xstyle","isPartOf":{"@id":"https:\/\/dev.xstyle.md\/#website"},"primaryImageOfPage":{"@id":"https:\/\/dev.xstyle.md\/product\/velobutylka-dlya-vody-m-wave-pbo-750-ml\/#primaryimage"},"image":{"@id":"https:\/\/dev.xstyle.md\/product\/velobutylka-dlya-vody-m-wave-pbo-750-ml\/#primaryimage"},"thumbnailUrl":"https:\/\/dev.xstyle.md\/wp-content\/uploads\/2024\/04\/m-wave-pbo-750-ml-black-transparent.jpg","datePublished":"2024-04-19T11:14:04+00:00","dateModified":"2026-03-19T14:19:44+00:00","description":"Descoperi\u021bi sticla de biciclet\u0103 M-WAVE PBO de 750 ml! Design confortabil, capac de protec\u021bie \u0219i inser\u021bii antiderapante pentru un utilizare confortabil\u0103 \u00een mi\u0219care.","breadcrumb":{"@id":"https:\/\/dev.xstyle.md\/product\/velobutylka-dlya-vody-m-wave-pbo-750-ml\/#breadcrumb"},"inLanguage":"ro-RO","potentialAction":[{"@type":"ReadAction","target":["https:\/\/dev.xstyle.md\/product\/velobutylka-dlya-vody-m-wave-pbo-750-ml\/"]}]},{"@type":"ImageObject","inLanguage":"ro-RO","@id":"https:\/\/dev.xstyle.md\/product\/velobutylka-dlya-vody-m-wave-pbo-750-ml\/#primaryimage","url":"https:\/\/dev.xstyle.md\/wp-content\/uploads\/2024\/04\/m-wave-pbo-750-ml-black-transparent.jpg","contentUrl":"https:\/\/dev.xstyle.md\/wp-content\/uploads\/2024\/04\/m-wave-pbo-750-ml-black-transparent.jpg","width":648,"height":570,"caption":"\u0411\u0443\u0442\u044b\u043b\u043a\u0430 \u0434\u043b\u044f \u0432\u043e\u0434\u044b M-WAVE PBO 750 \u043c\u043b \u0434\u043b\u044f \u0430\u043a\u0442\u0438\u0432\u043d\u043e\u0433\u043e \u043e\u0442\u0434\u044b\u0445\u0430, \u043f\u043e\u0445\u043e\u0434\u043e\u0432 \u0438 \u043f\u0443\u0442\u0435\u0448\u0435\u0441\u0442\u0432\u0438\u0439, \u043e\u0431\u0443\u0432\u044c \u0438 \u043e\u0434\u0435\u0436\u0434\u0430 \u0434\u043b\u044f \u0430\u043a\u0442\u0438\u0432\u043d\u043e\u0433\u043e \u043e\u0431\u0440\u0430\u0437\u0430 \u0436\u0438\u0437\u043d\u0438, \u0442\u043e\u0432\u0430\u0440\u044b \u0434\u043b\u044f \u0445\u0430\u0439\u043a\u0438\u043d\u0433\u0430 \u0438 \u0430\u043b\u044c\u043f\u0438\u043d\u0438\u0437\u043c\u0430 \u0432 \u043e\u043d\u043b\u0430\u0439\u043d \u043c\u0430\u0433\u0430\u0437\u0438\u043d\u0435"},{"@type":"BreadcrumbList","@id":"https:\/\/dev.xstyle.md\/product\/velobutylka-dlya-vody-m-wave-pbo-750-ml\/#breadcrumb","itemListElement":[{"@type":"ListItem","position":1,"name":"\u0413\u043b\u0430\u0432\u043d\u0430\u044f \u0441\u0442\u0440\u0430\u043d\u0438\u0446\u0430","item":"https:\/\/dev.xstyle.md\/"},{"@type":"ListItem","position":2,"name":"Shop","item":"https:\/\/dev.xstyle.md\/shop\/"},{"@type":"ListItem","position":3,"name":"\u0412\u0435\u043b\u043e\u0431\u0443\u0442\u044b\u043b\u043a\u0430 \u0434\u043b\u044f \u0432\u043e\u0434\u044b M-WAVE PBO 750 ml"}]},{"@type":"WebSite","@id":"https:\/\/dev.xstyle.md\/#website","url":"https:\/\/dev.xstyle.md\/","name":"Magazinul X-Style","description":"Echipamente pentru turism \u0219i sporturi extreme \u00een Moldova. Pre\u021buri, fotografii, caracteristici \u00een Moldova.","publisher":{"@id":"https:\/\/dev.xstyle.md\/#organization"},"alternateName":"X-Style","potentialAction":[{"@type":"SearchAction","target":{"@type":"EntryPoint","urlTemplate":"https:\/\/dev.xstyle.md\/?s={search_term_string}"},"query-input":{"@type":"PropertyValueSpecification","valueRequired":true,"valueName":"search_term_string"}}],"inLanguage":"ro-RO"},{"@type":"Organization","@id":"https:\/\/dev.xstyle.md\/#organization","name":"Magazinul X-Style","alternateName":"x-style","url":"https:\/\/dev.xstyle.md\/","logo":{"@type":"ImageObject","inLanguage":"ro-RO","@id":"https:\/\/dev.xstyle.md\/#\/schema\/logo\/image\/","url":"https:\/\/dev.xstyle.md\/wp-content\/uploads\/2020\/06\/logoicon.svg","contentUrl":"https:\/\/dev.xstyle.md\/wp-content\/uploads\/2020\/06\/logoicon.svg","caption":"\u041c\u0430\u0433\u0430\u0437\u0438\u043d Xstyle"},"image":{"@id":"https:\/\/dev.xstyle.md\/#\/schema\/logo\/image\/"},"sameAs":["https:\/\/www.facebook.com\/xstylemd","https:\/\/www.instagram.com\/xstyle_md\/","https:\/\/t.me\/xstyle_outdoor"],"hasMerchantReturnPolicy":{"@type":"MerchantReturnPolicy","merchantReturnLink":"https:\/\/dev.xstyle.md\/ro\/conditions\/"}}]},"product_price_amount":"90.00","product_price_currency":"MDL","og_availability":"instock","product_availability":"instock","product_retailer_item_id":"887539023225","product_condition":"new"},"post_mailing_queue_ids":[],"_links":{"self":[{"href":"https:\/\/dev.xstyle.md\/ro\/wp-json\/wp\/v2\/product\/82188","targetHints":{"allow":["GET"]}}],"collection":[{"href":"https:\/\/dev.xstyle.md\/ro\/wp-json\/wp\/v2\/product"}],"about":[{"href":"https:\/\/dev.xstyle.md\/ro\/wp-json\/wp\/v2\/types\/product"}],"replies":[{"embeddable":true,"href":"https:\/\/dev.xstyle.md\/ro\/wp-json\/wp\/v2\/comments?post=82188"}],"version-history":[{"count":0,"href":"https:\/\/dev.xstyle.md\/ro\/wp-json\/wp\/v2\/product\/82188\/revisions"}],"wp:featuredmedia":[{"embeddable":true,"href":"https:\/\/dev.xstyle.md\/ro\/wp-json\/wp\/v2\/media\/82383"}],"wp:attachment":[{"href":"https:\/\/dev.xstyle.md\/ro\/wp-json\/wp\/v2\/media?parent=82188"}],"wp:term":[{"taxonomy":"product_brand","embeddable":true,"href":"https:\/\/dev.xstyle.md\/ro\/wp-json\/wp\/v2\/product_brand?post=82188"},{"taxonomy":"product_cat","embeddable":true,"href":"https:\/\/dev.xstyle.md\/ro\/wp-json\/wp\/v2\/product_cat?post=82188"},{"taxonomy":"product_tag","embeddable":true,"href":"https:\/\/dev.xstyle.md\/ro\/wp-json\/wp\/v2\/product_tag?post=82188"}],"curies":[{"name":"wp","href":"https:\/\/api.w.org\/{rel}","templated":true}]}}