{"id":8195,"date":"2020-07-16T23:26:47","date_gmt":"2020-07-16T20:26:47","guid":{"rendered":"https:\/\/xstyle.md\/product\/termokruzhka-contigo-pinnacle-300ml"},"modified":"2025-05-08T10:20:21","modified_gmt":"2025-05-08T07:20:21","slug":"termokruzhka-contigo-pinnacle-300ml","status":"publish","type":"product","link":"https:\/\/xstyle.md\/ro\/produs\/termokruzhka-contigo-pinnacle-300ml\/","title":{"rendered":"Can\u0103 termic\u0103 Contigo Pinnacle 300ml"},"content":{"rendered":"<\/p>\n<div>\n<p><strong>Can\u0103 termic\u0103 Contigo Pinnacle<\/strong> cu tehnologia patentat\u0103 AUTOSEAL\u00ae. O versiune special\u0103 \u00een miniatur\u0103 a c\u0103nii termice de 300 ml. Pur \u0219i simplu ap\u0103sa\u021bi butonul Autoseal \u0219i v\u0103 pute\u021bi savura \u00een siguran\u021b\u0103 b\u0103utura, sistemul AUTOSEAL\u00ae sigileaz\u0103 cana atunci c\u00e2nd butonul este eliberat. Cana este fabricat\u0103 din o\u021bel inoxidabil de calitate superioar\u0103, izolarea \u00een vid asigur\u0103 men\u021binerea b\u0103uturilor calde p\u00e2n\u0103 la 3 ore \u0219i a celor reci p\u00e2n\u0103 la 9 ore.<\/p>\n<h3>Particularit\u0103\u021bi<\/h3>\n<ul>\n<li>Protec\u021bie 100% \u00eempotriva scurgerilor accidentale datorit\u0103 tehnologiei SNAPSEAL\u00ae<\/li>\n<li>Pere\u021bii cu pere\u021bi dubli ai lui Byron p\u0103streaz\u0103 b\u0103uturile calde timp de p\u00e2n\u0103 la 6 ore \u0219i reci timp de p\u00e2n\u0103 la 12 ore<\/li>\n<li>Utilizare u\u0219oar\u0103 cu o singur\u0103 m\u00e2n\u0103<\/li>\n<li>U\u0219or de cur\u0103\u021bat \u00een ma\u0219ina de sp\u0103lat vase<\/li>\n<li>Se potrive\u0219te \u00een suportul standard pentru pahare din ma\u0219in\u0103<\/li>\n<li>P\u0103streaz\u0103 \u00een siguran\u021b\u0103 documentele \u0219i electronicele din geant\u0103, hainele \u0219i tapi\u021beria ma\u0219inii.<\/li>\n<\/ul>\n<h3>Caracteristici<\/h3>\n<ul>\n<li>Volum &#8212; 300 ml<\/li>\n<li>Dimensiuni &#8212; 7 x 16,5 cm<\/li>\n<li>Material &#8212; o\u021bel inoxidabil, silicon, plastic.<\/li>\n<\/ul>\n<h3>Tehnologie<\/h3>\n<ul>\n<li><strong>AUTOSEAL<\/strong>\u00ae &#8212; tehnologia ofer\u0103 o utilizare comod\u0103 \u0219i u\u0219oar\u0103 a c\u0103nii cu o singur\u0103 m\u00e2n\u0103: nu este nevoie s\u0103 scoate\u021bi capacul, nu este nevoie s\u0103 deschide\u021bi supapa de g\u00e2t. Pur \u0219i simplu ap\u0103sa\u021bi butonul Autoseal\u00ae pentru a lua o \u00eenghi\u021bitur\u0103 \u0219i elibera\u021bi-l pentru a \u00eenchide automat cana.<\/li>\n<\/ul>\n<h3>Instruc\u021biuni de utilizare<\/h3>\n<ul>\n<li>Potrivit pentru con\u021binuturi calde \u0219i reci.<\/li>\n<li>Capacul Contigo West Loop cu sistem AUTOSEAL\u00ae este potrivit doar pentru acest model \u0219i nu este potrivit pentru alte produse Contigo.<\/li>\n<li>Pentru a instala capacul \u00een siguran\u021b\u0103, pune\u021bi capacul deasupra c\u0103nii \u0219i roti\u021bi \u00eencet capacul \u00een sens antiorar p\u00e2n\u0103 c\u00e2nd se fixeaz\u0103. Continua\u021bi s\u0103 str\u00e2nge\u021bi capacul p\u00e2n\u0103 c\u00e2nd acesta este complet sigilat.<\/li>\n<li>Butonul AUTOSEAL\u00ae nu poate fi ap\u0103sat \u00een timp ce capacul este \u00eenchis. \u00cencuietoarea suplimentar\u0103 este conceput\u0103 special pentru transportul \u00een siguran\u021b\u0103 al unei c\u0103ni termice pline.<\/li>\n<li>Pentru a debloca cana, ap\u0103sa\u021bi partea din comutator f\u0103r\u0103 imaginea de blocare. Folosi\u021bi \u00eentotdeauna \u00eencuietoarea cu buton atunci c\u00e2nd transporta\u021bi b\u0103uturi.<\/li>\n<\/ul>\n<h3>Recomand\u0103ri de utilizare<\/h3>\n<ul>\n<li>Potrivit pentru con\u021binuturi calde \u0219i reci.<\/li>\n<li>Capacul Contigo West Loop cu sistem AUTOSEAL\u00ae este potrivit doar pentru acest model \u0219i nu este potrivit pentru alte produse Contigo.<\/li>\n<li>Pentru a instala capacul \u00een siguran\u021b\u0103, pune\u021bi capacul deasupra c\u0103nii \u0219i roti\u021bi \u00eencet capacul \u00een sens antiorar p\u00e2n\u0103 c\u00e2nd se fixeaz\u0103. Continua\u021bi s\u0103 str\u00e2nge\u021bi capacul p\u00e2n\u0103 c\u00e2nd acesta este complet sigilat.<\/li>\n<li>Butonul AUTOSEAL\u00ae nu poate fi ap\u0103sat \u00een timp ce capacul este \u00eenchis. \u00cencuietoarea suplimentar\u0103 este conceput\u0103 special pentru transportul \u00een siguran\u021b\u0103 al unei c\u0103ni termice pline.<\/li>\n<li>Pentru a debloca cana, ap\u0103sa\u021bi partea din comutator f\u0103r\u0103 imaginea de blocare. Folosi\u021bi \u00eentotdeauna \u00eencuietoarea cu buton atunci c\u00e2nd transporta\u021bi b\u0103uturi.<\/li>\n<\/ul>\n<h3>Instruc\u021biuni de cur\u0103\u021bare<\/h3>\n<ul>\n<li>Sp\u0103la\u021bi toate p\u0103r\u021bile c\u0103nii cu ap\u0103 \u0219i detergent u\u0219or \u00eenainte de fiecare utilizare. \u0218terge\u021bi cu un \u0219erve\u021bel. Depozita\u021bi cana cu capacul scos.<\/li>\n<li>Sp\u0103la\u021bi capacul pe raftul superior al ma\u0219inii de sp\u0103lat vase. Deschide\u021bi \u00eencuietoarea interioar\u0103 a capacului \u00eenainte de sp\u0103lare. Nu uita\u021bi s\u0103 \u00eenchide\u021bi \u00eencuietoarea interioar\u0103 \u00eenainte de utilizare.<\/li>\n<li>Sp\u0103la\u021bi corpurile c\u0103nilor termo colorate numai manual. Detergen\u021bii agresivi folosi\u021bi \u00een ma\u0219inile de sp\u0103lat vase pot deteriora vopseaua.<\/li>\n<\/ul>\n<\/div>\n<p><\/p>","protected":false},"excerpt":{"rendered":"<p>Can\u0103 termic\u0103 Contigo Pinnacle 300ml<\/p>","protected":false},"featured_media":8191,"comment_status":"open","ping_status":"closed","template":"","meta":{"_acf_changed":false,"inline_featured_image":false},"product_brand":[1374],"product_cat":[874],"product_tag":[],"class_list":{"0":"post-8195","1":"product","2":"type-product","3":"status-publish","4":"has-post-thumbnail","6":"product_brand-contigo","7":"product_cat-thermo-mug","9":"first","10":"instock","11":"featured","12":"shipping-taxable","13":"purchasable","14":"product-type-simple"},"acf":[],"yoast_head":"<!-- This site is optimized with the Yoast SEO plugin v27.4 - https:\/\/yoast.com\/product\/yoast-seo-wordpress\/ -->\n<title>\u0422\u0435\u0440\u043c\u043e\u043a\u0440\u0443\u0436\u043a\u0430 Contigo Pinnacle 300ml - \u041c\u0430\u0433\u0430\u0437\u0438\u043d Xstyle<\/title>\n<meta name=\"description\" content=\"\u041a\u0443\u043f\u0438\u0442\u0435 \u0442\u0435\u0440\u043c\u043e\u043a\u0440\u0443\u0436\u043a\u0443 Contigo Pinnacle 300 \u043c\u043b \u0441 \u0442\u0435\u0445\u043d\u043e\u043b\u043e\u0433\u0438\u0435\u0439 AUTOSEAL. \u041a\u043e\u043c\u043f\u0430\u043a\u0442\u043d\u044b\u0439 \u0440\u0430\u0437\u043c\u0435\u0440, \u043d\u0430\u0434\u0435\u0436\u043d\u0430\u044f \u0433\u0435\u0440\u043c\u0435\u0442\u0438\u0447\u043d\u043e\u0441\u0442\u044c \u0438 \u0441\u0442\u0438\u043b\u044c\u043d\u044b\u0439 \u0434\u0438\u0437\u0430\u0439\u043d \u0434\u043b\u044f \u0438\u0434\u0435\u0430\u043b\u044c\u043d\u043e\u0433\u043e \u043d\u0430\u043f\u0438\u0442\u043a\u0430 \u0432 \u043f\u0443\u0442\u0438!\" \/>\n<meta name=\"robots\" content=\"index, follow, max-snippet:-1, max-image-preview:large, max-video-preview:-1\" \/>\n<link rel=\"canonical\" href=\"https:\/\/xstyle.md\/ro\/produs\/termokruzhka-contigo-pinnacle-300ml\/\" \/>\n<meta property=\"og:locale\" content=\"ro_RO\" \/>\n<meta property=\"og:type\" content=\"article\" \/>\n<meta property=\"og:title\" content=\"\u0422\u0435\u0440\u043c\u043e\u043a\u0440\u0443\u0436\u043a\u0430 Contigo Pinnacle 300ml - \u041c\u0430\u0433\u0430\u0437\u0438\u043d Xstyle\" \/>\n<meta property=\"og:description\" content=\"\u041a\u0443\u043f\u0438\u0442\u0435 \u0442\u0435\u0440\u043c\u043e\u043a\u0440\u0443\u0436\u043a\u0443 Contigo Pinnacle 300 \u043c\u043b \u0441 \u0442\u0435\u0445\u043d\u043e\u043b\u043e\u0433\u0438\u0435\u0439 AUTOSEAL. \u041a\u043e\u043c\u043f\u0430\u043a\u0442\u043d\u044b\u0439 \u0440\u0430\u0437\u043c\u0435\u0440, \u043d\u0430\u0434\u0435\u0436\u043d\u0430\u044f \u0433\u0435\u0440\u043c\u0435\u0442\u0438\u0447\u043d\u043e\u0441\u0442\u044c \u0438 \u0441\u0442\u0438\u043b\u044c\u043d\u044b\u0439 \u0434\u0438\u0437\u0430\u0439\u043d \u0434\u043b\u044f \u0438\u0434\u0435\u0430\u043b\u044c\u043d\u043e\u0433\u043e \u043d\u0430\u043f\u0438\u0442\u043a\u0430 \u0432 \u043f\u0443\u0442\u0438!\" \/>\n<meta property=\"og:url\" content=\"https:\/\/xstyle.md\/ro\/produs\/termokruzhka-contigo-pinnacle-300ml\/\" \/>\n<meta property=\"og:site_name\" content=\"\u041c\u0430\u0433\u0430\u0437\u0438\u043d Xstyle\" \/>\n<meta property=\"article:publisher\" content=\"https:\/\/www.facebook.com\/xstylemd\" \/>\n<meta property=\"article:modified_time\" content=\"2025-05-08T07:20:21+00:00\" \/>\n<meta property=\"og:image\" content=\"https:\/\/xstyle.md\/wp-content\/uploads\/2020\/07\/pinnacle1.jpg\" \/>\n\t<meta property=\"og:image:width\" content=\"960\" \/>\n\t<meta property=\"og:image:height\" content=\"960\" \/>\n\t<meta property=\"og:image:type\" content=\"image\/jpeg\" \/>\n<meta name=\"twitter:card\" content=\"summary_large_image\" \/>\n<meta name=\"twitter:label1\" content=\"Pre\u021b\" \/>\n\t<meta name=\"twitter:data1\" content=\"570&nbsp;MDL\" \/>\n\t<meta name=\"twitter:label2\" content=\"Disponibilitate\" \/>\n\t<meta name=\"twitter:data2\" content=\"\u00cen stoc\" \/>\n<script type=\"application\/ld+json\" class=\"yoast-schema-graph\">{\"@context\":\"https:\\\/\\\/schema.org\",\"@graph\":[{\"@type\":\"WebPage\",\"@id\":\"https:\\\/\\\/xstyle.md\\\/product\\\/termokruzhka-contigo-pinnacle-300ml\\\/\",\"url\":\"https:\\\/\\\/xstyle.md\\\/product\\\/termokruzhka-contigo-pinnacle-300ml\\\/\",\"name\":\"\u0422\u0435\u0440\u043c\u043e\u043a\u0440\u0443\u0436\u043a\u0430 Contigo Pinnacle 300ml - \u041c\u0430\u0433\u0430\u0437\u0438\u043d Xstyle\",\"isPartOf\":{\"@id\":\"https:\\\/\\\/xstyle.md\\\/#website\"},\"primaryImageOfPage\":{\"@id\":\"https:\\\/\\\/xstyle.md\\\/product\\\/termokruzhka-contigo-pinnacle-300ml\\\/#primaryimage\"},\"image\":{\"@id\":\"https:\\\/\\\/xstyle.md\\\/product\\\/termokruzhka-contigo-pinnacle-300ml\\\/#primaryimage\"},\"thumbnailUrl\":\"https:\\\/\\\/xstyle.md\\\/wp-content\\\/uploads\\\/2020\\\/07\\\/pinnacle1.jpg\",\"datePublished\":\"2020-07-16T20:26:47+00:00\",\"dateModified\":\"2025-05-08T07:20:21+00:00\",\"description\":\"\u041a\u0443\u043f\u0438\u0442\u0435 \u0442\u0435\u0440\u043c\u043e\u043a\u0440\u0443\u0436\u043a\u0443 Contigo Pinnacle 300 \u043c\u043b \u0441 \u0442\u0435\u0445\u043d\u043e\u043b\u043e\u0433\u0438\u0435\u0439 AUTOSEAL. \u041a\u043e\u043c\u043f\u0430\u043a\u0442\u043d\u044b\u0439 \u0440\u0430\u0437\u043c\u0435\u0440, \u043d\u0430\u0434\u0435\u0436\u043d\u0430\u044f \u0433\u0435\u0440\u043c\u0435\u0442\u0438\u0447\u043d\u043e\u0441\u0442\u044c \u0438 \u0441\u0442\u0438\u043b\u044c\u043d\u044b\u0439 \u0434\u0438\u0437\u0430\u0439\u043d \u0434\u043b\u044f \u0438\u0434\u0435\u0430\u043b\u044c\u043d\u043e\u0433\u043e \u043d\u0430\u043f\u0438\u0442\u043a\u0430 \u0432 \u043f\u0443\u0442\u0438!\",\"breadcrumb\":{\"@id\":\"https:\\\/\\\/xstyle.md\\\/product\\\/termokruzhka-contigo-pinnacle-300ml\\\/#breadcrumb\"},\"inLanguage\":\"ro-RO\",\"potentialAction\":[{\"@type\":\"ReadAction\",\"target\":[\"https:\\\/\\\/xstyle.md\\\/product\\\/termokruzhka-contigo-pinnacle-300ml\\\/\"]}]},{\"@type\":\"ImageObject\",\"inLanguage\":\"ro-RO\",\"@id\":\"https:\\\/\\\/xstyle.md\\\/product\\\/termokruzhka-contigo-pinnacle-300ml\\\/#primaryimage\",\"url\":\"https:\\\/\\\/xstyle.md\\\/wp-content\\\/uploads\\\/2020\\\/07\\\/pinnacle1.jpg\",\"contentUrl\":\"https:\\\/\\\/xstyle.md\\\/wp-content\\\/uploads\\\/2020\\\/07\\\/pinnacle1.jpg\",\"width\":960,\"height\":960},{\"@type\":\"BreadcrumbList\",\"@id\":\"https:\\\/\\\/xstyle.md\\\/product\\\/termokruzhka-contigo-pinnacle-300ml\\\/#breadcrumb\",\"itemListElement\":[{\"@type\":\"ListItem\",\"position\":1,\"name\":\"\u0413\u043b\u0430\u0432\u043d\u0430\u044f \u0441\u0442\u0440\u0430\u043d\u0438\u0446\u0430\",\"item\":\"https:\\\/\\\/xstyle.md\\\/\"},{\"@type\":\"ListItem\",\"position\":2,\"name\":\"\u041c\u0430\u0433\u0430\u0437\u0438\u043d\",\"item\":\"https:\\\/\\\/xstyle.md\\\/shop\\\/\"},{\"@type\":\"ListItem\",\"position\":3,\"name\":\"\u0422\u0435\u0440\u043c\u043e\u043a\u0440\u0443\u0436\u043a\u0430 Contigo Pinnacle 300ml\"}]},{\"@type\":\"WebSite\",\"@id\":\"https:\\\/\\\/xstyle.md\\\/#website\",\"url\":\"https:\\\/\\\/xstyle.md\\\/\",\"name\":\"\u041c\u0430\u0433\u0430\u0437\u0438\u043d Xstyle\",\"description\":\"C\u043d\u0430\u0440\u044f\u0436\u0435\u043d\u0438\u0435 \u0434\u043b\u044f \u0442\u0443\u0440\u0438\u0437\u043c\u0430 \u0438 \u044d\u043a\u0441\u0442\u0440\u0435\u043c\u0430\u043b\u044c\u043d\u044b\u0445 \u0432\u0438\u0434\u043e\u0432 \u0441\u043f\u043e\u0440\u0442\u0430 \u0432 \u041c\u043e\u043b\u0434\u043e\u0432\u0435.. \u0426\u0435\u043d\u044b, \u0444\u043e\u0442\u043e, \u0445\u0430\u0440\u0430\u043a\u0442\u0435\u0440\u0438\u0441\u0442\u0438\u043a\u0438 \u0432 \u041c\u043e\u043b\u0434\u043e\u0432\u0435.\",\"publisher\":{\"@id\":\"https:\\\/\\\/xstyle.md\\\/#organization\"},\"alternateName\":\"X-Style\",\"potentialAction\":[{\"@type\":\"SearchAction\",\"target\":{\"@type\":\"EntryPoint\",\"urlTemplate\":\"https:\\\/\\\/xstyle.md\\\/?s={search_term_string}\"},\"query-input\":{\"@type\":\"PropertyValueSpecification\",\"valueRequired\":true,\"valueName\":\"search_term_string\"}}],\"inLanguage\":\"ro-RO\"},{\"@type\":\"Organization\",\"@id\":\"https:\\\/\\\/xstyle.md\\\/#organization\",\"name\":\"\u041c\u0430\u0433\u0430\u0437\u0438\u043d Xstyle\",\"alternateName\":\"x-style\",\"url\":\"https:\\\/\\\/xstyle.md\\\/\",\"logo\":{\"@type\":\"ImageObject\",\"inLanguage\":\"ro-RO\",\"@id\":\"https:\\\/\\\/xstyle.md\\\/#\\\/schema\\\/logo\\\/image\\\/\",\"url\":\"https:\\\/\\\/xstyle.md\\\/wp-content\\\/uploads\\\/2020\\\/06\\\/logoicon.svg\",\"contentUrl\":\"https:\\\/\\\/xstyle.md\\\/wp-content\\\/uploads\\\/2020\\\/06\\\/logoicon.svg\",\"caption\":\"\u041c\u0430\u0433\u0430\u0437\u0438\u043d Xstyle\"},\"image\":{\"@id\":\"https:\\\/\\\/xstyle.md\\\/#\\\/schema\\\/logo\\\/image\\\/\"},\"sameAs\":[\"https:\\\/\\\/www.facebook.com\\\/xstylemd\",\"https:\\\/\\\/www.instagram.com\\\/xstyle_md\\\/\",\"https:\\\/\\\/t.me\\\/xstyle_outdoor\"],\"hasMerchantReturnPolicy\":{\"@type\":\"MerchantReturnPolicy\",\"merchantReturnLink\":\"https:\\\/\\\/xstyle.md\\\/ro\\\/conditions\\\/\"}}]}<\/script>\n<meta property=\"product:price:amount\" content=\"570.00\" \/>\n<meta property=\"product:price:currency\" content=\"MDL\" \/>\n<meta property=\"og:availability\" content=\"instock\" \/>\n<meta property=\"product:availability\" content=\"instock\" \/>\n<meta property=\"product:retailer_item_id\" content=\"840276133206\" \/>\n<meta property=\"product:condition\" content=\"new\" \/>\n<!-- \/ Yoast SEO plugin. -->","yoast_head_json":{"title":"Can\u0103 termic\u0103 Contigo Pinnacle 300ml - Magazin Xstyle","description":"Cump\u0103ra\u021bi o can\u0103 termos Contigo Pinnacle de 300 ml cu tehnologia AUTOSEAL. Dimensiune compact\u0103, etan\u0219eitate fiabil\u0103 \u0219i design elegant pentru o b\u0103utur\u0103 perfect\u0103 \u00een c\u0103l\u0103torie!","robots":{"index":"index","follow":"follow","max-snippet":"max-snippet:-1","max-image-preview":"max-image-preview:large","max-video-preview":"max-video-preview:-1"},"canonical":"https:\/\/xstyle.md\/ro\/produs\/termokruzhka-contigo-pinnacle-300ml\/","og_locale":"ro_RO","og_type":"article","og_title":"\u0422\u0435\u0440\u043c\u043e\u043a\u0440\u0443\u0436\u043a\u0430 Contigo Pinnacle 300ml - \u041c\u0430\u0433\u0430\u0437\u0438\u043d Xstyle","og_description":"\u041a\u0443\u043f\u0438\u0442\u0435 \u0442\u0435\u0440\u043c\u043e\u043a\u0440\u0443\u0436\u043a\u0443 Contigo Pinnacle 300 \u043c\u043b \u0441 \u0442\u0435\u0445\u043d\u043e\u043b\u043e\u0433\u0438\u0435\u0439 AUTOSEAL. \u041a\u043e\u043c\u043f\u0430\u043a\u0442\u043d\u044b\u0439 \u0440\u0430\u0437\u043c\u0435\u0440, \u043d\u0430\u0434\u0435\u0436\u043d\u0430\u044f \u0433\u0435\u0440\u043c\u0435\u0442\u0438\u0447\u043d\u043e\u0441\u0442\u044c \u0438 \u0441\u0442\u0438\u043b\u044c\u043d\u044b\u0439 \u0434\u0438\u0437\u0430\u0439\u043d \u0434\u043b\u044f \u0438\u0434\u0435\u0430\u043b\u044c\u043d\u043e\u0433\u043e \u043d\u0430\u043f\u0438\u0442\u043a\u0430 \u0432 \u043f\u0443\u0442\u0438!","og_url":"https:\/\/xstyle.md\/ro\/produs\/termokruzhka-contigo-pinnacle-300ml\/","og_site_name":"\u041c\u0430\u0433\u0430\u0437\u0438\u043d Xstyle","article_publisher":"https:\/\/www.facebook.com\/xstylemd","article_modified_time":"2025-05-08T07:20:21+00:00","og_image":[{"width":960,"height":960,"url":"https:\/\/xstyle.md\/wp-content\/uploads\/2020\/07\/pinnacle1.jpg","type":"image\/jpeg"}],"twitter_card":"summary_large_image","twitter_misc":{"Pre\u021b":"570&nbsp;MDL","Disponibilitate":"\u00cen stoc"},"schema":{"@context":"https:\/\/schema.org","@graph":[{"@type":"WebPage","@id":"https:\/\/xstyle.md\/product\/termokruzhka-contigo-pinnacle-300ml\/","url":"https:\/\/xstyle.md\/product\/termokruzhka-contigo-pinnacle-300ml\/","name":"Can\u0103 termic\u0103 Contigo Pinnacle 300ml - Magazin Xstyle","isPartOf":{"@id":"https:\/\/xstyle.md\/#website"},"primaryImageOfPage":{"@id":"https:\/\/xstyle.md\/product\/termokruzhka-contigo-pinnacle-300ml\/#primaryimage"},"image":{"@id":"https:\/\/xstyle.md\/product\/termokruzhka-contigo-pinnacle-300ml\/#primaryimage"},"thumbnailUrl":"https:\/\/xstyle.md\/wp-content\/uploads\/2020\/07\/pinnacle1.jpg","datePublished":"2020-07-16T20:26:47+00:00","dateModified":"2025-05-08T07:20:21+00:00","description":"Cump\u0103ra\u021bi o can\u0103 termos Contigo Pinnacle de 300 ml cu tehnologia AUTOSEAL. Dimensiune compact\u0103, etan\u0219eitate fiabil\u0103 \u0219i design elegant pentru o b\u0103utur\u0103 perfect\u0103 \u00een c\u0103l\u0103torie!","breadcrumb":{"@id":"https:\/\/xstyle.md\/product\/termokruzhka-contigo-pinnacle-300ml\/#breadcrumb"},"inLanguage":"ro-RO","potentialAction":[{"@type":"ReadAction","target":["https:\/\/xstyle.md\/product\/termokruzhka-contigo-pinnacle-300ml\/"]}]},{"@type":"ImageObject","inLanguage":"ro-RO","@id":"https:\/\/xstyle.md\/product\/termokruzhka-contigo-pinnacle-300ml\/#primaryimage","url":"https:\/\/xstyle.md\/wp-content\/uploads\/2020\/07\/pinnacle1.jpg","contentUrl":"https:\/\/xstyle.md\/wp-content\/uploads\/2020\/07\/pinnacle1.jpg","width":960,"height":960},{"@type":"BreadcrumbList","@id":"https:\/\/xstyle.md\/product\/termokruzhka-contigo-pinnacle-300ml\/#breadcrumb","itemListElement":[{"@type":"ListItem","position":1,"name":"\u0413\u043b\u0430\u0432\u043d\u0430\u044f \u0441\u0442\u0440\u0430\u043d\u0438\u0446\u0430","item":"https:\/\/xstyle.md\/"},{"@type":"ListItem","position":2,"name":"\u041c\u0430\u0433\u0430\u0437\u0438\u043d","item":"https:\/\/xstyle.md\/shop\/"},{"@type":"ListItem","position":3,"name":"\u0422\u0435\u0440\u043c\u043e\u043a\u0440\u0443\u0436\u043a\u0430 Contigo Pinnacle 300ml"}]},{"@type":"WebSite","@id":"https:\/\/xstyle.md\/#website","url":"https:\/\/xstyle.md\/","name":"Magazinul X-Style","description":"Echipamente pentru turism \u0219i sporturi extreme \u00een Moldova. Pre\u021buri, fotografii, caracteristici \u00een Moldova.","publisher":{"@id":"https:\/\/xstyle.md\/#organization"},"alternateName":"X-Style","potentialAction":[{"@type":"SearchAction","target":{"@type":"EntryPoint","urlTemplate":"https:\/\/xstyle.md\/?s={search_term_string}"},"query-input":{"@type":"PropertyValueSpecification","valueRequired":true,"valueName":"search_term_string"}}],"inLanguage":"ro-RO"},{"@type":"Organization","@id":"https:\/\/xstyle.md\/#organization","name":"Magazinul X-Style","alternateName":"x-style","url":"https:\/\/xstyle.md\/","logo":{"@type":"ImageObject","inLanguage":"ro-RO","@id":"https:\/\/xstyle.md\/#\/schema\/logo\/image\/","url":"https:\/\/xstyle.md\/wp-content\/uploads\/2020\/06\/logoicon.svg","contentUrl":"https:\/\/xstyle.md\/wp-content\/uploads\/2020\/06\/logoicon.svg","caption":"\u041c\u0430\u0433\u0430\u0437\u0438\u043d Xstyle"},"image":{"@id":"https:\/\/xstyle.md\/#\/schema\/logo\/image\/"},"sameAs":["https:\/\/www.facebook.com\/xstylemd","https:\/\/www.instagram.com\/xstyle_md\/","https:\/\/t.me\/xstyle_outdoor"],"hasMerchantReturnPolicy":{"@type":"MerchantReturnPolicy","merchantReturnLink":"https:\/\/xstyle.md\/ro\/conditions\/"}}]},"product_price_amount":"570.00","product_price_currency":"MDL","og_availability":"instock","product_availability":"instock","product_retailer_item_id":"840276133206","product_condition":"new"},"_links":{"self":[{"href":"https:\/\/xstyle.md\/ro\/wp-json\/wp\/v2\/product\/8195","targetHints":{"allow":["GET"]}}],"collection":[{"href":"https:\/\/xstyle.md\/ro\/wp-json\/wp\/v2\/product"}],"about":[{"href":"https:\/\/xstyle.md\/ro\/wp-json\/wp\/v2\/types\/product"}],"replies":[{"embeddable":true,"href":"https:\/\/xstyle.md\/ro\/wp-json\/wp\/v2\/comments?post=8195"}],"wp:featuredmedia":[{"embeddable":true,"href":"https:\/\/xstyle.md\/ro\/wp-json\/wp\/v2\/media\/8191"}],"wp:attachment":[{"href":"https:\/\/xstyle.md\/ro\/wp-json\/wp\/v2\/media?parent=8195"}],"wp:term":[{"taxonomy":"product_brand","embeddable":true,"href":"https:\/\/xstyle.md\/ro\/wp-json\/wp\/v2\/product_brand?post=8195"},{"taxonomy":"product_cat","embeddable":true,"href":"https:\/\/xstyle.md\/ro\/wp-json\/wp\/v2\/product_cat?post=8195"},{"taxonomy":"product_tag","embeddable":true,"href":"https:\/\/xstyle.md\/ro\/wp-json\/wp\/v2\/product_tag?post=8195"}],"curies":[{"name":"wp","href":"https:\/\/api.w.org\/{rel}","templated":true}]}}