{"id":8176,"date":"2020-07-16T23:25:41","date_gmt":"2020-07-16T20:25:41","guid":{"rendered":"https:\/\/xstyle.md\/?post_type=product&#038;p=8176"},"modified":"2024-10-02T21:18:02","modified_gmt":"2024-10-02T18:18:02","slug":"verevki-pozharnye-spasatel-nye-vps-30","status":"publish","type":"product","link":"https:\/\/xstyle.md\/ro\/produs\/verevki-pozharnye-spasatel-nye-vps-30\/","title":{"rendered":"Corzi de salvare (30 m)"},"content":{"rendered":"<\/p>\n<p><strong>Corzi de salvare<\/strong> concepute pentru a salva persoane, pompieri \u0219i de asigurare \u00een combaterea incendiilor \u0219i a opera\u021biunilor de salvare conexe, precum \u0219i \u00een preg\u0103tirea pompierilor.<\/p>\n<p>Coarda \u00ee\u0219i p\u0103streaz\u0103 propriet\u0103\u021bile de rezisten\u021b\u0103 \u0219i aspectul la expunerea la solu\u021biile de ap\u0103 \u0219i surfactant (solu\u021bie apoas\u0103 5% de clorur\u0103 de sodiu \u00een conformitate cu GOST 4233).<br \/>\nFiecare coard\u0103 este adunat\u0103 \u00een hus\u0103.<br \/>\nDesignul husei are un buzunar pentru plasarea unui pa\u0219aport\/instruc\u021biune, o centur\u0103 pentru transport;<br \/>\nCapetele coardei sunt topite, \u00eencorporate termo-tub \u0219i dopuri metalice.<br \/>\n\u00cen setul obligatoriu de corzi de salvare sunt incluse: coard\u0103 &#8212; 1 bucat\u0103, hus\u0103 &#8212; 1 buc., Pa\u0219aport-instruc\u021biune<\/p>\n<p><strong>Caracteristici:<\/strong><\/p>\n<ul>\n<li>1. Lungimea corzii, nu mai mic\u0103 de (m) 30 +3<\/li>\n<li>2. Coard\u0103 diametru, (mm) 11 \u00b1 1<\/li>\n<li>3. Masa corzii, nu mai mult de (kg) 2.7<\/li>\n<li>4. Rigiditatea corzii, nu mai mult de (m) 0,25<\/li>\n<li>5. Sarcin\u0103 de rupere, nu mai pu\u021bin de (kN) 15<\/li>\n<li>6. Prelungirea relativ\u0103 a corzii, (%) 11- 45<\/li>\n<li>7. Sarcina de rupere, nu mai pu\u021bin (kN) dup\u0103 impactul:<\/li>\n<\/ul>\n<p>&#8212; temperaturii de 600 \u00b0 C timp de 10 s: 11.25<br \/>\n&#8212; temperaturii de 600 \u00b0 C timp de 180 s;<br \/>\n&#8212; o tij\u0103 de metal \u00eenc\u0103lzit\u0103 la 450 \u00b0 C timp de 30 de secunde 11.25<br \/>\n&#8212; flac\u0103r\u0103 deschis\u0103 timp de 30 de secunde 11.25<\/p>\n<ul>\n<li>8. For\u021ba de rupere la temperaturi de func\u021bionare, nu mai pu\u021bin de (kN) 15<\/li>\n<\/ul>\n<p><\/p>","protected":false},"excerpt":{"rendered":"<p>Corzi de salvare (30 m)<\/p>","protected":false},"featured_media":8175,"comment_status":"open","ping_status":"closed","template":"","meta":{"_acf_changed":false,"inline_featured_image":false},"product_brand":[1373],"product_cat":[271],"product_tag":[],"class_list":{"0":"post-8176","1":"product","2":"type-product","3":"status-publish","4":"has-post-thumbnail","6":"product_brand-azotkhimfortis","7":"product_cat-static-ropes","9":"first","10":"instock","11":"shipping-taxable","12":"purchasable","13":"product-type-simple"},"acf":[],"yoast_head":"<!-- This site is optimized with the Yoast SEO plugin v27.4 - https:\/\/yoast.com\/product\/yoast-seo-wordpress\/ -->\n<title>\u0412\u0435\u0440\u0435\u0432\u043a\u0438 \u043f\u043e\u0436\u0430\u0440\u043d\u044b\u0435 \u0441\u043f\u0430\u0441\u0430\u0442\u0435\u043b\u044c\u043d\u044b\u0435 \u0412\u041f\u0421-30 - \u041c\u0430\u0433\u0430\u0437\u0438\u043d Xstyle<\/title>\n<meta name=\"description\" content=\"\u0418\u0441\u0441\u043b\u0435\u0434\u0443\u0439\u0442\u0435 \u043f\u043e\u0436\u0430\u0440\u043d\u044b\u0435 \u0441\u043f\u0430\u0441\u0430\u0442\u0435\u043b\u044c\u043d\u044b\u0435 \u0432\u0435\u0440\u0435\u0432\u043a\u0438 \u0412\u041f\u0421-30 \u2014 \u0438\u0434\u0435\u0430\u043b\u044c\u043d\u044b\u0435 \u0434\u043b\u044f \u0441\u043f\u0430\u0441\u0435\u043d\u0438\u044f \u043b\u044e\u0434\u0435\u0439 \u0438 \u0431\u043e\u0440\u044c\u0431\u044b \u0441 \u043f\u043e\u0436\u0430\u0440\u0430\u043c\u0438. \u0412\u044b\u0441\u043e\u043a\u0430\u044f \u043f\u0440\u043e\u0447\u043d\u043e\u0441\u0442\u044c \u0438 \u043d\u0430\u0434\u0435\u0436\u043d\u043e\u0441\u0442\u044c \u0432 \u043b\u044e\u0431\u043e\u0439 \u0441\u0438\u0442\u0443\u0430\u0446\u0438\u0438.\" \/>\n<meta name=\"robots\" content=\"index, follow, max-snippet:-1, max-image-preview:large, max-video-preview:-1\" \/>\n<link rel=\"canonical\" href=\"https:\/\/xstyle.md\/ro\/produs\/verevki-pozharnye-spasatel-nye-vps-30\/\" \/>\n<meta property=\"og:locale\" content=\"ro_RO\" \/>\n<meta property=\"og:type\" content=\"article\" \/>\n<meta property=\"og:title\" content=\"\u0412\u0435\u0440\u0435\u0432\u043a\u0438 \u043f\u043e\u0436\u0430\u0440\u043d\u044b\u0435 \u0441\u043f\u0430\u0441\u0430\u0442\u0435\u043b\u044c\u043d\u044b\u0435 \u0412\u041f\u0421-30 - \u041c\u0430\u0433\u0430\u0437\u0438\u043d Xstyle\" \/>\n<meta property=\"og:description\" content=\"\u0418\u0441\u0441\u043b\u0435\u0434\u0443\u0439\u0442\u0435 \u043f\u043e\u0436\u0430\u0440\u043d\u044b\u0435 \u0441\u043f\u0430\u0441\u0430\u0442\u0435\u043b\u044c\u043d\u044b\u0435 \u0432\u0435\u0440\u0435\u0432\u043a\u0438 \u0412\u041f\u0421-30 \u2014 \u0438\u0434\u0435\u0430\u043b\u044c\u043d\u044b\u0435 \u0434\u043b\u044f \u0441\u043f\u0430\u0441\u0435\u043d\u0438\u044f \u043b\u044e\u0434\u0435\u0439 \u0438 \u0431\u043e\u0440\u044c\u0431\u044b \u0441 \u043f\u043e\u0436\u0430\u0440\u0430\u043c\u0438. \u0412\u044b\u0441\u043e\u043a\u0430\u044f \u043f\u0440\u043e\u0447\u043d\u043e\u0441\u0442\u044c \u0438 \u043d\u0430\u0434\u0435\u0436\u043d\u043e\u0441\u0442\u044c \u0432 \u043b\u044e\u0431\u043e\u0439 \u0441\u0438\u0442\u0443\u0430\u0446\u0438\u0438.\" \/>\n<meta property=\"og:url\" content=\"https:\/\/xstyle.md\/ro\/produs\/verevki-pozharnye-spasatel-nye-vps-30\/\" \/>\n<meta property=\"og:site_name\" content=\"\u041c\u0430\u0433\u0430\u0437\u0438\u043d Xstyle\" \/>\n<meta property=\"article:publisher\" content=\"https:\/\/www.facebook.com\/xstylemd\" \/>\n<meta property=\"article:modified_time\" content=\"2024-10-02T18:18:02+00:00\" \/>\n<meta property=\"og:image\" content=\"https:\/\/xstyle.md\/wp-content\/uploads\/2020\/07\/vps30.jpg\" \/>\n\t<meta property=\"og:image:width\" content=\"350\" \/>\n\t<meta property=\"og:image:height\" content=\"350\" \/>\n\t<meta property=\"og:image:type\" content=\"image\/jpeg\" \/>\n<meta name=\"twitter:card\" content=\"summary_large_image\" \/>\n<meta name=\"twitter:label1\" content=\"Pre\u021b\" \/>\n\t<meta name=\"twitter:data1\" content=\"1.100&nbsp;MDL\" \/>\n\t<meta name=\"twitter:label2\" content=\"Disponibilitate\" \/>\n\t<meta name=\"twitter:data2\" content=\"\u00cen stoc\" \/>\n<script type=\"application\/ld+json\" class=\"yoast-schema-graph\">{\"@context\":\"https:\\\/\\\/schema.org\",\"@graph\":[{\"@type\":\"WebPage\",\"@id\":\"https:\\\/\\\/xstyle.md\\\/product\\\/verevki-pozharnye-spasatel-nye-vps-30\\\/\",\"url\":\"https:\\\/\\\/xstyle.md\\\/product\\\/verevki-pozharnye-spasatel-nye-vps-30\\\/\",\"name\":\"\u0412\u0435\u0440\u0435\u0432\u043a\u0438 \u043f\u043e\u0436\u0430\u0440\u043d\u044b\u0435 \u0441\u043f\u0430\u0441\u0430\u0442\u0435\u043b\u044c\u043d\u044b\u0435 \u0412\u041f\u0421-30 - \u041c\u0430\u0433\u0430\u0437\u0438\u043d Xstyle\",\"isPartOf\":{\"@id\":\"https:\\\/\\\/xstyle.md\\\/#website\"},\"primaryImageOfPage\":{\"@id\":\"https:\\\/\\\/xstyle.md\\\/product\\\/verevki-pozharnye-spasatel-nye-vps-30\\\/#primaryimage\"},\"image\":{\"@id\":\"https:\\\/\\\/xstyle.md\\\/product\\\/verevki-pozharnye-spasatel-nye-vps-30\\\/#primaryimage\"},\"thumbnailUrl\":\"https:\\\/\\\/xstyle.md\\\/wp-content\\\/uploads\\\/2020\\\/07\\\/vps30.jpg\",\"datePublished\":\"2020-07-16T20:25:41+00:00\",\"dateModified\":\"2024-10-02T18:18:02+00:00\",\"description\":\"\u0418\u0441\u0441\u043b\u0435\u0434\u0443\u0439\u0442\u0435 \u043f\u043e\u0436\u0430\u0440\u043d\u044b\u0435 \u0441\u043f\u0430\u0441\u0430\u0442\u0435\u043b\u044c\u043d\u044b\u0435 \u0432\u0435\u0440\u0435\u0432\u043a\u0438 \u0412\u041f\u0421-30 \u2014 \u0438\u0434\u0435\u0430\u043b\u044c\u043d\u044b\u0435 \u0434\u043b\u044f \u0441\u043f\u0430\u0441\u0435\u043d\u0438\u044f \u043b\u044e\u0434\u0435\u0439 \u0438 \u0431\u043e\u0440\u044c\u0431\u044b \u0441 \u043f\u043e\u0436\u0430\u0440\u0430\u043c\u0438. \u0412\u044b\u0441\u043e\u043a\u0430\u044f \u043f\u0440\u043e\u0447\u043d\u043e\u0441\u0442\u044c \u0438 \u043d\u0430\u0434\u0435\u0436\u043d\u043e\u0441\u0442\u044c \u0432 \u043b\u044e\u0431\u043e\u0439 \u0441\u0438\u0442\u0443\u0430\u0446\u0438\u0438.\",\"breadcrumb\":{\"@id\":\"https:\\\/\\\/xstyle.md\\\/product\\\/verevki-pozharnye-spasatel-nye-vps-30\\\/#breadcrumb\"},\"inLanguage\":\"ro-RO\",\"potentialAction\":[{\"@type\":\"ReadAction\",\"target\":[\"https:\\\/\\\/xstyle.md\\\/product\\\/verevki-pozharnye-spasatel-nye-vps-30\\\/\"]}]},{\"@type\":\"ImageObject\",\"inLanguage\":\"ro-RO\",\"@id\":\"https:\\\/\\\/xstyle.md\\\/product\\\/verevki-pozharnye-spasatel-nye-vps-30\\\/#primaryimage\",\"url\":\"https:\\\/\\\/xstyle.md\\\/wp-content\\\/uploads\\\/2020\\\/07\\\/vps30.jpg\",\"contentUrl\":\"https:\\\/\\\/xstyle.md\\\/wp-content\\\/uploads\\\/2020\\\/07\\\/vps30.jpg\",\"width\":350,\"height\":350},{\"@type\":\"BreadcrumbList\",\"@id\":\"https:\\\/\\\/xstyle.md\\\/product\\\/verevki-pozharnye-spasatel-nye-vps-30\\\/#breadcrumb\",\"itemListElement\":[{\"@type\":\"ListItem\",\"position\":1,\"name\":\"\u0413\u043b\u0430\u0432\u043d\u0430\u044f \u0441\u0442\u0440\u0430\u043d\u0438\u0446\u0430\",\"item\":\"https:\\\/\\\/xstyle.md\\\/\"},{\"@type\":\"ListItem\",\"position\":2,\"name\":\"\u041c\u0430\u0433\u0430\u0437\u0438\u043d\",\"item\":\"https:\\\/\\\/xstyle.md\\\/shop\\\/\"},{\"@type\":\"ListItem\",\"position\":3,\"name\":\"\u0412\u0435\u0440\u0435\u0432\u043a\u0438 \u043f\u043e\u0436\u0430\u0440\u043d\u044b\u0435 \u0441\u043f\u0430\u0441\u0430\u0442\u0435\u043b\u044c\u043d\u044b\u0435 \u0412\u041f\u0421-30\"}]},{\"@type\":\"WebSite\",\"@id\":\"https:\\\/\\\/xstyle.md\\\/#website\",\"url\":\"https:\\\/\\\/xstyle.md\\\/\",\"name\":\"\u041c\u0430\u0433\u0430\u0437\u0438\u043d Xstyle\",\"description\":\"C\u043d\u0430\u0440\u044f\u0436\u0435\u043d\u0438\u0435 \u0434\u043b\u044f \u0442\u0443\u0440\u0438\u0437\u043c\u0430 \u0438 \u044d\u043a\u0441\u0442\u0440\u0435\u043c\u0430\u043b\u044c\u043d\u044b\u0445 \u0432\u0438\u0434\u043e\u0432 \u0441\u043f\u043e\u0440\u0442\u0430 \u0432 \u041c\u043e\u043b\u0434\u043e\u0432\u0435.. \u0426\u0435\u043d\u044b, \u0444\u043e\u0442\u043e, \u0445\u0430\u0440\u0430\u043a\u0442\u0435\u0440\u0438\u0441\u0442\u0438\u043a\u0438 \u0432 \u041c\u043e\u043b\u0434\u043e\u0432\u0435.\",\"publisher\":{\"@id\":\"https:\\\/\\\/xstyle.md\\\/#organization\"},\"alternateName\":\"X-Style\",\"potentialAction\":[{\"@type\":\"SearchAction\",\"target\":{\"@type\":\"EntryPoint\",\"urlTemplate\":\"https:\\\/\\\/xstyle.md\\\/?s={search_term_string}\"},\"query-input\":{\"@type\":\"PropertyValueSpecification\",\"valueRequired\":true,\"valueName\":\"search_term_string\"}}],\"inLanguage\":\"ro-RO\"},{\"@type\":\"Organization\",\"@id\":\"https:\\\/\\\/xstyle.md\\\/#organization\",\"name\":\"\u041c\u0430\u0433\u0430\u0437\u0438\u043d Xstyle\",\"alternateName\":\"x-style\",\"url\":\"https:\\\/\\\/xstyle.md\\\/\",\"logo\":{\"@type\":\"ImageObject\",\"inLanguage\":\"ro-RO\",\"@id\":\"https:\\\/\\\/xstyle.md\\\/#\\\/schema\\\/logo\\\/image\\\/\",\"url\":\"https:\\\/\\\/xstyle.md\\\/wp-content\\\/uploads\\\/2020\\\/06\\\/logoicon.svg\",\"contentUrl\":\"https:\\\/\\\/xstyle.md\\\/wp-content\\\/uploads\\\/2020\\\/06\\\/logoicon.svg\",\"caption\":\"\u041c\u0430\u0433\u0430\u0437\u0438\u043d Xstyle\"},\"image\":{\"@id\":\"https:\\\/\\\/xstyle.md\\\/#\\\/schema\\\/logo\\\/image\\\/\"},\"sameAs\":[\"https:\\\/\\\/www.facebook.com\\\/xstylemd\",\"https:\\\/\\\/www.instagram.com\\\/xstyle_md\\\/\",\"https:\\\/\\\/t.me\\\/xstyle_outdoor\"],\"hasMerchantReturnPolicy\":{\"@type\":\"MerchantReturnPolicy\",\"merchantReturnLink\":\"https:\\\/\\\/xstyle.md\\\/ro\\\/conditions\\\/\"}}]}<\/script>\n<meta property=\"product:price:amount\" content=\"1100.00\" \/>\n<meta property=\"product:price:currency\" content=\"MDL\" \/>\n<meta property=\"og:availability\" content=\"instock\" \/>\n<meta property=\"product:availability\" content=\"instock\" \/>\n<meta property=\"product:retailer_item_id\" content=\"2050000003271\" \/>\n<meta property=\"product:condition\" content=\"new\" \/>\n<!-- \/ Yoast SEO plugin. -->","yoast_head_json":{"title":"Corzi de salvare (30 m) - Magazin Xstyle","description":"Explora\u021bi fr\u00e2nghiile de salvare pentru pompieri VPS-30 \u2014 perfecte pentru salvarea oamenilor \u0219i lupta \u00eempotriva incendiilor. Rezisten\u021b\u0103 \u0219i fiabilitate ridicat\u0103 \u00een orice situa\u021bie.","robots":{"index":"index","follow":"follow","max-snippet":"max-snippet:-1","max-image-preview":"max-image-preview:large","max-video-preview":"max-video-preview:-1"},"canonical":"https:\/\/xstyle.md\/ro\/produs\/verevki-pozharnye-spasatel-nye-vps-30\/","og_locale":"ro_RO","og_type":"article","og_title":"\u0412\u0435\u0440\u0435\u0432\u043a\u0438 \u043f\u043e\u0436\u0430\u0440\u043d\u044b\u0435 \u0441\u043f\u0430\u0441\u0430\u0442\u0435\u043b\u044c\u043d\u044b\u0435 \u0412\u041f\u0421-30 - \u041c\u0430\u0433\u0430\u0437\u0438\u043d Xstyle","og_description":"\u0418\u0441\u0441\u043b\u0435\u0434\u0443\u0439\u0442\u0435 \u043f\u043e\u0436\u0430\u0440\u043d\u044b\u0435 \u0441\u043f\u0430\u0441\u0430\u0442\u0435\u043b\u044c\u043d\u044b\u0435 \u0432\u0435\u0440\u0435\u0432\u043a\u0438 \u0412\u041f\u0421-30 \u2014 \u0438\u0434\u0435\u0430\u043b\u044c\u043d\u044b\u0435 \u0434\u043b\u044f \u0441\u043f\u0430\u0441\u0435\u043d\u0438\u044f \u043b\u044e\u0434\u0435\u0439 \u0438 \u0431\u043e\u0440\u044c\u0431\u044b \u0441 \u043f\u043e\u0436\u0430\u0440\u0430\u043c\u0438. \u0412\u044b\u0441\u043e\u043a\u0430\u044f \u043f\u0440\u043e\u0447\u043d\u043e\u0441\u0442\u044c \u0438 \u043d\u0430\u0434\u0435\u0436\u043d\u043e\u0441\u0442\u044c \u0432 \u043b\u044e\u0431\u043e\u0439 \u0441\u0438\u0442\u0443\u0430\u0446\u0438\u0438.","og_url":"https:\/\/xstyle.md\/ro\/produs\/verevki-pozharnye-spasatel-nye-vps-30\/","og_site_name":"\u041c\u0430\u0433\u0430\u0437\u0438\u043d Xstyle","article_publisher":"https:\/\/www.facebook.com\/xstylemd","article_modified_time":"2024-10-02T18:18:02+00:00","og_image":[{"width":350,"height":350,"url":"https:\/\/xstyle.md\/wp-content\/uploads\/2020\/07\/vps30.jpg","type":"image\/jpeg"}],"twitter_card":"summary_large_image","twitter_misc":{"Pre\u021b":"1.100&nbsp;MDL","Disponibilitate":"\u00cen stoc"},"schema":{"@context":"https:\/\/schema.org","@graph":[{"@type":"WebPage","@id":"https:\/\/xstyle.md\/product\/verevki-pozharnye-spasatel-nye-vps-30\/","url":"https:\/\/xstyle.md\/product\/verevki-pozharnye-spasatel-nye-vps-30\/","name":"Corzi de salvare (30 m) - Magazin Xstyle","isPartOf":{"@id":"https:\/\/xstyle.md\/#website"},"primaryImageOfPage":{"@id":"https:\/\/xstyle.md\/product\/verevki-pozharnye-spasatel-nye-vps-30\/#primaryimage"},"image":{"@id":"https:\/\/xstyle.md\/product\/verevki-pozharnye-spasatel-nye-vps-30\/#primaryimage"},"thumbnailUrl":"https:\/\/xstyle.md\/wp-content\/uploads\/2020\/07\/vps30.jpg","datePublished":"2020-07-16T20:25:41+00:00","dateModified":"2024-10-02T18:18:02+00:00","description":"Explora\u021bi fr\u00e2nghiile de salvare pentru pompieri VPS-30 \u2014 perfecte pentru salvarea oamenilor \u0219i lupta \u00eempotriva incendiilor. Rezisten\u021b\u0103 \u0219i fiabilitate ridicat\u0103 \u00een orice situa\u021bie.","breadcrumb":{"@id":"https:\/\/xstyle.md\/product\/verevki-pozharnye-spasatel-nye-vps-30\/#breadcrumb"},"inLanguage":"ro-RO","potentialAction":[{"@type":"ReadAction","target":["https:\/\/xstyle.md\/product\/verevki-pozharnye-spasatel-nye-vps-30\/"]}]},{"@type":"ImageObject","inLanguage":"ro-RO","@id":"https:\/\/xstyle.md\/product\/verevki-pozharnye-spasatel-nye-vps-30\/#primaryimage","url":"https:\/\/xstyle.md\/wp-content\/uploads\/2020\/07\/vps30.jpg","contentUrl":"https:\/\/xstyle.md\/wp-content\/uploads\/2020\/07\/vps30.jpg","width":350,"height":350},{"@type":"BreadcrumbList","@id":"https:\/\/xstyle.md\/product\/verevki-pozharnye-spasatel-nye-vps-30\/#breadcrumb","itemListElement":[{"@type":"ListItem","position":1,"name":"\u0413\u043b\u0430\u0432\u043d\u0430\u044f \u0441\u0442\u0440\u0430\u043d\u0438\u0446\u0430","item":"https:\/\/xstyle.md\/"},{"@type":"ListItem","position":2,"name":"\u041c\u0430\u0433\u0430\u0437\u0438\u043d","item":"https:\/\/xstyle.md\/shop\/"},{"@type":"ListItem","position":3,"name":"\u0412\u0435\u0440\u0435\u0432\u043a\u0438 \u043f\u043e\u0436\u0430\u0440\u043d\u044b\u0435 \u0441\u043f\u0430\u0441\u0430\u0442\u0435\u043b\u044c\u043d\u044b\u0435 \u0412\u041f\u0421-30"}]},{"@type":"WebSite","@id":"https:\/\/xstyle.md\/#website","url":"https:\/\/xstyle.md\/","name":"Magazinul X-Style","description":"Echipamente pentru turism \u0219i sporturi extreme \u00een Moldova. Pre\u021buri, fotografii, caracteristici \u00een Moldova.","publisher":{"@id":"https:\/\/xstyle.md\/#organization"},"alternateName":"X-Style","potentialAction":[{"@type":"SearchAction","target":{"@type":"EntryPoint","urlTemplate":"https:\/\/xstyle.md\/?s={search_term_string}"},"query-input":{"@type":"PropertyValueSpecification","valueRequired":true,"valueName":"search_term_string"}}],"inLanguage":"ro-RO"},{"@type":"Organization","@id":"https:\/\/xstyle.md\/#organization","name":"Magazinul X-Style","alternateName":"x-style","url":"https:\/\/xstyle.md\/","logo":{"@type":"ImageObject","inLanguage":"ro-RO","@id":"https:\/\/xstyle.md\/#\/schema\/logo\/image\/","url":"https:\/\/xstyle.md\/wp-content\/uploads\/2020\/06\/logoicon.svg","contentUrl":"https:\/\/xstyle.md\/wp-content\/uploads\/2020\/06\/logoicon.svg","caption":"\u041c\u0430\u0433\u0430\u0437\u0438\u043d Xstyle"},"image":{"@id":"https:\/\/xstyle.md\/#\/schema\/logo\/image\/"},"sameAs":["https:\/\/www.facebook.com\/xstylemd","https:\/\/www.instagram.com\/xstyle_md\/","https:\/\/t.me\/xstyle_outdoor"],"hasMerchantReturnPolicy":{"@type":"MerchantReturnPolicy","merchantReturnLink":"https:\/\/xstyle.md\/ro\/conditions\/"}}]},"product_price_amount":"1100.00","product_price_currency":"MDL","og_availability":"instock","product_availability":"instock","product_retailer_item_id":"2050000003271","product_condition":"new"},"_links":{"self":[{"href":"https:\/\/xstyle.md\/ro\/wp-json\/wp\/v2\/product\/8176","targetHints":{"allow":["GET"]}}],"collection":[{"href":"https:\/\/xstyle.md\/ro\/wp-json\/wp\/v2\/product"}],"about":[{"href":"https:\/\/xstyle.md\/ro\/wp-json\/wp\/v2\/types\/product"}],"replies":[{"embeddable":true,"href":"https:\/\/xstyle.md\/ro\/wp-json\/wp\/v2\/comments?post=8176"}],"wp:featuredmedia":[{"embeddable":true,"href":"https:\/\/xstyle.md\/ro\/wp-json\/wp\/v2\/media\/8175"}],"wp:attachment":[{"href":"https:\/\/xstyle.md\/ro\/wp-json\/wp\/v2\/media?parent=8176"}],"wp:term":[{"taxonomy":"product_brand","embeddable":true,"href":"https:\/\/xstyle.md\/ro\/wp-json\/wp\/v2\/product_brand?post=8176"},{"taxonomy":"product_cat","embeddable":true,"href":"https:\/\/xstyle.md\/ro\/wp-json\/wp\/v2\/product_cat?post=8176"},{"taxonomy":"product_tag","embeddable":true,"href":"https:\/\/xstyle.md\/ro\/wp-json\/wp\/v2\/product_tag?post=8176"}],"curies":[{"name":"wp","href":"https:\/\/api.w.org\/{rel}","templated":true}]}}