{"id":8152,"date":"2020-07-16T23:24:45","date_gmt":"2020-07-16T20:24:45","guid":{"rendered":"https:\/\/xstyle.md\/product\/chehol-ot-dozhdja-pinguin-raincover-s-15-35-l"},"modified":"2025-03-29T21:27:59","modified_gmt":"2025-03-29T18:27:59","slug":"chehol-ot-dozhdja-pinguin-raincover-s-15-35-l","status":"publish","type":"product","link":"https:\/\/dev.xstyle.md\/ro\/produs\/chehol-ot-dozhdja-pinguin-raincover-s-15-35-l\/","title":{"rendered":"Hus\u0103 protectoare rucsac Pinguin Raincover S 15-35 l"},"content":{"rendered":"<\/p>\n<p><strong>Hus\u0103 protec\u021bie rucsac Pinguin Raincover S 15-35 l\u00a0<\/strong>v\u0103 protejeaz\u0103 rucsacul de ploaie, noroi \u0219i z\u0103pad\u0103. Modelul are o str\u00e2ngere elastic\u0103 \u00een jurul perimetrului pentru o fixare sigur\u0103. Pelerina se pliaz\u0103 compact \u00eentr-o mic\u0103 geant\u0103 de transport. Decorat\u0103 cu logo reflectorizant. Poate fi utilizat\u0103 at\u00e2t cu rucsacurile Pinguin, c\u00e2t \u0219i cu cele de alte m\u0103rci.<\/p>\n<h3>Particularit\u0103\u021bi<\/h3>\n<ul>\n<li>\u0218nur elastic cu opritor<\/li>\n<li>Model reflectorizant<\/li>\n<li>Pung\u0103 special\u0103 pentru ambalare<\/li>\n<li>Construc\u021bie f\u0103r\u0103 cus\u0103turi<\/li>\n<li>Se ata\u0219eaz\u0103 cu benzi elastice la centura de talie<\/li>\n<\/ul>\n<h3>Caracteristici<\/h3>\n<ul>\n<li>Material &#8212; Nylon<\/li>\n<li>Dimensiuni &#8212; 8 x 12,5 cm<\/li>\n<li>Volum &#8212; 15:35 litri<\/li>\n<li>Greutate &#8212; 74 g<\/li>\n<\/ul>\n<h3>Tehnologie<\/h3>\n<ul>\n<li><strong>Nylon<\/strong> &#8212; tes\u0103tura este apreciat\u0103 pentru greutatea sa redus\u0103, rezisten\u021ba foarte mare la trac\u021biune \u0219i rezisten\u021ba la deteriorare. \u00ce\u0219i p\u0103streaz\u0103 bine forma, iar articolele de \u00eembr\u0103c\u0103minte din nailon rezist\u0103 mult timp cu o \u00eengrijire corespunz\u0103toare. Datorit\u0103 netezimii fibrelor sale, acest material este foarte u\u0219or de sp\u0103lat &#8212; toat\u0103 murd\u0103ria este \u00eendep\u0103rtat\u0103 f\u0103r\u0103 prea mult efort, iar detergen\u021bii nu se depun pe \u021bes\u0103tur\u0103. Nailonul poate fi sp\u0103lat \u0219i \u00een ap\u0103 rece.<\/li>\n<\/ul>\n<h3>Marca<\/h3>\n<p>Pinguin este cea mai experimentat\u0103 companie ceh\u0103 produc\u0103toare de echipamente outdoor, primele produse fiind lansate pe pia\u021b\u0103 \u00een 1989. Echipamentul Pinguin a fost folosit de multe ori de alpini\u0219ti \u0219i c\u0103l\u0103tori celebri \u00een cucerirea celor mai \u00eenalte v\u00e2rfuri montane din lume.<\/p>\n<p>Compania a fost numit\u0103 dup\u0103 o pas\u0103re care tr\u0103ie\u0219te \u00een gerurile aspre din Antarctica, fiind specializat\u0103 \u00een echipamente de c\u0103l\u0103torie care vor oferi tuturor iubitorilor de activit\u0103\u021bi \u00een aer liber confort \u0219i c\u0103ldur\u0103 \u00een frigul iernii sau pe calota glaciar\u0103 a v\u00e2rfurilor montane.<\/p>\n<p><\/p>","protected":false},"excerpt":{"rendered":"<p>Hus\u0103 protectoare rucsac Pinguin Raincover S 15-35 l<\/p>","protected":false},"featured_media":8151,"comment_status":"open","ping_status":"closed","template":"","meta":{"_acf_changed":false,"inline_featured_image":false},"product_brand":[1263],"product_cat":[132],"product_tag":[],"class_list":{"0":"post-8152","1":"product","2":"type-product","3":"status-publish","4":"has-post-thumbnail","6":"product_brand-pinguin","7":"product_cat-raincover","9":"first","10":"instock","11":"shipping-taxable","12":"purchasable","13":"product-type-simple"},"acf":[],"yoast_head":"<!-- This site is optimized with the Yoast SEO plugin v27.5 - https:\/\/yoast.com\/product\/yoast-seo-wordpress\/ -->\n<title>\u0427\u0435\u0445\u043e\u043b \u043e\u0442 \u0434\u043e\u0436\u0434\u044f Pinguin Raincover S 15-35 l - \u041c\u0430\u0433\u0430\u0437\u0438\u043d Xstyle<\/title>\n<meta name=\"description\" content=\"\u0417\u0430\u0449\u0438\u0442\u0438\u0442\u0435 \u0440\u044e\u043a\u0437\u0430\u043a \u043e\u0442 \u0434\u043e\u0436\u0434\u044f \u0438 \u0433\u0440\u044f\u0437\u0438 \u0441 \u0447\u0435\u0445\u043b\u043e\u043c Pinguin Raincover S 15-35 \u043b. \u041b\u0435\u0433\u043a\u0438\u0439 \u0438 \u043a\u043e\u043c\u043f\u0430\u043a\u0442\u043d\u044b\u0439, \u0438\u0434\u0435\u0430\u043b\u044c\u043d\u043e \u043f\u043e\u0434\u0445\u043e\u0434\u0438\u0442 \u0434\u043b\u044f \u0430\u043a\u0442\u0438\u0432\u043d\u043e\u0433\u043e \u043e\u0442\u0434\u044b\u0445\u0430.\" \/>\n<meta name=\"robots\" content=\"noindex, follow, max-snippet:-1, max-image-preview:large, max-video-preview:-1\" \/>\n<meta property=\"og:locale\" content=\"ro_RO\" \/>\n<meta property=\"og:type\" content=\"article\" \/>\n<meta property=\"og:title\" content=\"\u0427\u0435\u0445\u043e\u043b \u043e\u0442 \u0434\u043e\u0436\u0434\u044f Pinguin Raincover S 15-35 l - \u041c\u0430\u0433\u0430\u0437\u0438\u043d Xstyle\" \/>\n<meta property=\"og:description\" content=\"\u0417\u0430\u0449\u0438\u0442\u0438\u0442\u0435 \u0440\u044e\u043a\u0437\u0430\u043a \u043e\u0442 \u0434\u043e\u0436\u0434\u044f \u0438 \u0433\u0440\u044f\u0437\u0438 \u0441 \u0447\u0435\u0445\u043b\u043e\u043c Pinguin Raincover S 15-35 \u043b. \u041b\u0435\u0433\u043a\u0438\u0439 \u0438 \u043a\u043e\u043c\u043f\u0430\u043a\u0442\u043d\u044b\u0439, \u0438\u0434\u0435\u0430\u043b\u044c\u043d\u043e \u043f\u043e\u0434\u0445\u043e\u0434\u0438\u0442 \u0434\u043b\u044f \u0430\u043a\u0442\u0438\u0432\u043d\u043e\u0433\u043e \u043e\u0442\u0434\u044b\u0445\u0430.\" \/>\n<meta property=\"og:url\" content=\"https:\/\/dev.xstyle.md\/ro\/produs\/chehol-ot-dozhdja-pinguin-raincover-s-15-35-l\/\" \/>\n<meta property=\"og:site_name\" content=\"\u041c\u0430\u0433\u0430\u0437\u0438\u043d Xstyle\" \/>\n<meta property=\"article:publisher\" content=\"https:\/\/www.facebook.com\/xstylemd\" \/>\n<meta property=\"article:modified_time\" content=\"2025-03-29T18:27:59+00:00\" \/>\n<meta property=\"og:image\" content=\"https:\/\/dev.xstyle.md\/wp-content\/uploads\/2020\/07\/pinguin_raincover_1_1.jpg\" \/>\n\t<meta property=\"og:image:width\" content=\"449\" \/>\n\t<meta property=\"og:image:height\" content=\"449\" \/>\n\t<meta property=\"og:image:type\" content=\"image\/jpeg\" \/>\n<meta name=\"twitter:card\" content=\"summary_large_image\" \/>\n<meta name=\"twitter:label1\" content=\"Pre\u021b\" \/>\n\t<meta name=\"twitter:data1\" content=\"295,00&nbsp;MDL\" \/>\n\t<meta name=\"twitter:label2\" content=\"Disponibilitate\" \/>\n\t<meta name=\"twitter:data2\" content=\"\u00cen stoc\" \/>\n<script type=\"application\/ld+json\" class=\"yoast-schema-graph\">{\"@context\":\"https:\\\/\\\/schema.org\",\"@graph\":[{\"@type\":\"WebPage\",\"@id\":\"https:\\\/\\\/dev.xstyle.md\\\/product\\\/chehol-ot-dozhdja-pinguin-raincover-s-15-35-l\\\/\",\"url\":\"https:\\\/\\\/dev.xstyle.md\\\/product\\\/chehol-ot-dozhdja-pinguin-raincover-s-15-35-l\\\/\",\"name\":\"\u0427\u0435\u0445\u043e\u043b \u043e\u0442 \u0434\u043e\u0436\u0434\u044f Pinguin Raincover S 15-35 l - \u041c\u0430\u0433\u0430\u0437\u0438\u043d Xstyle\",\"isPartOf\":{\"@id\":\"https:\\\/\\\/dev.xstyle.md\\\/#website\"},\"primaryImageOfPage\":{\"@id\":\"https:\\\/\\\/dev.xstyle.md\\\/product\\\/chehol-ot-dozhdja-pinguin-raincover-s-15-35-l\\\/#primaryimage\"},\"image\":{\"@id\":\"https:\\\/\\\/dev.xstyle.md\\\/product\\\/chehol-ot-dozhdja-pinguin-raincover-s-15-35-l\\\/#primaryimage\"},\"thumbnailUrl\":\"https:\\\/\\\/dev.xstyle.md\\\/wp-content\\\/uploads\\\/2020\\\/07\\\/pinguin_raincover_1_1.jpg\",\"datePublished\":\"2020-07-16T20:24:45+00:00\",\"dateModified\":\"2025-03-29T18:27:59+00:00\",\"description\":\"\u0417\u0430\u0449\u0438\u0442\u0438\u0442\u0435 \u0440\u044e\u043a\u0437\u0430\u043a \u043e\u0442 \u0434\u043e\u0436\u0434\u044f \u0438 \u0433\u0440\u044f\u0437\u0438 \u0441 \u0447\u0435\u0445\u043b\u043e\u043c Pinguin Raincover S 15-35 \u043b. \u041b\u0435\u0433\u043a\u0438\u0439 \u0438 \u043a\u043e\u043c\u043f\u0430\u043a\u0442\u043d\u044b\u0439, \u0438\u0434\u0435\u0430\u043b\u044c\u043d\u043e \u043f\u043e\u0434\u0445\u043e\u0434\u0438\u0442 \u0434\u043b\u044f \u0430\u043a\u0442\u0438\u0432\u043d\u043e\u0433\u043e \u043e\u0442\u0434\u044b\u0445\u0430.\",\"breadcrumb\":{\"@id\":\"https:\\\/\\\/dev.xstyle.md\\\/product\\\/chehol-ot-dozhdja-pinguin-raincover-s-15-35-l\\\/#breadcrumb\"},\"inLanguage\":\"ro-RO\",\"potentialAction\":[{\"@type\":\"ReadAction\",\"target\":[\"https:\\\/\\\/dev.xstyle.md\\\/product\\\/chehol-ot-dozhdja-pinguin-raincover-s-15-35-l\\\/\"]}]},{\"@type\":\"ImageObject\",\"inLanguage\":\"ro-RO\",\"@id\":\"https:\\\/\\\/dev.xstyle.md\\\/product\\\/chehol-ot-dozhdja-pinguin-raincover-s-15-35-l\\\/#primaryimage\",\"url\":\"https:\\\/\\\/dev.xstyle.md\\\/wp-content\\\/uploads\\\/2020\\\/07\\\/pinguin_raincover_1_1.jpg\",\"contentUrl\":\"https:\\\/\\\/dev.xstyle.md\\\/wp-content\\\/uploads\\\/2020\\\/07\\\/pinguin_raincover_1_1.jpg\",\"width\":449,\"height\":449},{\"@type\":\"BreadcrumbList\",\"@id\":\"https:\\\/\\\/dev.xstyle.md\\\/product\\\/chehol-ot-dozhdja-pinguin-raincover-s-15-35-l\\\/#breadcrumb\",\"itemListElement\":[{\"@type\":\"ListItem\",\"position\":1,\"name\":\"\u0413\u043b\u0430\u0432\u043d\u0430\u044f \u0441\u0442\u0440\u0430\u043d\u0438\u0446\u0430\",\"item\":\"https:\\\/\\\/dev.xstyle.md\\\/\"},{\"@type\":\"ListItem\",\"position\":2,\"name\":\"Shop\",\"item\":\"https:\\\/\\\/dev.xstyle.md\\\/shop\\\/\"},{\"@type\":\"ListItem\",\"position\":3,\"name\":\"\u0427\u0435\u0445\u043e\u043b \u043e\u0442 \u0434\u043e\u0436\u0434\u044f Pinguin Raincover S 15-35 l\"}]},{\"@type\":\"WebSite\",\"@id\":\"https:\\\/\\\/dev.xstyle.md\\\/#website\",\"url\":\"https:\\\/\\\/dev.xstyle.md\\\/\",\"name\":\"\u041c\u0430\u0433\u0430\u0437\u0438\u043d Xstyle\",\"description\":\"C\u043d\u0430\u0440\u044f\u0436\u0435\u043d\u0438\u0435 \u0434\u043b\u044f \u0442\u0443\u0440\u0438\u0437\u043c\u0430 \u0438 \u044d\u043a\u0441\u0442\u0440\u0435\u043c\u0430\u043b\u044c\u043d\u044b\u0445 \u0432\u0438\u0434\u043e\u0432 \u0441\u043f\u043e\u0440\u0442\u0430 \u0432 \u041c\u043e\u043b\u0434\u043e\u0432\u0435.. \u0426\u0435\u043d\u044b, \u0444\u043e\u0442\u043e, \u0445\u0430\u0440\u0430\u043a\u0442\u0435\u0440\u0438\u0441\u0442\u0438\u043a\u0438 \u0432 \u041c\u043e\u043b\u0434\u043e\u0432\u0435.\",\"publisher\":{\"@id\":\"https:\\\/\\\/dev.xstyle.md\\\/#organization\"},\"alternateName\":\"X-Style\",\"potentialAction\":[{\"@type\":\"SearchAction\",\"target\":{\"@type\":\"EntryPoint\",\"urlTemplate\":\"https:\\\/\\\/dev.xstyle.md\\\/?s={search_term_string}\"},\"query-input\":{\"@type\":\"PropertyValueSpecification\",\"valueRequired\":true,\"valueName\":\"search_term_string\"}}],\"inLanguage\":\"ro-RO\"},{\"@type\":\"Organization\",\"@id\":\"https:\\\/\\\/dev.xstyle.md\\\/#organization\",\"name\":\"\u041c\u0430\u0433\u0430\u0437\u0438\u043d Xstyle\",\"alternateName\":\"x-style\",\"url\":\"https:\\\/\\\/dev.xstyle.md\\\/\",\"logo\":{\"@type\":\"ImageObject\",\"inLanguage\":\"ro-RO\",\"@id\":\"https:\\\/\\\/dev.xstyle.md\\\/#\\\/schema\\\/logo\\\/image\\\/\",\"url\":\"https:\\\/\\\/dev.xstyle.md\\\/wp-content\\\/uploads\\\/2020\\\/06\\\/logoicon.svg\",\"contentUrl\":\"https:\\\/\\\/dev.xstyle.md\\\/wp-content\\\/uploads\\\/2020\\\/06\\\/logoicon.svg\",\"caption\":\"\u041c\u0430\u0433\u0430\u0437\u0438\u043d Xstyle\"},\"image\":{\"@id\":\"https:\\\/\\\/dev.xstyle.md\\\/#\\\/schema\\\/logo\\\/image\\\/\"},\"sameAs\":[\"https:\\\/\\\/www.facebook.com\\\/xstylemd\",\"https:\\\/\\\/www.instagram.com\\\/xstyle_md\\\/\",\"https:\\\/\\\/t.me\\\/xstyle_outdoor\"],\"hasMerchantReturnPolicy\":{\"@type\":\"MerchantReturnPolicy\",\"merchantReturnLink\":\"https:\\\/\\\/dev.xstyle.md\\\/ro\\\/conditions\\\/\"}}]}<\/script>\n<meta property=\"product:price:amount\" content=\"295.00\" \/>\n<meta property=\"product:price:currency\" content=\"MDL\" \/>\n<meta property=\"og:availability\" content=\"instock\" \/>\n<meta property=\"product:availability\" content=\"instock\" \/>\n<meta property=\"product:retailer_item_id\" content=\"8592638310016\" \/>\n<meta property=\"product:condition\" content=\"new\" \/>\n<!-- \/ Yoast SEO plugin. -->","yoast_head_json":{"title":"Hus\u0103 protec\u021bie rucsac Pinguin Raincover S 15-35 l - Magazin Xstyle","description":"Proteja\u021bi rucsacul de ploaie \u0219i murd\u0103rie cu husa Pinguin Raincover S de 15-35 l. U\u0219oar\u0103 \u0219i compact\u0103, este perfect\u0103 pentru activit\u0103\u021bi \u00een aer liber.","robots":{"index":"noindex","follow":"follow","max-snippet":"max-snippet:-1","max-image-preview":"max-image-preview:large","max-video-preview":"max-video-preview:-1"},"og_locale":"ro_RO","og_type":"article","og_title":"\u0427\u0435\u0445\u043e\u043b \u043e\u0442 \u0434\u043e\u0436\u0434\u044f Pinguin Raincover S 15-35 l - \u041c\u0430\u0433\u0430\u0437\u0438\u043d Xstyle","og_description":"\u0417\u0430\u0449\u0438\u0442\u0438\u0442\u0435 \u0440\u044e\u043a\u0437\u0430\u043a \u043e\u0442 \u0434\u043e\u0436\u0434\u044f \u0438 \u0433\u0440\u044f\u0437\u0438 \u0441 \u0447\u0435\u0445\u043b\u043e\u043c Pinguin Raincover S 15-35 \u043b. \u041b\u0435\u0433\u043a\u0438\u0439 \u0438 \u043a\u043e\u043c\u043f\u0430\u043a\u0442\u043d\u044b\u0439, \u0438\u0434\u0435\u0430\u043b\u044c\u043d\u043e \u043f\u043e\u0434\u0445\u043e\u0434\u0438\u0442 \u0434\u043b\u044f \u0430\u043a\u0442\u0438\u0432\u043d\u043e\u0433\u043e \u043e\u0442\u0434\u044b\u0445\u0430.","og_url":"https:\/\/dev.xstyle.md\/ro\/produs\/chehol-ot-dozhdja-pinguin-raincover-s-15-35-l\/","og_site_name":"\u041c\u0430\u0433\u0430\u0437\u0438\u043d Xstyle","article_publisher":"https:\/\/www.facebook.com\/xstylemd","article_modified_time":"2025-03-29T18:27:59+00:00","og_image":[{"width":449,"height":449,"url":"https:\/\/dev.xstyle.md\/wp-content\/uploads\/2020\/07\/pinguin_raincover_1_1.jpg","type":"image\/jpeg"}],"twitter_card":"summary_large_image","twitter_misc":{"Pre\u021b":"295,00&nbsp;MDL","Disponibilitate":"\u00cen stoc"},"schema":{"@context":"https:\/\/schema.org","@graph":[{"@type":"WebPage","@id":"https:\/\/dev.xstyle.md\/product\/chehol-ot-dozhdja-pinguin-raincover-s-15-35-l\/","url":"https:\/\/dev.xstyle.md\/product\/chehol-ot-dozhdja-pinguin-raincover-s-15-35-l\/","name":"Hus\u0103 protec\u021bie rucsac Pinguin Raincover S 15-35 l - Magazin Xstyle","isPartOf":{"@id":"https:\/\/dev.xstyle.md\/#website"},"primaryImageOfPage":{"@id":"https:\/\/dev.xstyle.md\/product\/chehol-ot-dozhdja-pinguin-raincover-s-15-35-l\/#primaryimage"},"image":{"@id":"https:\/\/dev.xstyle.md\/product\/chehol-ot-dozhdja-pinguin-raincover-s-15-35-l\/#primaryimage"},"thumbnailUrl":"https:\/\/dev.xstyle.md\/wp-content\/uploads\/2020\/07\/pinguin_raincover_1_1.jpg","datePublished":"2020-07-16T20:24:45+00:00","dateModified":"2025-03-29T18:27:59+00:00","description":"Proteja\u021bi rucsacul de ploaie \u0219i murd\u0103rie cu husa Pinguin Raincover S de 15-35 l. U\u0219oar\u0103 \u0219i compact\u0103, este perfect\u0103 pentru activit\u0103\u021bi \u00een aer liber.","breadcrumb":{"@id":"https:\/\/dev.xstyle.md\/product\/chehol-ot-dozhdja-pinguin-raincover-s-15-35-l\/#breadcrumb"},"inLanguage":"ro-RO","potentialAction":[{"@type":"ReadAction","target":["https:\/\/dev.xstyle.md\/product\/chehol-ot-dozhdja-pinguin-raincover-s-15-35-l\/"]}]},{"@type":"ImageObject","inLanguage":"ro-RO","@id":"https:\/\/dev.xstyle.md\/product\/chehol-ot-dozhdja-pinguin-raincover-s-15-35-l\/#primaryimage","url":"https:\/\/dev.xstyle.md\/wp-content\/uploads\/2020\/07\/pinguin_raincover_1_1.jpg","contentUrl":"https:\/\/dev.xstyle.md\/wp-content\/uploads\/2020\/07\/pinguin_raincover_1_1.jpg","width":449,"height":449},{"@type":"BreadcrumbList","@id":"https:\/\/dev.xstyle.md\/product\/chehol-ot-dozhdja-pinguin-raincover-s-15-35-l\/#breadcrumb","itemListElement":[{"@type":"ListItem","position":1,"name":"\u0413\u043b\u0430\u0432\u043d\u0430\u044f \u0441\u0442\u0440\u0430\u043d\u0438\u0446\u0430","item":"https:\/\/dev.xstyle.md\/"},{"@type":"ListItem","position":2,"name":"Shop","item":"https:\/\/dev.xstyle.md\/shop\/"},{"@type":"ListItem","position":3,"name":"\u0427\u0435\u0445\u043e\u043b \u043e\u0442 \u0434\u043e\u0436\u0434\u044f Pinguin Raincover S 15-35 l"}]},{"@type":"WebSite","@id":"https:\/\/dev.xstyle.md\/#website","url":"https:\/\/dev.xstyle.md\/","name":"Magazinul X-Style","description":"Echipamente pentru turism \u0219i sporturi extreme \u00een Moldova. Pre\u021buri, fotografii, caracteristici \u00een Moldova.","publisher":{"@id":"https:\/\/dev.xstyle.md\/#organization"},"alternateName":"X-Style","potentialAction":[{"@type":"SearchAction","target":{"@type":"EntryPoint","urlTemplate":"https:\/\/dev.xstyle.md\/?s={search_term_string}"},"query-input":{"@type":"PropertyValueSpecification","valueRequired":true,"valueName":"search_term_string"}}],"inLanguage":"ro-RO"},{"@type":"Organization","@id":"https:\/\/dev.xstyle.md\/#organization","name":"Magazinul X-Style","alternateName":"x-style","url":"https:\/\/dev.xstyle.md\/","logo":{"@type":"ImageObject","inLanguage":"ro-RO","@id":"https:\/\/dev.xstyle.md\/#\/schema\/logo\/image\/","url":"https:\/\/dev.xstyle.md\/wp-content\/uploads\/2020\/06\/logoicon.svg","contentUrl":"https:\/\/dev.xstyle.md\/wp-content\/uploads\/2020\/06\/logoicon.svg","caption":"\u041c\u0430\u0433\u0430\u0437\u0438\u043d Xstyle"},"image":{"@id":"https:\/\/dev.xstyle.md\/#\/schema\/logo\/image\/"},"sameAs":["https:\/\/www.facebook.com\/xstylemd","https:\/\/www.instagram.com\/xstyle_md\/","https:\/\/t.me\/xstyle_outdoor"],"hasMerchantReturnPolicy":{"@type":"MerchantReturnPolicy","merchantReturnLink":"https:\/\/dev.xstyle.md\/ro\/conditions\/"}}]},"product_price_amount":"295.00","product_price_currency":"MDL","og_availability":"instock","product_availability":"instock","product_retailer_item_id":"8592638310016","product_condition":"new"},"post_mailing_queue_ids":[],"_links":{"self":[{"href":"https:\/\/dev.xstyle.md\/ro\/wp-json\/wp\/v2\/product\/8152","targetHints":{"allow":["GET"]}}],"collection":[{"href":"https:\/\/dev.xstyle.md\/ro\/wp-json\/wp\/v2\/product"}],"about":[{"href":"https:\/\/dev.xstyle.md\/ro\/wp-json\/wp\/v2\/types\/product"}],"replies":[{"embeddable":true,"href":"https:\/\/dev.xstyle.md\/ro\/wp-json\/wp\/v2\/comments?post=8152"}],"version-history":[{"count":0,"href":"https:\/\/dev.xstyle.md\/ro\/wp-json\/wp\/v2\/product\/8152\/revisions"}],"wp:featuredmedia":[{"embeddable":true,"href":"https:\/\/dev.xstyle.md\/ro\/wp-json\/wp\/v2\/media\/8151"}],"wp:attachment":[{"href":"https:\/\/dev.xstyle.md\/ro\/wp-json\/wp\/v2\/media?parent=8152"}],"wp:term":[{"taxonomy":"product_brand","embeddable":true,"href":"https:\/\/dev.xstyle.md\/ro\/wp-json\/wp\/v2\/product_brand?post=8152"},{"taxonomy":"product_cat","embeddable":true,"href":"https:\/\/dev.xstyle.md\/ro\/wp-json\/wp\/v2\/product_cat?post=8152"},{"taxonomy":"product_tag","embeddable":true,"href":"https:\/\/dev.xstyle.md\/ro\/wp-json\/wp\/v2\/product_tag?post=8152"}],"curies":[{"name":"wp","href":"https:\/\/api.w.org\/{rel}","templated":true}]}}