{"id":81338,"date":"2024-04-04T13:43:52","date_gmt":"2024-04-04T10:43:52","guid":{"rendered":"https:\/\/xstyle.md\/?post_type=product&#038;p=81338"},"modified":"2025-07-03T18:23:49","modified_gmt":"2025-07-03T15:23:49","slug":"sumka-thule-crossover-2-convertible-laptop-bag-15-6-black","status":"publish","type":"product","link":"https:\/\/xstyle.md\/ro\/produs\/sumka-thule-crossover-2-convertible-laptop-bag-15-6-black\/","title":{"rendered":"Geant\u0103 Thule Crossover 2 convertible laptop bag 15.6 black"},"content":{"rendered":"<\/p>\n<p><strong>Thule Crossover 2 convertible laptop bag 15.6<\/strong> &#8212; rucsacul versatil pentru laptop poate fi transformat cu u\u0219urin\u021b\u0103 \u00eentr-o serviet\u0103, dac\u0103 se dore\u0219te.<\/p>\n<p>Un buzunar rezistent la impact, proiectat inteligent, p\u0103streaz\u0103 \u00een siguran\u021b\u0103 obiectele fragile, \u00een timp ce PowerPocket p\u0103streaz\u0103 cablurile de \u00eenc\u0103rcare \u00een mod ordonat \u0219i faciliteaz\u0103 \u00eenc\u0103rcarea dispozitivelor electronice \u00een timpul deplas\u0103rii. Un buzunar de blocare radio v\u0103 protejeaz\u0103 informa\u021biile personale \u00eempotriva furtului, iar cele dou\u0103 compartimente dens c\u0103ptu\u0219ite sunt perfecte pentru un laptop de 14&#8243; sau o tablet\u0103 de 10,1&#8243;. Rucsacul pentru laptop Thule Crossover este ideal pentru via\u021ba de zi cu zi \u0219i se transform\u0103 cu u\u0219urin\u021b\u0103 \u00eentr-un rucsac obi\u0219nuit pentru a transporta \u00eenc\u0103rc\u0103turi grele. Rucsacul pentru laptop Thule Crossover 2, elegant \u0219i modern, este fabricat din materiale u\u0219oare \u0219i impermeabile, pentru a v\u0103 p\u0103stra bunurile protejate \u00een siguran\u021b\u0103.<\/p>\n<h3>Particularit\u0103\u021bi<\/h3>\n<ul>\n<li>Curelele retractabile \u0219i o curea de um\u0103r c\u0103ptu\u0219it\u0103 deta\u0219abil\u0103 faciliteaz\u0103 transformarea servietei de afaceri \u00eentr-un rucsac confortabil.<\/li>\n<li>Compartimentul SafeZone termoformat, de mare impact, cu buzunar de depozitare cu fermoar, p\u0103streaz\u0103 toate obiectele dvs. mici \u00een siguran\u021b\u0103, facilit\u00e2ndu-v\u0103 \u00een acela\u0219i timp g\u0103sirea \u0219i accesarea cu u\u0219urin\u021b\u0103 a ceea ce ave\u021bi nevoie.<\/li>\n<li>A\u0219eza\u021bi \u00een mod convenabil electronicele \u0219i accesoriile mici \u00een partea din fa\u021b\u0103 cu buzunare patch, bucle elastice, buzunar cu plas\u0103 cu fermoar \u0219i sistem de gestionare a cablurilor<\/li>\n<li>PowerPocket pentru \u00eenc\u0103rcarea dispozitivelor \u00een timpul deplas\u0103rii<\/li>\n<li>Buzunar de blocare cu identificare prin radiofrecven\u021b\u0103 (RFID) pentru a proteja documentele \u0219i datele personale<\/li>\n<li>Compartiment special c\u0103ptu\u0219it pentru a proteja un laptop de 15,6&#187; \u0219i o tablet\u0103 de 10,1&#187;.<\/li>\n<li>Compartimentul principal pentru lucruri are buzunare speciale pentru depozitarea documentelor \u0219i a revistelor<\/li>\n<li>Panou special pentru fixarea sigur\u0103 a rucsacului pe o valiz\u0103 cu ro\u021bi<\/li>\n<li>Construc\u021bie robust\u0103 cu inser\u021bii proeminente pentru protec\u021bie suplimentar\u0103, material u\u0219or, rezistent la abraziune \u0219i fermoare mari #10<\/li>\n<\/ul>\n<h3>Caracteristici<\/h3>\n<ul>\n<li>Greutate &#8212; 1.54kg<\/li>\n<li>Dimensiuni &#8212; 33 x 19 x 48 (H x L x P) cm<\/li>\n<li>Dimensiuni compartiment laptop &#8212; 38,5 x 26,5 x 3,1 cm<\/li>\n<li>Material &#8212; nailon<\/li>\n<li>Potrivit pentru bagajele de m\u00e2n\u0103<\/li>\n<li>Hus\u0103 de ploaie &#8212; nu<\/li>\n<li>Ventila\u021bie &#8212; da<\/li>\n<li>Scop &#8212; drume\u021bii, urban<\/li>\n<li>Model &#8212; unisex<\/li>\n<\/ul>\n<h3>Marca<\/h3>\n<p>THULE este o companie interna\u021bional\u0103 de top, recunoscut\u0103 la nivel mondial ca produc\u0103tor de top de sisteme de bagaje \u0219i cutii auto. THULE fabric\u0103 produse premium, renumite pentru calitatea lor de neegalat, siguran\u021b\u0103, u\u0219urin\u021b\u0103 \u00een utilizare \u0219i design elegant. Produsele THULE sunt potrivite pentru persoanele care prefer\u0103 activit\u0103\u021bile \u00een aer liber, sunt pasionate de sport, c\u0103l\u0103toresc mult \u0219i apreciaz\u0103 solu\u021biile bine g\u00e2ndite.<\/p>\n<p><\/p>","protected":false},"excerpt":{"rendered":"","protected":false},"featured_media":81831,"comment_status":"open","ping_status":"closed","template":"","meta":{"_acf_changed":false,"inline_featured_image":false},"product_brand":[1269],"product_cat":[846],"product_tag":[],"class_list":{"0":"post-81338","1":"product","2":"type-product","3":"status-publish","4":"has-post-thumbnail","6":"product_brand-thule","7":"product_cat-city-bag","9":"first","10":"instock","11":"shipping-taxable","12":"purchasable","13":"product-type-simple"},"acf":[],"yoast_head":"<!-- This site is optimized with the Yoast SEO plugin v27.4 - https:\/\/yoast.com\/product\/yoast-seo-wordpress\/ -->\n<title>\u0421\u0443\u043c\u043a\u0430 Thule Crossover 2 convertible laptop bag 15.6 black - \u041c\u0430\u0433\u0430\u0437\u0438\u043d Xstyle<\/title>\n<meta name=\"description\" content=\"\u041a\u0443\u043f\u0438\u0442\u044c \u0421\u0443\u043c\u043a\u0443 Thule Crossover 2 \u0434\u043b\u044f \u043d\u043e\u0443\u0442\u0431\u0443\u043a\u0430 15.6&quot; \u0432 \u0447\u0435\u0440\u043d\u043e\u043c. \u0423\u0434\u043e\u0431\u043d\u044b\u0439 \u0438 \u043d\u0430\u0434\u0435\u0436\u043d\u044b\u0439 \u0440\u044e\u043a\u0437\u0430\u043a \u0441 \u0437\u0430\u0449\u0438\u0449\u0435\u043d\u043d\u044b\u043c \u043a\u0430\u0440\u043c\u0430\u043d\u043e\u043c \u0434\u043b\u044f \u0431\u0435\u0437\u043e\u043f\u0430\u0441\u043d\u043e\u0441\u0442\u0438 \u0432\u0430\u0448\u0438\u0445 \u0432\u0435\u0449\u0435\u0439.\" \/>\n<meta name=\"robots\" content=\"index, follow, max-snippet:-1, max-image-preview:large, max-video-preview:-1\" \/>\n<link rel=\"canonical\" href=\"https:\/\/xstyle.md\/ro\/produs\/sumka-thule-crossover-2-convertible-laptop-bag-15-6-black\/\" \/>\n<meta property=\"og:locale\" content=\"ro_RO\" \/>\n<meta property=\"og:type\" content=\"article\" \/>\n<meta property=\"og:title\" content=\"\u0421\u0443\u043c\u043a\u0430 Thule Crossover 2 convertible laptop bag 15.6 black - \u041c\u0430\u0433\u0430\u0437\u0438\u043d Xstyle\" \/>\n<meta property=\"og:description\" content=\"\u041a\u0443\u043f\u0438\u0442\u044c \u0421\u0443\u043c\u043a\u0443 Thule Crossover 2 \u0434\u043b\u044f \u043d\u043e\u0443\u0442\u0431\u0443\u043a\u0430 15.6&quot; \u0432 \u0447\u0435\u0440\u043d\u043e\u043c. \u0423\u0434\u043e\u0431\u043d\u044b\u0439 \u0438 \u043d\u0430\u0434\u0435\u0436\u043d\u044b\u0439 \u0440\u044e\u043a\u0437\u0430\u043a \u0441 \u0437\u0430\u0449\u0438\u0449\u0435\u043d\u043d\u044b\u043c \u043a\u0430\u0440\u043c\u0430\u043d\u043e\u043c \u0434\u043b\u044f \u0431\u0435\u0437\u043e\u043f\u0430\u0441\u043d\u043e\u0441\u0442\u0438 \u0432\u0430\u0448\u0438\u0445 \u0432\u0435\u0449\u0435\u0439.\" \/>\n<meta property=\"og:url\" content=\"https:\/\/xstyle.md\/ro\/produs\/sumka-thule-crossover-2-convertible-laptop-bag-15-6-black\/\" \/>\n<meta property=\"og:site_name\" content=\"\u041c\u0430\u0433\u0430\u0437\u0438\u043d Xstyle\" \/>\n<meta property=\"article:publisher\" content=\"https:\/\/www.facebook.com\/xstylemd\" \/>\n<meta property=\"article:modified_time\" content=\"2025-07-03T15:23:49+00:00\" \/>\n<meta property=\"og:image\" content=\"https:\/\/xstyle.md\/wp-content\/uploads\/2024\/04\/thule-crossover-2-convertible-laptop-bag-15.6-black.jpg\" \/>\n\t<meta property=\"og:image:width\" content=\"500\" \/>\n\t<meta property=\"og:image:height\" content=\"500\" \/>\n\t<meta property=\"og:image:type\" content=\"image\/jpeg\" \/>\n<meta name=\"twitter:card\" content=\"summary_large_image\" \/>\n<meta name=\"twitter:label1\" content=\"Pre\u021b\" \/>\n\t<meta name=\"twitter:data1\" content=\"3.890&nbsp;MDL\" \/>\n\t<meta name=\"twitter:label2\" content=\"Disponibilitate\" \/>\n\t<meta name=\"twitter:data2\" content=\"\u00cen stoc\" \/>\n<script type=\"application\/ld+json\" class=\"yoast-schema-graph\">{\"@context\":\"https:\\\/\\\/schema.org\",\"@graph\":[{\"@type\":\"WebPage\",\"@id\":\"https:\\\/\\\/xstyle.md\\\/product\\\/sumka-thule-crossover-2-convertible-laptop-bag-15-6-black\\\/\",\"url\":\"https:\\\/\\\/xstyle.md\\\/product\\\/sumka-thule-crossover-2-convertible-laptop-bag-15-6-black\\\/\",\"name\":\"\u0421\u0443\u043c\u043a\u0430 Thule Crossover 2 convertible laptop bag 15.6 black - \u041c\u0430\u0433\u0430\u0437\u0438\u043d Xstyle\",\"isPartOf\":{\"@id\":\"https:\\\/\\\/xstyle.md\\\/#website\"},\"primaryImageOfPage\":{\"@id\":\"https:\\\/\\\/xstyle.md\\\/product\\\/sumka-thule-crossover-2-convertible-laptop-bag-15-6-black\\\/#primaryimage\"},\"image\":{\"@id\":\"https:\\\/\\\/xstyle.md\\\/product\\\/sumka-thule-crossover-2-convertible-laptop-bag-15-6-black\\\/#primaryimage\"},\"thumbnailUrl\":\"https:\\\/\\\/xstyle.md\\\/wp-content\\\/uploads\\\/2024\\\/04\\\/thule-crossover-2-convertible-laptop-bag-15.6-black.jpg\",\"datePublished\":\"2024-04-04T10:43:52+00:00\",\"dateModified\":\"2025-07-03T15:23:49+00:00\",\"description\":\"\u041a\u0443\u043f\u0438\u0442\u044c \u0421\u0443\u043c\u043a\u0443 Thule Crossover 2 \u0434\u043b\u044f \u043d\u043e\u0443\u0442\u0431\u0443\u043a\u0430 15.6\\\" \u0432 \u0447\u0435\u0440\u043d\u043e\u043c. \u0423\u0434\u043e\u0431\u043d\u044b\u0439 \u0438 \u043d\u0430\u0434\u0435\u0436\u043d\u044b\u0439 \u0440\u044e\u043a\u0437\u0430\u043a \u0441 \u0437\u0430\u0449\u0438\u0449\u0435\u043d\u043d\u044b\u043c \u043a\u0430\u0440\u043c\u0430\u043d\u043e\u043c \u0434\u043b\u044f \u0431\u0435\u0437\u043e\u043f\u0430\u0441\u043d\u043e\u0441\u0442\u0438 \u0432\u0430\u0448\u0438\u0445 \u0432\u0435\u0449\u0435\u0439.\",\"breadcrumb\":{\"@id\":\"https:\\\/\\\/xstyle.md\\\/product\\\/sumka-thule-crossover-2-convertible-laptop-bag-15-6-black\\\/#breadcrumb\"},\"inLanguage\":\"ro-RO\",\"potentialAction\":[{\"@type\":\"ReadAction\",\"target\":[\"https:\\\/\\\/xstyle.md\\\/product\\\/sumka-thule-crossover-2-convertible-laptop-bag-15-6-black\\\/\"]}]},{\"@type\":\"ImageObject\",\"inLanguage\":\"ro-RO\",\"@id\":\"https:\\\/\\\/xstyle.md\\\/product\\\/sumka-thule-crossover-2-convertible-laptop-bag-15-6-black\\\/#primaryimage\",\"url\":\"https:\\\/\\\/xstyle.md\\\/wp-content\\\/uploads\\\/2024\\\/04\\\/thule-crossover-2-convertible-laptop-bag-15.6-black.jpg\",\"contentUrl\":\"https:\\\/\\\/xstyle.md\\\/wp-content\\\/uploads\\\/2024\\\/04\\\/thule-crossover-2-convertible-laptop-bag-15.6-black.jpg\",\"width\":500,\"height\":500,\"caption\":\"\u041a\u043e\u043c\u043f\u0430\u043a\u0442\u043d\u0430\u044f \u0441\u0443\u043c\u043a\u0430 Thule Crossover 2 \u0434\u043b\u044f \u043d\u043e\u0443\u0442\u0431\u0443\u043a\u0430 15.6 \u0434\u044e\u0439\u043c\u043e\u0432 \u0447\u0435\u0440\u043d\u0430\u044f \u0434\u043b\u044f \u0430\u043a\u0442\u0438\u0432\u043d\u043e\u0433\u043e \u043e\u0442\u0434\u044b\u0445\u0430 \u043f\u0443\u0442\u0435\u0448\u0435\u0441\u0442\u0432\u0438\u0439 \u0438 \u0430\u043b\u044c\u043f\u0438\u043d\u0438\u0437\u043c\u0430, \u043f\u043e\u0434\u0445\u043e\u0434\u0438\u0442 \u0434\u043b\u044f \u0441\u043f\u043e\u0440\u0442\u0438\u0432\u043d\u043e\u0439 \u043e\u0434\u0435\u0436\u0434\u044b \u043e\u0431\u0443\u0432\u0438 \u0438 \u043f\u043e\u0445\u043e\u0434\u043d\u043e\u0433\u043e \u0441\u043d\u0430\u0440\u044f\u0436\u0435\u043d\u0438\u044f \u043d\u0430 \u043e\u043d\u043b\u0430\u0439\u043d \u043c\u0430\u0433\u0430\u0437\u0438\u043d\u0435 \u0442\u043e\u0432\u0430\u0440\u043e\u0432 \u0434\u043b\u044f \u0430\u043a\u0442\u0438\u0432\u043d\u043e\u0439 \u0436\u0438\u0437\u043d\u0438\"},{\"@type\":\"BreadcrumbList\",\"@id\":\"https:\\\/\\\/xstyle.md\\\/product\\\/sumka-thule-crossover-2-convertible-laptop-bag-15-6-black\\\/#breadcrumb\",\"itemListElement\":[{\"@type\":\"ListItem\",\"position\":1,\"name\":\"\u0413\u043b\u0430\u0432\u043d\u0430\u044f \u0441\u0442\u0440\u0430\u043d\u0438\u0446\u0430\",\"item\":\"https:\\\/\\\/xstyle.md\\\/\"},{\"@type\":\"ListItem\",\"position\":2,\"name\":\"\u041c\u0430\u0433\u0430\u0437\u0438\u043d\",\"item\":\"https:\\\/\\\/xstyle.md\\\/shop\\\/\"},{\"@type\":\"ListItem\",\"position\":3,\"name\":\"\u0421\u0443\u043c\u043a\u0430 Thule Crossover 2 convertible laptop bag 15.6 black\"}]},{\"@type\":\"WebSite\",\"@id\":\"https:\\\/\\\/xstyle.md\\\/#website\",\"url\":\"https:\\\/\\\/xstyle.md\\\/\",\"name\":\"\u041c\u0430\u0433\u0430\u0437\u0438\u043d Xstyle\",\"description\":\"C\u043d\u0430\u0440\u044f\u0436\u0435\u043d\u0438\u0435 \u0434\u043b\u044f \u0442\u0443\u0440\u0438\u0437\u043c\u0430 \u0438 \u044d\u043a\u0441\u0442\u0440\u0435\u043c\u0430\u043b\u044c\u043d\u044b\u0445 \u0432\u0438\u0434\u043e\u0432 \u0441\u043f\u043e\u0440\u0442\u0430 \u0432 \u041c\u043e\u043b\u0434\u043e\u0432\u0435.. \u0426\u0435\u043d\u044b, \u0444\u043e\u0442\u043e, \u0445\u0430\u0440\u0430\u043a\u0442\u0435\u0440\u0438\u0441\u0442\u0438\u043a\u0438 \u0432 \u041c\u043e\u043b\u0434\u043e\u0432\u0435.\",\"publisher\":{\"@id\":\"https:\\\/\\\/xstyle.md\\\/#organization\"},\"alternateName\":\"X-Style\",\"potentialAction\":[{\"@type\":\"SearchAction\",\"target\":{\"@type\":\"EntryPoint\",\"urlTemplate\":\"https:\\\/\\\/xstyle.md\\\/?s={search_term_string}\"},\"query-input\":{\"@type\":\"PropertyValueSpecification\",\"valueRequired\":true,\"valueName\":\"search_term_string\"}}],\"inLanguage\":\"ro-RO\"},{\"@type\":\"Organization\",\"@id\":\"https:\\\/\\\/xstyle.md\\\/#organization\",\"name\":\"\u041c\u0430\u0433\u0430\u0437\u0438\u043d Xstyle\",\"alternateName\":\"x-style\",\"url\":\"https:\\\/\\\/xstyle.md\\\/\",\"logo\":{\"@type\":\"ImageObject\",\"inLanguage\":\"ro-RO\",\"@id\":\"https:\\\/\\\/xstyle.md\\\/#\\\/schema\\\/logo\\\/image\\\/\",\"url\":\"https:\\\/\\\/xstyle.md\\\/wp-content\\\/uploads\\\/2020\\\/06\\\/logoicon.svg\",\"contentUrl\":\"https:\\\/\\\/xstyle.md\\\/wp-content\\\/uploads\\\/2020\\\/06\\\/logoicon.svg\",\"caption\":\"\u041c\u0430\u0433\u0430\u0437\u0438\u043d Xstyle\"},\"image\":{\"@id\":\"https:\\\/\\\/xstyle.md\\\/#\\\/schema\\\/logo\\\/image\\\/\"},\"sameAs\":[\"https:\\\/\\\/www.facebook.com\\\/xstylemd\",\"https:\\\/\\\/www.instagram.com\\\/xstyle_md\\\/\",\"https:\\\/\\\/t.me\\\/xstyle_outdoor\"],\"hasMerchantReturnPolicy\":{\"@type\":\"MerchantReturnPolicy\",\"merchantReturnLink\":\"https:\\\/\\\/xstyle.md\\\/ro\\\/conditions\\\/\"}}]}<\/script>\n<meta property=\"product:price:amount\" content=\"3890.00\" \/>\n<meta property=\"product:price:currency\" content=\"MDL\" \/>\n<meta property=\"og:availability\" content=\"instock\" \/>\n<meta property=\"product:availability\" content=\"instock\" \/>\n<meta property=\"product:retailer_item_id\" content=\"85854243285\" \/>\n<meta property=\"product:condition\" content=\"new\" \/>\n<!-- \/ Yoast SEO plugin. -->","yoast_head_json":{"title":"Geanta Thule Crossover 2 convertible laptop bag 15.6 black - Magazin Xstyle","description":"null","robots":{"index":"index","follow":"follow","max-snippet":"max-snippet:-1","max-image-preview":"max-image-preview:large","max-video-preview":"max-video-preview:-1"},"canonical":"https:\/\/xstyle.md\/ro\/produs\/sumka-thule-crossover-2-convertible-laptop-bag-15-6-black\/","og_locale":"ro_RO","og_type":"article","og_title":"\u0421\u0443\u043c\u043a\u0430 Thule Crossover 2 convertible laptop bag 15.6 black - \u041c\u0430\u0433\u0430\u0437\u0438\u043d Xstyle","og_description":"\u041a\u0443\u043f\u0438\u0442\u044c \u0421\u0443\u043c\u043a\u0443 Thule Crossover 2 \u0434\u043b\u044f \u043d\u043e\u0443\u0442\u0431\u0443\u043a\u0430 15.6\" \u0432 \u0447\u0435\u0440\u043d\u043e\u043c. \u0423\u0434\u043e\u0431\u043d\u044b\u0439 \u0438 \u043d\u0430\u0434\u0435\u0436\u043d\u044b\u0439 \u0440\u044e\u043a\u0437\u0430\u043a \u0441 \u0437\u0430\u0449\u0438\u0449\u0435\u043d\u043d\u044b\u043c \u043a\u0430\u0440\u043c\u0430\u043d\u043e\u043c \u0434\u043b\u044f \u0431\u0435\u0437\u043e\u043f\u0430\u0441\u043d\u043e\u0441\u0442\u0438 \u0432\u0430\u0448\u0438\u0445 \u0432\u0435\u0449\u0435\u0439.","og_url":"https:\/\/xstyle.md\/ro\/produs\/sumka-thule-crossover-2-convertible-laptop-bag-15-6-black\/","og_site_name":"\u041c\u0430\u0433\u0430\u0437\u0438\u043d Xstyle","article_publisher":"https:\/\/www.facebook.com\/xstylemd","article_modified_time":"2025-07-03T15:23:49+00:00","og_image":[{"width":500,"height":500,"url":"https:\/\/xstyle.md\/wp-content\/uploads\/2024\/04\/thule-crossover-2-convertible-laptop-bag-15.6-black.jpg","type":"image\/jpeg"}],"twitter_card":"summary_large_image","twitter_misc":{"Pre\u021b":"3.890&nbsp;MDL","Disponibilitate":"\u00cen stoc"},"schema":{"@context":"https:\/\/schema.org","@graph":[{"@type":"WebPage","@id":"https:\/\/xstyle.md\/product\/sumka-thule-crossover-2-convertible-laptop-bag-15-6-black\/","url":"https:\/\/xstyle.md\/product\/sumka-thule-crossover-2-convertible-laptop-bag-15-6-black\/","name":"Geanta Thule Crossover 2 convertible laptop bag 15.6 black - Magazin Xstyle","isPartOf":{"@id":"https:\/\/xstyle.md\/#website"},"primaryImageOfPage":{"@id":"https:\/\/xstyle.md\/product\/sumka-thule-crossover-2-convertible-laptop-bag-15-6-black\/#primaryimage"},"image":{"@id":"https:\/\/xstyle.md\/product\/sumka-thule-crossover-2-convertible-laptop-bag-15-6-black\/#primaryimage"},"thumbnailUrl":"https:\/\/xstyle.md\/wp-content\/uploads\/2024\/04\/thule-crossover-2-convertible-laptop-bag-15.6-black.jpg","datePublished":"2024-04-04T10:43:52+00:00","dateModified":"2025-07-03T15:23:49+00:00","description":"null","breadcrumb":{"@id":"https:\/\/xstyle.md\/product\/sumka-thule-crossover-2-convertible-laptop-bag-15-6-black\/#breadcrumb"},"inLanguage":"ro-RO","potentialAction":[{"@type":"ReadAction","target":["https:\/\/xstyle.md\/product\/sumka-thule-crossover-2-convertible-laptop-bag-15-6-black\/"]}]},{"@type":"ImageObject","inLanguage":"ro-RO","@id":"https:\/\/xstyle.md\/product\/sumka-thule-crossover-2-convertible-laptop-bag-15-6-black\/#primaryimage","url":"https:\/\/xstyle.md\/wp-content\/uploads\/2024\/04\/thule-crossover-2-convertible-laptop-bag-15.6-black.jpg","contentUrl":"https:\/\/xstyle.md\/wp-content\/uploads\/2024\/04\/thule-crossover-2-convertible-laptop-bag-15.6-black.jpg","width":500,"height":500,"caption":"\u041a\u043e\u043c\u043f\u0430\u043a\u0442\u043d\u0430\u044f \u0441\u0443\u043c\u043a\u0430 Thule Crossover 2 \u0434\u043b\u044f \u043d\u043e\u0443\u0442\u0431\u0443\u043a\u0430 15.6 \u0434\u044e\u0439\u043c\u043e\u0432 \u0447\u0435\u0440\u043d\u0430\u044f \u0434\u043b\u044f \u0430\u043a\u0442\u0438\u0432\u043d\u043e\u0433\u043e \u043e\u0442\u0434\u044b\u0445\u0430 \u043f\u0443\u0442\u0435\u0448\u0435\u0441\u0442\u0432\u0438\u0439 \u0438 \u0430\u043b\u044c\u043f\u0438\u043d\u0438\u0437\u043c\u0430, \u043f\u043e\u0434\u0445\u043e\u0434\u0438\u0442 \u0434\u043b\u044f \u0441\u043f\u043e\u0440\u0442\u0438\u0432\u043d\u043e\u0439 \u043e\u0434\u0435\u0436\u0434\u044b \u043e\u0431\u0443\u0432\u0438 \u0438 \u043f\u043e\u0445\u043e\u0434\u043d\u043e\u0433\u043e \u0441\u043d\u0430\u0440\u044f\u0436\u0435\u043d\u0438\u044f \u043d\u0430 \u043e\u043d\u043b\u0430\u0439\u043d \u043c\u0430\u0433\u0430\u0437\u0438\u043d\u0435 \u0442\u043e\u0432\u0430\u0440\u043e\u0432 \u0434\u043b\u044f \u0430\u043a\u0442\u0438\u0432\u043d\u043e\u0439 \u0436\u0438\u0437\u043d\u0438"},{"@type":"BreadcrumbList","@id":"https:\/\/xstyle.md\/product\/sumka-thule-crossover-2-convertible-laptop-bag-15-6-black\/#breadcrumb","itemListElement":[{"@type":"ListItem","position":1,"name":"\u0413\u043b\u0430\u0432\u043d\u0430\u044f \u0441\u0442\u0440\u0430\u043d\u0438\u0446\u0430","item":"https:\/\/xstyle.md\/"},{"@type":"ListItem","position":2,"name":"\u041c\u0430\u0433\u0430\u0437\u0438\u043d","item":"https:\/\/xstyle.md\/shop\/"},{"@type":"ListItem","position":3,"name":"\u0421\u0443\u043c\u043a\u0430 Thule Crossover 2 convertible laptop bag 15.6 black"}]},{"@type":"WebSite","@id":"https:\/\/xstyle.md\/#website","url":"https:\/\/xstyle.md\/","name":"Magazinul X-Style","description":"Echipamente pentru turism \u0219i sporturi extreme \u00een Moldova. Pre\u021buri, fotografii, caracteristici \u00een Moldova.","publisher":{"@id":"https:\/\/xstyle.md\/#organization"},"alternateName":"X-Style","potentialAction":[{"@type":"SearchAction","target":{"@type":"EntryPoint","urlTemplate":"https:\/\/xstyle.md\/?s={search_term_string}"},"query-input":{"@type":"PropertyValueSpecification","valueRequired":true,"valueName":"search_term_string"}}],"inLanguage":"ro-RO"},{"@type":"Organization","@id":"https:\/\/xstyle.md\/#organization","name":"Magazinul X-Style","alternateName":"x-style","url":"https:\/\/xstyle.md\/","logo":{"@type":"ImageObject","inLanguage":"ro-RO","@id":"https:\/\/xstyle.md\/#\/schema\/logo\/image\/","url":"https:\/\/xstyle.md\/wp-content\/uploads\/2020\/06\/logoicon.svg","contentUrl":"https:\/\/xstyle.md\/wp-content\/uploads\/2020\/06\/logoicon.svg","caption":"\u041c\u0430\u0433\u0430\u0437\u0438\u043d Xstyle"},"image":{"@id":"https:\/\/xstyle.md\/#\/schema\/logo\/image\/"},"sameAs":["https:\/\/www.facebook.com\/xstylemd","https:\/\/www.instagram.com\/xstyle_md\/","https:\/\/t.me\/xstyle_outdoor"],"hasMerchantReturnPolicy":{"@type":"MerchantReturnPolicy","merchantReturnLink":"https:\/\/xstyle.md\/ro\/conditions\/"}}]},"product_price_amount":"3890.00","product_price_currency":"MDL","og_availability":"instock","product_availability":"instock","product_retailer_item_id":"85854243285","product_condition":"new"},"post_mailing_queue_ids":[],"_links":{"self":[{"href":"https:\/\/xstyle.md\/ro\/wp-json\/wp\/v2\/product\/81338","targetHints":{"allow":["GET"]}}],"collection":[{"href":"https:\/\/xstyle.md\/ro\/wp-json\/wp\/v2\/product"}],"about":[{"href":"https:\/\/xstyle.md\/ro\/wp-json\/wp\/v2\/types\/product"}],"replies":[{"embeddable":true,"href":"https:\/\/xstyle.md\/ro\/wp-json\/wp\/v2\/comments?post=81338"}],"wp:featuredmedia":[{"embeddable":true,"href":"https:\/\/xstyle.md\/ro\/wp-json\/wp\/v2\/media\/81831"}],"wp:attachment":[{"href":"https:\/\/xstyle.md\/ro\/wp-json\/wp\/v2\/media?parent=81338"}],"wp:term":[{"taxonomy":"product_brand","embeddable":true,"href":"https:\/\/xstyle.md\/ro\/wp-json\/wp\/v2\/product_brand?post=81338"},{"taxonomy":"product_cat","embeddable":true,"href":"https:\/\/xstyle.md\/ro\/wp-json\/wp\/v2\/product_cat?post=81338"},{"taxonomy":"product_tag","embeddable":true,"href":"https:\/\/xstyle.md\/ro\/wp-json\/wp\/v2\/product_tag?post=81338"}],"curies":[{"name":"wp","href":"https:\/\/api.w.org\/{rel}","templated":true}]}}