{"id":81329,"date":"2024-04-04T13:43:50","date_gmt":"2024-04-04T10:43:50","guid":{"rendered":"https:\/\/xstyle.md\/?post_type=product&#038;p=81329"},"modified":"2025-10-24T12:59:11","modified_gmt":"2025-10-24T09:59:11","slug":"spalnyj-meshok-outwell-contour-junior","status":"publish","type":"product","link":"https:\/\/xstyle.md\/ro\/produs\/spalnyj-meshok-outwell-contour-junior\/","title":{"rendered":"Sac de dormit Outwell Contour Junior"},"content":{"rendered":"<\/p>\n<p><strong>Outwell Contour Junior<\/strong> &#8212; sacul de dormit pentru copii are toate caracteristicile impresionante ale unui sac de dormit pentru adul\u021bi. Materialul moale \u0219i cald, cu un exterior albastru aprins contrastant \u0219i un interior gri, este ideal pentru vacan\u021bele de var\u0103 \u00een familie. Tamponul \u00eencorporat faciliteaz\u0103 \u00eempachetarea, iar buzunarul interior poate fi folosit pentru a depozita lucrurile mici \u0219i importante.<\/p>\n<h3>Particularit\u0103\u021bi<\/h3>\n<ul>\n<li>Sac de dormit cu dou\u0103 fe\u021be pentru modificarea temperaturii<\/li>\n<li>Glug\u0103 cu fermoar<\/li>\n<li>Pern\u0103 \u00eencorporat\u0103<\/li>\n<li>Complet extensibil ca o fa\u021b\u0103 de plapum\u0103<\/li>\n<li>Fermoare pe toat\u0103 lungimea<\/li>\n<li>Sac de compresie<\/li>\n<\/ul>\n<h3>Caracteristici<\/h3>\n<ul>\n<li>Lungime max. &#8212; 140 cm<\/li>\n<li>Greutate max. &#8212; 1100 \u0433<\/li>\n<li>Dimensiuni ambalate &#8212; 36 x 21 cm<\/li>\n<li>Dimensiuni &#8212; 170 x 70 cm<\/li>\n<li>Material exterior &#8212; poliester microfibr\u0103 230T<\/li>\n<li>Material interior &#8212; 190T poliester periat, \u00een relief<\/li>\n<li>Umplutur\u0103 &#8212; 650 g Isofill, poliester reciclat<\/li>\n<li>Sezonalitate &#8212; prim\u0103var\u0103-toamn\u0103<\/li>\n<li>Sex &#8212; unisex<\/li>\n<\/ul>\n<h3>Marca<\/h3>\n<p>Compania danez\u0103 Outwell a fost \u00eenfiin\u021bat\u0103 \u00een 1984 cu scopul de a crea echipamente \u0219i \u021binute pentru activit\u0103\u021bi \u00een aer liber \u0219i turism. \u00cenc\u0103 de la \u00eenfiin\u021bare, compania \u0219i-a dezvoltat produsele pentru a satisface nevoile \u00een continu\u0103 cre\u0219tere ale clien\u021bilor s\u0103i, orient\u00e2ndu-se pe cele mai noi tehnologii din domeniu. Toate produsele m\u0103rcii au c\u00e2\u0219tigat \u00eencrederea \u00een \u00eentreaga lume.<\/p>\n<p>Principalele caracteristici ale produselor Outwell sunt func\u021bionalitatea, ergonomia, durabilitatea, accesibilitatea \u0219i calitatea ridicat\u0103. Fabricile utilizeaz\u0103 numai materii prime ecologic curate, sigure pentru s\u0103n\u0103tatea uman\u0103 \u0219i pentru mediu. Una dintre direc\u021biile principale, \u00een care brandul este angajat, este campingul de familie. Speciali\u0219tii \u0219i designerii companiei sunt siguri c\u0103 nu exist\u0103 nimic mai pl\u0103cut dec\u00e2t recreerea \u00een aer liber. Picnicurile \u0219i excursiile cu cortul sunt deosebit de pl\u0103cute pentru copiii care sunt dornici s\u0103 exploreze lumea, s\u0103 \u00eenve\u021be ceva nou \u0219i s\u0103-\u0219i l\u0103rgeasc\u0103 orizonturile.<\/p>\n<p><\/p>","protected":false},"excerpt":{"rendered":"","protected":false},"featured_media":81880,"comment_status":"open","ping_status":"closed","template":"","meta":{"_acf_changed":false,"inline_featured_image":false},"product_brand":[1275],"product_cat":[80],"product_tag":[],"class_list":{"0":"post-81329","1":"product","2":"type-product","3":"status-publish","4":"has-post-thumbnail","6":"product_brand-outwell","7":"product_cat-travel","9":"first","10":"instock","11":"shipping-taxable","12":"purchasable","13":"product-type-simple"},"acf":[],"yoast_head":"<!-- This site is optimized with the Yoast SEO plugin v27.4 - https:\/\/yoast.com\/product\/yoast-seo-wordpress\/ -->\n<title>\u0421\u043f\u0430\u043b\u044c\u043d\u044b\u0439 \u043c\u0435\u0448\u043e\u043a Outwell Contour Junior - \u041c\u0430\u0433\u0430\u0437\u0438\u043d Xstyle<\/title>\n<meta name=\"description\" content=\"\u0421\u043f\u0430\u043b\u044c\u043d\u044b\u0439 \u043c\u0435\u0448\u043e\u043a Outwell Contour Junior \u2014 \u0438\u0434\u0435\u0430\u043b\u044c\u043d\u044b\u0439 \u0432\u044b\u0431\u043e\u0440 \u0434\u043b\u044f \u0434\u0435\u0442\u0435\u0439. \u041c\u044f\u0433\u043a\u0438\u0439, \u0442\u0435\u043f\u043b\u044b\u0439, \u0441 \u044f\u0440\u043a\u0438\u043c \u0434\u0438\u0437\u0430\u0439\u043d\u043e\u043c. \u041e\u0442\u043b\u0438\u0447\u043d\u043e \u043f\u043e\u0434\u0445\u043e\u0434\u0438\u0442 \u0434\u043b\u044f \u0441\u0435\u043c\u0435\u0439\u043d\u044b\u0445 \u043b\u0435\u0442\u043d\u0438\u0445 \u043f\u043e\u0445\u043e\u0434\u043e\u0432!\" \/>\n<meta name=\"robots\" content=\"index, follow, max-snippet:-1, max-image-preview:large, max-video-preview:-1\" \/>\n<link rel=\"canonical\" href=\"https:\/\/xstyle.md\/ro\/produs\/spalnyj-meshok-outwell-contour-junior\/\" \/>\n<meta property=\"og:locale\" content=\"ro_RO\" \/>\n<meta property=\"og:type\" content=\"article\" \/>\n<meta property=\"og:title\" content=\"\u0421\u043f\u0430\u043b\u044c\u043d\u044b\u0439 \u043c\u0435\u0448\u043e\u043a Outwell Contour Junior - \u041c\u0430\u0433\u0430\u0437\u0438\u043d Xstyle\" \/>\n<meta property=\"og:description\" content=\"\u0421\u043f\u0430\u043b\u044c\u043d\u044b\u0439 \u043c\u0435\u0448\u043e\u043a Outwell Contour Junior \u2014 \u0438\u0434\u0435\u0430\u043b\u044c\u043d\u044b\u0439 \u0432\u044b\u0431\u043e\u0440 \u0434\u043b\u044f \u0434\u0435\u0442\u0435\u0439. \u041c\u044f\u0433\u043a\u0438\u0439, \u0442\u0435\u043f\u043b\u044b\u0439, \u0441 \u044f\u0440\u043a\u0438\u043c \u0434\u0438\u0437\u0430\u0439\u043d\u043e\u043c. \u041e\u0442\u043b\u0438\u0447\u043d\u043e \u043f\u043e\u0434\u0445\u043e\u0434\u0438\u0442 \u0434\u043b\u044f \u0441\u0435\u043c\u0435\u0439\u043d\u044b\u0445 \u043b\u0435\u0442\u043d\u0438\u0445 \u043f\u043e\u0445\u043e\u0434\u043e\u0432!\" \/>\n<meta property=\"og:url\" content=\"https:\/\/xstyle.md\/ro\/produs\/spalnyj-meshok-outwell-contour-junior\/\" \/>\n<meta property=\"og:site_name\" content=\"\u041c\u0430\u0433\u0430\u0437\u0438\u043d Xstyle\" \/>\n<meta property=\"article:publisher\" content=\"https:\/\/www.facebook.com\/xstylemd\" \/>\n<meta property=\"article:modified_time\" content=\"2025-10-24T09:59:11+00:00\" \/>\n<meta property=\"og:image\" content=\"https:\/\/xstyle.md\/wp-content\/uploads\/2024\/04\/outwell-contour-junior-deep-blue.jpg\" \/>\n\t<meta property=\"og:image:width\" content=\"784\" \/>\n\t<meta property=\"og:image:height\" content=\"692\" \/>\n\t<meta property=\"og:image:type\" content=\"image\/jpeg\" \/>\n<meta name=\"twitter:card\" content=\"summary_large_image\" \/>\n<meta name=\"twitter:label1\" content=\"Pre\u021b\" \/>\n\t<meta name=\"twitter:data1\" content=\"1.490&nbsp;MDL\" \/>\n\t<meta name=\"twitter:label2\" content=\"Disponibilitate\" \/>\n\t<meta name=\"twitter:data2\" content=\"\u00cen stoc\" \/>\n<script type=\"application\/ld+json\" class=\"yoast-schema-graph\">{\"@context\":\"https:\\\/\\\/schema.org\",\"@graph\":[{\"@type\":\"WebPage\",\"@id\":\"https:\\\/\\\/xstyle.md\\\/product\\\/spalnyj-meshok-outwell-contour-junior\\\/\",\"url\":\"https:\\\/\\\/xstyle.md\\\/product\\\/spalnyj-meshok-outwell-contour-junior\\\/\",\"name\":\"\u0421\u043f\u0430\u043b\u044c\u043d\u044b\u0439 \u043c\u0435\u0448\u043e\u043a Outwell Contour Junior - \u041c\u0430\u0433\u0430\u0437\u0438\u043d Xstyle\",\"isPartOf\":{\"@id\":\"https:\\\/\\\/xstyle.md\\\/#website\"},\"primaryImageOfPage\":{\"@id\":\"https:\\\/\\\/xstyle.md\\\/product\\\/spalnyj-meshok-outwell-contour-junior\\\/#primaryimage\"},\"image\":{\"@id\":\"https:\\\/\\\/xstyle.md\\\/product\\\/spalnyj-meshok-outwell-contour-junior\\\/#primaryimage\"},\"thumbnailUrl\":\"https:\\\/\\\/xstyle.md\\\/wp-content\\\/uploads\\\/2024\\\/04\\\/outwell-contour-junior-deep-blue.jpg\",\"datePublished\":\"2024-04-04T10:43:50+00:00\",\"dateModified\":\"2025-10-24T09:59:11+00:00\",\"description\":\"\u0421\u043f\u0430\u043b\u044c\u043d\u044b\u0439 \u043c\u0435\u0448\u043e\u043a Outwell Contour Junior \u2014 \u0438\u0434\u0435\u0430\u043b\u044c\u043d\u044b\u0439 \u0432\u044b\u0431\u043e\u0440 \u0434\u043b\u044f \u0434\u0435\u0442\u0435\u0439. \u041c\u044f\u0433\u043a\u0438\u0439, \u0442\u0435\u043f\u043b\u044b\u0439, \u0441 \u044f\u0440\u043a\u0438\u043c \u0434\u0438\u0437\u0430\u0439\u043d\u043e\u043c. \u041e\u0442\u043b\u0438\u0447\u043d\u043e \u043f\u043e\u0434\u0445\u043e\u0434\u0438\u0442 \u0434\u043b\u044f \u0441\u0435\u043c\u0435\u0439\u043d\u044b\u0445 \u043b\u0435\u0442\u043d\u0438\u0445 \u043f\u043e\u0445\u043e\u0434\u043e\u0432!\",\"breadcrumb\":{\"@id\":\"https:\\\/\\\/xstyle.md\\\/product\\\/spalnyj-meshok-outwell-contour-junior\\\/#breadcrumb\"},\"inLanguage\":\"ro-RO\",\"potentialAction\":[{\"@type\":\"ReadAction\",\"target\":[\"https:\\\/\\\/xstyle.md\\\/product\\\/spalnyj-meshok-outwell-contour-junior\\\/\"]}]},{\"@type\":\"ImageObject\",\"inLanguage\":\"ro-RO\",\"@id\":\"https:\\\/\\\/xstyle.md\\\/product\\\/spalnyj-meshok-outwell-contour-junior\\\/#primaryimage\",\"url\":\"https:\\\/\\\/xstyle.md\\\/wp-content\\\/uploads\\\/2024\\\/04\\\/outwell-contour-junior-deep-blue.jpg\",\"contentUrl\":\"https:\\\/\\\/xstyle.md\\\/wp-content\\\/uploads\\\/2024\\\/04\\\/outwell-contour-junior-deep-blue.jpg\",\"width\":784,\"height\":692,\"caption\":\"\u0421\u043f\u0430\u043b\u044c\u043d\u044b\u0439 \u043c\u0435\u0448\u043e\u043a Outwell Contour Junior \u0434\u043b\u044f \u0430\u043a\u0442\u0438\u0432\u043d\u043e\u0433\u043e \u043e\u0442\u0434\u044b\u0445\u0430, \u043f\u043e\u0445\u043e\u0434\u043e\u0432, \u0442\u0443\u0440\u0438\u0437\u043c\u0430, \u043e\u0434\u0435\u0436\u0434\u044b \u0438 \u043e\u0431\u0443\u0432\u0438 \u0434\u043b\u044f \u043f\u043e\u0445\u043e\u0434\u043e\u0432 \u0438 \u043f\u0443\u0442\u0435\u0448\u0435\u0441\u0442\u0432\u0438\u0439\"},{\"@type\":\"BreadcrumbList\",\"@id\":\"https:\\\/\\\/xstyle.md\\\/product\\\/spalnyj-meshok-outwell-contour-junior\\\/#breadcrumb\",\"itemListElement\":[{\"@type\":\"ListItem\",\"position\":1,\"name\":\"\u0413\u043b\u0430\u0432\u043d\u0430\u044f \u0441\u0442\u0440\u0430\u043d\u0438\u0446\u0430\",\"item\":\"https:\\\/\\\/xstyle.md\\\/\"},{\"@type\":\"ListItem\",\"position\":2,\"name\":\"\u041c\u0430\u0433\u0430\u0437\u0438\u043d\",\"item\":\"https:\\\/\\\/xstyle.md\\\/shop\\\/\"},{\"@type\":\"ListItem\",\"position\":3,\"name\":\"\u0421\u043f\u0430\u043b\u044c\u043d\u044b\u0439 \u043c\u0435\u0448\u043e\u043a Outwell Contour Junior\"}]},{\"@type\":\"WebSite\",\"@id\":\"https:\\\/\\\/xstyle.md\\\/#website\",\"url\":\"https:\\\/\\\/xstyle.md\\\/\",\"name\":\"\u041c\u0430\u0433\u0430\u0437\u0438\u043d Xstyle\",\"description\":\"C\u043d\u0430\u0440\u044f\u0436\u0435\u043d\u0438\u0435 \u0434\u043b\u044f \u0442\u0443\u0440\u0438\u0437\u043c\u0430 \u0438 \u044d\u043a\u0441\u0442\u0440\u0435\u043c\u0430\u043b\u044c\u043d\u044b\u0445 \u0432\u0438\u0434\u043e\u0432 \u0441\u043f\u043e\u0440\u0442\u0430 \u0432 \u041c\u043e\u043b\u0434\u043e\u0432\u0435.. \u0426\u0435\u043d\u044b, \u0444\u043e\u0442\u043e, \u0445\u0430\u0440\u0430\u043a\u0442\u0435\u0440\u0438\u0441\u0442\u0438\u043a\u0438 \u0432 \u041c\u043e\u043b\u0434\u043e\u0432\u0435.\",\"publisher\":{\"@id\":\"https:\\\/\\\/xstyle.md\\\/#organization\"},\"alternateName\":\"X-Style\",\"potentialAction\":[{\"@type\":\"SearchAction\",\"target\":{\"@type\":\"EntryPoint\",\"urlTemplate\":\"https:\\\/\\\/xstyle.md\\\/?s={search_term_string}\"},\"query-input\":{\"@type\":\"PropertyValueSpecification\",\"valueRequired\":true,\"valueName\":\"search_term_string\"}}],\"inLanguage\":\"ro-RO\"},{\"@type\":\"Organization\",\"@id\":\"https:\\\/\\\/xstyle.md\\\/#organization\",\"name\":\"\u041c\u0430\u0433\u0430\u0437\u0438\u043d Xstyle\",\"alternateName\":\"x-style\",\"url\":\"https:\\\/\\\/xstyle.md\\\/\",\"logo\":{\"@type\":\"ImageObject\",\"inLanguage\":\"ro-RO\",\"@id\":\"https:\\\/\\\/xstyle.md\\\/#\\\/schema\\\/logo\\\/image\\\/\",\"url\":\"https:\\\/\\\/xstyle.md\\\/wp-content\\\/uploads\\\/2020\\\/06\\\/logoicon.svg\",\"contentUrl\":\"https:\\\/\\\/xstyle.md\\\/wp-content\\\/uploads\\\/2020\\\/06\\\/logoicon.svg\",\"caption\":\"\u041c\u0430\u0433\u0430\u0437\u0438\u043d Xstyle\"},\"image\":{\"@id\":\"https:\\\/\\\/xstyle.md\\\/#\\\/schema\\\/logo\\\/image\\\/\"},\"sameAs\":[\"https:\\\/\\\/www.facebook.com\\\/xstylemd\",\"https:\\\/\\\/www.instagram.com\\\/xstyle_md\\\/\",\"https:\\\/\\\/t.me\\\/xstyle_outdoor\"],\"hasMerchantReturnPolicy\":{\"@type\":\"MerchantReturnPolicy\",\"merchantReturnLink\":\"https:\\\/\\\/xstyle.md\\\/ro\\\/conditions\\\/\"}}]}<\/script>\n<meta property=\"product:price:amount\" content=\"1490.00\" \/>\n<meta property=\"product:price:currency\" content=\"MDL\" \/>\n<meta property=\"og:availability\" content=\"instock\" \/>\n<meta property=\"product:availability\" content=\"instock\" \/>\n<meta property=\"product:retailer_item_id\" content=\"5709388136701\" \/>\n<meta property=\"product:condition\" content=\"new\" \/>\n<!-- \/ Yoast SEO plugin. -->","yoast_head_json":{"title":"Sac de dormit Outwell Contour Junior - Magazin Xstyle","description":"Sac de dormit Outwell Contour Junior \u2013 alegerea perfect\u0103 pentru copii. Moale, cald, cu un design viu. Este ideal pentru excursiile de var\u0103 \u00een familie!","robots":{"index":"index","follow":"follow","max-snippet":"max-snippet:-1","max-image-preview":"max-image-preview:large","max-video-preview":"max-video-preview:-1"},"canonical":"https:\/\/xstyle.md\/ro\/produs\/spalnyj-meshok-outwell-contour-junior\/","og_locale":"ro_RO","og_type":"article","og_title":"\u0421\u043f\u0430\u043b\u044c\u043d\u044b\u0439 \u043c\u0435\u0448\u043e\u043a Outwell Contour Junior - \u041c\u0430\u0433\u0430\u0437\u0438\u043d Xstyle","og_description":"\u0421\u043f\u0430\u043b\u044c\u043d\u044b\u0439 \u043c\u0435\u0448\u043e\u043a Outwell Contour Junior \u2014 \u0438\u0434\u0435\u0430\u043b\u044c\u043d\u044b\u0439 \u0432\u044b\u0431\u043e\u0440 \u0434\u043b\u044f \u0434\u0435\u0442\u0435\u0439. \u041c\u044f\u0433\u043a\u0438\u0439, \u0442\u0435\u043f\u043b\u044b\u0439, \u0441 \u044f\u0440\u043a\u0438\u043c \u0434\u0438\u0437\u0430\u0439\u043d\u043e\u043c. \u041e\u0442\u043b\u0438\u0447\u043d\u043e \u043f\u043e\u0434\u0445\u043e\u0434\u0438\u0442 \u0434\u043b\u044f \u0441\u0435\u043c\u0435\u0439\u043d\u044b\u0445 \u043b\u0435\u0442\u043d\u0438\u0445 \u043f\u043e\u0445\u043e\u0434\u043e\u0432!","og_url":"https:\/\/xstyle.md\/ro\/produs\/spalnyj-meshok-outwell-contour-junior\/","og_site_name":"\u041c\u0430\u0433\u0430\u0437\u0438\u043d Xstyle","article_publisher":"https:\/\/www.facebook.com\/xstylemd","article_modified_time":"2025-10-24T09:59:11+00:00","og_image":[{"width":784,"height":692,"url":"https:\/\/xstyle.md\/wp-content\/uploads\/2024\/04\/outwell-contour-junior-deep-blue.jpg","type":"image\/jpeg"}],"twitter_card":"summary_large_image","twitter_misc":{"Pre\u021b":"1.490&nbsp;MDL","Disponibilitate":"\u00cen stoc"},"schema":{"@context":"https:\/\/schema.org","@graph":[{"@type":"WebPage","@id":"https:\/\/xstyle.md\/product\/spalnyj-meshok-outwell-contour-junior\/","url":"https:\/\/xstyle.md\/product\/spalnyj-meshok-outwell-contour-junior\/","name":"Sac de dormit Outwell Contour Junior - Magazin Xstyle","isPartOf":{"@id":"https:\/\/xstyle.md\/#website"},"primaryImageOfPage":{"@id":"https:\/\/xstyle.md\/product\/spalnyj-meshok-outwell-contour-junior\/#primaryimage"},"image":{"@id":"https:\/\/xstyle.md\/product\/spalnyj-meshok-outwell-contour-junior\/#primaryimage"},"thumbnailUrl":"https:\/\/xstyle.md\/wp-content\/uploads\/2024\/04\/outwell-contour-junior-deep-blue.jpg","datePublished":"2024-04-04T10:43:50+00:00","dateModified":"2025-10-24T09:59:11+00:00","description":"Sac de dormit Outwell Contour Junior \u2013 alegerea perfect\u0103 pentru copii. Moale, cald, cu un design viu. Este ideal pentru excursiile de var\u0103 \u00een familie!","breadcrumb":{"@id":"https:\/\/xstyle.md\/product\/spalnyj-meshok-outwell-contour-junior\/#breadcrumb"},"inLanguage":"ro-RO","potentialAction":[{"@type":"ReadAction","target":["https:\/\/xstyle.md\/product\/spalnyj-meshok-outwell-contour-junior\/"]}]},{"@type":"ImageObject","inLanguage":"ro-RO","@id":"https:\/\/xstyle.md\/product\/spalnyj-meshok-outwell-contour-junior\/#primaryimage","url":"https:\/\/xstyle.md\/wp-content\/uploads\/2024\/04\/outwell-contour-junior-deep-blue.jpg","contentUrl":"https:\/\/xstyle.md\/wp-content\/uploads\/2024\/04\/outwell-contour-junior-deep-blue.jpg","width":784,"height":692,"caption":"\u0421\u043f\u0430\u043b\u044c\u043d\u044b\u0439 \u043c\u0435\u0448\u043e\u043a Outwell Contour Junior \u0434\u043b\u044f \u0430\u043a\u0442\u0438\u0432\u043d\u043e\u0433\u043e \u043e\u0442\u0434\u044b\u0445\u0430, \u043f\u043e\u0445\u043e\u0434\u043e\u0432, \u0442\u0443\u0440\u0438\u0437\u043c\u0430, \u043e\u0434\u0435\u0436\u0434\u044b \u0438 \u043e\u0431\u0443\u0432\u0438 \u0434\u043b\u044f \u043f\u043e\u0445\u043e\u0434\u043e\u0432 \u0438 \u043f\u0443\u0442\u0435\u0448\u0435\u0441\u0442\u0432\u0438\u0439"},{"@type":"BreadcrumbList","@id":"https:\/\/xstyle.md\/product\/spalnyj-meshok-outwell-contour-junior\/#breadcrumb","itemListElement":[{"@type":"ListItem","position":1,"name":"\u0413\u043b\u0430\u0432\u043d\u0430\u044f \u0441\u0442\u0440\u0430\u043d\u0438\u0446\u0430","item":"https:\/\/xstyle.md\/"},{"@type":"ListItem","position":2,"name":"\u041c\u0430\u0433\u0430\u0437\u0438\u043d","item":"https:\/\/xstyle.md\/shop\/"},{"@type":"ListItem","position":3,"name":"\u0421\u043f\u0430\u043b\u044c\u043d\u044b\u0439 \u043c\u0435\u0448\u043e\u043a Outwell Contour Junior"}]},{"@type":"WebSite","@id":"https:\/\/xstyle.md\/#website","url":"https:\/\/xstyle.md\/","name":"Magazinul X-Style","description":"Echipamente pentru turism \u0219i sporturi extreme \u00een Moldova. Pre\u021buri, fotografii, caracteristici \u00een Moldova.","publisher":{"@id":"https:\/\/xstyle.md\/#organization"},"alternateName":"X-Style","potentialAction":[{"@type":"SearchAction","target":{"@type":"EntryPoint","urlTemplate":"https:\/\/xstyle.md\/?s={search_term_string}"},"query-input":{"@type":"PropertyValueSpecification","valueRequired":true,"valueName":"search_term_string"}}],"inLanguage":"ro-RO"},{"@type":"Organization","@id":"https:\/\/xstyle.md\/#organization","name":"Magazinul X-Style","alternateName":"x-style","url":"https:\/\/xstyle.md\/","logo":{"@type":"ImageObject","inLanguage":"ro-RO","@id":"https:\/\/xstyle.md\/#\/schema\/logo\/image\/","url":"https:\/\/xstyle.md\/wp-content\/uploads\/2020\/06\/logoicon.svg","contentUrl":"https:\/\/xstyle.md\/wp-content\/uploads\/2020\/06\/logoicon.svg","caption":"\u041c\u0430\u0433\u0430\u0437\u0438\u043d Xstyle"},"image":{"@id":"https:\/\/xstyle.md\/#\/schema\/logo\/image\/"},"sameAs":["https:\/\/www.facebook.com\/xstylemd","https:\/\/www.instagram.com\/xstyle_md\/","https:\/\/t.me\/xstyle_outdoor"],"hasMerchantReturnPolicy":{"@type":"MerchantReturnPolicy","merchantReturnLink":"https:\/\/xstyle.md\/ro\/conditions\/"}}]},"product_price_amount":"1490.00","product_price_currency":"MDL","og_availability":"instock","product_availability":"instock","product_retailer_item_id":"5709388136701","product_condition":"new"},"post_mailing_queue_ids":[],"_links":{"self":[{"href":"https:\/\/xstyle.md\/ro\/wp-json\/wp\/v2\/product\/81329","targetHints":{"allow":["GET"]}}],"collection":[{"href":"https:\/\/xstyle.md\/ro\/wp-json\/wp\/v2\/product"}],"about":[{"href":"https:\/\/xstyle.md\/ro\/wp-json\/wp\/v2\/types\/product"}],"replies":[{"embeddable":true,"href":"https:\/\/xstyle.md\/ro\/wp-json\/wp\/v2\/comments?post=81329"}],"wp:featuredmedia":[{"embeddable":true,"href":"https:\/\/xstyle.md\/ro\/wp-json\/wp\/v2\/media\/81880"}],"wp:attachment":[{"href":"https:\/\/xstyle.md\/ro\/wp-json\/wp\/v2\/media?parent=81329"}],"wp:term":[{"taxonomy":"product_brand","embeddable":true,"href":"https:\/\/xstyle.md\/ro\/wp-json\/wp\/v2\/product_brand?post=81329"},{"taxonomy":"product_cat","embeddable":true,"href":"https:\/\/xstyle.md\/ro\/wp-json\/wp\/v2\/product_cat?post=81329"},{"taxonomy":"product_tag","embeddable":true,"href":"https:\/\/xstyle.md\/ro\/wp-json\/wp\/v2\/product_tag?post=81329"}],"curies":[{"name":"wp","href":"https:\/\/api.w.org\/{rel}","templated":true}]}}