{"id":81314,"date":"2024-04-04T13:43:39","date_gmt":"2024-04-04T10:43:39","guid":{"rendered":"https:\/\/xstyle.md\/?post_type=product&#038;p=81314"},"modified":"2024-10-21T09:10:46","modified_gmt":"2024-10-21T06:10:46","slug":"ryukzak-deuter-superbike-16-sl","status":"publish","type":"product","link":"https:\/\/dev.xstyle.md\/ro\/produs\/ryukzak-deuter-superbike-16-sl\/","title":{"rendered":"Rucsac Deuter Superbike 16 SL"},"content":{"rendered":"<\/p>\n<p><strong>Deuter Superbike 16 SL<\/strong> &#8212; rucsacul de ciclism pentru femei ofer\u0103 o ventila\u021bie excelent\u0103 Airstripes, o potrivire confortabil\u0103 \u0219i o distribu\u021bie uniform\u0103 a greut\u0103\u021bii pentru plimb\u0103rile de o zi. Pentru o organizare eficient\u0103 \u0219i un acces rapid, exist\u0103 buzunare laterale \u0219i pentru centura de \u0219old, un buzunar frontal practic \u0219i un compartiment principal spa\u021bios cu fermoar, cu compartimente interne \u0219i bucle pentru echipament la exterior. Alte caracteristici distinctive ale acestui rucsac includ un deflector de v\u00e2nt \u0219i un covora\u0219 de \u0219ezut integrat, o hus\u0103 de ploaie de culoare neon \u0219i un buzunar organizator de scule.<\/p>\n<h3>Particularit\u0103\u021bi<\/h3>\n<ul>\n<li>Sistemul de sp\u0103tar Airstripes este format din dou\u0103 role paralele din spum\u0103 sintetic\u0103 tridimensional\u0103 \u0219i \u021bes\u0103tur\u0103 cu ochiuri, oferind un echilibru corect de ventila\u021bie \u0219i o potrivire confortabil\u0103 pe spate.<\/li>\n<li>Curele ergonomice cu margini c\u0103ptu\u0219ite \u0219i netezite<\/li>\n<li>Curea de piept u\u0219or de reglat<\/li>\n<li>Cureaua de piept reglabil\u0103<\/li>\n<li>Sistem de depozitare a ochelarilor pe cureaua de um\u0103r<\/li>\n<li>Buzunare laterale din plas\u0103<\/li>\n<li>Compartiment pentru rufe umede<\/li>\n<li>Compatibil cu sistemul de b\u0103utur\u0103 de 3,0 litri<\/li>\n<li>Buzunar cu fermoar \u00een partea superioar\u0103<\/li>\n<li>Plas\u0103 de re\u021binere a c\u0103\u0219tii, se \u00eenghesuie frumos \u00een interior atunci c\u00e2nd nu este necesar<\/li>\n<li>Protec\u021bie respirabil\u0103 \u00eempotriva v\u00e2ntului pe capacul rucsacului<\/li>\n<li>Compartiment frontal cu fermoar<\/li>\n<li>Compartiment intern de depozitare pentru obiecte de valoare<\/li>\n<li>Clip pentru chei<\/li>\n<li>Detalii reflectorizante<\/li>\n<li>Covora\u0219 deta\u0219abil pentru scaun<\/li>\n<li>F\u0103r\u0103 PFAS<\/li>\n<li>Produs certificat ClimatePartner<\/li>\n<li>Produs bluesign\u00ae<\/li>\n<li>Produs certificat Green Button<\/li>\n<\/ul>\n<h3>Caracteristici<\/h3>\n<ul>\n<li>Greutate &#8212; 940 de grame<\/li>\n<li>Volum &#8212; 16 litri<\/li>\n<li>Dimensiuni &#8212; 46 x 26 x 18 (H x L x P) cm<\/li>\n<li>Material &#8212; 600D PES REC BS\/ 210D PA RECYCLED 600D PES REC BS\/ 210D PA RECYCLED<\/li>\n<li>Potrivit pentru bagajele de m\u00e2n\u0103<\/li>\n<li>Hus\u0103 de ploaie &#8212; da<\/li>\n<li>Ventila\u021bie &#8212; da<\/li>\n<li>Scop &#8212; ciclism<\/li>\n<li>Model &#8212; pentru femei<\/li>\n<\/ul>\n<h3>Marca<\/h3>\n<p>Deuter este o marc\u0103 german\u0103 de gen\u021bi de sport \u0219i gen\u021bi pentru drume\u021bii, trekking, sporturi de iarn\u0103 \u0219i alte scopuri. Istoria companiei dateaz\u0103 de mai bine de 100 de ani: fondat\u0103 de Hans Deuter \u00een 1898, la \u00eenceputul secolului XX Deuter furniza deja saci po\u0219tali pentru Po\u0219ta Regal\u0103 Bavarez\u0103, iar \u00een anii 1910 &#8212; rucsacuri, gen\u021bi, curele \u0219i corturi pentru armat\u0103.<\/p>\n<p>Fiind unul dintre cei mai importan\u021bi produc\u0103tori de rucsacuri, Deuter a cooperat \u00eentotdeauna cu alpini\u0219ti experimenta\u021bi, care \u00eemp\u0103rt\u0103\u0219esc din experien\u021ba \u0219i cuno\u0219tin\u021bele lor bogate. Deuter nu se opre\u0219te la rezultatele ob\u021binute, lucr\u00e2nd \u00een mod constant la calitate \u0219i la \u00eembun\u0103t\u0103\u021birea produselor sale. Speciali\u0219tii companiei sunt mereu \u00een c\u0103utare de noi solu\u021bii tehnice care s\u0103 v\u0103 asigure confortul \u0219i siguran\u021ba.<\/p>\n<p><\/p>","protected":false},"excerpt":{"rendered":"","protected":false},"featured_media":82160,"comment_status":"open","ping_status":"closed","template":"","meta":{"_acf_changed":false,"inline_featured_image":false},"product_brand":[1261],"product_cat":[843],"product_tag":[],"class_list":{"0":"post-81314","1":"product","2":"type-product","3":"status-publish","4":"has-post-thumbnail","6":"product_brand-deuter","7":"product_cat-biking-and-cross-country","9":"first","10":"instock","11":"shipping-taxable","12":"purchasable","13":"product-type-simple"},"acf":[],"yoast_head":"<!-- This site is optimized with the Yoast SEO plugin v27.5 - https:\/\/yoast.com\/product\/yoast-seo-wordpress\/ -->\n<title>\u0420\u044e\u043a\u0437\u0430\u043a Deuter Superbike 16 SL - \u041c\u0430\u0433\u0430\u0437\u0438\u043d Xstyle<\/title>\n<meta name=\"description\" content=\"\u0420\u044e\u043a\u0437\u0430\u043a Deuter Superbike 16 SL \u0434\u043b\u044f \u0436\u0435\u043d\u0449\u0438\u043d: \u043e\u0442\u043b\u0438\u0447\u043d\u0430\u044f \u0432\u0435\u043d\u0442\u0438\u043b\u044f\u0446\u0438\u044f Airstripes, \u043a\u043e\u043c\u0444\u043e\u0440\u0442\u043d\u0430\u044f \u043f\u043e\u0441\u0430\u0434\u043a\u0430, \u0440\u0430\u0432\u043d\u043e\u043c\u0435\u0440\u043d\u043e\u0435 \u0440\u0430\u0441\u043f\u0440\u0435\u0434\u0435\u043b\u0435\u043d\u0438\u0435 \u0432\u0435\u0441\u0430. \u0418\u0434\u0435\u0430\u043b\u0435\u043d \u0434\u043b\u044f \u0432\u0435\u043b\u043e\u043f\u0440\u043e\u0433\u0443\u043b\u043e\u043a!\" \/>\n<meta name=\"robots\" content=\"noindex, follow, max-snippet:-1, max-image-preview:large, max-video-preview:-1\" \/>\n<meta property=\"og:locale\" content=\"ro_RO\" \/>\n<meta property=\"og:type\" content=\"article\" \/>\n<meta property=\"og:title\" content=\"\u0420\u044e\u043a\u0437\u0430\u043a Deuter Superbike 16 SL - \u041c\u0430\u0433\u0430\u0437\u0438\u043d Xstyle\" \/>\n<meta property=\"og:description\" content=\"\u0420\u044e\u043a\u0437\u0430\u043a Deuter Superbike 16 SL \u0434\u043b\u044f \u0436\u0435\u043d\u0449\u0438\u043d: \u043e\u0442\u043b\u0438\u0447\u043d\u0430\u044f \u0432\u0435\u043d\u0442\u0438\u043b\u044f\u0446\u0438\u044f Airstripes, \u043a\u043e\u043c\u0444\u043e\u0440\u0442\u043d\u0430\u044f \u043f\u043e\u0441\u0430\u0434\u043a\u0430, \u0440\u0430\u0432\u043d\u043e\u043c\u0435\u0440\u043d\u043e\u0435 \u0440\u0430\u0441\u043f\u0440\u0435\u0434\u0435\u043b\u0435\u043d\u0438\u0435 \u0432\u0435\u0441\u0430. \u0418\u0434\u0435\u0430\u043b\u0435\u043d \u0434\u043b\u044f \u0432\u0435\u043b\u043e\u043f\u0440\u043e\u0433\u0443\u043b\u043e\u043a!\" \/>\n<meta property=\"og:url\" content=\"https:\/\/dev.xstyle.md\/ro\/produs\/ryukzak-deuter-superbike-16-sl\/\" \/>\n<meta property=\"og:site_name\" content=\"\u041c\u0430\u0433\u0430\u0437\u0438\u043d Xstyle\" \/>\n<meta property=\"article:publisher\" content=\"https:\/\/www.facebook.com\/xstylemd\" \/>\n<meta property=\"article:modified_time\" content=\"2024-10-21T06:10:46+00:00\" \/>\n<meta property=\"og:image\" content=\"https:\/\/dev.xstyle.md\/wp-content\/uploads\/2024\/04\/deuter-superbike-16-sl-tin-shale.jpg\" \/>\n\t<meta property=\"og:image:width\" content=\"2463\" \/>\n\t<meta property=\"og:image:height\" content=\"2268\" \/>\n\t<meta property=\"og:image:type\" content=\"image\/jpeg\" \/>\n<meta name=\"twitter:card\" content=\"summary_large_image\" \/>\n<meta name=\"twitter:label1\" content=\"Pre\u021b\" \/>\n\t<meta name=\"twitter:data1\" content=\"2.280,00&nbsp;MDL\" \/>\n\t<meta name=\"twitter:label2\" content=\"Disponibilitate\" \/>\n\t<meta name=\"twitter:data2\" content=\"\u00cen stoc\" \/>\n<script type=\"application\/ld+json\" class=\"yoast-schema-graph\">{\"@context\":\"https:\\\/\\\/schema.org\",\"@graph\":[{\"@type\":\"WebPage\",\"@id\":\"https:\\\/\\\/dev.xstyle.md\\\/product\\\/ryukzak-deuter-superbike-16-sl\\\/\",\"url\":\"https:\\\/\\\/dev.xstyle.md\\\/product\\\/ryukzak-deuter-superbike-16-sl\\\/\",\"name\":\"\u0420\u044e\u043a\u0437\u0430\u043a Deuter Superbike 16 SL - \u041c\u0430\u0433\u0430\u0437\u0438\u043d Xstyle\",\"isPartOf\":{\"@id\":\"https:\\\/\\\/dev.xstyle.md\\\/#website\"},\"primaryImageOfPage\":{\"@id\":\"https:\\\/\\\/dev.xstyle.md\\\/product\\\/ryukzak-deuter-superbike-16-sl\\\/#primaryimage\"},\"image\":{\"@id\":\"https:\\\/\\\/dev.xstyle.md\\\/product\\\/ryukzak-deuter-superbike-16-sl\\\/#primaryimage\"},\"thumbnailUrl\":\"https:\\\/\\\/dev.xstyle.md\\\/wp-content\\\/uploads\\\/2024\\\/04\\\/deuter-superbike-16-sl-tin-shale.jpg\",\"datePublished\":\"2024-04-04T10:43:39+00:00\",\"dateModified\":\"2024-10-21T06:10:46+00:00\",\"description\":\"\u0420\u044e\u043a\u0437\u0430\u043a Deuter Superbike 16 SL \u0434\u043b\u044f \u0436\u0435\u043d\u0449\u0438\u043d: \u043e\u0442\u043b\u0438\u0447\u043d\u0430\u044f \u0432\u0435\u043d\u0442\u0438\u043b\u044f\u0446\u0438\u044f Airstripes, \u043a\u043e\u043c\u0444\u043e\u0440\u0442\u043d\u0430\u044f \u043f\u043e\u0441\u0430\u0434\u043a\u0430, \u0440\u0430\u0432\u043d\u043e\u043c\u0435\u0440\u043d\u043e\u0435 \u0440\u0430\u0441\u043f\u0440\u0435\u0434\u0435\u043b\u0435\u043d\u0438\u0435 \u0432\u0435\u0441\u0430. \u0418\u0434\u0435\u0430\u043b\u0435\u043d \u0434\u043b\u044f \u0432\u0435\u043b\u043e\u043f\u0440\u043e\u0433\u0443\u043b\u043e\u043a!\",\"breadcrumb\":{\"@id\":\"https:\\\/\\\/dev.xstyle.md\\\/product\\\/ryukzak-deuter-superbike-16-sl\\\/#breadcrumb\"},\"inLanguage\":\"ro-RO\",\"potentialAction\":[{\"@type\":\"ReadAction\",\"target\":[\"https:\\\/\\\/dev.xstyle.md\\\/product\\\/ryukzak-deuter-superbike-16-sl\\\/\"]}]},{\"@type\":\"ImageObject\",\"inLanguage\":\"ro-RO\",\"@id\":\"https:\\\/\\\/dev.xstyle.md\\\/product\\\/ryukzak-deuter-superbike-16-sl\\\/#primaryimage\",\"url\":\"https:\\\/\\\/dev.xstyle.md\\\/wp-content\\\/uploads\\\/2024\\\/04\\\/deuter-superbike-16-sl-tin-shale.jpg\",\"contentUrl\":\"https:\\\/\\\/dev.xstyle.md\\\/wp-content\\\/uploads\\\/2024\\\/04\\\/deuter-superbike-16-sl-tin-shale.jpg\",\"width\":1920,\"height\":1768,\"caption\":\"\u0420\u044e\u043a\u0437\u0430\u043a Deuter Superbike 16 SL \u0434\u043b\u044f \u0430\u043a\u0442\u0438\u0432\u043d\u043e\u0433\u043e \u043e\u0442\u0434\u044b\u0445\u0430, \u043f\u043e\u0445\u043e\u0434\u043e\u0432, \u0442\u0443\u0440\u0438\u0437\u043c\u0430, \u0441\u043f\u043e\u0440\u0442\u0438\u0432\u043d\u043e\u0439 \u043e\u0434\u0435\u0436\u0434\u044b \u0438 \u043e\u0431\u0443\u0432\u0438 \u0434\u043b\u044f \u043f\u0443\u0442\u0435\u0448\u0435\u0441\u0442\u0432\u0438\u0439, \u043a\u0435\u043c\u043f\u0438\u043d\u0433\u0430 \u0438 \u0430\u043b\u044c\u043f\u0438\u043d\u0438\u0437\u043c\u0430\"},{\"@type\":\"BreadcrumbList\",\"@id\":\"https:\\\/\\\/dev.xstyle.md\\\/product\\\/ryukzak-deuter-superbike-16-sl\\\/#breadcrumb\",\"itemListElement\":[{\"@type\":\"ListItem\",\"position\":1,\"name\":\"\u0413\u043b\u0430\u0432\u043d\u0430\u044f \u0441\u0442\u0440\u0430\u043d\u0438\u0446\u0430\",\"item\":\"https:\\\/\\\/dev.xstyle.md\\\/\"},{\"@type\":\"ListItem\",\"position\":2,\"name\":\"Shop\",\"item\":\"https:\\\/\\\/dev.xstyle.md\\\/shop\\\/\"},{\"@type\":\"ListItem\",\"position\":3,\"name\":\"\u0420\u044e\u043a\u0437\u0430\u043a Deuter Superbike 16 SL\"}]},{\"@type\":\"WebSite\",\"@id\":\"https:\\\/\\\/dev.xstyle.md\\\/#website\",\"url\":\"https:\\\/\\\/dev.xstyle.md\\\/\",\"name\":\"\u041c\u0430\u0433\u0430\u0437\u0438\u043d Xstyle\",\"description\":\"C\u043d\u0430\u0440\u044f\u0436\u0435\u043d\u0438\u0435 \u0434\u043b\u044f \u0442\u0443\u0440\u0438\u0437\u043c\u0430 \u0438 \u044d\u043a\u0441\u0442\u0440\u0435\u043c\u0430\u043b\u044c\u043d\u044b\u0445 \u0432\u0438\u0434\u043e\u0432 \u0441\u043f\u043e\u0440\u0442\u0430 \u0432 \u041c\u043e\u043b\u0434\u043e\u0432\u0435.. \u0426\u0435\u043d\u044b, \u0444\u043e\u0442\u043e, \u0445\u0430\u0440\u0430\u043a\u0442\u0435\u0440\u0438\u0441\u0442\u0438\u043a\u0438 \u0432 \u041c\u043e\u043b\u0434\u043e\u0432\u0435.\",\"publisher\":{\"@id\":\"https:\\\/\\\/dev.xstyle.md\\\/#organization\"},\"alternateName\":\"X-Style\",\"potentialAction\":[{\"@type\":\"SearchAction\",\"target\":{\"@type\":\"EntryPoint\",\"urlTemplate\":\"https:\\\/\\\/dev.xstyle.md\\\/?s={search_term_string}\"},\"query-input\":{\"@type\":\"PropertyValueSpecification\",\"valueRequired\":true,\"valueName\":\"search_term_string\"}}],\"inLanguage\":\"ro-RO\"},{\"@type\":\"Organization\",\"@id\":\"https:\\\/\\\/dev.xstyle.md\\\/#organization\",\"name\":\"\u041c\u0430\u0433\u0430\u0437\u0438\u043d Xstyle\",\"alternateName\":\"x-style\",\"url\":\"https:\\\/\\\/dev.xstyle.md\\\/\",\"logo\":{\"@type\":\"ImageObject\",\"inLanguage\":\"ro-RO\",\"@id\":\"https:\\\/\\\/dev.xstyle.md\\\/#\\\/schema\\\/logo\\\/image\\\/\",\"url\":\"https:\\\/\\\/dev.xstyle.md\\\/wp-content\\\/uploads\\\/2020\\\/06\\\/logoicon.svg\",\"contentUrl\":\"https:\\\/\\\/dev.xstyle.md\\\/wp-content\\\/uploads\\\/2020\\\/06\\\/logoicon.svg\",\"caption\":\"\u041c\u0430\u0433\u0430\u0437\u0438\u043d Xstyle\"},\"image\":{\"@id\":\"https:\\\/\\\/dev.xstyle.md\\\/#\\\/schema\\\/logo\\\/image\\\/\"},\"sameAs\":[\"https:\\\/\\\/www.facebook.com\\\/xstylemd\",\"https:\\\/\\\/www.instagram.com\\\/xstyle_md\\\/\",\"https:\\\/\\\/t.me\\\/xstyle_outdoor\"],\"hasMerchantReturnPolicy\":{\"@type\":\"MerchantReturnPolicy\",\"merchantReturnLink\":\"https:\\\/\\\/dev.xstyle.md\\\/ro\\\/conditions\\\/\"}}]}<\/script>\n<meta property=\"product:price:amount\" content=\"2280.00\" \/>\n<meta property=\"product:price:currency\" content=\"MDL\" \/>\n<meta property=\"og:availability\" content=\"instock\" \/>\n<meta property=\"product:availability\" content=\"instock\" \/>\n<meta property=\"product:retailer_item_id\" content=\"4046051157511\" \/>\n<meta property=\"product:condition\" content=\"new\" \/>\n<!-- \/ Yoast SEO plugin. -->","yoast_head_json":{"title":"Rucsac Deuter Superbike 16 SL - Magazin Xstyle","description":"Rucsacul Deuter Superbike 16 SL pentru femei: ventila\u021bie excelent\u0103 Airstripes, ajustare confortabil\u0103, distribu\u021bie uniform\u0103 a greut\u0103\u021bii. Ideal pentru plimb\u0103ri cu bicicleta!","robots":{"index":"noindex","follow":"follow","max-snippet":"max-snippet:-1","max-image-preview":"max-image-preview:large","max-video-preview":"max-video-preview:-1"},"og_locale":"ro_RO","og_type":"article","og_title":"\u0420\u044e\u043a\u0437\u0430\u043a Deuter Superbike 16 SL - \u041c\u0430\u0433\u0430\u0437\u0438\u043d Xstyle","og_description":"\u0420\u044e\u043a\u0437\u0430\u043a Deuter Superbike 16 SL \u0434\u043b\u044f \u0436\u0435\u043d\u0449\u0438\u043d: \u043e\u0442\u043b\u0438\u0447\u043d\u0430\u044f \u0432\u0435\u043d\u0442\u0438\u043b\u044f\u0446\u0438\u044f Airstripes, \u043a\u043e\u043c\u0444\u043e\u0440\u0442\u043d\u0430\u044f \u043f\u043e\u0441\u0430\u0434\u043a\u0430, \u0440\u0430\u0432\u043d\u043e\u043c\u0435\u0440\u043d\u043e\u0435 \u0440\u0430\u0441\u043f\u0440\u0435\u0434\u0435\u043b\u0435\u043d\u0438\u0435 \u0432\u0435\u0441\u0430. \u0418\u0434\u0435\u0430\u043b\u0435\u043d \u0434\u043b\u044f \u0432\u0435\u043b\u043e\u043f\u0440\u043e\u0433\u0443\u043b\u043e\u043a!","og_url":"https:\/\/dev.xstyle.md\/ro\/produs\/ryukzak-deuter-superbike-16-sl\/","og_site_name":"\u041c\u0430\u0433\u0430\u0437\u0438\u043d Xstyle","article_publisher":"https:\/\/www.facebook.com\/xstylemd","article_modified_time":"2024-10-21T06:10:46+00:00","og_image":[{"width":2463,"height":2268,"url":"https:\/\/dev.xstyle.md\/wp-content\/uploads\/2024\/04\/deuter-superbike-16-sl-tin-shale.jpg","type":"image\/jpeg"}],"twitter_card":"summary_large_image","twitter_misc":{"Pre\u021b":"2.280,00&nbsp;MDL","Disponibilitate":"\u00cen stoc"},"schema":{"@context":"https:\/\/schema.org","@graph":[{"@type":"WebPage","@id":"https:\/\/dev.xstyle.md\/product\/ryukzak-deuter-superbike-16-sl\/","url":"https:\/\/dev.xstyle.md\/product\/ryukzak-deuter-superbike-16-sl\/","name":"Rucsac Deuter Superbike 16 SL - Magazin Xstyle","isPartOf":{"@id":"https:\/\/dev.xstyle.md\/#website"},"primaryImageOfPage":{"@id":"https:\/\/dev.xstyle.md\/product\/ryukzak-deuter-superbike-16-sl\/#primaryimage"},"image":{"@id":"https:\/\/dev.xstyle.md\/product\/ryukzak-deuter-superbike-16-sl\/#primaryimage"},"thumbnailUrl":"https:\/\/dev.xstyle.md\/wp-content\/uploads\/2024\/04\/deuter-superbike-16-sl-tin-shale.jpg","datePublished":"2024-04-04T10:43:39+00:00","dateModified":"2024-10-21T06:10:46+00:00","description":"Rucsacul Deuter Superbike 16 SL pentru femei: ventila\u021bie excelent\u0103 Airstripes, ajustare confortabil\u0103, distribu\u021bie uniform\u0103 a greut\u0103\u021bii. Ideal pentru plimb\u0103ri cu bicicleta!","breadcrumb":{"@id":"https:\/\/dev.xstyle.md\/product\/ryukzak-deuter-superbike-16-sl\/#breadcrumb"},"inLanguage":"ro-RO","potentialAction":[{"@type":"ReadAction","target":["https:\/\/dev.xstyle.md\/product\/ryukzak-deuter-superbike-16-sl\/"]}]},{"@type":"ImageObject","inLanguage":"ro-RO","@id":"https:\/\/dev.xstyle.md\/product\/ryukzak-deuter-superbike-16-sl\/#primaryimage","url":"https:\/\/dev.xstyle.md\/wp-content\/uploads\/2024\/04\/deuter-superbike-16-sl-tin-shale.jpg","contentUrl":"https:\/\/dev.xstyle.md\/wp-content\/uploads\/2024\/04\/deuter-superbike-16-sl-tin-shale.jpg","width":1920,"height":1768,"caption":"\u0420\u044e\u043a\u0437\u0430\u043a Deuter Superbike 16 SL \u0434\u043b\u044f \u0430\u043a\u0442\u0438\u0432\u043d\u043e\u0433\u043e \u043e\u0442\u0434\u044b\u0445\u0430, \u043f\u043e\u0445\u043e\u0434\u043e\u0432, \u0442\u0443\u0440\u0438\u0437\u043c\u0430, \u0441\u043f\u043e\u0440\u0442\u0438\u0432\u043d\u043e\u0439 \u043e\u0434\u0435\u0436\u0434\u044b \u0438 \u043e\u0431\u0443\u0432\u0438 \u0434\u043b\u044f \u043f\u0443\u0442\u0435\u0448\u0435\u0441\u0442\u0432\u0438\u0439, \u043a\u0435\u043c\u043f\u0438\u043d\u0433\u0430 \u0438 \u0430\u043b\u044c\u043f\u0438\u043d\u0438\u0437\u043c\u0430"},{"@type":"BreadcrumbList","@id":"https:\/\/dev.xstyle.md\/product\/ryukzak-deuter-superbike-16-sl\/#breadcrumb","itemListElement":[{"@type":"ListItem","position":1,"name":"\u0413\u043b\u0430\u0432\u043d\u0430\u044f \u0441\u0442\u0440\u0430\u043d\u0438\u0446\u0430","item":"https:\/\/dev.xstyle.md\/"},{"@type":"ListItem","position":2,"name":"Shop","item":"https:\/\/dev.xstyle.md\/shop\/"},{"@type":"ListItem","position":3,"name":"\u0420\u044e\u043a\u0437\u0430\u043a Deuter Superbike 16 SL"}]},{"@type":"WebSite","@id":"https:\/\/dev.xstyle.md\/#website","url":"https:\/\/dev.xstyle.md\/","name":"Magazinul X-Style","description":"Echipamente pentru turism \u0219i sporturi extreme \u00een Moldova. Pre\u021buri, fotografii, caracteristici \u00een Moldova.","publisher":{"@id":"https:\/\/dev.xstyle.md\/#organization"},"alternateName":"X-Style","potentialAction":[{"@type":"SearchAction","target":{"@type":"EntryPoint","urlTemplate":"https:\/\/dev.xstyle.md\/?s={search_term_string}"},"query-input":{"@type":"PropertyValueSpecification","valueRequired":true,"valueName":"search_term_string"}}],"inLanguage":"ro-RO"},{"@type":"Organization","@id":"https:\/\/dev.xstyle.md\/#organization","name":"Magazinul X-Style","alternateName":"x-style","url":"https:\/\/dev.xstyle.md\/","logo":{"@type":"ImageObject","inLanguage":"ro-RO","@id":"https:\/\/dev.xstyle.md\/#\/schema\/logo\/image\/","url":"https:\/\/dev.xstyle.md\/wp-content\/uploads\/2020\/06\/logoicon.svg","contentUrl":"https:\/\/dev.xstyle.md\/wp-content\/uploads\/2020\/06\/logoicon.svg","caption":"\u041c\u0430\u0433\u0430\u0437\u0438\u043d Xstyle"},"image":{"@id":"https:\/\/dev.xstyle.md\/#\/schema\/logo\/image\/"},"sameAs":["https:\/\/www.facebook.com\/xstylemd","https:\/\/www.instagram.com\/xstyle_md\/","https:\/\/t.me\/xstyle_outdoor"],"hasMerchantReturnPolicy":{"@type":"MerchantReturnPolicy","merchantReturnLink":"https:\/\/dev.xstyle.md\/ro\/conditions\/"}}]},"product_price_amount":"2280.00","product_price_currency":"MDL","og_availability":"instock","product_availability":"instock","product_retailer_item_id":"4046051157511","product_condition":"new"},"post_mailing_queue_ids":[],"_links":{"self":[{"href":"https:\/\/dev.xstyle.md\/ro\/wp-json\/wp\/v2\/product\/81314","targetHints":{"allow":["GET"]}}],"collection":[{"href":"https:\/\/dev.xstyle.md\/ro\/wp-json\/wp\/v2\/product"}],"about":[{"href":"https:\/\/dev.xstyle.md\/ro\/wp-json\/wp\/v2\/types\/product"}],"replies":[{"embeddable":true,"href":"https:\/\/dev.xstyle.md\/ro\/wp-json\/wp\/v2\/comments?post=81314"}],"version-history":[{"count":0,"href":"https:\/\/dev.xstyle.md\/ro\/wp-json\/wp\/v2\/product\/81314\/revisions"}],"wp:featuredmedia":[{"embeddable":true,"href":"https:\/\/dev.xstyle.md\/ro\/wp-json\/wp\/v2\/media\/82160"}],"wp:attachment":[{"href":"https:\/\/dev.xstyle.md\/ro\/wp-json\/wp\/v2\/media?parent=81314"}],"wp:term":[{"taxonomy":"product_brand","embeddable":true,"href":"https:\/\/dev.xstyle.md\/ro\/wp-json\/wp\/v2\/product_brand?post=81314"},{"taxonomy":"product_cat","embeddable":true,"href":"https:\/\/dev.xstyle.md\/ro\/wp-json\/wp\/v2\/product_cat?post=81314"},{"taxonomy":"product_tag","embeddable":true,"href":"https:\/\/dev.xstyle.md\/ro\/wp-json\/wp\/v2\/product_tag?post=81314"}],"curies":[{"name":"wp","href":"https:\/\/api.w.org\/{rel}","templated":true}]}}