{"id":79472,"date":"2024-01-30T14:05:10","date_gmt":"2024-01-30T11:05:10","guid":{"rendered":"https:\/\/xstyle.md\/?post_type=product&#038;p=79472"},"modified":"2026-03-19T17:18:30","modified_gmt":"2026-03-19T14:18:30","slug":"gornolyzhnye-botinki-rossignol-speed-100-hv-black","status":"publish","type":"product","link":"https:\/\/dev.xstyle.md\/ro\/produs\/gornolyzhnye-botinki-rossignol-speed-100-hv-black\/","title":{"rendered":"Cl\u0103pari Rossignol Speed 100 HV+ black"},"content":{"rendered":"<\/p>\n<p><strong>Rossignol Speed 100 HV+<\/strong> &#8212; ghete de schi cu potrivire personalizat\u0103 \u0219i precizie \u00eentr-o form\u0103 lung\u0103 flexibil\u0103 de 104 mm pentru a se potrivi diferitelor forme ale piciorului. Anvelopa este proiectat\u0103 pentru reducerea greut\u0103\u021bii \u0219i transferul complet al puterii, cu un flex reglabil pentru a v\u0103 ajusta schiatul. C\u0103ptu\u0219eala este proiectat\u0103 pentru a se potrivi formei naturale a piciorului \u0219i poate fi ajustat\u0103 individual. Designul confortabil permite introducerea u\u0219oar\u0103 a c\u0103ptu\u0219elii \u00een cizm\u0103.<\/p>\n<h3>Particularit\u0103\u021bi<\/h3>\n<ul>\n<li>Modelul Relaxed Fit are o form\u0103 de 104 mm, cu un antepicior, o zon\u0103 a degetelor \u0219i o glezn\u0103 l\u0103rgite pentru confort \u0219i sus\u021binere pe tot parcursul zilei.<\/li>\n<li>Construc\u021bia proiectat\u0103 a carcasei Sensor Matrix reduce greutatea ghetei \u0219i asigur\u0103 transferul direct de energie c\u0103tre schi<\/li>\n<li>Reglarea simpl\u0103 a fundului ofer\u0103 o gam\u0103 mai larg\u0103 de flexibilitate pentru a personaliza puterea, performan\u021ba \u0219i confortul<\/li>\n<li>Plasticul moale din jurul c\u0103lc\u00e2iului faciliteaz\u0103 deschiderea cataramei ghetei pentru o \u00eenc\u0103l\u021bare confortabil\u0103<\/li>\n<li>C\u0103ptu\u0219elile complet personalizabile sunt 100% personalizabile pentru confort \u00eembun\u0103t\u0103\u021bit, precizie \u0219i transfer de putere<\/li>\n<li>T\u0103lpile exterioare GRIPWALK\u00ae au o band\u0103 de rulare din cauciuc \u0219i un v\u00e2rf ridicat pentru un mers mai natural \u0219i o trac\u021biune \u00eembun\u0103t\u0103\u021bit\u0103<\/li>\n<\/ul>\n<h3>Caracteristici<\/h3>\n<ul>\n<li>Nivelul schiorului &#8212; avansat<\/li>\n<li>Structur\u0103 &#8212; pad de 104 mm, canting, reglare rigiditate<\/li>\n<li>Caracteristici de construc\u021bie &#8212; 4 cleme ALU Micro, curea de alimentare<\/li>\n<li>\u00cenc\u0103l\u021b\u0103minte interioar\u0103 &#8212; Optisensor T3 personalizat<\/li>\n<li>\u00cenc\u0103l\u021b\u0103minte exterioar\u0103 &#8212; POLYOLEFINE<\/li>\n<li>Leg\u0103tur\u0103 &#8212; aluminiu<\/li>\n<li>Talp\u0103 exterioar\u0103 &#8212; ISO 5355<\/li>\n<li>Indice de flexibilitate &#8212; 100<\/li>\n<li>Model &#8212; unisex<\/li>\n<\/ul>\n<h3>Tehnologie<\/h3>\n<ul>\n<li><strong>Sensor Matrix<\/strong> &#8212; Tehnologie Shell care \u00eembun\u0103t\u0103\u021be\u0219te adaptarea ghetei la picior, reduce greutatea \u0219i men\u021bine rigiditatea pentru performan\u021be ridicate, precizie \u0219i transfer de energie.<\/li>\n<li><strong>Flex Adjustment<\/strong> &#8212; ofer\u0103 o gam\u0103 mai larg\u0103 de ajustare a rigidit\u0103\u021bii cu dou\u0103 \u0219uruburi pe partea din spate a ghetei.<\/li>\n<li><strong>Flex Index<\/strong> &#8212; unul dintre parametrii principali care caracterizeaz\u0103 rigiditatea \u00eenc\u0103l\u021b\u0103mintei. Cu c\u00e2t rigiditatea este mai mic\u0103, cu at\u00e2t antrenamentul este mai confortabil \u0219i mai lin.<\/li>\n<li><strong>ISO 5355<\/strong> este talpa standard a bocancilor de schi universali, este complet plat\u0103 \u0219i \u00een\u0103l\u021bimea sa este de 19\u00b11 mm.<\/li>\n<\/ul>\n<h3>Marca<\/h3>\n<p>Acum mai bine de 100 de ani, \u00een 1907, \u00een Voiron, l\u00e2ng\u0103 Grenoble (Fran\u021ba), t\u00e2mplarul Abel Rossignol a creat o mic\u0103 companie specializat\u0103 \u00een produc\u021bia de produse din lemn pentru industria textil\u0103. Chiar \u0219i la acea vreme, Abel Rossignol se g\u00e2ndea deja cum s\u0103 produc\u0103 propriile schiuri din lemn. Patru ani mai t\u00e2rziu, prima pereche de schiuri a v\u0103zut lumina zilei.<\/p>\n<p>Deja \u00een 1911, dup\u0103 o expedi\u021bie \u00een Scandinavia, \u00een cadrul companiei a fost \u00eenfiin\u021bat un departament dedicat exclusiv schiurilor. Ast\u0103zi, Rossignol combin\u0103 mai multe m\u0103rci: Rossignol, Dynastar, Lange \u0219i Risport, \u0219i ofer\u0103 o gam\u0103 complet\u0103 de echipamente pentru sporturile de iarn\u0103 &#8212; toate pentru cei \u00eendr\u0103gosti\u021bi de sport.<\/p>\n<p><\/p>","protected":false},"excerpt":{"rendered":"","protected":false},"featured_media":80219,"comment_status":"open","ping_status":"closed","template":"","meta":{"_acf_changed":false,"inline_featured_image":false},"product_brand":[1320],"product_cat":[353],"product_tag":[],"class_list":{"0":"post-79472","1":"product","2":"type-product","3":"status-publish","4":"has-post-thumbnail","6":"product_brand-rossignol","7":"product_cat-ski-boots","9":"first","10":"instock","11":"shipping-taxable","12":"purchasable","13":"product-type-simple"},"acf":[],"yoast_head":"<!-- This site is optimized with the Yoast SEO plugin v27.5 - https:\/\/yoast.com\/product\/yoast-seo-wordpress\/ -->\n<title>\u0413\u043e\u0440\u043d\u043e\u043b\u044b\u0436\u043d\u044b\u0435 \u0431\u043e\u0442\u0438\u043d\u043a\u0438 Rossignol Speed 100 HV+ black - \u041c\u0430\u0433\u0430\u0437\u0438\u043d Xstyle<\/title>\n<meta name=\"description\" content=\"\u041a\u0443\u043f\u0438\u0442\u0435 \u0433\u043e\u0440\u043d\u043e\u043b\u044b\u0436\u043d\u044b\u0435 \u0431\u043e\u0442\u0438\u043d\u043a\u0438 Rossignol Speed 100 HV+ black \u0441 \u0443\u043d\u0438\u043a\u0430\u043b\u044c\u043d\u043e\u0439 \u043f\u043e\u0441\u0430\u0434\u043a\u043e\u0439, \u0433\u0438\u0431\u043a\u043e\u0441\u0442\u044c\u044e 100 \u0438 \u0438\u043d\u043d\u043e\u0432\u0430\u0446\u0438\u043e\u043d\u043d\u043e\u0439 \u0441\u0438\u0441\u0442\u0435\u043c\u043e\u0439 Sensor Matrix \u0434\u043b\u044f \u0438\u0434\u0435\u0430\u043b\u044c\u043d\u043e\u0433\u043e \u043a\u043e\u043d\u0442\u0440\u043e\u043b\u044f!\" \/>\n<meta name=\"robots\" content=\"noindex, follow, max-snippet:-1, max-image-preview:large, max-video-preview:-1\" \/>\n<meta property=\"og:locale\" content=\"ro_RO\" \/>\n<meta property=\"og:type\" content=\"article\" \/>\n<meta property=\"og:title\" content=\"\u0413\u043e\u0440\u043d\u043e\u043b\u044b\u0436\u043d\u044b\u0435 \u0431\u043e\u0442\u0438\u043d\u043a\u0438 Rossignol Speed 100 HV+ black - \u041c\u0430\u0433\u0430\u0437\u0438\u043d Xstyle\" \/>\n<meta property=\"og:description\" content=\"\u041a\u0443\u043f\u0438\u0442\u0435 \u0433\u043e\u0440\u043d\u043e\u043b\u044b\u0436\u043d\u044b\u0435 \u0431\u043e\u0442\u0438\u043d\u043a\u0438 Rossignol Speed 100 HV+ black \u0441 \u0443\u043d\u0438\u043a\u0430\u043b\u044c\u043d\u043e\u0439 \u043f\u043e\u0441\u0430\u0434\u043a\u043e\u0439, \u0433\u0438\u0431\u043a\u043e\u0441\u0442\u044c\u044e 100 \u0438 \u0438\u043d\u043d\u043e\u0432\u0430\u0446\u0438\u043e\u043d\u043d\u043e\u0439 \u0441\u0438\u0441\u0442\u0435\u043c\u043e\u0439 Sensor Matrix \u0434\u043b\u044f \u0438\u0434\u0435\u0430\u043b\u044c\u043d\u043e\u0433\u043e \u043a\u043e\u043d\u0442\u0440\u043e\u043b\u044f!\" \/>\n<meta property=\"og:url\" content=\"https:\/\/dev.xstyle.md\/ro\/produs\/gornolyzhnye-botinki-rossignol-speed-100-hv-black\/\" \/>\n<meta property=\"og:site_name\" content=\"\u041c\u0430\u0433\u0430\u0437\u0438\u043d Xstyle\" \/>\n<meta property=\"article:publisher\" content=\"https:\/\/www.facebook.com\/xstylemd\" \/>\n<meta property=\"article:modified_time\" content=\"2026-03-19T14:18:30+00:00\" \/>\n<meta property=\"og:image\" content=\"https:\/\/dev.xstyle.md\/wp-content\/uploads\/2024\/01\/rossignol-speed-100-hv-black.jpg\" \/>\n\t<meta property=\"og:image:width\" content=\"1125\" \/>\n\t<meta property=\"og:image:height\" content=\"1086\" \/>\n\t<meta property=\"og:image:type\" content=\"image\/jpeg\" \/>\n<meta name=\"twitter:card\" content=\"summary_large_image\" \/>\n<meta name=\"twitter:label1\" content=\"Pre\u021b\" \/>\n\t<meta name=\"twitter:data1\" content=\"5.990,00&nbsp;MDL\" \/>\n\t<meta name=\"twitter:label2\" content=\"Disponibilitate\" \/>\n\t<meta name=\"twitter:data2\" content=\"\u00cen stoc\" \/>\n<script type=\"application\/ld+json\" class=\"yoast-schema-graph\">{\"@context\":\"https:\\\/\\\/schema.org\",\"@graph\":[{\"@type\":\"WebPage\",\"@id\":\"https:\\\/\\\/dev.xstyle.md\\\/product\\\/gornolyzhnye-botinki-rossignol-speed-100-hv-black\\\/\",\"url\":\"https:\\\/\\\/dev.xstyle.md\\\/product\\\/gornolyzhnye-botinki-rossignol-speed-100-hv-black\\\/\",\"name\":\"\u0413\u043e\u0440\u043d\u043e\u043b\u044b\u0436\u043d\u044b\u0435 \u0431\u043e\u0442\u0438\u043d\u043a\u0438 Rossignol Speed 100 HV+ black - \u041c\u0430\u0433\u0430\u0437\u0438\u043d Xstyle\",\"isPartOf\":{\"@id\":\"https:\\\/\\\/dev.xstyle.md\\\/#website\"},\"primaryImageOfPage\":{\"@id\":\"https:\\\/\\\/dev.xstyle.md\\\/product\\\/gornolyzhnye-botinki-rossignol-speed-100-hv-black\\\/#primaryimage\"},\"image\":{\"@id\":\"https:\\\/\\\/dev.xstyle.md\\\/product\\\/gornolyzhnye-botinki-rossignol-speed-100-hv-black\\\/#primaryimage\"},\"thumbnailUrl\":\"https:\\\/\\\/dev.xstyle.md\\\/wp-content\\\/uploads\\\/2024\\\/01\\\/rossignol-speed-100-hv-black.jpg\",\"datePublished\":\"2024-01-30T11:05:10+00:00\",\"dateModified\":\"2026-03-19T14:18:30+00:00\",\"description\":\"\u041a\u0443\u043f\u0438\u0442\u0435 \u0433\u043e\u0440\u043d\u043e\u043b\u044b\u0436\u043d\u044b\u0435 \u0431\u043e\u0442\u0438\u043d\u043a\u0438 Rossignol Speed 100 HV+ black \u0441 \u0443\u043d\u0438\u043a\u0430\u043b\u044c\u043d\u043e\u0439 \u043f\u043e\u0441\u0430\u0434\u043a\u043e\u0439, \u0433\u0438\u0431\u043a\u043e\u0441\u0442\u044c\u044e 100 \u0438 \u0438\u043d\u043d\u043e\u0432\u0430\u0446\u0438\u043e\u043d\u043d\u043e\u0439 \u0441\u0438\u0441\u0442\u0435\u043c\u043e\u0439 Sensor Matrix \u0434\u043b\u044f \u0438\u0434\u0435\u0430\u043b\u044c\u043d\u043e\u0433\u043e \u043a\u043e\u043d\u0442\u0440\u043e\u043b\u044f!\",\"breadcrumb\":{\"@id\":\"https:\\\/\\\/dev.xstyle.md\\\/product\\\/gornolyzhnye-botinki-rossignol-speed-100-hv-black\\\/#breadcrumb\"},\"inLanguage\":\"ro-RO\",\"potentialAction\":[{\"@type\":\"ReadAction\",\"target\":[\"https:\\\/\\\/dev.xstyle.md\\\/product\\\/gornolyzhnye-botinki-rossignol-speed-100-hv-black\\\/\"]}]},{\"@type\":\"ImageObject\",\"inLanguage\":\"ro-RO\",\"@id\":\"https:\\\/\\\/dev.xstyle.md\\\/product\\\/gornolyzhnye-botinki-rossignol-speed-100-hv-black\\\/#primaryimage\",\"url\":\"https:\\\/\\\/dev.xstyle.md\\\/wp-content\\\/uploads\\\/2024\\\/01\\\/rossignol-speed-100-hv-black.jpg\",\"contentUrl\":\"https:\\\/\\\/dev.xstyle.md\\\/wp-content\\\/uploads\\\/2024\\\/01\\\/rossignol-speed-100-hv-black.jpg\",\"width\":1125,\"height\":1086,\"caption\":\"\u0422\u0443\u0440\u0438\u0441\u0442\u0438\u0447\u0435\u0441\u043a\u0438\u0435 \u0438 \u0433\u043e\u0440\u043d\u043e\u043b\u044b\u0436\u043d\u044b\u0435 \u0431\u043e\u0442\u0438\u043d\u043a\u0438 Rossignol Speed 100 HV \u0447\u0435\u0440\u043d\u044b\u0435 \u0434\u043b\u044f \u0430\u043a\u0442\u0438\u0432\u043d\u043e\u0433\u043e \u043e\u0442\u0434\u044b\u0445\u0430, \u043b\u044b\u0436, \u0445\u0430\u0439\u043a\u0438\u043d\u0433\u0430 \u0438 \u043f\u0443\u0442\u0435\u0448\u0435\u0441\u0442\u0432\u0438\u0439 \u0432 \u043e\u043d\u043b\u0430\u0439\u043d \u043c\u0430\u0433\u0430\u0437\u0438\u043d\u0435 \u0441\u043f\u043e\u0440\u0442\u0438\u0432\u043d\u043e\u0439 \u043e\u0434\u0435\u0436\u0434\u044b \u0438 \u044d\u043a\u0438\u043f\u0438\u0440\u043e\u0432\u043a\u0438\"},{\"@type\":\"BreadcrumbList\",\"@id\":\"https:\\\/\\\/dev.xstyle.md\\\/product\\\/gornolyzhnye-botinki-rossignol-speed-100-hv-black\\\/#breadcrumb\",\"itemListElement\":[{\"@type\":\"ListItem\",\"position\":1,\"name\":\"\u0413\u043b\u0430\u0432\u043d\u0430\u044f \u0441\u0442\u0440\u0430\u043d\u0438\u0446\u0430\",\"item\":\"https:\\\/\\\/dev.xstyle.md\\\/\"},{\"@type\":\"ListItem\",\"position\":2,\"name\":\"Shop\",\"item\":\"https:\\\/\\\/dev.xstyle.md\\\/shop\\\/\"},{\"@type\":\"ListItem\",\"position\":3,\"name\":\"\u0413\u043e\u0440\u043d\u043e\u043b\u044b\u0436\u043d\u044b\u0435 \u0431\u043e\u0442\u0438\u043d\u043a\u0438 Rossignol Speed 100 HV+ black\"}]},{\"@type\":\"WebSite\",\"@id\":\"https:\\\/\\\/dev.xstyle.md\\\/#website\",\"url\":\"https:\\\/\\\/dev.xstyle.md\\\/\",\"name\":\"\u041c\u0430\u0433\u0430\u0437\u0438\u043d Xstyle\",\"description\":\"C\u043d\u0430\u0440\u044f\u0436\u0435\u043d\u0438\u0435 \u0434\u043b\u044f \u0442\u0443\u0440\u0438\u0437\u043c\u0430 \u0438 \u044d\u043a\u0441\u0442\u0440\u0435\u043c\u0430\u043b\u044c\u043d\u044b\u0445 \u0432\u0438\u0434\u043e\u0432 \u0441\u043f\u043e\u0440\u0442\u0430 \u0432 \u041c\u043e\u043b\u0434\u043e\u0432\u0435.. \u0426\u0435\u043d\u044b, \u0444\u043e\u0442\u043e, \u0445\u0430\u0440\u0430\u043a\u0442\u0435\u0440\u0438\u0441\u0442\u0438\u043a\u0438 \u0432 \u041c\u043e\u043b\u0434\u043e\u0432\u0435.\",\"publisher\":{\"@id\":\"https:\\\/\\\/dev.xstyle.md\\\/#organization\"},\"alternateName\":\"X-Style\",\"potentialAction\":[{\"@type\":\"SearchAction\",\"target\":{\"@type\":\"EntryPoint\",\"urlTemplate\":\"https:\\\/\\\/dev.xstyle.md\\\/?s={search_term_string}\"},\"query-input\":{\"@type\":\"PropertyValueSpecification\",\"valueRequired\":true,\"valueName\":\"search_term_string\"}}],\"inLanguage\":\"ro-RO\"},{\"@type\":\"Organization\",\"@id\":\"https:\\\/\\\/dev.xstyle.md\\\/#organization\",\"name\":\"\u041c\u0430\u0433\u0430\u0437\u0438\u043d Xstyle\",\"alternateName\":\"x-style\",\"url\":\"https:\\\/\\\/dev.xstyle.md\\\/\",\"logo\":{\"@type\":\"ImageObject\",\"inLanguage\":\"ro-RO\",\"@id\":\"https:\\\/\\\/dev.xstyle.md\\\/#\\\/schema\\\/logo\\\/image\\\/\",\"url\":\"https:\\\/\\\/dev.xstyle.md\\\/wp-content\\\/uploads\\\/2020\\\/06\\\/logoicon.svg\",\"contentUrl\":\"https:\\\/\\\/dev.xstyle.md\\\/wp-content\\\/uploads\\\/2020\\\/06\\\/logoicon.svg\",\"caption\":\"\u041c\u0430\u0433\u0430\u0437\u0438\u043d Xstyle\"},\"image\":{\"@id\":\"https:\\\/\\\/dev.xstyle.md\\\/#\\\/schema\\\/logo\\\/image\\\/\"},\"sameAs\":[\"https:\\\/\\\/www.facebook.com\\\/xstylemd\",\"https:\\\/\\\/www.instagram.com\\\/xstyle_md\\\/\",\"https:\\\/\\\/t.me\\\/xstyle_outdoor\"],\"hasMerchantReturnPolicy\":{\"@type\":\"MerchantReturnPolicy\",\"merchantReturnLink\":\"https:\\\/\\\/dev.xstyle.md\\\/ro\\\/conditions\\\/\"}}]}<\/script>\n<meta property=\"product:price:amount\" content=\"5990.00\" \/>\n<meta property=\"product:price:currency\" content=\"MDL\" \/>\n<meta property=\"og:availability\" content=\"instock\" \/>\n<meta property=\"product:availability\" content=\"instock\" \/>\n<meta property=\"product:retailer_item_id\" content=\"3607684267506\" \/>\n<meta property=\"product:condition\" content=\"new\" \/>\n<!-- \/ Yoast SEO plugin. -->","yoast_head_json":{"title":"Cl\u0103pari Rossignol Speed 100 HV+ black - Magazin Xstyle","description":"Cump\u0103ra\u021bi bocanci de schi Rossignol Speed 100 HV+ black, cu o potrivire unic\u0103, flexibilitate 100 \u0219i un sistem inovator Sensor Matrix pentru un control perfect!","robots":{"index":"noindex","follow":"follow","max-snippet":"max-snippet:-1","max-image-preview":"max-image-preview:large","max-video-preview":"max-video-preview:-1"},"og_locale":"ro_RO","og_type":"article","og_title":"\u0413\u043e\u0440\u043d\u043e\u043b\u044b\u0436\u043d\u044b\u0435 \u0431\u043e\u0442\u0438\u043d\u043a\u0438 Rossignol Speed 100 HV+ black - \u041c\u0430\u0433\u0430\u0437\u0438\u043d Xstyle","og_description":"\u041a\u0443\u043f\u0438\u0442\u0435 \u0433\u043e\u0440\u043d\u043e\u043b\u044b\u0436\u043d\u044b\u0435 \u0431\u043e\u0442\u0438\u043d\u043a\u0438 Rossignol Speed 100 HV+ black \u0441 \u0443\u043d\u0438\u043a\u0430\u043b\u044c\u043d\u043e\u0439 \u043f\u043e\u0441\u0430\u0434\u043a\u043e\u0439, \u0433\u0438\u0431\u043a\u043e\u0441\u0442\u044c\u044e 100 \u0438 \u0438\u043d\u043d\u043e\u0432\u0430\u0446\u0438\u043e\u043d\u043d\u043e\u0439 \u0441\u0438\u0441\u0442\u0435\u043c\u043e\u0439 Sensor Matrix \u0434\u043b\u044f \u0438\u0434\u0435\u0430\u043b\u044c\u043d\u043e\u0433\u043e \u043a\u043e\u043d\u0442\u0440\u043e\u043b\u044f!","og_url":"https:\/\/dev.xstyle.md\/ro\/produs\/gornolyzhnye-botinki-rossignol-speed-100-hv-black\/","og_site_name":"\u041c\u0430\u0433\u0430\u0437\u0438\u043d Xstyle","article_publisher":"https:\/\/www.facebook.com\/xstylemd","article_modified_time":"2026-03-19T14:18:30+00:00","og_image":[{"width":1125,"height":1086,"url":"https:\/\/dev.xstyle.md\/wp-content\/uploads\/2024\/01\/rossignol-speed-100-hv-black.jpg","type":"image\/jpeg"}],"twitter_card":"summary_large_image","twitter_misc":{"Pre\u021b":"5.990,00&nbsp;MDL","Disponibilitate":"\u00cen stoc"},"schema":{"@context":"https:\/\/schema.org","@graph":[{"@type":"WebPage","@id":"https:\/\/dev.xstyle.md\/product\/gornolyzhnye-botinki-rossignol-speed-100-hv-black\/","url":"https:\/\/dev.xstyle.md\/product\/gornolyzhnye-botinki-rossignol-speed-100-hv-black\/","name":"Cl\u0103pari Rossignol Speed 100 HV+ black - Magazin Xstyle","isPartOf":{"@id":"https:\/\/dev.xstyle.md\/#website"},"primaryImageOfPage":{"@id":"https:\/\/dev.xstyle.md\/product\/gornolyzhnye-botinki-rossignol-speed-100-hv-black\/#primaryimage"},"image":{"@id":"https:\/\/dev.xstyle.md\/product\/gornolyzhnye-botinki-rossignol-speed-100-hv-black\/#primaryimage"},"thumbnailUrl":"https:\/\/dev.xstyle.md\/wp-content\/uploads\/2024\/01\/rossignol-speed-100-hv-black.jpg","datePublished":"2024-01-30T11:05:10+00:00","dateModified":"2026-03-19T14:18:30+00:00","description":"Cump\u0103ra\u021bi bocanci de schi Rossignol Speed 100 HV+ black, cu o potrivire unic\u0103, flexibilitate 100 \u0219i un sistem inovator Sensor Matrix pentru un control perfect!","breadcrumb":{"@id":"https:\/\/dev.xstyle.md\/product\/gornolyzhnye-botinki-rossignol-speed-100-hv-black\/#breadcrumb"},"inLanguage":"ro-RO","potentialAction":[{"@type":"ReadAction","target":["https:\/\/dev.xstyle.md\/product\/gornolyzhnye-botinki-rossignol-speed-100-hv-black\/"]}]},{"@type":"ImageObject","inLanguage":"ro-RO","@id":"https:\/\/dev.xstyle.md\/product\/gornolyzhnye-botinki-rossignol-speed-100-hv-black\/#primaryimage","url":"https:\/\/dev.xstyle.md\/wp-content\/uploads\/2024\/01\/rossignol-speed-100-hv-black.jpg","contentUrl":"https:\/\/dev.xstyle.md\/wp-content\/uploads\/2024\/01\/rossignol-speed-100-hv-black.jpg","width":1125,"height":1086,"caption":"\u0422\u0443\u0440\u0438\u0441\u0442\u0438\u0447\u0435\u0441\u043a\u0438\u0435 \u0438 \u0433\u043e\u0440\u043d\u043e\u043b\u044b\u0436\u043d\u044b\u0435 \u0431\u043e\u0442\u0438\u043d\u043a\u0438 Rossignol Speed 100 HV \u0447\u0435\u0440\u043d\u044b\u0435 \u0434\u043b\u044f \u0430\u043a\u0442\u0438\u0432\u043d\u043e\u0433\u043e \u043e\u0442\u0434\u044b\u0445\u0430, \u043b\u044b\u0436, \u0445\u0430\u0439\u043a\u0438\u043d\u0433\u0430 \u0438 \u043f\u0443\u0442\u0435\u0448\u0435\u0441\u0442\u0432\u0438\u0439 \u0432 \u043e\u043d\u043b\u0430\u0439\u043d \u043c\u0430\u0433\u0430\u0437\u0438\u043d\u0435 \u0441\u043f\u043e\u0440\u0442\u0438\u0432\u043d\u043e\u0439 \u043e\u0434\u0435\u0436\u0434\u044b \u0438 \u044d\u043a\u0438\u043f\u0438\u0440\u043e\u0432\u043a\u0438"},{"@type":"BreadcrumbList","@id":"https:\/\/dev.xstyle.md\/product\/gornolyzhnye-botinki-rossignol-speed-100-hv-black\/#breadcrumb","itemListElement":[{"@type":"ListItem","position":1,"name":"\u0413\u043b\u0430\u0432\u043d\u0430\u044f \u0441\u0442\u0440\u0430\u043d\u0438\u0446\u0430","item":"https:\/\/dev.xstyle.md\/"},{"@type":"ListItem","position":2,"name":"Shop","item":"https:\/\/dev.xstyle.md\/shop\/"},{"@type":"ListItem","position":3,"name":"\u0413\u043e\u0440\u043d\u043e\u043b\u044b\u0436\u043d\u044b\u0435 \u0431\u043e\u0442\u0438\u043d\u043a\u0438 Rossignol Speed 100 HV+ black"}]},{"@type":"WebSite","@id":"https:\/\/dev.xstyle.md\/#website","url":"https:\/\/dev.xstyle.md\/","name":"Magazinul X-Style","description":"Echipamente pentru turism \u0219i sporturi extreme \u00een Moldova. Pre\u021buri, fotografii, caracteristici \u00een Moldova.","publisher":{"@id":"https:\/\/dev.xstyle.md\/#organization"},"alternateName":"X-Style","potentialAction":[{"@type":"SearchAction","target":{"@type":"EntryPoint","urlTemplate":"https:\/\/dev.xstyle.md\/?s={search_term_string}"},"query-input":{"@type":"PropertyValueSpecification","valueRequired":true,"valueName":"search_term_string"}}],"inLanguage":"ro-RO"},{"@type":"Organization","@id":"https:\/\/dev.xstyle.md\/#organization","name":"Magazinul X-Style","alternateName":"x-style","url":"https:\/\/dev.xstyle.md\/","logo":{"@type":"ImageObject","inLanguage":"ro-RO","@id":"https:\/\/dev.xstyle.md\/#\/schema\/logo\/image\/","url":"https:\/\/dev.xstyle.md\/wp-content\/uploads\/2020\/06\/logoicon.svg","contentUrl":"https:\/\/dev.xstyle.md\/wp-content\/uploads\/2020\/06\/logoicon.svg","caption":"\u041c\u0430\u0433\u0430\u0437\u0438\u043d Xstyle"},"image":{"@id":"https:\/\/dev.xstyle.md\/#\/schema\/logo\/image\/"},"sameAs":["https:\/\/www.facebook.com\/xstylemd","https:\/\/www.instagram.com\/xstyle_md\/","https:\/\/t.me\/xstyle_outdoor"],"hasMerchantReturnPolicy":{"@type":"MerchantReturnPolicy","merchantReturnLink":"https:\/\/dev.xstyle.md\/ro\/conditions\/"}}]},"product_price_amount":"5990.00","product_price_currency":"MDL","og_availability":"instock","product_availability":"instock","product_retailer_item_id":"3607684267506","product_condition":"new"},"post_mailing_queue_ids":[],"_links":{"self":[{"href":"https:\/\/dev.xstyle.md\/ro\/wp-json\/wp\/v2\/product\/79472","targetHints":{"allow":["GET"]}}],"collection":[{"href":"https:\/\/dev.xstyle.md\/ro\/wp-json\/wp\/v2\/product"}],"about":[{"href":"https:\/\/dev.xstyle.md\/ro\/wp-json\/wp\/v2\/types\/product"}],"replies":[{"embeddable":true,"href":"https:\/\/dev.xstyle.md\/ro\/wp-json\/wp\/v2\/comments?post=79472"}],"version-history":[{"count":0,"href":"https:\/\/dev.xstyle.md\/ro\/wp-json\/wp\/v2\/product\/79472\/revisions"}],"wp:featuredmedia":[{"embeddable":true,"href":"https:\/\/dev.xstyle.md\/ro\/wp-json\/wp\/v2\/media\/80219"}],"wp:attachment":[{"href":"https:\/\/dev.xstyle.md\/ro\/wp-json\/wp\/v2\/media?parent=79472"}],"wp:term":[{"taxonomy":"product_brand","embeddable":true,"href":"https:\/\/dev.xstyle.md\/ro\/wp-json\/wp\/v2\/product_brand?post=79472"},{"taxonomy":"product_cat","embeddable":true,"href":"https:\/\/dev.xstyle.md\/ro\/wp-json\/wp\/v2\/product_cat?post=79472"},{"taxonomy":"product_tag","embeddable":true,"href":"https:\/\/dev.xstyle.md\/ro\/wp-json\/wp\/v2\/product_tag?post=79472"}],"curies":[{"name":"wp","href":"https:\/\/api.w.org\/{rel}","templated":true}]}}