{"id":79462,"date":"2024-01-30T14:05:09","date_gmt":"2024-01-30T11:05:09","guid":{"rendered":"https:\/\/xstyle.md\/?post_type=product&#038;p=79462"},"modified":"2026-03-19T17:18:29","modified_gmt":"2026-03-19T14:18:29","slug":"kutya-idlo","status":"publish","type":"product","link":"https:\/\/xstyle.md\/ro\/produs\/kutya-idlo\/","title":{"rendered":"Kutia IDLO"},"content":{"rendered":"<\/p>\n<p><strong>Kutia IDLO<\/strong> &#8212; nu este doar un fel de m\u00e2ncare ritual\u0103, ci \u0219i un fel de m\u00e2ncare cheie al Sfintei Cine. Prin urmare, toate componentele sale sunt dublu simbolice: boabele \u00eentregi de gr\u00e2u semnific\u0103 p\u0103m\u00e2ntul &#8212; sursa fertilit\u0103\u021bii \u0219i a \u00eenvierii sau a vie\u021bii ve\u0219nice; mierea \u0219i macul &#8212; prosperitate p\u0103m\u00e2nteasc\u0103 \u0219i via\u021b\u0103 dulce \u00een paradis; nucile &#8212; s\u0103n\u0103tate, sultanina &#8212; prosperitate, terciul \u00een ansamblul s\u0103u &#8212; fertilitate \u0219i continuarea familiei. \u0218i cu c\u00e2t mai delicioas\u0103 ve\u021bi face kutya, cu at\u00e2t mai mare va fi prosperitatea \u00een familia dumneavoastr\u0103!<\/p>\n<h3>Particularit\u0103\u021bi<\/h3>\n<ul>\n<li>Fabricat prin uscarea produselor naturale f\u0103r\u0103 utilizarea de conservan\u021bi \u0219i OMG-uri<\/li>\n<li>Ambalate \u00eentr-o pung\u0103 de retort\u0103, care nu numai c\u0103 p\u0103streaz\u0103 produsul, dar serve\u0219te \u0219i ca o ustensil\u0103 la \u00eendem\u00e2n\u0103<\/li>\n<\/ul>\n<h3>Caracteristici<\/h3>\n<ul>\n<li>Ingrediente &#8212; kutya (gr\u00e2u, sultane, nuci, miere, mac)<\/li>\n<li>Valoare energetic\u0103 &#8212; 157,1 \/ 439,8 Kcal<\/li>\n<li>Greutatea vasului uscat &#8212; 100 g<\/li>\n<li>Greutatea vasului gata preparat &#8212; 280 g<\/li>\n<\/ul>\n<h3>Marca<\/h3>\n<p>IDLO este o marc\u0103 ucrainean\u0103 t\u00e2n\u0103r\u0103 din Cern\u0103u\u021bi, care se ocup\u0103 cu produc\u021bia de m\u00e2nc\u0103ruri din produse uscate. Scopul principal al companiei este de a hr\u0103ni bestia interioar\u0103, care se \u201etreze\u0219te\u201d \u00een noi atunci c\u00e2nd ne este foame \u00een cel mai nepotrivit moment. Pentru a face acest lucru, trebuie doar s\u0103 ad\u0103uga\u021bi ap\u0103 clocotit\u0103, s\u0103 amesteca\u021bi, s\u0103 a\u0219tepta\u021bi doar c\u00e2teva minute \u0219i v\u0103 pute\u021bi bucura \u00een siguran\u021b\u0103 de felul de m\u00e2ncare la birou, \u00een vacan\u021b\u0103, la munte sau la pescuit, \u00eentr-o c\u0103l\u0103torie lung\u0103 cu ma\u0219ina. Vasele realizate prin uscarea produselor naturale, f\u0103r\u0103 utilizarea de conservan\u021bi \u0219i OMG-uri, p\u0103streaz\u0103 toate vitaminele utile. Iar greutatea redus\u0103 a por\u021biilor este principalul avantaj \u00een drume\u021bii, mai ales pe distan\u021be lungi. A\u0219adar, alimentele liofilizate de la IDLO vor fi un companion de n\u0103dejde \u00een orice c\u0103l\u0103torie!<\/p>\n<p><\/p>","protected":false},"excerpt":{"rendered":"","protected":false},"featured_media":79878,"comment_status":"open","ping_status":"closed","template":"","meta":{"_acf_changed":false,"inline_featured_image":false},"product_brand":[1370],"product_cat":[465],"product_tag":[],"class_list":{"0":"post-79462","1":"product","2":"type-product","3":"status-publish","4":"has-post-thumbnail","6":"product_brand-idlo","7":"product_cat-sublimated-food","9":"first","10":"instock","11":"shipping-taxable","12":"purchasable","13":"product-type-simple"},"acf":[],"yoast_head":"<!-- This site is optimized with the Yoast SEO plugin v27.4 - https:\/\/yoast.com\/product\/yoast-seo-wordpress\/ -->\n<title>\u041a\u0443\u0442\u044f IDLO - \u041c\u0430\u0433\u0430\u0437\u0438\u043d Xstyle<\/title>\n<meta name=\"description\" content=\"\u041a\u0443\u0442\u044f IDLO - \u0441\u0438\u043c\u0432\u043e\u043b\u0438\u0447\u0435\u0441\u043a\u0430\u044f \u0435\u0434\u0430 \u0434\u043b\u044f \u0421\u0432\u044f\u0442\u043e\u0439 \u0426\u0435\u0440\u043a\u0432\u0438. \u041f\u0448\u0435\u043d\u0438\u0446\u0430, \u043c\u0435\u0434, \u043c\u0430\u043a \u0438 \u043e\u0440\u0435\u0445\u0438 \u043e\u043b\u0438\u0446\u0435\u0442\u0432\u043e\u0440\u044f\u044e\u0442 \u0436\u0438\u0437\u043d\u044c, \u043f\u0440\u043e\u0446\u0432\u0435\u0442\u0430\u043d\u0438\u0435 \u0438 \u0437\u0434\u043e\u0440\u043e\u0432\u044c\u0435. \u041e\u0442\u043a\u0440\u043e\u0439\u0442\u0435 \u0434\u043b\u044f \u0441\u0435\u0431\u044f \u0442\u0440\u0430\u0434\u0438\u0446\u0438\u044e!\" \/>\n<meta name=\"robots\" content=\"index, follow, max-snippet:-1, max-image-preview:large, max-video-preview:-1\" \/>\n<link rel=\"canonical\" href=\"https:\/\/xstyle.md\/ro\/produs\/kutya-idlo\/\" \/>\n<meta property=\"og:locale\" content=\"ro_RO\" \/>\n<meta property=\"og:type\" content=\"article\" \/>\n<meta property=\"og:title\" content=\"\u041a\u0443\u0442\u044f IDLO - \u041c\u0430\u0433\u0430\u0437\u0438\u043d Xstyle\" \/>\n<meta property=\"og:description\" content=\"\u041a\u0443\u0442\u044f IDLO - \u0441\u0438\u043c\u0432\u043e\u043b\u0438\u0447\u0435\u0441\u043a\u0430\u044f \u0435\u0434\u0430 \u0434\u043b\u044f \u0421\u0432\u044f\u0442\u043e\u0439 \u0426\u0435\u0440\u043a\u0432\u0438. \u041f\u0448\u0435\u043d\u0438\u0446\u0430, \u043c\u0435\u0434, \u043c\u0430\u043a \u0438 \u043e\u0440\u0435\u0445\u0438 \u043e\u043b\u0438\u0446\u0435\u0442\u0432\u043e\u0440\u044f\u044e\u0442 \u0436\u0438\u0437\u043d\u044c, \u043f\u0440\u043e\u0446\u0432\u0435\u0442\u0430\u043d\u0438\u0435 \u0438 \u0437\u0434\u043e\u0440\u043e\u0432\u044c\u0435. \u041e\u0442\u043a\u0440\u043e\u0439\u0442\u0435 \u0434\u043b\u044f \u0441\u0435\u0431\u044f \u0442\u0440\u0430\u0434\u0438\u0446\u0438\u044e!\" \/>\n<meta property=\"og:url\" content=\"https:\/\/xstyle.md\/ro\/produs\/kutya-idlo\/\" \/>\n<meta property=\"og:site_name\" content=\"\u041c\u0430\u0433\u0430\u0437\u0438\u043d Xstyle\" \/>\n<meta property=\"article:publisher\" content=\"https:\/\/www.facebook.com\/xstylemd\" \/>\n<meta property=\"article:modified_time\" content=\"2026-03-19T14:18:29+00:00\" \/>\n<meta property=\"og:image\" content=\"https:\/\/xstyle.md\/wp-content\/uploads\/2024\/01\/kutya-idlo.jpg\" \/>\n\t<meta property=\"og:image:width\" content=\"1624\" \/>\n\t<meta property=\"og:image:height\" content=\"1594\" \/>\n\t<meta property=\"og:image:type\" content=\"image\/jpeg\" \/>\n<meta name=\"twitter:card\" content=\"summary_large_image\" \/>\n<meta name=\"twitter:label1\" content=\"Pre\u021b\" \/>\n\t<meta name=\"twitter:data1\" content=\"95&nbsp;MDL\" \/>\n\t<meta name=\"twitter:label2\" content=\"Disponibilitate\" \/>\n\t<meta name=\"twitter:data2\" content=\"\u00cen stoc\" \/>\n<script type=\"application\/ld+json\" class=\"yoast-schema-graph\">{\"@context\":\"https:\\\/\\\/schema.org\",\"@graph\":[{\"@type\":\"WebPage\",\"@id\":\"https:\\\/\\\/xstyle.md\\\/product\\\/kutya-idlo\\\/\",\"url\":\"https:\\\/\\\/xstyle.md\\\/product\\\/kutya-idlo\\\/\",\"name\":\"\u041a\u0443\u0442\u044f IDLO - \u041c\u0430\u0433\u0430\u0437\u0438\u043d Xstyle\",\"isPartOf\":{\"@id\":\"https:\\\/\\\/xstyle.md\\\/#website\"},\"primaryImageOfPage\":{\"@id\":\"https:\\\/\\\/xstyle.md\\\/product\\\/kutya-idlo\\\/#primaryimage\"},\"image\":{\"@id\":\"https:\\\/\\\/xstyle.md\\\/product\\\/kutya-idlo\\\/#primaryimage\"},\"thumbnailUrl\":\"https:\\\/\\\/xstyle.md\\\/wp-content\\\/uploads\\\/2024\\\/01\\\/kutya-idlo.jpg\",\"datePublished\":\"2024-01-30T11:05:09+00:00\",\"dateModified\":\"2026-03-19T14:18:29+00:00\",\"description\":\"\u041a\u0443\u0442\u044f IDLO - \u0441\u0438\u043c\u0432\u043e\u043b\u0438\u0447\u0435\u0441\u043a\u0430\u044f \u0435\u0434\u0430 \u0434\u043b\u044f \u0421\u0432\u044f\u0442\u043e\u0439 \u0426\u0435\u0440\u043a\u0432\u0438. \u041f\u0448\u0435\u043d\u0438\u0446\u0430, \u043c\u0435\u0434, \u043c\u0430\u043a \u0438 \u043e\u0440\u0435\u0445\u0438 \u043e\u043b\u0438\u0446\u0435\u0442\u0432\u043e\u0440\u044f\u044e\u0442 \u0436\u0438\u0437\u043d\u044c, \u043f\u0440\u043e\u0446\u0432\u0435\u0442\u0430\u043d\u0438\u0435 \u0438 \u0437\u0434\u043e\u0440\u043e\u0432\u044c\u0435. \u041e\u0442\u043a\u0440\u043e\u0439\u0442\u0435 \u0434\u043b\u044f \u0441\u0435\u0431\u044f \u0442\u0440\u0430\u0434\u0438\u0446\u0438\u044e!\",\"breadcrumb\":{\"@id\":\"https:\\\/\\\/xstyle.md\\\/product\\\/kutya-idlo\\\/#breadcrumb\"},\"inLanguage\":\"ro-RO\",\"potentialAction\":[{\"@type\":\"ReadAction\",\"target\":[\"https:\\\/\\\/xstyle.md\\\/product\\\/kutya-idlo\\\/\"]}]},{\"@type\":\"ImageObject\",\"inLanguage\":\"ro-RO\",\"@id\":\"https:\\\/\\\/xstyle.md\\\/product\\\/kutya-idlo\\\/#primaryimage\",\"url\":\"https:\\\/\\\/xstyle.md\\\/wp-content\\\/uploads\\\/2024\\\/01\\\/kutya-idlo.jpg\",\"contentUrl\":\"https:\\\/\\\/xstyle.md\\\/wp-content\\\/uploads\\\/2024\\\/01\\\/kutya-idlo.jpg\",\"width\":1624,\"height\":1594,\"caption\":\"\u041a\u0443\u0442\u044f IDLO \u0434\u043b\u044f \u0430\u043a\u0442\u0438\u0432\u043d\u043e\u0433\u043e \u043e\u0442\u0434\u044b\u0445\u0430, \u0442\u0440\u0435\u043d\u0438\u0440\u043e\u0432\u043e\u043a \u0438 \u043f\u0443\u0442\u0435\u0448\u0435\u0441\u0442\u0432\u0438\u0439, \u0441\u043f\u043e\u0440\u0442\u0438\u0432\u043d\u0430\u044f \u043e\u0434\u0435\u0436\u0434\u0430 \u0438 \u043e\u0431\u0443\u0432\u044c, \u043f\u043e\u0445\u043e\u0434\u044b \u0438 \u0430\u043b\u044c\u043f\u0438\u043d\u0438\u0437\u043c, \u044d\u043a\u0438\u043f\u0438\u0440\u043e\u0432\u043a\u0430 \u0434\u043b\u044f \u043b\u044e\u0431\u0438\u0442\u0435\u043b\u0435\u0439 \u0430\u043a\u0442\u0438\u0432\u043d\u043e\u0433\u043e \u043e\u0431\u0440\u0430\u0437\u0430 \u0436\u0438\u0437\u043d\u0438\"},{\"@type\":\"BreadcrumbList\",\"@id\":\"https:\\\/\\\/xstyle.md\\\/product\\\/kutya-idlo\\\/#breadcrumb\",\"itemListElement\":[{\"@type\":\"ListItem\",\"position\":1,\"name\":\"\u0413\u043b\u0430\u0432\u043d\u0430\u044f \u0441\u0442\u0440\u0430\u043d\u0438\u0446\u0430\",\"item\":\"https:\\\/\\\/xstyle.md\\\/\"},{\"@type\":\"ListItem\",\"position\":2,\"name\":\"\u041c\u0430\u0433\u0430\u0437\u0438\u043d\",\"item\":\"https:\\\/\\\/xstyle.md\\\/shop\\\/\"},{\"@type\":\"ListItem\",\"position\":3,\"name\":\"\u041a\u0443\u0442\u044f IDLO\"}]},{\"@type\":\"WebSite\",\"@id\":\"https:\\\/\\\/xstyle.md\\\/#website\",\"url\":\"https:\\\/\\\/xstyle.md\\\/\",\"name\":\"\u041c\u0430\u0433\u0430\u0437\u0438\u043d Xstyle\",\"description\":\"C\u043d\u0430\u0440\u044f\u0436\u0435\u043d\u0438\u0435 \u0434\u043b\u044f \u0442\u0443\u0440\u0438\u0437\u043c\u0430 \u0438 \u044d\u043a\u0441\u0442\u0440\u0435\u043c\u0430\u043b\u044c\u043d\u044b\u0445 \u0432\u0438\u0434\u043e\u0432 \u0441\u043f\u043e\u0440\u0442\u0430 \u0432 \u041c\u043e\u043b\u0434\u043e\u0432\u0435.. \u0426\u0435\u043d\u044b, \u0444\u043e\u0442\u043e, \u0445\u0430\u0440\u0430\u043a\u0442\u0435\u0440\u0438\u0441\u0442\u0438\u043a\u0438 \u0432 \u041c\u043e\u043b\u0434\u043e\u0432\u0435.\",\"publisher\":{\"@id\":\"https:\\\/\\\/xstyle.md\\\/#organization\"},\"alternateName\":\"X-Style\",\"potentialAction\":[{\"@type\":\"SearchAction\",\"target\":{\"@type\":\"EntryPoint\",\"urlTemplate\":\"https:\\\/\\\/xstyle.md\\\/?s={search_term_string}\"},\"query-input\":{\"@type\":\"PropertyValueSpecification\",\"valueRequired\":true,\"valueName\":\"search_term_string\"}}],\"inLanguage\":\"ro-RO\"},{\"@type\":\"Organization\",\"@id\":\"https:\\\/\\\/xstyle.md\\\/#organization\",\"name\":\"\u041c\u0430\u0433\u0430\u0437\u0438\u043d Xstyle\",\"alternateName\":\"x-style\",\"url\":\"https:\\\/\\\/xstyle.md\\\/\",\"logo\":{\"@type\":\"ImageObject\",\"inLanguage\":\"ro-RO\",\"@id\":\"https:\\\/\\\/xstyle.md\\\/#\\\/schema\\\/logo\\\/image\\\/\",\"url\":\"https:\\\/\\\/xstyle.md\\\/wp-content\\\/uploads\\\/2020\\\/06\\\/logoicon.svg\",\"contentUrl\":\"https:\\\/\\\/xstyle.md\\\/wp-content\\\/uploads\\\/2020\\\/06\\\/logoicon.svg\",\"caption\":\"\u041c\u0430\u0433\u0430\u0437\u0438\u043d Xstyle\"},\"image\":{\"@id\":\"https:\\\/\\\/xstyle.md\\\/#\\\/schema\\\/logo\\\/image\\\/\"},\"sameAs\":[\"https:\\\/\\\/www.facebook.com\\\/xstylemd\",\"https:\\\/\\\/www.instagram.com\\\/xstyle_md\\\/\",\"https:\\\/\\\/t.me\\\/xstyle_outdoor\"],\"hasMerchantReturnPolicy\":{\"@type\":\"MerchantReturnPolicy\",\"merchantReturnLink\":\"https:\\\/\\\/xstyle.md\\\/ro\\\/conditions\\\/\"}}]}<\/script>\n<meta property=\"product:price:amount\" content=\"95.00\" \/>\n<meta property=\"product:price:currency\" content=\"MDL\" \/>\n<meta property=\"og:availability\" content=\"instock\" \/>\n<meta property=\"product:availability\" content=\"instock\" \/>\n<meta property=\"product:retailer_item_id\" content=\"4820219970477\" \/>\n<meta property=\"product:condition\" content=\"new\" \/>\n<!-- \/ Yoast SEO plugin. -->","yoast_head_json":{"title":"Kutia IDLO - Magazin Xstyle","description":"Kutia IDLO - m\u00e2ncare simbolic\u0103 pentru Biserica Sf\u00e2nt\u0103. Gr\u00e2u, miere, mac \u0219i nuci \u00eentruchipeaz\u0103 via\u021ba, prosperitatea \u0219i s\u0103n\u0103tatea. Descoperi\u021bi tradi\u021bia!","robots":{"index":"index","follow":"follow","max-snippet":"max-snippet:-1","max-image-preview":"max-image-preview:large","max-video-preview":"max-video-preview:-1"},"canonical":"https:\/\/xstyle.md\/ro\/produs\/kutya-idlo\/","og_locale":"ro_RO","og_type":"article","og_title":"\u041a\u0443\u0442\u044f IDLO - \u041c\u0430\u0433\u0430\u0437\u0438\u043d Xstyle","og_description":"\u041a\u0443\u0442\u044f IDLO - \u0441\u0438\u043c\u0432\u043e\u043b\u0438\u0447\u0435\u0441\u043a\u0430\u044f \u0435\u0434\u0430 \u0434\u043b\u044f \u0421\u0432\u044f\u0442\u043e\u0439 \u0426\u0435\u0440\u043a\u0432\u0438. \u041f\u0448\u0435\u043d\u0438\u0446\u0430, \u043c\u0435\u0434, \u043c\u0430\u043a \u0438 \u043e\u0440\u0435\u0445\u0438 \u043e\u043b\u0438\u0446\u0435\u0442\u0432\u043e\u0440\u044f\u044e\u0442 \u0436\u0438\u0437\u043d\u044c, \u043f\u0440\u043e\u0446\u0432\u0435\u0442\u0430\u043d\u0438\u0435 \u0438 \u0437\u0434\u043e\u0440\u043e\u0432\u044c\u0435. \u041e\u0442\u043a\u0440\u043e\u0439\u0442\u0435 \u0434\u043b\u044f \u0441\u0435\u0431\u044f \u0442\u0440\u0430\u0434\u0438\u0446\u0438\u044e!","og_url":"https:\/\/xstyle.md\/ro\/produs\/kutya-idlo\/","og_site_name":"\u041c\u0430\u0433\u0430\u0437\u0438\u043d Xstyle","article_publisher":"https:\/\/www.facebook.com\/xstylemd","article_modified_time":"2026-03-19T14:18:29+00:00","og_image":[{"width":1624,"height":1594,"url":"https:\/\/xstyle.md\/wp-content\/uploads\/2024\/01\/kutya-idlo.jpg","type":"image\/jpeg"}],"twitter_card":"summary_large_image","twitter_misc":{"Pre\u021b":"95&nbsp;MDL","Disponibilitate":"\u00cen stoc"},"schema":{"@context":"https:\/\/schema.org","@graph":[{"@type":"WebPage","@id":"https:\/\/xstyle.md\/product\/kutya-idlo\/","url":"https:\/\/xstyle.md\/product\/kutya-idlo\/","name":"Kutia IDLO - Magazin Xstyle","isPartOf":{"@id":"https:\/\/xstyle.md\/#website"},"primaryImageOfPage":{"@id":"https:\/\/xstyle.md\/product\/kutya-idlo\/#primaryimage"},"image":{"@id":"https:\/\/xstyle.md\/product\/kutya-idlo\/#primaryimage"},"thumbnailUrl":"https:\/\/xstyle.md\/wp-content\/uploads\/2024\/01\/kutya-idlo.jpg","datePublished":"2024-01-30T11:05:09+00:00","dateModified":"2026-03-19T14:18:29+00:00","description":"Kutia IDLO - m\u00e2ncare simbolic\u0103 pentru Biserica Sf\u00e2nt\u0103. Gr\u00e2u, miere, mac \u0219i nuci \u00eentruchipeaz\u0103 via\u021ba, prosperitatea \u0219i s\u0103n\u0103tatea. Descoperi\u021bi tradi\u021bia!","breadcrumb":{"@id":"https:\/\/xstyle.md\/product\/kutya-idlo\/#breadcrumb"},"inLanguage":"ro-RO","potentialAction":[{"@type":"ReadAction","target":["https:\/\/xstyle.md\/product\/kutya-idlo\/"]}]},{"@type":"ImageObject","inLanguage":"ro-RO","@id":"https:\/\/xstyle.md\/product\/kutya-idlo\/#primaryimage","url":"https:\/\/xstyle.md\/wp-content\/uploads\/2024\/01\/kutya-idlo.jpg","contentUrl":"https:\/\/xstyle.md\/wp-content\/uploads\/2024\/01\/kutya-idlo.jpg","width":1624,"height":1594,"caption":"\u041a\u0443\u0442\u044f IDLO \u0434\u043b\u044f \u0430\u043a\u0442\u0438\u0432\u043d\u043e\u0433\u043e \u043e\u0442\u0434\u044b\u0445\u0430, \u0442\u0440\u0435\u043d\u0438\u0440\u043e\u0432\u043e\u043a \u0438 \u043f\u0443\u0442\u0435\u0448\u0435\u0441\u0442\u0432\u0438\u0439, \u0441\u043f\u043e\u0440\u0442\u0438\u0432\u043d\u0430\u044f \u043e\u0434\u0435\u0436\u0434\u0430 \u0438 \u043e\u0431\u0443\u0432\u044c, \u043f\u043e\u0445\u043e\u0434\u044b \u0438 \u0430\u043b\u044c\u043f\u0438\u043d\u0438\u0437\u043c, \u044d\u043a\u0438\u043f\u0438\u0440\u043e\u0432\u043a\u0430 \u0434\u043b\u044f \u043b\u044e\u0431\u0438\u0442\u0435\u043b\u0435\u0439 \u0430\u043a\u0442\u0438\u0432\u043d\u043e\u0433\u043e \u043e\u0431\u0440\u0430\u0437\u0430 \u0436\u0438\u0437\u043d\u0438"},{"@type":"BreadcrumbList","@id":"https:\/\/xstyle.md\/product\/kutya-idlo\/#breadcrumb","itemListElement":[{"@type":"ListItem","position":1,"name":"\u0413\u043b\u0430\u0432\u043d\u0430\u044f \u0441\u0442\u0440\u0430\u043d\u0438\u0446\u0430","item":"https:\/\/xstyle.md\/"},{"@type":"ListItem","position":2,"name":"\u041c\u0430\u0433\u0430\u0437\u0438\u043d","item":"https:\/\/xstyle.md\/shop\/"},{"@type":"ListItem","position":3,"name":"\u041a\u0443\u0442\u044f IDLO"}]},{"@type":"WebSite","@id":"https:\/\/xstyle.md\/#website","url":"https:\/\/xstyle.md\/","name":"Magazinul X-Style","description":"Echipamente pentru turism \u0219i sporturi extreme \u00een Moldova. Pre\u021buri, fotografii, caracteristici \u00een Moldova.","publisher":{"@id":"https:\/\/xstyle.md\/#organization"},"alternateName":"X-Style","potentialAction":[{"@type":"SearchAction","target":{"@type":"EntryPoint","urlTemplate":"https:\/\/xstyle.md\/?s={search_term_string}"},"query-input":{"@type":"PropertyValueSpecification","valueRequired":true,"valueName":"search_term_string"}}],"inLanguage":"ro-RO"},{"@type":"Organization","@id":"https:\/\/xstyle.md\/#organization","name":"Magazinul X-Style","alternateName":"x-style","url":"https:\/\/xstyle.md\/","logo":{"@type":"ImageObject","inLanguage":"ro-RO","@id":"https:\/\/xstyle.md\/#\/schema\/logo\/image\/","url":"https:\/\/xstyle.md\/wp-content\/uploads\/2020\/06\/logoicon.svg","contentUrl":"https:\/\/xstyle.md\/wp-content\/uploads\/2020\/06\/logoicon.svg","caption":"\u041c\u0430\u0433\u0430\u0437\u0438\u043d Xstyle"},"image":{"@id":"https:\/\/xstyle.md\/#\/schema\/logo\/image\/"},"sameAs":["https:\/\/www.facebook.com\/xstylemd","https:\/\/www.instagram.com\/xstyle_md\/","https:\/\/t.me\/xstyle_outdoor"],"hasMerchantReturnPolicy":{"@type":"MerchantReturnPolicy","merchantReturnLink":"https:\/\/xstyle.md\/ro\/conditions\/"}}]},"product_price_amount":"95.00","product_price_currency":"MDL","og_availability":"instock","product_availability":"instock","product_retailer_item_id":"4820219970477","product_condition":"new"},"post_mailing_queue_ids":[],"_links":{"self":[{"href":"https:\/\/xstyle.md\/ro\/wp-json\/wp\/v2\/product\/79462","targetHints":{"allow":["GET"]}}],"collection":[{"href":"https:\/\/xstyle.md\/ro\/wp-json\/wp\/v2\/product"}],"about":[{"href":"https:\/\/xstyle.md\/ro\/wp-json\/wp\/v2\/types\/product"}],"replies":[{"embeddable":true,"href":"https:\/\/xstyle.md\/ro\/wp-json\/wp\/v2\/comments?post=79462"}],"wp:featuredmedia":[{"embeddable":true,"href":"https:\/\/xstyle.md\/ro\/wp-json\/wp\/v2\/media\/79878"}],"wp:attachment":[{"href":"https:\/\/xstyle.md\/ro\/wp-json\/wp\/v2\/media?parent=79462"}],"wp:term":[{"taxonomy":"product_brand","embeddable":true,"href":"https:\/\/xstyle.md\/ro\/wp-json\/wp\/v2\/product_brand?post=79462"},{"taxonomy":"product_cat","embeddable":true,"href":"https:\/\/xstyle.md\/ro\/wp-json\/wp\/v2\/product_cat?post=79462"},{"taxonomy":"product_tag","embeddable":true,"href":"https:\/\/xstyle.md\/ro\/wp-json\/wp\/v2\/product_tag?post=79462"}],"curies":[{"name":"wp","href":"https:\/\/api.w.org\/{rel}","templated":true}]}}