{"id":78774,"date":"2024-01-18T10:10:21","date_gmt":"2024-01-18T07:10:21","guid":{"rendered":"https:\/\/xstyle.md\/?post_type=product&#038;p=78774"},"modified":"2026-03-19T17:18:17","modified_gmt":"2026-03-19T14:18:17","slug":"perchatki-ziener-getter-black","status":"publish","type":"product","link":"https:\/\/xstyle.md\/ro\/produs\/perchatki-ziener-getter-black\/","title":{"rendered":"M\u0103nu\u0219i schi Ziener Getter black"},"content":{"rendered":"<p><\/p>\n<p><strong>Ziener Getter<\/strong> &#8212; sunt m\u0103nu\u0219i de schi pentru b\u0103rba\u021bi, moderne \u0219i sportive, echipate cu membrana Aquashield\u00ae, care ofer\u0103 protec\u021bie total\u0103 \u00eempotriva apei \u0219i a v\u00e2ntului. C\u0103ptu\u0219eala c\u0103lduroas\u0103 din l\u00e2n\u0103 lavalan\u00ae men\u021bine temperatura corpului \u00eentr-un interval confortabil chiar \u0219i \u00een zilele geroase, garant\u00e2nd un climat optim \u00een interiorul m\u0103nu\u0219ilor.<\/p>\n<p>Palmele din piele moale sunt, \u00een acela\u0219i timp, rezistente la uzur\u0103 \u0219i pl\u0103cute la atingere. Partea superioar\u0103 a m\u0103nu\u0219ilor este confec\u021bionat\u0103 dintr-un material texturat modern, asigur\u00e2nd un aspect stilat pe p\u00e2rtie. Curelele late cu velcro permit purtarea m\u0103nu\u0219ilor sub m\u00e2necile jachetei, iar \u0219nururile de siguran\u021b\u0103 integrate permit fixarea acestora de \u00eencheieturi pentru a preveni pierderea lor.<\/p>\n<h3>Particularit\u0103\u021bi<\/h3>\n<ul>\n<li>Palm\u0103 ranforsat\u0103 cu model imprimat pentru aderen\u021b\u0103 sporit\u0103.<\/li>\n<li>Man\u0219et\u0103 din neopren pentru o fixare confortabil\u0103 \u0219i etan\u0219\u0103.<\/li>\n<li>Protec\u021bie u\u0219oar\u0103 \u00een zona \u00eencheieturilor degetelor (knockles).<\/li>\n<li>Membran\u0103 Aquashield\u00ae impermeabil\u0103 \u0219i rezistent\u0103 la v\u00e2nt.<\/li>\n<li>Libertate de mi\u0219care datorit\u0103 materialului exterior elastic (stretch).<\/li>\n<li>C\u0103ptu\u0219eal\u0103 de \u00eenalt\u0103 performan\u021b\u0103 realizat\u0103 din l\u00e2n\u0103 natural\u0103 european\u0103.<\/li>\n<\/ul>\n<h3>Caracteristici<\/h3>\n<ul>\n<li>Material \u2013 Poliester<\/li>\n<li>Destina\u021bie \u2013 Schi alpin<\/li>\n<li>Model \u2013 B\u0103rba\u021bi<\/li>\n<\/ul>\n<h3>Tehnologii<\/h3>\n<ul>\n<li><strong>Aquashield<\/strong>\u00ae &#8212; utilizeaz\u0103 o membran\u0103 performant\u0103, care este at\u00e2t impermeabil\u0103, c\u00e2t \u0219i rezistent\u0103 la v\u00e2nt, fiind special conceput\u0103 pentru a corpul cald \u0219i uscat \u00een condi\u021bii meteo extreme. Aceasta asigur\u0103 un echilibru optim \u00eentre protec\u021bia exterioar\u0103 \u0219i respirabilitatea interioar\u0103, evacu\u00e2nd eficient umiditatea pentru un confort termic de durat\u0103 pe p\u00e2rtie.<\/li>\n<li><strong>Thermoshield<\/strong>\u00ae \u2013 un strat izolator special care asigur\u0103 reten\u021bia maxim\u0103 a c\u0103ldurii \u00een interior.<\/li>\n<li><strong>Lavalan<\/strong>\u00ae \u2013 izola\u021bia din l\u00e2n\u0103 este un material de umplutur\u0103 fabricat din materii prime 100% naturale \u0219i regenerabile, l\u00e2n\u0103 natural\u0103 \u0219i PLA pe baz\u0103 de porumb. L\u00e2na este capabil\u0103 s\u0103 absoarb\u0103 \u0219i s\u0103 elibereze vaporii de umiditate, fiind \u00een acela\u0219i timp hidrofug\u0103. Din acest motiv, lavalanul permite o bun\u0103 circula\u021bie a aerului, se usuc\u0103 rapid \u0219i p\u0103streaz\u0103 c\u0103ldura chiar \u0219i atunci c\u00e2nd este ud sau transpirat. Deoarece l\u00e2na este termoregulatoare, ea ofer\u0103, de asemenea, un efect de r\u0103cire \u0219i previne supra\u00eenc\u0103lzirea. Astfel, l\u00e2na ofer\u0103 \u00eentotdeauna o c\u0103ldur\u0103 confortabil\u0103 \u0219i confortabil\u0103, indiferent de nivelul de activitate sau de schimb\u0103rile de temperatur\u0103.<br \/>\n<\/li>\n<\/ul>\n<h3>Marca<\/h3>\n<p>Ziener - este o marc\u0103 german\u0103 care produce m\u0103nu\u0219i \u0219i \u00eembr\u0103c\u0103minte de schi. Istoria companiei a \u00eenceput \u00een 1946 cu un atelier care producea m\u0103nu\u0219i pentru uz zilnic. Ulterior, compania a \u00eenceput s\u0103 produc\u0103 m\u0103nu\u0219i de schi de \u00eenalt\u0103 calitate, realizate manual.<\/p>\n<p>\u00cembr\u0103c\u0103mintea de schi Ziener se caracterizeaz\u0103 prin utilizarea de noi tehnologii \u0219i detalii func\u021bionale de marc\u0103. Fiecare colec\u021bie de \u00eembr\u0103c\u0103minte de schi Ziener prezint\u0103 culori moderne \u0219i o combina\u021bie neobi\u0219nuit\u0103 de \u021bes\u0103turi \u0219i imprimeuri. Tehnologia Thermoshield este folosit\u0103 pentru a p\u0103stra c\u0103ldura \u00een interiorul \u00eembr\u0103c\u0103mintei de schi. Partenerii companiei sunt: Gore-Tex, NANOtex \u0219i Primaloft.<\/p>\n<p>\u00cen prezent, brandul Ziener este unul dintre liderii pie\u021bei europene de m\u0103nu\u0219i pentru sporturile de iarn\u0103. Produsele companiei sunt prezente \u00een numeroase \u021b\u0103ri din \u00eentreaga lume.<\/p>","protected":false},"excerpt":{"rendered":"<p>\u0411\u0440\u0435\u043d\u0434 Ziener \u2013 \u043d\u0435\u043c\u0435\u0446\u043a\u0438\u0439 \u0431\u0440\u0435\u043d\u0434, \u043f\u0440\u043e\u0438\u0437\u0432\u043e\u0434\u044f\u0449\u0438\u0439 \u043f\u0435\u0440\u0447\u0430\u0442\u043a\u0438 \u0438 \u043e\u0434\u0435\u0436\u0434\u0443 \u0434\u043b\u044f \u0433\u043e\u0440\u043d\u043e\u043b\u044b\u0436\u043d\u043e\u0433\u043e \u0441\u043f\u043e\u0440\u0442\u0430. \u0418\u0441\u0442\u043e\u0440\u0438\u044f \u043a\u043e\u043c\u043f\u0430\u043d\u0438\u0438 \u043d\u0430\u0447\u0430\u043b\u0430\u0441\u044c \u0432 1946 \u0433\u043e\u0434\u0443 \u0441 \u043c\u0430\u0441\u0442\u0435\u0440\u0441\u043a\u043e\u0439 \u043f\u043e \u043f\u0440\u043e\u0438\u0437\u0432\u043e\u0434\u0441\u0442\u0432\u0443 \u043f\u0435\u0440\u0447\u0430\u0442\u043e\u043a \u0434\u043b\u044f \u043f\u043e\u0432\u0441\u0435\u0434\u043d\u0435\u0432\u043d\u043e\u0433\u043e \u0438\u0441\u043f\u043e\u043b\u044c\u0437\u043e\u0432\u0430\u043d\u0438\u044f. \u041f\u043e\u0437\u0436\u0435 \u043a\u043e\u043c\u043f\u0430\u043d\u0438\u044f \u043d\u0430\u0447\u0430\u043b\u0430 \u043f\u0440\u043e\u0438\u0437\u0432\u043e\u0434\u0438\u0442\u044c \u0432\u044b\u0441\u043e\u043a\u043e\u043a\u0430\u0447\u0435\u0441\u0442\u0432\u0435\u043d\u043d\u044b\u0435 \u043b\u044b\u0436\u043d\u044b\u0435 \u043f\u0435\u0440\u0447\u0430\u0442\u043a\u0438 \u0440\u0443\u0447\u043d\u043e\u0439 \u0440\u0430\u0431\u043e\u0442\u044b. \u0413\u043e\u0440\u043d\u043e\u043b\u044b\u0436\u043d\u0430\u044f \u043e\u0434\u0435\u0436\u0434\u0430 \u0444\u0438\u0440\u043c\u044b Ziener \u043e\u0442\u043b\u0438\u0447\u0430\u0435\u0442\u0441\u044f \u043f\u0440\u0438\u043c\u0435\u043d\u0435\u043d\u0438\u0435\u043c \u043d\u043e\u0432\u044b\u0445 \u0442\u0435\u0445\u043d\u043e\u043b\u043e\u0433\u0438\u0439 \u0438 \u0444\u0443\u043d\u043a\u0446\u0438\u043e\u043d\u0430\u043b\u044c\u043d\u043e\u0441\u0442\u044c\u044e \u0444\u0438\u0440\u043c\u0435\u043d\u043d\u044b\u0445 \u0434\u0435\u0442\u0430\u043b\u0435\u0439. \u041a\u0430\u0436\u0434\u0430\u044f \u043a\u043e\u043b\u043b\u0435\u043a\u0446\u0438\u044f \u0433\u043e\u0440\u043d\u043e\u043b\u044b\u0436\u043d\u0430\u044f \u043e\u0434\u0435\u0436\u0434\u0430 Ziener \u2013 \u044d\u0442\u043e \u0441\u043e\u0432\u0440\u0435\u043c\u0435\u043d\u043d\u044b\u0435 [&hellip;]<\/p>\n","protected":false},"featured_media":79190,"comment_status":"open","ping_status":"closed","template":"","meta":{"_acf_changed":false,"inline_featured_image":false},"product_brand":[1313],"product_cat":[889],"product_tag":[],"class_list":{"0":"post-78774","1":"product","2":"type-product","3":"status-publish","4":"has-post-thumbnail","6":"product_brand-ziener","7":"product_cat-ski-gloves-men","9":"first","10":"instock","11":"shipping-taxable","12":"purchasable","13":"product-type-simple"},"acf":[],"yoast_head":"<!-- This site is optimized with the Yoast SEO plugin v27.4 - https:\/\/yoast.com\/product\/yoast-seo-wordpress\/ -->\n<title>\u041f\u0435\u0440\u0447\u0430\u0442\u043a\u0438 Ziener Getter black - \u041c\u0430\u0433\u0430\u0437\u0438\u043d Xstyle<\/title>\n<meta name=\"description\" content=\"\u041f\u0435\u0440\u0447\u0430\u0442\u043a\u0438 Ziener Getter black \u043e\u0431\u0435\u0441\u043f\u0435\u0447\u0438\u0432\u0430\u044e\u0442 \u043d\u0430\u0434\u0435\u0436\u043d\u0443\u044e \u0437\u0430\u0449\u0438\u0442\u0443 \u0438 \u0442\u0435\u043f\u043b\u043e \u0431\u043b\u0430\u0433\u043e\u0434\u0430\u0440\u044f \u0442\u0435\u0445\u043d\u043e\u043b\u043e\u0433\u0438\u044f\u043c Aquashield \u0438 Thermoshield. \u0418\u0434\u0435\u0430\u043b\u044c\u043d\u044b \u0434\u043b\u044f \u0430\u043a\u0442\u0438\u0432\u043d\u043e\u0433\u043e \u043e\u0442\u0434\u044b\u0445\u0430!\" \/>\n<meta name=\"robots\" content=\"index, follow, max-snippet:-1, max-image-preview:large, max-video-preview:-1\" \/>\n<link rel=\"canonical\" href=\"https:\/\/xstyle.md\/ro\/produs\/perchatki-ziener-getter-black\/\" \/>\n<meta property=\"og:locale\" content=\"ro_RO\" \/>\n<meta property=\"og:type\" content=\"article\" \/>\n<meta property=\"og:title\" content=\"\u041f\u0435\u0440\u0447\u0430\u0442\u043a\u0438 Ziener Getter black - \u041c\u0430\u0433\u0430\u0437\u0438\u043d Xstyle\" \/>\n<meta property=\"og:description\" content=\"\u041f\u0435\u0440\u0447\u0430\u0442\u043a\u0438 Ziener Getter black \u043e\u0431\u0435\u0441\u043f\u0435\u0447\u0438\u0432\u0430\u044e\u0442 \u043d\u0430\u0434\u0435\u0436\u043d\u0443\u044e \u0437\u0430\u0449\u0438\u0442\u0443 \u0438 \u0442\u0435\u043f\u043b\u043e \u0431\u043b\u0430\u0433\u043e\u0434\u0430\u0440\u044f \u0442\u0435\u0445\u043d\u043e\u043b\u043e\u0433\u0438\u044f\u043c Aquashield \u0438 Thermoshield. \u0418\u0434\u0435\u0430\u043b\u044c\u043d\u044b \u0434\u043b\u044f \u0430\u043a\u0442\u0438\u0432\u043d\u043e\u0433\u043e \u043e\u0442\u0434\u044b\u0445\u0430!\" \/>\n<meta property=\"og:url\" content=\"https:\/\/xstyle.md\/ro\/produs\/perchatki-ziener-getter-black\/\" \/>\n<meta property=\"og:site_name\" content=\"\u041c\u0430\u0433\u0430\u0437\u0438\u043d Xstyle\" \/>\n<meta property=\"article:publisher\" content=\"https:\/\/www.facebook.com\/xstylemd\" \/>\n<meta property=\"article:modified_time\" content=\"2026-03-19T14:18:17+00:00\" \/>\n<meta property=\"og:image\" content=\"https:\/\/xstyle.md\/wp-content\/uploads\/2024\/01\/ziener-getter-black.jpg\" \/>\n\t<meta property=\"og:image:width\" content=\"1200\" \/>\n\t<meta property=\"og:image:height\" content=\"1200\" \/>\n\t<meta property=\"og:image:type\" content=\"image\/jpeg\" \/>\n<meta name=\"twitter:card\" content=\"summary_large_image\" \/>\n<meta name=\"twitter:label1\" content=\"Pre\u021b\" \/>\n\t<meta name=\"twitter:data1\" content=\"1.190&nbsp;MDL\" \/>\n\t<meta name=\"twitter:label2\" content=\"Disponibilitate\" \/>\n\t<meta name=\"twitter:data2\" content=\"\u00cen stoc\" \/>\n<script type=\"application\/ld+json\" class=\"yoast-schema-graph\">{\"@context\":\"https:\\\/\\\/schema.org\",\"@graph\":[{\"@type\":\"WebPage\",\"@id\":\"https:\\\/\\\/xstyle.md\\\/product\\\/perchatki-ziener-getter-black\\\/\",\"url\":\"https:\\\/\\\/xstyle.md\\\/product\\\/perchatki-ziener-getter-black\\\/\",\"name\":\"\u041f\u0435\u0440\u0447\u0430\u0442\u043a\u0438 Ziener Getter black - \u041c\u0430\u0433\u0430\u0437\u0438\u043d Xstyle\",\"isPartOf\":{\"@id\":\"https:\\\/\\\/xstyle.md\\\/#website\"},\"primaryImageOfPage\":{\"@id\":\"https:\\\/\\\/xstyle.md\\\/product\\\/perchatki-ziener-getter-black\\\/#primaryimage\"},\"image\":{\"@id\":\"https:\\\/\\\/xstyle.md\\\/product\\\/perchatki-ziener-getter-black\\\/#primaryimage\"},\"thumbnailUrl\":\"https:\\\/\\\/xstyle.md\\\/wp-content\\\/uploads\\\/2024\\\/01\\\/ziener-getter-black.jpg\",\"datePublished\":\"2024-01-18T07:10:21+00:00\",\"dateModified\":\"2026-03-19T14:18:17+00:00\",\"description\":\"\u041f\u0435\u0440\u0447\u0430\u0442\u043a\u0438 Ziener Getter black \u043e\u0431\u0435\u0441\u043f\u0435\u0447\u0438\u0432\u0430\u044e\u0442 \u043d\u0430\u0434\u0435\u0436\u043d\u0443\u044e \u0437\u0430\u0449\u0438\u0442\u0443 \u0438 \u0442\u0435\u043f\u043b\u043e \u0431\u043b\u0430\u0433\u043e\u0434\u0430\u0440\u044f \u0442\u0435\u0445\u043d\u043e\u043b\u043e\u0433\u0438\u044f\u043c Aquashield \u0438 Thermoshield. \u0418\u0434\u0435\u0430\u043b\u044c\u043d\u044b \u0434\u043b\u044f \u0430\u043a\u0442\u0438\u0432\u043d\u043e\u0433\u043e \u043e\u0442\u0434\u044b\u0445\u0430!\",\"breadcrumb\":{\"@id\":\"https:\\\/\\\/xstyle.md\\\/product\\\/perchatki-ziener-getter-black\\\/#breadcrumb\"},\"inLanguage\":\"ro-RO\",\"potentialAction\":[{\"@type\":\"ReadAction\",\"target\":[\"https:\\\/\\\/xstyle.md\\\/product\\\/perchatki-ziener-getter-black\\\/\"]}]},{\"@type\":\"ImageObject\",\"inLanguage\":\"ro-RO\",\"@id\":\"https:\\\/\\\/xstyle.md\\\/product\\\/perchatki-ziener-getter-black\\\/#primaryimage\",\"url\":\"https:\\\/\\\/xstyle.md\\\/wp-content\\\/uploads\\\/2024\\\/01\\\/ziener-getter-black.jpg\",\"contentUrl\":\"https:\\\/\\\/xstyle.md\\\/wp-content\\\/uploads\\\/2024\\\/01\\\/ziener-getter-black.jpg\",\"width\":1200,\"height\":1200,\"caption\":\"\u041f\u0435\u0440\u0447\u0430\u0442\u043a\u0438 Ziener Getter \u0447\u0435\u0440\u043d\u044b\u0435 \u0434\u043b\u044f \u0430\u043a\u0442\u0438\u0432\u043d\u043e\u0433\u043e \u043e\u0442\u0434\u044b\u0445\u0430 \u043b\u044b\u0436\u043d\u044b\u0445 \u043f\u043e\u0445\u043e\u0434\u043e\u0432 \u0438 \u0442\u0443\u0440\u0438\u0437\u043c\u0430, \u044d\u043a\u0438\u043f\u0438\u0440\u043e\u0432\u043a\u0430 \u0434\u043b\u044f \u043f\u0443\u0442\u0435\u0448\u0435\u0441\u0442\u0432\u0438\u0439 \u0438 \u0430\u043b\u044c\u043f\u0438\u043d\u0438\u0437\u043c\u0430\"},{\"@type\":\"BreadcrumbList\",\"@id\":\"https:\\\/\\\/xstyle.md\\\/product\\\/perchatki-ziener-getter-black\\\/#breadcrumb\",\"itemListElement\":[{\"@type\":\"ListItem\",\"position\":1,\"name\":\"\u0413\u043b\u0430\u0432\u043d\u0430\u044f \u0441\u0442\u0440\u0430\u043d\u0438\u0446\u0430\",\"item\":\"https:\\\/\\\/xstyle.md\\\/\"},{\"@type\":\"ListItem\",\"position\":2,\"name\":\"\u041c\u0430\u0433\u0430\u0437\u0438\u043d\",\"item\":\"https:\\\/\\\/xstyle.md\\\/shop\\\/\"},{\"@type\":\"ListItem\",\"position\":3,\"name\":\"\u041f\u0435\u0440\u0447\u0430\u0442\u043a\u0438 Ziener Getter black\"}]},{\"@type\":\"WebSite\",\"@id\":\"https:\\\/\\\/xstyle.md\\\/#website\",\"url\":\"https:\\\/\\\/xstyle.md\\\/\",\"name\":\"\u041c\u0430\u0433\u0430\u0437\u0438\u043d Xstyle\",\"description\":\"C\u043d\u0430\u0440\u044f\u0436\u0435\u043d\u0438\u0435 \u0434\u043b\u044f \u0442\u0443\u0440\u0438\u0437\u043c\u0430 \u0438 \u044d\u043a\u0441\u0442\u0440\u0435\u043c\u0430\u043b\u044c\u043d\u044b\u0445 \u0432\u0438\u0434\u043e\u0432 \u0441\u043f\u043e\u0440\u0442\u0430 \u0432 \u041c\u043e\u043b\u0434\u043e\u0432\u0435.. \u0426\u0435\u043d\u044b, \u0444\u043e\u0442\u043e, \u0445\u0430\u0440\u0430\u043a\u0442\u0435\u0440\u0438\u0441\u0442\u0438\u043a\u0438 \u0432 \u041c\u043e\u043b\u0434\u043e\u0432\u0435.\",\"publisher\":{\"@id\":\"https:\\\/\\\/xstyle.md\\\/#organization\"},\"alternateName\":\"X-Style\",\"potentialAction\":[{\"@type\":\"SearchAction\",\"target\":{\"@type\":\"EntryPoint\",\"urlTemplate\":\"https:\\\/\\\/xstyle.md\\\/?s={search_term_string}\"},\"query-input\":{\"@type\":\"PropertyValueSpecification\",\"valueRequired\":true,\"valueName\":\"search_term_string\"}}],\"inLanguage\":\"ro-RO\"},{\"@type\":\"Organization\",\"@id\":\"https:\\\/\\\/xstyle.md\\\/#organization\",\"name\":\"\u041c\u0430\u0433\u0430\u0437\u0438\u043d Xstyle\",\"alternateName\":\"x-style\",\"url\":\"https:\\\/\\\/xstyle.md\\\/\",\"logo\":{\"@type\":\"ImageObject\",\"inLanguage\":\"ro-RO\",\"@id\":\"https:\\\/\\\/xstyle.md\\\/#\\\/schema\\\/logo\\\/image\\\/\",\"url\":\"https:\\\/\\\/xstyle.md\\\/wp-content\\\/uploads\\\/2020\\\/06\\\/logoicon.svg\",\"contentUrl\":\"https:\\\/\\\/xstyle.md\\\/wp-content\\\/uploads\\\/2020\\\/06\\\/logoicon.svg\",\"caption\":\"\u041c\u0430\u0433\u0430\u0437\u0438\u043d Xstyle\"},\"image\":{\"@id\":\"https:\\\/\\\/xstyle.md\\\/#\\\/schema\\\/logo\\\/image\\\/\"},\"sameAs\":[\"https:\\\/\\\/www.facebook.com\\\/xstylemd\",\"https:\\\/\\\/www.instagram.com\\\/xstyle_md\\\/\",\"https:\\\/\\\/t.me\\\/xstyle_outdoor\"],\"hasMerchantReturnPolicy\":{\"@type\":\"MerchantReturnPolicy\",\"merchantReturnLink\":\"https:\\\/\\\/xstyle.md\\\/ro\\\/conditions\\\/\"}}]}<\/script>\n<meta property=\"product:price:amount\" content=\"1190.00\" \/>\n<meta property=\"product:price:currency\" content=\"MDL\" \/>\n<meta property=\"og:availability\" content=\"instock\" \/>\n<meta property=\"product:availability\" content=\"instock\" \/>\n<meta property=\"product:retailer_item_id\" content=\"4063833869257\" \/>\n<meta property=\"product:condition\" content=\"new\" \/>\n<!-- \/ Yoast SEO plugin. -->","yoast_head_json":{"title":"M\u0103nu\u0219i Ziener Getter black - Magazin Xstyle","description":"M\u0103nu\u0219ile Ziener Getter black ofer\u0103 o protec\u021bie fiabil\u0103 \u0219i c\u0103ldur\u0103 datorit\u0103 tehnologiilor Aquashield \u0219i Thermoshield. Sunt ideale pentru activit\u0103\u021bi \u00een aer liber!","robots":{"index":"index","follow":"follow","max-snippet":"max-snippet:-1","max-image-preview":"max-image-preview:large","max-video-preview":"max-video-preview:-1"},"canonical":"https:\/\/xstyle.md\/ro\/produs\/perchatki-ziener-getter-black\/","og_locale":"ro_RO","og_type":"article","og_title":"\u041f\u0435\u0440\u0447\u0430\u0442\u043a\u0438 Ziener Getter black - \u041c\u0430\u0433\u0430\u0437\u0438\u043d Xstyle","og_description":"\u041f\u0435\u0440\u0447\u0430\u0442\u043a\u0438 Ziener Getter black \u043e\u0431\u0435\u0441\u043f\u0435\u0447\u0438\u0432\u0430\u044e\u0442 \u043d\u0430\u0434\u0435\u0436\u043d\u0443\u044e \u0437\u0430\u0449\u0438\u0442\u0443 \u0438 \u0442\u0435\u043f\u043b\u043e \u0431\u043b\u0430\u0433\u043e\u0434\u0430\u0440\u044f \u0442\u0435\u0445\u043d\u043e\u043b\u043e\u0433\u0438\u044f\u043c Aquashield \u0438 Thermoshield. \u0418\u0434\u0435\u0430\u043b\u044c\u043d\u044b \u0434\u043b\u044f \u0430\u043a\u0442\u0438\u0432\u043d\u043e\u0433\u043e \u043e\u0442\u0434\u044b\u0445\u0430!","og_url":"https:\/\/xstyle.md\/ro\/produs\/perchatki-ziener-getter-black\/","og_site_name":"\u041c\u0430\u0433\u0430\u0437\u0438\u043d Xstyle","article_publisher":"https:\/\/www.facebook.com\/xstylemd","article_modified_time":"2026-03-19T14:18:17+00:00","og_image":[{"width":1200,"height":1200,"url":"https:\/\/xstyle.md\/wp-content\/uploads\/2024\/01\/ziener-getter-black.jpg","type":"image\/jpeg"}],"twitter_card":"summary_large_image","twitter_misc":{"Pre\u021b":"1.190&nbsp;MDL","Disponibilitate":"\u00cen stoc"},"schema":{"@context":"https:\/\/schema.org","@graph":[{"@type":"WebPage","@id":"https:\/\/xstyle.md\/product\/perchatki-ziener-getter-black\/","url":"https:\/\/xstyle.md\/product\/perchatki-ziener-getter-black\/","name":"M\u0103nu\u0219i Ziener Getter black - Magazin Xstyle","isPartOf":{"@id":"https:\/\/xstyle.md\/#website"},"primaryImageOfPage":{"@id":"https:\/\/xstyle.md\/product\/perchatki-ziener-getter-black\/#primaryimage"},"image":{"@id":"https:\/\/xstyle.md\/product\/perchatki-ziener-getter-black\/#primaryimage"},"thumbnailUrl":"https:\/\/xstyle.md\/wp-content\/uploads\/2024\/01\/ziener-getter-black.jpg","datePublished":"2024-01-18T07:10:21+00:00","dateModified":"2026-03-19T14:18:17+00:00","description":"M\u0103nu\u0219ile Ziener Getter black ofer\u0103 o protec\u021bie fiabil\u0103 \u0219i c\u0103ldur\u0103 datorit\u0103 tehnologiilor Aquashield \u0219i Thermoshield. Sunt ideale pentru activit\u0103\u021bi \u00een aer liber!","breadcrumb":{"@id":"https:\/\/xstyle.md\/product\/perchatki-ziener-getter-black\/#breadcrumb"},"inLanguage":"ro-RO","potentialAction":[{"@type":"ReadAction","target":["https:\/\/xstyle.md\/product\/perchatki-ziener-getter-black\/"]}]},{"@type":"ImageObject","inLanguage":"ro-RO","@id":"https:\/\/xstyle.md\/product\/perchatki-ziener-getter-black\/#primaryimage","url":"https:\/\/xstyle.md\/wp-content\/uploads\/2024\/01\/ziener-getter-black.jpg","contentUrl":"https:\/\/xstyle.md\/wp-content\/uploads\/2024\/01\/ziener-getter-black.jpg","width":1200,"height":1200,"caption":"\u041f\u0435\u0440\u0447\u0430\u0442\u043a\u0438 Ziener Getter \u0447\u0435\u0440\u043d\u044b\u0435 \u0434\u043b\u044f \u0430\u043a\u0442\u0438\u0432\u043d\u043e\u0433\u043e \u043e\u0442\u0434\u044b\u0445\u0430 \u043b\u044b\u0436\u043d\u044b\u0445 \u043f\u043e\u0445\u043e\u0434\u043e\u0432 \u0438 \u0442\u0443\u0440\u0438\u0437\u043c\u0430, \u044d\u043a\u0438\u043f\u0438\u0440\u043e\u0432\u043a\u0430 \u0434\u043b\u044f \u043f\u0443\u0442\u0435\u0448\u0435\u0441\u0442\u0432\u0438\u0439 \u0438 \u0430\u043b\u044c\u043f\u0438\u043d\u0438\u0437\u043c\u0430"},{"@type":"BreadcrumbList","@id":"https:\/\/xstyle.md\/product\/perchatki-ziener-getter-black\/#breadcrumb","itemListElement":[{"@type":"ListItem","position":1,"name":"\u0413\u043b\u0430\u0432\u043d\u0430\u044f \u0441\u0442\u0440\u0430\u043d\u0438\u0446\u0430","item":"https:\/\/xstyle.md\/"},{"@type":"ListItem","position":2,"name":"\u041c\u0430\u0433\u0430\u0437\u0438\u043d","item":"https:\/\/xstyle.md\/shop\/"},{"@type":"ListItem","position":3,"name":"\u041f\u0435\u0440\u0447\u0430\u0442\u043a\u0438 Ziener Getter black"}]},{"@type":"WebSite","@id":"https:\/\/xstyle.md\/#website","url":"https:\/\/xstyle.md\/","name":"Magazinul X-Style","description":"Echipamente pentru turism \u0219i sporturi extreme \u00een Moldova. Pre\u021buri, fotografii, caracteristici \u00een Moldova.","publisher":{"@id":"https:\/\/xstyle.md\/#organization"},"alternateName":"X-Style","potentialAction":[{"@type":"SearchAction","target":{"@type":"EntryPoint","urlTemplate":"https:\/\/xstyle.md\/?s={search_term_string}"},"query-input":{"@type":"PropertyValueSpecification","valueRequired":true,"valueName":"search_term_string"}}],"inLanguage":"ro-RO"},{"@type":"Organization","@id":"https:\/\/xstyle.md\/#organization","name":"Magazinul X-Style","alternateName":"x-style","url":"https:\/\/xstyle.md\/","logo":{"@type":"ImageObject","inLanguage":"ro-RO","@id":"https:\/\/xstyle.md\/#\/schema\/logo\/image\/","url":"https:\/\/xstyle.md\/wp-content\/uploads\/2020\/06\/logoicon.svg","contentUrl":"https:\/\/xstyle.md\/wp-content\/uploads\/2020\/06\/logoicon.svg","caption":"\u041c\u0430\u0433\u0430\u0437\u0438\u043d Xstyle"},"image":{"@id":"https:\/\/xstyle.md\/#\/schema\/logo\/image\/"},"sameAs":["https:\/\/www.facebook.com\/xstylemd","https:\/\/www.instagram.com\/xstyle_md\/","https:\/\/t.me\/xstyle_outdoor"],"hasMerchantReturnPolicy":{"@type":"MerchantReturnPolicy","merchantReturnLink":"https:\/\/xstyle.md\/ro\/conditions\/"}}]},"product_price_amount":"1190.00","product_price_currency":"MDL","og_availability":"instock","product_availability":"instock","product_retailer_item_id":"4063833869257","product_condition":"new"},"post_mailing_queue_ids":[],"_links":{"self":[{"href":"https:\/\/xstyle.md\/ro\/wp-json\/wp\/v2\/product\/78774","targetHints":{"allow":["GET"]}}],"collection":[{"href":"https:\/\/xstyle.md\/ro\/wp-json\/wp\/v2\/product"}],"about":[{"href":"https:\/\/xstyle.md\/ro\/wp-json\/wp\/v2\/types\/product"}],"replies":[{"embeddable":true,"href":"https:\/\/xstyle.md\/ro\/wp-json\/wp\/v2\/comments?post=78774"}],"wp:featuredmedia":[{"embeddable":true,"href":"https:\/\/xstyle.md\/ro\/wp-json\/wp\/v2\/media\/79190"}],"wp:attachment":[{"href":"https:\/\/xstyle.md\/ro\/wp-json\/wp\/v2\/media?parent=78774"}],"wp:term":[{"taxonomy":"product_brand","embeddable":true,"href":"https:\/\/xstyle.md\/ro\/wp-json\/wp\/v2\/product_brand?post=78774"},{"taxonomy":"product_cat","embeddable":true,"href":"https:\/\/xstyle.md\/ro\/wp-json\/wp\/v2\/product_cat?post=78774"},{"taxonomy":"product_tag","embeddable":true,"href":"https:\/\/xstyle.md\/ro\/wp-json\/wp\/v2\/product_tag?post=78774"}],"curies":[{"name":"wp","href":"https:\/\/api.w.org\/{rel}","templated":true}]}}