{"id":78357,"date":"2024-01-11T15:15:32","date_gmt":"2024-01-11T12:15:32","guid":{"rendered":"https:\/\/xstyle.md\/?post_type=product&#038;p=78357"},"modified":"2024-12-16T22:37:26","modified_gmt":"2024-12-16T19:37:26","slug":"nabor-dlya-lancha-zojirushi-sl-jaf14hg","status":"publish","type":"product","link":"https:\/\/dev.xstyle.md\/ro\/produs\/nabor-dlya-lancha-zojirushi-sl-jaf14hg\/","title":{"rendered":"Set pentru lunch Zojirushi SL-JAF14HG"},"content":{"rendered":"<\/p>\n<p><strong>Zojirushi SL-JAF14HG<\/strong> &#8212; termosul de pr\u00e2nz cu un balon metalic este perfect pentru c\u0103l\u0103torii de afaceri, excursii la \u021bar\u0103, pescuit, v\u00e2n\u0103toare, c\u0103l\u0103torii. Pentru lejeritatea \u0219i durabilitatea, care se armonizeaz\u0103 cu p\u0103strarea uimitoare a temperaturii produselor din interior, sunt l\u0103udate cu noble\u021be de cunosc\u0103torii de relaxare activ\u0103 \u0219i de pescari. Aceste termosuri sunt de neegalat dac\u0103 via\u021ba dvs. profesional\u0103 se \u00eemplete\u0219te cu c\u0103l\u0103torii continue sau dac\u0103 lucra\u021bi \u201epe teren\u201d, dac\u0103 urma\u021bi o diet\u0103 \u0219i iubi\u021bi m\u00e2ncarea s\u0103n\u0103toas\u0103.<\/p>\n<p>Termosul din metal garanteaz\u0103 o izolare termic\u0103 uimitoare datorit\u0103 unui strat de vid cu o grosime de numai 1 milimetru. Folosirea o\u021belului rezistent cu grosime redus\u0103 face ca termosul s\u0103 fie at\u00e2t de u\u0219or \u0219i compact.<\/p>\n<p>Planul interior al recipientelor are un strat antibacterian \u201eAg+\u201d care con\u021bine ioni de argint, ceea ce reduce semnificativ probabilitatea de dezvoltare a microflorei d\u0103un\u0103toare.<\/p>\n<h3>Setul include<\/h3>\n<ul>\n<li>Pentru bor\u0219 &#8212; 280 ml<\/li>\n<li>Pentru felul doi &#8212; 450 ml<\/li>\n<li>Pentru aperitiv sau salat\u0103 &#8212; 300 ml<\/li>\n<li>Recipient suplimentar pentru un aperitiv &#8212; 200 ml<\/li>\n<li>Setul include, de asemenea, be\u021bi\u0219oare \u00eentr-un recipient special.<\/li>\n<li>Cutie cu m\u00e2ner \u0219i curea<\/li>\n<\/ul>\n<h3>Regimul de temperatur\u0103<\/h3>\n<ul>\n<li>Valoarea aproximativ\u0103 pentru un termos complet umplut la o temperatur\u0103 ini\u021bial\u0103 a lichidului de 95 \u00b0C \u0219i o temperatur\u0103 a aerului ambiant de 20 \u00b0C &#8212; dup\u0103 6 ore: 69 \u00b0C<\/li>\n<\/ul>\n<h3>Caracteristici<\/h3>\n<ul>\n<li>Material &#8212; plastic BPA, o\u021bel inoxidabil<\/li>\n<li>Diametrul g\u00e2tului &#8212; 120 mm<\/li>\n<\/ul>\n<p><\/p>","protected":false},"excerpt":{"rendered":"","protected":false},"featured_media":78591,"comment_status":"open","ping_status":"closed","template":"","meta":{"_acf_changed":false,"inline_featured_image":false},"product_brand":[1377],"product_cat":[856],"product_tag":[],"class_list":{"0":"post-78357","1":"product","2":"type-product","3":"status-publish","4":"has-post-thumbnail","6":"product_brand-zojirushi","7":"product_cat-thermoses-and-food-containers","9":"first","10":"instock","11":"shipping-taxable","12":"purchasable","13":"product-type-simple"},"acf":[],"yoast_head":"<!-- This site is optimized with the Yoast SEO plugin v27.5 - https:\/\/yoast.com\/product\/yoast-seo-wordpress\/ -->\n<title>\u041d\u0430\u0431\u043e\u0440 \u0434\u043b\u044f \u043b\u0430\u043d\u0447\u0430 Zojirushi SL-JAF14HG - \u041c\u0430\u0433\u0430\u0437\u0438\u043d Xstyle<\/title>\n<meta name=\"description\" content=\"\u041d\u0430\u0431\u043e\u0440 \u0434\u043b\u044f \u043b\u0430\u043d\u0447\u0430 Zojirushi SL-JAF14HG: \u0438\u0434\u0435\u0430\u043b\u044c\u043d\u044b\u0439 \u0430\u043a\u0441\u0435\u0441\u0441\u0443\u0430\u0440 \u0434\u043b\u044f \u043f\u0443\u0442\u0435\u0448\u0435\u0441\u0442\u0432\u0438\u0439. \u0414\u0435\u0440\u0436\u0438\u0442 \u0442\u0435\u043c\u043f\u0435\u0440\u0430\u0442\u0443\u0440\u0443 \u0434\u043e 95\u00b0C, \u043f\u0440\u043e\u0447\u0435\u043d \u0438 \u0441\u0442\u0438\u043b\u044c\u043d\u044b\u0439. \u041e\u0442\u043b\u0438\u0447\u043d\u043e \u043f\u043e\u0434\u0445\u043e\u0434\u0438\u0442 \u0434\u043b\u044f \u0430\u043a\u0442\u0438\u0432\u043d\u043e\u0433\u043e \u043e\u0442\u0434\u044b\u0445\u0430!\" \/>\n<meta name=\"robots\" content=\"noindex, follow, max-snippet:-1, max-image-preview:large, max-video-preview:-1\" \/>\n<meta property=\"og:locale\" content=\"ro_RO\" \/>\n<meta property=\"og:type\" content=\"article\" \/>\n<meta property=\"og:title\" content=\"\u041d\u0430\u0431\u043e\u0440 \u0434\u043b\u044f \u043b\u0430\u043d\u0447\u0430 Zojirushi SL-JAF14HG - \u041c\u0430\u0433\u0430\u0437\u0438\u043d Xstyle\" \/>\n<meta property=\"og:description\" content=\"\u041d\u0430\u0431\u043e\u0440 \u0434\u043b\u044f \u043b\u0430\u043d\u0447\u0430 Zojirushi SL-JAF14HG: \u0438\u0434\u0435\u0430\u043b\u044c\u043d\u044b\u0439 \u0430\u043a\u0441\u0435\u0441\u0441\u0443\u0430\u0440 \u0434\u043b\u044f \u043f\u0443\u0442\u0435\u0448\u0435\u0441\u0442\u0432\u0438\u0439. \u0414\u0435\u0440\u0436\u0438\u0442 \u0442\u0435\u043c\u043f\u0435\u0440\u0430\u0442\u0443\u0440\u0443 \u0434\u043e 95\u00b0C, \u043f\u0440\u043e\u0447\u0435\u043d \u0438 \u0441\u0442\u0438\u043b\u044c\u043d\u044b\u0439. \u041e\u0442\u043b\u0438\u0447\u043d\u043e \u043f\u043e\u0434\u0445\u043e\u0434\u0438\u0442 \u0434\u043b\u044f \u0430\u043a\u0442\u0438\u0432\u043d\u043e\u0433\u043e \u043e\u0442\u0434\u044b\u0445\u0430!\" \/>\n<meta property=\"og:url\" content=\"https:\/\/dev.xstyle.md\/ro\/produs\/nabor-dlya-lancha-zojirushi-sl-jaf14hg\/\" \/>\n<meta property=\"og:site_name\" content=\"\u041c\u0430\u0433\u0430\u0437\u0438\u043d Xstyle\" \/>\n<meta property=\"article:publisher\" content=\"https:\/\/www.facebook.com\/xstylemd\" \/>\n<meta property=\"article:modified_time\" content=\"2024-12-16T19:37:26+00:00\" \/>\n<meta property=\"og:image\" content=\"https:\/\/dev.xstyle.md\/wp-content\/uploads\/2024\/01\/zojirushi-sl-jaf14hg.jpg\" \/>\n\t<meta property=\"og:image:width\" content=\"1388\" \/>\n\t<meta property=\"og:image:height\" content=\"1316\" \/>\n\t<meta property=\"og:image:type\" content=\"image\/jpeg\" \/>\n<meta name=\"twitter:card\" content=\"summary_large_image\" \/>\n<meta name=\"twitter:label1\" content=\"Pre\u021b\" \/>\n\t<meta name=\"twitter:data1\" content=\"1.650,00&nbsp;MDL\" \/>\n\t<meta name=\"twitter:label2\" content=\"Disponibilitate\" \/>\n\t<meta name=\"twitter:data2\" content=\"\u00cen stoc\" \/>\n<script type=\"application\/ld+json\" class=\"yoast-schema-graph\">{\"@context\":\"https:\\\/\\\/schema.org\",\"@graph\":[{\"@type\":\"WebPage\",\"@id\":\"https:\\\/\\\/dev.xstyle.md\\\/product\\\/nabor-dlya-lancha-zojirushi-sl-jaf14hg\\\/\",\"url\":\"https:\\\/\\\/dev.xstyle.md\\\/product\\\/nabor-dlya-lancha-zojirushi-sl-jaf14hg\\\/\",\"name\":\"\u041d\u0430\u0431\u043e\u0440 \u0434\u043b\u044f \u043b\u0430\u043d\u0447\u0430 Zojirushi SL-JAF14HG - \u041c\u0430\u0433\u0430\u0437\u0438\u043d Xstyle\",\"isPartOf\":{\"@id\":\"https:\\\/\\\/dev.xstyle.md\\\/#website\"},\"primaryImageOfPage\":{\"@id\":\"https:\\\/\\\/dev.xstyle.md\\\/product\\\/nabor-dlya-lancha-zojirushi-sl-jaf14hg\\\/#primaryimage\"},\"image\":{\"@id\":\"https:\\\/\\\/dev.xstyle.md\\\/product\\\/nabor-dlya-lancha-zojirushi-sl-jaf14hg\\\/#primaryimage\"},\"thumbnailUrl\":\"https:\\\/\\\/dev.xstyle.md\\\/wp-content\\\/uploads\\\/2024\\\/01\\\/zojirushi-sl-jaf14hg.jpg\",\"datePublished\":\"2024-01-11T12:15:32+00:00\",\"dateModified\":\"2024-12-16T19:37:26+00:00\",\"description\":\"\u041d\u0430\u0431\u043e\u0440 \u0434\u043b\u044f \u043b\u0430\u043d\u0447\u0430 Zojirushi SL-JAF14HG: \u0438\u0434\u0435\u0430\u043b\u044c\u043d\u044b\u0439 \u0430\u043a\u0441\u0435\u0441\u0441\u0443\u0430\u0440 \u0434\u043b\u044f \u043f\u0443\u0442\u0435\u0448\u0435\u0441\u0442\u0432\u0438\u0439. \u0414\u0435\u0440\u0436\u0438\u0442 \u0442\u0435\u043c\u043f\u0435\u0440\u0430\u0442\u0443\u0440\u0443 \u0434\u043e 95\u00b0C, \u043f\u0440\u043e\u0447\u0435\u043d \u0438 \u0441\u0442\u0438\u043b\u044c\u043d\u044b\u0439. \u041e\u0442\u043b\u0438\u0447\u043d\u043e \u043f\u043e\u0434\u0445\u043e\u0434\u0438\u0442 \u0434\u043b\u044f \u0430\u043a\u0442\u0438\u0432\u043d\u043e\u0433\u043e \u043e\u0442\u0434\u044b\u0445\u0430!\",\"breadcrumb\":{\"@id\":\"https:\\\/\\\/dev.xstyle.md\\\/product\\\/nabor-dlya-lancha-zojirushi-sl-jaf14hg\\\/#breadcrumb\"},\"inLanguage\":\"ro-RO\",\"potentialAction\":[{\"@type\":\"ReadAction\",\"target\":[\"https:\\\/\\\/dev.xstyle.md\\\/product\\\/nabor-dlya-lancha-zojirushi-sl-jaf14hg\\\/\"]}]},{\"@type\":\"ImageObject\",\"inLanguage\":\"ro-RO\",\"@id\":\"https:\\\/\\\/dev.xstyle.md\\\/product\\\/nabor-dlya-lancha-zojirushi-sl-jaf14hg\\\/#primaryimage\",\"url\":\"https:\\\/\\\/dev.xstyle.md\\\/wp-content\\\/uploads\\\/2024\\\/01\\\/zojirushi-sl-jaf14hg.jpg\",\"contentUrl\":\"https:\\\/\\\/dev.xstyle.md\\\/wp-content\\\/uploads\\\/2024\\\/01\\\/zojirushi-sl-jaf14hg.jpg\",\"width\":1388,\"height\":1316,\"caption\":\"\u0422\u043e\u0432\u0430\u0440\u044b \u0434\u043b\u044f \u0430\u043a\u0442\u0438\u0432\u043d\u043e\u0433\u043e \u043e\u0431\u0440\u0430\u0437\u0430 \u0436\u0438\u0437\u043d\u0438 \u0432\u043a\u043b\u044e\u0447\u0430\u044f \u043e\u0434\u0435\u0436\u0434\u0443 \u043e\u0431\u0443\u0432\u044c \u0438 \u0441\u043d\u0430\u0440\u044f\u0436\u0435\u043d\u0438\u0435 \u0434\u043b\u044f \u0445\u0430\u0439\u043a\u0438\u043d\u0433\u0430 \u0438 \u043f\u043e\u0445\u043e\u0434\u043e\u0432 \u2014 \u043e\u043d\u043b\u0430\u0439\u043d-\u043c\u0430\u0433\u0430\u0437\u0438\u043d \u0441 \u043d\u0430\u0431\u043e\u0440\u043e\u043c \u0434\u043b\u044f \u043e\u0431\u0435\u0434\u0430 Zojirushi SL-JAF14HG \u0434\u043b\u044f \u043f\u0443\u0442\u0435\u0448\u0435\u0441\u0442\u0432\u0438\u0439 \u0438 \u0430\u043b\u044c\u043f\u0438\u043d\u0438\u0437\u043c\u0430\"},{\"@type\":\"BreadcrumbList\",\"@id\":\"https:\\\/\\\/dev.xstyle.md\\\/product\\\/nabor-dlya-lancha-zojirushi-sl-jaf14hg\\\/#breadcrumb\",\"itemListElement\":[{\"@type\":\"ListItem\",\"position\":1,\"name\":\"\u0413\u043b\u0430\u0432\u043d\u0430\u044f \u0441\u0442\u0440\u0430\u043d\u0438\u0446\u0430\",\"item\":\"https:\\\/\\\/dev.xstyle.md\\\/\"},{\"@type\":\"ListItem\",\"position\":2,\"name\":\"Shop\",\"item\":\"https:\\\/\\\/dev.xstyle.md\\\/shop\\\/\"},{\"@type\":\"ListItem\",\"position\":3,\"name\":\"\u041d\u0430\u0431\u043e\u0440 \u0434\u043b\u044f \u043b\u0430\u043d\u0447\u0430 Zojirushi SL-JAF14HG\"}]},{\"@type\":\"WebSite\",\"@id\":\"https:\\\/\\\/dev.xstyle.md\\\/#website\",\"url\":\"https:\\\/\\\/dev.xstyle.md\\\/\",\"name\":\"\u041c\u0430\u0433\u0430\u0437\u0438\u043d Xstyle\",\"description\":\"C\u043d\u0430\u0440\u044f\u0436\u0435\u043d\u0438\u0435 \u0434\u043b\u044f \u0442\u0443\u0440\u0438\u0437\u043c\u0430 \u0438 \u044d\u043a\u0441\u0442\u0440\u0435\u043c\u0430\u043b\u044c\u043d\u044b\u0445 \u0432\u0438\u0434\u043e\u0432 \u0441\u043f\u043e\u0440\u0442\u0430 \u0432 \u041c\u043e\u043b\u0434\u043e\u0432\u0435.. \u0426\u0435\u043d\u044b, \u0444\u043e\u0442\u043e, \u0445\u0430\u0440\u0430\u043a\u0442\u0435\u0440\u0438\u0441\u0442\u0438\u043a\u0438 \u0432 \u041c\u043e\u043b\u0434\u043e\u0432\u0435.\",\"publisher\":{\"@id\":\"https:\\\/\\\/dev.xstyle.md\\\/#organization\"},\"alternateName\":\"X-Style\",\"potentialAction\":[{\"@type\":\"SearchAction\",\"target\":{\"@type\":\"EntryPoint\",\"urlTemplate\":\"https:\\\/\\\/dev.xstyle.md\\\/?s={search_term_string}\"},\"query-input\":{\"@type\":\"PropertyValueSpecification\",\"valueRequired\":true,\"valueName\":\"search_term_string\"}}],\"inLanguage\":\"ro-RO\"},{\"@type\":\"Organization\",\"@id\":\"https:\\\/\\\/dev.xstyle.md\\\/#organization\",\"name\":\"\u041c\u0430\u0433\u0430\u0437\u0438\u043d Xstyle\",\"alternateName\":\"x-style\",\"url\":\"https:\\\/\\\/dev.xstyle.md\\\/\",\"logo\":{\"@type\":\"ImageObject\",\"inLanguage\":\"ro-RO\",\"@id\":\"https:\\\/\\\/dev.xstyle.md\\\/#\\\/schema\\\/logo\\\/image\\\/\",\"url\":\"https:\\\/\\\/dev.xstyle.md\\\/wp-content\\\/uploads\\\/2020\\\/06\\\/logoicon.svg\",\"contentUrl\":\"https:\\\/\\\/dev.xstyle.md\\\/wp-content\\\/uploads\\\/2020\\\/06\\\/logoicon.svg\",\"caption\":\"\u041c\u0430\u0433\u0430\u0437\u0438\u043d Xstyle\"},\"image\":{\"@id\":\"https:\\\/\\\/dev.xstyle.md\\\/#\\\/schema\\\/logo\\\/image\\\/\"},\"sameAs\":[\"https:\\\/\\\/www.facebook.com\\\/xstylemd\",\"https:\\\/\\\/www.instagram.com\\\/xstyle_md\\\/\",\"https:\\\/\\\/t.me\\\/xstyle_outdoor\"],\"hasMerchantReturnPolicy\":{\"@type\":\"MerchantReturnPolicy\",\"merchantReturnLink\":\"https:\\\/\\\/dev.xstyle.md\\\/ro\\\/conditions\\\/\"}}]}<\/script>\n<meta property=\"product:price:amount\" content=\"1650.00\" \/>\n<meta property=\"product:price:currency\" content=\"MDL\" \/>\n<meta property=\"og:availability\" content=\"instock\" \/>\n<meta property=\"product:availability\" content=\"instock\" \/>\n<meta property=\"product:retailer_item_id\" content=\"4974305704429\" \/>\n<meta property=\"product:condition\" content=\"new\" \/>\n<!-- \/ Yoast SEO plugin. -->","yoast_head_json":{"title":"Set pentru lunch Zojirushi SL-JAF14HG - Magazin Xstyle","description":"Setul pentru pr\u00e2nz Zojirushi SL-JAF14HG: accesoriul ideal pentru c\u0103l\u0103torii. Men\u021bine temperatura p\u00e2n\u0103 la 95\u00b0C, este rezistent \u0219i elegant. Perfect pentru timpul liber activ!","robots":{"index":"noindex","follow":"follow","max-snippet":"max-snippet:-1","max-image-preview":"max-image-preview:large","max-video-preview":"max-video-preview:-1"},"og_locale":"ro_RO","og_type":"article","og_title":"\u041d\u0430\u0431\u043e\u0440 \u0434\u043b\u044f \u043b\u0430\u043d\u0447\u0430 Zojirushi SL-JAF14HG - \u041c\u0430\u0433\u0430\u0437\u0438\u043d Xstyle","og_description":"\u041d\u0430\u0431\u043e\u0440 \u0434\u043b\u044f \u043b\u0430\u043d\u0447\u0430 Zojirushi SL-JAF14HG: \u0438\u0434\u0435\u0430\u043b\u044c\u043d\u044b\u0439 \u0430\u043a\u0441\u0435\u0441\u0441\u0443\u0430\u0440 \u0434\u043b\u044f \u043f\u0443\u0442\u0435\u0448\u0435\u0441\u0442\u0432\u0438\u0439. \u0414\u0435\u0440\u0436\u0438\u0442 \u0442\u0435\u043c\u043f\u0435\u0440\u0430\u0442\u0443\u0440\u0443 \u0434\u043e 95\u00b0C, \u043f\u0440\u043e\u0447\u0435\u043d \u0438 \u0441\u0442\u0438\u043b\u044c\u043d\u044b\u0439. \u041e\u0442\u043b\u0438\u0447\u043d\u043e \u043f\u043e\u0434\u0445\u043e\u0434\u0438\u0442 \u0434\u043b\u044f \u0430\u043a\u0442\u0438\u0432\u043d\u043e\u0433\u043e \u043e\u0442\u0434\u044b\u0445\u0430!","og_url":"https:\/\/dev.xstyle.md\/ro\/produs\/nabor-dlya-lancha-zojirushi-sl-jaf14hg\/","og_site_name":"\u041c\u0430\u0433\u0430\u0437\u0438\u043d Xstyle","article_publisher":"https:\/\/www.facebook.com\/xstylemd","article_modified_time":"2024-12-16T19:37:26+00:00","og_image":[{"width":1388,"height":1316,"url":"https:\/\/dev.xstyle.md\/wp-content\/uploads\/2024\/01\/zojirushi-sl-jaf14hg.jpg","type":"image\/jpeg"}],"twitter_card":"summary_large_image","twitter_misc":{"Pre\u021b":"1.650,00&nbsp;MDL","Disponibilitate":"\u00cen stoc"},"schema":{"@context":"https:\/\/schema.org","@graph":[{"@type":"WebPage","@id":"https:\/\/dev.xstyle.md\/product\/nabor-dlya-lancha-zojirushi-sl-jaf14hg\/","url":"https:\/\/dev.xstyle.md\/product\/nabor-dlya-lancha-zojirushi-sl-jaf14hg\/","name":"Set pentru lunch Zojirushi SL-JAF14HG - Magazin Xstyle","isPartOf":{"@id":"https:\/\/dev.xstyle.md\/#website"},"primaryImageOfPage":{"@id":"https:\/\/dev.xstyle.md\/product\/nabor-dlya-lancha-zojirushi-sl-jaf14hg\/#primaryimage"},"image":{"@id":"https:\/\/dev.xstyle.md\/product\/nabor-dlya-lancha-zojirushi-sl-jaf14hg\/#primaryimage"},"thumbnailUrl":"https:\/\/dev.xstyle.md\/wp-content\/uploads\/2024\/01\/zojirushi-sl-jaf14hg.jpg","datePublished":"2024-01-11T12:15:32+00:00","dateModified":"2024-12-16T19:37:26+00:00","description":"Setul pentru pr\u00e2nz Zojirushi SL-JAF14HG: accesoriul ideal pentru c\u0103l\u0103torii. Men\u021bine temperatura p\u00e2n\u0103 la 95\u00b0C, este rezistent \u0219i elegant. Perfect pentru timpul liber activ!","breadcrumb":{"@id":"https:\/\/dev.xstyle.md\/product\/nabor-dlya-lancha-zojirushi-sl-jaf14hg\/#breadcrumb"},"inLanguage":"ro-RO","potentialAction":[{"@type":"ReadAction","target":["https:\/\/dev.xstyle.md\/product\/nabor-dlya-lancha-zojirushi-sl-jaf14hg\/"]}]},{"@type":"ImageObject","inLanguage":"ro-RO","@id":"https:\/\/dev.xstyle.md\/product\/nabor-dlya-lancha-zojirushi-sl-jaf14hg\/#primaryimage","url":"https:\/\/dev.xstyle.md\/wp-content\/uploads\/2024\/01\/zojirushi-sl-jaf14hg.jpg","contentUrl":"https:\/\/dev.xstyle.md\/wp-content\/uploads\/2024\/01\/zojirushi-sl-jaf14hg.jpg","width":1388,"height":1316,"caption":"\u0422\u043e\u0432\u0430\u0440\u044b \u0434\u043b\u044f \u0430\u043a\u0442\u0438\u0432\u043d\u043e\u0433\u043e \u043e\u0431\u0440\u0430\u0437\u0430 \u0436\u0438\u0437\u043d\u0438 \u0432\u043a\u043b\u044e\u0447\u0430\u044f \u043e\u0434\u0435\u0436\u0434\u0443 \u043e\u0431\u0443\u0432\u044c \u0438 \u0441\u043d\u0430\u0440\u044f\u0436\u0435\u043d\u0438\u0435 \u0434\u043b\u044f \u0445\u0430\u0439\u043a\u0438\u043d\u0433\u0430 \u0438 \u043f\u043e\u0445\u043e\u0434\u043e\u0432 \u2014 \u043e\u043d\u043b\u0430\u0439\u043d-\u043c\u0430\u0433\u0430\u0437\u0438\u043d \u0441 \u043d\u0430\u0431\u043e\u0440\u043e\u043c \u0434\u043b\u044f \u043e\u0431\u0435\u0434\u0430 Zojirushi SL-JAF14HG \u0434\u043b\u044f \u043f\u0443\u0442\u0435\u0448\u0435\u0441\u0442\u0432\u0438\u0439 \u0438 \u0430\u043b\u044c\u043f\u0438\u043d\u0438\u0437\u043c\u0430"},{"@type":"BreadcrumbList","@id":"https:\/\/dev.xstyle.md\/product\/nabor-dlya-lancha-zojirushi-sl-jaf14hg\/#breadcrumb","itemListElement":[{"@type":"ListItem","position":1,"name":"\u0413\u043b\u0430\u0432\u043d\u0430\u044f \u0441\u0442\u0440\u0430\u043d\u0438\u0446\u0430","item":"https:\/\/dev.xstyle.md\/"},{"@type":"ListItem","position":2,"name":"Shop","item":"https:\/\/dev.xstyle.md\/shop\/"},{"@type":"ListItem","position":3,"name":"\u041d\u0430\u0431\u043e\u0440 \u0434\u043b\u044f \u043b\u0430\u043d\u0447\u0430 Zojirushi SL-JAF14HG"}]},{"@type":"WebSite","@id":"https:\/\/dev.xstyle.md\/#website","url":"https:\/\/dev.xstyle.md\/","name":"Magazinul X-Style","description":"Echipamente pentru turism \u0219i sporturi extreme \u00een Moldova. Pre\u021buri, fotografii, caracteristici \u00een Moldova.","publisher":{"@id":"https:\/\/dev.xstyle.md\/#organization"},"alternateName":"X-Style","potentialAction":[{"@type":"SearchAction","target":{"@type":"EntryPoint","urlTemplate":"https:\/\/dev.xstyle.md\/?s={search_term_string}"},"query-input":{"@type":"PropertyValueSpecification","valueRequired":true,"valueName":"search_term_string"}}],"inLanguage":"ro-RO"},{"@type":"Organization","@id":"https:\/\/dev.xstyle.md\/#organization","name":"Magazinul X-Style","alternateName":"x-style","url":"https:\/\/dev.xstyle.md\/","logo":{"@type":"ImageObject","inLanguage":"ro-RO","@id":"https:\/\/dev.xstyle.md\/#\/schema\/logo\/image\/","url":"https:\/\/dev.xstyle.md\/wp-content\/uploads\/2020\/06\/logoicon.svg","contentUrl":"https:\/\/dev.xstyle.md\/wp-content\/uploads\/2020\/06\/logoicon.svg","caption":"\u041c\u0430\u0433\u0430\u0437\u0438\u043d Xstyle"},"image":{"@id":"https:\/\/dev.xstyle.md\/#\/schema\/logo\/image\/"},"sameAs":["https:\/\/www.facebook.com\/xstylemd","https:\/\/www.instagram.com\/xstyle_md\/","https:\/\/t.me\/xstyle_outdoor"],"hasMerchantReturnPolicy":{"@type":"MerchantReturnPolicy","merchantReturnLink":"https:\/\/dev.xstyle.md\/ro\/conditions\/"}}]},"product_price_amount":"1650.00","product_price_currency":"MDL","og_availability":"instock","product_availability":"instock","product_retailer_item_id":"4974305704429","product_condition":"new"},"post_mailing_queue_ids":[],"_links":{"self":[{"href":"https:\/\/dev.xstyle.md\/ro\/wp-json\/wp\/v2\/product\/78357","targetHints":{"allow":["GET"]}}],"collection":[{"href":"https:\/\/dev.xstyle.md\/ro\/wp-json\/wp\/v2\/product"}],"about":[{"href":"https:\/\/dev.xstyle.md\/ro\/wp-json\/wp\/v2\/types\/product"}],"replies":[{"embeddable":true,"href":"https:\/\/dev.xstyle.md\/ro\/wp-json\/wp\/v2\/comments?post=78357"}],"version-history":[{"count":0,"href":"https:\/\/dev.xstyle.md\/ro\/wp-json\/wp\/v2\/product\/78357\/revisions"}],"wp:featuredmedia":[{"embeddable":true,"href":"https:\/\/dev.xstyle.md\/ro\/wp-json\/wp\/v2\/media\/78591"}],"wp:attachment":[{"href":"https:\/\/dev.xstyle.md\/ro\/wp-json\/wp\/v2\/media?parent=78357"}],"wp:term":[{"taxonomy":"product_brand","embeddable":true,"href":"https:\/\/dev.xstyle.md\/ro\/wp-json\/wp\/v2\/product_brand?post=78357"},{"taxonomy":"product_cat","embeddable":true,"href":"https:\/\/dev.xstyle.md\/ro\/wp-json\/wp\/v2\/product_cat?post=78357"},{"taxonomy":"product_tag","embeddable":true,"href":"https:\/\/dev.xstyle.md\/ro\/wp-json\/wp\/v2\/product_tag?post=78357"}],"curies":[{"name":"wp","href":"https:\/\/api.w.org\/{rel}","templated":true}]}}