{"id":77477,"date":"2023-12-21T12:15:01","date_gmt":"2023-12-21T09:15:01","guid":{"rendered":"https:\/\/xstyle.md\/?post_type=product&#038;p=77477"},"modified":"2026-03-19T17:16:57","modified_gmt":"2026-03-19T14:16:57","slug":"fasol-i-ovoshhnoe-assorti-trekn-eat","status":"publish","type":"product","link":"https:\/\/xstyle.md\/ro\/produs\/fasol-i-ovoshhnoe-assorti-trekn-eat\/","title":{"rendered":"\u0424\u0430\u0441\u043e\u043b\u044c \u0438 \u043e\u0432\u043e\u0449\u043d\u043e\u0435 \u0430\u0441\u0441\u043e\u0440\u0442\u0438 Trek&#8217;n Eat"},"content":{"rendered":"<\/p>\n<p><strong>Fasole \u0219i amestec de legume Trek&#8217;n Eat<\/strong> &#8212; este un pr\u00e2nz necomplicat, care v\u0103 va reenergiza pe drum! \u00cen acest fel de m\u00e2ncare, fasolea \u0219i legumele preg\u0103tite cu grij\u0103 se combin\u0103 armonios \u00een arom\u0103 \u0219i valoare nutritiv\u0103. O op\u021biune excelent\u0103 pentru pr\u00e2nz sau cin\u0103 atunci c\u00e2nd v\u0103 afla\u021bi \u00een camping sau \u00een alte expedi\u021bii \u00een aer liber.<\/p>\n<h3>Particularit\u0103\u021bi<\/h3>\n<ul>\n<li>Ingrediente selectate pentru o arom\u0103 \u0219i o valoare nutritiv\u0103 de prim\u0103 clas\u0103<\/li>\n<li>U\u0219or de preparat f\u0103r\u0103 a compromite aroma \u0219i pl\u0103cerea<\/li>\n<li>Ambalaj practic, ideal pentru a fi folosit \u00een deplasare<\/li>\n<\/ul>\n<h3>Caracteristici<\/h3>\n<ul>\n<li>Ingrediente &#8212; ap\u0103, 25% legume (porumb, maz\u0103re, morcovi, ardei ro\u0219u, fasole verde), fasole alb\u0103 \u0219i 24% fasole pinto, 10% soia, ulei de floarea-soarelui, extract de drojdie, f\u0103in\u0103 de gr\u00e2u, past\u0103 de tomate, sare, condimente<\/li>\n<li>Alergeni &#8212; gluten, soia<\/li>\n<li>Valoare energetic\u0103 la 100 g &#8212; 112 kcal<\/li>\n<li>Valoare nutri\u021bional\u0103 la 100 g &#8212; proteine 4,4 g, carbohidra\u021bi 9,8 g, gr\u0103simi 5,4 g<\/li>\n<li>Ambalaj &#8212; pung\u0103 de folie de aluminiu<\/li>\n<\/ul>\n<p><\/p>","protected":false},"excerpt":{"rendered":"","protected":false},"featured_media":80282,"comment_status":"open","ping_status":"closed","template":"","meta":{"_acf_changed":false,"inline_featured_image":false},"product_brand":[1339],"product_cat":[465],"product_tag":[],"class_list":{"0":"post-77477","1":"product","2":"type-product","3":"status-publish","4":"has-post-thumbnail","6":"product_brand-trekn-eat","7":"product_cat-sublimated-food","9":"first","10":"instock","11":"shipping-taxable","12":"purchasable","13":"product-type-simple"},"acf":[],"yoast_head":"<!-- This site is optimized with the Yoast SEO plugin v27.4 - https:\/\/yoast.com\/product\/yoast-seo-wordpress\/ -->\n<title>\u0424\u0430\u0441\u043e\u043b\u044c \u0438 \u043e\u0432\u043e\u0449\u043d\u043e\u0435 \u0430\u0441\u0441\u043e\u0440\u0442\u0438 Trek&#039;n Eat - \u041c\u0430\u0433\u0430\u0437\u0438\u043d Xstyle<\/title>\n<meta name=\"description\" content=\"\u0424\u0430\u0441\u043e\u043b\u044c \u0438 \u043e\u0432\u043e\u0449\u043d\u043e\u0435 \u0430\u0441\u0441\u043e\u0440\u0442\u0438 Trek&#039;n Eat \u2014 \u0438\u0434\u0435\u0430\u043b\u044c\u043d\u044b\u0439 \u0432\u044b\u0431\u043e\u0440 \u0434\u043b\u044f \u0431\u044b\u0441\u0442\u0440\u043e\u0433\u043e, \u043f\u0438\u0442\u0430\u0442\u0435\u043b\u044c\u043d\u043e\u0433\u043e \u043e\u0431\u0435\u0434\u0430 \u043d\u0430 \u043f\u0440\u0438\u0440\u043e\u0434\u0435. \u041f\u043e\u043f\u0440\u043e\u0431\u0443\u0439\u0442\u0435 \u0433\u0430\u0440\u043c\u043e\u043d\u0438\u044e \u0432\u043a\u0443\u0441\u0430 \u0438 \u043f\u043e\u043b\u0435\u0437\u043d\u044b\u0445 \u0438\u043d\u0433\u0440\u0435\u0434\u0438\u0435\u043d\u0442\u043e\u0432!\" \/>\n<meta name=\"robots\" content=\"index, follow, max-snippet:-1, max-image-preview:large, max-video-preview:-1\" \/>\n<link rel=\"canonical\" href=\"https:\/\/xstyle.md\/ro\/produs\/fasol-i-ovoshhnoe-assorti-trekn-eat\/\" \/>\n<meta property=\"og:locale\" content=\"ro_RO\" \/>\n<meta property=\"og:type\" content=\"article\" \/>\n<meta property=\"og:title\" content=\"\u0424\u0430\u0441\u043e\u043b\u044c \u0438 \u043e\u0432\u043e\u0449\u043d\u043e\u0435 \u0430\u0441\u0441\u043e\u0440\u0442\u0438 Trek&#039;n Eat - \u041c\u0430\u0433\u0430\u0437\u0438\u043d Xstyle\" \/>\n<meta property=\"og:description\" content=\"\u0424\u0430\u0441\u043e\u043b\u044c \u0438 \u043e\u0432\u043e\u0449\u043d\u043e\u0435 \u0430\u0441\u0441\u043e\u0440\u0442\u0438 Trek&#039;n Eat \u2014 \u0438\u0434\u0435\u0430\u043b\u044c\u043d\u044b\u0439 \u0432\u044b\u0431\u043e\u0440 \u0434\u043b\u044f \u0431\u044b\u0441\u0442\u0440\u043e\u0433\u043e, \u043f\u0438\u0442\u0430\u0442\u0435\u043b\u044c\u043d\u043e\u0433\u043e \u043e\u0431\u0435\u0434\u0430 \u043d\u0430 \u043f\u0440\u0438\u0440\u043e\u0434\u0435. \u041f\u043e\u043f\u0440\u043e\u0431\u0443\u0439\u0442\u0435 \u0433\u0430\u0440\u043c\u043e\u043d\u0438\u044e \u0432\u043a\u0443\u0441\u0430 \u0438 \u043f\u043e\u043b\u0435\u0437\u043d\u044b\u0445 \u0438\u043d\u0433\u0440\u0435\u0434\u0438\u0435\u043d\u0442\u043e\u0432!\" \/>\n<meta property=\"og:url\" content=\"https:\/\/xstyle.md\/ro\/produs\/fasol-i-ovoshhnoe-assorti-trekn-eat\/\" \/>\n<meta property=\"og:site_name\" content=\"\u041c\u0430\u0433\u0430\u0437\u0438\u043d Xstyle\" \/>\n<meta property=\"article:publisher\" content=\"https:\/\/www.facebook.com\/xstylemd\" \/>\n<meta property=\"article:modified_time\" content=\"2026-03-19T14:16:57+00:00\" \/>\n<meta property=\"og:image\" content=\"https:\/\/xstyle.md\/wp-content\/uploads\/2023\/12\/fasol-i-ovoshhnoe-assorti-trekn-eat.jpg\" \/>\n\t<meta property=\"og:image:width\" content=\"573\" \/>\n\t<meta property=\"og:image:height\" content=\"577\" \/>\n\t<meta property=\"og:image:type\" content=\"image\/jpeg\" \/>\n<meta name=\"twitter:card\" content=\"summary_large_image\" \/>\n<meta name=\"twitter:label1\" content=\"Pre\u021b\" \/>\n\t<meta name=\"twitter:data1\" content=\"210&nbsp;MDL\" \/>\n\t<meta name=\"twitter:label2\" content=\"Disponibilitate\" \/>\n\t<meta name=\"twitter:data2\" content=\"\u00cen stoc\" \/>\n<script type=\"application\/ld+json\" class=\"yoast-schema-graph\">{\"@context\":\"https:\\\/\\\/schema.org\",\"@graph\":[{\"@type\":\"WebPage\",\"@id\":\"https:\\\/\\\/xstyle.md\\\/product\\\/fasol-i-ovoshhnoe-assorti-trekn-eat\\\/\",\"url\":\"https:\\\/\\\/xstyle.md\\\/product\\\/fasol-i-ovoshhnoe-assorti-trekn-eat\\\/\",\"name\":\"\u0424\u0430\u0441\u043e\u043b\u044c \u0438 \u043e\u0432\u043e\u0449\u043d\u043e\u0435 \u0430\u0441\u0441\u043e\u0440\u0442\u0438 Trek'n Eat - \u041c\u0430\u0433\u0430\u0437\u0438\u043d Xstyle\",\"isPartOf\":{\"@id\":\"https:\\\/\\\/xstyle.md\\\/#website\"},\"primaryImageOfPage\":{\"@id\":\"https:\\\/\\\/xstyle.md\\\/product\\\/fasol-i-ovoshhnoe-assorti-trekn-eat\\\/#primaryimage\"},\"image\":{\"@id\":\"https:\\\/\\\/xstyle.md\\\/product\\\/fasol-i-ovoshhnoe-assorti-trekn-eat\\\/#primaryimage\"},\"thumbnailUrl\":\"https:\\\/\\\/xstyle.md\\\/wp-content\\\/uploads\\\/2023\\\/12\\\/fasol-i-ovoshhnoe-assorti-trekn-eat.jpg\",\"datePublished\":\"2023-12-21T09:15:01+00:00\",\"dateModified\":\"2026-03-19T14:16:57+00:00\",\"description\":\"\u0424\u0430\u0441\u043e\u043b\u044c \u0438 \u043e\u0432\u043e\u0449\u043d\u043e\u0435 \u0430\u0441\u0441\u043e\u0440\u0442\u0438 Trek'n Eat \u2014 \u0438\u0434\u0435\u0430\u043b\u044c\u043d\u044b\u0439 \u0432\u044b\u0431\u043e\u0440 \u0434\u043b\u044f \u0431\u044b\u0441\u0442\u0440\u043e\u0433\u043e, \u043f\u0438\u0442\u0430\u0442\u0435\u043b\u044c\u043d\u043e\u0433\u043e \u043e\u0431\u0435\u0434\u0430 \u043d\u0430 \u043f\u0440\u0438\u0440\u043e\u0434\u0435. \u041f\u043e\u043f\u0440\u043e\u0431\u0443\u0439\u0442\u0435 \u0433\u0430\u0440\u043c\u043e\u043d\u0438\u044e \u0432\u043a\u0443\u0441\u0430 \u0438 \u043f\u043e\u043b\u0435\u0437\u043d\u044b\u0445 \u0438\u043d\u0433\u0440\u0435\u0434\u0438\u0435\u043d\u0442\u043e\u0432!\",\"breadcrumb\":{\"@id\":\"https:\\\/\\\/xstyle.md\\\/product\\\/fasol-i-ovoshhnoe-assorti-trekn-eat\\\/#breadcrumb\"},\"inLanguage\":\"ro-RO\",\"potentialAction\":[{\"@type\":\"ReadAction\",\"target\":[\"https:\\\/\\\/xstyle.md\\\/product\\\/fasol-i-ovoshhnoe-assorti-trekn-eat\\\/\"]}]},{\"@type\":\"ImageObject\",\"inLanguage\":\"ro-RO\",\"@id\":\"https:\\\/\\\/xstyle.md\\\/product\\\/fasol-i-ovoshhnoe-assorti-trekn-eat\\\/#primaryimage\",\"url\":\"https:\\\/\\\/xstyle.md\\\/wp-content\\\/uploads\\\/2023\\\/12\\\/fasol-i-ovoshhnoe-assorti-trekn-eat.jpg\",\"contentUrl\":\"https:\\\/\\\/xstyle.md\\\/wp-content\\\/uploads\\\/2023\\\/12\\\/fasol-i-ovoshhnoe-assorti-trekn-eat.jpg\",\"width\":573,\"height\":577,\"caption\":\"\u0422\u0443\u0440\u0438\u0441\u0442\u0438\u0447\u0435\u0441\u043a\u0430\u044f \u0435\u0434\u0430 \u0424\u0430\u0441\u043e\u043b\u044c \u0438 \u043e\u0432\u043e\u0449\u043d\u043e\u0435 \u0430\u0441\u0441\u043e\u0440\u0442\u0438 Trek'n Eat \u0434\u043b\u044f \u0430\u043a\u0442\u0438\u0432\u043d\u043e\u0433\u043e \u043e\u0442\u0434\u044b\u0445\u0430, \u043f\u043e\u0445\u043e\u0434\u043e\u0432, \u0430\u043b\u044c\u043f\u0438\u043d\u0438\u0437\u043c\u0430, \u043f\u0443\u0442\u0435\u0448\u0435\u0441\u0442\u0432\u0438\u0439, \u0441\u043f\u043e\u0440\u0442\u0438\u0432\u043d\u043e\u0439 \u043e\u0434\u0435\u0436\u0434\u044b \u0438 \u043e\u0431\u0443\u0432\u0438 \u0434\u043b\u044f \u0430\u043a\u0442\u0438\u0432\u043d\u044b\u0445 \u0432\u0438\u0434\u043e\u0432 \u0441\u043f\u043e\u0440\u0442\u0430\"},{\"@type\":\"BreadcrumbList\",\"@id\":\"https:\\\/\\\/xstyle.md\\\/product\\\/fasol-i-ovoshhnoe-assorti-trekn-eat\\\/#breadcrumb\",\"itemListElement\":[{\"@type\":\"ListItem\",\"position\":1,\"name\":\"\u0413\u043b\u0430\u0432\u043d\u0430\u044f \u0441\u0442\u0440\u0430\u043d\u0438\u0446\u0430\",\"item\":\"https:\\\/\\\/xstyle.md\\\/\"},{\"@type\":\"ListItem\",\"position\":2,\"name\":\"\u041c\u0430\u0433\u0430\u0437\u0438\u043d\",\"item\":\"https:\\\/\\\/xstyle.md\\\/shop\\\/\"},{\"@type\":\"ListItem\",\"position\":3,\"name\":\"\u0424\u0430\u0441\u043e\u043b\u044c \u0438 \u043e\u0432\u043e\u0449\u043d\u043e\u0435 \u0430\u0441\u0441\u043e\u0440\u0442\u0438 Trek&#8217;n Eat\"}]},{\"@type\":\"WebSite\",\"@id\":\"https:\\\/\\\/xstyle.md\\\/#website\",\"url\":\"https:\\\/\\\/xstyle.md\\\/\",\"name\":\"\u041c\u0430\u0433\u0430\u0437\u0438\u043d Xstyle\",\"description\":\"C\u043d\u0430\u0440\u044f\u0436\u0435\u043d\u0438\u0435 \u0434\u043b\u044f \u0442\u0443\u0440\u0438\u0437\u043c\u0430 \u0438 \u044d\u043a\u0441\u0442\u0440\u0435\u043c\u0430\u043b\u044c\u043d\u044b\u0445 \u0432\u0438\u0434\u043e\u0432 \u0441\u043f\u043e\u0440\u0442\u0430 \u0432 \u041c\u043e\u043b\u0434\u043e\u0432\u0435.. \u0426\u0435\u043d\u044b, \u0444\u043e\u0442\u043e, \u0445\u0430\u0440\u0430\u043a\u0442\u0435\u0440\u0438\u0441\u0442\u0438\u043a\u0438 \u0432 \u041c\u043e\u043b\u0434\u043e\u0432\u0435.\",\"publisher\":{\"@id\":\"https:\\\/\\\/xstyle.md\\\/#organization\"},\"alternateName\":\"X-Style\",\"potentialAction\":[{\"@type\":\"SearchAction\",\"target\":{\"@type\":\"EntryPoint\",\"urlTemplate\":\"https:\\\/\\\/xstyle.md\\\/?s={search_term_string}\"},\"query-input\":{\"@type\":\"PropertyValueSpecification\",\"valueRequired\":true,\"valueName\":\"search_term_string\"}}],\"inLanguage\":\"ro-RO\"},{\"@type\":\"Organization\",\"@id\":\"https:\\\/\\\/xstyle.md\\\/#organization\",\"name\":\"\u041c\u0430\u0433\u0430\u0437\u0438\u043d Xstyle\",\"alternateName\":\"x-style\",\"url\":\"https:\\\/\\\/xstyle.md\\\/\",\"logo\":{\"@type\":\"ImageObject\",\"inLanguage\":\"ro-RO\",\"@id\":\"https:\\\/\\\/xstyle.md\\\/#\\\/schema\\\/logo\\\/image\\\/\",\"url\":\"https:\\\/\\\/xstyle.md\\\/wp-content\\\/uploads\\\/2020\\\/06\\\/logoicon.svg\",\"contentUrl\":\"https:\\\/\\\/xstyle.md\\\/wp-content\\\/uploads\\\/2020\\\/06\\\/logoicon.svg\",\"caption\":\"\u041c\u0430\u0433\u0430\u0437\u0438\u043d Xstyle\"},\"image\":{\"@id\":\"https:\\\/\\\/xstyle.md\\\/#\\\/schema\\\/logo\\\/image\\\/\"},\"sameAs\":[\"https:\\\/\\\/www.facebook.com\\\/xstylemd\",\"https:\\\/\\\/www.instagram.com\\\/xstyle_md\\\/\",\"https:\\\/\\\/t.me\\\/xstyle_outdoor\"],\"hasMerchantReturnPolicy\":{\"@type\":\"MerchantReturnPolicy\",\"merchantReturnLink\":\"https:\\\/\\\/xstyle.md\\\/ro\\\/conditions\\\/\"}}]}<\/script>\n<meta property=\"product:price:amount\" content=\"210.00\" \/>\n<meta property=\"product:price:currency\" content=\"MDL\" \/>\n<meta property=\"og:availability\" content=\"instock\" \/>\n<meta property=\"product:availability\" content=\"instock\" \/>\n<meta property=\"product:retailer_item_id\" content=\"2000999769757\" \/>\n<meta property=\"product:condition\" content=\"new\" \/>\n<!-- \/ Yoast SEO plugin. -->","yoast_head_json":{"title":"Fasole \u0219i amestec de legume Trek'n Eat - Magazin Xstyle","description":"Fasolea \u0219i asortimentul de legume Trek'n Eat sunt alegerea ideal\u0103 pentru un pr\u00e2nz rapid \u0219i hr\u0103nitor \u00een natur\u0103. \u00cencerca\u021bi armonia gustului \u0219i a ingredientelor s\u0103n\u0103toase!","robots":{"index":"index","follow":"follow","max-snippet":"max-snippet:-1","max-image-preview":"max-image-preview:large","max-video-preview":"max-video-preview:-1"},"canonical":"https:\/\/xstyle.md\/ro\/produs\/fasol-i-ovoshhnoe-assorti-trekn-eat\/","og_locale":"ro_RO","og_type":"article","og_title":"\u0424\u0430\u0441\u043e\u043b\u044c \u0438 \u043e\u0432\u043e\u0449\u043d\u043e\u0435 \u0430\u0441\u0441\u043e\u0440\u0442\u0438 Trek'n Eat - \u041c\u0430\u0433\u0430\u0437\u0438\u043d Xstyle","og_description":"\u0424\u0430\u0441\u043e\u043b\u044c \u0438 \u043e\u0432\u043e\u0449\u043d\u043e\u0435 \u0430\u0441\u0441\u043e\u0440\u0442\u0438 Trek'n Eat \u2014 \u0438\u0434\u0435\u0430\u043b\u044c\u043d\u044b\u0439 \u0432\u044b\u0431\u043e\u0440 \u0434\u043b\u044f \u0431\u044b\u0441\u0442\u0440\u043e\u0433\u043e, \u043f\u0438\u0442\u0430\u0442\u0435\u043b\u044c\u043d\u043e\u0433\u043e \u043e\u0431\u0435\u0434\u0430 \u043d\u0430 \u043f\u0440\u0438\u0440\u043e\u0434\u0435. \u041f\u043e\u043f\u0440\u043e\u0431\u0443\u0439\u0442\u0435 \u0433\u0430\u0440\u043c\u043e\u043d\u0438\u044e \u0432\u043a\u0443\u0441\u0430 \u0438 \u043f\u043e\u043b\u0435\u0437\u043d\u044b\u0445 \u0438\u043d\u0433\u0440\u0435\u0434\u0438\u0435\u043d\u0442\u043e\u0432!","og_url":"https:\/\/xstyle.md\/ro\/produs\/fasol-i-ovoshhnoe-assorti-trekn-eat\/","og_site_name":"\u041c\u0430\u0433\u0430\u0437\u0438\u043d Xstyle","article_publisher":"https:\/\/www.facebook.com\/xstylemd","article_modified_time":"2026-03-19T14:16:57+00:00","og_image":[{"width":573,"height":577,"url":"https:\/\/xstyle.md\/wp-content\/uploads\/2023\/12\/fasol-i-ovoshhnoe-assorti-trekn-eat.jpg","type":"image\/jpeg"}],"twitter_card":"summary_large_image","twitter_misc":{"Pre\u021b":"210&nbsp;MDL","Disponibilitate":"\u00cen stoc"},"schema":{"@context":"https:\/\/schema.org","@graph":[{"@type":"WebPage","@id":"https:\/\/xstyle.md\/product\/fasol-i-ovoshhnoe-assorti-trekn-eat\/","url":"https:\/\/xstyle.md\/product\/fasol-i-ovoshhnoe-assorti-trekn-eat\/","name":"Fasole \u0219i amestec de legume Trek'n Eat - Magazin Xstyle","isPartOf":{"@id":"https:\/\/xstyle.md\/#website"},"primaryImageOfPage":{"@id":"https:\/\/xstyle.md\/product\/fasol-i-ovoshhnoe-assorti-trekn-eat\/#primaryimage"},"image":{"@id":"https:\/\/xstyle.md\/product\/fasol-i-ovoshhnoe-assorti-trekn-eat\/#primaryimage"},"thumbnailUrl":"https:\/\/xstyle.md\/wp-content\/uploads\/2023\/12\/fasol-i-ovoshhnoe-assorti-trekn-eat.jpg","datePublished":"2023-12-21T09:15:01+00:00","dateModified":"2026-03-19T14:16:57+00:00","description":"Fasolea \u0219i asortimentul de legume Trek'n Eat sunt alegerea ideal\u0103 pentru un pr\u00e2nz rapid \u0219i hr\u0103nitor \u00een natur\u0103. \u00cencerca\u021bi armonia gustului \u0219i a ingredientelor s\u0103n\u0103toase!","breadcrumb":{"@id":"https:\/\/xstyle.md\/product\/fasol-i-ovoshhnoe-assorti-trekn-eat\/#breadcrumb"},"inLanguage":"ro-RO","potentialAction":[{"@type":"ReadAction","target":["https:\/\/xstyle.md\/product\/fasol-i-ovoshhnoe-assorti-trekn-eat\/"]}]},{"@type":"ImageObject","inLanguage":"ro-RO","@id":"https:\/\/xstyle.md\/product\/fasol-i-ovoshhnoe-assorti-trekn-eat\/#primaryimage","url":"https:\/\/xstyle.md\/wp-content\/uploads\/2023\/12\/fasol-i-ovoshhnoe-assorti-trekn-eat.jpg","contentUrl":"https:\/\/xstyle.md\/wp-content\/uploads\/2023\/12\/fasol-i-ovoshhnoe-assorti-trekn-eat.jpg","width":573,"height":577,"caption":"\u0422\u0443\u0440\u0438\u0441\u0442\u0438\u0447\u0435\u0441\u043a\u0430\u044f \u0435\u0434\u0430 \u0424\u0430\u0441\u043e\u043b\u044c \u0438 \u043e\u0432\u043e\u0449\u043d\u043e\u0435 \u0430\u0441\u0441\u043e\u0440\u0442\u0438 Trek'n Eat \u0434\u043b\u044f \u0430\u043a\u0442\u0438\u0432\u043d\u043e\u0433\u043e \u043e\u0442\u0434\u044b\u0445\u0430, \u043f\u043e\u0445\u043e\u0434\u043e\u0432, \u0430\u043b\u044c\u043f\u0438\u043d\u0438\u0437\u043c\u0430, \u043f\u0443\u0442\u0435\u0448\u0435\u0441\u0442\u0432\u0438\u0439, \u0441\u043f\u043e\u0440\u0442\u0438\u0432\u043d\u043e\u0439 \u043e\u0434\u0435\u0436\u0434\u044b \u0438 \u043e\u0431\u0443\u0432\u0438 \u0434\u043b\u044f \u0430\u043a\u0442\u0438\u0432\u043d\u044b\u0445 \u0432\u0438\u0434\u043e\u0432 \u0441\u043f\u043e\u0440\u0442\u0430"},{"@type":"BreadcrumbList","@id":"https:\/\/xstyle.md\/product\/fasol-i-ovoshhnoe-assorti-trekn-eat\/#breadcrumb","itemListElement":[{"@type":"ListItem","position":1,"name":"\u0413\u043b\u0430\u0432\u043d\u0430\u044f \u0441\u0442\u0440\u0430\u043d\u0438\u0446\u0430","item":"https:\/\/xstyle.md\/"},{"@type":"ListItem","position":2,"name":"\u041c\u0430\u0433\u0430\u0437\u0438\u043d","item":"https:\/\/xstyle.md\/shop\/"},{"@type":"ListItem","position":3,"name":"\u0424\u0430\u0441\u043e\u043b\u044c \u0438 \u043e\u0432\u043e\u0449\u043d\u043e\u0435 \u0430\u0441\u0441\u043e\u0440\u0442\u0438 Trek&#8217;n Eat"}]},{"@type":"WebSite","@id":"https:\/\/xstyle.md\/#website","url":"https:\/\/xstyle.md\/","name":"Magazinul X-Style","description":"Echipamente pentru turism \u0219i sporturi extreme \u00een Moldova. Pre\u021buri, fotografii, caracteristici \u00een Moldova.","publisher":{"@id":"https:\/\/xstyle.md\/#organization"},"alternateName":"X-Style","potentialAction":[{"@type":"SearchAction","target":{"@type":"EntryPoint","urlTemplate":"https:\/\/xstyle.md\/?s={search_term_string}"},"query-input":{"@type":"PropertyValueSpecification","valueRequired":true,"valueName":"search_term_string"}}],"inLanguage":"ro-RO"},{"@type":"Organization","@id":"https:\/\/xstyle.md\/#organization","name":"Magazinul X-Style","alternateName":"x-style","url":"https:\/\/xstyle.md\/","logo":{"@type":"ImageObject","inLanguage":"ro-RO","@id":"https:\/\/xstyle.md\/#\/schema\/logo\/image\/","url":"https:\/\/xstyle.md\/wp-content\/uploads\/2020\/06\/logoicon.svg","contentUrl":"https:\/\/xstyle.md\/wp-content\/uploads\/2020\/06\/logoicon.svg","caption":"\u041c\u0430\u0433\u0430\u0437\u0438\u043d Xstyle"},"image":{"@id":"https:\/\/xstyle.md\/#\/schema\/logo\/image\/"},"sameAs":["https:\/\/www.facebook.com\/xstylemd","https:\/\/www.instagram.com\/xstyle_md\/","https:\/\/t.me\/xstyle_outdoor"],"hasMerchantReturnPolicy":{"@type":"MerchantReturnPolicy","merchantReturnLink":"https:\/\/xstyle.md\/ro\/conditions\/"}}]},"product_price_amount":"210.00","product_price_currency":"MDL","og_availability":"instock","product_availability":"instock","product_retailer_item_id":"2000999769757","product_condition":"new"},"_links":{"self":[{"href":"https:\/\/xstyle.md\/ro\/wp-json\/wp\/v2\/product\/77477","targetHints":{"allow":["GET"]}}],"collection":[{"href":"https:\/\/xstyle.md\/ro\/wp-json\/wp\/v2\/product"}],"about":[{"href":"https:\/\/xstyle.md\/ro\/wp-json\/wp\/v2\/types\/product"}],"replies":[{"embeddable":true,"href":"https:\/\/xstyle.md\/ro\/wp-json\/wp\/v2\/comments?post=77477"}],"wp:featuredmedia":[{"embeddable":true,"href":"https:\/\/xstyle.md\/ro\/wp-json\/wp\/v2\/media\/80282"}],"wp:attachment":[{"href":"https:\/\/xstyle.md\/ro\/wp-json\/wp\/v2\/media?parent=77477"}],"wp:term":[{"taxonomy":"product_brand","embeddable":true,"href":"https:\/\/xstyle.md\/ro\/wp-json\/wp\/v2\/product_brand?post=77477"},{"taxonomy":"product_cat","embeddable":true,"href":"https:\/\/xstyle.md\/ro\/wp-json\/wp\/v2\/product_cat?post=77477"},{"taxonomy":"product_tag","embeddable":true,"href":"https:\/\/xstyle.md\/ro\/wp-json\/wp\/v2\/product_tag?post=77477"}],"curies":[{"name":"wp","href":"https:\/\/api.w.org\/{rel}","templated":true}]}}