{"id":77395,"date":"2023-12-21T12:14:37","date_gmt":"2023-12-21T09:14:37","guid":{"rendered":"https:\/\/xstyle.md\/?post_type=product&#038;p=77395"},"modified":"2026-03-19T17:16:35","modified_gmt":"2026-03-19T14:16:35","slug":"kurtka-rab-graviton-wmn-beluga","status":"publish","type":"product","link":"https:\/\/dev.xstyle.md\/ro\/produs\/kurtka-rab-graviton-wmn-beluga\/","title":{"rendered":"Jachet\u0103 Rab Graviton Wmn beluga"},"content":{"rendered":"<p><strong>Rab Graviton<\/strong> - pulover fleece cu greutate medie este un strat mijlociu universal. Fabricat din fleece elastic Thermic\u2122 G reciclat 96% pentru c\u0103ldur\u0103 \u0219i respirabilitate. M\u00e2necile elastice excelente \u0219i fixate pentru o mobilitate total\u0103 \u0219i o potrivire confortabil\u0103 sunt ideale pentru urcarea pe munte, unde pot fi folosite fr\u00e2nghii sau curele de securitate.<\/p>\n<p>Pentru un plus de confort \u0219i protec\u021bie \u00eempotriva v\u00e2ntului, vesta are un strat dublu, un guler ridicat cu fermoar \u0219i un material care se \u00eempacheteaz\u0103 pentru o protec\u021bie moale \u0219i confortabil\u0103 a g\u00e2tului \u0219i b\u0103rbiei. \u021aivul l\u0103sat \u00een jos se a\u0219eaz\u0103 frumos \u00een spatele \u0219oldurilor pentru o potrivire ideal\u0103 sub cureaua de siguran\u021b\u0103. C\u0103lduroas\u0103 \u0219i poate regla temperatura, geaca Graviton este perfect\u0103 pentru toate aventurile tale montane.<\/p>\n<h3>Particularit\u0103\u021bi<\/h3>\n<ul>\n<li>Guler ridicat moale cu 2 straturi;<\/li>\n<li>Fermoar YKK\u00ae frontal central cu pl\u0103cu\u021b\u0103 de siguran\u021b\u0103 \u0219i protec\u021bie pentru b\u0103rbie;<\/li>\n<li>2 buzunare cu fermoar YKK\u00ae, c\u0103ptu\u0219eal\u0103 din plas\u0103 moale \u0219i fermoare u\u0219oare;<\/li>\n<li>1 buzunar la piept cu fermoar YKK\u00ae;<\/li>\n<li>\u00cen set este inclus o construc\u021bie de m\u00e2neci cu inser\u021bii la subra\u021b pentru o mai mare libertate de mi\u0219care;<\/li>\n<li>\u021aivul l\u0103sat \u00een jos \u00eembun\u0103t\u0103\u021be\u0219te c\u0103ldura \u00een partea inferioar\u0103 a spatelui;<\/li>\n<li>Cus\u0103tur\u0103 plate pe toate cus\u0103turile.<\/li>\n<\/ul>\n<h3>Caracteristici<\/h3>\n<ul>\n<li>Material - Thermic\u2122 G, 96% poliester reciclat, 4% elastan;<\/li>\n<li>Aplicare - sporturi active\/alpinism\/trekking;<\/li>\n<li>Sezon - prim\u0103var\u0103\/toamn\u0103\/iarn\u0103;<\/li>\n<li>Model - pentru femei.<\/li>\n<\/ul>\n<h3>Tehnologie<\/h3>\n<ul>\n<li><strong>YKK\u00ae<\/strong>\u00a0- fermoare de \u00eenalt\u0103 calitate fabricate de compania japonez\u0103 YKK Group, certificate la standarde interna\u021bionale. Rezistent la greut\u0103\u021bi \u0219i la coroziune. Fermoarele sunt utilizate \u00een produse cu cel mai \u00eenalt grad de fiabilitate.<\/li>\n<\/ul>\n<h3>Marca<\/h3>\n<p>Rab \u2014 este un produc\u0103tor britanic de \u00eembr\u0103c\u0103minte \u0219i echipamente pentru alpinism, al c\u0103rui punct forte \u00eel reprezint\u0103 \u00eembr\u0103c\u0103mintea sport tehnic\u0103 de \u00eenalt\u0103 calitate \u0219i tehnologic avansat\u0103, izola\u021bia din puf \u0219i p\u0103l\u0103riile. Balaclavele acestui produc\u0103tor, de exemplu, sunt unele dintre cele mai bune exemple de pe pia\u021b\u0103.<\/p>\n<p>Compania a fost fondat\u0103 \u00een 1981 de c\u0103tre Rab Carrington, alpinist sco\u021bian de top. Baz\u00e2ndu-se pe propria sa experien\u021b\u0103 \u00een numeroase expedi\u021bii, Carrington a creat \u00eembr\u0103c\u0103minte care s\u0103 ofere confort, protec\u021bie \u0219i libertate \u00een mun\u021bi, \u00een drume\u021bii, c\u0103\u021b\u0103r\u0103ri sau alpinism.<\/p>\n<p>Jachetele de puf, sacii de dormit \u0219i hainele de expedi\u021bie Rab sunt fabricate din puf european de g\u00e2sc\u0103 \u0219i ra\u021b\u0103, provenit din surse etice \u0219i certificat Responsible Down. O impregnare hidrofug\u0103 f\u0103r\u0103 fluorocarburi numit\u0103 Nikwax este, de asemenea, aplicat\u0103 pufului folosit \u00een haine \u0219i saci de dormit pentru a le \u00eempiedica s\u0103 se \u00eencarce cu ap\u0103. \u00cen plus, se folosesc \u0219i materiale sintetice de \u00eenalt\u0103 calitate pentru izolare. \u00cembr\u0103c\u0103mintea Rab a devenit \"sinonim\u0103 cu produsele din puf de \u00eenalt\u0103 calitate\".<\/p>","protected":false},"excerpt":{"rendered":"<p>Rab Graviton &#8212; \u0444\u043b\u0438\u0441\u043e\u0432\u044b\u0439 \u0431\u0430\u0442\u043d\u0438\u043a \u0441\u0440\u0435\u0434\u043d\u0435\u0439 \u043f\u043b\u043e\u0442\u043d\u043e\u0441\u0442\u0438 \u044f\u0432\u043b\u044f\u0435\u0442\u0441\u044f \u0443\u043d\u0438\u0432\u0435\u0440\u0441\u0430\u043b\u044c\u043d\u044b\u043c \u0441\u0440\u0435\u0434\u043d\u0438\u043c \u0441\u043b\u043e\u0435\u043c. \u0418\u0437\u0433\u043e\u0442\u043e\u0432\u043b\u0435\u043d \u200b\u200b\u0438\u0437 96% \u043f\u0435\u0440\u0435\u0440\u0430\u0431\u043e\u0442\u0430\u043d\u043d\u043e\u0433\u043e \u044d\u043b\u0430\u0441\u0442\u0438\u0447\u043d\u043e\u0433\u043e \u0444\u043b\u0438\u0441\u0430 Thermic\u2122 G, \u043e\u0431\u0435\u0441\u043f\u0435\u0447\u0438\u0432\u0430\u044e\u0449\u0435\u0433\u043e<\/p>","protected":false},"featured_media":77785,"comment_status":"open","ping_status":"closed","template":"","meta":{"_acf_changed":false,"inline_featured_image":false},"product_brand":[1442],"product_cat":[243],"product_tag":[],"class_list":{"0":"post-77395","1":"product","2":"type-product","3":"status-publish","4":"has-post-thumbnail","6":"product_brand-rab","7":"product_cat-fleece-scurta-femei","9":"first","10":"instock","11":"shipping-taxable","12":"purchasable","13":"product-type-simple"},"acf":[],"yoast_head":"<!-- This site is optimized with the Yoast SEO plugin v27.5 - https:\/\/yoast.com\/product\/yoast-seo-wordpress\/ -->\n<title>\u0424\u043b\u0438\u0441\u043e\u0432\u0430\u044f \u043a\u0443\u0440\u0442\u043a\u0430 Rab Graviton Wmn beluga - \u041c\u0430\u0433\u0430\u0437\u0438\u043d Xstyle<\/title>\n<meta name=\"description\" content=\"\u041a\u0443\u0440\u0442\u043a\u0430 Rab Graviton Wmn \u0432 \u0446\u0432\u0435\u0442\u0435 beluga: \u0443\u0442\u0435\u043f\u043b\u0435\u043d\u043d\u0430\u044f, \u0432\u043e\u0434\u043e\u043e\u0442\u0442\u0430\u043b\u043a\u0438\u0432\u0430\u044e\u0449\u0430\u044f, \u0441 \u043a\u0430\u0447\u0435\u0441\u0442\u0432\u0435\u043d\u043d\u044b\u043c\u0438 \u043c\u043e\u043b\u043d\u0438\u044f\u043c\u0438 YKK. \u0418\u0434\u0435\u0430\u043b\u044c\u043d\u0430 \u0434\u043b\u044f \u0430\u043a\u0442\u0438\u0432\u043d\u043e\u0433\u043e \u043e\u0442\u0434\u044b\u0445\u0430 \u0438 \u043f\u043e\u0445\u043e\u0434\u043e\u0432.\" \/>\n<meta name=\"robots\" content=\"noindex, follow, max-snippet:-1, max-image-preview:large, max-video-preview:-1\" \/>\n<meta property=\"og:locale\" content=\"ro_RO\" \/>\n<meta property=\"og:type\" content=\"article\" \/>\n<meta property=\"og:title\" content=\"\u0424\u043b\u0438\u0441\u043e\u0432\u0430\u044f \u043a\u0443\u0440\u0442\u043a\u0430 Rab Graviton Wmn beluga - \u041c\u0430\u0433\u0430\u0437\u0438\u043d Xstyle\" \/>\n<meta property=\"og:description\" content=\"\u041a\u0443\u0440\u0442\u043a\u0430 Rab Graviton Wmn \u0432 \u0446\u0432\u0435\u0442\u0435 beluga: \u0443\u0442\u0435\u043f\u043b\u0435\u043d\u043d\u0430\u044f, \u0432\u043e\u0434\u043e\u043e\u0442\u0442\u0430\u043b\u043a\u0438\u0432\u0430\u044e\u0449\u0430\u044f, \u0441 \u043a\u0430\u0447\u0435\u0441\u0442\u0432\u0435\u043d\u043d\u044b\u043c\u0438 \u043c\u043e\u043b\u043d\u0438\u044f\u043c\u0438 YKK. \u0418\u0434\u0435\u0430\u043b\u044c\u043d\u0430 \u0434\u043b\u044f \u0430\u043a\u0442\u0438\u0432\u043d\u043e\u0433\u043e \u043e\u0442\u0434\u044b\u0445\u0430 \u0438 \u043f\u043e\u0445\u043e\u0434\u043e\u0432.\" \/>\n<meta property=\"og:url\" content=\"https:\/\/dev.xstyle.md\/ro\/produs\/kurtka-rab-graviton-wmn-beluga\/\" \/>\n<meta property=\"og:site_name\" content=\"\u041c\u0430\u0433\u0430\u0437\u0438\u043d Xstyle\" \/>\n<meta property=\"article:publisher\" content=\"https:\/\/www.facebook.com\/xstylemd\" \/>\n<meta property=\"article:modified_time\" content=\"2026-03-19T14:16:35+00:00\" \/>\n<meta property=\"og:image\" content=\"https:\/\/dev.xstyle.md\/wp-content\/uploads\/2023\/12\/rab-graviton-wmn-beluga.jpg\" \/>\n\t<meta property=\"og:image:width\" content=\"710\" \/>\n\t<meta property=\"og:image:height\" content=\"662\" \/>\n\t<meta property=\"og:image:type\" content=\"image\/jpeg\" \/>\n<meta name=\"twitter:card\" content=\"summary_large_image\" \/>\n<meta name=\"twitter:label1\" content=\"Pre\u021b\" \/>\n\t<meta name=\"twitter:data1\" content=\"1.390,00&nbsp;MDL\" \/>\n\t<meta name=\"twitter:label2\" content=\"Disponibilitate\" \/>\n\t<meta name=\"twitter:data2\" content=\"\u00cen stoc\" \/>\n<script type=\"application\/ld+json\" class=\"yoast-schema-graph\">{\"@context\":\"https:\\\/\\\/schema.org\",\"@graph\":[{\"@type\":\"WebPage\",\"@id\":\"https:\\\/\\\/dev.xstyle.md\\\/product\\\/kurtka-rab-graviton-wmn-beluga\\\/\",\"url\":\"https:\\\/\\\/dev.xstyle.md\\\/product\\\/kurtka-rab-graviton-wmn-beluga\\\/\",\"name\":\"\u0424\u043b\u0438\u0441\u043e\u0432\u0430\u044f \u043a\u0443\u0440\u0442\u043a\u0430 Rab Graviton Wmn beluga - \u041c\u0430\u0433\u0430\u0437\u0438\u043d Xstyle\",\"isPartOf\":{\"@id\":\"https:\\\/\\\/dev.xstyle.md\\\/#website\"},\"primaryImageOfPage\":{\"@id\":\"https:\\\/\\\/dev.xstyle.md\\\/product\\\/kurtka-rab-graviton-wmn-beluga\\\/#primaryimage\"},\"image\":{\"@id\":\"https:\\\/\\\/dev.xstyle.md\\\/product\\\/kurtka-rab-graviton-wmn-beluga\\\/#primaryimage\"},\"thumbnailUrl\":\"https:\\\/\\\/dev.xstyle.md\\\/wp-content\\\/uploads\\\/2023\\\/12\\\/rab-graviton-wmn-beluga.jpg\",\"datePublished\":\"2023-12-21T09:14:37+00:00\",\"dateModified\":\"2026-03-19T14:16:35+00:00\",\"description\":\"\u041a\u0443\u0440\u0442\u043a\u0430 Rab Graviton Wmn \u0432 \u0446\u0432\u0435\u0442\u0435 beluga: \u0443\u0442\u0435\u043f\u043b\u0435\u043d\u043d\u0430\u044f, \u0432\u043e\u0434\u043e\u043e\u0442\u0442\u0430\u043b\u043a\u0438\u0432\u0430\u044e\u0449\u0430\u044f, \u0441 \u043a\u0430\u0447\u0435\u0441\u0442\u0432\u0435\u043d\u043d\u044b\u043c\u0438 \u043c\u043e\u043b\u043d\u0438\u044f\u043c\u0438 YKK. \u0418\u0434\u0435\u0430\u043b\u044c\u043d\u0430 \u0434\u043b\u044f \u0430\u043a\u0442\u0438\u0432\u043d\u043e\u0433\u043e \u043e\u0442\u0434\u044b\u0445\u0430 \u0438 \u043f\u043e\u0445\u043e\u0434\u043e\u0432.\",\"breadcrumb\":{\"@id\":\"https:\\\/\\\/dev.xstyle.md\\\/product\\\/kurtka-rab-graviton-wmn-beluga\\\/#breadcrumb\"},\"inLanguage\":\"ro-RO\",\"potentialAction\":[{\"@type\":\"ReadAction\",\"target\":[\"https:\\\/\\\/dev.xstyle.md\\\/product\\\/kurtka-rab-graviton-wmn-beluga\\\/\"]}]},{\"@type\":\"ImageObject\",\"inLanguage\":\"ro-RO\",\"@id\":\"https:\\\/\\\/dev.xstyle.md\\\/product\\\/kurtka-rab-graviton-wmn-beluga\\\/#primaryimage\",\"url\":\"https:\\\/\\\/dev.xstyle.md\\\/wp-content\\\/uploads\\\/2023\\\/12\\\/rab-graviton-wmn-beluga.jpg\",\"contentUrl\":\"https:\\\/\\\/dev.xstyle.md\\\/wp-content\\\/uploads\\\/2023\\\/12\\\/rab-graviton-wmn-beluga.jpg\",\"width\":710,\"height\":662,\"caption\":\"\u0424\u043b\u0438\u0441\u043e\u0432\u0430\u044f \u043a\u0443\u0440\u0442\u043a\u0430 Rab Graviton Wmn \u0434\u043b\u044f \u0430\u043a\u0442\u0438\u0432\u043d\u043e\u0433\u043e \u043e\u0442\u0434\u044b\u0445\u0430, \u043f\u0443\u0442\u0435\u0448\u0435\u0441\u0442\u0432\u0438\u0439 \u0438 \u0430\u043b\u044c\u043f\u0438\u043d\u0438\u0437\u043c\u0430, \u043e\u0434\u0435\u0436\u0434\u0430 \u0438 \u043e\u0431\u0443\u0432\u044c \u0434\u043b\u044f \u043f\u043e\u0445\u043e\u0434\u043e\u0432 \u0438 \u0433\u043e\u0440\u043d\u044b\u0445 \u043f\u043e\u0445\u043e\u0434\u043e\u0432 \u0432 \u0438\u043d\u0442\u0435\u0440\u043d\u0435\u0442-\u043c\u0430\u0433\u0430\u0437\u0438\u043d\u0435\"},{\"@type\":\"BreadcrumbList\",\"@id\":\"https:\\\/\\\/dev.xstyle.md\\\/product\\\/kurtka-rab-graviton-wmn-beluga\\\/#breadcrumb\",\"itemListElement\":[{\"@type\":\"ListItem\",\"position\":1,\"name\":\"\u0413\u043b\u0430\u0432\u043d\u0430\u044f \u0441\u0442\u0440\u0430\u043d\u0438\u0446\u0430\",\"item\":\"https:\\\/\\\/dev.xstyle.md\\\/\"},{\"@type\":\"ListItem\",\"position\":2,\"name\":\"Shop\",\"item\":\"https:\\\/\\\/dev.xstyle.md\\\/shop\\\/\"},{\"@type\":\"ListItem\",\"position\":3,\"name\":\"\u0424\u043b\u0438\u0441\u043e\u0432\u0430\u044f \u043a\u0443\u0440\u0442\u043a\u0430 Rab Graviton Wmn beluga\"}]},{\"@type\":\"WebSite\",\"@id\":\"https:\\\/\\\/dev.xstyle.md\\\/#website\",\"url\":\"https:\\\/\\\/dev.xstyle.md\\\/\",\"name\":\"\u041c\u0430\u0433\u0430\u0437\u0438\u043d Xstyle\",\"description\":\"C\u043d\u0430\u0440\u044f\u0436\u0435\u043d\u0438\u0435 \u0434\u043b\u044f \u0442\u0443\u0440\u0438\u0437\u043c\u0430 \u0438 \u044d\u043a\u0441\u0442\u0440\u0435\u043c\u0430\u043b\u044c\u043d\u044b\u0445 \u0432\u0438\u0434\u043e\u0432 \u0441\u043f\u043e\u0440\u0442\u0430 \u0432 \u041c\u043e\u043b\u0434\u043e\u0432\u0435.. \u0426\u0435\u043d\u044b, \u0444\u043e\u0442\u043e, \u0445\u0430\u0440\u0430\u043a\u0442\u0435\u0440\u0438\u0441\u0442\u0438\u043a\u0438 \u0432 \u041c\u043e\u043b\u0434\u043e\u0432\u0435.\",\"publisher\":{\"@id\":\"https:\\\/\\\/dev.xstyle.md\\\/#organization\"},\"alternateName\":\"X-Style\",\"potentialAction\":[{\"@type\":\"SearchAction\",\"target\":{\"@type\":\"EntryPoint\",\"urlTemplate\":\"https:\\\/\\\/dev.xstyle.md\\\/?s={search_term_string}\"},\"query-input\":{\"@type\":\"PropertyValueSpecification\",\"valueRequired\":true,\"valueName\":\"search_term_string\"}}],\"inLanguage\":\"ro-RO\"},{\"@type\":\"Organization\",\"@id\":\"https:\\\/\\\/dev.xstyle.md\\\/#organization\",\"name\":\"\u041c\u0430\u0433\u0430\u0437\u0438\u043d Xstyle\",\"alternateName\":\"x-style\",\"url\":\"https:\\\/\\\/dev.xstyle.md\\\/\",\"logo\":{\"@type\":\"ImageObject\",\"inLanguage\":\"ro-RO\",\"@id\":\"https:\\\/\\\/dev.xstyle.md\\\/#\\\/schema\\\/logo\\\/image\\\/\",\"url\":\"https:\\\/\\\/dev.xstyle.md\\\/wp-content\\\/uploads\\\/2020\\\/06\\\/logoicon.svg\",\"contentUrl\":\"https:\\\/\\\/dev.xstyle.md\\\/wp-content\\\/uploads\\\/2020\\\/06\\\/logoicon.svg\",\"caption\":\"\u041c\u0430\u0433\u0430\u0437\u0438\u043d Xstyle\"},\"image\":{\"@id\":\"https:\\\/\\\/dev.xstyle.md\\\/#\\\/schema\\\/logo\\\/image\\\/\"},\"sameAs\":[\"https:\\\/\\\/www.facebook.com\\\/xstylemd\",\"https:\\\/\\\/www.instagram.com\\\/xstyle_md\\\/\",\"https:\\\/\\\/t.me\\\/xstyle_outdoor\"],\"hasMerchantReturnPolicy\":{\"@type\":\"MerchantReturnPolicy\",\"merchantReturnLink\":\"https:\\\/\\\/dev.xstyle.md\\\/ro\\\/conditions\\\/\"}}]}<\/script>\n<meta property=\"product:price:amount\" content=\"1390.00\" \/>\n<meta property=\"product:price:currency\" content=\"MDL\" \/>\n<meta property=\"og:availability\" content=\"instock\" \/>\n<meta property=\"product:availability\" content=\"instock\" \/>\n<meta property=\"product:retailer_item_id\" content=\"5059913018843\" \/>\n<meta property=\"product:condition\" content=\"new\" \/>\n<!-- \/ Yoast SEO plugin. -->","yoast_head_json":{"title":"\u0424\u043b\u0438\u0441\u043e\u0432\u0430\u044f \u043a\u0443\u0440\u0442\u043a\u0430 Rab Graviton Wmn beluga - \u041c\u0430\u0433\u0430\u0437\u0438\u043d Xstyle","description":"Jacket\u0103 Rab Graviton Wmn \u00een culoarea beluga: c\u0103ptu\u0219it\u0103, rezistent\u0103 la ap\u0103, cu fermoare de calitate YKK. Ideal\u0103 pentru activit\u0103\u021bi \u00een aer liber \u0219i excursii.","robots":{"index":"noindex","follow":"follow","max-snippet":"max-snippet:-1","max-image-preview":"max-image-preview:large","max-video-preview":"max-video-preview:-1"},"og_locale":"ro_RO","og_type":"article","og_title":"\u0424\u043b\u0438\u0441\u043e\u0432\u0430\u044f \u043a\u0443\u0440\u0442\u043a\u0430 Rab Graviton Wmn beluga - \u041c\u0430\u0433\u0430\u0437\u0438\u043d Xstyle","og_description":"\u041a\u0443\u0440\u0442\u043a\u0430 Rab Graviton Wmn \u0432 \u0446\u0432\u0435\u0442\u0435 beluga: \u0443\u0442\u0435\u043f\u043b\u0435\u043d\u043d\u0430\u044f, \u0432\u043e\u0434\u043e\u043e\u0442\u0442\u0430\u043b\u043a\u0438\u0432\u0430\u044e\u0449\u0430\u044f, \u0441 \u043a\u0430\u0447\u0435\u0441\u0442\u0432\u0435\u043d\u043d\u044b\u043c\u0438 \u043c\u043e\u043b\u043d\u0438\u044f\u043c\u0438 YKK. \u0418\u0434\u0435\u0430\u043b\u044c\u043d\u0430 \u0434\u043b\u044f \u0430\u043a\u0442\u0438\u0432\u043d\u043e\u0433\u043e \u043e\u0442\u0434\u044b\u0445\u0430 \u0438 \u043f\u043e\u0445\u043e\u0434\u043e\u0432.","og_url":"https:\/\/dev.xstyle.md\/ro\/produs\/kurtka-rab-graviton-wmn-beluga\/","og_site_name":"\u041c\u0430\u0433\u0430\u0437\u0438\u043d Xstyle","article_publisher":"https:\/\/www.facebook.com\/xstylemd","article_modified_time":"2026-03-19T14:16:35+00:00","og_image":[{"width":710,"height":662,"url":"https:\/\/dev.xstyle.md\/wp-content\/uploads\/2023\/12\/rab-graviton-wmn-beluga.jpg","type":"image\/jpeg"}],"twitter_card":"summary_large_image","twitter_misc":{"Pre\u021b":"1.390,00&nbsp;MDL","Disponibilitate":"\u00cen stoc"},"schema":{"@context":"https:\/\/schema.org","@graph":[{"@type":"WebPage","@id":"https:\/\/dev.xstyle.md\/product\/kurtka-rab-graviton-wmn-beluga\/","url":"https:\/\/dev.xstyle.md\/product\/kurtka-rab-graviton-wmn-beluga\/","name":"\u0424\u043b\u0438\u0441\u043e\u0432\u0430\u044f \u043a\u0443\u0440\u0442\u043a\u0430 Rab Graviton Wmn beluga - \u041c\u0430\u0433\u0430\u0437\u0438\u043d Xstyle","isPartOf":{"@id":"https:\/\/dev.xstyle.md\/#website"},"primaryImageOfPage":{"@id":"https:\/\/dev.xstyle.md\/product\/kurtka-rab-graviton-wmn-beluga\/#primaryimage"},"image":{"@id":"https:\/\/dev.xstyle.md\/product\/kurtka-rab-graviton-wmn-beluga\/#primaryimage"},"thumbnailUrl":"https:\/\/dev.xstyle.md\/wp-content\/uploads\/2023\/12\/rab-graviton-wmn-beluga.jpg","datePublished":"2023-12-21T09:14:37+00:00","dateModified":"2026-03-19T14:16:35+00:00","description":"Jacket\u0103 Rab Graviton Wmn \u00een culoarea beluga: c\u0103ptu\u0219it\u0103, rezistent\u0103 la ap\u0103, cu fermoare de calitate YKK. Ideal\u0103 pentru activit\u0103\u021bi \u00een aer liber \u0219i excursii.","breadcrumb":{"@id":"https:\/\/dev.xstyle.md\/product\/kurtka-rab-graviton-wmn-beluga\/#breadcrumb"},"inLanguage":"ro-RO","potentialAction":[{"@type":"ReadAction","target":["https:\/\/dev.xstyle.md\/product\/kurtka-rab-graviton-wmn-beluga\/"]}]},{"@type":"ImageObject","inLanguage":"ro-RO","@id":"https:\/\/dev.xstyle.md\/product\/kurtka-rab-graviton-wmn-beluga\/#primaryimage","url":"https:\/\/dev.xstyle.md\/wp-content\/uploads\/2023\/12\/rab-graviton-wmn-beluga.jpg","contentUrl":"https:\/\/dev.xstyle.md\/wp-content\/uploads\/2023\/12\/rab-graviton-wmn-beluga.jpg","width":710,"height":662,"caption":"\u0424\u043b\u0438\u0441\u043e\u0432\u0430\u044f \u043a\u0443\u0440\u0442\u043a\u0430 Rab Graviton Wmn \u0434\u043b\u044f \u0430\u043a\u0442\u0438\u0432\u043d\u043e\u0433\u043e \u043e\u0442\u0434\u044b\u0445\u0430, \u043f\u0443\u0442\u0435\u0448\u0435\u0441\u0442\u0432\u0438\u0439 \u0438 \u0430\u043b\u044c\u043f\u0438\u043d\u0438\u0437\u043c\u0430, \u043e\u0434\u0435\u0436\u0434\u0430 \u0438 \u043e\u0431\u0443\u0432\u044c \u0434\u043b\u044f \u043f\u043e\u0445\u043e\u0434\u043e\u0432 \u0438 \u0433\u043e\u0440\u043d\u044b\u0445 \u043f\u043e\u0445\u043e\u0434\u043e\u0432 \u0432 \u0438\u043d\u0442\u0435\u0440\u043d\u0435\u0442-\u043c\u0430\u0433\u0430\u0437\u0438\u043d\u0435"},{"@type":"BreadcrumbList","@id":"https:\/\/dev.xstyle.md\/product\/kurtka-rab-graviton-wmn-beluga\/#breadcrumb","itemListElement":[{"@type":"ListItem","position":1,"name":"\u0413\u043b\u0430\u0432\u043d\u0430\u044f \u0441\u0442\u0440\u0430\u043d\u0438\u0446\u0430","item":"https:\/\/dev.xstyle.md\/"},{"@type":"ListItem","position":2,"name":"Shop","item":"https:\/\/dev.xstyle.md\/shop\/"},{"@type":"ListItem","position":3,"name":"\u0424\u043b\u0438\u0441\u043e\u0432\u0430\u044f \u043a\u0443\u0440\u0442\u043a\u0430 Rab Graviton Wmn beluga"}]},{"@type":"WebSite","@id":"https:\/\/dev.xstyle.md\/#website","url":"https:\/\/dev.xstyle.md\/","name":"Magazinul X-Style","description":"Echipamente pentru turism \u0219i sporturi extreme \u00een Moldova. Pre\u021buri, fotografii, caracteristici \u00een Moldova.","publisher":{"@id":"https:\/\/dev.xstyle.md\/#organization"},"alternateName":"X-Style","potentialAction":[{"@type":"SearchAction","target":{"@type":"EntryPoint","urlTemplate":"https:\/\/dev.xstyle.md\/?s={search_term_string}"},"query-input":{"@type":"PropertyValueSpecification","valueRequired":true,"valueName":"search_term_string"}}],"inLanguage":"ro-RO"},{"@type":"Organization","@id":"https:\/\/dev.xstyle.md\/#organization","name":"Magazinul X-Style","alternateName":"x-style","url":"https:\/\/dev.xstyle.md\/","logo":{"@type":"ImageObject","inLanguage":"ro-RO","@id":"https:\/\/dev.xstyle.md\/#\/schema\/logo\/image\/","url":"https:\/\/dev.xstyle.md\/wp-content\/uploads\/2020\/06\/logoicon.svg","contentUrl":"https:\/\/dev.xstyle.md\/wp-content\/uploads\/2020\/06\/logoicon.svg","caption":"\u041c\u0430\u0433\u0430\u0437\u0438\u043d Xstyle"},"image":{"@id":"https:\/\/dev.xstyle.md\/#\/schema\/logo\/image\/"},"sameAs":["https:\/\/www.facebook.com\/xstylemd","https:\/\/www.instagram.com\/xstyle_md\/","https:\/\/t.me\/xstyle_outdoor"],"hasMerchantReturnPolicy":{"@type":"MerchantReturnPolicy","merchantReturnLink":"https:\/\/dev.xstyle.md\/ro\/conditions\/"}}]},"product_price_amount":"1390.00","product_price_currency":"MDL","og_availability":"instock","product_availability":"instock","product_retailer_item_id":"5059913018843","product_condition":"new"},"post_mailing_queue_ids":[],"_links":{"self":[{"href":"https:\/\/dev.xstyle.md\/ro\/wp-json\/wp\/v2\/product\/77395","targetHints":{"allow":["GET"]}}],"collection":[{"href":"https:\/\/dev.xstyle.md\/ro\/wp-json\/wp\/v2\/product"}],"about":[{"href":"https:\/\/dev.xstyle.md\/ro\/wp-json\/wp\/v2\/types\/product"}],"replies":[{"embeddable":true,"href":"https:\/\/dev.xstyle.md\/ro\/wp-json\/wp\/v2\/comments?post=77395"}],"version-history":[{"count":0,"href":"https:\/\/dev.xstyle.md\/ro\/wp-json\/wp\/v2\/product\/77395\/revisions"}],"wp:featuredmedia":[{"embeddable":true,"href":"https:\/\/dev.xstyle.md\/ro\/wp-json\/wp\/v2\/media\/77785"}],"wp:attachment":[{"href":"https:\/\/dev.xstyle.md\/ro\/wp-json\/wp\/v2\/media?parent=77395"}],"wp:term":[{"taxonomy":"product_brand","embeddable":true,"href":"https:\/\/dev.xstyle.md\/ro\/wp-json\/wp\/v2\/product_brand?post=77395"},{"taxonomy":"product_cat","embeddable":true,"href":"https:\/\/dev.xstyle.md\/ro\/wp-json\/wp\/v2\/product_cat?post=77395"},{"taxonomy":"product_tag","embeddable":true,"href":"https:\/\/dev.xstyle.md\/ro\/wp-json\/wp\/v2\/product_tag?post=77395"}],"curies":[{"name":"wp","href":"https:\/\/api.w.org\/{rel}","templated":true}]}}