{"id":77381,"date":"2023-12-21T12:14:34","date_gmt":"2023-12-21T09:14:34","guid":{"rendered":"https:\/\/xstyle.md\/?post_type=product&#038;p=77381"},"modified":"2026-04-05T13:05:18","modified_gmt":"2026-04-05T10:05:18","slug":"trp_language-languageru_rukurtka-rab-nexus-mns-black-trp_languagetrp_language-languagero_rogeaca-rab-nexus-mns-black-trp_language","status":"publish","type":"product","link":"https:\/\/dev.xstyle.md\/ro\/produs\/trp_language-languageru_rukurtka-rab-nexus-mns-black-trp_languagetrp_language-languagero_rogeaca-rab-nexus-mns-black-trp_language\/","title":{"rendered":"Jachet\u0103 Rab Nexus Mns black"},"content":{"rendered":"<\/p>\n<p><strong>Rab Nexus<\/strong> &#8212; jacheta este confec\u021bionat\u0103 din fleece elastic confortabil pentru libertate de mi\u0219care, tehnic \u0219i u\u0219or. Un companion indispensabil pentru orice alpinist, c\u0103\u021b\u0103r\u0103tor sau drume\u021b.<\/p>\n<h3>Particularit\u0103\u021bi<\/h3>\n<ul>\n<li>Ideal pentru strat intermediar<\/li>\n<li>Fabricat din fleece Thermic\u2122 moale \u0219i elastic<\/li>\n<li>\u021ainut\u0103 lejer\u0103<\/li>\n<li>Fermoare YKK\u00ae<\/li>\n<li>Buzunar cu fermoar YKK\u00ae.<\/li>\n<\/ul>\n<h3>Caracteristici<\/h3>\n<ul>\n<li>Material &#8212; Thermic\u2122 fleece<\/li>\n<li>Destina\u021bie &#8212; sporturi active \/ alpinism \/ drume\u021bii<\/li>\n<li>Sezonul - primarvar\u0103\/toamn\u0103<\/li>\n<li>Model - b\u0103rba\u021bi.<\/li>\n<\/ul>\n<h3>Tehnologie<\/h3>\n<ul>\n<li><strong>Thermic<\/strong>\u2122 <strong>S<\/strong> &#8212; \u021bes\u0103tura din fleece sintetic este eficient\u0103 pentru sporturile montane intense datorit\u0103 propriet\u0103\u021bilor sale de absorb\u021bie rapid\u0103 \u0219i de uscare rapid\u0103. Cea mai u\u0219oar\u0103 din familia Thermic\u2122, cu benzi alternante de fleece cu cre\u0219tere joas\u0103 \u0219i \u00eenalt\u0103 care \u00eembun\u0103t\u0103\u021besc respirabilitatea \u0219i reduc greutatea.<\/li>\n<li><strong>YKK\u00ae<\/strong> \u2013 fermoare de \u00eenalt\u0103 calitate fabricate de compania japonez\u0103 YKK Group, certificate pentru conformitatea cu standardele interna\u021bionale. Rezistente la sarcini de for\u021b\u0103 mare \u0219i la coroziune. Sunt utilizate \u00een produse cu cel mai \u00eenalt grad de fiabilitate.<\/li>\n<\/ul>\n<h3>Marca<\/h3>\n<p>Rab \u2014 un produc\u0103tor britanic de \u00eembr\u0103c\u0103minte \u0219i echipament pentru alpinism, al c\u0103rui punct forte este \u00eembr\u0103c\u0103mintea sportiv\u0103 de \u00eenalt\u0103 calitate \u0219i tehnologic avansat\u0103, izola\u021bia din puf \u0219i chestii pentru cap. Balaclavele acestui produc\u0103tor, de exemplu, sunt unele dintre cele mai bune exemple de pe pia\u021b\u0103, sacii de dormit se remarc\u0103 prin chibzuin\u021b\u0103.<\/p>\n<p>Compania a fost fondat\u0103 \u00een 1981 de alpinistul Rab Carrington. Baz\u00e2ndu-se pe propria sa experien\u021b\u0103 \u00een expedi\u021bii numeroase, Carrington a conceput ideea unui program ambi\u021bios pentru a asigura confort, protec\u021bie, \u0219 i libertate \u00een muni\u021bie, tobe \u0219 i alpinism.<\/p>\n<p>Gecile, sacii de dormit \u0219i \u00eembr\u0103c\u0103mintea de expedi\u021bie Rab sunt fabricate din puf de g\u00e2sc\u0103 \u0219i ra\u021b\u0103 certificate de c\u0103tre Responsible Down. Un tratament hidrofug f\u0103r\u0103 fluorocarbon numit Nikwax este, de asemenea, folosit \u00een \u00eembr\u0103c\u0103minte \u0219i saci de dormit pentru a preveni \u00eengreunarea lor \u00een ap\u0103. \u00cen plus, pentru izola\u021bie se folosesc materiale sintetice de \u00eenalt\u0103 calitate. \u00cembr\u0103c\u0103mintea Rab a devenit &#171;sinonim cu produsele de calitate superioar\u0103 fabricate din puf&#187;.<\/p>\n<p><\/p>","protected":false},"excerpt":{"rendered":"","protected":false},"featured_media":77724,"comment_status":"open","ping_status":"closed","template":"","meta":{"_acf_changed":false,"inline_featured_image":false},"product_brand":[1442],"product_cat":[251],"product_tag":[],"class_list":{"0":"post-77381","1":"product","2":"type-product","3":"status-publish","4":"has-post-thumbnail","6":"product_brand-rab","7":"product_cat-fleece-scurta-barbati","9":"first","10":"instock","11":"shipping-taxable","12":"purchasable","13":"product-type-simple"},"acf":[],"yoast_head":"<!-- This site is optimized with the Yoast SEO plugin v27.6 - https:\/\/yoast.com\/product\/yoast-seo-wordpress\/ -->\n<title>\u0424\u043b\u0438\u0441\u043e\u0432\u0430\u044f \u043a\u0443\u0440\u0442\u043a\u0430 Rab Nexus Mns black - \u041c\u0430\u0433\u0430\u0437\u0438\u043d Xstyle<\/title>\n<meta name=\"description\" content=\"\u041a\u0443\u0440\u0442\u043a\u0430 Rab Nexus Mns black \u2013 \u043b\u0435\u0433\u043a\u0430\u044f \u0438 \u0443\u0434\u043e\u0431\u043d\u0430\u044f \u0442\u0435\u0440\u043c\u043e\u043a\u0443\u0440\u0442\u043a\u0430 \u0438\u0437 \u044d\u043b\u0430\u0441\u0442\u0438\u0447\u043d\u043e\u0433\u043e \u0444\u043b\u0438\u0441\u0430 \u0434\u043b\u044f \u0430\u043b\u044c\u043f\u0438\u043d\u0438\u0441\u0442\u043e\u0432. \u0418\u0434\u0435\u0430\u043b\u044c\u043d\u0430\u044f \u0434\u043b\u044f \u0430\u043a\u0442\u0438\u0432\u043d\u043e\u0433\u043e \u043e\u0442\u0434\u044b\u0445\u0430 \u0438 \u043f\u043e\u0445\u043e\u0434\u043e\u0432.\" \/>\n<meta name=\"robots\" content=\"noindex, follow, max-snippet:-1, max-image-preview:large, max-video-preview:-1\" \/>\n<meta property=\"og:locale\" content=\"ro_RO\" \/>\n<meta property=\"og:type\" content=\"article\" \/>\n<meta property=\"og:title\" content=\"\u0424\u043b\u0438\u0441\u043e\u0432\u0430\u044f \u043a\u0443\u0440\u0442\u043a\u0430 Rab Nexus Mns black - \u041c\u0430\u0433\u0430\u0437\u0438\u043d Xstyle\" \/>\n<meta property=\"og:description\" content=\"\u041a\u0443\u0440\u0442\u043a\u0430 Rab Nexus Mns black \u2013 \u043b\u0435\u0433\u043a\u0430\u044f \u0438 \u0443\u0434\u043e\u0431\u043d\u0430\u044f \u0442\u0435\u0440\u043c\u043e\u043a\u0443\u0440\u0442\u043a\u0430 \u0438\u0437 \u044d\u043b\u0430\u0441\u0442\u0438\u0447\u043d\u043e\u0433\u043e \u0444\u043b\u0438\u0441\u0430 \u0434\u043b\u044f \u0430\u043b\u044c\u043f\u0438\u043d\u0438\u0441\u0442\u043e\u0432. \u0418\u0434\u0435\u0430\u043b\u044c\u043d\u0430\u044f \u0434\u043b\u044f \u0430\u043a\u0442\u0438\u0432\u043d\u043e\u0433\u043e \u043e\u0442\u0434\u044b\u0445\u0430 \u0438 \u043f\u043e\u0445\u043e\u0434\u043e\u0432.\" \/>\n<meta property=\"og:url\" content=\"https:\/\/dev.xstyle.md\/ro\/produs\/trp_language-languageru_rukurtka-rab-nexus-mns-black-trp_languagetrp_language-languagero_rogeaca-rab-nexus-mns-black-trp_language\/\" \/>\n<meta property=\"og:site_name\" content=\"\u041c\u0430\u0433\u0430\u0437\u0438\u043d Xstyle\" \/>\n<meta property=\"article:publisher\" content=\"https:\/\/www.facebook.com\/xstylemd\" \/>\n<meta property=\"article:modified_time\" content=\"2026-04-05T10:05:18+00:00\" \/>\n<meta property=\"og:image\" content=\"https:\/\/dev.xstyle.md\/wp-content\/uploads\/2023\/12\/rab-nexus-black-scaled.jpg\" \/>\n\t<meta property=\"og:image:width\" content=\"1811\" \/>\n\t<meta property=\"og:image:height\" content=\"1920\" \/>\n\t<meta property=\"og:image:type\" content=\"image\/jpeg\" \/>\n<meta name=\"twitter:card\" content=\"summary_large_image\" \/>\n<meta name=\"twitter:label1\" content=\"Pre\u021b\" \/>\n\t<meta name=\"twitter:data1\" content=\"1.100,00&nbsp;MDL\" \/>\n\t<meta name=\"twitter:label2\" content=\"Disponibilitate\" \/>\n\t<meta name=\"twitter:data2\" content=\"\u00cen stoc\" \/>\n<script type=\"application\/ld+json\" class=\"yoast-schema-graph\">{\"@context\":\"https:\\\/\\\/schema.org\",\"@graph\":[{\"@type\":\"WebPage\",\"@id\":\"https:\\\/\\\/dev.xstyle.md\\\/product\\\/trp_language-languageru_rukurtka-rab-nexus-mns-black-trp_languagetrp_language-languagero_rogeaca-rab-nexus-mns-black-trp_language\\\/\",\"url\":\"https:\\\/\\\/dev.xstyle.md\\\/product\\\/trp_language-languageru_rukurtka-rab-nexus-mns-black-trp_languagetrp_language-languagero_rogeaca-rab-nexus-mns-black-trp_language\\\/\",\"name\":\"\u0424\u043b\u0438\u0441\u043e\u0432\u0430\u044f \u043a\u0443\u0440\u0442\u043a\u0430 Rab Nexus Mns black - \u041c\u0430\u0433\u0430\u0437\u0438\u043d Xstyle\",\"isPartOf\":{\"@id\":\"https:\\\/\\\/dev.xstyle.md\\\/#website\"},\"primaryImageOfPage\":{\"@id\":\"https:\\\/\\\/dev.xstyle.md\\\/product\\\/trp_language-languageru_rukurtka-rab-nexus-mns-black-trp_languagetrp_language-languagero_rogeaca-rab-nexus-mns-black-trp_language\\\/#primaryimage\"},\"image\":{\"@id\":\"https:\\\/\\\/dev.xstyle.md\\\/product\\\/trp_language-languageru_rukurtka-rab-nexus-mns-black-trp_languagetrp_language-languagero_rogeaca-rab-nexus-mns-black-trp_language\\\/#primaryimage\"},\"thumbnailUrl\":\"https:\\\/\\\/dev.xstyle.md\\\/wp-content\\\/uploads\\\/2023\\\/12\\\/rab-nexus-black-scaled.jpg\",\"datePublished\":\"2023-12-21T09:14:34+00:00\",\"dateModified\":\"2026-04-05T10:05:18+00:00\",\"description\":\"\u041a\u0443\u0440\u0442\u043a\u0430 Rab Nexus Mns black \u2013 \u043b\u0435\u0433\u043a\u0430\u044f \u0438 \u0443\u0434\u043e\u0431\u043d\u0430\u044f \u0442\u0435\u0440\u043c\u043e\u043a\u0443\u0440\u0442\u043a\u0430 \u0438\u0437 \u044d\u043b\u0430\u0441\u0442\u0438\u0447\u043d\u043e\u0433\u043e \u0444\u043b\u0438\u0441\u0430 \u0434\u043b\u044f \u0430\u043b\u044c\u043f\u0438\u043d\u0438\u0441\u0442\u043e\u0432. \u0418\u0434\u0435\u0430\u043b\u044c\u043d\u0430\u044f \u0434\u043b\u044f \u0430\u043a\u0442\u0438\u0432\u043d\u043e\u0433\u043e \u043e\u0442\u0434\u044b\u0445\u0430 \u0438 \u043f\u043e\u0445\u043e\u0434\u043e\u0432.\",\"breadcrumb\":{\"@id\":\"https:\\\/\\\/dev.xstyle.md\\\/product\\\/trp_language-languageru_rukurtka-rab-nexus-mns-black-trp_languagetrp_language-languagero_rogeaca-rab-nexus-mns-black-trp_language\\\/#breadcrumb\"},\"inLanguage\":\"ro-RO\",\"potentialAction\":[{\"@type\":\"ReadAction\",\"target\":[\"https:\\\/\\\/dev.xstyle.md\\\/product\\\/trp_language-languageru_rukurtka-rab-nexus-mns-black-trp_languagetrp_language-languagero_rogeaca-rab-nexus-mns-black-trp_language\\\/\"]}]},{\"@type\":\"ImageObject\",\"inLanguage\":\"ro-RO\",\"@id\":\"https:\\\/\\\/dev.xstyle.md\\\/product\\\/trp_language-languageru_rukurtka-rab-nexus-mns-black-trp_languagetrp_language-languagero_rogeaca-rab-nexus-mns-black-trp_language\\\/#primaryimage\",\"url\":\"https:\\\/\\\/dev.xstyle.md\\\/wp-content\\\/uploads\\\/2023\\\/12\\\/rab-nexus-black-scaled.jpg\",\"contentUrl\":\"https:\\\/\\\/dev.xstyle.md\\\/wp-content\\\/uploads\\\/2023\\\/12\\\/rab-nexus-black-scaled.jpg\",\"width\":1811,\"height\":1920,\"caption\":\"A lightweight, Thermic\ufffd G stretch fleece midlayer made with 100% recycled fabric, a full length zip and close-fitting collar. Offering superb mobility, breathability and temperature regulation, it's perfect for hiking, climbing and mountaineering.#YKK\ufffd VISLON\ufffd centre front zip with zip guard#2 YKK\ufffd zipped soft mesh lined pockets with lightweight zip pulls#Flatlock low bulk seams#Double cuffs for improved comfort#SS23-Feather logo size will be reduced to 2cm. Black colourway - the zip pullers will change to grey. Denim and marmalade colourway - zip will be a closer match to the fabric#SS23-Light khaki colourway - thread colour will be a closer match to the fabric and zip pullers will change to stone. Steel colourway - the zip pullers will be Firecracker#Thermic\ufffd G (178gsm) Circular backer recycled polyester fleece#Main: 94% recycled polyester, 6% elastane\"},{\"@type\":\"BreadcrumbList\",\"@id\":\"https:\\\/\\\/dev.xstyle.md\\\/product\\\/trp_language-languageru_rukurtka-rab-nexus-mns-black-trp_languagetrp_language-languagero_rogeaca-rab-nexus-mns-black-trp_language\\\/#breadcrumb\",\"itemListElement\":[{\"@type\":\"ListItem\",\"position\":1,\"name\":\"\u0413\u043b\u0430\u0432\u043d\u0430\u044f \u0441\u0442\u0440\u0430\u043d\u0438\u0446\u0430\",\"item\":\"https:\\\/\\\/dev.xstyle.md\\\/\"},{\"@type\":\"ListItem\",\"position\":2,\"name\":\"Shop\",\"item\":\"https:\\\/\\\/dev.xstyle.md\\\/shop\\\/\"},{\"@type\":\"ListItem\",\"position\":3,\"name\":\"\u0424\u043b\u0438\u0441\u043e\u0432\u0430\u044f \u043a\u0443\u0440\u0442\u043a\u0430 Rab Nexus Mns black\"}]},{\"@type\":\"WebSite\",\"@id\":\"https:\\\/\\\/dev.xstyle.md\\\/#website\",\"url\":\"https:\\\/\\\/dev.xstyle.md\\\/\",\"name\":\"\u041c\u0430\u0433\u0430\u0437\u0438\u043d Xstyle\",\"description\":\"C\u043d\u0430\u0440\u044f\u0436\u0435\u043d\u0438\u0435 \u0434\u043b\u044f \u0442\u0443\u0440\u0438\u0437\u043c\u0430 \u0438 \u044d\u043a\u0441\u0442\u0440\u0435\u043c\u0430\u043b\u044c\u043d\u044b\u0445 \u0432\u0438\u0434\u043e\u0432 \u0441\u043f\u043e\u0440\u0442\u0430 \u0432 \u041c\u043e\u043b\u0434\u043e\u0432\u0435.. \u0426\u0435\u043d\u044b, \u0444\u043e\u0442\u043e, \u0445\u0430\u0440\u0430\u043a\u0442\u0435\u0440\u0438\u0441\u0442\u0438\u043a\u0438 \u0432 \u041c\u043e\u043b\u0434\u043e\u0432\u0435.\",\"publisher\":{\"@id\":\"https:\\\/\\\/dev.xstyle.md\\\/#organization\"},\"alternateName\":\"X-Style\",\"potentialAction\":[{\"@type\":\"SearchAction\",\"target\":{\"@type\":\"EntryPoint\",\"urlTemplate\":\"https:\\\/\\\/dev.xstyle.md\\\/?s={search_term_string}\"},\"query-input\":{\"@type\":\"PropertyValueSpecification\",\"valueRequired\":true,\"valueName\":\"search_term_string\"}}],\"inLanguage\":\"ro-RO\"},{\"@type\":\"Organization\",\"@id\":\"https:\\\/\\\/dev.xstyle.md\\\/#organization\",\"name\":\"\u041c\u0430\u0433\u0430\u0437\u0438\u043d Xstyle\",\"alternateName\":\"x-style\",\"url\":\"https:\\\/\\\/dev.xstyle.md\\\/\",\"logo\":{\"@type\":\"ImageObject\",\"inLanguage\":\"ro-RO\",\"@id\":\"https:\\\/\\\/dev.xstyle.md\\\/#\\\/schema\\\/logo\\\/image\\\/\",\"url\":\"https:\\\/\\\/dev.xstyle.md\\\/wp-content\\\/uploads\\\/2020\\\/06\\\/logoicon.svg\",\"contentUrl\":\"https:\\\/\\\/dev.xstyle.md\\\/wp-content\\\/uploads\\\/2020\\\/06\\\/logoicon.svg\",\"caption\":\"\u041c\u0430\u0433\u0430\u0437\u0438\u043d Xstyle\"},\"image\":{\"@id\":\"https:\\\/\\\/dev.xstyle.md\\\/#\\\/schema\\\/logo\\\/image\\\/\"},\"sameAs\":[\"https:\\\/\\\/www.facebook.com\\\/xstylemd\",\"https:\\\/\\\/www.instagram.com\\\/xstyle_md\\\/\",\"https:\\\/\\\/t.me\\\/xstyle_outdoor\"],\"hasMerchantReturnPolicy\":{\"@type\":\"MerchantReturnPolicy\",\"merchantReturnLink\":\"https:\\\/\\\/dev.xstyle.md\\\/ro\\\/conditions\\\/\"}}]}<\/script>\n<meta property=\"product:price:amount\" content=\"1100.00\" \/>\n<meta property=\"product:price:currency\" content=\"MDL\" \/>\n<meta property=\"og:availability\" content=\"instock\" \/>\n<meta property=\"product:availability\" content=\"instock\" \/>\n<meta property=\"product:retailer_item_id\" content=\"5059913054759\" \/>\n<meta property=\"product:condition\" content=\"new\" \/>\n<!-- \/ Yoast SEO plugin. -->","yoast_head_json":{"title":"\u0424\u043b\u0438\u0441\u043e\u0432\u0430\u044f \u043a\u0443\u0440\u0442\u043a\u0430 Rab Nexus Mns black - \u041c\u0430\u0433\u0430\u0437\u0438\u043d Xstyle","description":"Jacheta Rab Nexus Mns black \u2013 o jachet\u0103 termic\u0103 u\u0219oar\u0103 \u0219i confortabil\u0103 din fleece elastic pentru alpin\u0219ti. Perfect\u0103 pentru activit\u0103\u021bi \u00een aer liber \u0219i drume\u021bii.","robots":{"index":"noindex","follow":"follow","max-snippet":"max-snippet:-1","max-image-preview":"max-image-preview:large","max-video-preview":"max-video-preview:-1"},"og_locale":"ro_RO","og_type":"article","og_title":"\u0424\u043b\u0438\u0441\u043e\u0432\u0430\u044f \u043a\u0443\u0440\u0442\u043a\u0430 Rab Nexus Mns black - \u041c\u0430\u0433\u0430\u0437\u0438\u043d Xstyle","og_description":"\u041a\u0443\u0440\u0442\u043a\u0430 Rab Nexus Mns black \u2013 \u043b\u0435\u0433\u043a\u0430\u044f \u0438 \u0443\u0434\u043e\u0431\u043d\u0430\u044f \u0442\u0435\u0440\u043c\u043e\u043a\u0443\u0440\u0442\u043a\u0430 \u0438\u0437 \u044d\u043b\u0430\u0441\u0442\u0438\u0447\u043d\u043e\u0433\u043e \u0444\u043b\u0438\u0441\u0430 \u0434\u043b\u044f \u0430\u043b\u044c\u043f\u0438\u043d\u0438\u0441\u0442\u043e\u0432. \u0418\u0434\u0435\u0430\u043b\u044c\u043d\u0430\u044f \u0434\u043b\u044f \u0430\u043a\u0442\u0438\u0432\u043d\u043e\u0433\u043e \u043e\u0442\u0434\u044b\u0445\u0430 \u0438 \u043f\u043e\u0445\u043e\u0434\u043e\u0432.","og_url":"https:\/\/dev.xstyle.md\/ro\/produs\/trp_language-languageru_rukurtka-rab-nexus-mns-black-trp_languagetrp_language-languagero_rogeaca-rab-nexus-mns-black-trp_language\/","og_site_name":"\u041c\u0430\u0433\u0430\u0437\u0438\u043d Xstyle","article_publisher":"https:\/\/www.facebook.com\/xstylemd","article_modified_time":"2026-04-05T10:05:18+00:00","og_image":[{"width":1811,"height":1920,"url":"https:\/\/dev.xstyle.md\/wp-content\/uploads\/2023\/12\/rab-nexus-black-scaled.jpg","type":"image\/jpeg"}],"twitter_card":"summary_large_image","twitter_misc":{"Pre\u021b":"1.100,00&nbsp;MDL","Disponibilitate":"\u00cen stoc"},"schema":{"@context":"https:\/\/schema.org","@graph":[{"@type":"WebPage","@id":"https:\/\/dev.xstyle.md\/product\/trp_language-languageru_rukurtka-rab-nexus-mns-black-trp_languagetrp_language-languagero_rogeaca-rab-nexus-mns-black-trp_language\/","url":"https:\/\/dev.xstyle.md\/product\/trp_language-languageru_rukurtka-rab-nexus-mns-black-trp_languagetrp_language-languagero_rogeaca-rab-nexus-mns-black-trp_language\/","name":"\u0424\u043b\u0438\u0441\u043e\u0432\u0430\u044f \u043a\u0443\u0440\u0442\u043a\u0430 Rab Nexus Mns black - \u041c\u0430\u0433\u0430\u0437\u0438\u043d Xstyle","isPartOf":{"@id":"https:\/\/dev.xstyle.md\/#website"},"primaryImageOfPage":{"@id":"https:\/\/dev.xstyle.md\/product\/trp_language-languageru_rukurtka-rab-nexus-mns-black-trp_languagetrp_language-languagero_rogeaca-rab-nexus-mns-black-trp_language\/#primaryimage"},"image":{"@id":"https:\/\/dev.xstyle.md\/product\/trp_language-languageru_rukurtka-rab-nexus-mns-black-trp_languagetrp_language-languagero_rogeaca-rab-nexus-mns-black-trp_language\/#primaryimage"},"thumbnailUrl":"https:\/\/dev.xstyle.md\/wp-content\/uploads\/2023\/12\/rab-nexus-black-scaled.jpg","datePublished":"2023-12-21T09:14:34+00:00","dateModified":"2026-04-05T10:05:18+00:00","description":"Jacheta Rab Nexus Mns black \u2013 o jachet\u0103 termic\u0103 u\u0219oar\u0103 \u0219i confortabil\u0103 din fleece elastic pentru alpin\u0219ti. Perfect\u0103 pentru activit\u0103\u021bi \u00een aer liber \u0219i drume\u021bii.","breadcrumb":{"@id":"https:\/\/dev.xstyle.md\/product\/trp_language-languageru_rukurtka-rab-nexus-mns-black-trp_languagetrp_language-languagero_rogeaca-rab-nexus-mns-black-trp_language\/#breadcrumb"},"inLanguage":"ro-RO","potentialAction":[{"@type":"ReadAction","target":["https:\/\/dev.xstyle.md\/product\/trp_language-languageru_rukurtka-rab-nexus-mns-black-trp_languagetrp_language-languagero_rogeaca-rab-nexus-mns-black-trp_language\/"]}]},{"@type":"ImageObject","inLanguage":"ro-RO","@id":"https:\/\/dev.xstyle.md\/product\/trp_language-languageru_rukurtka-rab-nexus-mns-black-trp_languagetrp_language-languagero_rogeaca-rab-nexus-mns-black-trp_language\/#primaryimage","url":"https:\/\/dev.xstyle.md\/wp-content\/uploads\/2023\/12\/rab-nexus-black-scaled.jpg","contentUrl":"https:\/\/dev.xstyle.md\/wp-content\/uploads\/2023\/12\/rab-nexus-black-scaled.jpg","width":1811,"height":1920,"caption":"A lightweight, Thermic\ufffd G stretch fleece midlayer made with 100% recycled fabric, a full length zip and close-fitting collar. Offering superb mobility, breathability and temperature regulation, it's perfect for hiking, climbing and mountaineering.#YKK\ufffd VISLON\ufffd centre front zip with zip guard#2 YKK\ufffd zipped soft mesh lined pockets with lightweight zip pulls#Flatlock low bulk seams#Double cuffs for improved comfort#SS23-Feather logo size will be reduced to 2cm. Black colourway - the zip pullers will change to grey. Denim and marmalade colourway - zip will be a closer match to the fabric#SS23-Light khaki colourway - thread colour will be a closer match to the fabric and zip pullers will change to stone. Steel colourway - the zip pullers will be Firecracker#Thermic\ufffd G (178gsm) Circular backer recycled polyester fleece#Main: 94% recycled polyester, 6% elastane"},{"@type":"BreadcrumbList","@id":"https:\/\/dev.xstyle.md\/product\/trp_language-languageru_rukurtka-rab-nexus-mns-black-trp_languagetrp_language-languagero_rogeaca-rab-nexus-mns-black-trp_language\/#breadcrumb","itemListElement":[{"@type":"ListItem","position":1,"name":"\u0413\u043b\u0430\u0432\u043d\u0430\u044f \u0441\u0442\u0440\u0430\u043d\u0438\u0446\u0430","item":"https:\/\/dev.xstyle.md\/"},{"@type":"ListItem","position":2,"name":"Shop","item":"https:\/\/dev.xstyle.md\/shop\/"},{"@type":"ListItem","position":3,"name":"\u0424\u043b\u0438\u0441\u043e\u0432\u0430\u044f \u043a\u0443\u0440\u0442\u043a\u0430 Rab Nexus Mns black"}]},{"@type":"WebSite","@id":"https:\/\/dev.xstyle.md\/#website","url":"https:\/\/dev.xstyle.md\/","name":"Magazinul X-Style","description":"Echipamente pentru turism \u0219i sporturi extreme \u00een Moldova. Pre\u021buri, fotografii, caracteristici \u00een Moldova.","publisher":{"@id":"https:\/\/dev.xstyle.md\/#organization"},"alternateName":"X-Style","potentialAction":[{"@type":"SearchAction","target":{"@type":"EntryPoint","urlTemplate":"https:\/\/dev.xstyle.md\/?s={search_term_string}"},"query-input":{"@type":"PropertyValueSpecification","valueRequired":true,"valueName":"search_term_string"}}],"inLanguage":"ro-RO"},{"@type":"Organization","@id":"https:\/\/dev.xstyle.md\/#organization","name":"Magazinul X-Style","alternateName":"x-style","url":"https:\/\/dev.xstyle.md\/","logo":{"@type":"ImageObject","inLanguage":"ro-RO","@id":"https:\/\/dev.xstyle.md\/#\/schema\/logo\/image\/","url":"https:\/\/dev.xstyle.md\/wp-content\/uploads\/2020\/06\/logoicon.svg","contentUrl":"https:\/\/dev.xstyle.md\/wp-content\/uploads\/2020\/06\/logoicon.svg","caption":"\u041c\u0430\u0433\u0430\u0437\u0438\u043d Xstyle"},"image":{"@id":"https:\/\/dev.xstyle.md\/#\/schema\/logo\/image\/"},"sameAs":["https:\/\/www.facebook.com\/xstylemd","https:\/\/www.instagram.com\/xstyle_md\/","https:\/\/t.me\/xstyle_outdoor"],"hasMerchantReturnPolicy":{"@type":"MerchantReturnPolicy","merchantReturnLink":"https:\/\/dev.xstyle.md\/ro\/conditions\/"}}]},"product_price_amount":"1100.00","product_price_currency":"MDL","og_availability":"instock","product_availability":"instock","product_retailer_item_id":"5059913054759","product_condition":"new"},"post_mailing_queue_ids":[],"_links":{"self":[{"href":"https:\/\/dev.xstyle.md\/ro\/wp-json\/wp\/v2\/product\/77381","targetHints":{"allow":["GET"]}}],"collection":[{"href":"https:\/\/dev.xstyle.md\/ro\/wp-json\/wp\/v2\/product"}],"about":[{"href":"https:\/\/dev.xstyle.md\/ro\/wp-json\/wp\/v2\/types\/product"}],"replies":[{"embeddable":true,"href":"https:\/\/dev.xstyle.md\/ro\/wp-json\/wp\/v2\/comments?post=77381"}],"version-history":[{"count":1,"href":"https:\/\/dev.xstyle.md\/ro\/wp-json\/wp\/v2\/product\/77381\/revisions"}],"predecessor-version":[{"id":104802,"href":"https:\/\/dev.xstyle.md\/ro\/wp-json\/wp\/v2\/product\/77381\/revisions\/104802"}],"wp:featuredmedia":[{"embeddable":true,"href":"https:\/\/dev.xstyle.md\/ro\/wp-json\/wp\/v2\/media\/77724"}],"wp:attachment":[{"href":"https:\/\/dev.xstyle.md\/ro\/wp-json\/wp\/v2\/media?parent=77381"}],"wp:term":[{"taxonomy":"product_brand","embeddable":true,"href":"https:\/\/dev.xstyle.md\/ro\/wp-json\/wp\/v2\/product_brand?post=77381"},{"taxonomy":"product_cat","embeddable":true,"href":"https:\/\/dev.xstyle.md\/ro\/wp-json\/wp\/v2\/product_cat?post=77381"},{"taxonomy":"product_tag","embeddable":true,"href":"https:\/\/dev.xstyle.md\/ro\/wp-json\/wp\/v2\/product_tag?post=77381"}],"curies":[{"name":"wp","href":"https:\/\/api.w.org\/{rel}","templated":true}]}}