{"id":7649,"date":"2020-07-16T22:55:08","date_gmt":"2020-07-16T19:55:08","guid":{"rendered":"https:\/\/xstyle.md\/product\/kurtka-m-wave-wind-jacket"},"modified":"2026-03-19T16:34:16","modified_gmt":"2026-03-19T13:34:16","slug":"kurtka-m-wave-wind-jacket","status":"publish","type":"product","link":"https:\/\/xstyle.md\/ro\/produs\/kurtka-m-wave-wind-jacket\/","title":{"rendered":"Jachet\u0103 M-WAVE wind jacket"},"content":{"rendered":"<\/p>\n<p><strong>Aten\u021bie, au r\u0103mas doar m\u0103rimile: yellow L; M; S; XL; XS<\/strong><\/p>\n<p><strong>Jachet\u0103 M-WAVE wind jacket &#8212;\u00a0<\/strong>universal\u0103 &#8212; potrivit pentru teren, drum sau ora\u0219.<\/p>\n<p><strong>Specifica\u021bii:<\/strong><\/p>\n<ul>\n<li>Impermeabil\u0103, protejeaz\u0103 de v\u00e2nt<\/li>\n<li>Versiunea galben\u0103 \u00eembun\u0103t\u0103\u021be\u0219te foarte mult vizibilitatea biciclistului pe \u0219osea.<\/li>\n<li>Greutate: aproximativ 94 g (dimensiunea M).<\/li>\n<li>M\u00e2neci deta\u0219abile.<\/li>\n<li>Dimensiunea ambalajului este de 13&#215;6 cm.<\/li>\n<li>Numeroase elemente reflectorizante.<\/li>\n<li>M\u00e2neci cu curelu\u0219e pe Velcro.<\/li>\n<\/ul>\n<p><\/p>","protected":false},"excerpt":{"rendered":"<p>Jachet\u0103 M-WAVE wind jacket<\/p>","protected":false},"featured_media":7643,"comment_status":"open","ping_status":"closed","template":"","meta":{"_acf_changed":false,"inline_featured_image":false},"product_brand":[1372],"product_cat":[222],"product_tag":[],"class_list":{"0":"post-7649","1":"product","2":"type-product","3":"status-publish","4":"has-post-thumbnail","6":"product_brand-messingschlager","7":"product_cat-cycling-wear","9":"first","10":"instock","11":"shipping-taxable","12":"purchasable","13":"product-type-simple"},"acf":[],"yoast_head":"<!-- This site is optimized with the Yoast SEO plugin v27.4 - https:\/\/yoast.com\/product\/yoast-seo-wordpress\/ -->\n<title>\u0412\u0435\u0442\u0440\u043e\u0432\u043a\u0430 M-WAVE wind jacket - \u041c\u0430\u0433\u0430\u0437\u0438\u043d Xstyle<\/title>\n<meta name=\"description\" content=\"\u0412\u0435\u0442\u0440\u043e\u0432\u043a\u0430 M-WAVE: \u043b\u0435\u0433\u043a\u0430\u044f, \u0432\u043e\u0434\u043e\u043e\u0442\u0442\u0430\u043b\u043a\u0438\u0432\u0430\u044e\u0449\u0430\u044f, \u0443\u043d\u0438\u0432\u0435\u0440\u0441\u0430\u043b\u044c\u043d\u0430\u044f \u0434\u043b\u044f \u0433\u043e\u0440\u043e\u0434\u0430 \u0438 \u0434\u043e\u0440\u043e\u0433\u0438. \u0423\u043b\u0443\u0447\u0448\u0435\u043d\u043d\u0430\u044f \u0432\u0438\u0434\u0438\u043c\u043e\u0441\u0442\u044c \u0434\u043b\u044f \u0432\u0435\u043b\u043e\u0441\u0438\u043f\u0435\u0434\u0438\u0441\u0442\u043e\u0432. \u0414\u043e\u0441\u0442\u0443\u043f\u043d\u0430 \u0432 \u0440\u0430\u0437\u043c\u0435\u0440\u0430\u0445 M, S, XS, L, XL.\" \/>\n<meta name=\"robots\" content=\"index, follow, max-snippet:-1, max-image-preview:large, max-video-preview:-1\" \/>\n<link rel=\"canonical\" href=\"https:\/\/xstyle.md\/ro\/produs\/kurtka-m-wave-wind-jacket\/\" \/>\n<meta property=\"og:locale\" content=\"ro_RO\" \/>\n<meta property=\"og:type\" content=\"article\" \/>\n<meta property=\"og:title\" content=\"\u0412\u0435\u0442\u0440\u043e\u0432\u043a\u0430 M-WAVE wind jacket - \u041c\u0430\u0433\u0430\u0437\u0438\u043d Xstyle\" \/>\n<meta property=\"og:description\" content=\"\u0412\u0435\u0442\u0440\u043e\u0432\u043a\u0430 M-WAVE: \u043b\u0435\u0433\u043a\u0430\u044f, \u0432\u043e\u0434\u043e\u043e\u0442\u0442\u0430\u043b\u043a\u0438\u0432\u0430\u044e\u0449\u0430\u044f, \u0443\u043d\u0438\u0432\u0435\u0440\u0441\u0430\u043b\u044c\u043d\u0430\u044f \u0434\u043b\u044f \u0433\u043e\u0440\u043e\u0434\u0430 \u0438 \u0434\u043e\u0440\u043e\u0433\u0438. \u0423\u043b\u0443\u0447\u0448\u0435\u043d\u043d\u0430\u044f \u0432\u0438\u0434\u0438\u043c\u043e\u0441\u0442\u044c \u0434\u043b\u044f \u0432\u0435\u043b\u043e\u0441\u0438\u043f\u0435\u0434\u0438\u0441\u0442\u043e\u0432. \u0414\u043e\u0441\u0442\u0443\u043f\u043d\u0430 \u0432 \u0440\u0430\u0437\u043c\u0435\u0440\u0430\u0445 M, S, XS, L, XL.\" \/>\n<meta property=\"og:url\" content=\"https:\/\/xstyle.md\/ro\/produs\/kurtka-m-wave-wind-jacket\/\" \/>\n<meta property=\"og:site_name\" content=\"\u041c\u0430\u0433\u0430\u0437\u0438\u043d Xstyle\" \/>\n<meta property=\"article:publisher\" content=\"https:\/\/www.facebook.com\/xstylemd\" \/>\n<meta property=\"article:modified_time\" content=\"2026-03-19T13:34:16+00:00\" \/>\n<meta property=\"og:image\" content=\"https:\/\/xstyle.md\/wp-content\/uploads\/2020\/07\/715478_part_130605.jpg\" \/>\n\t<meta property=\"og:image:width\" content=\"600\" \/>\n\t<meta property=\"og:image:height\" content=\"600\" \/>\n\t<meta property=\"og:image:type\" content=\"image\/jpeg\" \/>\n<meta name=\"twitter:card\" content=\"summary_large_image\" \/>\n<meta name=\"twitter:label1\" content=\"Pre\u021b\" \/>\n\t<meta name=\"twitter:data1\" content=\"950&nbsp;MDL\" \/>\n\t<meta name=\"twitter:label2\" content=\"Disponibilitate\" \/>\n\t<meta name=\"twitter:data2\" content=\"\u00cen stoc\" \/>\n<script type=\"application\/ld+json\" class=\"yoast-schema-graph\">{\"@context\":\"https:\\\/\\\/schema.org\",\"@graph\":[{\"@type\":\"WebPage\",\"@id\":\"https:\\\/\\\/xstyle.md\\\/product\\\/kurtka-m-wave-wind-jacket\\\/\",\"url\":\"https:\\\/\\\/xstyle.md\\\/product\\\/kurtka-m-wave-wind-jacket\\\/\",\"name\":\"\u0412\u0435\u0442\u0440\u043e\u0432\u043a\u0430 M-WAVE wind jacket - \u041c\u0430\u0433\u0430\u0437\u0438\u043d Xstyle\",\"isPartOf\":{\"@id\":\"https:\\\/\\\/xstyle.md\\\/#website\"},\"primaryImageOfPage\":{\"@id\":\"https:\\\/\\\/xstyle.md\\\/product\\\/kurtka-m-wave-wind-jacket\\\/#primaryimage\"},\"image\":{\"@id\":\"https:\\\/\\\/xstyle.md\\\/product\\\/kurtka-m-wave-wind-jacket\\\/#primaryimage\"},\"thumbnailUrl\":\"https:\\\/\\\/xstyle.md\\\/wp-content\\\/uploads\\\/2020\\\/07\\\/715478_part_130605.jpg\",\"datePublished\":\"2020-07-16T19:55:08+00:00\",\"dateModified\":\"2026-03-19T13:34:16+00:00\",\"description\":\"\u0412\u0435\u0442\u0440\u043e\u0432\u043a\u0430 M-WAVE: \u043b\u0435\u0433\u043a\u0430\u044f, \u0432\u043e\u0434\u043e\u043e\u0442\u0442\u0430\u043b\u043a\u0438\u0432\u0430\u044e\u0449\u0430\u044f, \u0443\u043d\u0438\u0432\u0435\u0440\u0441\u0430\u043b\u044c\u043d\u0430\u044f \u0434\u043b\u044f \u0433\u043e\u0440\u043e\u0434\u0430 \u0438 \u0434\u043e\u0440\u043e\u0433\u0438. \u0423\u043b\u0443\u0447\u0448\u0435\u043d\u043d\u0430\u044f \u0432\u0438\u0434\u0438\u043c\u043e\u0441\u0442\u044c \u0434\u043b\u044f \u0432\u0435\u043b\u043e\u0441\u0438\u043f\u0435\u0434\u0438\u0441\u0442\u043e\u0432. \u0414\u043e\u0441\u0442\u0443\u043f\u043d\u0430 \u0432 \u0440\u0430\u0437\u043c\u0435\u0440\u0430\u0445 M, S, XS, L, XL.\",\"breadcrumb\":{\"@id\":\"https:\\\/\\\/xstyle.md\\\/product\\\/kurtka-m-wave-wind-jacket\\\/#breadcrumb\"},\"inLanguage\":\"ro-RO\",\"potentialAction\":[{\"@type\":\"ReadAction\",\"target\":[\"https:\\\/\\\/xstyle.md\\\/product\\\/kurtka-m-wave-wind-jacket\\\/\"]}]},{\"@type\":\"ImageObject\",\"inLanguage\":\"ro-RO\",\"@id\":\"https:\\\/\\\/xstyle.md\\\/product\\\/kurtka-m-wave-wind-jacket\\\/#primaryimage\",\"url\":\"https:\\\/\\\/xstyle.md\\\/wp-content\\\/uploads\\\/2020\\\/07\\\/715478_part_130605.jpg\",\"contentUrl\":\"https:\\\/\\\/xstyle.md\\\/wp-content\\\/uploads\\\/2020\\\/07\\\/715478_part_130605.jpg\",\"width\":600,\"height\":600},{\"@type\":\"BreadcrumbList\",\"@id\":\"https:\\\/\\\/xstyle.md\\\/product\\\/kurtka-m-wave-wind-jacket\\\/#breadcrumb\",\"itemListElement\":[{\"@type\":\"ListItem\",\"position\":1,\"name\":\"\u0413\u043b\u0430\u0432\u043d\u0430\u044f \u0441\u0442\u0440\u0430\u043d\u0438\u0446\u0430\",\"item\":\"https:\\\/\\\/xstyle.md\\\/\"},{\"@type\":\"ListItem\",\"position\":2,\"name\":\"\u041c\u0430\u0433\u0430\u0437\u0438\u043d\",\"item\":\"https:\\\/\\\/xstyle.md\\\/shop\\\/\"},{\"@type\":\"ListItem\",\"position\":3,\"name\":\"\u0412\u0435\u0442\u0440\u043e\u0432\u043a\u0430 M-WAVE wind jacket\"}]},{\"@type\":\"WebSite\",\"@id\":\"https:\\\/\\\/xstyle.md\\\/#website\",\"url\":\"https:\\\/\\\/xstyle.md\\\/\",\"name\":\"\u041c\u0430\u0433\u0430\u0437\u0438\u043d Xstyle\",\"description\":\"C\u043d\u0430\u0440\u044f\u0436\u0435\u043d\u0438\u0435 \u0434\u043b\u044f \u0442\u0443\u0440\u0438\u0437\u043c\u0430 \u0438 \u044d\u043a\u0441\u0442\u0440\u0435\u043c\u0430\u043b\u044c\u043d\u044b\u0445 \u0432\u0438\u0434\u043e\u0432 \u0441\u043f\u043e\u0440\u0442\u0430 \u0432 \u041c\u043e\u043b\u0434\u043e\u0432\u0435.. \u0426\u0435\u043d\u044b, \u0444\u043e\u0442\u043e, \u0445\u0430\u0440\u0430\u043a\u0442\u0435\u0440\u0438\u0441\u0442\u0438\u043a\u0438 \u0432 \u041c\u043e\u043b\u0434\u043e\u0432\u0435.\",\"publisher\":{\"@id\":\"https:\\\/\\\/xstyle.md\\\/#organization\"},\"alternateName\":\"X-Style\",\"potentialAction\":[{\"@type\":\"SearchAction\",\"target\":{\"@type\":\"EntryPoint\",\"urlTemplate\":\"https:\\\/\\\/xstyle.md\\\/?s={search_term_string}\"},\"query-input\":{\"@type\":\"PropertyValueSpecification\",\"valueRequired\":true,\"valueName\":\"search_term_string\"}}],\"inLanguage\":\"ro-RO\"},{\"@type\":\"Organization\",\"@id\":\"https:\\\/\\\/xstyle.md\\\/#organization\",\"name\":\"\u041c\u0430\u0433\u0430\u0437\u0438\u043d Xstyle\",\"alternateName\":\"x-style\",\"url\":\"https:\\\/\\\/xstyle.md\\\/\",\"logo\":{\"@type\":\"ImageObject\",\"inLanguage\":\"ro-RO\",\"@id\":\"https:\\\/\\\/xstyle.md\\\/#\\\/schema\\\/logo\\\/image\\\/\",\"url\":\"https:\\\/\\\/xstyle.md\\\/wp-content\\\/uploads\\\/2020\\\/06\\\/logoicon.svg\",\"contentUrl\":\"https:\\\/\\\/xstyle.md\\\/wp-content\\\/uploads\\\/2020\\\/06\\\/logoicon.svg\",\"caption\":\"\u041c\u0430\u0433\u0430\u0437\u0438\u043d Xstyle\"},\"image\":{\"@id\":\"https:\\\/\\\/xstyle.md\\\/#\\\/schema\\\/logo\\\/image\\\/\"},\"sameAs\":[\"https:\\\/\\\/www.facebook.com\\\/xstylemd\",\"https:\\\/\\\/www.instagram.com\\\/xstyle_md\\\/\",\"https:\\\/\\\/t.me\\\/xstyle_outdoor\"],\"hasMerchantReturnPolicy\":{\"@type\":\"MerchantReturnPolicy\",\"merchantReturnLink\":\"https:\\\/\\\/xstyle.md\\\/ro\\\/conditions\\\/\"}}]}<\/script>\n<meta property=\"product:price:amount\" content=\"950.00\" \/>\n<meta property=\"product:price:currency\" content=\"MDL\" \/>\n<meta property=\"og:availability\" content=\"instock\" \/>\n<meta property=\"product:availability\" content=\"instock\" \/>\n<meta property=\"product:retailer_item_id\" content=\"4015493712749\" \/>\n<meta property=\"product:condition\" content=\"new\" \/>\n<!-- \/ Yoast SEO plugin. -->","yoast_head_json":{"title":"Jachet\u0103 M-WAVE wind jacket - Magazin Xstyle","description":"Jacheta M-WAVE: u\u0219oar\u0103, rezistent\u0103 la ap\u0103, versatil\u0103 pentru ora\u0219 \u0219i drum. Vizibilitate \u00eembun\u0103t\u0103\u021bit\u0103 pentru bicicli\u0219ti. Disponibil\u0103 \u00een dimensiunile M, S, XS, L, XL.","robots":{"index":"index","follow":"follow","max-snippet":"max-snippet:-1","max-image-preview":"max-image-preview:large","max-video-preview":"max-video-preview:-1"},"canonical":"https:\/\/xstyle.md\/ro\/produs\/kurtka-m-wave-wind-jacket\/","og_locale":"ro_RO","og_type":"article","og_title":"\u0412\u0435\u0442\u0440\u043e\u0432\u043a\u0430 M-WAVE wind jacket - \u041c\u0430\u0433\u0430\u0437\u0438\u043d Xstyle","og_description":"\u0412\u0435\u0442\u0440\u043e\u0432\u043a\u0430 M-WAVE: \u043b\u0435\u0433\u043a\u0430\u044f, \u0432\u043e\u0434\u043e\u043e\u0442\u0442\u0430\u043b\u043a\u0438\u0432\u0430\u044e\u0449\u0430\u044f, \u0443\u043d\u0438\u0432\u0435\u0440\u0441\u0430\u043b\u044c\u043d\u0430\u044f \u0434\u043b\u044f \u0433\u043e\u0440\u043e\u0434\u0430 \u0438 \u0434\u043e\u0440\u043e\u0433\u0438. \u0423\u043b\u0443\u0447\u0448\u0435\u043d\u043d\u0430\u044f \u0432\u0438\u0434\u0438\u043c\u043e\u0441\u0442\u044c \u0434\u043b\u044f \u0432\u0435\u043b\u043e\u0441\u0438\u043f\u0435\u0434\u0438\u0441\u0442\u043e\u0432. \u0414\u043e\u0441\u0442\u0443\u043f\u043d\u0430 \u0432 \u0440\u0430\u0437\u043c\u0435\u0440\u0430\u0445 M, S, XS, L, XL.","og_url":"https:\/\/xstyle.md\/ro\/produs\/kurtka-m-wave-wind-jacket\/","og_site_name":"\u041c\u0430\u0433\u0430\u0437\u0438\u043d Xstyle","article_publisher":"https:\/\/www.facebook.com\/xstylemd","article_modified_time":"2026-03-19T13:34:16+00:00","og_image":[{"width":600,"height":600,"url":"https:\/\/xstyle.md\/wp-content\/uploads\/2020\/07\/715478_part_130605.jpg","type":"image\/jpeg"}],"twitter_card":"summary_large_image","twitter_misc":{"Pre\u021b":"950&nbsp;MDL","Disponibilitate":"\u00cen stoc"},"schema":{"@context":"https:\/\/schema.org","@graph":[{"@type":"WebPage","@id":"https:\/\/xstyle.md\/product\/kurtka-m-wave-wind-jacket\/","url":"https:\/\/xstyle.md\/product\/kurtka-m-wave-wind-jacket\/","name":"Jachet\u0103 M-WAVE wind jacket - Magazin Xstyle","isPartOf":{"@id":"https:\/\/xstyle.md\/#website"},"primaryImageOfPage":{"@id":"https:\/\/xstyle.md\/product\/kurtka-m-wave-wind-jacket\/#primaryimage"},"image":{"@id":"https:\/\/xstyle.md\/product\/kurtka-m-wave-wind-jacket\/#primaryimage"},"thumbnailUrl":"https:\/\/xstyle.md\/wp-content\/uploads\/2020\/07\/715478_part_130605.jpg","datePublished":"2020-07-16T19:55:08+00:00","dateModified":"2026-03-19T13:34:16+00:00","description":"Jacheta M-WAVE: u\u0219oar\u0103, rezistent\u0103 la ap\u0103, versatil\u0103 pentru ora\u0219 \u0219i drum. Vizibilitate \u00eembun\u0103t\u0103\u021bit\u0103 pentru bicicli\u0219ti. Disponibil\u0103 \u00een dimensiunile M, S, XS, L, XL.","breadcrumb":{"@id":"https:\/\/xstyle.md\/product\/kurtka-m-wave-wind-jacket\/#breadcrumb"},"inLanguage":"ro-RO","potentialAction":[{"@type":"ReadAction","target":["https:\/\/xstyle.md\/product\/kurtka-m-wave-wind-jacket\/"]}]},{"@type":"ImageObject","inLanguage":"ro-RO","@id":"https:\/\/xstyle.md\/product\/kurtka-m-wave-wind-jacket\/#primaryimage","url":"https:\/\/xstyle.md\/wp-content\/uploads\/2020\/07\/715478_part_130605.jpg","contentUrl":"https:\/\/xstyle.md\/wp-content\/uploads\/2020\/07\/715478_part_130605.jpg","width":600,"height":600},{"@type":"BreadcrumbList","@id":"https:\/\/xstyle.md\/product\/kurtka-m-wave-wind-jacket\/#breadcrumb","itemListElement":[{"@type":"ListItem","position":1,"name":"\u0413\u043b\u0430\u0432\u043d\u0430\u044f \u0441\u0442\u0440\u0430\u043d\u0438\u0446\u0430","item":"https:\/\/xstyle.md\/"},{"@type":"ListItem","position":2,"name":"\u041c\u0430\u0433\u0430\u0437\u0438\u043d","item":"https:\/\/xstyle.md\/shop\/"},{"@type":"ListItem","position":3,"name":"\u0412\u0435\u0442\u0440\u043e\u0432\u043a\u0430 M-WAVE wind jacket"}]},{"@type":"WebSite","@id":"https:\/\/xstyle.md\/#website","url":"https:\/\/xstyle.md\/","name":"Magazinul X-Style","description":"Echipamente pentru turism \u0219i sporturi extreme \u00een Moldova. Pre\u021buri, fotografii, caracteristici \u00een Moldova.","publisher":{"@id":"https:\/\/xstyle.md\/#organization"},"alternateName":"X-Style","potentialAction":[{"@type":"SearchAction","target":{"@type":"EntryPoint","urlTemplate":"https:\/\/xstyle.md\/?s={search_term_string}"},"query-input":{"@type":"PropertyValueSpecification","valueRequired":true,"valueName":"search_term_string"}}],"inLanguage":"ro-RO"},{"@type":"Organization","@id":"https:\/\/xstyle.md\/#organization","name":"Magazinul X-Style","alternateName":"x-style","url":"https:\/\/xstyle.md\/","logo":{"@type":"ImageObject","inLanguage":"ro-RO","@id":"https:\/\/xstyle.md\/#\/schema\/logo\/image\/","url":"https:\/\/xstyle.md\/wp-content\/uploads\/2020\/06\/logoicon.svg","contentUrl":"https:\/\/xstyle.md\/wp-content\/uploads\/2020\/06\/logoicon.svg","caption":"\u041c\u0430\u0433\u0430\u0437\u0438\u043d Xstyle"},"image":{"@id":"https:\/\/xstyle.md\/#\/schema\/logo\/image\/"},"sameAs":["https:\/\/www.facebook.com\/xstylemd","https:\/\/www.instagram.com\/xstyle_md\/","https:\/\/t.me\/xstyle_outdoor"],"hasMerchantReturnPolicy":{"@type":"MerchantReturnPolicy","merchantReturnLink":"https:\/\/xstyle.md\/ro\/conditions\/"}}]},"product_price_amount":"950.00","product_price_currency":"MDL","og_availability":"instock","product_availability":"instock","product_retailer_item_id":"4015493712749","product_condition":"new"},"post_mailing_queue_ids":[],"_links":{"self":[{"href":"https:\/\/xstyle.md\/ro\/wp-json\/wp\/v2\/product\/7649","targetHints":{"allow":["GET"]}}],"collection":[{"href":"https:\/\/xstyle.md\/ro\/wp-json\/wp\/v2\/product"}],"about":[{"href":"https:\/\/xstyle.md\/ro\/wp-json\/wp\/v2\/types\/product"}],"replies":[{"embeddable":true,"href":"https:\/\/xstyle.md\/ro\/wp-json\/wp\/v2\/comments?post=7649"}],"wp:featuredmedia":[{"embeddable":true,"href":"https:\/\/xstyle.md\/ro\/wp-json\/wp\/v2\/media\/7643"}],"wp:attachment":[{"href":"https:\/\/xstyle.md\/ro\/wp-json\/wp\/v2\/media?parent=7649"}],"wp:term":[{"taxonomy":"product_brand","embeddable":true,"href":"https:\/\/xstyle.md\/ro\/wp-json\/wp\/v2\/product_brand?post=7649"},{"taxonomy":"product_cat","embeddable":true,"href":"https:\/\/xstyle.md\/ro\/wp-json\/wp\/v2\/product_cat?post=7649"},{"taxonomy":"product_tag","embeddable":true,"href":"https:\/\/xstyle.md\/ro\/wp-json\/wp\/v2\/product_tag?post=7649"}],"curies":[{"name":"wp","href":"https:\/\/api.w.org\/{rel}","templated":true}]}}