{"id":76291,"date":"2023-11-29T13:48:28","date_gmt":"2023-11-29T10:48:28","guid":{"rendered":"https:\/\/xstyle.md\/?post_type=product&#038;p=76291"},"modified":"2026-03-19T17:16:05","modified_gmt":"2026-03-19T14:16:05","slug":"gornolyzhnye-botinki-rossignol-pure-70-soft-black","status":"publish","type":"product","link":"https:\/\/dev.xstyle.md\/ro\/produs\/gornolyzhnye-botinki-rossignol-pure-70-soft-black\/","title":{"rendered":"Cl\u0103pari Rossignol Pure 70 Soft Black"},"content":{"rendered":"<\/p>\n<p>Cl\u0103pari <strong>Rossignol Pure 70 Soft Black<\/strong> ofer\u0103 o putere \u0219i o precizie superioare, cu un design personalizabil \u0219i u\u0219or de adaptat la bocanci. Carcasa Sensor Blade este proiectat\u0103 pentru a reduce greutatea \u0219i a transfera eficient puterea direct la schi. Forma de 102 mm pentru femei ofer\u0103 confort pe tot parcursul zilei, \u00een timp ce rigiditatea reglabil\u0103 v\u0103 permite s\u0103 personaliza\u021bi performan\u021ba \u00een func\u021bie de nevoile dvs. \u00cenc\u0103l\u021b\u0103mintea interioar\u0103 izolat\u0103 Wintherm\u00ae este capabil\u0103 s\u0103 se adapteze la piciorul t\u0103u pentru confort \u0219i c\u0103ldur\u0103 superioare.<\/p>\n<h3>Particularit\u0103\u021bi<\/h3>\n<ul>\n<li>Regular Fit. Conceput\u0103 special pentru femei, are o l\u0103\u021bime a formei de 102 mm pentru schi \u0219i recreere pe tot parcursul zilei.<\/li>\n<li>Designul carcasei Sensor Blade reduce greutatea prin transferul eficient al puterii c\u0103tre schi prin partea din fa\u021b\u0103 a ghetei.<\/li>\n<li>Reglarea simpl\u0103 \u00een partea din spate a ghetei ofer\u0103 o gam\u0103 mai larg\u0103 de flexibilitate pentru putere, performan\u021b\u0103 \u0219i confort personalizate.<\/li>\n<li>Man\u0219eta mai scurt\u0103 \u00een form\u0103 de lalea elimin\u0103 presiunea \u00een jurul tibiei \u0219i mu\u0219chilor gambei pentru confort \u0219i performan\u021b\u0103 sporite.<\/li>\n<li>Confort personalizat. \u00cenc\u0103l\u021b\u0103minte adaptabil\u0103 pentru confort \u0219i sus\u021binere sporite<\/li>\n<li>Izola\u021bia Wintherm\u00ae opre\u0219te pierderea de c\u0103ldur\u0103 \u0219i reflect\u0103 c\u0103ldura \u00eenapoi la surs\u0103<\/li>\n<li>Talpa GRIPWALK\u00ae are band\u0103 de rulare din cauciuc \u0219i un v\u00e2rf \u00eenclinat pentru o mi\u0219care de mers mai natural\u0103 \u0219i trac\u021biune sporit\u0103<\/li>\n<\/ul>\n<h3>Caracteristici<\/h3>\n<ul>\n<li>Nivelul schiorului &#8212; \u00eencep\u0103tor<\/li>\n<li>Structur\u0103 &#8212; Pad de 102 mm, canting, reglare rigiditate cu sistem walk\/roll<\/li>\n<li>Caracteristici de construc\u021bie &#8212; 4 clipsuri ALU Micro, curea de alimentare<\/li>\n<li>\u00cenc\u0103l\u021b\u0103minte interioar\u0103 &#8212; CUSTOM T4<\/li>\n<li>\u00cenc\u0103l\u021b\u0103minte exterioar\u0103 &#8212; POLYURETHANE<\/li>\n<li>Leg\u0103tur\u0103 &#8212; aluminiu<\/li>\n<li>Talp\u0103 &#8212; ISO 5355<\/li>\n<li>Indice de flexibilitate &#8212; 70<\/li>\n<li>Model &#8212; femei<\/li>\n<\/ul>\n<h3>Tehnologie<\/h3>\n<ul>\n<li><strong>DEDICATED WOMEN&#8217;S CUFF<\/strong> &#8212; cu o man\u0219et\u0103 superioar\u0103 mai scurt\u0103 \u0219i o form\u0103 de lalea deschis\u0103 pe partea din spate a c\u0103ptu\u0219elii, tibia modelelor de cizme pentru femei se adapteaz\u0103 la forma natural\u0103 a vi\u021beilor unei femei pentru un echilibru, confort \u0219i performan\u021b\u0103 \u00eembun\u0103t\u0103\u021bite.<\/li>\n<li><strong>DUAL CORE TECHNOLOGY<\/strong> &#8212; noua metod\u0103 \u201epower injection\u201d permite ca dou\u0103 materiale plastice diferite s\u0103 fie injectate simultan \u00een matri\u021ba cizmei. Acest proces unic de mono-injec\u021bie ne permite s\u0103 facem cizma mai rigid\u0103 \u00een locul potrivit, mai degrab\u0103 dec\u00e2t peste tot. Acesta este modul \u00een care cre\u0103m construc\u021bia noastr\u0103 dublu stratificat\u0103 \u00een \u00eentreaga carcas\u0103, rezult\u00e2nd o revenire mai vie, un r\u0103spuns \u0219i un control deplin la viraje.<\/li>\n<li id=\"techno_title\" class=\"b5\"><strong>GENERATIVE DESIGN GRID<\/strong> &#8212; o nou\u0103 abordare progresiv\u0103 de proiectare bazat\u0103 pe date care utilizeaz\u0103 puterea software-ului de proiectare generativ\u0103 pentru a crea forma perfect\u0103 a ghetei. Noua noastr\u0103 carcas\u0103 GENERATIVE DESIGN GRID, axat\u0103 pe minimizarea grosimii peretelui exterior al ghetei pentru a reduce greutatea, cresc\u00e2nd \u00een acela\u0219i timp puterea \u0219i suportul, cea mai eficient\u0103 combina\u021bie a acestor parametri.<\/li>\n<li><strong>FLEX ADJUSTMENT<\/strong> ofer\u0103 o gam\u0103 mai larg\u0103 de reglare a rigidit\u0103\u021bii prin intermediul a dou\u0103 \u0219uruburi de pe partea din spate a pantofului.<\/li>\n<li class=\"b5\"><strong>WINTHERM<\/strong> este un izolator termic activ foarte eficient. Membrana de aluminiu respirabil\u0103 \u0219i microporoas\u0103 reflect\u0103 c\u0103ldura \u00eenapoi la surs\u0103, oferind astfel o termoreglare excelent\u0103 \u0219i un confort ridicat chiar \u0219i \u00een cele mai solicitante condi\u021bii.<\/li>\n<li><strong>Flex Index<\/strong> &#8212; unul dintre principalii parametri care caracterizeaz\u0103 rigiditatea pantofului. Cu c\u00e2t rigiditatea este mai mic\u0103, cu at\u00e2t antrenamentul este mai confortabil \u0219i mai u\u0219or.<\/li>\n<li><strong>ISO 5355<\/strong> &#8212; talpa standard a bocancilor de schi universali, este absolut plat\u0103, iar \u00een\u0103l\u021bimea sa este de 19\u00b11 mm.<\/li>\n<\/ul>\n<h3>Marca<\/h3>\n<p>Acum mai bine de 100 de ani, \u00een 1907, \u00een Voiron, l\u00e2ng\u0103 Grenoble (Fran\u021ba), t\u00e2mplarul Abel Rossignol a creat o mic\u0103 companie specializat\u0103 \u00een produc\u021bia de produse din lemn pentru industria textil\u0103. Chiar \u0219i la acea vreme, Abel Rossignol se g\u00e2ndea deja cum s\u0103 produc\u0103 propriile schiuri din lemn. Patru ani mai t\u00e2rziu, prima pereche de schiuri a v\u0103zut lumina zilei.<\/p>\n<p>Deja \u00een 1911, dup\u0103 o expedi\u021bie \u00een Scandinavia, \u00een cadrul companiei a fost \u00eenfiin\u021bat un departament dedicat exclusiv schiurilor. Ast\u0103zi, Rossignol combin\u0103 mai multe m\u0103rci: Rossignol, Dynastar, Lange \u0219i Risport, \u0219i ofer\u0103 o gam\u0103 complet\u0103 de echipamente pentru sporturile de iarn\u0103 &#8212; toate pentru cei \u00eendr\u0103gosti\u021bi de sport.<\/p>\n<p>[\/trp_language<\/p>","protected":false},"excerpt":{"rendered":"<p>Cl\u0103pari Rossignol Pure 70 Soft Black ofer\u0103 o putere \u0219i o precizie superioare, cu un design personalizabil \u0219i u\u0219or de<\/p>","protected":false},"featured_media":76780,"comment_status":"open","ping_status":"closed","template":"","meta":{"_acf_changed":false,"inline_featured_image":false},"product_brand":[1320],"product_cat":[353],"product_tag":[],"class_list":{"0":"post-76291","1":"product","2":"type-product","3":"status-publish","4":"has-post-thumbnail","6":"product_brand-rossignol","7":"product_cat-ski-boots","9":"first","10":"instock","11":"shipping-taxable","12":"purchasable","13":"product-type-simple"},"acf":[],"yoast_head":"<!-- This site is optimized with the Yoast SEO plugin v27.6 - https:\/\/yoast.com\/product\/yoast-seo-wordpress\/ -->\n<title>\u0413\u043e\u0440\u043d\u043e\u043b\u044b\u0436\u043d\u044b\u0435 \u0431\u043e\u0442\u0438\u043d\u043a\u0438 Rossignol Pure 70 Soft Black - \u041c\u0430\u0433\u0430\u0437\u0438\u043d Xstyle<\/title>\n<meta name=\"description\" content=\"\u0413\u043e\u0440\u043d\u043e\u043b\u044b\u0436\u043d\u044b\u0435 \u0431\u043e\u0442\u0438\u043d\u043a\u0438 Rossignol Pure 70 Soft Black \u043e\u0431\u0435\u0441\u043f\u0435\u0447\u0438\u0432\u0430\u044e\u0442 \u043a\u043e\u043c\u0444\u043e\u0440\u0442 \u0438 \u043f\u043e\u0434\u0434\u0435\u0440\u0436\u043a\u0443 \u0431\u043b\u0430\u0433\u043e\u0434\u0430\u0440\u044f \u0442\u0435\u0445\u043d\u043e\u043b\u043e\u0433\u0438\u0438 Wintherm \u0438 \u0433\u0438\u0431\u043a\u043e\u0441\u0442\u0438 70. \u0418\u0434\u0435\u0430\u043b\u044c\u043d\u044b \u0434\u043b\u044f \u0436\u0435\u043d\u0449\u0438\u043d!\" \/>\n<meta name=\"robots\" content=\"noindex, follow, max-snippet:-1, max-image-preview:large, max-video-preview:-1\" \/>\n<meta property=\"og:locale\" content=\"ro_RO\" \/>\n<meta property=\"og:type\" content=\"article\" \/>\n<meta property=\"og:title\" content=\"\u0413\u043e\u0440\u043d\u043e\u043b\u044b\u0436\u043d\u044b\u0435 \u0431\u043e\u0442\u0438\u043d\u043a\u0438 Rossignol Pure 70 Soft Black - \u041c\u0430\u0433\u0430\u0437\u0438\u043d Xstyle\" \/>\n<meta property=\"og:description\" content=\"\u0413\u043e\u0440\u043d\u043e\u043b\u044b\u0436\u043d\u044b\u0435 \u0431\u043e\u0442\u0438\u043d\u043a\u0438 Rossignol Pure 70 Soft Black \u043e\u0431\u0435\u0441\u043f\u0435\u0447\u0438\u0432\u0430\u044e\u0442 \u043a\u043e\u043c\u0444\u043e\u0440\u0442 \u0438 \u043f\u043e\u0434\u0434\u0435\u0440\u0436\u043a\u0443 \u0431\u043b\u0430\u0433\u043e\u0434\u0430\u0440\u044f \u0442\u0435\u0445\u043d\u043e\u043b\u043e\u0433\u0438\u0438 Wintherm \u0438 \u0433\u0438\u0431\u043a\u043e\u0441\u0442\u0438 70. \u0418\u0434\u0435\u0430\u043b\u044c\u043d\u044b \u0434\u043b\u044f \u0436\u0435\u043d\u0449\u0438\u043d!\" \/>\n<meta property=\"og:url\" content=\"https:\/\/dev.xstyle.md\/ro\/produs\/gornolyzhnye-botinki-rossignol-pure-70-soft-black\/\" \/>\n<meta property=\"og:site_name\" content=\"\u041c\u0430\u0433\u0430\u0437\u0438\u043d Xstyle\" \/>\n<meta property=\"article:publisher\" content=\"https:\/\/www.facebook.com\/xstylemd\" \/>\n<meta property=\"article:modified_time\" content=\"2026-03-19T14:16:05+00:00\" \/>\n<meta property=\"og:image\" content=\"https:\/\/dev.xstyle.md\/wp-content\/uploads\/2023\/11\/rossignol-pure-70-soft-black.jpg\" \/>\n\t<meta property=\"og:image:width\" content=\"500\" \/>\n\t<meta property=\"og:image:height\" content=\"500\" \/>\n\t<meta property=\"og:image:type\" content=\"image\/jpeg\" \/>\n<meta name=\"twitter:card\" content=\"summary_large_image\" \/>\n<meta name=\"twitter:label1\" content=\"Pre\u021b\" \/>\n\t<meta name=\"twitter:data1\" content=\"6.390,00&nbsp;MDL\" \/>\n\t<meta name=\"twitter:label2\" content=\"Disponibilitate\" \/>\n\t<meta name=\"twitter:data2\" content=\"\u00cen stoc\" \/>\n<script type=\"application\/ld+json\" class=\"yoast-schema-graph\">{\"@context\":\"https:\\\/\\\/schema.org\",\"@graph\":[{\"@type\":\"WebPage\",\"@id\":\"https:\\\/\\\/dev.xstyle.md\\\/product\\\/gornolyzhnye-botinki-rossignol-pure-70-soft-black\\\/\",\"url\":\"https:\\\/\\\/dev.xstyle.md\\\/product\\\/gornolyzhnye-botinki-rossignol-pure-70-soft-black\\\/\",\"name\":\"\u0413\u043e\u0440\u043d\u043e\u043b\u044b\u0436\u043d\u044b\u0435 \u0431\u043e\u0442\u0438\u043d\u043a\u0438 Rossignol Pure 70 Soft Black - \u041c\u0430\u0433\u0430\u0437\u0438\u043d Xstyle\",\"isPartOf\":{\"@id\":\"https:\\\/\\\/dev.xstyle.md\\\/#website\"},\"primaryImageOfPage\":{\"@id\":\"https:\\\/\\\/dev.xstyle.md\\\/product\\\/gornolyzhnye-botinki-rossignol-pure-70-soft-black\\\/#primaryimage\"},\"image\":{\"@id\":\"https:\\\/\\\/dev.xstyle.md\\\/product\\\/gornolyzhnye-botinki-rossignol-pure-70-soft-black\\\/#primaryimage\"},\"thumbnailUrl\":\"https:\\\/\\\/dev.xstyle.md\\\/wp-content\\\/uploads\\\/2023\\\/11\\\/rossignol-pure-70-soft-black.jpg\",\"datePublished\":\"2023-11-29T10:48:28+00:00\",\"dateModified\":\"2026-03-19T14:16:05+00:00\",\"description\":\"\u0413\u043e\u0440\u043d\u043e\u043b\u044b\u0436\u043d\u044b\u0435 \u0431\u043e\u0442\u0438\u043d\u043a\u0438 Rossignol Pure 70 Soft Black \u043e\u0431\u0435\u0441\u043f\u0435\u0447\u0438\u0432\u0430\u044e\u0442 \u043a\u043e\u043c\u0444\u043e\u0440\u0442 \u0438 \u043f\u043e\u0434\u0434\u0435\u0440\u0436\u043a\u0443 \u0431\u043b\u0430\u0433\u043e\u0434\u0430\u0440\u044f \u0442\u0435\u0445\u043d\u043e\u043b\u043e\u0433\u0438\u0438 Wintherm \u0438 \u0433\u0438\u0431\u043a\u043e\u0441\u0442\u0438 70. \u0418\u0434\u0435\u0430\u043b\u044c\u043d\u044b \u0434\u043b\u044f \u0436\u0435\u043d\u0449\u0438\u043d!\",\"breadcrumb\":{\"@id\":\"https:\\\/\\\/dev.xstyle.md\\\/product\\\/gornolyzhnye-botinki-rossignol-pure-70-soft-black\\\/#breadcrumb\"},\"inLanguage\":\"ro-RO\",\"potentialAction\":[{\"@type\":\"ReadAction\",\"target\":[\"https:\\\/\\\/dev.xstyle.md\\\/product\\\/gornolyzhnye-botinki-rossignol-pure-70-soft-black\\\/\"]}]},{\"@type\":\"ImageObject\",\"inLanguage\":\"ro-RO\",\"@id\":\"https:\\\/\\\/dev.xstyle.md\\\/product\\\/gornolyzhnye-botinki-rossignol-pure-70-soft-black\\\/#primaryimage\",\"url\":\"https:\\\/\\\/dev.xstyle.md\\\/wp-content\\\/uploads\\\/2023\\\/11\\\/rossignol-pure-70-soft-black.jpg\",\"contentUrl\":\"https:\\\/\\\/dev.xstyle.md\\\/wp-content\\\/uploads\\\/2023\\\/11\\\/rossignol-pure-70-soft-black.jpg\",\"width\":500,\"height\":500,\"caption\":\"\u0422\u0435\u043f\u043b\u044b\u0435 \u0433\u043e\u0440\u043d\u043e\u043b\u044b\u0436\u043d\u044b\u0435 \u0431\u043e\u0442\u0438\u043d\u043a\u0438 Rossignol Pure 70 Soft \u0447\u0435\u0440\u043d\u044b\u0435 \u0434\u043b\u044f \u0430\u043a\u0442\u0438\u0432\u043d\u043e\u0433\u043e \u043e\u0442\u0434\u044b\u0445\u0430 \u043b\u044b\u0436\u043d\u0438\u043a\u043e\u0432, \u0441\u043d\u0430\u0440\u044f\u0436\u0435\u043d\u0438\u0435 \u0434\u043b\u044f \u0437\u0438\u043c\u043d\u0438\u0445 \u043f\u043e\u0445\u043e\u0434\u043e\u0432 \u0438 \u043f\u0443\u0442\u0435\u0448\u0435\u0441\u0442\u0432\u0438\u0439, \u0441\u043f\u043e\u0440\u0442\u0438\u0432\u043d\u0430\u044f \u043e\u0431\u0443\u0432\u044c \u0434\u043b\u044f \u0441\u043d\u043e\u0443\u0431\u043e\u0440\u0434\u0430 \u0438 \u0433\u043e\u0440\u043d\u044b\u0445 \u043f\u0440\u0438\u043a\u043b\u044e\u0447\u0435\u043d\u0438\u0439 \u0432 \u043e\u043d\u043b\u0430\u0439\u043d \u043c\u0430\u0433\u0430\u0437\u0438\u043d\u0435\"},{\"@type\":\"BreadcrumbList\",\"@id\":\"https:\\\/\\\/dev.xstyle.md\\\/product\\\/gornolyzhnye-botinki-rossignol-pure-70-soft-black\\\/#breadcrumb\",\"itemListElement\":[{\"@type\":\"ListItem\",\"position\":1,\"name\":\"\u0413\u043b\u0430\u0432\u043d\u0430\u044f \u0441\u0442\u0440\u0430\u043d\u0438\u0446\u0430\",\"item\":\"https:\\\/\\\/dev.xstyle.md\\\/\"},{\"@type\":\"ListItem\",\"position\":2,\"name\":\"Shop\",\"item\":\"https:\\\/\\\/dev.xstyle.md\\\/shop\\\/\"},{\"@type\":\"ListItem\",\"position\":3,\"name\":\"\u0413\u043e\u0440\u043d\u043e\u043b\u044b\u0436\u043d\u044b\u0435 \u0431\u043e\u0442\u0438\u043d\u043a\u0438 Rossignol Pure 70 Soft Black\"}]},{\"@type\":\"WebSite\",\"@id\":\"https:\\\/\\\/dev.xstyle.md\\\/#website\",\"url\":\"https:\\\/\\\/dev.xstyle.md\\\/\",\"name\":\"\u041c\u0430\u0433\u0430\u0437\u0438\u043d Xstyle\",\"description\":\"C\u043d\u0430\u0440\u044f\u0436\u0435\u043d\u0438\u0435 \u0434\u043b\u044f \u0442\u0443\u0440\u0438\u0437\u043c\u0430 \u0438 \u044d\u043a\u0441\u0442\u0440\u0435\u043c\u0430\u043b\u044c\u043d\u044b\u0445 \u0432\u0438\u0434\u043e\u0432 \u0441\u043f\u043e\u0440\u0442\u0430 \u0432 \u041c\u043e\u043b\u0434\u043e\u0432\u0435.. \u0426\u0435\u043d\u044b, \u0444\u043e\u0442\u043e, \u0445\u0430\u0440\u0430\u043a\u0442\u0435\u0440\u0438\u0441\u0442\u0438\u043a\u0438 \u0432 \u041c\u043e\u043b\u0434\u043e\u0432\u0435.\",\"publisher\":{\"@id\":\"https:\\\/\\\/dev.xstyle.md\\\/#organization\"},\"alternateName\":\"X-Style\",\"potentialAction\":[{\"@type\":\"SearchAction\",\"target\":{\"@type\":\"EntryPoint\",\"urlTemplate\":\"https:\\\/\\\/dev.xstyle.md\\\/?s={search_term_string}\"},\"query-input\":{\"@type\":\"PropertyValueSpecification\",\"valueRequired\":true,\"valueName\":\"search_term_string\"}}],\"inLanguage\":\"ro-RO\"},{\"@type\":\"Organization\",\"@id\":\"https:\\\/\\\/dev.xstyle.md\\\/#organization\",\"name\":\"\u041c\u0430\u0433\u0430\u0437\u0438\u043d Xstyle\",\"alternateName\":\"x-style\",\"url\":\"https:\\\/\\\/dev.xstyle.md\\\/\",\"logo\":{\"@type\":\"ImageObject\",\"inLanguage\":\"ro-RO\",\"@id\":\"https:\\\/\\\/dev.xstyle.md\\\/#\\\/schema\\\/logo\\\/image\\\/\",\"url\":\"https:\\\/\\\/dev.xstyle.md\\\/wp-content\\\/uploads\\\/2020\\\/06\\\/logoicon.svg\",\"contentUrl\":\"https:\\\/\\\/dev.xstyle.md\\\/wp-content\\\/uploads\\\/2020\\\/06\\\/logoicon.svg\",\"caption\":\"\u041c\u0430\u0433\u0430\u0437\u0438\u043d Xstyle\"},\"image\":{\"@id\":\"https:\\\/\\\/dev.xstyle.md\\\/#\\\/schema\\\/logo\\\/image\\\/\"},\"sameAs\":[\"https:\\\/\\\/www.facebook.com\\\/xstylemd\",\"https:\\\/\\\/www.instagram.com\\\/xstyle_md\\\/\",\"https:\\\/\\\/t.me\\\/xstyle_outdoor\"],\"hasMerchantReturnPolicy\":{\"@type\":\"MerchantReturnPolicy\",\"merchantReturnLink\":\"https:\\\/\\\/dev.xstyle.md\\\/ro\\\/conditions\\\/\"}}]}<\/script>\n<meta property=\"product:price:amount\" content=\"6390.00\" \/>\n<meta property=\"product:price:currency\" content=\"MDL\" \/>\n<meta property=\"og:availability\" content=\"instock\" \/>\n<meta property=\"product:availability\" content=\"instock\" \/>\n<meta property=\"product:retailer_item_id\" content=\"3607684103040\" \/>\n<meta property=\"product:condition\" content=\"new\" \/>\n<!-- \/ Yoast SEO plugin. -->","yoast_head_json":{"title":"Cl\u0103pari Rossignol Pure 70 Soft Black - Magazin Xstyle","description":"Ghete de schi Rossignol Pure 70 Soft Black ofer\u0103 confort \u0219i suport datorit\u0103 tehnologiei Wintherm \u0219i flexibilit\u0103\u021bii de 70. Sunt ideale pentru femei!","robots":{"index":"noindex","follow":"follow","max-snippet":"max-snippet:-1","max-image-preview":"max-image-preview:large","max-video-preview":"max-video-preview:-1"},"og_locale":"ro_RO","og_type":"article","og_title":"\u0413\u043e\u0440\u043d\u043e\u043b\u044b\u0436\u043d\u044b\u0435 \u0431\u043e\u0442\u0438\u043d\u043a\u0438 Rossignol Pure 70 Soft Black - \u041c\u0430\u0433\u0430\u0437\u0438\u043d Xstyle","og_description":"\u0413\u043e\u0440\u043d\u043e\u043b\u044b\u0436\u043d\u044b\u0435 \u0431\u043e\u0442\u0438\u043d\u043a\u0438 Rossignol Pure 70 Soft Black \u043e\u0431\u0435\u0441\u043f\u0435\u0447\u0438\u0432\u0430\u044e\u0442 \u043a\u043e\u043c\u0444\u043e\u0440\u0442 \u0438 \u043f\u043e\u0434\u0434\u0435\u0440\u0436\u043a\u0443 \u0431\u043b\u0430\u0433\u043e\u0434\u0430\u0440\u044f \u0442\u0435\u0445\u043d\u043e\u043b\u043e\u0433\u0438\u0438 Wintherm \u0438 \u0433\u0438\u0431\u043a\u043e\u0441\u0442\u0438 70. \u0418\u0434\u0435\u0430\u043b\u044c\u043d\u044b \u0434\u043b\u044f \u0436\u0435\u043d\u0449\u0438\u043d!","og_url":"https:\/\/dev.xstyle.md\/ro\/produs\/gornolyzhnye-botinki-rossignol-pure-70-soft-black\/","og_site_name":"\u041c\u0430\u0433\u0430\u0437\u0438\u043d Xstyle","article_publisher":"https:\/\/www.facebook.com\/xstylemd","article_modified_time":"2026-03-19T14:16:05+00:00","og_image":[{"width":500,"height":500,"url":"https:\/\/dev.xstyle.md\/wp-content\/uploads\/2023\/11\/rossignol-pure-70-soft-black.jpg","type":"image\/jpeg"}],"twitter_card":"summary_large_image","twitter_misc":{"Pre\u021b":"6.390,00&nbsp;MDL","Disponibilitate":"\u00cen stoc"},"schema":{"@context":"https:\/\/schema.org","@graph":[{"@type":"WebPage","@id":"https:\/\/dev.xstyle.md\/product\/gornolyzhnye-botinki-rossignol-pure-70-soft-black\/","url":"https:\/\/dev.xstyle.md\/product\/gornolyzhnye-botinki-rossignol-pure-70-soft-black\/","name":"Cl\u0103pari Rossignol Pure 70 Soft Black - Magazin Xstyle","isPartOf":{"@id":"https:\/\/dev.xstyle.md\/#website"},"primaryImageOfPage":{"@id":"https:\/\/dev.xstyle.md\/product\/gornolyzhnye-botinki-rossignol-pure-70-soft-black\/#primaryimage"},"image":{"@id":"https:\/\/dev.xstyle.md\/product\/gornolyzhnye-botinki-rossignol-pure-70-soft-black\/#primaryimage"},"thumbnailUrl":"https:\/\/dev.xstyle.md\/wp-content\/uploads\/2023\/11\/rossignol-pure-70-soft-black.jpg","datePublished":"2023-11-29T10:48:28+00:00","dateModified":"2026-03-19T14:16:05+00:00","description":"Ghete de schi Rossignol Pure 70 Soft Black ofer\u0103 confort \u0219i suport datorit\u0103 tehnologiei Wintherm \u0219i flexibilit\u0103\u021bii de 70. Sunt ideale pentru femei!","breadcrumb":{"@id":"https:\/\/dev.xstyle.md\/product\/gornolyzhnye-botinki-rossignol-pure-70-soft-black\/#breadcrumb"},"inLanguage":"ro-RO","potentialAction":[{"@type":"ReadAction","target":["https:\/\/dev.xstyle.md\/product\/gornolyzhnye-botinki-rossignol-pure-70-soft-black\/"]}]},{"@type":"ImageObject","inLanguage":"ro-RO","@id":"https:\/\/dev.xstyle.md\/product\/gornolyzhnye-botinki-rossignol-pure-70-soft-black\/#primaryimage","url":"https:\/\/dev.xstyle.md\/wp-content\/uploads\/2023\/11\/rossignol-pure-70-soft-black.jpg","contentUrl":"https:\/\/dev.xstyle.md\/wp-content\/uploads\/2023\/11\/rossignol-pure-70-soft-black.jpg","width":500,"height":500,"caption":"\u0422\u0435\u043f\u043b\u044b\u0435 \u0433\u043e\u0440\u043d\u043e\u043b\u044b\u0436\u043d\u044b\u0435 \u0431\u043e\u0442\u0438\u043d\u043a\u0438 Rossignol Pure 70 Soft \u0447\u0435\u0440\u043d\u044b\u0435 \u0434\u043b\u044f \u0430\u043a\u0442\u0438\u0432\u043d\u043e\u0433\u043e \u043e\u0442\u0434\u044b\u0445\u0430 \u043b\u044b\u0436\u043d\u0438\u043a\u043e\u0432, \u0441\u043d\u0430\u0440\u044f\u0436\u0435\u043d\u0438\u0435 \u0434\u043b\u044f \u0437\u0438\u043c\u043d\u0438\u0445 \u043f\u043e\u0445\u043e\u0434\u043e\u0432 \u0438 \u043f\u0443\u0442\u0435\u0448\u0435\u0441\u0442\u0432\u0438\u0439, \u0441\u043f\u043e\u0440\u0442\u0438\u0432\u043d\u0430\u044f \u043e\u0431\u0443\u0432\u044c \u0434\u043b\u044f \u0441\u043d\u043e\u0443\u0431\u043e\u0440\u0434\u0430 \u0438 \u0433\u043e\u0440\u043d\u044b\u0445 \u043f\u0440\u0438\u043a\u043b\u044e\u0447\u0435\u043d\u0438\u0439 \u0432 \u043e\u043d\u043b\u0430\u0439\u043d \u043c\u0430\u0433\u0430\u0437\u0438\u043d\u0435"},{"@type":"BreadcrumbList","@id":"https:\/\/dev.xstyle.md\/product\/gornolyzhnye-botinki-rossignol-pure-70-soft-black\/#breadcrumb","itemListElement":[{"@type":"ListItem","position":1,"name":"\u0413\u043b\u0430\u0432\u043d\u0430\u044f \u0441\u0442\u0440\u0430\u043d\u0438\u0446\u0430","item":"https:\/\/dev.xstyle.md\/"},{"@type":"ListItem","position":2,"name":"Shop","item":"https:\/\/dev.xstyle.md\/shop\/"},{"@type":"ListItem","position":3,"name":"\u0413\u043e\u0440\u043d\u043e\u043b\u044b\u0436\u043d\u044b\u0435 \u0431\u043e\u0442\u0438\u043d\u043a\u0438 Rossignol Pure 70 Soft Black"}]},{"@type":"WebSite","@id":"https:\/\/dev.xstyle.md\/#website","url":"https:\/\/dev.xstyle.md\/","name":"Magazinul X-Style","description":"Echipamente pentru turism \u0219i sporturi extreme \u00een Moldova. Pre\u021buri, fotografii, caracteristici \u00een Moldova.","publisher":{"@id":"https:\/\/dev.xstyle.md\/#organization"},"alternateName":"X-Style","potentialAction":[{"@type":"SearchAction","target":{"@type":"EntryPoint","urlTemplate":"https:\/\/dev.xstyle.md\/?s={search_term_string}"},"query-input":{"@type":"PropertyValueSpecification","valueRequired":true,"valueName":"search_term_string"}}],"inLanguage":"ro-RO"},{"@type":"Organization","@id":"https:\/\/dev.xstyle.md\/#organization","name":"Magazinul X-Style","alternateName":"x-style","url":"https:\/\/dev.xstyle.md\/","logo":{"@type":"ImageObject","inLanguage":"ro-RO","@id":"https:\/\/dev.xstyle.md\/#\/schema\/logo\/image\/","url":"https:\/\/dev.xstyle.md\/wp-content\/uploads\/2020\/06\/logoicon.svg","contentUrl":"https:\/\/dev.xstyle.md\/wp-content\/uploads\/2020\/06\/logoicon.svg","caption":"\u041c\u0430\u0433\u0430\u0437\u0438\u043d Xstyle"},"image":{"@id":"https:\/\/dev.xstyle.md\/#\/schema\/logo\/image\/"},"sameAs":["https:\/\/www.facebook.com\/xstylemd","https:\/\/www.instagram.com\/xstyle_md\/","https:\/\/t.me\/xstyle_outdoor"],"hasMerchantReturnPolicy":{"@type":"MerchantReturnPolicy","merchantReturnLink":"https:\/\/dev.xstyle.md\/ro\/conditions\/"}}]},"product_price_amount":"6390.00","product_price_currency":"MDL","og_availability":"instock","product_availability":"instock","product_retailer_item_id":"3607684103040","product_condition":"new"},"post_mailing_queue_ids":[],"_links":{"self":[{"href":"https:\/\/dev.xstyle.md\/ro\/wp-json\/wp\/v2\/product\/76291","targetHints":{"allow":["GET"]}}],"collection":[{"href":"https:\/\/dev.xstyle.md\/ro\/wp-json\/wp\/v2\/product"}],"about":[{"href":"https:\/\/dev.xstyle.md\/ro\/wp-json\/wp\/v2\/types\/product"}],"replies":[{"embeddable":true,"href":"https:\/\/dev.xstyle.md\/ro\/wp-json\/wp\/v2\/comments?post=76291"}],"version-history":[{"count":0,"href":"https:\/\/dev.xstyle.md\/ro\/wp-json\/wp\/v2\/product\/76291\/revisions"}],"wp:featuredmedia":[{"embeddable":true,"href":"https:\/\/dev.xstyle.md\/ro\/wp-json\/wp\/v2\/media\/76780"}],"wp:attachment":[{"href":"https:\/\/dev.xstyle.md\/ro\/wp-json\/wp\/v2\/media?parent=76291"}],"wp:term":[{"taxonomy":"product_brand","embeddable":true,"href":"https:\/\/dev.xstyle.md\/ro\/wp-json\/wp\/v2\/product_brand?post=76291"},{"taxonomy":"product_cat","embeddable":true,"href":"https:\/\/dev.xstyle.md\/ro\/wp-json\/wp\/v2\/product_cat?post=76291"},{"taxonomy":"product_tag","embeddable":true,"href":"https:\/\/dev.xstyle.md\/ro\/wp-json\/wp\/v2\/product_tag?post=76291"}],"curies":[{"name":"wp","href":"https:\/\/api.w.org\/{rel}","templated":true}]}}