{"id":76065,"date":"2023-11-25T12:28:24","date_gmt":"2023-11-25T09:28:24","guid":{"rendered":"https:\/\/xstyle.md\/?post_type=product&#038;p=76065"},"modified":"2026-02-21T19:14:10","modified_gmt":"2026-02-21T16:14:10","slug":"termokruzhka-contigo-luxe-autoseal-cornflower-360ml","status":"publish","type":"product","link":"https:\/\/xstyle.md\/ro\/produs\/termokruzhka-contigo-luxe-autoseal-cornflower-360ml\/","title":{"rendered":"Can\u0103 termic\u0103 Contigo Luxe Autoseal 360ml Cornflower"},"content":{"rendered":"<p><\/p>\n<p><strong>\u0421an\u0103 termic\u0103 Contigo Luxe Autoseal 360ml Cornflower<\/strong> &#8212; cu izola\u021bie prin vid men\u021bine b\u0103uturile calde p\u00e2n\u0103 la 5 ore \u0219i reci p\u00e2n\u0103 la 12 ore. Modelul Luxe este un reprezentant de seam\u0103 al noii serii premium de c\u0103ni termice de la Contigo.<\/p>\n<h3>Particularit\u0103\u021bi<\/h3>\n<ul>\n<li>Garan\u021bie de siguran\u021b\u0103 100% &#8212; datorit\u0103 tehnologiei brevetate AUTOSEAL\u00ae<\/li>\n<li>Utilizare confortabil\u0103 -se poate bea cu u\u0219urin\u021b\u0103 prin ap\u0103sarea butonului cu o singur\u0103 m\u00e2n\u0103<\/li>\n<li>Igien\u0103 sporit\u0103 &#8212; mecanismul capacului este demontabil pentru o sp\u0103lare temeinic\u0103<\/li>\n<li>Durabilitate &#8212; \u00eenveli\u0219 exterior din email de \u00eenalt\u0103 rezisten\u021b\u0103 \u2014 at\u00e2t capacul, c\u00e2t \u0219i corpul c\u0103nii pot fi sp\u0103late \u00een ma\u0219ina de sp\u0103lat vase<\/li>\n<li>Protec\u021bie suplimentar\u0103 &#8212; dispune de un sistem de blocare \u00eempotriva ap\u0103s\u0103rii accidentale a butonului<\/li>\n<li>Eficien\u021b\u0103 termic\u0103 &#8212; pere\u021bii dubli men\u021bin con\u021binutul cald p\u00e2n\u0103 la 5 ore \u0219i rece p\u00e2n\u0103 la 12 ore<\/li>\n<\/ul>\n<h3>Caracteristici<\/h3>\n<ul>\n<li>Volum &#8212; 360 ml<\/li>\n<li>Dimensiuni &#8212; 6.5 x 18 cm<\/li>\n<li>Material - o\u021bel inoxidabil<\/li>\n<li>Etan\u0219eitate &#8212; 100% ermetic\u0103<\/li>\n<li>Siguran\u021b\u0103 &#8212; F\u0103r\u0103 BPA (BPA-free)<\/li>\n<\/ul>\n<h3>Tehnologii<\/h3>\n<ul>\n<li><strong>AUTOSEAL<\/strong>\u00ae &#8212; aceast\u0103 tehnologie ofer\u0103 posibilitatea de a gestiona cana simplu \u0219i comod cu o singur\u0103 m\u00e2n\u0103: nu este nevoie s\u0103 scoate\u021bi capacul sau s\u0103 deschide\u021bi manual orificiul de b\u0103ut. Pur \u0219i simplu ap\u0103sa\u021bi butonul Autoseal\u00ae pentru a lua o \u00eenghi\u021bitur\u0103 \u0219i elibera\u021bi-l pentru ca recipientul s\u0103 se \u00eenchid\u0103 automat.<\/li>\n<li><strong>BPA<\/strong> &#8212; este un compus chimic d\u0103un\u0103tor utilizat adesea \u00een produsele din plastic. Aceast\u0103 can\u0103 termic\u0103 poart\u0103 marcajul BPA free, ceea ce atest\u0103 faptul c\u0103 nu s-a utilizat bisfenol-A \u00een fabricarea sa, garant\u00e2nd siguran\u021ba deplin\u0103 pentru s\u0103n\u0103tate.<\/li>\n<\/ul>\n<p><\/p>\n<h3>Marca<\/h3>\n<p>Contigo  -  este un lider mondial \u00een produc\u021bia de c\u0103ni termice, sticle de ap\u0103 \u0219i termosuri, fiind recunoscut pentru inova\u021biile sale brevetate, precum tehnologiile Autoseal \u0219i Autospout. Brandul se concentreaz\u0103 pe solu\u021bii inteligente pentru un stil de via\u021b\u0103 activ, oferind produse 100% etan\u0219e, care pot fi utilizate cu o singur\u0103 m\u00e2n\u0103 \u00een timpul condusului sau la antrenamente. Designul modern \u0219i capacitatea excelent\u0103 de men\u021binere a temperaturii fac din Contigo alegerea preferat\u0103 pentru cei care apreciaz\u0103 confortul \u0219i calitatea \u00een mi\u0219care.<\/p>","protected":false},"excerpt":{"rendered":"<p>\u0411\u0440\u0435\u043d\u0434 Contigo \u2014 \u044d\u0442\u043e \u043c\u0438\u0440\u043e\u0432\u043e\u0439 \u043b\u0438\u0434\u0435\u0440 \u0432 \u043f\u0440\u043e\u0438\u0437\u0432\u043e\u0434\u0441\u0442\u0432\u0435 \u0442\u0435\u0440\u043c\u043e\u043a\u0440\u0443\u0436\u0435\u043a, \u0441\u043f\u043e\u0440\u0442\u0438\u0432\u043d\u044b\u0445 \u0431\u0443\u0442\u044b\u043b\u043e\u043a \u0434\u043b\u044f \u0432\u043e\u0434\u044b \u0438 \u0442\u0435\u0440\u043c\u043e\u0441\u043e\u0432, \u0438\u0437\u0432\u0435\u0441\u0442\u043d\u044b\u0439 \u0441\u0432\u043e\u0438\u043c\u0438 \u0437\u0430\u043f\u0430\u0442\u0435\u043d\u0442\u043e\u0432\u0430\u043d\u043d\u044b\u043c\u0438 \u0442\u0435\u0445\u043d\u043e\u043b\u043e\u0433\u0438\u044f\u043c\u0438, \u0442\u0430\u043a\u0438\u043c\u0438 \u043a\u0430\u043a Autoseal \u0438 Autospout. \u0411\u0440\u0435\u043d\u0434 \u0434\u0435\u043b\u0430\u0435\u0442 \u0441\u0442\u0430\u0432\u043a\u0443 \u043d\u0430 \u0438\u043d\u043d\u043e\u0432\u0430\u0446\u0438\u043e\u043d\u043d\u044b\u0435 \u0440\u0435\u0448\u0435\u043d\u0438\u044f \u0434\u043b\u044f \u0430\u043a\u0442\u0438\u0432\u043d\u043e\u0433\u043e \u043e\u0431\u0440\u0430\u0437\u0430 \u0436\u0438\u0437\u043d\u0438, \u0441\u043e\u0437\u0434\u0430\u0432\u0430\u044f \u043d\u0430 100% \u0433\u0435\u0440\u043c\u0435\u0442\u0438\u0447\u043d\u044b\u0435 \u0438\u0437\u0434\u0435\u043b\u0438\u044f, \u043a\u043e\u0442\u043e\u0440\u044b\u043c\u0438 \u0443\u0434\u043e\u0431\u043d\u043e \u043f\u043e\u043b\u044c\u0437\u043e\u0432\u0430\u0442\u044c\u0441\u044f \u043e\u0434\u043d\u043e\u0439 \u0440\u0443\u043a\u043e\u0439 \u0434\u0430\u0436\u0435 \u0437\u0430 \u0440\u0443\u043b\u0435\u043c \u0438\u043b\u0438 \u0432\u043e \u0432\u0440\u0435\u043c\u044f \u0442\u0440\u0435\u043d\u0438\u0440\u043e\u0432\u043a\u0438. \u0421\u043e\u0432\u0440\u0435\u043c\u0435\u043d\u043d\u044b\u0439 \u0434\u0438\u0437\u0430\u0439\u043d \u0438 \u043f\u0440\u0435\u0432\u043e\u0441\u0445\u043e\u0434\u043d\u044b\u0435 [&hellip;]<\/p>\n","protected":false},"featured_media":76107,"comment_status":"open","ping_status":"closed","template":"","meta":{"_acf_changed":false,"inline_featured_image":false},"product_brand":[1374],"product_cat":[874],"product_tag":[],"class_list":{"0":"post-76065","1":"product","2":"type-product","3":"status-publish","4":"has-post-thumbnail","6":"product_brand-contigo","7":"product_cat-thermo-mug","9":"first","10":"instock","11":"shipping-taxable","12":"purchasable","13":"product-type-simple"},"acf":[],"yoast_head":"<!-- This site is optimized with the Yoast SEO plugin v27.4 - https:\/\/yoast.com\/product\/yoast-seo-wordpress\/ -->\n<title>\u0422\u0435\u0440\u043c\u043e\u043a\u0440\u0443\u0436\u043a\u0430 Contigo Luxe Autoseal 360ml Cornflower - \u041c\u0430\u0433\u0430\u0437\u0438\u043d Xstyle<\/title>\n<meta name=\"description\" content=\"\u041a\u0443\u043f\u0438\u0442\u0435 \u0442\u0435\u0440\u043c\u043e\u043a\u0440\u0443\u0436\u043a\u0443 Contigo Luxe Autoseal Cornflower 360ml. \u041e\u0431\u0435\u0441\u043f\u0435\u0447\u044c\u0442\u0435 \u0442\u0435\u043f\u043b\u043e \u043d\u0430\u043f\u0438\u0442\u043a\u043e\u0432, \u0431\u043b\u0430\u0433\u043e\u0434\u0430\u0440\u044f \u0442\u0435\u0445\u043d\u043e\u043b\u043e\u0433\u0438\u0438 AUTOSEAL \u0438 \u0431\u0435\u0437\u043e\u043f\u0430\u0441\u043d\u044b\u043c \u043c\u0430\u0442\u0435\u0440\u0438\u0430\u043b\u0430\u043c BPA-free!\" \/>\n<meta name=\"robots\" content=\"index, follow, max-snippet:-1, max-image-preview:large, max-video-preview:-1\" \/>\n<link rel=\"canonical\" href=\"https:\/\/xstyle.md\/ro\/produs\/termokruzhka-contigo-luxe-autoseal-cornflower-360ml\/\" \/>\n<meta property=\"og:locale\" content=\"ro_RO\" \/>\n<meta property=\"og:type\" content=\"article\" \/>\n<meta property=\"og:title\" content=\"\u0422\u0435\u0440\u043c\u043e\u043a\u0440\u0443\u0436\u043a\u0430 Contigo Luxe Autoseal 360ml Cornflower - \u041c\u0430\u0433\u0430\u0437\u0438\u043d Xstyle\" \/>\n<meta property=\"og:description\" content=\"\u041a\u0443\u043f\u0438\u0442\u0435 \u0442\u0435\u0440\u043c\u043e\u043a\u0440\u0443\u0436\u043a\u0443 Contigo Luxe Autoseal Cornflower 360ml. \u041e\u0431\u0435\u0441\u043f\u0435\u0447\u044c\u0442\u0435 \u0442\u0435\u043f\u043b\u043e \u043d\u0430\u043f\u0438\u0442\u043a\u043e\u0432, \u0431\u043b\u0430\u0433\u043e\u0434\u0430\u0440\u044f \u0442\u0435\u0445\u043d\u043e\u043b\u043e\u0433\u0438\u0438 AUTOSEAL \u0438 \u0431\u0435\u0437\u043e\u043f\u0430\u0441\u043d\u044b\u043c \u043c\u0430\u0442\u0435\u0440\u0438\u0430\u043b\u0430\u043c BPA-free!\" \/>\n<meta property=\"og:url\" content=\"https:\/\/xstyle.md\/ro\/produs\/termokruzhka-contigo-luxe-autoseal-cornflower-360ml\/\" \/>\n<meta property=\"og:site_name\" content=\"\u041c\u0430\u0433\u0430\u0437\u0438\u043d Xstyle\" \/>\n<meta property=\"article:publisher\" content=\"https:\/\/www.facebook.com\/xstylemd\" \/>\n<meta property=\"article:modified_time\" content=\"2026-02-21T16:14:10+00:00\" \/>\n<meta property=\"og:image\" content=\"https:\/\/xstyle.md\/wp-content\/uploads\/2023\/11\/contigo-luxe-autoseal-cornflower-360ml.jpg\" \/>\n\t<meta property=\"og:image:width\" content=\"800\" \/>\n\t<meta property=\"og:image:height\" content=\"800\" \/>\n\t<meta property=\"og:image:type\" content=\"image\/jpeg\" \/>\n<meta name=\"twitter:card\" content=\"summary_large_image\" \/>\n<meta name=\"twitter:label1\" content=\"Pre\u021b\" \/>\n\t<meta name=\"twitter:data1\" content=\"775&nbsp;MDL\" \/>\n\t<meta name=\"twitter:label2\" content=\"Disponibilitate\" \/>\n\t<meta name=\"twitter:data2\" content=\"\u00cen stoc\" \/>\n<script type=\"application\/ld+json\" class=\"yoast-schema-graph\">{\"@context\":\"https:\\\/\\\/schema.org\",\"@graph\":[{\"@type\":\"WebPage\",\"@id\":\"https:\\\/\\\/xstyle.md\\\/product\\\/termokruzhka-contigo-luxe-autoseal-cornflower-360ml\\\/\",\"url\":\"https:\\\/\\\/xstyle.md\\\/product\\\/termokruzhka-contigo-luxe-autoseal-cornflower-360ml\\\/\",\"name\":\"\u0422\u0435\u0440\u043c\u043e\u043a\u0440\u0443\u0436\u043a\u0430 Contigo Luxe Autoseal 360ml Cornflower - \u041c\u0430\u0433\u0430\u0437\u0438\u043d Xstyle\",\"isPartOf\":{\"@id\":\"https:\\\/\\\/xstyle.md\\\/#website\"},\"primaryImageOfPage\":{\"@id\":\"https:\\\/\\\/xstyle.md\\\/product\\\/termokruzhka-contigo-luxe-autoseal-cornflower-360ml\\\/#primaryimage\"},\"image\":{\"@id\":\"https:\\\/\\\/xstyle.md\\\/product\\\/termokruzhka-contigo-luxe-autoseal-cornflower-360ml\\\/#primaryimage\"},\"thumbnailUrl\":\"https:\\\/\\\/xstyle.md\\\/wp-content\\\/uploads\\\/2023\\\/11\\\/contigo-luxe-autoseal-cornflower-360ml.jpg\",\"datePublished\":\"2023-11-25T09:28:24+00:00\",\"dateModified\":\"2026-02-21T16:14:10+00:00\",\"description\":\"\u041a\u0443\u043f\u0438\u0442\u0435 \u0442\u0435\u0440\u043c\u043e\u043a\u0440\u0443\u0436\u043a\u0443 Contigo Luxe Autoseal Cornflower 360ml. \u041e\u0431\u0435\u0441\u043f\u0435\u0447\u044c\u0442\u0435 \u0442\u0435\u043f\u043b\u043e \u043d\u0430\u043f\u0438\u0442\u043a\u043e\u0432, \u0431\u043b\u0430\u0433\u043e\u0434\u0430\u0440\u044f \u0442\u0435\u0445\u043d\u043e\u043b\u043e\u0433\u0438\u0438 AUTOSEAL \u0438 \u0431\u0435\u0437\u043e\u043f\u0430\u0441\u043d\u044b\u043c \u043c\u0430\u0442\u0435\u0440\u0438\u0430\u043b\u0430\u043c BPA-free!\",\"breadcrumb\":{\"@id\":\"https:\\\/\\\/xstyle.md\\\/product\\\/termokruzhka-contigo-luxe-autoseal-cornflower-360ml\\\/#breadcrumb\"},\"inLanguage\":\"ro-RO\",\"potentialAction\":[{\"@type\":\"ReadAction\",\"target\":[\"https:\\\/\\\/xstyle.md\\\/product\\\/termokruzhka-contigo-luxe-autoseal-cornflower-360ml\\\/\"]}]},{\"@type\":\"ImageObject\",\"inLanguage\":\"ro-RO\",\"@id\":\"https:\\\/\\\/xstyle.md\\\/product\\\/termokruzhka-contigo-luxe-autoseal-cornflower-360ml\\\/#primaryimage\",\"url\":\"https:\\\/\\\/xstyle.md\\\/wp-content\\\/uploads\\\/2023\\\/11\\\/contigo-luxe-autoseal-cornflower-360ml.jpg\",\"contentUrl\":\"https:\\\/\\\/xstyle.md\\\/wp-content\\\/uploads\\\/2023\\\/11\\\/contigo-luxe-autoseal-cornflower-360ml.jpg\",\"width\":800,\"height\":800,\"caption\":\"\u0422\u0435\u0440\u043c\u043e\u043a\u0440\u0443\u0436\u043a\u0430 Contigo Luxe Autoseal 360\u043c\u043b \u0434\u043b\u044f \u0430\u043a\u0442\u0438\u0432\u043d\u043e\u0433\u043e \u043e\u0442\u0434\u044b\u0445\u0430, \u043f\u043e\u0445\u043e\u0434\u043e\u0432, \u043f\u0443\u0442\u0435\u0448\u0435\u0441\u0442\u0432\u0438\u0439, \u043e\u0434\u0435\u0436\u0434\u044b \u0438 \u043e\u0431\u0443\u0432\u0438 \u0434\u043b\u044f \u0430\u043a\u0442\u0438\u0432\u043d\u043e\u0439 \u0436\u0438\u0437\u043d\u0438, \u043a\u0435\u043c\u043f\u0438\u043d\u0433\u0430 \u0438 \u0445\u0430\u0439\u043a\u0438\u043d\u0433\u0430\"},{\"@type\":\"BreadcrumbList\",\"@id\":\"https:\\\/\\\/xstyle.md\\\/product\\\/termokruzhka-contigo-luxe-autoseal-cornflower-360ml\\\/#breadcrumb\",\"itemListElement\":[{\"@type\":\"ListItem\",\"position\":1,\"name\":\"\u0413\u043b\u0430\u0432\u043d\u0430\u044f \u0441\u0442\u0440\u0430\u043d\u0438\u0446\u0430\",\"item\":\"https:\\\/\\\/xstyle.md\\\/\"},{\"@type\":\"ListItem\",\"position\":2,\"name\":\"\u041c\u0430\u0433\u0430\u0437\u0438\u043d\",\"item\":\"https:\\\/\\\/xstyle.md\\\/shop\\\/\"},{\"@type\":\"ListItem\",\"position\":3,\"name\":\"\u0422\u0435\u0440\u043c\u043e\u043a\u0440\u0443\u0436\u043a\u0430 Contigo Luxe Autoseal 360ml Cornflower\"}]},{\"@type\":\"WebSite\",\"@id\":\"https:\\\/\\\/xstyle.md\\\/#website\",\"url\":\"https:\\\/\\\/xstyle.md\\\/\",\"name\":\"\u041c\u0430\u0433\u0430\u0437\u0438\u043d Xstyle\",\"description\":\"C\u043d\u0430\u0440\u044f\u0436\u0435\u043d\u0438\u0435 \u0434\u043b\u044f \u0442\u0443\u0440\u0438\u0437\u043c\u0430 \u0438 \u044d\u043a\u0441\u0442\u0440\u0435\u043c\u0430\u043b\u044c\u043d\u044b\u0445 \u0432\u0438\u0434\u043e\u0432 \u0441\u043f\u043e\u0440\u0442\u0430 \u0432 \u041c\u043e\u043b\u0434\u043e\u0432\u0435.. \u0426\u0435\u043d\u044b, \u0444\u043e\u0442\u043e, \u0445\u0430\u0440\u0430\u043a\u0442\u0435\u0440\u0438\u0441\u0442\u0438\u043a\u0438 \u0432 \u041c\u043e\u043b\u0434\u043e\u0432\u0435.\",\"publisher\":{\"@id\":\"https:\\\/\\\/xstyle.md\\\/#organization\"},\"alternateName\":\"X-Style\",\"potentialAction\":[{\"@type\":\"SearchAction\",\"target\":{\"@type\":\"EntryPoint\",\"urlTemplate\":\"https:\\\/\\\/xstyle.md\\\/?s={search_term_string}\"},\"query-input\":{\"@type\":\"PropertyValueSpecification\",\"valueRequired\":true,\"valueName\":\"search_term_string\"}}],\"inLanguage\":\"ro-RO\"},{\"@type\":\"Organization\",\"@id\":\"https:\\\/\\\/xstyle.md\\\/#organization\",\"name\":\"\u041c\u0430\u0433\u0430\u0437\u0438\u043d Xstyle\",\"alternateName\":\"x-style\",\"url\":\"https:\\\/\\\/xstyle.md\\\/\",\"logo\":{\"@type\":\"ImageObject\",\"inLanguage\":\"ro-RO\",\"@id\":\"https:\\\/\\\/xstyle.md\\\/#\\\/schema\\\/logo\\\/image\\\/\",\"url\":\"https:\\\/\\\/xstyle.md\\\/wp-content\\\/uploads\\\/2020\\\/06\\\/logoicon.svg\",\"contentUrl\":\"https:\\\/\\\/xstyle.md\\\/wp-content\\\/uploads\\\/2020\\\/06\\\/logoicon.svg\",\"caption\":\"\u041c\u0430\u0433\u0430\u0437\u0438\u043d Xstyle\"},\"image\":{\"@id\":\"https:\\\/\\\/xstyle.md\\\/#\\\/schema\\\/logo\\\/image\\\/\"},\"sameAs\":[\"https:\\\/\\\/www.facebook.com\\\/xstylemd\",\"https:\\\/\\\/www.instagram.com\\\/xstyle_md\\\/\",\"https:\\\/\\\/t.me\\\/xstyle_outdoor\"],\"hasMerchantReturnPolicy\":{\"@type\":\"MerchantReturnPolicy\",\"merchantReturnLink\":\"https:\\\/\\\/xstyle.md\\\/ro\\\/conditions\\\/\"}}]}<\/script>\n<meta property=\"product:price:amount\" content=\"775.00\" \/>\n<meta property=\"product:price:currency\" content=\"MDL\" \/>\n<meta property=\"og:availability\" content=\"instock\" \/>\n<meta property=\"product:availability\" content=\"instock\" \/>\n<meta property=\"product:retailer_item_id\" content=\"2000999769511\" \/>\n<meta property=\"product:condition\" content=\"new\" \/>\n<!-- \/ Yoast SEO plugin. -->","yoast_head_json":{"title":"\u0422\u0435\u0440\u043c\u043e\u043a\u0440\u0443\u0436\u043a\u0430 Contigo Luxe Autoseal 360ml Cornflower - \u041c\u0430\u0433\u0430\u0437\u0438\u043d Xstyle","description":"Cump\u0103ra\u021bi o termocupl\u0103 Contigo Luxe Autoseal Cornflower 360ml. Asigura\u021bi-v\u0103 c\u0103 b\u0103uturile r\u0103m\u00e2n calde, datorit\u0103 tehnologiei AUTOSEAL \u0219i materialelor sigure f\u0103r\u0103 BPA!","robots":{"index":"index","follow":"follow","max-snippet":"max-snippet:-1","max-image-preview":"max-image-preview:large","max-video-preview":"max-video-preview:-1"},"canonical":"https:\/\/xstyle.md\/ro\/produs\/termokruzhka-contigo-luxe-autoseal-cornflower-360ml\/","og_locale":"ro_RO","og_type":"article","og_title":"\u0422\u0435\u0440\u043c\u043e\u043a\u0440\u0443\u0436\u043a\u0430 Contigo Luxe Autoseal 360ml Cornflower - \u041c\u0430\u0433\u0430\u0437\u0438\u043d Xstyle","og_description":"\u041a\u0443\u043f\u0438\u0442\u0435 \u0442\u0435\u0440\u043c\u043e\u043a\u0440\u0443\u0436\u043a\u0443 Contigo Luxe Autoseal Cornflower 360ml. \u041e\u0431\u0435\u0441\u043f\u0435\u0447\u044c\u0442\u0435 \u0442\u0435\u043f\u043b\u043e \u043d\u0430\u043f\u0438\u0442\u043a\u043e\u0432, \u0431\u043b\u0430\u0433\u043e\u0434\u0430\u0440\u044f \u0442\u0435\u0445\u043d\u043e\u043b\u043e\u0433\u0438\u0438 AUTOSEAL \u0438 \u0431\u0435\u0437\u043e\u043f\u0430\u0441\u043d\u044b\u043c \u043c\u0430\u0442\u0435\u0440\u0438\u0430\u043b\u0430\u043c BPA-free!","og_url":"https:\/\/xstyle.md\/ro\/produs\/termokruzhka-contigo-luxe-autoseal-cornflower-360ml\/","og_site_name":"\u041c\u0430\u0433\u0430\u0437\u0438\u043d Xstyle","article_publisher":"https:\/\/www.facebook.com\/xstylemd","article_modified_time":"2026-02-21T16:14:10+00:00","og_image":[{"width":800,"height":800,"url":"https:\/\/xstyle.md\/wp-content\/uploads\/2023\/11\/contigo-luxe-autoseal-cornflower-360ml.jpg","type":"image\/jpeg"}],"twitter_card":"summary_large_image","twitter_misc":{"Pre\u021b":"775&nbsp;MDL","Disponibilitate":"\u00cen stoc"},"schema":{"@context":"https:\/\/schema.org","@graph":[{"@type":"WebPage","@id":"https:\/\/xstyle.md\/product\/termokruzhka-contigo-luxe-autoseal-cornflower-360ml\/","url":"https:\/\/xstyle.md\/product\/termokruzhka-contigo-luxe-autoseal-cornflower-360ml\/","name":"\u0422\u0435\u0440\u043c\u043e\u043a\u0440\u0443\u0436\u043a\u0430 Contigo Luxe Autoseal 360ml Cornflower - \u041c\u0430\u0433\u0430\u0437\u0438\u043d Xstyle","isPartOf":{"@id":"https:\/\/xstyle.md\/#website"},"primaryImageOfPage":{"@id":"https:\/\/xstyle.md\/product\/termokruzhka-contigo-luxe-autoseal-cornflower-360ml\/#primaryimage"},"image":{"@id":"https:\/\/xstyle.md\/product\/termokruzhka-contigo-luxe-autoseal-cornflower-360ml\/#primaryimage"},"thumbnailUrl":"https:\/\/xstyle.md\/wp-content\/uploads\/2023\/11\/contigo-luxe-autoseal-cornflower-360ml.jpg","datePublished":"2023-11-25T09:28:24+00:00","dateModified":"2026-02-21T16:14:10+00:00","description":"Cump\u0103ra\u021bi o termocupl\u0103 Contigo Luxe Autoseal Cornflower 360ml. Asigura\u021bi-v\u0103 c\u0103 b\u0103uturile r\u0103m\u00e2n calde, datorit\u0103 tehnologiei AUTOSEAL \u0219i materialelor sigure f\u0103r\u0103 BPA!","breadcrumb":{"@id":"https:\/\/xstyle.md\/product\/termokruzhka-contigo-luxe-autoseal-cornflower-360ml\/#breadcrumb"},"inLanguage":"ro-RO","potentialAction":[{"@type":"ReadAction","target":["https:\/\/xstyle.md\/product\/termokruzhka-contigo-luxe-autoseal-cornflower-360ml\/"]}]},{"@type":"ImageObject","inLanguage":"ro-RO","@id":"https:\/\/xstyle.md\/product\/termokruzhka-contigo-luxe-autoseal-cornflower-360ml\/#primaryimage","url":"https:\/\/xstyle.md\/wp-content\/uploads\/2023\/11\/contigo-luxe-autoseal-cornflower-360ml.jpg","contentUrl":"https:\/\/xstyle.md\/wp-content\/uploads\/2023\/11\/contigo-luxe-autoseal-cornflower-360ml.jpg","width":800,"height":800,"caption":"\u0422\u0435\u0440\u043c\u043e\u043a\u0440\u0443\u0436\u043a\u0430 Contigo Luxe Autoseal 360\u043c\u043b \u0434\u043b\u044f \u0430\u043a\u0442\u0438\u0432\u043d\u043e\u0433\u043e \u043e\u0442\u0434\u044b\u0445\u0430, \u043f\u043e\u0445\u043e\u0434\u043e\u0432, \u043f\u0443\u0442\u0435\u0448\u0435\u0441\u0442\u0432\u0438\u0439, \u043e\u0434\u0435\u0436\u0434\u044b \u0438 \u043e\u0431\u0443\u0432\u0438 \u0434\u043b\u044f \u0430\u043a\u0442\u0438\u0432\u043d\u043e\u0439 \u0436\u0438\u0437\u043d\u0438, \u043a\u0435\u043c\u043f\u0438\u043d\u0433\u0430 \u0438 \u0445\u0430\u0439\u043a\u0438\u043d\u0433\u0430"},{"@type":"BreadcrumbList","@id":"https:\/\/xstyle.md\/product\/termokruzhka-contigo-luxe-autoseal-cornflower-360ml\/#breadcrumb","itemListElement":[{"@type":"ListItem","position":1,"name":"\u0413\u043b\u0430\u0432\u043d\u0430\u044f \u0441\u0442\u0440\u0430\u043d\u0438\u0446\u0430","item":"https:\/\/xstyle.md\/"},{"@type":"ListItem","position":2,"name":"\u041c\u0430\u0433\u0430\u0437\u0438\u043d","item":"https:\/\/xstyle.md\/shop\/"},{"@type":"ListItem","position":3,"name":"\u0422\u0435\u0440\u043c\u043e\u043a\u0440\u0443\u0436\u043a\u0430 Contigo Luxe Autoseal 360ml Cornflower"}]},{"@type":"WebSite","@id":"https:\/\/xstyle.md\/#website","url":"https:\/\/xstyle.md\/","name":"Magazinul X-Style","description":"Echipamente pentru turism \u0219i sporturi extreme \u00een Moldova. Pre\u021buri, fotografii, caracteristici \u00een Moldova.","publisher":{"@id":"https:\/\/xstyle.md\/#organization"},"alternateName":"X-Style","potentialAction":[{"@type":"SearchAction","target":{"@type":"EntryPoint","urlTemplate":"https:\/\/xstyle.md\/?s={search_term_string}"},"query-input":{"@type":"PropertyValueSpecification","valueRequired":true,"valueName":"search_term_string"}}],"inLanguage":"ro-RO"},{"@type":"Organization","@id":"https:\/\/xstyle.md\/#organization","name":"Magazinul X-Style","alternateName":"x-style","url":"https:\/\/xstyle.md\/","logo":{"@type":"ImageObject","inLanguage":"ro-RO","@id":"https:\/\/xstyle.md\/#\/schema\/logo\/image\/","url":"https:\/\/xstyle.md\/wp-content\/uploads\/2020\/06\/logoicon.svg","contentUrl":"https:\/\/xstyle.md\/wp-content\/uploads\/2020\/06\/logoicon.svg","caption":"\u041c\u0430\u0433\u0430\u0437\u0438\u043d Xstyle"},"image":{"@id":"https:\/\/xstyle.md\/#\/schema\/logo\/image\/"},"sameAs":["https:\/\/www.facebook.com\/xstylemd","https:\/\/www.instagram.com\/xstyle_md\/","https:\/\/t.me\/xstyle_outdoor"],"hasMerchantReturnPolicy":{"@type":"MerchantReturnPolicy","merchantReturnLink":"https:\/\/xstyle.md\/ro\/conditions\/"}}]},"product_price_amount":"775.00","product_price_currency":"MDL","og_availability":"instock","product_availability":"instock","product_retailer_item_id":"2000999769511","product_condition":"new"},"_links":{"self":[{"href":"https:\/\/xstyle.md\/ro\/wp-json\/wp\/v2\/product\/76065","targetHints":{"allow":["GET"]}}],"collection":[{"href":"https:\/\/xstyle.md\/ro\/wp-json\/wp\/v2\/product"}],"about":[{"href":"https:\/\/xstyle.md\/ro\/wp-json\/wp\/v2\/types\/product"}],"replies":[{"embeddable":true,"href":"https:\/\/xstyle.md\/ro\/wp-json\/wp\/v2\/comments?post=76065"}],"wp:featuredmedia":[{"embeddable":true,"href":"https:\/\/xstyle.md\/ro\/wp-json\/wp\/v2\/media\/76107"}],"wp:attachment":[{"href":"https:\/\/xstyle.md\/ro\/wp-json\/wp\/v2\/media?parent=76065"}],"wp:term":[{"taxonomy":"product_brand","embeddable":true,"href":"https:\/\/xstyle.md\/ro\/wp-json\/wp\/v2\/product_brand?post=76065"},{"taxonomy":"product_cat","embeddable":true,"href":"https:\/\/xstyle.md\/ro\/wp-json\/wp\/v2\/product_cat?post=76065"},{"taxonomy":"product_tag","embeddable":true,"href":"https:\/\/xstyle.md\/ro\/wp-json\/wp\/v2\/product_tag?post=76065"}],"curies":[{"name":"wp","href":"https:\/\/api.w.org\/{rel}","templated":true}]}}