{"id":76064,"date":"2023-11-25T12:28:24","date_gmt":"2023-11-25T09:28:24","guid":{"rendered":"https:\/\/xstyle.md\/?post_type=product&#038;p=76064"},"modified":"2025-05-08T10:20:59","modified_gmt":"2025-05-08T07:20:59","slug":"termokruzhka-contigo-luxe-autoseal-biscay-bay-360ml","status":"publish","type":"product","link":"https:\/\/dev.xstyle.md\/ro\/produs\/termokruzhka-contigo-luxe-autoseal-biscay-bay-360ml\/","title":{"rendered":"Can\u0103 termic\u0103 Contigo Luxe Autoseal 360ml Biscay Bay"},"content":{"rendered":"<\/p>\n<p>Can\u0103 termica <strong>Contigo Luxe Autoseal Biscay Bay 360 ml<\/strong> cu izolare \u00een vid Contigo Luxe Autoseal Biscay Bay 360 ml p\u0103streaz\u0103 b\u0103uturile calde timp de p\u00e2n\u0103 la 5 ore \u0219i reci timp de p\u00e2n\u0103 la 12 ore. Luxe este un reprezentant izbitor al noii game de c\u0103ni termo Contigo din segmentul premium.<\/p>\n<h3>Particularit\u0103\u021bi<\/h3>\n<ul>\n<li>Garan\u021bie de siguran\u021b\u0103 100% &#8212; tehnologia AUTOSEAL\u00ae<\/li>\n<li>U\u0219or de utilizat: u\u0219or de b\u0103ut prin ap\u0103sarea butonului cu o singur\u0103 m\u00e2n\u0103<\/li>\n<li>Mecanism cu capac pliabil pentru o sp\u0103lare temeinic\u0103<\/li>\n<li>Acoperire exterioar\u0103 din email extrem de rezistent &#8212; capacul \u0219i corpul Contigo LUXE pot fi sp\u0103late \u00een ma\u0219ina de sp\u0103lat vase.<\/li>\n<li>Mecanism de blocare suplimentar pentru a preveni ap\u0103sarea accidental\u0103 a butonului<\/li>\n<li>Cana termo Contigo Luxe cu pere\u021bi dubli p\u0103streaz\u0103 con\u021binutul cald timp de p\u00e2n\u0103 la 5 ore \u0219i rece timp de p\u00e2n\u0103 la 12 ore.<\/li>\n<\/ul>\n<h3>Caracteristici<\/h3>\n<ul>\n<li>Volum &#8212; 360 ml<\/li>\n<li>Dimensiuni &#8212; 6,5 x 18 cm<\/li>\n<li>Material - o\u021bel inoxidabil<\/li>\n<li>100% ermetic<\/li>\n<li>F\u0103r\u0103 BPA<\/li>\n<\/ul>\n<h3>Tehnologie<\/h3>\n<ul>\n<li><strong>AUTOSEAL<\/strong>\u00ae tehnologia ofer\u0103 o utilizare comod\u0103 \u0219i u\u0219oar\u0103 a c\u0103nii cu o singur\u0103 m\u00e2n\u0103: nu este nevoie s\u0103 scoate\u021bi capacul, nu este nevoie s\u0103 deschide\u021bi supapa de g\u00e2t. Pur \u0219i simplu ap\u0103sa\u021bi butonul Autoseal\u00ae pentru a lua o \u00eenghi\u021bitur\u0103 \u0219i elibera\u021bi-l pentru a \u00eenchide automat cana.<\/li>\n<li><strong>BPA<\/strong> &#8212; este un compus chimic organic \u0219i este utilizat pentru fabricarea materialelor plastice, a policarbonatului \u0219i a r\u0103\u0219inii epoxidice. De asemenea, aceast\u0103 substan\u021b\u0103 este ad\u0103ugat\u0103 la produsele din plastic \u0219i la conserve. Principalele propriet\u0103\u021bi ale bisfenolului-A sunt propriet\u0103\u021bile de \u00eent\u0103rire \u0219i antioxidante. BPA este capabil s\u0103 p\u0103trund\u0103 \u00een corpul uman nu numai cu ajutorul alimentelor \u0219i al apei, ci \u0219i prin piele \u0219i pl\u0103m\u00e2ni. Contactul prelungit al lichidelor \u0219i al alimentelor umede cu plasticul, care con\u021bine bisfenol-A, contribuie la eliberarea acestei substan\u021be \u00een alimente. \u00cenc\u0103lzirea unor astfel de recipiente accelereaz\u0103 \u00een mod semnificativ eliberarea de bisfenol-A. Aceast\u0103 can\u0103 termo este etichetat\u0103 bpa fre\u0435, ceea ce indic\u0103 faptul c\u0103 bisfenol-A nu a fost utilizat la fabricarea acestui recipient.<\/li>\n<\/ul>\n<p><\/p>","protected":false},"excerpt":{"rendered":"","protected":false},"featured_media":76116,"comment_status":"open","ping_status":"closed","template":"","meta":{"_acf_changed":false,"inline_featured_image":false},"product_brand":[1374],"product_cat":[874],"product_tag":[],"class_list":{"0":"post-76064","1":"product","2":"type-product","3":"status-publish","4":"has-post-thumbnail","6":"product_brand-contigo","7":"product_cat-thermo-mug","9":"first","10":"instock","11":"shipping-taxable","12":"purchasable","13":"product-type-simple"},"acf":[],"yoast_head":"<!-- This site is optimized with the Yoast SEO plugin v27.5 - https:\/\/yoast.com\/product\/yoast-seo-wordpress\/ -->\n<title>\u0422\u0435\u0440\u043c\u043e\u043a\u0440\u0443\u0436\u043a\u0430 Contigo Luxe Autoseal 360ml Biscay Bay - \u041c\u0430\u0433\u0430\u0437\u0438\u043d Xstyle<\/title>\n<meta name=\"description\" content=\"\u0422\u0435\u0440\u043c\u043e\u043a\u0440\u0443\u0436\u043a\u0430 Contigo Luxe Autoseal Biscay Bay 360 \u043c\u043b: \u0441\u043e\u0445\u0440\u0430\u043d\u044f\u0435\u0442 \u0442\u0435\u043f\u043b\u043e \u0434\u043e 5 \u0447\u0430\u0441\u043e\u0432 \u0438 \u0445\u043e\u043b\u043e\u0434 \u0434\u043e 12 \u0447\u0430\u0441\u043e\u0432. BPA-\u0444\u0440\u0438, \u0438\u0434\u0435\u0430\u043b\u044c\u043d\u043e\u0435 \u0440\u0435\u0448\u0435\u043d\u0438\u0435 \u0434\u043b\u044f \u0430\u043a\u0442\u0438\u0432\u043d\u043e\u0439 \u0436\u0438\u0437\u043d\u0438!\" \/>\n<meta name=\"robots\" content=\"noindex, follow, max-snippet:-1, max-image-preview:large, max-video-preview:-1\" \/>\n<meta property=\"og:locale\" content=\"ro_RO\" \/>\n<meta property=\"og:type\" content=\"article\" \/>\n<meta property=\"og:title\" content=\"\u0422\u0435\u0440\u043c\u043e\u043a\u0440\u0443\u0436\u043a\u0430 Contigo Luxe Autoseal 360ml Biscay Bay - \u041c\u0430\u0433\u0430\u0437\u0438\u043d Xstyle\" \/>\n<meta property=\"og:description\" content=\"\u0422\u0435\u0440\u043c\u043e\u043a\u0440\u0443\u0436\u043a\u0430 Contigo Luxe Autoseal Biscay Bay 360 \u043c\u043b: \u0441\u043e\u0445\u0440\u0430\u043d\u044f\u0435\u0442 \u0442\u0435\u043f\u043b\u043e \u0434\u043e 5 \u0447\u0430\u0441\u043e\u0432 \u0438 \u0445\u043e\u043b\u043e\u0434 \u0434\u043e 12 \u0447\u0430\u0441\u043e\u0432. BPA-\u0444\u0440\u0438, \u0438\u0434\u0435\u0430\u043b\u044c\u043d\u043e\u0435 \u0440\u0435\u0448\u0435\u043d\u0438\u0435 \u0434\u043b\u044f \u0430\u043a\u0442\u0438\u0432\u043d\u043e\u0439 \u0436\u0438\u0437\u043d\u0438!\" \/>\n<meta property=\"og:url\" content=\"https:\/\/dev.xstyle.md\/ro\/produs\/termokruzhka-contigo-luxe-autoseal-biscay-bay-360ml\/\" \/>\n<meta property=\"og:site_name\" content=\"\u041c\u0430\u0433\u0430\u0437\u0438\u043d Xstyle\" \/>\n<meta property=\"article:publisher\" content=\"https:\/\/www.facebook.com\/xstylemd\" \/>\n<meta property=\"article:modified_time\" content=\"2025-05-08T07:20:59+00:00\" \/>\n<meta property=\"og:image\" content=\"https:\/\/dev.xstyle.md\/wp-content\/uploads\/2023\/11\/contigo-luxe-autoseal-biscay-bay-360ml.jpg\" \/>\n\t<meta property=\"og:image:width\" content=\"1176\" \/>\n\t<meta property=\"og:image:height\" content=\"1182\" \/>\n\t<meta property=\"og:image:type\" content=\"image\/jpeg\" \/>\n<meta name=\"twitter:card\" content=\"summary_large_image\" \/>\n<meta name=\"twitter:label1\" content=\"Pre\u021b\" \/>\n\t<meta name=\"twitter:data1\" content=\"775,00&nbsp;MDL\" \/>\n\t<meta name=\"twitter:label2\" content=\"Disponibilitate\" \/>\n\t<meta name=\"twitter:data2\" content=\"\u00cen stoc\" \/>\n<script type=\"application\/ld+json\" class=\"yoast-schema-graph\">{\"@context\":\"https:\\\/\\\/schema.org\",\"@graph\":[{\"@type\":\"WebPage\",\"@id\":\"https:\\\/\\\/dev.xstyle.md\\\/product\\\/termokruzhka-contigo-luxe-autoseal-biscay-bay-360ml\\\/\",\"url\":\"https:\\\/\\\/dev.xstyle.md\\\/product\\\/termokruzhka-contigo-luxe-autoseal-biscay-bay-360ml\\\/\",\"name\":\"\u0422\u0435\u0440\u043c\u043e\u043a\u0440\u0443\u0436\u043a\u0430 Contigo Luxe Autoseal 360ml Biscay Bay - \u041c\u0430\u0433\u0430\u0437\u0438\u043d Xstyle\",\"isPartOf\":{\"@id\":\"https:\\\/\\\/dev.xstyle.md\\\/#website\"},\"primaryImageOfPage\":{\"@id\":\"https:\\\/\\\/dev.xstyle.md\\\/product\\\/termokruzhka-contigo-luxe-autoseal-biscay-bay-360ml\\\/#primaryimage\"},\"image\":{\"@id\":\"https:\\\/\\\/dev.xstyle.md\\\/product\\\/termokruzhka-contigo-luxe-autoseal-biscay-bay-360ml\\\/#primaryimage\"},\"thumbnailUrl\":\"https:\\\/\\\/dev.xstyle.md\\\/wp-content\\\/uploads\\\/2023\\\/11\\\/contigo-luxe-autoseal-biscay-bay-360ml.jpg\",\"datePublished\":\"2023-11-25T09:28:24+00:00\",\"dateModified\":\"2025-05-08T07:20:59+00:00\",\"description\":\"\u0422\u0435\u0440\u043c\u043e\u043a\u0440\u0443\u0436\u043a\u0430 Contigo Luxe Autoseal Biscay Bay 360 \u043c\u043b: \u0441\u043e\u0445\u0440\u0430\u043d\u044f\u0435\u0442 \u0442\u0435\u043f\u043b\u043e \u0434\u043e 5 \u0447\u0430\u0441\u043e\u0432 \u0438 \u0445\u043e\u043b\u043e\u0434 \u0434\u043e 12 \u0447\u0430\u0441\u043e\u0432. BPA-\u0444\u0440\u0438, \u0438\u0434\u0435\u0430\u043b\u044c\u043d\u043e\u0435 \u0440\u0435\u0448\u0435\u043d\u0438\u0435 \u0434\u043b\u044f \u0430\u043a\u0442\u0438\u0432\u043d\u043e\u0439 \u0436\u0438\u0437\u043d\u0438!\",\"breadcrumb\":{\"@id\":\"https:\\\/\\\/dev.xstyle.md\\\/product\\\/termokruzhka-contigo-luxe-autoseal-biscay-bay-360ml\\\/#breadcrumb\"},\"inLanguage\":\"ro-RO\",\"potentialAction\":[{\"@type\":\"ReadAction\",\"target\":[\"https:\\\/\\\/dev.xstyle.md\\\/product\\\/termokruzhka-contigo-luxe-autoseal-biscay-bay-360ml\\\/\"]}]},{\"@type\":\"ImageObject\",\"inLanguage\":\"ro-RO\",\"@id\":\"https:\\\/\\\/dev.xstyle.md\\\/product\\\/termokruzhka-contigo-luxe-autoseal-biscay-bay-360ml\\\/#primaryimage\",\"url\":\"https:\\\/\\\/dev.xstyle.md\\\/wp-content\\\/uploads\\\/2023\\\/11\\\/contigo-luxe-autoseal-biscay-bay-360ml.jpg\",\"contentUrl\":\"https:\\\/\\\/dev.xstyle.md\\\/wp-content\\\/uploads\\\/2023\\\/11\\\/contigo-luxe-autoseal-biscay-bay-360ml.jpg\",\"width\":1176,\"height\":1182,\"caption\":\"\u0422\u0435\u0440\u043c\u043e\u043a\u0440\u0443\u0436\u043a\u0430 Contigo Luxe Autoseal 360 \u043c\u043b Biscay Bay \u0434\u043b\u044f \u0430\u043a\u0442\u0438\u0432\u043d\u043e\u0433\u043e \u043e\u0442\u0434\u044b\u0445\u0430 \u0438 \u043f\u0443\u0442\u0435\u0448\u0435\u0441\u0442\u0432\u0438\u0439 \u0441 \u0433\u0430\u0440\u043d\u0438\u0442\u0443\u0440\u043e\u0439 \u0434\u043b\u044f \u043f\u043e\u0445\u043e\u0434\u043e\u0432 \u0438 \u043a\u0435\u043c\u043f\u0438\u043d\u0433\u0430 \u0432 \u043e\u043d\u043b\u0430\u0439\u043d \u043c\u0430\u0433\u0430\u0437\u0438\u043d\u0435 \u0441\u043f\u043e\u0440\u0442\u043e\u0434\u0435\u0436\u0434\u044b \u0438 \u043e\u0431\u0443\u0432\u0438\"},{\"@type\":\"BreadcrumbList\",\"@id\":\"https:\\\/\\\/dev.xstyle.md\\\/product\\\/termokruzhka-contigo-luxe-autoseal-biscay-bay-360ml\\\/#breadcrumb\",\"itemListElement\":[{\"@type\":\"ListItem\",\"position\":1,\"name\":\"\u0413\u043b\u0430\u0432\u043d\u0430\u044f \u0441\u0442\u0440\u0430\u043d\u0438\u0446\u0430\",\"item\":\"https:\\\/\\\/dev.xstyle.md\\\/\"},{\"@type\":\"ListItem\",\"position\":2,\"name\":\"Shop\",\"item\":\"https:\\\/\\\/dev.xstyle.md\\\/shop\\\/\"},{\"@type\":\"ListItem\",\"position\":3,\"name\":\"\u0422\u0435\u0440\u043c\u043e\u043a\u0440\u0443\u0436\u043a\u0430 Contigo Luxe Autoseal 360ml Biscay Bay\"}]},{\"@type\":\"WebSite\",\"@id\":\"https:\\\/\\\/dev.xstyle.md\\\/#website\",\"url\":\"https:\\\/\\\/dev.xstyle.md\\\/\",\"name\":\"\u041c\u0430\u0433\u0430\u0437\u0438\u043d Xstyle\",\"description\":\"C\u043d\u0430\u0440\u044f\u0436\u0435\u043d\u0438\u0435 \u0434\u043b\u044f \u0442\u0443\u0440\u0438\u0437\u043c\u0430 \u0438 \u044d\u043a\u0441\u0442\u0440\u0435\u043c\u0430\u043b\u044c\u043d\u044b\u0445 \u0432\u0438\u0434\u043e\u0432 \u0441\u043f\u043e\u0440\u0442\u0430 \u0432 \u041c\u043e\u043b\u0434\u043e\u0432\u0435.. \u0426\u0435\u043d\u044b, \u0444\u043e\u0442\u043e, \u0445\u0430\u0440\u0430\u043a\u0442\u0435\u0440\u0438\u0441\u0442\u0438\u043a\u0438 \u0432 \u041c\u043e\u043b\u0434\u043e\u0432\u0435.\",\"publisher\":{\"@id\":\"https:\\\/\\\/dev.xstyle.md\\\/#organization\"},\"alternateName\":\"X-Style\",\"potentialAction\":[{\"@type\":\"SearchAction\",\"target\":{\"@type\":\"EntryPoint\",\"urlTemplate\":\"https:\\\/\\\/dev.xstyle.md\\\/?s={search_term_string}\"},\"query-input\":{\"@type\":\"PropertyValueSpecification\",\"valueRequired\":true,\"valueName\":\"search_term_string\"}}],\"inLanguage\":\"ro-RO\"},{\"@type\":\"Organization\",\"@id\":\"https:\\\/\\\/dev.xstyle.md\\\/#organization\",\"name\":\"\u041c\u0430\u0433\u0430\u0437\u0438\u043d Xstyle\",\"alternateName\":\"x-style\",\"url\":\"https:\\\/\\\/dev.xstyle.md\\\/\",\"logo\":{\"@type\":\"ImageObject\",\"inLanguage\":\"ro-RO\",\"@id\":\"https:\\\/\\\/dev.xstyle.md\\\/#\\\/schema\\\/logo\\\/image\\\/\",\"url\":\"https:\\\/\\\/dev.xstyle.md\\\/wp-content\\\/uploads\\\/2020\\\/06\\\/logoicon.svg\",\"contentUrl\":\"https:\\\/\\\/dev.xstyle.md\\\/wp-content\\\/uploads\\\/2020\\\/06\\\/logoicon.svg\",\"caption\":\"\u041c\u0430\u0433\u0430\u0437\u0438\u043d Xstyle\"},\"image\":{\"@id\":\"https:\\\/\\\/dev.xstyle.md\\\/#\\\/schema\\\/logo\\\/image\\\/\"},\"sameAs\":[\"https:\\\/\\\/www.facebook.com\\\/xstylemd\",\"https:\\\/\\\/www.instagram.com\\\/xstyle_md\\\/\",\"https:\\\/\\\/t.me\\\/xstyle_outdoor\"],\"hasMerchantReturnPolicy\":{\"@type\":\"MerchantReturnPolicy\",\"merchantReturnLink\":\"https:\\\/\\\/dev.xstyle.md\\\/ro\\\/conditions\\\/\"}}]}<\/script>\n<meta property=\"product:price:amount\" content=\"775.00\" \/>\n<meta property=\"product:price:currency\" content=\"MDL\" \/>\n<meta property=\"og:availability\" content=\"instock\" \/>\n<meta property=\"product:availability\" content=\"instock\" \/>\n<meta property=\"product:retailer_item_id\" content=\"2000999769504\" \/>\n<meta property=\"product:condition\" content=\"new\" \/>\n<!-- \/ Yoast SEO plugin. -->","yoast_head_json":{"title":"\u0422\u0435\u0440\u043c\u043e\u043a\u0440\u0443\u0436\u043a\u0430 Contigo Luxe Autoseal 360ml Biscay Bay - \u041c\u0430\u0433\u0430\u0437\u0438\u043d Xstyle","description":"Termos cu capac Contigo Luxe Autoseal Biscay Bay 360 ml: p\u0103streaz\u0103 c\u0103ldura timp de p\u00e2n\u0103 la 5 ore \u0219i r\u0103coarea timp de 12 ore. F\u0103r\u0103 BPA, solu\u021bia perfect\u0103 pentru o via\u021b\u0103 activ\u0103!","robots":{"index":"noindex","follow":"follow","max-snippet":"max-snippet:-1","max-image-preview":"max-image-preview:large","max-video-preview":"max-video-preview:-1"},"og_locale":"ro_RO","og_type":"article","og_title":"\u0422\u0435\u0440\u043c\u043e\u043a\u0440\u0443\u0436\u043a\u0430 Contigo Luxe Autoseal 360ml Biscay Bay - \u041c\u0430\u0433\u0430\u0437\u0438\u043d Xstyle","og_description":"\u0422\u0435\u0440\u043c\u043e\u043a\u0440\u0443\u0436\u043a\u0430 Contigo Luxe Autoseal Biscay Bay 360 \u043c\u043b: \u0441\u043e\u0445\u0440\u0430\u043d\u044f\u0435\u0442 \u0442\u0435\u043f\u043b\u043e \u0434\u043e 5 \u0447\u0430\u0441\u043e\u0432 \u0438 \u0445\u043e\u043b\u043e\u0434 \u0434\u043e 12 \u0447\u0430\u0441\u043e\u0432. BPA-\u0444\u0440\u0438, \u0438\u0434\u0435\u0430\u043b\u044c\u043d\u043e\u0435 \u0440\u0435\u0448\u0435\u043d\u0438\u0435 \u0434\u043b\u044f \u0430\u043a\u0442\u0438\u0432\u043d\u043e\u0439 \u0436\u0438\u0437\u043d\u0438!","og_url":"https:\/\/dev.xstyle.md\/ro\/produs\/termokruzhka-contigo-luxe-autoseal-biscay-bay-360ml\/","og_site_name":"\u041c\u0430\u0433\u0430\u0437\u0438\u043d Xstyle","article_publisher":"https:\/\/www.facebook.com\/xstylemd","article_modified_time":"2025-05-08T07:20:59+00:00","og_image":[{"width":1176,"height":1182,"url":"https:\/\/dev.xstyle.md\/wp-content\/uploads\/2023\/11\/contigo-luxe-autoseal-biscay-bay-360ml.jpg","type":"image\/jpeg"}],"twitter_card":"summary_large_image","twitter_misc":{"Pre\u021b":"775,00&nbsp;MDL","Disponibilitate":"\u00cen stoc"},"schema":{"@context":"https:\/\/schema.org","@graph":[{"@type":"WebPage","@id":"https:\/\/dev.xstyle.md\/product\/termokruzhka-contigo-luxe-autoseal-biscay-bay-360ml\/","url":"https:\/\/dev.xstyle.md\/product\/termokruzhka-contigo-luxe-autoseal-biscay-bay-360ml\/","name":"\u0422\u0435\u0440\u043c\u043e\u043a\u0440\u0443\u0436\u043a\u0430 Contigo Luxe Autoseal 360ml Biscay Bay - \u041c\u0430\u0433\u0430\u0437\u0438\u043d Xstyle","isPartOf":{"@id":"https:\/\/dev.xstyle.md\/#website"},"primaryImageOfPage":{"@id":"https:\/\/dev.xstyle.md\/product\/termokruzhka-contigo-luxe-autoseal-biscay-bay-360ml\/#primaryimage"},"image":{"@id":"https:\/\/dev.xstyle.md\/product\/termokruzhka-contigo-luxe-autoseal-biscay-bay-360ml\/#primaryimage"},"thumbnailUrl":"https:\/\/dev.xstyle.md\/wp-content\/uploads\/2023\/11\/contigo-luxe-autoseal-biscay-bay-360ml.jpg","datePublished":"2023-11-25T09:28:24+00:00","dateModified":"2025-05-08T07:20:59+00:00","description":"Termos cu capac Contigo Luxe Autoseal Biscay Bay 360 ml: p\u0103streaz\u0103 c\u0103ldura timp de p\u00e2n\u0103 la 5 ore \u0219i r\u0103coarea timp de 12 ore. F\u0103r\u0103 BPA, solu\u021bia perfect\u0103 pentru o via\u021b\u0103 activ\u0103!","breadcrumb":{"@id":"https:\/\/dev.xstyle.md\/product\/termokruzhka-contigo-luxe-autoseal-biscay-bay-360ml\/#breadcrumb"},"inLanguage":"ro-RO","potentialAction":[{"@type":"ReadAction","target":["https:\/\/dev.xstyle.md\/product\/termokruzhka-contigo-luxe-autoseal-biscay-bay-360ml\/"]}]},{"@type":"ImageObject","inLanguage":"ro-RO","@id":"https:\/\/dev.xstyle.md\/product\/termokruzhka-contigo-luxe-autoseal-biscay-bay-360ml\/#primaryimage","url":"https:\/\/dev.xstyle.md\/wp-content\/uploads\/2023\/11\/contigo-luxe-autoseal-biscay-bay-360ml.jpg","contentUrl":"https:\/\/dev.xstyle.md\/wp-content\/uploads\/2023\/11\/contigo-luxe-autoseal-biscay-bay-360ml.jpg","width":1176,"height":1182,"caption":"\u0422\u0435\u0440\u043c\u043e\u043a\u0440\u0443\u0436\u043a\u0430 Contigo Luxe Autoseal 360 \u043c\u043b Biscay Bay \u0434\u043b\u044f \u0430\u043a\u0442\u0438\u0432\u043d\u043e\u0433\u043e \u043e\u0442\u0434\u044b\u0445\u0430 \u0438 \u043f\u0443\u0442\u0435\u0448\u0435\u0441\u0442\u0432\u0438\u0439 \u0441 \u0433\u0430\u0440\u043d\u0438\u0442\u0443\u0440\u043e\u0439 \u0434\u043b\u044f \u043f\u043e\u0445\u043e\u0434\u043e\u0432 \u0438 \u043a\u0435\u043c\u043f\u0438\u043d\u0433\u0430 \u0432 \u043e\u043d\u043b\u0430\u0439\u043d \u043c\u0430\u0433\u0430\u0437\u0438\u043d\u0435 \u0441\u043f\u043e\u0440\u0442\u043e\u0434\u0435\u0436\u0434\u044b \u0438 \u043e\u0431\u0443\u0432\u0438"},{"@type":"BreadcrumbList","@id":"https:\/\/dev.xstyle.md\/product\/termokruzhka-contigo-luxe-autoseal-biscay-bay-360ml\/#breadcrumb","itemListElement":[{"@type":"ListItem","position":1,"name":"\u0413\u043b\u0430\u0432\u043d\u0430\u044f \u0441\u0442\u0440\u0430\u043d\u0438\u0446\u0430","item":"https:\/\/dev.xstyle.md\/"},{"@type":"ListItem","position":2,"name":"Shop","item":"https:\/\/dev.xstyle.md\/shop\/"},{"@type":"ListItem","position":3,"name":"\u0422\u0435\u0440\u043c\u043e\u043a\u0440\u0443\u0436\u043a\u0430 Contigo Luxe Autoseal 360ml Biscay Bay"}]},{"@type":"WebSite","@id":"https:\/\/dev.xstyle.md\/#website","url":"https:\/\/dev.xstyle.md\/","name":"Magazinul X-Style","description":"Echipamente pentru turism \u0219i sporturi extreme \u00een Moldova. Pre\u021buri, fotografii, caracteristici \u00een Moldova.","publisher":{"@id":"https:\/\/dev.xstyle.md\/#organization"},"alternateName":"X-Style","potentialAction":[{"@type":"SearchAction","target":{"@type":"EntryPoint","urlTemplate":"https:\/\/dev.xstyle.md\/?s={search_term_string}"},"query-input":{"@type":"PropertyValueSpecification","valueRequired":true,"valueName":"search_term_string"}}],"inLanguage":"ro-RO"},{"@type":"Organization","@id":"https:\/\/dev.xstyle.md\/#organization","name":"Magazinul X-Style","alternateName":"x-style","url":"https:\/\/dev.xstyle.md\/","logo":{"@type":"ImageObject","inLanguage":"ro-RO","@id":"https:\/\/dev.xstyle.md\/#\/schema\/logo\/image\/","url":"https:\/\/dev.xstyle.md\/wp-content\/uploads\/2020\/06\/logoicon.svg","contentUrl":"https:\/\/dev.xstyle.md\/wp-content\/uploads\/2020\/06\/logoicon.svg","caption":"\u041c\u0430\u0433\u0430\u0437\u0438\u043d Xstyle"},"image":{"@id":"https:\/\/dev.xstyle.md\/#\/schema\/logo\/image\/"},"sameAs":["https:\/\/www.facebook.com\/xstylemd","https:\/\/www.instagram.com\/xstyle_md\/","https:\/\/t.me\/xstyle_outdoor"],"hasMerchantReturnPolicy":{"@type":"MerchantReturnPolicy","merchantReturnLink":"https:\/\/dev.xstyle.md\/ro\/conditions\/"}}]},"product_price_amount":"775.00","product_price_currency":"MDL","og_availability":"instock","product_availability":"instock","product_retailer_item_id":"2000999769504","product_condition":"new"},"post_mailing_queue_ids":[],"_links":{"self":[{"href":"https:\/\/dev.xstyle.md\/ro\/wp-json\/wp\/v2\/product\/76064","targetHints":{"allow":["GET"]}}],"collection":[{"href":"https:\/\/dev.xstyle.md\/ro\/wp-json\/wp\/v2\/product"}],"about":[{"href":"https:\/\/dev.xstyle.md\/ro\/wp-json\/wp\/v2\/types\/product"}],"replies":[{"embeddable":true,"href":"https:\/\/dev.xstyle.md\/ro\/wp-json\/wp\/v2\/comments?post=76064"}],"version-history":[{"count":0,"href":"https:\/\/dev.xstyle.md\/ro\/wp-json\/wp\/v2\/product\/76064\/revisions"}],"wp:featuredmedia":[{"embeddable":true,"href":"https:\/\/dev.xstyle.md\/ro\/wp-json\/wp\/v2\/media\/76116"}],"wp:attachment":[{"href":"https:\/\/dev.xstyle.md\/ro\/wp-json\/wp\/v2\/media?parent=76064"}],"wp:term":[{"taxonomy":"product_brand","embeddable":true,"href":"https:\/\/dev.xstyle.md\/ro\/wp-json\/wp\/v2\/product_brand?post=76064"},{"taxonomy":"product_cat","embeddable":true,"href":"https:\/\/dev.xstyle.md\/ro\/wp-json\/wp\/v2\/product_cat?post=76064"},{"taxonomy":"product_tag","embeddable":true,"href":"https:\/\/dev.xstyle.md\/ro\/wp-json\/wp\/v2\/product_tag?post=76064"}],"curies":[{"name":"wp","href":"https:\/\/api.w.org\/{rel}","templated":true}]}}