{"id":7588,"date":"2020-07-16T22:51:27","date_gmt":"2020-07-16T19:51:27","guid":{"rendered":"https:\/\/xstyle.md\/product\/nalokotnik-bluegrass-p18-l-wapiti-2016"},"modified":"2026-03-19T16:34:03","modified_gmt":"2026-03-19T13:34:03","slug":"nalokotnik-bluegrass-p18-l-wapiti-2016","status":"publish","type":"product","link":"https:\/\/xstyle.md\/ro\/produs\/nalokotnik-bluegrass-p18-l-wapiti-2016\/","title":{"rendered":"Protec\u021bie pentru coate Bluegrass P18 L WAPITI 2016"},"content":{"rendered":"<\/p>\n<p><strong>Protec\u021bie pentru coate Bluegrass P18 L WAPITI 2016\u00a0<\/strong>&#8212; \u0441otiere durabile \u0219i elegante pentru ciclism. Carcase robuste din polipropilen\u0103, cu articula\u021bie \u00eentre cele dou\u0103 carcase pentru libertate total\u0103 de mi\u0219care.<\/p>\n<h3>Particularit\u0103\u021bi<\/h3>\n<ul>\n<li>Materialul EVA de \u00eenalt\u0103 densitate \u0219i inser\u021bia de protec\u021bie a cochiliei compozite TPR permit o protec\u021bie maxim\u0103 a cotului f\u0103r\u0103 a-\u0219i pierde elasticitatea<\/li>\n<li>Protec\u021bie lateral\u0103 bine dezvoltat\u0103<\/li>\n<li>Ap\u0103r\u0103toarele de cot st\u00e2nga \u0219i dreapta au inser\u021bii laterale asimetrice.<\/li>\n<li>Elementele de fixare cu velcro permit o dimensionare rapid\u0103 \u0219i confortabil\u0103<\/li>\n<\/ul>\n<h3>Caracteristici<\/h3>\n<ul>\n<li>Certificare &#8212; CE EN 1621-1<\/li>\n<li>Greutate &#8212; 255 g<\/li>\n<\/ul>\n<h3>Marca<\/h3>\n<p>Bluegrass este o marc\u0103 subsidiar\u0103 a faimoasei companii italiene MET, unul dintre cei mai importan\u021bi produc\u0103tori de c\u0103\u0219ti de ciclism din lume, cu o istorie de peste 30 de ani. Se concentreaz\u0103 pe produc\u021bia de protec\u021bie pentru discipline extreme: downhill, enduro, BMX \u0219i altele. Sportivi de frunte particip\u0103 la dezvoltarea \u0219i testarea modelelor. \u00cen sortimentul m\u0103rcii pute\u021bi g\u0103si diverse modele de echipamente de protec\u021bie, inclusiv genunchiere articulate, protec\u021bii pentru coate, protec\u021bii moi pentru articula\u021bii, m\u0103nu\u0219i, coifuri pentru c\u0103\u0219ti \u0219i multe altele. Produsele Bluegrass \u00eendeplinesc cerin\u021bele interna\u021bionale de siguran\u021b\u0103 \u0219i sunt caracterizate de un design elegant.<\/p>\n<p><\/p>","protected":false},"excerpt":{"rendered":"<p>Protec\u021bie pentru coate Bluegrass P18 L WAPITI 2016<\/p>","protected":false},"featured_media":7587,"comment_status":"open","ping_status":"closed","template":"","meta":{"_acf_changed":false,"inline_featured_image":false},"product_brand":[1439],"product_cat":[408],"product_tag":[],"class_list":{"0":"post-7588","1":"product","2":"type-product","3":"status-publish","4":"has-post-thumbnail","6":"product_brand-bluegrass","7":"product_cat-cycling-protection","9":"first","10":"instock","11":"shipping-taxable","12":"purchasable","13":"product-type-simple"},"acf":[],"yoast_head":"<!-- This site is optimized with the Yoast SEO plugin v27.4 - https:\/\/yoast.com\/product\/yoast-seo-wordpress\/ -->\n<title>\u041d\u0430\u043b\u043e\u043a\u043e\u0442\u043d\u0438\u043a Bluegrass P18 L WAPITI 2016 - \u041c\u0430\u0433\u0430\u0437\u0438\u043d Xstyle<\/title>\n<meta name=\"description\" content=\"\u041f\u0440\u0438\u043e\u0431\u0440\u0435\u0442\u0438\u0442\u0435 \u043d\u0430\u043b\u043e\u043a\u043e\u0442\u043d\u0438\u043a\u0438 Bluegrass P18 L WAPITI 2016 \u2014 \u043d\u0430\u0434\u0435\u0436\u043d\u0430\u044f \u0437\u0430\u0449\u0438\u0442\u0430 \u0434\u043b\u044f BMX \u0441 \u043f\u0440\u043e\u0447\u043d\u043e\u0439 \u043e\u0431\u043e\u043b\u043e\u0447\u043a\u043e\u0439 \u0438\u0437 TPR \u0438 EVA \u0434\u043b\u044f \u043c\u0430\u043a\u0441\u0438\u043c\u0430\u043b\u044c\u043d\u043e\u0433\u043e \u043a\u043e\u043c\u0444\u043e\u0440\u0442\u0430 \u0438 \u0441\u0432\u043e\u0431\u043e\u0434\u044b \u0434\u0432\u0438\u0436\u0435\u043d\u0438\u0439.\" \/>\n<meta name=\"robots\" content=\"index, follow, max-snippet:-1, max-image-preview:large, max-video-preview:-1\" \/>\n<link rel=\"canonical\" href=\"https:\/\/xstyle.md\/ro\/produs\/nalokotnik-bluegrass-p18-l-wapiti-2016\/\" \/>\n<meta property=\"og:locale\" content=\"ro_RO\" \/>\n<meta property=\"og:type\" content=\"article\" \/>\n<meta property=\"og:title\" content=\"\u041d\u0430\u043b\u043e\u043a\u043e\u0442\u043d\u0438\u043a Bluegrass P18 L WAPITI 2016 - \u041c\u0430\u0433\u0430\u0437\u0438\u043d Xstyle\" \/>\n<meta property=\"og:description\" content=\"\u041f\u0440\u0438\u043e\u0431\u0440\u0435\u0442\u0438\u0442\u0435 \u043d\u0430\u043b\u043e\u043a\u043e\u0442\u043d\u0438\u043a\u0438 Bluegrass P18 L WAPITI 2016 \u2014 \u043d\u0430\u0434\u0435\u0436\u043d\u0430\u044f \u0437\u0430\u0449\u0438\u0442\u0430 \u0434\u043b\u044f BMX \u0441 \u043f\u0440\u043e\u0447\u043d\u043e\u0439 \u043e\u0431\u043e\u043b\u043e\u0447\u043a\u043e\u0439 \u0438\u0437 TPR \u0438 EVA \u0434\u043b\u044f \u043c\u0430\u043a\u0441\u0438\u043c\u0430\u043b\u044c\u043d\u043e\u0433\u043e \u043a\u043e\u043c\u0444\u043e\u0440\u0442\u0430 \u0438 \u0441\u0432\u043e\u0431\u043e\u0434\u044b \u0434\u0432\u0438\u0436\u0435\u043d\u0438\u0439.\" \/>\n<meta property=\"og:url\" content=\"https:\/\/xstyle.md\/ro\/produs\/nalokotnik-bluegrass-p18-l-wapiti-2016\/\" \/>\n<meta property=\"og:site_name\" content=\"\u041c\u0430\u0433\u0430\u0437\u0438\u043d Xstyle\" \/>\n<meta property=\"article:publisher\" content=\"https:\/\/www.facebook.com\/xstylemd\" \/>\n<meta property=\"article:modified_time\" content=\"2026-03-19T13:34:03+00:00\" \/>\n<meta property=\"og:image\" content=\"https:\/\/xstyle.md\/wp-content\/uploads\/2020\/07\/600x600-118130-wapiti-elbow-p18-16-main.jpg\" \/>\n\t<meta property=\"og:image:width\" content=\"600\" \/>\n\t<meta property=\"og:image:height\" content=\"600\" \/>\n\t<meta property=\"og:image:type\" content=\"image\/jpeg\" \/>\n<meta name=\"twitter:card\" content=\"summary_large_image\" \/>\n<meta name=\"twitter:label1\" content=\"Pre\u021b\" \/>\n\t<meta name=\"twitter:data1\" content=\"1.690&nbsp;MDL\" \/>\n\t<meta name=\"twitter:label2\" content=\"Disponibilitate\" \/>\n\t<meta name=\"twitter:data2\" content=\"\u00cen stoc\" \/>\n<script type=\"application\/ld+json\" class=\"yoast-schema-graph\">{\"@context\":\"https:\\\/\\\/schema.org\",\"@graph\":[{\"@type\":\"WebPage\",\"@id\":\"https:\\\/\\\/xstyle.md\\\/product\\\/nalokotnik-bluegrass-p18-l-wapiti-2016\\\/\",\"url\":\"https:\\\/\\\/xstyle.md\\\/product\\\/nalokotnik-bluegrass-p18-l-wapiti-2016\\\/\",\"name\":\"\u041d\u0430\u043b\u043e\u043a\u043e\u0442\u043d\u0438\u043a Bluegrass P18 L WAPITI 2016 - \u041c\u0430\u0433\u0430\u0437\u0438\u043d Xstyle\",\"isPartOf\":{\"@id\":\"https:\\\/\\\/xstyle.md\\\/#website\"},\"primaryImageOfPage\":{\"@id\":\"https:\\\/\\\/xstyle.md\\\/product\\\/nalokotnik-bluegrass-p18-l-wapiti-2016\\\/#primaryimage\"},\"image\":{\"@id\":\"https:\\\/\\\/xstyle.md\\\/product\\\/nalokotnik-bluegrass-p18-l-wapiti-2016\\\/#primaryimage\"},\"thumbnailUrl\":\"https:\\\/\\\/xstyle.md\\\/wp-content\\\/uploads\\\/2020\\\/07\\\/600x600-118130-wapiti-elbow-p18-16-main.jpg\",\"datePublished\":\"2020-07-16T19:51:27+00:00\",\"dateModified\":\"2026-03-19T13:34:03+00:00\",\"description\":\"\u041f\u0440\u0438\u043e\u0431\u0440\u0435\u0442\u0438\u0442\u0435 \u043d\u0430\u043b\u043e\u043a\u043e\u0442\u043d\u0438\u043a\u0438 Bluegrass P18 L WAPITI 2016 \u2014 \u043d\u0430\u0434\u0435\u0436\u043d\u0430\u044f \u0437\u0430\u0449\u0438\u0442\u0430 \u0434\u043b\u044f BMX \u0441 \u043f\u0440\u043e\u0447\u043d\u043e\u0439 \u043e\u0431\u043e\u043b\u043e\u0447\u043a\u043e\u0439 \u0438\u0437 TPR \u0438 EVA \u0434\u043b\u044f \u043c\u0430\u043a\u0441\u0438\u043c\u0430\u043b\u044c\u043d\u043e\u0433\u043e \u043a\u043e\u043c\u0444\u043e\u0440\u0442\u0430 \u0438 \u0441\u0432\u043e\u0431\u043e\u0434\u044b \u0434\u0432\u0438\u0436\u0435\u043d\u0438\u0439.\",\"breadcrumb\":{\"@id\":\"https:\\\/\\\/xstyle.md\\\/product\\\/nalokotnik-bluegrass-p18-l-wapiti-2016\\\/#breadcrumb\"},\"inLanguage\":\"ro-RO\",\"potentialAction\":[{\"@type\":\"ReadAction\",\"target\":[\"https:\\\/\\\/xstyle.md\\\/product\\\/nalokotnik-bluegrass-p18-l-wapiti-2016\\\/\"]}]},{\"@type\":\"ImageObject\",\"inLanguage\":\"ro-RO\",\"@id\":\"https:\\\/\\\/xstyle.md\\\/product\\\/nalokotnik-bluegrass-p18-l-wapiti-2016\\\/#primaryimage\",\"url\":\"https:\\\/\\\/xstyle.md\\\/wp-content\\\/uploads\\\/2020\\\/07\\\/600x600-118130-wapiti-elbow-p18-16-main.jpg\",\"contentUrl\":\"https:\\\/\\\/xstyle.md\\\/wp-content\\\/uploads\\\/2020\\\/07\\\/600x600-118130-wapiti-elbow-p18-16-main.jpg\",\"width\":600,\"height\":600},{\"@type\":\"BreadcrumbList\",\"@id\":\"https:\\\/\\\/xstyle.md\\\/product\\\/nalokotnik-bluegrass-p18-l-wapiti-2016\\\/#breadcrumb\",\"itemListElement\":[{\"@type\":\"ListItem\",\"position\":1,\"name\":\"\u0413\u043b\u0430\u0432\u043d\u0430\u044f \u0441\u0442\u0440\u0430\u043d\u0438\u0446\u0430\",\"item\":\"https:\\\/\\\/xstyle.md\\\/\"},{\"@type\":\"ListItem\",\"position\":2,\"name\":\"\u041c\u0430\u0433\u0430\u0437\u0438\u043d\",\"item\":\"https:\\\/\\\/xstyle.md\\\/shop\\\/\"},{\"@type\":\"ListItem\",\"position\":3,\"name\":\"\u041d\u0430\u043b\u043e\u043a\u043e\u0442\u043d\u0438\u043a Bluegrass P18 L WAPITI 2016\"}]},{\"@type\":\"WebSite\",\"@id\":\"https:\\\/\\\/xstyle.md\\\/#website\",\"url\":\"https:\\\/\\\/xstyle.md\\\/\",\"name\":\"\u041c\u0430\u0433\u0430\u0437\u0438\u043d Xstyle\",\"description\":\"C\u043d\u0430\u0440\u044f\u0436\u0435\u043d\u0438\u0435 \u0434\u043b\u044f \u0442\u0443\u0440\u0438\u0437\u043c\u0430 \u0438 \u044d\u043a\u0441\u0442\u0440\u0435\u043c\u0430\u043b\u044c\u043d\u044b\u0445 \u0432\u0438\u0434\u043e\u0432 \u0441\u043f\u043e\u0440\u0442\u0430 \u0432 \u041c\u043e\u043b\u0434\u043e\u0432\u0435.. \u0426\u0435\u043d\u044b, \u0444\u043e\u0442\u043e, \u0445\u0430\u0440\u0430\u043a\u0442\u0435\u0440\u0438\u0441\u0442\u0438\u043a\u0438 \u0432 \u041c\u043e\u043b\u0434\u043e\u0432\u0435.\",\"publisher\":{\"@id\":\"https:\\\/\\\/xstyle.md\\\/#organization\"},\"alternateName\":\"X-Style\",\"potentialAction\":[{\"@type\":\"SearchAction\",\"target\":{\"@type\":\"EntryPoint\",\"urlTemplate\":\"https:\\\/\\\/xstyle.md\\\/?s={search_term_string}\"},\"query-input\":{\"@type\":\"PropertyValueSpecification\",\"valueRequired\":true,\"valueName\":\"search_term_string\"}}],\"inLanguage\":\"ro-RO\"},{\"@type\":\"Organization\",\"@id\":\"https:\\\/\\\/xstyle.md\\\/#organization\",\"name\":\"\u041c\u0430\u0433\u0430\u0437\u0438\u043d Xstyle\",\"alternateName\":\"x-style\",\"url\":\"https:\\\/\\\/xstyle.md\\\/\",\"logo\":{\"@type\":\"ImageObject\",\"inLanguage\":\"ro-RO\",\"@id\":\"https:\\\/\\\/xstyle.md\\\/#\\\/schema\\\/logo\\\/image\\\/\",\"url\":\"https:\\\/\\\/xstyle.md\\\/wp-content\\\/uploads\\\/2020\\\/06\\\/logoicon.svg\",\"contentUrl\":\"https:\\\/\\\/xstyle.md\\\/wp-content\\\/uploads\\\/2020\\\/06\\\/logoicon.svg\",\"caption\":\"\u041c\u0430\u0433\u0430\u0437\u0438\u043d Xstyle\"},\"image\":{\"@id\":\"https:\\\/\\\/xstyle.md\\\/#\\\/schema\\\/logo\\\/image\\\/\"},\"sameAs\":[\"https:\\\/\\\/www.facebook.com\\\/xstylemd\",\"https:\\\/\\\/www.instagram.com\\\/xstyle_md\\\/\",\"https:\\\/\\\/t.me\\\/xstyle_outdoor\"],\"hasMerchantReturnPolicy\":{\"@type\":\"MerchantReturnPolicy\",\"merchantReturnLink\":\"https:\\\/\\\/xstyle.md\\\/ro\\\/conditions\\\/\"}}]}<\/script>\n<meta property=\"product:price:amount\" content=\"1690.00\" \/>\n<meta property=\"product:price:currency\" content=\"MDL\" \/>\n<meta property=\"og:availability\" content=\"instock\" \/>\n<meta property=\"product:availability\" content=\"instock\" \/>\n<meta property=\"product:retailer_item_id\" content=\"8015190239835\" \/>\n<meta property=\"product:condition\" content=\"new\" \/>\n<!-- \/ Yoast SEO plugin. -->","yoast_head_json":{"title":"Protec\u021bie pentru coate Bluegrass P18 L WAPITI 2016 - Magazin Xstyle","description":"Achizi\u021biona\u021bi protec\u021biile pentru coate Bluegrass P18 L WAPITI 2016 \u2014 protec\u021bie de \u00eencredere pentru BMX cu un \u00eenveli\u0219 rezistent din TPR \u0219i EVA pentru maximul confort \u0219i libertate de mi\u0219care.","robots":{"index":"index","follow":"follow","max-snippet":"max-snippet:-1","max-image-preview":"max-image-preview:large","max-video-preview":"max-video-preview:-1"},"canonical":"https:\/\/xstyle.md\/ro\/produs\/nalokotnik-bluegrass-p18-l-wapiti-2016\/","og_locale":"ro_RO","og_type":"article","og_title":"\u041d\u0430\u043b\u043e\u043a\u043e\u0442\u043d\u0438\u043a Bluegrass P18 L WAPITI 2016 - \u041c\u0430\u0433\u0430\u0437\u0438\u043d Xstyle","og_description":"\u041f\u0440\u0438\u043e\u0431\u0440\u0435\u0442\u0438\u0442\u0435 \u043d\u0430\u043b\u043e\u043a\u043e\u0442\u043d\u0438\u043a\u0438 Bluegrass P18 L WAPITI 2016 \u2014 \u043d\u0430\u0434\u0435\u0436\u043d\u0430\u044f \u0437\u0430\u0449\u0438\u0442\u0430 \u0434\u043b\u044f BMX \u0441 \u043f\u0440\u043e\u0447\u043d\u043e\u0439 \u043e\u0431\u043e\u043b\u043e\u0447\u043a\u043e\u0439 \u0438\u0437 TPR \u0438 EVA \u0434\u043b\u044f \u043c\u0430\u043a\u0441\u0438\u043c\u0430\u043b\u044c\u043d\u043e\u0433\u043e \u043a\u043e\u043c\u0444\u043e\u0440\u0442\u0430 \u0438 \u0441\u0432\u043e\u0431\u043e\u0434\u044b \u0434\u0432\u0438\u0436\u0435\u043d\u0438\u0439.","og_url":"https:\/\/xstyle.md\/ro\/produs\/nalokotnik-bluegrass-p18-l-wapiti-2016\/","og_site_name":"\u041c\u0430\u0433\u0430\u0437\u0438\u043d Xstyle","article_publisher":"https:\/\/www.facebook.com\/xstylemd","article_modified_time":"2026-03-19T13:34:03+00:00","og_image":[{"width":600,"height":600,"url":"https:\/\/xstyle.md\/wp-content\/uploads\/2020\/07\/600x600-118130-wapiti-elbow-p18-16-main.jpg","type":"image\/jpeg"}],"twitter_card":"summary_large_image","twitter_misc":{"Pre\u021b":"1.690&nbsp;MDL","Disponibilitate":"\u00cen stoc"},"schema":{"@context":"https:\/\/schema.org","@graph":[{"@type":"WebPage","@id":"https:\/\/xstyle.md\/product\/nalokotnik-bluegrass-p18-l-wapiti-2016\/","url":"https:\/\/xstyle.md\/product\/nalokotnik-bluegrass-p18-l-wapiti-2016\/","name":"Protec\u021bie pentru coate Bluegrass P18 L WAPITI 2016 - Magazin Xstyle","isPartOf":{"@id":"https:\/\/xstyle.md\/#website"},"primaryImageOfPage":{"@id":"https:\/\/xstyle.md\/product\/nalokotnik-bluegrass-p18-l-wapiti-2016\/#primaryimage"},"image":{"@id":"https:\/\/xstyle.md\/product\/nalokotnik-bluegrass-p18-l-wapiti-2016\/#primaryimage"},"thumbnailUrl":"https:\/\/xstyle.md\/wp-content\/uploads\/2020\/07\/600x600-118130-wapiti-elbow-p18-16-main.jpg","datePublished":"2020-07-16T19:51:27+00:00","dateModified":"2026-03-19T13:34:03+00:00","description":"Achizi\u021biona\u021bi protec\u021biile pentru coate Bluegrass P18 L WAPITI 2016 \u2014 protec\u021bie de \u00eencredere pentru BMX cu un \u00eenveli\u0219 rezistent din TPR \u0219i EVA pentru maximul confort \u0219i libertate de mi\u0219care.","breadcrumb":{"@id":"https:\/\/xstyle.md\/product\/nalokotnik-bluegrass-p18-l-wapiti-2016\/#breadcrumb"},"inLanguage":"ro-RO","potentialAction":[{"@type":"ReadAction","target":["https:\/\/xstyle.md\/product\/nalokotnik-bluegrass-p18-l-wapiti-2016\/"]}]},{"@type":"ImageObject","inLanguage":"ro-RO","@id":"https:\/\/xstyle.md\/product\/nalokotnik-bluegrass-p18-l-wapiti-2016\/#primaryimage","url":"https:\/\/xstyle.md\/wp-content\/uploads\/2020\/07\/600x600-118130-wapiti-elbow-p18-16-main.jpg","contentUrl":"https:\/\/xstyle.md\/wp-content\/uploads\/2020\/07\/600x600-118130-wapiti-elbow-p18-16-main.jpg","width":600,"height":600},{"@type":"BreadcrumbList","@id":"https:\/\/xstyle.md\/product\/nalokotnik-bluegrass-p18-l-wapiti-2016\/#breadcrumb","itemListElement":[{"@type":"ListItem","position":1,"name":"\u0413\u043b\u0430\u0432\u043d\u0430\u044f \u0441\u0442\u0440\u0430\u043d\u0438\u0446\u0430","item":"https:\/\/xstyle.md\/"},{"@type":"ListItem","position":2,"name":"\u041c\u0430\u0433\u0430\u0437\u0438\u043d","item":"https:\/\/xstyle.md\/shop\/"},{"@type":"ListItem","position":3,"name":"\u041d\u0430\u043b\u043e\u043a\u043e\u0442\u043d\u0438\u043a Bluegrass P18 L WAPITI 2016"}]},{"@type":"WebSite","@id":"https:\/\/xstyle.md\/#website","url":"https:\/\/xstyle.md\/","name":"Magazinul X-Style","description":"Echipamente pentru turism \u0219i sporturi extreme \u00een Moldova. Pre\u021buri, fotografii, caracteristici \u00een Moldova.","publisher":{"@id":"https:\/\/xstyle.md\/#organization"},"alternateName":"X-Style","potentialAction":[{"@type":"SearchAction","target":{"@type":"EntryPoint","urlTemplate":"https:\/\/xstyle.md\/?s={search_term_string}"},"query-input":{"@type":"PropertyValueSpecification","valueRequired":true,"valueName":"search_term_string"}}],"inLanguage":"ro-RO"},{"@type":"Organization","@id":"https:\/\/xstyle.md\/#organization","name":"Magazinul X-Style","alternateName":"x-style","url":"https:\/\/xstyle.md\/","logo":{"@type":"ImageObject","inLanguage":"ro-RO","@id":"https:\/\/xstyle.md\/#\/schema\/logo\/image\/","url":"https:\/\/xstyle.md\/wp-content\/uploads\/2020\/06\/logoicon.svg","contentUrl":"https:\/\/xstyle.md\/wp-content\/uploads\/2020\/06\/logoicon.svg","caption":"\u041c\u0430\u0433\u0430\u0437\u0438\u043d Xstyle"},"image":{"@id":"https:\/\/xstyle.md\/#\/schema\/logo\/image\/"},"sameAs":["https:\/\/www.facebook.com\/xstylemd","https:\/\/www.instagram.com\/xstyle_md\/","https:\/\/t.me\/xstyle_outdoor"],"hasMerchantReturnPolicy":{"@type":"MerchantReturnPolicy","merchantReturnLink":"https:\/\/xstyle.md\/ro\/conditions\/"}}]},"product_price_amount":"1690.00","product_price_currency":"MDL","og_availability":"instock","product_availability":"instock","product_retailer_item_id":"8015190239835","product_condition":"new"},"_links":{"self":[{"href":"https:\/\/xstyle.md\/ro\/wp-json\/wp\/v2\/product\/7588","targetHints":{"allow":["GET"]}}],"collection":[{"href":"https:\/\/xstyle.md\/ro\/wp-json\/wp\/v2\/product"}],"about":[{"href":"https:\/\/xstyle.md\/ro\/wp-json\/wp\/v2\/types\/product"}],"replies":[{"embeddable":true,"href":"https:\/\/xstyle.md\/ro\/wp-json\/wp\/v2\/comments?post=7588"}],"wp:featuredmedia":[{"embeddable":true,"href":"https:\/\/xstyle.md\/ro\/wp-json\/wp\/v2\/media\/7587"}],"wp:attachment":[{"href":"https:\/\/xstyle.md\/ro\/wp-json\/wp\/v2\/media?parent=7588"}],"wp:term":[{"taxonomy":"product_brand","embeddable":true,"href":"https:\/\/xstyle.md\/ro\/wp-json\/wp\/v2\/product_brand?post=7588"},{"taxonomy":"product_cat","embeddable":true,"href":"https:\/\/xstyle.md\/ro\/wp-json\/wp\/v2\/product_cat?post=7588"},{"taxonomy":"product_tag","embeddable":true,"href":"https:\/\/xstyle.md\/ro\/wp-json\/wp\/v2\/product_tag?post=7588"}],"curies":[{"name":"wp","href":"https:\/\/api.w.org\/{rel}","templated":true}]}}