{"id":74725,"date":"2023-10-04T19:21:54","date_gmt":"2023-10-04T16:21:54","guid":{"rendered":"https:\/\/xstyle.md\/?post_type=product&#038;p=74725"},"modified":"2026-03-19T17:15:14","modified_gmt":"2026-03-19T14:15:14","slug":"termofutbolka-accapi-xperience-mns-military-black","status":"publish","type":"product","link":"https:\/\/xstyle.md\/ro\/produs\/termofutbolka-accapi-xperience-mns-military-black\/","title":{"rendered":"Tricou termic Accapi Xperience Mns military\/black"},"content":{"rendered":"<\/p>\n<p><strong>Accapi Xperience<\/strong> &#8212; o lenjerie de corp termic\u0103 avansat\u0103 din punct de vedere tehnologic, special conceput\u0103 pentru disciplinele care implic\u0103 efort aerobic ciclic, cum ar fi schiul \u0219i drume\u021biile. Unicitatea modelului const\u0103 \u00een construc\u021bia elastic\u0103 f\u0103r\u0103 cus\u0103turi \u0219i \u00een zona special\u0103 Micro Stripes Zone. Lenjeria de corp termic\u0103 nu constr\u00e2nge mi\u0219c\u0103rile \u00een toate situa\u021biile extreme din disciplinele sportive. Materialul interior conduce umiditatea spre exterior, men\u021bin\u00e2nd un microclimat optim. Propriet\u0103\u021bile bune de termoreglare men\u021bin temperatura corpului constant\u0103 \u00een cazul schimb\u0103rilor climatice extreme. Impregnarea antibacterian\u0103 previne formarea de mirosuri nepl\u0103cute.<\/p>\n<h3>Particularit\u0103\u021bi<\/h3>\n<ul>\n<li>Tehnologia EXS: fibra de polipropilen\u0103 aleas\u0103 de Accapi pentru a crea acest articol de \u00eembr\u0103c\u0103minte este u\u0219oar\u0103, respirabil\u0103 \u0219i durabil\u0103 pentru a maximiza poten\u021bialul fiec\u0103rui atlet. Canelurile sale speciale de lungime \u0219i densitate variabil\u0103, create \u00een urma unor studii ergonomice speciale asupra mu\u0219chilor, asigur\u0103 o rat\u0103 de \u00eentindere specific\u0103 pentru cea mai bun\u0103 performan\u021b\u0103 a fiec\u0103rei zone musculare implicate.<\/li>\n<li>Fibr\u0103 U-Dry hidrofug\u0103, cu cea mai mic\u0103 absorb\u021bie de umiditate, izolatoare, cu cea mai mic\u0103 disipare de c\u0103ldur\u0103, u\u0219oar\u0103, cu cea mai mic\u0103 greutate specific\u0103, bacteriostatic\u0103 \u0219i cu uscare extrem de rapid\u0103.<\/li>\n<li>Microfibra Accapi Mikro are o gravitate specific\u0103 relativ sc\u0103zut\u0103 \u0219i este rezistent\u0103 la impact \u0219i abraziune, permi\u021b\u00e2nd realizarea unor articole de \u00eembr\u0103c\u0103minte foarte durabile \u0219i confortabile.<\/li>\n<li>Tehnologia VAPOR++ este un tratament termic cu vapori de ap\u0103, \u00een cadrul c\u0103ruia haina este expus\u0103 la temperaturi de peste 100\u00b0C, cu contrac\u021bie ulterioar\u0103. R\u0103cirea rapid\u0103 ulterioar\u0103 are un efect de stabilizare, astfel \u00eenc\u00e2t haina \u00ee\u0219i p\u0103streaz\u0103 elasticitatea natural\u0103 \u0219i nu se mic\u0219oreaz\u0103 dup\u0103 sp\u0103l\u0103ri repetate.<\/li>\n<li>Connecting Ribs\u00ae &#8212; &#171;nervuri de rigidizare&#187; func\u021bionale de leg\u0103tur\u0103.<\/li>\n<li>Structur\u0103 bidimensional\u0103 a \u021bes\u0103turii \u00een dungi, cu dungi de l\u0103\u021bimi diferite \u0219i &#171;tragere&#187;: un efect utilizat pentru a echilibra compresia \u0219i ajustarea \u00eembr\u0103c\u0103mintei.<\/li>\n<li>Structura Micro bee Memo cu memorie de form\u0103 tridimensional\u0103 este capabil\u0103 s\u0103 se adapteze perfect la mi\u0219care, oferind protec\u021bie suplimentar\u0103 \u00een zonele de frecare.<\/li>\n<li>Cus\u0103turi speciale ultraplate Leg\u0103tur\u0103 extensibil\u0103 confortabil\u0103, foarte rezistent\u0103, care repet\u0103 \u00eentinderea hainei \u00een timpul mi\u0219c\u0103rii.<\/li>\n<li>Band\u0103 de fixare inteligent\u0103 Elastic fitting: lenjeria termic\u0103 se \u00eentinde f\u0103r\u0103 a exercita o presiune nejustificat\u0103 asupra corpului \u0219i r\u0103m\u00e2ne bine fixat\u0103.<\/li>\n<\/ul>\n<h3>Caracteristici<\/h3>\n<ul>\n<li>Sezon &#8212; iarn\u0103\/demisezon<\/li>\n<li>Compozi\u021bie &#8212; 67% polipropilen\u0103, 26% nailon, 7% elastan<\/li>\n<li>Aplicare &#8212; activit\u0103\u021bi \u00een aer liber &#8212; trekking\/freeride\/schi de munte\/snowboarding\/ alergare\/jogging\/running<\/li>\n<li>Model - b\u0103rba\u021bi<\/li>\n<\/ul>\n<h3>Marca<\/h3>\n<p>Compania italian\u0103 Accapi este un exemplu al modului \u00een care tradi\u021biile vechi \u0219i experien\u021ba trecutului tr\u0103iesc \u00een armonie perfect\u0103 cu cele mai avansate tehnologii \u0219i echipamente moderne. \u00cenfiin\u021bat\u0103 \u00een 1958 de familia Chiaruttini, care ini\u021bial producea \u0219osete obi\u0219nuite, \u0219i dup\u0103 ce a acumulat o experien\u021b\u0103 considerabil\u0103, \u00een 1994 a \u00eenceput s\u0103 produc\u0103 \u0219osete tehnologice pentru toate tipurile de sport. De trei genera\u021bii, produc\u021bia de lenjerie de corp termic\u0103 este o afacere de familie, ceea ce garanteaz\u0103 consecven\u021ba unei calit\u0103\u021bi ridicate, deoarece toate modelele sunt produse \u00een fabrica proprie a companiei din Italia. Introducerea de noi tehnologii \u00een 2006 a permis extinderea liniei de produse \u0219i revizuirea calitativ\u0103 a modelelor existente. \u00cen acela\u0219i timp, pre\u021burile pentru Accapi au r\u0103mas la acela\u0219i nivel. Marca Accapi este sponsorul a diver\u0219i sportivi din ciclismul rutier, cursele de motociclete, atletism, schi alpin, inclusiv medalia\u021bi olimpici.<\/p>\n<p><\/p>","protected":false},"excerpt":{"rendered":"","protected":false},"featured_media":74821,"comment_status":"open","ping_status":"closed","template":"","meta":{"_acf_changed":false,"inline_featured_image":false},"product_brand":[1407],"product_cat":[288],"product_tag":[],"class_list":{"0":"post-74725","1":"product","2":"type-product","3":"status-publish","4":"has-post-thumbnail","6":"product_brand-accapi","7":"product_cat-thermals-barbati","9":"first","10":"instock","11":"shipping-taxable","12":"purchasable","13":"product-type-simple"},"acf":[],"yoast_head":"<!-- This site is optimized with the Yoast SEO plugin v27.4 - https:\/\/yoast.com\/product\/yoast-seo-wordpress\/ -->\n<title>\u0422\u0435\u0440\u043c\u043e\u0444\u0443\u0442\u0431\u043e\u043b\u043a\u0430 Accapi Xperience Mns military\/black - \u041c\u0430\u0433\u0430\u0437\u0438\u043d Xstyle<\/title>\n<meta name=\"description\" content=\"\u0422\u0435\u0440\u043c\u043e\u0444\u0443\u0442\u0431\u043e\u043b\u043a\u0430 Accapi Xperience Mns \u0432 \u0432\u043e\u0435\u043d\u043d\u043e\u043c\/\u0447\u0435\u0440\u043d\u043e\u043c \u0446\u0432\u0435\u0442\u0435 \u2013 \u0438\u0434\u0435\u0430\u043b\u044c\u043d\u0430\u044f \u0434\u043b\u044f \u0430\u043a\u0442\u0438\u0432\u043d\u043e\u0433\u043e \u043e\u0442\u0434\u044b\u0445\u0430. \u0423\u043d\u0438\u043a\u0430\u043b\u044c\u043d\u0430\u044f \u0442\u0435\u0445\u043d\u043e\u043b\u043e\u0433\u0438\u044f \u0434\u043b\u044f \u043a\u043e\u043c\u0444\u043e\u0440\u0442\u0430 \u043f\u0440\u0438 \u0444\u0438\u0437\u0438\u0447\u0435\u0441\u043a\u0438\u0445 \u043d\u0430\u0433\u0440\u0443\u0437\u043a\u0430\u0445.\" \/>\n<meta name=\"robots\" content=\"index, follow, max-snippet:-1, max-image-preview:large, max-video-preview:-1\" \/>\n<link rel=\"canonical\" href=\"https:\/\/xstyle.md\/ro\/produs\/termofutbolka-accapi-xperience-mns-military-black\/\" \/>\n<meta property=\"og:locale\" content=\"ro_RO\" \/>\n<meta property=\"og:type\" content=\"article\" \/>\n<meta property=\"og:title\" content=\"\u0422\u0435\u0440\u043c\u043e\u0444\u0443\u0442\u0431\u043e\u043b\u043a\u0430 Accapi Xperience Mns military\/black - \u041c\u0430\u0433\u0430\u0437\u0438\u043d Xstyle\" \/>\n<meta property=\"og:description\" content=\"\u0422\u0435\u0440\u043c\u043e\u0444\u0443\u0442\u0431\u043e\u043b\u043a\u0430 Accapi Xperience Mns \u0432 \u0432\u043e\u0435\u043d\u043d\u043e\u043c\/\u0447\u0435\u0440\u043d\u043e\u043c \u0446\u0432\u0435\u0442\u0435 \u2013 \u0438\u0434\u0435\u0430\u043b\u044c\u043d\u0430\u044f \u0434\u043b\u044f \u0430\u043a\u0442\u0438\u0432\u043d\u043e\u0433\u043e \u043e\u0442\u0434\u044b\u0445\u0430. \u0423\u043d\u0438\u043a\u0430\u043b\u044c\u043d\u0430\u044f \u0442\u0435\u0445\u043d\u043e\u043b\u043e\u0433\u0438\u044f \u0434\u043b\u044f \u043a\u043e\u043c\u0444\u043e\u0440\u0442\u0430 \u043f\u0440\u0438 \u0444\u0438\u0437\u0438\u0447\u0435\u0441\u043a\u0438\u0445 \u043d\u0430\u0433\u0440\u0443\u0437\u043a\u0430\u0445.\" \/>\n<meta property=\"og:url\" content=\"https:\/\/xstyle.md\/ro\/produs\/termofutbolka-accapi-xperience-mns-military-black\/\" \/>\n<meta property=\"og:site_name\" content=\"\u041c\u0430\u0433\u0430\u0437\u0438\u043d Xstyle\" \/>\n<meta property=\"article:publisher\" content=\"https:\/\/www.facebook.com\/xstylemd\" \/>\n<meta property=\"article:modified_time\" content=\"2026-03-19T14:15:14+00:00\" \/>\n<meta property=\"og:image\" content=\"https:\/\/xstyle.md\/wp-content\/uploads\/2023\/10\/tricou-accapi-xperience-mns-military-black.jpg\" \/>\n\t<meta property=\"og:image:width\" content=\"1880\" \/>\n\t<meta property=\"og:image:height\" content=\"1920\" \/>\n\t<meta property=\"og:image:type\" content=\"image\/jpeg\" \/>\n<meta name=\"twitter:card\" content=\"summary_large_image\" \/>\n<meta name=\"twitter:label1\" content=\"Pre\u021b\" \/>\n\t<meta name=\"twitter:data1\" content=\"1.290&nbsp;MDL\" \/>\n\t<meta name=\"twitter:label2\" content=\"Disponibilitate\" \/>\n\t<meta name=\"twitter:data2\" content=\"\u00cen stoc\" \/>\n<script type=\"application\/ld+json\" class=\"yoast-schema-graph\">{\"@context\":\"https:\\\/\\\/schema.org\",\"@graph\":[{\"@type\":\"WebPage\",\"@id\":\"https:\\\/\\\/xstyle.md\\\/product\\\/termofutbolka-accapi-xperience-mns-military-black\\\/\",\"url\":\"https:\\\/\\\/xstyle.md\\\/product\\\/termofutbolka-accapi-xperience-mns-military-black\\\/\",\"name\":\"\u0422\u0435\u0440\u043c\u043e\u0444\u0443\u0442\u0431\u043e\u043b\u043a\u0430 Accapi Xperience Mns military\\\/black - \u041c\u0430\u0433\u0430\u0437\u0438\u043d Xstyle\",\"isPartOf\":{\"@id\":\"https:\\\/\\\/xstyle.md\\\/#website\"},\"primaryImageOfPage\":{\"@id\":\"https:\\\/\\\/xstyle.md\\\/product\\\/termofutbolka-accapi-xperience-mns-military-black\\\/#primaryimage\"},\"image\":{\"@id\":\"https:\\\/\\\/xstyle.md\\\/product\\\/termofutbolka-accapi-xperience-mns-military-black\\\/#primaryimage\"},\"thumbnailUrl\":\"https:\\\/\\\/xstyle.md\\\/wp-content\\\/uploads\\\/2023\\\/10\\\/tricou-accapi-xperience-mns-military-black.jpg\",\"datePublished\":\"2023-10-04T16:21:54+00:00\",\"dateModified\":\"2026-03-19T14:15:14+00:00\",\"description\":\"\u0422\u0435\u0440\u043c\u043e\u0444\u0443\u0442\u0431\u043e\u043b\u043a\u0430 Accapi Xperience Mns \u0432 \u0432\u043e\u0435\u043d\u043d\u043e\u043c\\\/\u0447\u0435\u0440\u043d\u043e\u043c \u0446\u0432\u0435\u0442\u0435 \u2013 \u0438\u0434\u0435\u0430\u043b\u044c\u043d\u0430\u044f \u0434\u043b\u044f \u0430\u043a\u0442\u0438\u0432\u043d\u043e\u0433\u043e \u043e\u0442\u0434\u044b\u0445\u0430. \u0423\u043d\u0438\u043a\u0430\u043b\u044c\u043d\u0430\u044f \u0442\u0435\u0445\u043d\u043e\u043b\u043e\u0433\u0438\u044f \u0434\u043b\u044f \u043a\u043e\u043c\u0444\u043e\u0440\u0442\u0430 \u043f\u0440\u0438 \u0444\u0438\u0437\u0438\u0447\u0435\u0441\u043a\u0438\u0445 \u043d\u0430\u0433\u0440\u0443\u0437\u043a\u0430\u0445.\",\"breadcrumb\":{\"@id\":\"https:\\\/\\\/xstyle.md\\\/product\\\/termofutbolka-accapi-xperience-mns-military-black\\\/#breadcrumb\"},\"inLanguage\":\"ro-RO\",\"potentialAction\":[{\"@type\":\"ReadAction\",\"target\":[\"https:\\\/\\\/xstyle.md\\\/product\\\/termofutbolka-accapi-xperience-mns-military-black\\\/\"]}]},{\"@type\":\"ImageObject\",\"inLanguage\":\"ro-RO\",\"@id\":\"https:\\\/\\\/xstyle.md\\\/product\\\/termofutbolka-accapi-xperience-mns-military-black\\\/#primaryimage\",\"url\":\"https:\\\/\\\/xstyle.md\\\/wp-content\\\/uploads\\\/2023\\\/10\\\/tricou-accapi-xperience-mns-military-black.jpg\",\"contentUrl\":\"https:\\\/\\\/xstyle.md\\\/wp-content\\\/uploads\\\/2023\\\/10\\\/tricou-accapi-xperience-mns-military-black.jpg\",\"width\":1880,\"height\":1920,\"caption\":\"\u0422\u0435\u0440\u043c\u043e\u0448\u0442\u0430\u043d\u044b Accapi Xperience Wmn \u0447\u0435\u0440\u043d\u044b\u0435 \u0434\u043b\u044f \u0430\u043a\u0442\u0438\u0432\u043d\u043e\u0433\u043e \u043e\u0442\u0434\u044b\u0445\u0430, \u043f\u043e\u0445\u043e\u0434\u043e\u0432, \u0442\u0443\u0440\u0438\u0437\u043c\u0430, \u043f\u0443\u0442\u0435\u0448\u0435\u0441\u0442\u0432\u0438\u0439, \u0441\u043f\u043e\u0440\u0442\u043d\u043e\u0439 \u043e\u0434\u0435\u0436\u0434\u044b, \u043e\u0431\u0443\u0432\u0438 \u0438 \u0441\u043d\u0430\u0440\u044f\u0436\u0435\u043d\u0438\u044f \u0434\u043b\u044f \u0430\u043a\u0442\u0438\u0432\u043d\u043e\u0439 \u0436\u0438\u0437\u043d\u0438\"},{\"@type\":\"BreadcrumbList\",\"@id\":\"https:\\\/\\\/xstyle.md\\\/product\\\/termofutbolka-accapi-xperience-mns-military-black\\\/#breadcrumb\",\"itemListElement\":[{\"@type\":\"ListItem\",\"position\":1,\"name\":\"\u0413\u043b\u0430\u0432\u043d\u0430\u044f \u0441\u0442\u0440\u0430\u043d\u0438\u0446\u0430\",\"item\":\"https:\\\/\\\/xstyle.md\\\/\"},{\"@type\":\"ListItem\",\"position\":2,\"name\":\"\u041c\u0430\u0433\u0430\u0437\u0438\u043d\",\"item\":\"https:\\\/\\\/xstyle.md\\\/shop\\\/\"},{\"@type\":\"ListItem\",\"position\":3,\"name\":\"\u0422\u0435\u0440\u043c\u043e\u0444\u0443\u0442\u0431\u043e\u043b\u043a\u0430 Accapi Xperience Mns military\\\/black\"}]},{\"@type\":\"WebSite\",\"@id\":\"https:\\\/\\\/xstyle.md\\\/#website\",\"url\":\"https:\\\/\\\/xstyle.md\\\/\",\"name\":\"\u041c\u0430\u0433\u0430\u0437\u0438\u043d Xstyle\",\"description\":\"C\u043d\u0430\u0440\u044f\u0436\u0435\u043d\u0438\u0435 \u0434\u043b\u044f \u0442\u0443\u0440\u0438\u0437\u043c\u0430 \u0438 \u044d\u043a\u0441\u0442\u0440\u0435\u043c\u0430\u043b\u044c\u043d\u044b\u0445 \u0432\u0438\u0434\u043e\u0432 \u0441\u043f\u043e\u0440\u0442\u0430 \u0432 \u041c\u043e\u043b\u0434\u043e\u0432\u0435.. \u0426\u0435\u043d\u044b, \u0444\u043e\u0442\u043e, \u0445\u0430\u0440\u0430\u043a\u0442\u0435\u0440\u0438\u0441\u0442\u0438\u043a\u0438 \u0432 \u041c\u043e\u043b\u0434\u043e\u0432\u0435.\",\"publisher\":{\"@id\":\"https:\\\/\\\/xstyle.md\\\/#organization\"},\"alternateName\":\"X-Style\",\"potentialAction\":[{\"@type\":\"SearchAction\",\"target\":{\"@type\":\"EntryPoint\",\"urlTemplate\":\"https:\\\/\\\/xstyle.md\\\/?s={search_term_string}\"},\"query-input\":{\"@type\":\"PropertyValueSpecification\",\"valueRequired\":true,\"valueName\":\"search_term_string\"}}],\"inLanguage\":\"ro-RO\"},{\"@type\":\"Organization\",\"@id\":\"https:\\\/\\\/xstyle.md\\\/#organization\",\"name\":\"\u041c\u0430\u0433\u0430\u0437\u0438\u043d Xstyle\",\"alternateName\":\"x-style\",\"url\":\"https:\\\/\\\/xstyle.md\\\/\",\"logo\":{\"@type\":\"ImageObject\",\"inLanguage\":\"ro-RO\",\"@id\":\"https:\\\/\\\/xstyle.md\\\/#\\\/schema\\\/logo\\\/image\\\/\",\"url\":\"https:\\\/\\\/xstyle.md\\\/wp-content\\\/uploads\\\/2020\\\/06\\\/logoicon.svg\",\"contentUrl\":\"https:\\\/\\\/xstyle.md\\\/wp-content\\\/uploads\\\/2020\\\/06\\\/logoicon.svg\",\"caption\":\"\u041c\u0430\u0433\u0430\u0437\u0438\u043d Xstyle\"},\"image\":{\"@id\":\"https:\\\/\\\/xstyle.md\\\/#\\\/schema\\\/logo\\\/image\\\/\"},\"sameAs\":[\"https:\\\/\\\/www.facebook.com\\\/xstylemd\",\"https:\\\/\\\/www.instagram.com\\\/xstyle_md\\\/\",\"https:\\\/\\\/t.me\\\/xstyle_outdoor\"],\"hasMerchantReturnPolicy\":{\"@type\":\"MerchantReturnPolicy\",\"merchantReturnLink\":\"https:\\\/\\\/xstyle.md\\\/ro\\\/conditions\\\/\"}}]}<\/script>\n<meta property=\"product:price:amount\" content=\"1290.00\" \/>\n<meta property=\"product:price:currency\" content=\"MDL\" \/>\n<meta property=\"og:availability\" content=\"instock\" \/>\n<meta property=\"product:availability\" content=\"instock\" \/>\n<meta property=\"product:retailer_item_id\" content=\"8058480289226\" \/>\n<meta property=\"product:condition\" content=\"new\" \/>\n<!-- \/ Yoast SEO plugin. -->","yoast_head_json":{"title":"Tricou termic Accapi Xperience Mns military\/black - Magazin Xstyle","description":"Tricou termic Accapi Xperience Mns \u00een culoarea militar\u0103\/neagr\u0103 \u2013 ideal pentru activit\u0103\u021bi \u00een aer liber. Tehnologie unic\u0103 pentru confort \u00een timpul efortului fizic.","robots":{"index":"index","follow":"follow","max-snippet":"max-snippet:-1","max-image-preview":"max-image-preview:large","max-video-preview":"max-video-preview:-1"},"canonical":"https:\/\/xstyle.md\/ro\/produs\/termofutbolka-accapi-xperience-mns-military-black\/","og_locale":"ro_RO","og_type":"article","og_title":"\u0422\u0435\u0440\u043c\u043e\u0444\u0443\u0442\u0431\u043e\u043b\u043a\u0430 Accapi Xperience Mns military\/black - \u041c\u0430\u0433\u0430\u0437\u0438\u043d Xstyle","og_description":"\u0422\u0435\u0440\u043c\u043e\u0444\u0443\u0442\u0431\u043e\u043b\u043a\u0430 Accapi Xperience Mns \u0432 \u0432\u043e\u0435\u043d\u043d\u043e\u043c\/\u0447\u0435\u0440\u043d\u043e\u043c \u0446\u0432\u0435\u0442\u0435 \u2013 \u0438\u0434\u0435\u0430\u043b\u044c\u043d\u0430\u044f \u0434\u043b\u044f \u0430\u043a\u0442\u0438\u0432\u043d\u043e\u0433\u043e \u043e\u0442\u0434\u044b\u0445\u0430. \u0423\u043d\u0438\u043a\u0430\u043b\u044c\u043d\u0430\u044f \u0442\u0435\u0445\u043d\u043e\u043b\u043e\u0433\u0438\u044f \u0434\u043b\u044f \u043a\u043e\u043c\u0444\u043e\u0440\u0442\u0430 \u043f\u0440\u0438 \u0444\u0438\u0437\u0438\u0447\u0435\u0441\u043a\u0438\u0445 \u043d\u0430\u0433\u0440\u0443\u0437\u043a\u0430\u0445.","og_url":"https:\/\/xstyle.md\/ro\/produs\/termofutbolka-accapi-xperience-mns-military-black\/","og_site_name":"\u041c\u0430\u0433\u0430\u0437\u0438\u043d Xstyle","article_publisher":"https:\/\/www.facebook.com\/xstylemd","article_modified_time":"2026-03-19T14:15:14+00:00","og_image":[{"width":1880,"height":1920,"url":"https:\/\/xstyle.md\/wp-content\/uploads\/2023\/10\/tricou-accapi-xperience-mns-military-black.jpg","type":"image\/jpeg"}],"twitter_card":"summary_large_image","twitter_misc":{"Pre\u021b":"1.290&nbsp;MDL","Disponibilitate":"\u00cen stoc"},"schema":{"@context":"https:\/\/schema.org","@graph":[{"@type":"WebPage","@id":"https:\/\/xstyle.md\/product\/termofutbolka-accapi-xperience-mns-military-black\/","url":"https:\/\/xstyle.md\/product\/termofutbolka-accapi-xperience-mns-military-black\/","name":"Tricou termic Accapi Xperience Mns military\/black - Magazin Xstyle","isPartOf":{"@id":"https:\/\/xstyle.md\/#website"},"primaryImageOfPage":{"@id":"https:\/\/xstyle.md\/product\/termofutbolka-accapi-xperience-mns-military-black\/#primaryimage"},"image":{"@id":"https:\/\/xstyle.md\/product\/termofutbolka-accapi-xperience-mns-military-black\/#primaryimage"},"thumbnailUrl":"https:\/\/xstyle.md\/wp-content\/uploads\/2023\/10\/tricou-accapi-xperience-mns-military-black.jpg","datePublished":"2023-10-04T16:21:54+00:00","dateModified":"2026-03-19T14:15:14+00:00","description":"Tricou termic Accapi Xperience Mns \u00een culoarea militar\u0103\/neagr\u0103 \u2013 ideal pentru activit\u0103\u021bi \u00een aer liber. Tehnologie unic\u0103 pentru confort \u00een timpul efortului fizic.","breadcrumb":{"@id":"https:\/\/xstyle.md\/product\/termofutbolka-accapi-xperience-mns-military-black\/#breadcrumb"},"inLanguage":"ro-RO","potentialAction":[{"@type":"ReadAction","target":["https:\/\/xstyle.md\/product\/termofutbolka-accapi-xperience-mns-military-black\/"]}]},{"@type":"ImageObject","inLanguage":"ro-RO","@id":"https:\/\/xstyle.md\/product\/termofutbolka-accapi-xperience-mns-military-black\/#primaryimage","url":"https:\/\/xstyle.md\/wp-content\/uploads\/2023\/10\/tricou-accapi-xperience-mns-military-black.jpg","contentUrl":"https:\/\/xstyle.md\/wp-content\/uploads\/2023\/10\/tricou-accapi-xperience-mns-military-black.jpg","width":1880,"height":1920,"caption":"\u0422\u0435\u0440\u043c\u043e\u0448\u0442\u0430\u043d\u044b Accapi Xperience Wmn \u0447\u0435\u0440\u043d\u044b\u0435 \u0434\u043b\u044f \u0430\u043a\u0442\u0438\u0432\u043d\u043e\u0433\u043e \u043e\u0442\u0434\u044b\u0445\u0430, \u043f\u043e\u0445\u043e\u0434\u043e\u0432, \u0442\u0443\u0440\u0438\u0437\u043c\u0430, \u043f\u0443\u0442\u0435\u0448\u0435\u0441\u0442\u0432\u0438\u0439, \u0441\u043f\u043e\u0440\u0442\u043d\u043e\u0439 \u043e\u0434\u0435\u0436\u0434\u044b, \u043e\u0431\u0443\u0432\u0438 \u0438 \u0441\u043d\u0430\u0440\u044f\u0436\u0435\u043d\u0438\u044f \u0434\u043b\u044f \u0430\u043a\u0442\u0438\u0432\u043d\u043e\u0439 \u0436\u0438\u0437\u043d\u0438"},{"@type":"BreadcrumbList","@id":"https:\/\/xstyle.md\/product\/termofutbolka-accapi-xperience-mns-military-black\/#breadcrumb","itemListElement":[{"@type":"ListItem","position":1,"name":"\u0413\u043b\u0430\u0432\u043d\u0430\u044f \u0441\u0442\u0440\u0430\u043d\u0438\u0446\u0430","item":"https:\/\/xstyle.md\/"},{"@type":"ListItem","position":2,"name":"\u041c\u0430\u0433\u0430\u0437\u0438\u043d","item":"https:\/\/xstyle.md\/shop\/"},{"@type":"ListItem","position":3,"name":"\u0422\u0435\u0440\u043c\u043e\u0444\u0443\u0442\u0431\u043e\u043b\u043a\u0430 Accapi Xperience Mns military\/black"}]},{"@type":"WebSite","@id":"https:\/\/xstyle.md\/#website","url":"https:\/\/xstyle.md\/","name":"Magazinul X-Style","description":"Echipamente pentru turism \u0219i sporturi extreme \u00een Moldova. Pre\u021buri, fotografii, caracteristici \u00een Moldova.","publisher":{"@id":"https:\/\/xstyle.md\/#organization"},"alternateName":"X-Style","potentialAction":[{"@type":"SearchAction","target":{"@type":"EntryPoint","urlTemplate":"https:\/\/xstyle.md\/?s={search_term_string}"},"query-input":{"@type":"PropertyValueSpecification","valueRequired":true,"valueName":"search_term_string"}}],"inLanguage":"ro-RO"},{"@type":"Organization","@id":"https:\/\/xstyle.md\/#organization","name":"Magazinul X-Style","alternateName":"x-style","url":"https:\/\/xstyle.md\/","logo":{"@type":"ImageObject","inLanguage":"ro-RO","@id":"https:\/\/xstyle.md\/#\/schema\/logo\/image\/","url":"https:\/\/xstyle.md\/wp-content\/uploads\/2020\/06\/logoicon.svg","contentUrl":"https:\/\/xstyle.md\/wp-content\/uploads\/2020\/06\/logoicon.svg","caption":"\u041c\u0430\u0433\u0430\u0437\u0438\u043d Xstyle"},"image":{"@id":"https:\/\/xstyle.md\/#\/schema\/logo\/image\/"},"sameAs":["https:\/\/www.facebook.com\/xstylemd","https:\/\/www.instagram.com\/xstyle_md\/","https:\/\/t.me\/xstyle_outdoor"],"hasMerchantReturnPolicy":{"@type":"MerchantReturnPolicy","merchantReturnLink":"https:\/\/xstyle.md\/ro\/conditions\/"}}]},"product_price_amount":"1290.00","product_price_currency":"MDL","og_availability":"instock","product_availability":"instock","product_retailer_item_id":"8058480289226","product_condition":"new"},"_links":{"self":[{"href":"https:\/\/xstyle.md\/ro\/wp-json\/wp\/v2\/product\/74725","targetHints":{"allow":["GET"]}}],"collection":[{"href":"https:\/\/xstyle.md\/ro\/wp-json\/wp\/v2\/product"}],"about":[{"href":"https:\/\/xstyle.md\/ro\/wp-json\/wp\/v2\/types\/product"}],"replies":[{"embeddable":true,"href":"https:\/\/xstyle.md\/ro\/wp-json\/wp\/v2\/comments?post=74725"}],"wp:featuredmedia":[{"embeddable":true,"href":"https:\/\/xstyle.md\/ro\/wp-json\/wp\/v2\/media\/74821"}],"wp:attachment":[{"href":"https:\/\/xstyle.md\/ro\/wp-json\/wp\/v2\/media?parent=74725"}],"wp:term":[{"taxonomy":"product_brand","embeddable":true,"href":"https:\/\/xstyle.md\/ro\/wp-json\/wp\/v2\/product_brand?post=74725"},{"taxonomy":"product_cat","embeddable":true,"href":"https:\/\/xstyle.md\/ro\/wp-json\/wp\/v2\/product_cat?post=74725"},{"taxonomy":"product_tag","embeddable":true,"href":"https:\/\/xstyle.md\/ro\/wp-json\/wp\/v2\/product_tag?post=74725"}],"curies":[{"name":"wp","href":"https:\/\/api.w.org\/{rel}","templated":true}]}}