{"id":74380,"date":"2023-09-22T14:40:47","date_gmt":"2023-09-22T11:40:47","guid":{"rendered":"https:\/\/xstyle.md\/?post_type=product&#038;p=74380"},"modified":"2024-10-21T09:53:56","modified_gmt":"2024-10-21T06:53:56","slug":"meshok-dlya-veshhej-sea-to-summit-ultra-sil-stuff-sack-20l","status":"publish","type":"product","link":"https:\/\/dev.xstyle.md\/ro\/produs\/meshok-dlya-veshhej-sea-to-summit-ultra-sil-stuff-sack-20l\/","title":{"rendered":"Sac pentru haine Sea to Summit Ultra Sil Stuff Sack 20L"},"content":{"rendered":"<\/p>\n<p><strong>Sea to Summit Ultra Sil Stuff Sack 20L<\/strong> &#8212; geant\u0103 foarte rezistent\u0103 \u0219i u\u0219oar\u0103, fabricat\u0103 din \u021bes\u0103tur\u0103 siliconat\u0103 cu impregnare hidrofug\u0103. Acest model este convenabil pentru depozitarea \u0219i transportul lucrurilor, precum \u0219i pentru distribuirea comod\u0103 a acestora \u00een interiorul unei gen\u021bi sau al unui rucsac \u00een timpul c\u0103l\u0103toriilor pe ap\u0103, alpinism, drume\u021bii \u0219i ciclism.<\/p>\n<h3>Particularit\u0103\u021bi<\/h3>\n<ul>\n<li>Material ultrau\u0219or \u0219i durabil cu impregnare hidrofug\u0103<\/li>\n<li>Se \u00eencheie cu un cordon de \u00eenchidere cu o band\u0103 de blocare din plastic<\/li>\n<li>Puncte de stres dublu cusute \u0219i \u00eent\u0103rite pentru rezisten\u021b\u0103 \u0219i durabilitate sporite<\/li>\n<li>\u021aes\u0103tura glisant\u0103 promoveaz\u0103 \u00eempachetarea \u0219i recuperarea u\u0219oar\u0103 a husei<\/li>\n<li>M\u00e2ner \u00een partea de jos a husei pentru fixare\/transport<\/li>\n<\/ul>\n<h3>Caracteristici<\/h3>\n<ul>\n<li>Material &#8212; nailon Ultra-Sil 30D, impregnare hidrofug\u0103 f\u0103r\u0103 PFC DWR.<\/li>\n<li>Rezisten\u021b\u0103 la ap\u0103 &#8212; 2000 mm<\/li>\n<li>Dimensiuni &#8212; 25 x 25 x 43 cm<\/li>\n<li>Volum &#8212; 20 litri<\/li>\n<li>Greutate - 49 g<\/li>\n<\/ul>\n<h3>Marca<\/h3>\n<p>Sea to Summit este o marc\u0103 fondat\u0103 \u00een 1990 \u00een Australia. Ofer\u0103 echipamente unice \u0219i utile pentru turism \u0219i c\u0103l\u0103torii: huse impermeabile, prosoape din microfibr\u0103, ustensile pliabile din silicon, gen\u021bi, rucsacuri, rucsacuri, corturi, saci de dormit. Fiecare articol proiectat \u00een cadrul companiei are o greutate minim\u0103 \u0219i o func\u021bionalitate maxim\u0103.<\/p>\n<p><\/p>","protected":false},"excerpt":{"rendered":"","protected":false},"featured_media":74556,"comment_status":"open","ping_status":"closed","template":"","meta":{"_acf_changed":false,"inline_featured_image":false},"product_brand":[1281],"product_cat":[862],"product_tag":[],"class_list":{"0":"post-74380","1":"product","2":"type-product","3":"status-publish","4":"has-post-thumbnail","6":"product_brand-sea-to-summit","7":"product_cat-packing-backpack","9":"first","10":"instock","11":"shipping-taxable","12":"purchasable","13":"product-type-simple"},"acf":[],"yoast_head":"<!-- This site is optimized with the Yoast SEO plugin v27.5 - https:\/\/yoast.com\/product\/yoast-seo-wordpress\/ -->\n<title>\u041c\u0435\u0448\u043e\u043a \u0434\u043b\u044f \u0432\u0435\u0449\u0435\u0439 Sea to Summit Ultra Sil Stuff Sack 20L - \u041c\u0430\u0433\u0430\u0437\u0438\u043d Xstyle<\/title>\n<meta name=\"description\" content=\"&quot;\u041c\u0435\u0448\u043e\u043a \u0434\u043b\u044f \u0432\u0435\u0449\u0435\u0439 Sea to Summit Ultra Sil Stuff Sack 20L - \u043b\u0435\u0433\u043a\u0438\u0439 \u0438 \u043f\u0440\u043e\u0447\u043d\u044b\u0439, \u0438\u0437\u043d\u043e\u0441\u043e\u0441\u0442\u043e\u0439\u043a\u0438\u0439 \u043d\u0435\u0439\u043b\u043e\u043d, \u0438\u0434\u0435\u0430\u043b\u0435\u043d \u0434\u043b\u044f \u0445\u0440\u0430\u043d\u0435\u043d\u0438\u044f \u0438 \u0442\u0440\u0430\u043d\u0441\u043f\u043e\u0440\u0442\u0438\u0440\u043e\u0432\u043a\u0438 \u0432\u043e \u0432\u0440\u0435\u043c\u044f \u043f\u0443\u0442\u0435\u0448\u0435\u0441\u0442\u0432\u0438\u0439.&quot;\" \/>\n<meta name=\"robots\" content=\"noindex, follow, max-snippet:-1, max-image-preview:large, max-video-preview:-1\" \/>\n<meta property=\"og:locale\" content=\"ro_RO\" \/>\n<meta property=\"og:type\" content=\"article\" \/>\n<meta property=\"og:title\" content=\"\u041c\u0435\u0448\u043e\u043a \u0434\u043b\u044f \u0432\u0435\u0449\u0435\u0439 Sea to Summit Ultra Sil Stuff Sack 20L - \u041c\u0430\u0433\u0430\u0437\u0438\u043d Xstyle\" \/>\n<meta property=\"og:description\" content=\"&quot;\u041c\u0435\u0448\u043e\u043a \u0434\u043b\u044f \u0432\u0435\u0449\u0435\u0439 Sea to Summit Ultra Sil Stuff Sack 20L - \u043b\u0435\u0433\u043a\u0438\u0439 \u0438 \u043f\u0440\u043e\u0447\u043d\u044b\u0439, \u0438\u0437\u043d\u043e\u0441\u043e\u0441\u0442\u043e\u0439\u043a\u0438\u0439 \u043d\u0435\u0439\u043b\u043e\u043d, \u0438\u0434\u0435\u0430\u043b\u0435\u043d \u0434\u043b\u044f \u0445\u0440\u0430\u043d\u0435\u043d\u0438\u044f \u0438 \u0442\u0440\u0430\u043d\u0441\u043f\u043e\u0440\u0442\u0438\u0440\u043e\u0432\u043a\u0438 \u0432\u043e \u0432\u0440\u0435\u043c\u044f \u043f\u0443\u0442\u0435\u0448\u0435\u0441\u0442\u0432\u0438\u0439.&quot;\" \/>\n<meta property=\"og:url\" content=\"https:\/\/dev.xstyle.md\/ro\/produs\/meshok-dlya-veshhej-sea-to-summit-ultra-sil-stuff-sack-20l\/\" \/>\n<meta property=\"og:site_name\" content=\"\u041c\u0430\u0433\u0430\u0437\u0438\u043d Xstyle\" \/>\n<meta property=\"article:publisher\" content=\"https:\/\/www.facebook.com\/xstylemd\" \/>\n<meta property=\"article:modified_time\" content=\"2024-10-21T06:53:56+00:00\" \/>\n<meta property=\"og:image\" content=\"https:\/\/dev.xstyle.md\/wp-content\/uploads\/2023\/09\/sea-to-summit-ultra-sil-stuff-sack-20-l-zinnia.jpg\" \/>\n\t<meta property=\"og:image:width\" content=\"500\" \/>\n\t<meta property=\"og:image:height\" content=\"500\" \/>\n\t<meta property=\"og:image:type\" content=\"image\/jpeg\" \/>\n<meta name=\"twitter:card\" content=\"summary_large_image\" \/>\n<meta name=\"twitter:label1\" content=\"Pre\u021b\" \/>\n\t<meta name=\"twitter:data1\" content=\"590,00&nbsp;MDL\" \/>\n\t<meta name=\"twitter:label2\" content=\"Disponibilitate\" \/>\n\t<meta name=\"twitter:data2\" content=\"\u00cen stoc\" \/>\n<script type=\"application\/ld+json\" class=\"yoast-schema-graph\">{\"@context\":\"https:\\\/\\\/schema.org\",\"@graph\":[{\"@type\":\"WebPage\",\"@id\":\"https:\\\/\\\/dev.xstyle.md\\\/product\\\/meshok-dlya-veshhej-sea-to-summit-ultra-sil-stuff-sack-20l\\\/\",\"url\":\"https:\\\/\\\/dev.xstyle.md\\\/product\\\/meshok-dlya-veshhej-sea-to-summit-ultra-sil-stuff-sack-20l\\\/\",\"name\":\"\u041c\u0435\u0448\u043e\u043a \u0434\u043b\u044f \u0432\u0435\u0449\u0435\u0439 Sea to Summit Ultra Sil Stuff Sack 20L - \u041c\u0430\u0433\u0430\u0437\u0438\u043d Xstyle\",\"isPartOf\":{\"@id\":\"https:\\\/\\\/dev.xstyle.md\\\/#website\"},\"primaryImageOfPage\":{\"@id\":\"https:\\\/\\\/dev.xstyle.md\\\/product\\\/meshok-dlya-veshhej-sea-to-summit-ultra-sil-stuff-sack-20l\\\/#primaryimage\"},\"image\":{\"@id\":\"https:\\\/\\\/dev.xstyle.md\\\/product\\\/meshok-dlya-veshhej-sea-to-summit-ultra-sil-stuff-sack-20l\\\/#primaryimage\"},\"thumbnailUrl\":\"https:\\\/\\\/dev.xstyle.md\\\/wp-content\\\/uploads\\\/2023\\\/09\\\/sea-to-summit-ultra-sil-stuff-sack-20-l-zinnia.jpg\",\"datePublished\":\"2023-09-22T11:40:47+00:00\",\"dateModified\":\"2024-10-21T06:53:56+00:00\",\"description\":\"\\\"\u041c\u0435\u0448\u043e\u043a \u0434\u043b\u044f \u0432\u0435\u0449\u0435\u0439 Sea to Summit Ultra Sil Stuff Sack 20L - \u043b\u0435\u0433\u043a\u0438\u0439 \u0438 \u043f\u0440\u043e\u0447\u043d\u044b\u0439, \u0438\u0437\u043d\u043e\u0441\u043e\u0441\u0442\u043e\u0439\u043a\u0438\u0439 \u043d\u0435\u0439\u043b\u043e\u043d, \u0438\u0434\u0435\u0430\u043b\u0435\u043d \u0434\u043b\u044f \u0445\u0440\u0430\u043d\u0435\u043d\u0438\u044f \u0438 \u0442\u0440\u0430\u043d\u0441\u043f\u043e\u0440\u0442\u0438\u0440\u043e\u0432\u043a\u0438 \u0432\u043e \u0432\u0440\u0435\u043c\u044f \u043f\u0443\u0442\u0435\u0448\u0435\u0441\u0442\u0432\u0438\u0439.\\\"\",\"breadcrumb\":{\"@id\":\"https:\\\/\\\/dev.xstyle.md\\\/product\\\/meshok-dlya-veshhej-sea-to-summit-ultra-sil-stuff-sack-20l\\\/#breadcrumb\"},\"inLanguage\":\"ro-RO\",\"potentialAction\":[{\"@type\":\"ReadAction\",\"target\":[\"https:\\\/\\\/dev.xstyle.md\\\/product\\\/meshok-dlya-veshhej-sea-to-summit-ultra-sil-stuff-sack-20l\\\/\"]}]},{\"@type\":\"ImageObject\",\"inLanguage\":\"ro-RO\",\"@id\":\"https:\\\/\\\/dev.xstyle.md\\\/product\\\/meshok-dlya-veshhej-sea-to-summit-ultra-sil-stuff-sack-20l\\\/#primaryimage\",\"url\":\"https:\\\/\\\/dev.xstyle.md\\\/wp-content\\\/uploads\\\/2023\\\/09\\\/sea-to-summit-ultra-sil-stuff-sack-20-l-zinnia.jpg\",\"contentUrl\":\"https:\\\/\\\/dev.xstyle.md\\\/wp-content\\\/uploads\\\/2023\\\/09\\\/sea-to-summit-ultra-sil-stuff-sack-20-l-zinnia.jpg\",\"width\":500,\"height\":500,\"caption\":\"\u041b\u0435\u0433\u043a\u0438\u0439 \u043f\u0440\u043e\u0432\u043e\u0434\u043d\u043e\u0439 \u043c\u0435\u0448\u043e\u043a \u0434\u043b\u044f \u0432\u0435\u0449\u0435\u0439 Sea to Summit Ultra Sil 20L \u0434\u043b\u044f \u0430\u043a\u0442\u0438\u0432\u043d\u043e\u0433\u043e \u043e\u0442\u0434\u044b\u0445\u0430 \u0430\u043b\u044c\u043f\u0438\u043d\u0438\u0437\u043c\u0430 \u043f\u0443\u0442\u0435\u0448\u0435\u0441\u0442\u0432\u0438\u0439 \u0438 \u043f\u043e\u0445\u043e\u0434\u043e\u0432 \u043d\u0430 \u0441\u0430\u0439\u0442\u0435 \u043c\u0430\u0433\u0430\u0437\u0438\u043d\u0430 \u0442\u043e\u0432\u0430\u0440\u043e\u0432 \u0434\u043b\u044f \u0430\u043a\u0442\u0438\u0432\u043d\u043e\u0439 \u0436\u0438\u0437\u043d\u0438 \u043e\u0431\u0443\u0432\u044c \u043e\u0434\u0435\u0436\u0434\u044b \u0442\u0443\u0440\u0438\u0441\u0442\u0438\u0447\u0435\u0441\u043a\u043e\u0435 \u0441\u043d\u0430\u0440\u044f\u0436\u0435\u043d\u0438\u0435\"},{\"@type\":\"BreadcrumbList\",\"@id\":\"https:\\\/\\\/dev.xstyle.md\\\/product\\\/meshok-dlya-veshhej-sea-to-summit-ultra-sil-stuff-sack-20l\\\/#breadcrumb\",\"itemListElement\":[{\"@type\":\"ListItem\",\"position\":1,\"name\":\"\u0413\u043b\u0430\u0432\u043d\u0430\u044f \u0441\u0442\u0440\u0430\u043d\u0438\u0446\u0430\",\"item\":\"https:\\\/\\\/dev.xstyle.md\\\/\"},{\"@type\":\"ListItem\",\"position\":2,\"name\":\"Shop\",\"item\":\"https:\\\/\\\/dev.xstyle.md\\\/shop\\\/\"},{\"@type\":\"ListItem\",\"position\":3,\"name\":\"\u041c\u0435\u0448\u043e\u043a \u0434\u043b\u044f \u0432\u0435\u0449\u0435\u0439 Sea to Summit Ultra Sil Stuff Sack 20L\"}]},{\"@type\":\"WebSite\",\"@id\":\"https:\\\/\\\/dev.xstyle.md\\\/#website\",\"url\":\"https:\\\/\\\/dev.xstyle.md\\\/\",\"name\":\"\u041c\u0430\u0433\u0430\u0437\u0438\u043d Xstyle\",\"description\":\"C\u043d\u0430\u0440\u044f\u0436\u0435\u043d\u0438\u0435 \u0434\u043b\u044f \u0442\u0443\u0440\u0438\u0437\u043c\u0430 \u0438 \u044d\u043a\u0441\u0442\u0440\u0435\u043c\u0430\u043b\u044c\u043d\u044b\u0445 \u0432\u0438\u0434\u043e\u0432 \u0441\u043f\u043e\u0440\u0442\u0430 \u0432 \u041c\u043e\u043b\u0434\u043e\u0432\u0435.. \u0426\u0435\u043d\u044b, \u0444\u043e\u0442\u043e, \u0445\u0430\u0440\u0430\u043a\u0442\u0435\u0440\u0438\u0441\u0442\u0438\u043a\u0438 \u0432 \u041c\u043e\u043b\u0434\u043e\u0432\u0435.\",\"publisher\":{\"@id\":\"https:\\\/\\\/dev.xstyle.md\\\/#organization\"},\"alternateName\":\"X-Style\",\"potentialAction\":[{\"@type\":\"SearchAction\",\"target\":{\"@type\":\"EntryPoint\",\"urlTemplate\":\"https:\\\/\\\/dev.xstyle.md\\\/?s={search_term_string}\"},\"query-input\":{\"@type\":\"PropertyValueSpecification\",\"valueRequired\":true,\"valueName\":\"search_term_string\"}}],\"inLanguage\":\"ro-RO\"},{\"@type\":\"Organization\",\"@id\":\"https:\\\/\\\/dev.xstyle.md\\\/#organization\",\"name\":\"\u041c\u0430\u0433\u0430\u0437\u0438\u043d Xstyle\",\"alternateName\":\"x-style\",\"url\":\"https:\\\/\\\/dev.xstyle.md\\\/\",\"logo\":{\"@type\":\"ImageObject\",\"inLanguage\":\"ro-RO\",\"@id\":\"https:\\\/\\\/dev.xstyle.md\\\/#\\\/schema\\\/logo\\\/image\\\/\",\"url\":\"https:\\\/\\\/dev.xstyle.md\\\/wp-content\\\/uploads\\\/2020\\\/06\\\/logoicon.svg\",\"contentUrl\":\"https:\\\/\\\/dev.xstyle.md\\\/wp-content\\\/uploads\\\/2020\\\/06\\\/logoicon.svg\",\"caption\":\"\u041c\u0430\u0433\u0430\u0437\u0438\u043d Xstyle\"},\"image\":{\"@id\":\"https:\\\/\\\/dev.xstyle.md\\\/#\\\/schema\\\/logo\\\/image\\\/\"},\"sameAs\":[\"https:\\\/\\\/www.facebook.com\\\/xstylemd\",\"https:\\\/\\\/www.instagram.com\\\/xstyle_md\\\/\",\"https:\\\/\\\/t.me\\\/xstyle_outdoor\"],\"hasMerchantReturnPolicy\":{\"@type\":\"MerchantReturnPolicy\",\"merchantReturnLink\":\"https:\\\/\\\/dev.xstyle.md\\\/ro\\\/conditions\\\/\"}}]}<\/script>\n<meta property=\"product:price:amount\" content=\"590.00\" \/>\n<meta property=\"product:price:currency\" content=\"MDL\" \/>\n<meta property=\"og:availability\" content=\"instock\" \/>\n<meta property=\"product:availability\" content=\"instock\" \/>\n<meta property=\"product:retailer_item_id\" content=\"9327868154104\" \/>\n<meta property=\"product:condition\" content=\"new\" \/>\n<!-- \/ Yoast SEO plugin. -->","yoast_head_json":{"title":"Sac pentru haine Sea to Summit Ultra Sil Stuff Sack 20L - Magazin Xstyle","description":"\"\\u041c\\u0435\\u0448\\u043e\\u043a \\u0434\\u043b\\u044f \\u0432\\u0435\\u0449\\u0435\\u0439 Sea to Summit Ultra Sil Stuff Sack 20L - \\u043b\\u0435\\u0433\\u043a\\u0438\\u0439 \\u0438 \\u043f\\u0440\\u043e\\u0447\\u043d\\u044b\\u0439, \\u0438\\u0437\\u043d\\u043e\\u0441\\u043e\\u0441\\u0442\\u043e\\u0439\\u043a\\u0438\\u0439 \\u043d\\u0435\\u0439\\u043b\\u043e\\u043d, \\u0438\\u0434\\u0435\\u0430\\u043b\\u0435\\u043d \\u0434\\u043b\\u044f \\u0445\\u0440\\u0430\\u043d\\u0435\\u043d\\u0438\\u044f \\u0438 \\u0442\\u0440\\u0430\\u043d\\u0441\\u043f\\u043e\\u0440\\u0442\\u0438\\u0440\\u043e\\u0432\\u043a\\u0438 \\u0432\\u043e \\u0432\\u0440\\u0435\\u043c\\u044f \\u043f\\u0443\\u0442\\u0435\\u0448\\u0435\\u0441\\u0442\\u0432\\u0438\\u0439.\"","robots":{"index":"noindex","follow":"follow","max-snippet":"max-snippet:-1","max-image-preview":"max-image-preview:large","max-video-preview":"max-video-preview:-1"},"og_locale":"ro_RO","og_type":"article","og_title":"\u041c\u0435\u0448\u043e\u043a \u0434\u043b\u044f \u0432\u0435\u0449\u0435\u0439 Sea to Summit Ultra Sil Stuff Sack 20L - \u041c\u0430\u0433\u0430\u0437\u0438\u043d Xstyle","og_description":"\"\u041c\u0435\u0448\u043e\u043a \u0434\u043b\u044f \u0432\u0435\u0449\u0435\u0439 Sea to Summit Ultra Sil Stuff Sack 20L - \u043b\u0435\u0433\u043a\u0438\u0439 \u0438 \u043f\u0440\u043e\u0447\u043d\u044b\u0439, \u0438\u0437\u043d\u043e\u0441\u043e\u0441\u0442\u043e\u0439\u043a\u0438\u0439 \u043d\u0435\u0439\u043b\u043e\u043d, \u0438\u0434\u0435\u0430\u043b\u0435\u043d \u0434\u043b\u044f \u0445\u0440\u0430\u043d\u0435\u043d\u0438\u044f \u0438 \u0442\u0440\u0430\u043d\u0441\u043f\u043e\u0440\u0442\u0438\u0440\u043e\u0432\u043a\u0438 \u0432\u043e \u0432\u0440\u0435\u043c\u044f \u043f\u0443\u0442\u0435\u0448\u0435\u0441\u0442\u0432\u0438\u0439.\"","og_url":"https:\/\/dev.xstyle.md\/ro\/produs\/meshok-dlya-veshhej-sea-to-summit-ultra-sil-stuff-sack-20l\/","og_site_name":"\u041c\u0430\u0433\u0430\u0437\u0438\u043d Xstyle","article_publisher":"https:\/\/www.facebook.com\/xstylemd","article_modified_time":"2024-10-21T06:53:56+00:00","og_image":[{"width":500,"height":500,"url":"https:\/\/dev.xstyle.md\/wp-content\/uploads\/2023\/09\/sea-to-summit-ultra-sil-stuff-sack-20-l-zinnia.jpg","type":"image\/jpeg"}],"twitter_card":"summary_large_image","twitter_misc":{"Pre\u021b":"590,00&nbsp;MDL","Disponibilitate":"\u00cen stoc"},"schema":{"@context":"https:\/\/schema.org","@graph":[{"@type":"WebPage","@id":"https:\/\/dev.xstyle.md\/product\/meshok-dlya-veshhej-sea-to-summit-ultra-sil-stuff-sack-20l\/","url":"https:\/\/dev.xstyle.md\/product\/meshok-dlya-veshhej-sea-to-summit-ultra-sil-stuff-sack-20l\/","name":"Sac pentru haine Sea to Summit Ultra Sil Stuff Sack 20L - Magazin Xstyle","isPartOf":{"@id":"https:\/\/dev.xstyle.md\/#website"},"primaryImageOfPage":{"@id":"https:\/\/dev.xstyle.md\/product\/meshok-dlya-veshhej-sea-to-summit-ultra-sil-stuff-sack-20l\/#primaryimage"},"image":{"@id":"https:\/\/dev.xstyle.md\/product\/meshok-dlya-veshhej-sea-to-summit-ultra-sil-stuff-sack-20l\/#primaryimage"},"thumbnailUrl":"https:\/\/dev.xstyle.md\/wp-content\/uploads\/2023\/09\/sea-to-summit-ultra-sil-stuff-sack-20-l-zinnia.jpg","datePublished":"2023-09-22T11:40:47+00:00","dateModified":"2024-10-21T06:53:56+00:00","description":"\"\\u041c\\u0435\\u0448\\u043e\\u043a \\u0434\\u043b\\u044f \\u0432\\u0435\\u0449\\u0435\\u0439 Sea to Summit Ultra Sil Stuff Sack 20L - \\u043b\\u0435\\u0433\\u043a\\u0438\\u0439 \\u0438 \\u043f\\u0440\\u043e\\u0447\\u043d\\u044b\\u0439, \\u0438\\u0437\\u043d\\u043e\\u0441\\u043e\\u0441\\u0442\\u043e\\u0439\\u043a\\u0438\\u0439 \\u043d\\u0435\\u0439\\u043b\\u043e\\u043d, \\u0438\\u0434\\u0435\\u0430\\u043b\\u0435\\u043d \\u0434\\u043b\\u044f \\u0445\\u0440\\u0430\\u043d\\u0435\\u043d\\u0438\\u044f \\u0438 \\u0442\\u0440\\u0430\\u043d\\u0441\\u043f\\u043e\\u0440\\u0442\\u0438\\u0440\\u043e\\u0432\\u043a\\u0438 \\u0432\\u043e \\u0432\\u0440\\u0435\\u043c\\u044f \\u043f\\u0443\\u0442\\u0435\\u0448\\u0435\\u0441\\u0442\\u0432\\u0438\\u0439.\"","breadcrumb":{"@id":"https:\/\/dev.xstyle.md\/product\/meshok-dlya-veshhej-sea-to-summit-ultra-sil-stuff-sack-20l\/#breadcrumb"},"inLanguage":"ro-RO","potentialAction":[{"@type":"ReadAction","target":["https:\/\/dev.xstyle.md\/product\/meshok-dlya-veshhej-sea-to-summit-ultra-sil-stuff-sack-20l\/"]}]},{"@type":"ImageObject","inLanguage":"ro-RO","@id":"https:\/\/dev.xstyle.md\/product\/meshok-dlya-veshhej-sea-to-summit-ultra-sil-stuff-sack-20l\/#primaryimage","url":"https:\/\/dev.xstyle.md\/wp-content\/uploads\/2023\/09\/sea-to-summit-ultra-sil-stuff-sack-20-l-zinnia.jpg","contentUrl":"https:\/\/dev.xstyle.md\/wp-content\/uploads\/2023\/09\/sea-to-summit-ultra-sil-stuff-sack-20-l-zinnia.jpg","width":500,"height":500,"caption":"\u041b\u0435\u0433\u043a\u0438\u0439 \u043f\u0440\u043e\u0432\u043e\u0434\u043d\u043e\u0439 \u043c\u0435\u0448\u043e\u043a \u0434\u043b\u044f \u0432\u0435\u0449\u0435\u0439 Sea to Summit Ultra Sil 20L \u0434\u043b\u044f \u0430\u043a\u0442\u0438\u0432\u043d\u043e\u0433\u043e \u043e\u0442\u0434\u044b\u0445\u0430 \u0430\u043b\u044c\u043f\u0438\u043d\u0438\u0437\u043c\u0430 \u043f\u0443\u0442\u0435\u0448\u0435\u0441\u0442\u0432\u0438\u0439 \u0438 \u043f\u043e\u0445\u043e\u0434\u043e\u0432 \u043d\u0430 \u0441\u0430\u0439\u0442\u0435 \u043c\u0430\u0433\u0430\u0437\u0438\u043d\u0430 \u0442\u043e\u0432\u0430\u0440\u043e\u0432 \u0434\u043b\u044f \u0430\u043a\u0442\u0438\u0432\u043d\u043e\u0439 \u0436\u0438\u0437\u043d\u0438 \u043e\u0431\u0443\u0432\u044c \u043e\u0434\u0435\u0436\u0434\u044b \u0442\u0443\u0440\u0438\u0441\u0442\u0438\u0447\u0435\u0441\u043a\u043e\u0435 \u0441\u043d\u0430\u0440\u044f\u0436\u0435\u043d\u0438\u0435"},{"@type":"BreadcrumbList","@id":"https:\/\/dev.xstyle.md\/product\/meshok-dlya-veshhej-sea-to-summit-ultra-sil-stuff-sack-20l\/#breadcrumb","itemListElement":[{"@type":"ListItem","position":1,"name":"\u0413\u043b\u0430\u0432\u043d\u0430\u044f \u0441\u0442\u0440\u0430\u043d\u0438\u0446\u0430","item":"https:\/\/dev.xstyle.md\/"},{"@type":"ListItem","position":2,"name":"Shop","item":"https:\/\/dev.xstyle.md\/shop\/"},{"@type":"ListItem","position":3,"name":"\u041c\u0435\u0448\u043e\u043a \u0434\u043b\u044f \u0432\u0435\u0449\u0435\u0439 Sea to Summit Ultra Sil Stuff Sack 20L"}]},{"@type":"WebSite","@id":"https:\/\/dev.xstyle.md\/#website","url":"https:\/\/dev.xstyle.md\/","name":"Magazinul X-Style","description":"Echipamente pentru turism \u0219i sporturi extreme \u00een Moldova. Pre\u021buri, fotografii, caracteristici \u00een Moldova.","publisher":{"@id":"https:\/\/dev.xstyle.md\/#organization"},"alternateName":"X-Style","potentialAction":[{"@type":"SearchAction","target":{"@type":"EntryPoint","urlTemplate":"https:\/\/dev.xstyle.md\/?s={search_term_string}"},"query-input":{"@type":"PropertyValueSpecification","valueRequired":true,"valueName":"search_term_string"}}],"inLanguage":"ro-RO"},{"@type":"Organization","@id":"https:\/\/dev.xstyle.md\/#organization","name":"Magazinul X-Style","alternateName":"x-style","url":"https:\/\/dev.xstyle.md\/","logo":{"@type":"ImageObject","inLanguage":"ro-RO","@id":"https:\/\/dev.xstyle.md\/#\/schema\/logo\/image\/","url":"https:\/\/dev.xstyle.md\/wp-content\/uploads\/2020\/06\/logoicon.svg","contentUrl":"https:\/\/dev.xstyle.md\/wp-content\/uploads\/2020\/06\/logoicon.svg","caption":"\u041c\u0430\u0433\u0430\u0437\u0438\u043d Xstyle"},"image":{"@id":"https:\/\/dev.xstyle.md\/#\/schema\/logo\/image\/"},"sameAs":["https:\/\/www.facebook.com\/xstylemd","https:\/\/www.instagram.com\/xstyle_md\/","https:\/\/t.me\/xstyle_outdoor"],"hasMerchantReturnPolicy":{"@type":"MerchantReturnPolicy","merchantReturnLink":"https:\/\/dev.xstyle.md\/ro\/conditions\/"}}]},"product_price_amount":"590.00","product_price_currency":"MDL","og_availability":"instock","product_availability":"instock","product_retailer_item_id":"9327868154104","product_condition":"new"},"post_mailing_queue_ids":[],"_links":{"self":[{"href":"https:\/\/dev.xstyle.md\/ro\/wp-json\/wp\/v2\/product\/74380","targetHints":{"allow":["GET"]}}],"collection":[{"href":"https:\/\/dev.xstyle.md\/ro\/wp-json\/wp\/v2\/product"}],"about":[{"href":"https:\/\/dev.xstyle.md\/ro\/wp-json\/wp\/v2\/types\/product"}],"replies":[{"embeddable":true,"href":"https:\/\/dev.xstyle.md\/ro\/wp-json\/wp\/v2\/comments?post=74380"}],"version-history":[{"count":0,"href":"https:\/\/dev.xstyle.md\/ro\/wp-json\/wp\/v2\/product\/74380\/revisions"}],"wp:featuredmedia":[{"embeddable":true,"href":"https:\/\/dev.xstyle.md\/ro\/wp-json\/wp\/v2\/media\/74556"}],"wp:attachment":[{"href":"https:\/\/dev.xstyle.md\/ro\/wp-json\/wp\/v2\/media?parent=74380"}],"wp:term":[{"taxonomy":"product_brand","embeddable":true,"href":"https:\/\/dev.xstyle.md\/ro\/wp-json\/wp\/v2\/product_brand?post=74380"},{"taxonomy":"product_cat","embeddable":true,"href":"https:\/\/dev.xstyle.md\/ro\/wp-json\/wp\/v2\/product_cat?post=74380"},{"taxonomy":"product_tag","embeddable":true,"href":"https:\/\/dev.xstyle.md\/ro\/wp-json\/wp\/v2\/product_tag?post=74380"}],"curies":[{"name":"wp","href":"https:\/\/api.w.org\/{rel}","templated":true}]}}