{"id":73926,"date":"2023-09-13T13:51:37","date_gmt":"2023-09-13T10:51:37","guid":{"rendered":"https:\/\/xstyle.md\/?post_type=product&#038;p=73926"},"modified":"2025-10-24T12:34:24","modified_gmt":"2025-10-24T09:34:24","slug":"nozh-firebird-fh924-bk","status":"publish","type":"product","link":"https:\/\/xstyle.md\/ro\/produs\/nozh-firebird-fh924-bk\/","title":{"rendered":"Cu\u021bit Firebird FH924-BK"},"content":{"rendered":"<\/p>\n<p><strong>Firebird FH924-BK<\/strong> &#8212; \u00eentruchiparea simplit\u0103\u021bii \u0219i eficien\u021bei, f\u0103c\u00e2nd din acest instrument un ajutor EDC practic \u00een aproape orice situa\u021bie care apare \u00een via\u021ba de zi cu zi, \u00een condi\u021bii urbane \u0219i de teren.<\/p>\n<p>Lama lung\u0103 de 65 mm a cu\u021bitului are o form\u0103 numit\u0103 \u201eVorncliff\u201d, care este neobi\u0219nuit\u0103 pentru uneltele m\u0103rcii. Caracteristica sa distinctiv\u0103 este o margine de t\u0103iere neted\u0103, care este format\u0103 datorit\u0103 unei conicit\u0103\u021bi ascu\u021bite de la margine la v\u00e2rf \u0219i ofer\u0103 utilizatorului posibilitatea de a utiliza \u00een mod eficient \u00eentreaga lungime a lamei, spre deosebire de analogii cu forma lamei de tip clasic. Lama garanteaz\u0103 o t\u0103iere lin\u0103, \u00een timp ce v\u00e2rful sub\u021bire este potrivit pentru a\u0219chiere \u0219i alte sarcini \u00een care este necesar\u0103 o precizie filigranat\u0103.<\/p>\n<p>Materialul lamei este o\u021belul pentru scule D2. Metalul este rezistent la abraziune, deoarece con\u021bine o cantitate mare de crom, iar con\u021binutul de carbon de aproximativ 1,5% \u00eel face imun la sarcinile de compresie. Prelucrarea lamei la o duritate de \u00b160 HRC, combinat\u0103 cu grosimea sa de 3,4 mm, garanteaz\u0103 faptul c\u0103 cu\u021bitul nu se va deforma sau rupe sub sarcini intense.<\/p>\n<p>Viteza de deschidere a designului este asigurat\u0103 de o gaur\u0103 de trecere la baza lamei. Cu ajutorul acestuia, utilizatorul poate ridica lama cu un deget \u0219i deschide instantaneu accesoriul p\u00e2n\u0103 c\u00e2nd acesta se blocheaz\u0103 \u00een pozi\u021bie. Este convenabil s\u0103 face\u021bi acest lucru at\u00e2t cu m\u00e2na dreapt\u0103, c\u00e2t \u0219i cu m\u00e2na st\u00e2ng\u0103. Modelul utilizeaz\u0103 Liner Lock &#8212; un clasic printre cu\u021bitele pliabile. Mecanismul cu o plac\u0103 de blocare rezist\u0103 la o sarcin\u0103 de p\u00e2n\u0103 la 70 kg, astfel \u00eenc\u00e2t cu\u021bitul nu se \u00eendoaie atunci c\u00e2nd lama se sprijin\u0103 puternic pe lam\u0103. \u00cen acela\u0219i timp, \u00eencuietoarea nu necesit\u0103 \u00eentre\u021binere regulat\u0103: este suficient s\u0103 v\u0103 asigura\u021bi c\u0103 \u00een interiorul construc\u021biei nu intr\u0103 murd\u0103rie, rumegu\u0219 \u0219i boabe de nisip, care pot afecta negativ func\u021bionarea mecanismului.<\/p>\n<p>Cu\u021bitul Firebird FH924 este u\u0219or de utilizat \u00een ciuda dimensiunii sale mici de 16 cm atunci c\u00e2nd este deschis. Acest lucru se datoreaz\u0103 utiliz\u0103rii de suprapuneri G10 pe m\u00e2ner &#8212; sticl\u0103-textolit rezistent la uzur\u0103 cu o suprafa\u021b\u0103 aspr\u0103, care reduce alunecarea accesoriului \u00een palma m\u00e2inii. Materialul compozit este rezistent la c\u0103ldur\u0103 \u0219i \u00eenghe\u021b, nu crap\u0103 atunci c\u00e2nd este sc\u0103pat de la \u00een\u0103l\u021bimea unui om \u0219i nu \u00ee\u0219i schimb\u0103 culoarea dac\u0103 suprafa\u021ba este expus\u0103 la pic\u0103turi de ap\u0103 s\u0103rat\u0103, acid sau ulei lubrifiant.<\/p>\n<p>C\u00e2nd este pliat\u0103, dimensiunile uneltei nu dep\u0103\u0219esc 9,5 cm, astfel \u00eenc\u00e2t accesoriul poate fi ascuns \u00een torpedoul ma\u0219inii, \u00een buzunarul unui rucsac sau purtat la curea, fix\u00e2nd accesoriul cu o clem\u0103 cu dou\u0103 pozi\u021bii. Greutatea modelului este de numai 84 de grame.<\/p>\n<h3>Caracteristici<\/h3>\n<ul>\n<li>Tip cu\u021bit: pliabil<\/li>\n<li>Tip muchie de t\u0103iere: regulat<\/li>\n<li>Tip de blocare: Liner lock<\/li>\n<li>Lungime total\u0103: 16 cm<\/li>\n<li>Lungimea lamei: 6.5 cm<\/li>\n<li>Material m\u00e2ner: G10<\/li>\n<li>Duritatea o\u021belului: -+60 HRC<\/li>\n<li>Grad de o\u021bel: D2<\/li>\n<li>Greutate: 84 g<\/li>\n<\/ul>\n<p><\/p>","protected":false},"excerpt":{"rendered":"","protected":false},"featured_media":74037,"comment_status":"open","ping_status":"closed","template":"","meta":{"_acf_changed":false,"inline_featured_image":false},"product_brand":[1415],"product_cat":[169],"product_tag":[],"class_list":{"0":"post-73926","1":"product","2":"type-product","3":"status-publish","4":"has-post-thumbnail","6":"product_brand-firebird","7":"product_cat-knives","9":"first","10":"instock","11":"shipping-taxable","12":"purchasable","13":"product-type-simple"},"acf":[],"yoast_head":"<!-- This site is optimized with the Yoast SEO plugin v27.4 - https:\/\/yoast.com\/product\/yoast-seo-wordpress\/ -->\n<title>\u041d\u043e\u0436 Firebird FH924-BK - \u041c\u0430\u0433\u0430\u0437\u0438\u043d Xstyle<\/title>\n<meta name=\"description\" content=\"\u041a\u0443\u043f\u0438\u0442\u044c \u043d\u043e\u0436 Firebird FH924-BK: \u043f\u0440\u043e\u0447\u043d\u044b\u0439 EDC \u0441 \u043b\u0435\u0437\u0432\u0438\u0435\u043c 65 \u043c\u043c \u0438 \u0437\u0430\u043c\u043a\u043e\u043c Liner Lock. \u0418\u0434\u0435\u0430\u043b\u044c\u043d\u044b\u0439 \u0432\u044b\u0431\u043e\u0440 \u0434\u043b\u044f \u0433\u043e\u0440\u043e\u0434\u0441\u043a\u043e\u0439 \u0436\u0438\u0437\u043d\u0438 \u0438 \u0430\u043a\u0442\u0438\u0432\u043d\u043e\u0433\u043e \u043e\u0442\u0434\u044b\u0445\u0430.\" \/>\n<meta name=\"robots\" content=\"index, follow, max-snippet:-1, max-image-preview:large, max-video-preview:-1\" \/>\n<link rel=\"canonical\" href=\"https:\/\/xstyle.md\/ro\/produs\/nozh-firebird-fh924-bk\/\" \/>\n<meta property=\"og:locale\" content=\"ro_RO\" \/>\n<meta property=\"og:type\" content=\"article\" \/>\n<meta property=\"og:title\" content=\"\u041d\u043e\u0436 Firebird FH924-BK - \u041c\u0430\u0433\u0430\u0437\u0438\u043d Xstyle\" \/>\n<meta property=\"og:description\" content=\"\u041a\u0443\u043f\u0438\u0442\u044c \u043d\u043e\u0436 Firebird FH924-BK: \u043f\u0440\u043e\u0447\u043d\u044b\u0439 EDC \u0441 \u043b\u0435\u0437\u0432\u0438\u0435\u043c 65 \u043c\u043c \u0438 \u0437\u0430\u043c\u043a\u043e\u043c Liner Lock. \u0418\u0434\u0435\u0430\u043b\u044c\u043d\u044b\u0439 \u0432\u044b\u0431\u043e\u0440 \u0434\u043b\u044f \u0433\u043e\u0440\u043e\u0434\u0441\u043a\u043e\u0439 \u0436\u0438\u0437\u043d\u0438 \u0438 \u0430\u043a\u0442\u0438\u0432\u043d\u043e\u0433\u043e \u043e\u0442\u0434\u044b\u0445\u0430.\" \/>\n<meta property=\"og:url\" content=\"https:\/\/xstyle.md\/ro\/produs\/nozh-firebird-fh924-bk\/\" \/>\n<meta property=\"og:site_name\" content=\"\u041c\u0430\u0433\u0430\u0437\u0438\u043d Xstyle\" \/>\n<meta property=\"article:publisher\" content=\"https:\/\/www.facebook.com\/xstylemd\" \/>\n<meta property=\"article:modified_time\" content=\"2025-10-24T09:34:24+00:00\" \/>\n<meta property=\"og:image\" content=\"https:\/\/xstyle.md\/wp-content\/uploads\/2023\/09\/firebird-fh924-bk-rotated.jpg\" \/>\n\t<meta property=\"og:image:width\" content=\"700\" \/>\n\t<meta property=\"og:image:height\" content=\"700\" \/>\n\t<meta property=\"og:image:type\" content=\"image\/jpeg\" \/>\n<meta name=\"twitter:card\" content=\"summary_large_image\" \/>\n<meta name=\"twitter:label1\" content=\"Pre\u021b\" \/>\n\t<meta name=\"twitter:data1\" content=\"830&nbsp;MDL\" \/>\n\t<meta name=\"twitter:label2\" content=\"Disponibilitate\" \/>\n\t<meta name=\"twitter:data2\" content=\"\u00cen stoc\" \/>\n<script type=\"application\/ld+json\" class=\"yoast-schema-graph\">{\"@context\":\"https:\\\/\\\/schema.org\",\"@graph\":[{\"@type\":\"WebPage\",\"@id\":\"https:\\\/\\\/xstyle.md\\\/product\\\/nozh-firebird-fh924-bk\\\/\",\"url\":\"https:\\\/\\\/xstyle.md\\\/product\\\/nozh-firebird-fh924-bk\\\/\",\"name\":\"\u041d\u043e\u0436 Firebird FH924-BK - \u041c\u0430\u0433\u0430\u0437\u0438\u043d Xstyle\",\"isPartOf\":{\"@id\":\"https:\\\/\\\/xstyle.md\\\/#website\"},\"primaryImageOfPage\":{\"@id\":\"https:\\\/\\\/xstyle.md\\\/product\\\/nozh-firebird-fh924-bk\\\/#primaryimage\"},\"image\":{\"@id\":\"https:\\\/\\\/xstyle.md\\\/product\\\/nozh-firebird-fh924-bk\\\/#primaryimage\"},\"thumbnailUrl\":\"https:\\\/\\\/xstyle.md\\\/wp-content\\\/uploads\\\/2023\\\/09\\\/firebird-fh924-bk-rotated.jpg\",\"datePublished\":\"2023-09-13T10:51:37+00:00\",\"dateModified\":\"2025-10-24T09:34:24+00:00\",\"description\":\"\u041a\u0443\u043f\u0438\u0442\u044c \u043d\u043e\u0436 Firebird FH924-BK: \u043f\u0440\u043e\u0447\u043d\u044b\u0439 EDC \u0441 \u043b\u0435\u0437\u0432\u0438\u0435\u043c 65 \u043c\u043c \u0438 \u0437\u0430\u043c\u043a\u043e\u043c Liner Lock. \u0418\u0434\u0435\u0430\u043b\u044c\u043d\u044b\u0439 \u0432\u044b\u0431\u043e\u0440 \u0434\u043b\u044f \u0433\u043e\u0440\u043e\u0434\u0441\u043a\u043e\u0439 \u0436\u0438\u0437\u043d\u0438 \u0438 \u0430\u043a\u0442\u0438\u0432\u043d\u043e\u0433\u043e \u043e\u0442\u0434\u044b\u0445\u0430.\",\"breadcrumb\":{\"@id\":\"https:\\\/\\\/xstyle.md\\\/product\\\/nozh-firebird-fh924-bk\\\/#breadcrumb\"},\"inLanguage\":\"ro-RO\",\"potentialAction\":[{\"@type\":\"ReadAction\",\"target\":[\"https:\\\/\\\/xstyle.md\\\/product\\\/nozh-firebird-fh924-bk\\\/\"]}]},{\"@type\":\"ImageObject\",\"inLanguage\":\"ro-RO\",\"@id\":\"https:\\\/\\\/xstyle.md\\\/product\\\/nozh-firebird-fh924-bk\\\/#primaryimage\",\"url\":\"https:\\\/\\\/xstyle.md\\\/wp-content\\\/uploads\\\/2023\\\/09\\\/firebird-fh924-bk-rotated.jpg\",\"contentUrl\":\"https:\\\/\\\/xstyle.md\\\/wp-content\\\/uploads\\\/2023\\\/09\\\/firebird-fh924-bk-rotated.jpg\",\"width\":700,\"height\":700,\"caption\":\"\u0422\u0443\u0440\u0438\u0441\u0442\u0438\u0447\u0435\u0441\u043a\u0438\u0435 \u043d\u043e\u0436\u0438 Firebird FH924-BK \u0434\u043b\u044f \u0430\u043a\u0442\u0438\u0432\u043d\u043e\u0433\u043e \u043e\u0442\u0434\u044b\u0445\u0430, \u043f\u043e\u0445\u043e\u0434\u043e\u0432 \u0438 \u0430\u043b\u044c\u043f\u0438\u043d\u0438\u0437\u043c\u0430, \u043e\u0431\u0443\u0432\u044c \u0438 \u0441\u043d\u0430\u0440\u044f\u0436\u0435\u043d\u0438\u0435 \u0434\u043b\u044f \u043f\u0443\u0442\u0435\u0448\u0435\u0441\u0442\u0432\u0438\u0439 \u043d\u0430 \u043e\u043d\u043b\u0430\u0439\u043d-\u043c\u0430\u0433\u0430\u0437\u0438\u043d \u0430\u043a\u0442\u0438\u0432\u043d\u043e\u0439 \u0436\u0438\u0437\u043d\u0438\"},{\"@type\":\"BreadcrumbList\",\"@id\":\"https:\\\/\\\/xstyle.md\\\/product\\\/nozh-firebird-fh924-bk\\\/#breadcrumb\",\"itemListElement\":[{\"@type\":\"ListItem\",\"position\":1,\"name\":\"\u0413\u043b\u0430\u0432\u043d\u0430\u044f \u0441\u0442\u0440\u0430\u043d\u0438\u0446\u0430\",\"item\":\"https:\\\/\\\/xstyle.md\\\/\"},{\"@type\":\"ListItem\",\"position\":2,\"name\":\"\u041c\u0430\u0433\u0430\u0437\u0438\u043d\",\"item\":\"https:\\\/\\\/xstyle.md\\\/shop\\\/\"},{\"@type\":\"ListItem\",\"position\":3,\"name\":\"\u041d\u043e\u0436 Firebird FH924-BK\"}]},{\"@type\":\"WebSite\",\"@id\":\"https:\\\/\\\/xstyle.md\\\/#website\",\"url\":\"https:\\\/\\\/xstyle.md\\\/\",\"name\":\"\u041c\u0430\u0433\u0430\u0437\u0438\u043d Xstyle\",\"description\":\"C\u043d\u0430\u0440\u044f\u0436\u0435\u043d\u0438\u0435 \u0434\u043b\u044f \u0442\u0443\u0440\u0438\u0437\u043c\u0430 \u0438 \u044d\u043a\u0441\u0442\u0440\u0435\u043c\u0430\u043b\u044c\u043d\u044b\u0445 \u0432\u0438\u0434\u043e\u0432 \u0441\u043f\u043e\u0440\u0442\u0430 \u0432 \u041c\u043e\u043b\u0434\u043e\u0432\u0435.. \u0426\u0435\u043d\u044b, \u0444\u043e\u0442\u043e, \u0445\u0430\u0440\u0430\u043a\u0442\u0435\u0440\u0438\u0441\u0442\u0438\u043a\u0438 \u0432 \u041c\u043e\u043b\u0434\u043e\u0432\u0435.\",\"publisher\":{\"@id\":\"https:\\\/\\\/xstyle.md\\\/#organization\"},\"alternateName\":\"X-Style\",\"potentialAction\":[{\"@type\":\"SearchAction\",\"target\":{\"@type\":\"EntryPoint\",\"urlTemplate\":\"https:\\\/\\\/xstyle.md\\\/?s={search_term_string}\"},\"query-input\":{\"@type\":\"PropertyValueSpecification\",\"valueRequired\":true,\"valueName\":\"search_term_string\"}}],\"inLanguage\":\"ro-RO\"},{\"@type\":\"Organization\",\"@id\":\"https:\\\/\\\/xstyle.md\\\/#organization\",\"name\":\"\u041c\u0430\u0433\u0430\u0437\u0438\u043d Xstyle\",\"alternateName\":\"x-style\",\"url\":\"https:\\\/\\\/xstyle.md\\\/\",\"logo\":{\"@type\":\"ImageObject\",\"inLanguage\":\"ro-RO\",\"@id\":\"https:\\\/\\\/xstyle.md\\\/#\\\/schema\\\/logo\\\/image\\\/\",\"url\":\"https:\\\/\\\/xstyle.md\\\/wp-content\\\/uploads\\\/2020\\\/06\\\/logoicon.svg\",\"contentUrl\":\"https:\\\/\\\/xstyle.md\\\/wp-content\\\/uploads\\\/2020\\\/06\\\/logoicon.svg\",\"caption\":\"\u041c\u0430\u0433\u0430\u0437\u0438\u043d Xstyle\"},\"image\":{\"@id\":\"https:\\\/\\\/xstyle.md\\\/#\\\/schema\\\/logo\\\/image\\\/\"},\"sameAs\":[\"https:\\\/\\\/www.facebook.com\\\/xstylemd\",\"https:\\\/\\\/www.instagram.com\\\/xstyle_md\\\/\",\"https:\\\/\\\/t.me\\\/xstyle_outdoor\"],\"hasMerchantReturnPolicy\":{\"@type\":\"MerchantReturnPolicy\",\"merchantReturnLink\":\"https:\\\/\\\/xstyle.md\\\/ro\\\/conditions\\\/\"}}]}<\/script>\n<meta property=\"product:price:amount\" content=\"830.00\" \/>\n<meta property=\"product:price:currency\" content=\"MDL\" \/>\n<meta property=\"og:availability\" content=\"instock\" \/>\n<meta property=\"product:availability\" content=\"instock\" \/>\n<meta property=\"product:retailer_item_id\" content=\"860009675100\" \/>\n<meta property=\"product:condition\" content=\"new\" \/>\n<!-- \/ Yoast SEO plugin. -->","yoast_head_json":{"title":"Cu\u021bit Firebird FH924-BK - Magazin Xstyle","description":"Cump\u0103ra\u021bi cu\u021bitul Firebird FH924-BK: un EDC durabil cu o lam\u0103 de 65 mm \u0219i un mecanism de blocare Liner Lock. O alegere ideal\u0103 pentru via\u021ba urban\u0103 \u0219i activit\u0103\u021bile \u00een natura.","robots":{"index":"index","follow":"follow","max-snippet":"max-snippet:-1","max-image-preview":"max-image-preview:large","max-video-preview":"max-video-preview:-1"},"canonical":"https:\/\/xstyle.md\/ro\/produs\/nozh-firebird-fh924-bk\/","og_locale":"ro_RO","og_type":"article","og_title":"\u041d\u043e\u0436 Firebird FH924-BK - \u041c\u0430\u0433\u0430\u0437\u0438\u043d Xstyle","og_description":"\u041a\u0443\u043f\u0438\u0442\u044c \u043d\u043e\u0436 Firebird FH924-BK: \u043f\u0440\u043e\u0447\u043d\u044b\u0439 EDC \u0441 \u043b\u0435\u0437\u0432\u0438\u0435\u043c 65 \u043c\u043c \u0438 \u0437\u0430\u043c\u043a\u043e\u043c Liner Lock. \u0418\u0434\u0435\u0430\u043b\u044c\u043d\u044b\u0439 \u0432\u044b\u0431\u043e\u0440 \u0434\u043b\u044f \u0433\u043e\u0440\u043e\u0434\u0441\u043a\u043e\u0439 \u0436\u0438\u0437\u043d\u0438 \u0438 \u0430\u043a\u0442\u0438\u0432\u043d\u043e\u0433\u043e \u043e\u0442\u0434\u044b\u0445\u0430.","og_url":"https:\/\/xstyle.md\/ro\/produs\/nozh-firebird-fh924-bk\/","og_site_name":"\u041c\u0430\u0433\u0430\u0437\u0438\u043d Xstyle","article_publisher":"https:\/\/www.facebook.com\/xstylemd","article_modified_time":"2025-10-24T09:34:24+00:00","og_image":[{"width":700,"height":700,"url":"https:\/\/xstyle.md\/wp-content\/uploads\/2023\/09\/firebird-fh924-bk-rotated.jpg","type":"image\/jpeg"}],"twitter_card":"summary_large_image","twitter_misc":{"Pre\u021b":"830&nbsp;MDL","Disponibilitate":"\u00cen stoc"},"schema":{"@context":"https:\/\/schema.org","@graph":[{"@type":"WebPage","@id":"https:\/\/xstyle.md\/product\/nozh-firebird-fh924-bk\/","url":"https:\/\/xstyle.md\/product\/nozh-firebird-fh924-bk\/","name":"Cu\u021bit Firebird FH924-BK - Magazin Xstyle","isPartOf":{"@id":"https:\/\/xstyle.md\/#website"},"primaryImageOfPage":{"@id":"https:\/\/xstyle.md\/product\/nozh-firebird-fh924-bk\/#primaryimage"},"image":{"@id":"https:\/\/xstyle.md\/product\/nozh-firebird-fh924-bk\/#primaryimage"},"thumbnailUrl":"https:\/\/xstyle.md\/wp-content\/uploads\/2023\/09\/firebird-fh924-bk-rotated.jpg","datePublished":"2023-09-13T10:51:37+00:00","dateModified":"2025-10-24T09:34:24+00:00","description":"Cump\u0103ra\u021bi cu\u021bitul Firebird FH924-BK: un EDC durabil cu o lam\u0103 de 65 mm \u0219i un mecanism de blocare Liner Lock. O alegere ideal\u0103 pentru via\u021ba urban\u0103 \u0219i activit\u0103\u021bile \u00een natura.","breadcrumb":{"@id":"https:\/\/xstyle.md\/product\/nozh-firebird-fh924-bk\/#breadcrumb"},"inLanguage":"ro-RO","potentialAction":[{"@type":"ReadAction","target":["https:\/\/xstyle.md\/product\/nozh-firebird-fh924-bk\/"]}]},{"@type":"ImageObject","inLanguage":"ro-RO","@id":"https:\/\/xstyle.md\/product\/nozh-firebird-fh924-bk\/#primaryimage","url":"https:\/\/xstyle.md\/wp-content\/uploads\/2023\/09\/firebird-fh924-bk-rotated.jpg","contentUrl":"https:\/\/xstyle.md\/wp-content\/uploads\/2023\/09\/firebird-fh924-bk-rotated.jpg","width":700,"height":700,"caption":"\u0422\u0443\u0440\u0438\u0441\u0442\u0438\u0447\u0435\u0441\u043a\u0438\u0435 \u043d\u043e\u0436\u0438 Firebird FH924-BK \u0434\u043b\u044f \u0430\u043a\u0442\u0438\u0432\u043d\u043e\u0433\u043e \u043e\u0442\u0434\u044b\u0445\u0430, \u043f\u043e\u0445\u043e\u0434\u043e\u0432 \u0438 \u0430\u043b\u044c\u043f\u0438\u043d\u0438\u0437\u043c\u0430, \u043e\u0431\u0443\u0432\u044c \u0438 \u0441\u043d\u0430\u0440\u044f\u0436\u0435\u043d\u0438\u0435 \u0434\u043b\u044f \u043f\u0443\u0442\u0435\u0448\u0435\u0441\u0442\u0432\u0438\u0439 \u043d\u0430 \u043e\u043d\u043b\u0430\u0439\u043d-\u043c\u0430\u0433\u0430\u0437\u0438\u043d \u0430\u043a\u0442\u0438\u0432\u043d\u043e\u0439 \u0436\u0438\u0437\u043d\u0438"},{"@type":"BreadcrumbList","@id":"https:\/\/xstyle.md\/product\/nozh-firebird-fh924-bk\/#breadcrumb","itemListElement":[{"@type":"ListItem","position":1,"name":"\u0413\u043b\u0430\u0432\u043d\u0430\u044f \u0441\u0442\u0440\u0430\u043d\u0438\u0446\u0430","item":"https:\/\/xstyle.md\/"},{"@type":"ListItem","position":2,"name":"\u041c\u0430\u0433\u0430\u0437\u0438\u043d","item":"https:\/\/xstyle.md\/shop\/"},{"@type":"ListItem","position":3,"name":"\u041d\u043e\u0436 Firebird FH924-BK"}]},{"@type":"WebSite","@id":"https:\/\/xstyle.md\/#website","url":"https:\/\/xstyle.md\/","name":"Magazinul X-Style","description":"Echipamente pentru turism \u0219i sporturi extreme \u00een Moldova. Pre\u021buri, fotografii, caracteristici \u00een Moldova.","publisher":{"@id":"https:\/\/xstyle.md\/#organization"},"alternateName":"X-Style","potentialAction":[{"@type":"SearchAction","target":{"@type":"EntryPoint","urlTemplate":"https:\/\/xstyle.md\/?s={search_term_string}"},"query-input":{"@type":"PropertyValueSpecification","valueRequired":true,"valueName":"search_term_string"}}],"inLanguage":"ro-RO"},{"@type":"Organization","@id":"https:\/\/xstyle.md\/#organization","name":"Magazinul X-Style","alternateName":"x-style","url":"https:\/\/xstyle.md\/","logo":{"@type":"ImageObject","inLanguage":"ro-RO","@id":"https:\/\/xstyle.md\/#\/schema\/logo\/image\/","url":"https:\/\/xstyle.md\/wp-content\/uploads\/2020\/06\/logoicon.svg","contentUrl":"https:\/\/xstyle.md\/wp-content\/uploads\/2020\/06\/logoicon.svg","caption":"\u041c\u0430\u0433\u0430\u0437\u0438\u043d Xstyle"},"image":{"@id":"https:\/\/xstyle.md\/#\/schema\/logo\/image\/"},"sameAs":["https:\/\/www.facebook.com\/xstylemd","https:\/\/www.instagram.com\/xstyle_md\/","https:\/\/t.me\/xstyle_outdoor"],"hasMerchantReturnPolicy":{"@type":"MerchantReturnPolicy","merchantReturnLink":"https:\/\/xstyle.md\/ro\/conditions\/"}}]},"product_price_amount":"830.00","product_price_currency":"MDL","og_availability":"instock","product_availability":"instock","product_retailer_item_id":"860009675100","product_condition":"new"},"post_mailing_queue_ids":[],"_links":{"self":[{"href":"https:\/\/xstyle.md\/ro\/wp-json\/wp\/v2\/product\/73926","targetHints":{"allow":["GET"]}}],"collection":[{"href":"https:\/\/xstyle.md\/ro\/wp-json\/wp\/v2\/product"}],"about":[{"href":"https:\/\/xstyle.md\/ro\/wp-json\/wp\/v2\/types\/product"}],"replies":[{"embeddable":true,"href":"https:\/\/xstyle.md\/ro\/wp-json\/wp\/v2\/comments?post=73926"}],"wp:featuredmedia":[{"embeddable":true,"href":"https:\/\/xstyle.md\/ro\/wp-json\/wp\/v2\/media\/74037"}],"wp:attachment":[{"href":"https:\/\/xstyle.md\/ro\/wp-json\/wp\/v2\/media?parent=73926"}],"wp:term":[{"taxonomy":"product_brand","embeddable":true,"href":"https:\/\/xstyle.md\/ro\/wp-json\/wp\/v2\/product_brand?post=73926"},{"taxonomy":"product_cat","embeddable":true,"href":"https:\/\/xstyle.md\/ro\/wp-json\/wp\/v2\/product_cat?post=73926"},{"taxonomy":"product_tag","embeddable":true,"href":"https:\/\/xstyle.md\/ro\/wp-json\/wp\/v2\/product_tag?post=73926"}],"curies":[{"name":"wp","href":"https:\/\/api.w.org\/{rel}","templated":true}]}}