{"id":73925,"date":"2023-09-13T13:51:37","date_gmt":"2023-09-13T10:51:37","guid":{"rendered":"https:\/\/xstyle.md\/?post_type=product&#038;p=73925"},"modified":"2025-10-24T12:34:23","modified_gmt":"2025-10-24T09:34:23","slug":"nozh-firebird-fh922pt-bk","status":"publish","type":"product","link":"https:\/\/dev.xstyle.md\/ro\/produs\/nozh-firebird-fh922pt-bk\/","title":{"rendered":"Cu\u021bit Firebird FH922PT-BK"},"content":{"rendered":"<\/p>\n<p><strong>Firebird FH922PT-BK<\/strong> &#8212; cu\u021bitul este un instrument EDC practic pentru turism \u0219i activit\u0103\u021bi \u00een aer liber. M\u00e2nerul este disponibil \u00een diferite culori: portocaliu, verde-albastru, gri, carbon \u0219i negru. Micul instrument are o lam\u0103 cu v\u00e2rf \u00een form\u0103 de pic\u0103tur\u0103, care este la fel de eficient\u0103 at\u00e2t \u00een mi\u0219c\u0103rile de \u00eenjunghiere, c\u00e2t \u0219i \u00een cele de t\u0103iere. Lama se manifest\u0103 bine \u00een turism, astfel \u00eenc\u00e2t cu\u021bitele de acest tip sunt adesea folosite de turi\u0219ti \u0219i c\u0103l\u0103tori.<\/p>\n<p>Este un instrument versatil: la \u00eendem\u00e2n\u0103 pentru v\u00e2n\u0103toare, pescuit, turism sau \u00een fiecare zi. Este adaptat \u00een mod eficient la diferite condi\u021bii de mediu, ceea ce \u00eel face cea mai bun\u0103 alegere pentru a-i ajuta pe pasiona\u021bii de activit\u0103\u021bi \u00een aer liber.<\/p>\n<p>O\u021belul de calitate D2 rezist\u0103 bine la ascu\u021bire, este puternic, caracterizat de un con\u021binut ridicat de elemente precum cromul \u0219i carbonul. Ca urmare, materialul ob\u021bine o rezisten\u021b\u0103 mare la coroziune, precum \u0219i tenacitatea necesar\u0103, ceea ce cre\u0219te durata de via\u021b\u0103 a o\u021belului. Cu\u021bitul durabil \u0219i rezistent la uzur\u0103 are o duritate a lamei de aproximativ 60 de unit\u0103\u021bi pe scara Rockwell. Lama de culoare neagr\u0103, cu o suprafa\u021b\u0103 impecabil\u0103, arat\u0103 bine \u00een combina\u021bie cu m\u00e2nerul.<\/p>\n<p>M\u00e2nerul produsului este fabricat din sticl\u0103 de \u00eenalt\u0103 calitate G10-textolit. Acest material se caracterizeaz\u0103 printr-o suprafa\u021b\u0103 u\u0219or aspr\u0103, care ajut\u0103 la o mai bun\u0103 prindere pe palma m\u00e2inii, iar cu\u021bitul nu va aluneca din m\u00e2ini. Chiar dac\u0103 palmele unei persoane sunt umede. M\u00e2nerul confortabil de prindere, u\u0219or de lucrat, instrumentul ergonomic va deveni un asistent de \u00eencredere \u00eentr-o varietate de situa\u021bii.<\/p>\n<p>Mecanismul cu\u021bitului Flipper face ca deschiderea \u0219i \u00eenchiderea lamei s\u0103 fie sigur\u0103 \u0219i u\u0219oar\u0103. Cu\u021bitul poate fi deschis cu o singur\u0103 m\u00e2n\u0103.<\/p>\n<h3>Caracteristici<\/h3>\n<ul>\n<li>Tip cu\u021bit: pliabil<\/li>\n<li>Tip de t\u0103i\u0219: regulat<\/li>\n<li>Tip de blocare: \u00cencuietoare flipper<\/li>\n<li>Lungime total\u0103: 19,6 cm<\/li>\n<li>Lungimea lamei: 8,6 cm<\/li>\n<li>Material m\u00e2ner: G10<\/li>\n<li>Duritatea o\u021belului: 58 HRC<\/li>\n<li>Grad de o\u021bel: D2<\/li>\n<li>Greutate: 109 g<\/li>\n<\/ul>\n<p><\/p>","protected":false},"excerpt":{"rendered":"","protected":false},"featured_media":74031,"comment_status":"open","ping_status":"closed","template":"","meta":{"_acf_changed":false,"inline_featured_image":false},"product_brand":[1415],"product_cat":[169],"product_tag":[],"class_list":{"0":"post-73925","1":"product","2":"type-product","3":"status-publish","4":"has-post-thumbnail","6":"product_brand-firebird","7":"product_cat-knives","9":"first","10":"instock","11":"shipping-taxable","12":"purchasable","13":"product-type-simple"},"acf":[],"yoast_head":"<!-- This site is optimized with the Yoast SEO plugin v27.4 - https:\/\/yoast.com\/product\/yoast-seo-wordpress\/ -->\n<title>\u041d\u043e\u0436 Firebird FH922PT-BK - \u041c\u0430\u0433\u0430\u0437\u0438\u043d Xstyle<\/title>\n<meta name=\"description\" content=\"\u041d\u043e\u0436 Firebird FH922PT-BK: \u0438\u0434\u0435\u0430\u043b\u044c\u043d\u044b\u0439 EDC \u0438\u043d\u0441\u0442\u0440\u0443\u043c\u0435\u043d\u0442 \u0434\u043b\u044f \u0442\u0443\u0440\u0438\u0437\u043c\u0430 \u0438 \u0430\u043a\u0442\u0438\u0432\u043d\u043e\u0433\u043e \u043e\u0442\u0434\u044b\u0445\u0430. \u041b\u0435\u0433\u043a\u0438\u0439, \u0441 \u043f\u0440\u043e\u0447\u043d\u044b\u043c G10 \u0440\u0443\u043a\u043e\u044f\u0442\u043a\u043e\u0439 \u0438 \u043b\u0435\u0437\u0432\u0438\u0435\u043c D2, 60 HRC.\" \/>\n<meta name=\"robots\" content=\"noindex, follow, max-snippet:-1, max-image-preview:large, max-video-preview:-1\" \/>\n<meta property=\"og:locale\" content=\"ro_RO\" \/>\n<meta property=\"og:type\" content=\"article\" \/>\n<meta property=\"og:title\" content=\"\u041d\u043e\u0436 Firebird FH922PT-BK - \u041c\u0430\u0433\u0430\u0437\u0438\u043d Xstyle\" \/>\n<meta property=\"og:description\" content=\"\u041d\u043e\u0436 Firebird FH922PT-BK: \u0438\u0434\u0435\u0430\u043b\u044c\u043d\u044b\u0439 EDC \u0438\u043d\u0441\u0442\u0440\u0443\u043c\u0435\u043d\u0442 \u0434\u043b\u044f \u0442\u0443\u0440\u0438\u0437\u043c\u0430 \u0438 \u0430\u043a\u0442\u0438\u0432\u043d\u043e\u0433\u043e \u043e\u0442\u0434\u044b\u0445\u0430. \u041b\u0435\u0433\u043a\u0438\u0439, \u0441 \u043f\u0440\u043e\u0447\u043d\u044b\u043c G10 \u0440\u0443\u043a\u043e\u044f\u0442\u043a\u043e\u0439 \u0438 \u043b\u0435\u0437\u0432\u0438\u0435\u043c D2, 60 HRC.\" \/>\n<meta property=\"og:url\" content=\"https:\/\/dev.xstyle.md\/ro\/produs\/nozh-firebird-fh922pt-bk\/\" \/>\n<meta property=\"og:site_name\" content=\"\u041c\u0430\u0433\u0430\u0437\u0438\u043d Xstyle\" \/>\n<meta property=\"article:publisher\" content=\"https:\/\/www.facebook.com\/xstylemd\" \/>\n<meta property=\"article:modified_time\" content=\"2025-10-24T09:34:23+00:00\" \/>\n<meta property=\"og:image\" content=\"https:\/\/dev.xstyle.md\/wp-content\/uploads\/2023\/09\/firebird-fh922pt-bk.jpg\" \/>\n\t<meta property=\"og:image:width\" content=\"780\" \/>\n\t<meta property=\"og:image:height\" content=\"735\" \/>\n\t<meta property=\"og:image:type\" content=\"image\/jpeg\" \/>\n<meta name=\"twitter:card\" content=\"summary_large_image\" \/>\n<meta name=\"twitter:label1\" content=\"Pre\u021b\" \/>\n\t<meta name=\"twitter:data1\" content=\"970,00&nbsp;MDL\" \/>\n\t<meta name=\"twitter:label2\" content=\"Disponibilitate\" \/>\n\t<meta name=\"twitter:data2\" content=\"\u00cen stoc\" \/>\n<script type=\"application\/ld+json\" class=\"yoast-schema-graph\">{\"@context\":\"https:\\\/\\\/schema.org\",\"@graph\":[{\"@type\":\"WebPage\",\"@id\":\"https:\\\/\\\/dev.xstyle.md\\\/product\\\/nozh-firebird-fh922pt-bk\\\/\",\"url\":\"https:\\\/\\\/dev.xstyle.md\\\/product\\\/nozh-firebird-fh922pt-bk\\\/\",\"name\":\"\u041d\u043e\u0436 Firebird FH922PT-BK - \u041c\u0430\u0433\u0430\u0437\u0438\u043d Xstyle\",\"isPartOf\":{\"@id\":\"https:\\\/\\\/dev.xstyle.md\\\/#website\"},\"primaryImageOfPage\":{\"@id\":\"https:\\\/\\\/dev.xstyle.md\\\/product\\\/nozh-firebird-fh922pt-bk\\\/#primaryimage\"},\"image\":{\"@id\":\"https:\\\/\\\/dev.xstyle.md\\\/product\\\/nozh-firebird-fh922pt-bk\\\/#primaryimage\"},\"thumbnailUrl\":\"https:\\\/\\\/dev.xstyle.md\\\/wp-content\\\/uploads\\\/2023\\\/09\\\/firebird-fh922pt-bk.jpg\",\"datePublished\":\"2023-09-13T10:51:37+00:00\",\"dateModified\":\"2025-10-24T09:34:23+00:00\",\"description\":\"\u041d\u043e\u0436 Firebird FH922PT-BK: \u0438\u0434\u0435\u0430\u043b\u044c\u043d\u044b\u0439 EDC \u0438\u043d\u0441\u0442\u0440\u0443\u043c\u0435\u043d\u0442 \u0434\u043b\u044f \u0442\u0443\u0440\u0438\u0437\u043c\u0430 \u0438 \u0430\u043a\u0442\u0438\u0432\u043d\u043e\u0433\u043e \u043e\u0442\u0434\u044b\u0445\u0430. \u041b\u0435\u0433\u043a\u0438\u0439, \u0441 \u043f\u0440\u043e\u0447\u043d\u044b\u043c G10 \u0440\u0443\u043a\u043e\u044f\u0442\u043a\u043e\u0439 \u0438 \u043b\u0435\u0437\u0432\u0438\u0435\u043c D2, 60 HRC.\",\"breadcrumb\":{\"@id\":\"https:\\\/\\\/dev.xstyle.md\\\/product\\\/nozh-firebird-fh922pt-bk\\\/#breadcrumb\"},\"inLanguage\":\"ro-RO\",\"potentialAction\":[{\"@type\":\"ReadAction\",\"target\":[\"https:\\\/\\\/dev.xstyle.md\\\/product\\\/nozh-firebird-fh922pt-bk\\\/\"]}]},{\"@type\":\"ImageObject\",\"inLanguage\":\"ro-RO\",\"@id\":\"https:\\\/\\\/dev.xstyle.md\\\/product\\\/nozh-firebird-fh922pt-bk\\\/#primaryimage\",\"url\":\"https:\\\/\\\/dev.xstyle.md\\\/wp-content\\\/uploads\\\/2023\\\/09\\\/firebird-fh922pt-bk.jpg\",\"contentUrl\":\"https:\\\/\\\/dev.xstyle.md\\\/wp-content\\\/uploads\\\/2023\\\/09\\\/firebird-fh922pt-bk.jpg\",\"width\":780,\"height\":735,\"caption\":\"\u0420\u044e\u043a\u0437\u0430\u043a \u0434\u043b\u044f \u0430\u043a\u0442\u0438\u0432\u043d\u043e\u0433\u043e \u043e\u0442\u0434\u044b\u0445\u0430, \u043f\u043e\u0445\u043e\u0434\u043e\u0432 \u0438 \u043f\u0443\u0442\u0435\u0448\u0435\u0441\u0442\u0432\u0438\u0439, \u043f\u0440\u043e\u0447\u043d\u044b\u0439 \u0438 \u0432\u043c\u0435\u0441\u0442\u0438\u0442\u0435\u043b\u044c\u043d\u044b\u0439, \u0438\u0434\u0435\u0430\u043b\u044c\u043d\u043e \u043f\u043e\u0434\u0445\u043e\u0434\u0438\u0442 \u0434\u043b\u044f \u0433\u043e\u0440\u043d\u044b\u0445 \u043f\u043e\u0445\u043e\u0434\u043e\u0432 \u0438 \u0442\u0443\u0440\u0438\u0437\u043c\u0430, \u043e\u0431\u0443\u0432\u044c \u0438 \u044d\u043a\u0438\u043f\u0438\u0440\u043e\u0432\u043a\u0430 \u0434\u043b\u044f \u0430\u043a\u0442\u0438\u0432\u043d\u043e\u0439 \u0436\u0438\u0437\u043d\u0438, \u043c\u0430\u0433\u0430\u0437\u0438\u043d \u043e\u0434\u0435\u0436\u0434\u044b \u0438 \u043e\u0431\u0443\u0432\u0438 \u0434\u043b\u044f \u0430\u043a\u0442\u0438\u0432\u043d\u044b\u0445 \u043f\u0443\u0442\u0435\u0448\u0435\u0441\u0442\u0432\u0438\u0439\"},{\"@type\":\"BreadcrumbList\",\"@id\":\"https:\\\/\\\/dev.xstyle.md\\\/product\\\/nozh-firebird-fh922pt-bk\\\/#breadcrumb\",\"itemListElement\":[{\"@type\":\"ListItem\",\"position\":1,\"name\":\"\u0413\u043b\u0430\u0432\u043d\u0430\u044f \u0441\u0442\u0440\u0430\u043d\u0438\u0446\u0430\",\"item\":\"https:\\\/\\\/dev.xstyle.md\\\/\"},{\"@type\":\"ListItem\",\"position\":2,\"name\":\"Shop\",\"item\":\"https:\\\/\\\/dev.xstyle.md\\\/shop\\\/\"},{\"@type\":\"ListItem\",\"position\":3,\"name\":\"\u041d\u043e\u0436 Firebird FH922PT-BK\"}]},{\"@type\":\"WebSite\",\"@id\":\"https:\\\/\\\/dev.xstyle.md\\\/#website\",\"url\":\"https:\\\/\\\/dev.xstyle.md\\\/\",\"name\":\"\u041c\u0430\u0433\u0430\u0437\u0438\u043d Xstyle\",\"description\":\"C\u043d\u0430\u0440\u044f\u0436\u0435\u043d\u0438\u0435 \u0434\u043b\u044f \u0442\u0443\u0440\u0438\u0437\u043c\u0430 \u0438 \u044d\u043a\u0441\u0442\u0440\u0435\u043c\u0430\u043b\u044c\u043d\u044b\u0445 \u0432\u0438\u0434\u043e\u0432 \u0441\u043f\u043e\u0440\u0442\u0430 \u0432 \u041c\u043e\u043b\u0434\u043e\u0432\u0435.. \u0426\u0435\u043d\u044b, \u0444\u043e\u0442\u043e, \u0445\u0430\u0440\u0430\u043a\u0442\u0435\u0440\u0438\u0441\u0442\u0438\u043a\u0438 \u0432 \u041c\u043e\u043b\u0434\u043e\u0432\u0435.\",\"publisher\":{\"@id\":\"https:\\\/\\\/dev.xstyle.md\\\/#organization\"},\"alternateName\":\"X-Style\",\"potentialAction\":[{\"@type\":\"SearchAction\",\"target\":{\"@type\":\"EntryPoint\",\"urlTemplate\":\"https:\\\/\\\/dev.xstyle.md\\\/?s={search_term_string}\"},\"query-input\":{\"@type\":\"PropertyValueSpecification\",\"valueRequired\":true,\"valueName\":\"search_term_string\"}}],\"inLanguage\":\"ro-RO\"},{\"@type\":\"Organization\",\"@id\":\"https:\\\/\\\/dev.xstyle.md\\\/#organization\",\"name\":\"\u041c\u0430\u0433\u0430\u0437\u0438\u043d Xstyle\",\"alternateName\":\"x-style\",\"url\":\"https:\\\/\\\/dev.xstyle.md\\\/\",\"logo\":{\"@type\":\"ImageObject\",\"inLanguage\":\"ro-RO\",\"@id\":\"https:\\\/\\\/dev.xstyle.md\\\/#\\\/schema\\\/logo\\\/image\\\/\",\"url\":\"https:\\\/\\\/dev.xstyle.md\\\/wp-content\\\/uploads\\\/2020\\\/06\\\/logoicon.svg\",\"contentUrl\":\"https:\\\/\\\/dev.xstyle.md\\\/wp-content\\\/uploads\\\/2020\\\/06\\\/logoicon.svg\",\"caption\":\"\u041c\u0430\u0433\u0430\u0437\u0438\u043d Xstyle\"},\"image\":{\"@id\":\"https:\\\/\\\/dev.xstyle.md\\\/#\\\/schema\\\/logo\\\/image\\\/\"},\"sameAs\":[\"https:\\\/\\\/www.facebook.com\\\/xstylemd\",\"https:\\\/\\\/www.instagram.com\\\/xstyle_md\\\/\",\"https:\\\/\\\/t.me\\\/xstyle_outdoor\"],\"hasMerchantReturnPolicy\":{\"@type\":\"MerchantReturnPolicy\",\"merchantReturnLink\":\"https:\\\/\\\/dev.xstyle.md\\\/ro\\\/conditions\\\/\"}}]}<\/script>\n<meta property=\"product:price:amount\" content=\"970.00\" \/>\n<meta property=\"product:price:currency\" content=\"MDL\" \/>\n<meta property=\"og:availability\" content=\"instock\" \/>\n<meta property=\"product:availability\" content=\"instock\" \/>\n<meta property=\"product:retailer_item_id\" content=\"860009192027\" \/>\n<meta property=\"product:condition\" content=\"new\" \/>\n<!-- \/ Yoast SEO plugin. -->","yoast_head_json":{"title":"Cu\u021bit Firebird FH922PT-BK - Magazin Xstyle","description":"Cu\u021bitul Firebird FH922PT-BK: un instrument EDC ideal pentru turism \u0219i activit\u0103\u021bi \u00een aer liber. U\u0219or, cu un m\u00e2ner rezistent din G10 \u0219i o lam\u0103 D2, 60 HRC.","robots":{"index":"noindex","follow":"follow","max-snippet":"max-snippet:-1","max-image-preview":"max-image-preview:large","max-video-preview":"max-video-preview:-1"},"og_locale":"ro_RO","og_type":"article","og_title":"\u041d\u043e\u0436 Firebird FH922PT-BK - \u041c\u0430\u0433\u0430\u0437\u0438\u043d Xstyle","og_description":"\u041d\u043e\u0436 Firebird FH922PT-BK: \u0438\u0434\u0435\u0430\u043b\u044c\u043d\u044b\u0439 EDC \u0438\u043d\u0441\u0442\u0440\u0443\u043c\u0435\u043d\u0442 \u0434\u043b\u044f \u0442\u0443\u0440\u0438\u0437\u043c\u0430 \u0438 \u0430\u043a\u0442\u0438\u0432\u043d\u043e\u0433\u043e \u043e\u0442\u0434\u044b\u0445\u0430. \u041b\u0435\u0433\u043a\u0438\u0439, \u0441 \u043f\u0440\u043e\u0447\u043d\u044b\u043c G10 \u0440\u0443\u043a\u043e\u044f\u0442\u043a\u043e\u0439 \u0438 \u043b\u0435\u0437\u0432\u0438\u0435\u043c D2, 60 HRC.","og_url":"https:\/\/dev.xstyle.md\/ro\/produs\/nozh-firebird-fh922pt-bk\/","og_site_name":"\u041c\u0430\u0433\u0430\u0437\u0438\u043d Xstyle","article_publisher":"https:\/\/www.facebook.com\/xstylemd","article_modified_time":"2025-10-24T09:34:23+00:00","og_image":[{"width":780,"height":735,"url":"https:\/\/dev.xstyle.md\/wp-content\/uploads\/2023\/09\/firebird-fh922pt-bk.jpg","type":"image\/jpeg"}],"twitter_card":"summary_large_image","twitter_misc":{"Pre\u021b":"970,00&nbsp;MDL","Disponibilitate":"\u00cen stoc"},"schema":{"@context":"https:\/\/schema.org","@graph":[{"@type":"WebPage","@id":"https:\/\/dev.xstyle.md\/product\/nozh-firebird-fh922pt-bk\/","url":"https:\/\/dev.xstyle.md\/product\/nozh-firebird-fh922pt-bk\/","name":"Cu\u021bit Firebird FH922PT-BK - Magazin Xstyle","isPartOf":{"@id":"https:\/\/dev.xstyle.md\/#website"},"primaryImageOfPage":{"@id":"https:\/\/dev.xstyle.md\/product\/nozh-firebird-fh922pt-bk\/#primaryimage"},"image":{"@id":"https:\/\/dev.xstyle.md\/product\/nozh-firebird-fh922pt-bk\/#primaryimage"},"thumbnailUrl":"https:\/\/dev.xstyle.md\/wp-content\/uploads\/2023\/09\/firebird-fh922pt-bk.jpg","datePublished":"2023-09-13T10:51:37+00:00","dateModified":"2025-10-24T09:34:23+00:00","description":"Cu\u021bitul Firebird FH922PT-BK: un instrument EDC ideal pentru turism \u0219i activit\u0103\u021bi \u00een aer liber. U\u0219or, cu un m\u00e2ner rezistent din G10 \u0219i o lam\u0103 D2, 60 HRC.","breadcrumb":{"@id":"https:\/\/dev.xstyle.md\/product\/nozh-firebird-fh922pt-bk\/#breadcrumb"},"inLanguage":"ro-RO","potentialAction":[{"@type":"ReadAction","target":["https:\/\/dev.xstyle.md\/product\/nozh-firebird-fh922pt-bk\/"]}]},{"@type":"ImageObject","inLanguage":"ro-RO","@id":"https:\/\/dev.xstyle.md\/product\/nozh-firebird-fh922pt-bk\/#primaryimage","url":"https:\/\/dev.xstyle.md\/wp-content\/uploads\/2023\/09\/firebird-fh922pt-bk.jpg","contentUrl":"https:\/\/dev.xstyle.md\/wp-content\/uploads\/2023\/09\/firebird-fh922pt-bk.jpg","width":780,"height":735,"caption":"\u0420\u044e\u043a\u0437\u0430\u043a \u0434\u043b\u044f \u0430\u043a\u0442\u0438\u0432\u043d\u043e\u0433\u043e \u043e\u0442\u0434\u044b\u0445\u0430, \u043f\u043e\u0445\u043e\u0434\u043e\u0432 \u0438 \u043f\u0443\u0442\u0435\u0448\u0435\u0441\u0442\u0432\u0438\u0439, \u043f\u0440\u043e\u0447\u043d\u044b\u0439 \u0438 \u0432\u043c\u0435\u0441\u0442\u0438\u0442\u0435\u043b\u044c\u043d\u044b\u0439, \u0438\u0434\u0435\u0430\u043b\u044c\u043d\u043e \u043f\u043e\u0434\u0445\u043e\u0434\u0438\u0442 \u0434\u043b\u044f \u0433\u043e\u0440\u043d\u044b\u0445 \u043f\u043e\u0445\u043e\u0434\u043e\u0432 \u0438 \u0442\u0443\u0440\u0438\u0437\u043c\u0430, \u043e\u0431\u0443\u0432\u044c \u0438 \u044d\u043a\u0438\u043f\u0438\u0440\u043e\u0432\u043a\u0430 \u0434\u043b\u044f \u0430\u043a\u0442\u0438\u0432\u043d\u043e\u0439 \u0436\u0438\u0437\u043d\u0438, \u043c\u0430\u0433\u0430\u0437\u0438\u043d \u043e\u0434\u0435\u0436\u0434\u044b \u0438 \u043e\u0431\u0443\u0432\u0438 \u0434\u043b\u044f \u0430\u043a\u0442\u0438\u0432\u043d\u044b\u0445 \u043f\u0443\u0442\u0435\u0448\u0435\u0441\u0442\u0432\u0438\u0439"},{"@type":"BreadcrumbList","@id":"https:\/\/dev.xstyle.md\/product\/nozh-firebird-fh922pt-bk\/#breadcrumb","itemListElement":[{"@type":"ListItem","position":1,"name":"\u0413\u043b\u0430\u0432\u043d\u0430\u044f \u0441\u0442\u0440\u0430\u043d\u0438\u0446\u0430","item":"https:\/\/dev.xstyle.md\/"},{"@type":"ListItem","position":2,"name":"Shop","item":"https:\/\/dev.xstyle.md\/shop\/"},{"@type":"ListItem","position":3,"name":"\u041d\u043e\u0436 Firebird FH922PT-BK"}]},{"@type":"WebSite","@id":"https:\/\/dev.xstyle.md\/#website","url":"https:\/\/dev.xstyle.md\/","name":"Magazinul X-Style","description":"Echipamente pentru turism \u0219i sporturi extreme \u00een Moldova. Pre\u021buri, fotografii, caracteristici \u00een Moldova.","publisher":{"@id":"https:\/\/dev.xstyle.md\/#organization"},"alternateName":"X-Style","potentialAction":[{"@type":"SearchAction","target":{"@type":"EntryPoint","urlTemplate":"https:\/\/dev.xstyle.md\/?s={search_term_string}"},"query-input":{"@type":"PropertyValueSpecification","valueRequired":true,"valueName":"search_term_string"}}],"inLanguage":"ro-RO"},{"@type":"Organization","@id":"https:\/\/dev.xstyle.md\/#organization","name":"Magazinul X-Style","alternateName":"x-style","url":"https:\/\/dev.xstyle.md\/","logo":{"@type":"ImageObject","inLanguage":"ro-RO","@id":"https:\/\/dev.xstyle.md\/#\/schema\/logo\/image\/","url":"https:\/\/dev.xstyle.md\/wp-content\/uploads\/2020\/06\/logoicon.svg","contentUrl":"https:\/\/dev.xstyle.md\/wp-content\/uploads\/2020\/06\/logoicon.svg","caption":"\u041c\u0430\u0433\u0430\u0437\u0438\u043d Xstyle"},"image":{"@id":"https:\/\/dev.xstyle.md\/#\/schema\/logo\/image\/"},"sameAs":["https:\/\/www.facebook.com\/xstylemd","https:\/\/www.instagram.com\/xstyle_md\/","https:\/\/t.me\/xstyle_outdoor"],"hasMerchantReturnPolicy":{"@type":"MerchantReturnPolicy","merchantReturnLink":"https:\/\/dev.xstyle.md\/ro\/conditions\/"}}]},"product_price_amount":"970.00","product_price_currency":"MDL","og_availability":"instock","product_availability":"instock","product_retailer_item_id":"860009192027","product_condition":"new"},"post_mailing_queue_ids":[],"_links":{"self":[{"href":"https:\/\/dev.xstyle.md\/ro\/wp-json\/wp\/v2\/product\/73925","targetHints":{"allow":["GET"]}}],"collection":[{"href":"https:\/\/dev.xstyle.md\/ro\/wp-json\/wp\/v2\/product"}],"about":[{"href":"https:\/\/dev.xstyle.md\/ro\/wp-json\/wp\/v2\/types\/product"}],"replies":[{"embeddable":true,"href":"https:\/\/dev.xstyle.md\/ro\/wp-json\/wp\/v2\/comments?post=73925"}],"version-history":[{"count":0,"href":"https:\/\/dev.xstyle.md\/ro\/wp-json\/wp\/v2\/product\/73925\/revisions"}],"wp:featuredmedia":[{"embeddable":true,"href":"https:\/\/dev.xstyle.md\/ro\/wp-json\/wp\/v2\/media\/74031"}],"wp:attachment":[{"href":"https:\/\/dev.xstyle.md\/ro\/wp-json\/wp\/v2\/media?parent=73925"}],"wp:term":[{"taxonomy":"product_brand","embeddable":true,"href":"https:\/\/dev.xstyle.md\/ro\/wp-json\/wp\/v2\/product_brand?post=73925"},{"taxonomy":"product_cat","embeddable":true,"href":"https:\/\/dev.xstyle.md\/ro\/wp-json\/wp\/v2\/product_cat?post=73925"},{"taxonomy":"product_tag","embeddable":true,"href":"https:\/\/dev.xstyle.md\/ro\/wp-json\/wp\/v2\/product_tag?post=73925"}],"curies":[{"name":"wp","href":"https:\/\/api.w.org\/{rel}","templated":true}]}}