{"id":73187,"date":"2023-08-23T15:43:18","date_gmt":"2023-08-23T12:43:18","guid":{"rendered":"https:\/\/xstyle.md\/?post_type=product&#038;p=73187"},"modified":"2026-04-15T12:38:21","modified_gmt":"2026-04-15T09:38:21","slug":"strahovochnaya-sistema-petzl-aquila-black","status":"publish","type":"product","link":"https:\/\/xstyle.md\/ro\/produs\/strahovochnaya-sistema-petzl-aquila-black\/","title":{"rendered":"Ham Petzl Aquila black"},"content":{"rendered":"<\/p>\n<p><strong>Petzl Aquila XL<\/strong> &#8212; ham pentru alpinism sportiv, alpinism tradi\u021bional \u0219i alpinism. Talia larg\u0103 \u0219i confortabil\u0103 este ideal\u0103 pentru toate tipurile de corp, iar centura reglabil\u0103 a picioarelor se adapteaz\u0103 la \u00eembr\u0103c\u0103minte \u00een toate anotimpurile. Datorit\u0103 construc\u021biei sale sub\u021biri \u0219i u\u0219oare, hamul v\u0103 ofer\u0103 o mare libertate de mi\u0219care \u0219i r\u0103m\u00e2ne confortabil atunci c\u00e2nd v\u0103 ag\u0103\u021ba\u021bi. Cinci bucle mari pentru echipament fac hamacul versatil \u0219i ideal pentru utilizarea \u00een mun\u021bi sau pentru c\u0103\u021b\u0103rare tradi\u021bional\u0103, \u00een timp ce punctele de fixare \u00eent\u0103rite ajut\u0103 la asigurarea durabilit\u0103\u021bii.<\/p>\n<h3>Particularit\u0103\u021bi<\/h3>\n<p><strong>Confort maxim de ag\u0103\u021bare:<\/strong><\/p>\n<ul>\n<li>cureaua larg\u0103 \u0219i confortabil\u0103 este ideal\u0103 pentru construc\u021biile mari \u0219i distribuie perfect \u00eenc\u0103rc\u0103tura.<br \/>\ncentura este moale \u0219i flexibil\u0103<\/li>\n<li>cataramele DOUBLEBACK HD regleaz\u0103 circumferin\u021bele picioarelor pentru o adaptare rapid\u0103 la diferite tipuri de corp \u0219i la hainele de sezon<\/li>\n<li>punct de conectare flexibil al centurii gambei pentru un confort maxim la urcare sau la apropiere<\/li>\n<li>construc\u021bie FUSEFRAME cu spum\u0103 termoformat\u0103 cu celule \u00eenchise pentru un confort constant pe toat\u0103 durata de via\u021b\u0103 a hamului<\/li>\n<li>\u021bes\u0103tur\u0103 interioar\u0103 respirabil\u0103, care elimin\u0103 umezeala<\/li>\n<\/ul>\n<p><strong>Ham universal pentru escalad\u0103 sau alpinism:\u00a0<\/strong><\/p>\n<ul>\n<li>bucl\u0103 mare \u00een spate pentru frends, semne de carte \u0219i alte echipamente specializate<\/li>\n<li>dou\u0103 bucle frontale pentru echipamente cu rigiditate variabil\u0103 pentru fixarea rapid\u0103 a centurilor de asigurare<\/li>\n<li>dou\u0103 bucle pentru accesorii din spate sunt flexibile \u0219i \u00eenclinate pentru a transporta echipamentul \u00een fa\u021b\u0103 atunci c\u00e2nd este nevoie, nu interfereaz\u0103 cu rucsacul.<\/li>\n<li>bucla din spate pentru accesorii: sac de magnezie, pantofi, coard\u0103 sau alte echipamente.<\/li>\n<li>posibilitatea de a monta un burghiu de ghea\u021b\u0103 cu ajutorul unuia sau mai multor suporturi CARITOOL EVO.<\/li>\n<li>puncte de fixare \u00eent\u0103rite din polietilen\u0103 cu modul \u00eenalt (HMPE) pentru o rezisten\u021b\u0103 sporit\u0103 la abraziune.<\/li>\n<li>centura de talie \u0219i centurile de picior sunt prev\u0103zute cu o cataram\u0103 DOUBLEBACK HD pentru o alunecare lin\u0103 a pra\u0219tii \u0219i o reglare rapid\u0103 \u0219i u\u0219oar\u0103.<\/li>\n<li>\u021bes\u0103tur\u0103 exterioar\u0103 durabil\u0103 \u0219i rezistent\u0103 la abraziune<\/li>\n<li>hamul este foarte compact atunci c\u00e2nd este pliat<\/li>\n<li>benzi elastice reglabile pe centurile de picior cu \u00eenchiz\u0103toare<\/li>\n<\/ul>\n<h3>Caracteristici<\/h3>\n<ul>\n<li>Materiale &#8212; nailon, poliester, spum\u0103 EVA, poliuretan, aluminiu, polietilen\u0103 cu modul \u00eenalt de elasticitate<\/li>\n<li>Dimensiune pentru XL\n<ul>\n<li>Circumferin\u021ba taliei &#8212; 92-100 cm<\/li>\n<li>Circumferin\u021ba \u0219oldului &#8212; 57-67 cm<\/li>\n<li>Greutate &#8212; 425 g<\/li>\n<\/ul>\n<\/li>\n<li>Certificare &#8212; CE EN 12277 tip C, UIAA<\/li>\n<\/ul>\n<h3>Marca<\/h3>\n<p>PETZL este un brand de renume mondial care produce echipamente specializate pentru alpinism, speologie, escalad\u0103 \u0219i alpinism industrial. Compania a fost fondat\u0103 de Fernand Petzel, un om pasionat de speologie de o via\u021b\u0103 \u00eentreag\u0103. La mijlocul anilor 1970, pasiunea sa \u0219i afacerea de familie au crescut \u00een ceva mai mult. Fernand a \u00eenceput s\u0103 modifice dispozitivele existente folosite \u00een speologie \u0219i apoi s\u0103 inventeze unele complet noi.<\/p>\n<p>Gama de produse a companiei s-a extins pentru a include iluminatul, deoarece \u00een \u00eentunericul pe\u0219terilor acesta este unul dintre cele mai importante echipamente necesare. Dup\u0103 speologie, PETZL a creat echipamente pentru alpini\u0219ti \u0219i alpini\u0219ti, iar mai t\u00e2rziu pentru lucrul la \u00een\u0103l\u021bime.<\/p>\n<p>Misiunea PETZL este de a crea instrumente inovatoare care s\u0103 le permit\u0103 b\u0103rba\u021bilor \u0219i femeilor s\u0103 ating\u0103 noi \u00een\u0103l\u021bimi pe vertical\u0103 \u0219i s\u0103 lumineze drumul \u00een \u00eentuneric. Compania se afl\u0103 \u00eentr-o c\u0103utare continu\u0103 a celei mai bune solu\u021bii \u00een toate domeniile de activitate. Performan\u021ba, ergonomia, confortul \u0219i, cel mai important, siguran\u021ba sunt cele mai importante criterii \u00een aceast\u0103 c\u0103utare. Accesul la ceea ce este inaccesibil sau &#171;atingerea a ceea ce este de neatins&#187; este motto-ul s\u0103u de lung\u0103 durat\u0103.<\/p>\n<p><\/p>","protected":false},"excerpt":{"rendered":"","protected":false},"featured_media":73218,"comment_status":"closed","ping_status":"closed","template":"","meta":{"_acf_changed":false,"inline_featured_image":false},"product_brand":[1270],"product_cat":[135,93],"product_tag":[],"class_list":{"0":"post-73187","1":"product","2":"type-product","3":"status-publish","4":"has-post-thumbnail","6":"product_brand-petzl","7":"product_cat-harnesses","8":"product_cat-binding","10":"first","11":"instock","12":"shipping-taxable","13":"purchasable","14":"product-type-simple"},"acf":[],"yoast_head":"<!-- This site is optimized with the Yoast SEO plugin v27.4 - https:\/\/yoast.com\/product\/yoast-seo-wordpress\/ -->\n<title>\u0421\u0442\u0440\u0430\u0445\u043e\u0432\u043e\u0447\u043d\u0430\u044f \u0441\u0438\u0441\u0442\u0435\u043c\u0430 Petzl Aquila black - \u041c\u0430\u0433\u0430\u0437\u0438\u043d Xstyle<\/title>\n<meta name=\"description\" content=\"\u041a\u0443\u043f\u0438\u0442\u0435 \u0441\u0442\u0440\u0430\u0445\u043e\u0432\u043e\u0447\u043d\u0443\u044e \u0441\u0438\u0441\u0442\u0435\u043c\u0443 Petzl Aquila XL \u0434\u043b\u044f \u0430\u043b\u044c\u043f\u0438\u043d\u0438\u0437\u043c\u0430! \u0423\u0434\u043e\u0431\u043d\u0430\u044f \u0438 \u0440\u0435\u0433\u0443\u043b\u0438\u0440\u0443\u0435\u043c\u0430\u044f, \u043e\u043d\u0430 \u043f\u043e\u0434\u0445\u043e\u0434\u0438\u0442 \u0434\u043b\u044f \u0432\u0441\u0435\u0445 \u0442\u0438\u043f\u043e\u0432 \u0442\u0435\u043b. \u0418\u0434\u0435\u0430\u043b\u044c\u043d\u0430 \u0434\u043b\u044f \u0432\u0430\u0448\u0435\u0433\u043e \u0441\u043f\u043e\u0440\u0442\u0430!\" \/>\n<meta name=\"robots\" content=\"index, follow, max-snippet:-1, max-image-preview:large, max-video-preview:-1\" \/>\n<link rel=\"canonical\" href=\"https:\/\/xstyle.md\/ro\/produs\/strahovochnaya-sistema-petzl-aquila-black\/\" \/>\n<meta property=\"og:locale\" content=\"ro_RO\" \/>\n<meta property=\"og:type\" content=\"article\" \/>\n<meta property=\"og:title\" content=\"\u0421\u0442\u0440\u0430\u0445\u043e\u0432\u043e\u0447\u043d\u0430\u044f \u0441\u0438\u0441\u0442\u0435\u043c\u0430 Petzl Aquila black - \u041c\u0430\u0433\u0430\u0437\u0438\u043d Xstyle\" \/>\n<meta property=\"og:description\" content=\"\u041a\u0443\u043f\u0438\u0442\u0435 \u0441\u0442\u0440\u0430\u0445\u043e\u0432\u043e\u0447\u043d\u0443\u044e \u0441\u0438\u0441\u0442\u0435\u043c\u0443 Petzl Aquila XL \u0434\u043b\u044f \u0430\u043b\u044c\u043f\u0438\u043d\u0438\u0437\u043c\u0430! \u0423\u0434\u043e\u0431\u043d\u0430\u044f \u0438 \u0440\u0435\u0433\u0443\u043b\u0438\u0440\u0443\u0435\u043c\u0430\u044f, \u043e\u043d\u0430 \u043f\u043e\u0434\u0445\u043e\u0434\u0438\u0442 \u0434\u043b\u044f \u0432\u0441\u0435\u0445 \u0442\u0438\u043f\u043e\u0432 \u0442\u0435\u043b. \u0418\u0434\u0435\u0430\u043b\u044c\u043d\u0430 \u0434\u043b\u044f \u0432\u0430\u0448\u0435\u0433\u043e \u0441\u043f\u043e\u0440\u0442\u0430!\" \/>\n<meta property=\"og:url\" content=\"https:\/\/xstyle.md\/ro\/produs\/strahovochnaya-sistema-petzl-aquila-black\/\" \/>\n<meta property=\"og:site_name\" content=\"\u041c\u0430\u0433\u0430\u0437\u0438\u043d Xstyle\" \/>\n<meta property=\"article:publisher\" content=\"https:\/\/www.facebook.com\/xstylemd\" \/>\n<meta property=\"article:modified_time\" content=\"2026-04-15T09:38:21+00:00\" \/>\n<meta property=\"og:image\" content=\"https:\/\/xstyle.md\/wp-content\/uploads\/2023\/08\/petzl-aquila-xl.jpeg\" \/>\n\t<meta property=\"og:image:width\" content=\"1008\" \/>\n\t<meta property=\"og:image:height\" content=\"960\" \/>\n\t<meta property=\"og:image:type\" content=\"image\/jpeg\" \/>\n<meta name=\"twitter:card\" content=\"summary_large_image\" \/>\n<meta name=\"twitter:label1\" content=\"Pre\u021b\" \/>\n\t<meta name=\"twitter:data1\" content=\"2.650&nbsp;MDL\" \/>\n\t<meta name=\"twitter:label2\" content=\"Disponibilitate\" \/>\n\t<meta name=\"twitter:data2\" content=\"\u00cen stoc\" \/>\n<script type=\"application\/ld+json\" class=\"yoast-schema-graph\">{\"@context\":\"https:\\\/\\\/schema.org\",\"@graph\":[{\"@type\":\"WebPage\",\"@id\":\"https:\\\/\\\/xstyle.md\\\/product\\\/strahovochnaya-sistema-petzl-aquila-black\\\/\",\"url\":\"https:\\\/\\\/xstyle.md\\\/product\\\/strahovochnaya-sistema-petzl-aquila-black\\\/\",\"name\":\"\u0421\u0442\u0440\u0430\u0445\u043e\u0432\u043e\u0447\u043d\u0430\u044f \u0441\u0438\u0441\u0442\u0435\u043c\u0430 Petzl Aquila black - \u041c\u0430\u0433\u0430\u0437\u0438\u043d Xstyle\",\"isPartOf\":{\"@id\":\"https:\\\/\\\/xstyle.md\\\/#website\"},\"primaryImageOfPage\":{\"@id\":\"https:\\\/\\\/xstyle.md\\\/product\\\/strahovochnaya-sistema-petzl-aquila-black\\\/#primaryimage\"},\"image\":{\"@id\":\"https:\\\/\\\/xstyle.md\\\/product\\\/strahovochnaya-sistema-petzl-aquila-black\\\/#primaryimage\"},\"thumbnailUrl\":\"https:\\\/\\\/xstyle.md\\\/wp-content\\\/uploads\\\/2023\\\/08\\\/petzl-aquila-xl.jpeg\",\"datePublished\":\"2023-08-23T12:43:18+00:00\",\"dateModified\":\"2026-04-15T09:38:21+00:00\",\"description\":\"\u041a\u0443\u043f\u0438\u0442\u0435 \u0441\u0442\u0440\u0430\u0445\u043e\u0432\u043e\u0447\u043d\u0443\u044e \u0441\u0438\u0441\u0442\u0435\u043c\u0443 Petzl Aquila XL \u0434\u043b\u044f \u0430\u043b\u044c\u043f\u0438\u043d\u0438\u0437\u043c\u0430! \u0423\u0434\u043e\u0431\u043d\u0430\u044f \u0438 \u0440\u0435\u0433\u0443\u043b\u0438\u0440\u0443\u0435\u043c\u0430\u044f, \u043e\u043d\u0430 \u043f\u043e\u0434\u0445\u043e\u0434\u0438\u0442 \u0434\u043b\u044f \u0432\u0441\u0435\u0445 \u0442\u0438\u043f\u043e\u0432 \u0442\u0435\u043b. \u0418\u0434\u0435\u0430\u043b\u044c\u043d\u0430 \u0434\u043b\u044f \u0432\u0430\u0448\u0435\u0433\u043e \u0441\u043f\u043e\u0440\u0442\u0430!\",\"breadcrumb\":{\"@id\":\"https:\\\/\\\/xstyle.md\\\/product\\\/strahovochnaya-sistema-petzl-aquila-black\\\/#breadcrumb\"},\"inLanguage\":\"ro-RO\",\"potentialAction\":[{\"@type\":\"ReadAction\",\"target\":[\"https:\\\/\\\/xstyle.md\\\/product\\\/strahovochnaya-sistema-petzl-aquila-black\\\/\"]}]},{\"@type\":\"ImageObject\",\"inLanguage\":\"ro-RO\",\"@id\":\"https:\\\/\\\/xstyle.md\\\/product\\\/strahovochnaya-sistema-petzl-aquila-black\\\/#primaryimage\",\"url\":\"https:\\\/\\\/xstyle.md\\\/wp-content\\\/uploads\\\/2023\\\/08\\\/petzl-aquila-xl.jpeg\",\"contentUrl\":\"https:\\\/\\\/xstyle.md\\\/wp-content\\\/uploads\\\/2023\\\/08\\\/petzl-aquila-xl.jpeg\",\"width\":1008,\"height\":960,\"caption\":\"\u0422\u0440\u0435\u0432\u043e\u0447\u043d\u0430\u044f \u0441\u0438\u0441\u0442\u0435\u043c\u0430 Petzl Aquila XL \u0434\u043b\u044f \u0430\u043b\u044c\u043f\u0438\u043d\u0438\u0437\u043c\u0430 \u0438 \u0441\u043a\u0430\u043b\u043e\u043b\u0430\u0437\u0430\u043d\u0438\u044f, \u0430\u043a\u0442\u0438\u0432\u043d\u0430\u044f \u043e\u0434\u0435\u0436\u0434\u0430 \u0438 \u043e\u0431\u0443\u0432\u044c \u0434\u043b\u044f \u043f\u0443\u0442\u0435\u0448\u0435\u0441\u0442\u0432\u0438\u0439, \u043f\u043e\u0445\u043e\u0434\u043e\u0432 \u0438 \u0445\u0430\u0439\u043a\u0438\u043d\u0433\u0430, \u044d\u043a\u0438\u043f\u0438\u0440\u043e\u0432\u043a\u0430 \u0434\u043b\u044f \u0433\u043e\u0440\u043d\u044b\u0445 \u043f\u0443\u0442\u0435\u0448\u0435\u0441\u0442\u0432\u0438\u0439 \u0438 \u0442\u0443\u0440\u0438\u0437\u043c\u0430\"},{\"@type\":\"BreadcrumbList\",\"@id\":\"https:\\\/\\\/xstyle.md\\\/product\\\/strahovochnaya-sistema-petzl-aquila-black\\\/#breadcrumb\",\"itemListElement\":[{\"@type\":\"ListItem\",\"position\":1,\"name\":\"\u0413\u043b\u0430\u0432\u043d\u0430\u044f \u0441\u0442\u0440\u0430\u043d\u0438\u0446\u0430\",\"item\":\"https:\\\/\\\/xstyle.md\\\/\"},{\"@type\":\"ListItem\",\"position\":2,\"name\":\"\u041c\u0430\u0433\u0430\u0437\u0438\u043d\",\"item\":\"https:\\\/\\\/xstyle.md\\\/shop\\\/\"},{\"@type\":\"ListItem\",\"position\":3,\"name\":\"\u0421\u0442\u0440\u0430\u0445\u043e\u0432\u043e\u0447\u043d\u0430\u044f \u0441\u0438\u0441\u0442\u0435\u043c\u0430 Petzl Aquila black\"}]},{\"@type\":\"WebSite\",\"@id\":\"https:\\\/\\\/xstyle.md\\\/#website\",\"url\":\"https:\\\/\\\/xstyle.md\\\/\",\"name\":\"\u041c\u0430\u0433\u0430\u0437\u0438\u043d Xstyle\",\"description\":\"C\u043d\u0430\u0440\u044f\u0436\u0435\u043d\u0438\u0435 \u0434\u043b\u044f \u0442\u0443\u0440\u0438\u0437\u043c\u0430 \u0438 \u044d\u043a\u0441\u0442\u0440\u0435\u043c\u0430\u043b\u044c\u043d\u044b\u0445 \u0432\u0438\u0434\u043e\u0432 \u0441\u043f\u043e\u0440\u0442\u0430 \u0432 \u041c\u043e\u043b\u0434\u043e\u0432\u0435.. \u0426\u0435\u043d\u044b, \u0444\u043e\u0442\u043e, \u0445\u0430\u0440\u0430\u043a\u0442\u0435\u0440\u0438\u0441\u0442\u0438\u043a\u0438 \u0432 \u041c\u043e\u043b\u0434\u043e\u0432\u0435.\",\"publisher\":{\"@id\":\"https:\\\/\\\/xstyle.md\\\/#organization\"},\"alternateName\":\"X-Style\",\"potentialAction\":[{\"@type\":\"SearchAction\",\"target\":{\"@type\":\"EntryPoint\",\"urlTemplate\":\"https:\\\/\\\/xstyle.md\\\/?s={search_term_string}\"},\"query-input\":{\"@type\":\"PropertyValueSpecification\",\"valueRequired\":true,\"valueName\":\"search_term_string\"}}],\"inLanguage\":\"ro-RO\"},{\"@type\":\"Organization\",\"@id\":\"https:\\\/\\\/xstyle.md\\\/#organization\",\"name\":\"\u041c\u0430\u0433\u0430\u0437\u0438\u043d Xstyle\",\"alternateName\":\"x-style\",\"url\":\"https:\\\/\\\/xstyle.md\\\/\",\"logo\":{\"@type\":\"ImageObject\",\"inLanguage\":\"ro-RO\",\"@id\":\"https:\\\/\\\/xstyle.md\\\/#\\\/schema\\\/logo\\\/image\\\/\",\"url\":\"https:\\\/\\\/xstyle.md\\\/wp-content\\\/uploads\\\/2020\\\/06\\\/logoicon.svg\",\"contentUrl\":\"https:\\\/\\\/xstyle.md\\\/wp-content\\\/uploads\\\/2020\\\/06\\\/logoicon.svg\",\"caption\":\"\u041c\u0430\u0433\u0430\u0437\u0438\u043d Xstyle\"},\"image\":{\"@id\":\"https:\\\/\\\/xstyle.md\\\/#\\\/schema\\\/logo\\\/image\\\/\"},\"sameAs\":[\"https:\\\/\\\/www.facebook.com\\\/xstylemd\",\"https:\\\/\\\/www.instagram.com\\\/xstyle_md\\\/\",\"https:\\\/\\\/t.me\\\/xstyle_outdoor\"],\"hasMerchantReturnPolicy\":{\"@type\":\"MerchantReturnPolicy\",\"merchantReturnLink\":\"https:\\\/\\\/xstyle.md\\\/ro\\\/conditions\\\/\"}}]}<\/script>\n<meta property=\"product:price:amount\" content=\"2650.00\" \/>\n<meta property=\"product:price:currency\" content=\"MDL\" \/>\n<meta property=\"og:availability\" content=\"instock\" \/>\n<meta property=\"product:availability\" content=\"instock\" \/>\n<meta property=\"product:retailer_item_id\" content=\"3342540838734\" \/>\n<meta property=\"product:condition\" content=\"new\" \/>\n<!-- \/ Yoast SEO plugin. -->","yoast_head_json":{"title":"\u0421\u0442\u0440\u0430\u0445\u043e\u0432\u043e\u0447\u043d\u0430\u044f \u0441\u0438\u0441\u0442\u0435\u043c\u0430 Petzl Aquila black - \u041c\u0430\u0433\u0430\u0437\u0438\u043d Xstyle","description":"Cump\u0103ra\u021bi sistemul de siguran\u021b\u0103 Petzl Aquila XL pentru alpinism! Confortabil \u0219i ajustabil, este potrivit pentru toate tipurile de corp. Ideal pentru sportul dumneavoastr\u0103!","robots":{"index":"index","follow":"follow","max-snippet":"max-snippet:-1","max-image-preview":"max-image-preview:large","max-video-preview":"max-video-preview:-1"},"canonical":"https:\/\/xstyle.md\/ro\/produs\/strahovochnaya-sistema-petzl-aquila-black\/","og_locale":"ro_RO","og_type":"article","og_title":"\u0421\u0442\u0440\u0430\u0445\u043e\u0432\u043e\u0447\u043d\u0430\u044f \u0441\u0438\u0441\u0442\u0435\u043c\u0430 Petzl Aquila black - \u041c\u0430\u0433\u0430\u0437\u0438\u043d Xstyle","og_description":"\u041a\u0443\u043f\u0438\u0442\u0435 \u0441\u0442\u0440\u0430\u0445\u043e\u0432\u043e\u0447\u043d\u0443\u044e \u0441\u0438\u0441\u0442\u0435\u043c\u0443 Petzl Aquila XL \u0434\u043b\u044f \u0430\u043b\u044c\u043f\u0438\u043d\u0438\u0437\u043c\u0430! \u0423\u0434\u043e\u0431\u043d\u0430\u044f \u0438 \u0440\u0435\u0433\u0443\u043b\u0438\u0440\u0443\u0435\u043c\u0430\u044f, \u043e\u043d\u0430 \u043f\u043e\u0434\u0445\u043e\u0434\u0438\u0442 \u0434\u043b\u044f \u0432\u0441\u0435\u0445 \u0442\u0438\u043f\u043e\u0432 \u0442\u0435\u043b. \u0418\u0434\u0435\u0430\u043b\u044c\u043d\u0430 \u0434\u043b\u044f \u0432\u0430\u0448\u0435\u0433\u043e \u0441\u043f\u043e\u0440\u0442\u0430!","og_url":"https:\/\/xstyle.md\/ro\/produs\/strahovochnaya-sistema-petzl-aquila-black\/","og_site_name":"\u041c\u0430\u0433\u0430\u0437\u0438\u043d Xstyle","article_publisher":"https:\/\/www.facebook.com\/xstylemd","article_modified_time":"2026-04-15T09:38:21+00:00","og_image":[{"width":1008,"height":960,"url":"https:\/\/xstyle.md\/wp-content\/uploads\/2023\/08\/petzl-aquila-xl.jpeg","type":"image\/jpeg"}],"twitter_card":"summary_large_image","twitter_misc":{"Pre\u021b":"2.650&nbsp;MDL","Disponibilitate":"\u00cen stoc"},"schema":{"@context":"https:\/\/schema.org","@graph":[{"@type":"WebPage","@id":"https:\/\/xstyle.md\/product\/strahovochnaya-sistema-petzl-aquila-black\/","url":"https:\/\/xstyle.md\/product\/strahovochnaya-sistema-petzl-aquila-black\/","name":"\u0421\u0442\u0440\u0430\u0445\u043e\u0432\u043e\u0447\u043d\u0430\u044f \u0441\u0438\u0441\u0442\u0435\u043c\u0430 Petzl Aquila black - \u041c\u0430\u0433\u0430\u0437\u0438\u043d Xstyle","isPartOf":{"@id":"https:\/\/xstyle.md\/#website"},"primaryImageOfPage":{"@id":"https:\/\/xstyle.md\/product\/strahovochnaya-sistema-petzl-aquila-black\/#primaryimage"},"image":{"@id":"https:\/\/xstyle.md\/product\/strahovochnaya-sistema-petzl-aquila-black\/#primaryimage"},"thumbnailUrl":"https:\/\/xstyle.md\/wp-content\/uploads\/2023\/08\/petzl-aquila-xl.jpeg","datePublished":"2023-08-23T12:43:18+00:00","dateModified":"2026-04-15T09:38:21+00:00","description":"Cump\u0103ra\u021bi sistemul de siguran\u021b\u0103 Petzl Aquila XL pentru alpinism! Confortabil \u0219i ajustabil, este potrivit pentru toate tipurile de corp. Ideal pentru sportul dumneavoastr\u0103!","breadcrumb":{"@id":"https:\/\/xstyle.md\/product\/strahovochnaya-sistema-petzl-aquila-black\/#breadcrumb"},"inLanguage":"ro-RO","potentialAction":[{"@type":"ReadAction","target":["https:\/\/xstyle.md\/product\/strahovochnaya-sistema-petzl-aquila-black\/"]}]},{"@type":"ImageObject","inLanguage":"ro-RO","@id":"https:\/\/xstyle.md\/product\/strahovochnaya-sistema-petzl-aquila-black\/#primaryimage","url":"https:\/\/xstyle.md\/wp-content\/uploads\/2023\/08\/petzl-aquila-xl.jpeg","contentUrl":"https:\/\/xstyle.md\/wp-content\/uploads\/2023\/08\/petzl-aquila-xl.jpeg","width":1008,"height":960,"caption":"\u0422\u0440\u0435\u0432\u043e\u0447\u043d\u0430\u044f \u0441\u0438\u0441\u0442\u0435\u043c\u0430 Petzl Aquila XL \u0434\u043b\u044f \u0430\u043b\u044c\u043f\u0438\u043d\u0438\u0437\u043c\u0430 \u0438 \u0441\u043a\u0430\u043b\u043e\u043b\u0430\u0437\u0430\u043d\u0438\u044f, \u0430\u043a\u0442\u0438\u0432\u043d\u0430\u044f \u043e\u0434\u0435\u0436\u0434\u0430 \u0438 \u043e\u0431\u0443\u0432\u044c \u0434\u043b\u044f \u043f\u0443\u0442\u0435\u0448\u0435\u0441\u0442\u0432\u0438\u0439, \u043f\u043e\u0445\u043e\u0434\u043e\u0432 \u0438 \u0445\u0430\u0439\u043a\u0438\u043d\u0433\u0430, \u044d\u043a\u0438\u043f\u0438\u0440\u043e\u0432\u043a\u0430 \u0434\u043b\u044f \u0433\u043e\u0440\u043d\u044b\u0445 \u043f\u0443\u0442\u0435\u0448\u0435\u0441\u0442\u0432\u0438\u0439 \u0438 \u0442\u0443\u0440\u0438\u0437\u043c\u0430"},{"@type":"BreadcrumbList","@id":"https:\/\/xstyle.md\/product\/strahovochnaya-sistema-petzl-aquila-black\/#breadcrumb","itemListElement":[{"@type":"ListItem","position":1,"name":"\u0413\u043b\u0430\u0432\u043d\u0430\u044f \u0441\u0442\u0440\u0430\u043d\u0438\u0446\u0430","item":"https:\/\/xstyle.md\/"},{"@type":"ListItem","position":2,"name":"\u041c\u0430\u0433\u0430\u0437\u0438\u043d","item":"https:\/\/xstyle.md\/shop\/"},{"@type":"ListItem","position":3,"name":"\u0421\u0442\u0440\u0430\u0445\u043e\u0432\u043e\u0447\u043d\u0430\u044f \u0441\u0438\u0441\u0442\u0435\u043c\u0430 Petzl Aquila black"}]},{"@type":"WebSite","@id":"https:\/\/xstyle.md\/#website","url":"https:\/\/xstyle.md\/","name":"Magazinul X-Style","description":"Echipamente pentru turism \u0219i sporturi extreme \u00een Moldova. Pre\u021buri, fotografii, caracteristici \u00een Moldova.","publisher":{"@id":"https:\/\/xstyle.md\/#organization"},"alternateName":"X-Style","potentialAction":[{"@type":"SearchAction","target":{"@type":"EntryPoint","urlTemplate":"https:\/\/xstyle.md\/?s={search_term_string}"},"query-input":{"@type":"PropertyValueSpecification","valueRequired":true,"valueName":"search_term_string"}}],"inLanguage":"ro-RO"},{"@type":"Organization","@id":"https:\/\/xstyle.md\/#organization","name":"Magazinul X-Style","alternateName":"x-style","url":"https:\/\/xstyle.md\/","logo":{"@type":"ImageObject","inLanguage":"ro-RO","@id":"https:\/\/xstyle.md\/#\/schema\/logo\/image\/","url":"https:\/\/xstyle.md\/wp-content\/uploads\/2020\/06\/logoicon.svg","contentUrl":"https:\/\/xstyle.md\/wp-content\/uploads\/2020\/06\/logoicon.svg","caption":"\u041c\u0430\u0433\u0430\u0437\u0438\u043d Xstyle"},"image":{"@id":"https:\/\/xstyle.md\/#\/schema\/logo\/image\/"},"sameAs":["https:\/\/www.facebook.com\/xstylemd","https:\/\/www.instagram.com\/xstyle_md\/","https:\/\/t.me\/xstyle_outdoor"],"hasMerchantReturnPolicy":{"@type":"MerchantReturnPolicy","merchantReturnLink":"https:\/\/xstyle.md\/ro\/conditions\/"}}]},"product_price_amount":"2650.00","product_price_currency":"MDL","og_availability":"instock","product_availability":"instock","product_retailer_item_id":"3342540838734","product_condition":"new"},"_links":{"self":[{"href":"https:\/\/xstyle.md\/ro\/wp-json\/wp\/v2\/product\/73187","targetHints":{"allow":["GET"]}}],"collection":[{"href":"https:\/\/xstyle.md\/ro\/wp-json\/wp\/v2\/product"}],"about":[{"href":"https:\/\/xstyle.md\/ro\/wp-json\/wp\/v2\/types\/product"}],"replies":[{"embeddable":true,"href":"https:\/\/xstyle.md\/ro\/wp-json\/wp\/v2\/comments?post=73187"}],"wp:featuredmedia":[{"embeddable":true,"href":"https:\/\/xstyle.md\/ro\/wp-json\/wp\/v2\/media\/73218"}],"wp:attachment":[{"href":"https:\/\/xstyle.md\/ro\/wp-json\/wp\/v2\/media?parent=73187"}],"wp:term":[{"taxonomy":"product_brand","embeddable":true,"href":"https:\/\/xstyle.md\/ro\/wp-json\/wp\/v2\/product_brand?post=73187"},{"taxonomy":"product_cat","embeddable":true,"href":"https:\/\/xstyle.md\/ro\/wp-json\/wp\/v2\/product_cat?post=73187"},{"taxonomy":"product_tag","embeddable":true,"href":"https:\/\/xstyle.md\/ro\/wp-json\/wp\/v2\/product_tag?post=73187"}],"curies":[{"name":"wp","href":"https:\/\/api.w.org\/{rel}","templated":true}]}}