{"id":72616,"date":"2023-08-07T16:11:11","date_gmt":"2023-08-07T13:11:11","guid":{"rendered":"https:\/\/xstyle.md\/?post_type=product&#038;p=72616"},"modified":"2025-10-24T13:01:03","modified_gmt":"2025-10-24T10:01:03","slug":"trp_language-languageru_rugorelka-pinguin-aura-blue-trp_languagetrp_language-languagero_roarzator-pinguin-aura-trp_language","status":"publish","type":"product","link":"https:\/\/dev.xstyle.md\/ro\/produs\/trp_language-languageru_rugorelka-pinguin-aura-blue-trp_languagetrp_language-languagero_roarzator-pinguin-aura-trp_language\/","title":{"rendered":"Arz\u0103tor Pinguin Aura Blue"},"content":{"rendered":"<\/p>\n<p><strong>Pinguin Aura<\/strong> \u2013 cel mai efectiv arz\u0103tor g\u00e2ndit pentru 1-2 persoane. Datorit\u0103 pierderii minime de c\u0103ldur\u0103, a corpului compact \u0219i conexiunii arz\u0103torului \u0219i a vasului, viteza de fierbere a apei atinge performan\u021be maxime. Totodat\u0103, cosumul de gaz coboar\u0103 spre minim, permi\u021b\u00e2nd fierberea a 27 de litri de ap\u0103 cu doar un singur cilindri de 230 de grame. Setul include un arz\u0103tor EN417 standard, oal\u0103 de 1 L cu m\u00e2nere, izolare pentru o\u021bel din neopren \u0219i capac.<\/p>\n<h3>Particularit\u0103\u021bi:<\/h3>\n<ul>\n<li>Arz\u0103torul \u0219i toate accesoriile, inclusiv cartu\u0219ul de gaz, se aranjeaz\u0103 \u00een interior;<\/li>\n<li>M\u00e2nerele pliabile permit str\u00e2ngerea compact\u0103 a arz\u0103torului;<\/li>\n<li>Hus\u0103 de protec\u021bie din neopren pentru a preveni arsurile;<\/li>\n<li>Designul efficient asigur\u0103 rezisten\u021b\u0103 la v\u00e2nt \u0219i economie de combustibil chiar \u0219i \u00een codi\u021bii de vreme rea;<\/li>\n<li>Capacul scurteaz\u0103 timpul de g\u0103tire<\/li>\n<\/ul>\n<h3>Caracteristici:<\/h3>\n<ul>\n<li>Putere &#8212; 1150 W<\/li>\n<li>Material &#8212; o\u021bel inoxidabil, aluminiu anodizat, neopren<\/li>\n<li>Combustibil: gaz<\/li>\n<li>Volum &#8212; (total \/ util) 1250ml \/ 1000ml<\/li>\n<li>Greutate &#8212; 485 g<\/li>\n<li>Aprindere piezo &#8212; da<\/li>\n<\/ul>\n<p><\/p>","protected":false},"excerpt":{"rendered":"","protected":false},"featured_media":72686,"comment_status":"open","ping_status":"closed","template":"","meta":{"_acf_changed":false,"inline_featured_image":false},"product_brand":[1263],"product_cat":[453],"product_tag":[],"class_list":{"0":"post-72616","1":"product","2":"type-product","3":"status-publish","4":"has-post-thumbnail","6":"product_brand-pinguin","7":"product_cat-jetboil","9":"first","10":"instock","11":"shipping-taxable","12":"purchasable","13":"product-type-simple"},"acf":[],"yoast_head":"<!-- This site is optimized with the Yoast SEO plugin v27.6 - https:\/\/yoast.com\/product\/yoast-seo-wordpress\/ -->\n<title>\u0413\u043e\u0440\u0435\u043b\u043a\u0430 Pinguin Aura Blue - \u041c\u0430\u0433\u0430\u0437\u0438\u043d Xstyle<\/title>\n<meta name=\"description\" content=\"\u0413\u043e\u0440\u0435\u043b\u043a\u0430 Pinguin Aura Blue \u2014 \u0438\u0434\u0435\u0430\u043b\u044c\u043d\u043e\u0435 \u0440\u0435\u0448\u0435\u043d\u0438\u0435 \u0434\u043b\u044f 12 \u0447\u0435\u043b\u043e\u0432\u0435\u043a. \u041c\u0430\u043a\u0441\u0438\u043c\u0430\u043b\u044c\u043d\u0430\u044f \u0441\u043a\u043e\u0440\u043e\u0441\u0442\u044c \u043a\u0438\u043f\u0435\u043d\u0438\u044f, \u043c\u0438\u043d\u0438\u043c\u0430\u043b\u044c\u043d\u043e\u0435 \u043f\u043e\u0442\u0440\u0435\u0431\u043b\u0435\u043d\u0438\u0435 \u0433\u0430\u0437\u0430. \u0418\u0434\u0435\u0430\u043b\u044c\u043d\u0430 \u0434\u043b\u044f \u043a\u0435\u043c\u043f\u0438\u043d\u0433\u0430 \u0438 \u043f\u043e\u0445\u043e\u0434\u043e\u0432!\" \/>\n<meta name=\"robots\" content=\"noindex, follow, max-snippet:-1, max-image-preview:large, max-video-preview:-1\" \/>\n<meta property=\"og:locale\" content=\"ro_RO\" \/>\n<meta property=\"og:type\" content=\"article\" \/>\n<meta property=\"og:title\" content=\"\u0413\u043e\u0440\u0435\u043b\u043a\u0430 Pinguin Aura Blue - \u041c\u0430\u0433\u0430\u0437\u0438\u043d Xstyle\" \/>\n<meta property=\"og:description\" content=\"\u0413\u043e\u0440\u0435\u043b\u043a\u0430 Pinguin Aura Blue \u2014 \u0438\u0434\u0435\u0430\u043b\u044c\u043d\u043e\u0435 \u0440\u0435\u0448\u0435\u043d\u0438\u0435 \u0434\u043b\u044f 12 \u0447\u0435\u043b\u043e\u0432\u0435\u043a. \u041c\u0430\u043a\u0441\u0438\u043c\u0430\u043b\u044c\u043d\u0430\u044f \u0441\u043a\u043e\u0440\u043e\u0441\u0442\u044c \u043a\u0438\u043f\u0435\u043d\u0438\u044f, \u043c\u0438\u043d\u0438\u043c\u0430\u043b\u044c\u043d\u043e\u0435 \u043f\u043e\u0442\u0440\u0435\u0431\u043b\u0435\u043d\u0438\u0435 \u0433\u0430\u0437\u0430. \u0418\u0434\u0435\u0430\u043b\u044c\u043d\u0430 \u0434\u043b\u044f \u043a\u0435\u043c\u043f\u0438\u043d\u0433\u0430 \u0438 \u043f\u043e\u0445\u043e\u0434\u043e\u0432!\" \/>\n<meta property=\"og:url\" content=\"https:\/\/dev.xstyle.md\/ro\/produs\/trp_language-languageru_rugorelka-pinguin-aura-blue-trp_languagetrp_language-languagero_roarzator-pinguin-aura-trp_language\/\" \/>\n<meta property=\"og:site_name\" content=\"\u041c\u0430\u0433\u0430\u0437\u0438\u043d Xstyle\" \/>\n<meta property=\"article:publisher\" content=\"https:\/\/www.facebook.com\/xstylemd\" \/>\n<meta property=\"article:modified_time\" content=\"2025-10-24T10:01:03+00:00\" \/>\n<meta property=\"og:image\" content=\"https:\/\/dev.xstyle.md\/wp-content\/uploads\/2023\/08\/pinguin-aura-blue.jpg\" \/>\n\t<meta property=\"og:image:width\" content=\"446\" \/>\n\t<meta property=\"og:image:height\" content=\"450\" \/>\n\t<meta property=\"og:image:type\" content=\"image\/jpeg\" \/>\n<meta name=\"twitter:card\" content=\"summary_large_image\" \/>\n<meta name=\"twitter:label1\" content=\"Pre\u021b\" \/>\n\t<meta name=\"twitter:data1\" content=\"1.590,00&nbsp;MDL\" \/>\n\t<meta name=\"twitter:label2\" content=\"Disponibilitate\" \/>\n\t<meta name=\"twitter:data2\" content=\"\u00cen stoc\" \/>\n<script type=\"application\/ld+json\" class=\"yoast-schema-graph\">{\"@context\":\"https:\\\/\\\/schema.org\",\"@graph\":[{\"@type\":\"WebPage\",\"@id\":\"https:\\\/\\\/dev.xstyle.md\\\/product\\\/trp_language-languageru_rugorelka-pinguin-aura-blue-trp_languagetrp_language-languagero_roarzator-pinguin-aura-trp_language\\\/\",\"url\":\"https:\\\/\\\/dev.xstyle.md\\\/product\\\/trp_language-languageru_rugorelka-pinguin-aura-blue-trp_languagetrp_language-languagero_roarzator-pinguin-aura-trp_language\\\/\",\"name\":\"\u0413\u043e\u0440\u0435\u043b\u043a\u0430 Pinguin Aura Blue - \u041c\u0430\u0433\u0430\u0437\u0438\u043d Xstyle\",\"isPartOf\":{\"@id\":\"https:\\\/\\\/dev.xstyle.md\\\/#website\"},\"primaryImageOfPage\":{\"@id\":\"https:\\\/\\\/dev.xstyle.md\\\/product\\\/trp_language-languageru_rugorelka-pinguin-aura-blue-trp_languagetrp_language-languagero_roarzator-pinguin-aura-trp_language\\\/#primaryimage\"},\"image\":{\"@id\":\"https:\\\/\\\/dev.xstyle.md\\\/product\\\/trp_language-languageru_rugorelka-pinguin-aura-blue-trp_languagetrp_language-languagero_roarzator-pinguin-aura-trp_language\\\/#primaryimage\"},\"thumbnailUrl\":\"https:\\\/\\\/dev.xstyle.md\\\/wp-content\\\/uploads\\\/2023\\\/08\\\/pinguin-aura-blue.jpg\",\"datePublished\":\"2023-08-07T13:11:11+00:00\",\"dateModified\":\"2025-10-24T10:01:03+00:00\",\"description\":\"\u0413\u043e\u0440\u0435\u043b\u043a\u0430 Pinguin Aura Blue \u2014 \u0438\u0434\u0435\u0430\u043b\u044c\u043d\u043e\u0435 \u0440\u0435\u0448\u0435\u043d\u0438\u0435 \u0434\u043b\u044f 12 \u0447\u0435\u043b\u043e\u0432\u0435\u043a. \u041c\u0430\u043a\u0441\u0438\u043c\u0430\u043b\u044c\u043d\u0430\u044f \u0441\u043a\u043e\u0440\u043e\u0441\u0442\u044c \u043a\u0438\u043f\u0435\u043d\u0438\u044f, \u043c\u0438\u043d\u0438\u043c\u0430\u043b\u044c\u043d\u043e\u0435 \u043f\u043e\u0442\u0440\u0435\u0431\u043b\u0435\u043d\u0438\u0435 \u0433\u0430\u0437\u0430. \u0418\u0434\u0435\u0430\u043b\u044c\u043d\u0430 \u0434\u043b\u044f \u043a\u0435\u043c\u043f\u0438\u043d\u0433\u0430 \u0438 \u043f\u043e\u0445\u043e\u0434\u043e\u0432!\",\"breadcrumb\":{\"@id\":\"https:\\\/\\\/dev.xstyle.md\\\/product\\\/trp_language-languageru_rugorelka-pinguin-aura-blue-trp_languagetrp_language-languagero_roarzator-pinguin-aura-trp_language\\\/#breadcrumb\"},\"inLanguage\":\"ro-RO\",\"potentialAction\":[{\"@type\":\"ReadAction\",\"target\":[\"https:\\\/\\\/dev.xstyle.md\\\/product\\\/trp_language-languageru_rugorelka-pinguin-aura-blue-trp_languagetrp_language-languagero_roarzator-pinguin-aura-trp_language\\\/\"]}]},{\"@type\":\"ImageObject\",\"inLanguage\":\"ro-RO\",\"@id\":\"https:\\\/\\\/dev.xstyle.md\\\/product\\\/trp_language-languageru_rugorelka-pinguin-aura-blue-trp_languagetrp_language-languagero_roarzator-pinguin-aura-trp_language\\\/#primaryimage\",\"url\":\"https:\\\/\\\/dev.xstyle.md\\\/wp-content\\\/uploads\\\/2023\\\/08\\\/pinguin-aura-blue.jpg\",\"contentUrl\":\"https:\\\/\\\/dev.xstyle.md\\\/wp-content\\\/uploads\\\/2023\\\/08\\\/pinguin-aura-blue.jpg\",\"width\":446,\"height\":450,\"caption\":\"\u0422\u043e\u0432\u0430\u0440\u044b \u0434\u043b\u044f \u0430\u043a\u0442\u0438\u0432\u043d\u043e\u0433\u043e \u043e\u0442\u0434\u044b\u0445\u0430 \u043d\u0430 \u043e\u043d\u043b\u0430\u0439\u043d \u043c\u0430\u0433\u0430\u0437\u0438\u043d\u0435: \u043e\u0434\u0435\u0436\u0434\u0430 \u0438 \u043e\u0431\u0443\u0432\u044c \u0434\u043b\u044f \u0442\u0443\u0440\u0438\u0437\u043c\u0430, \u043f\u043e\u0445\u043e\u0434\u043e\u0432, \u0433\u043e\u0440\u043d\u044b\u0445 \u0432\u043e\u0441\u0445\u043e\u0436\u0434\u0435\u043d\u0438\u0439 \u0438 \u043f\u0443\u0442\u0435\u0448\u0435\u0441\u0442\u0432\u0438\u0439, \u0432\u043a\u043b\u044e\u0447\u0430\u044f \u0433\u043e\u0440\u0435\u043b\u043a\u0443 Pinguin Aura Blue\"},{\"@type\":\"BreadcrumbList\",\"@id\":\"https:\\\/\\\/dev.xstyle.md\\\/product\\\/trp_language-languageru_rugorelka-pinguin-aura-blue-trp_languagetrp_language-languagero_roarzator-pinguin-aura-trp_language\\\/#breadcrumb\",\"itemListElement\":[{\"@type\":\"ListItem\",\"position\":1,\"name\":\"\u0413\u043b\u0430\u0432\u043d\u0430\u044f \u0441\u0442\u0440\u0430\u043d\u0438\u0446\u0430\",\"item\":\"https:\\\/\\\/dev.xstyle.md\\\/\"},{\"@type\":\"ListItem\",\"position\":2,\"name\":\"Shop\",\"item\":\"https:\\\/\\\/dev.xstyle.md\\\/shop\\\/\"},{\"@type\":\"ListItem\",\"position\":3,\"name\":\"\u0413\u043e\u0440\u0435\u043b\u043a\u0430 Pinguin Aura Blue\"}]},{\"@type\":\"WebSite\",\"@id\":\"https:\\\/\\\/dev.xstyle.md\\\/#website\",\"url\":\"https:\\\/\\\/dev.xstyle.md\\\/\",\"name\":\"\u041c\u0430\u0433\u0430\u0437\u0438\u043d Xstyle\",\"description\":\"C\u043d\u0430\u0440\u044f\u0436\u0435\u043d\u0438\u0435 \u0434\u043b\u044f \u0442\u0443\u0440\u0438\u0437\u043c\u0430 \u0438 \u044d\u043a\u0441\u0442\u0440\u0435\u043c\u0430\u043b\u044c\u043d\u044b\u0445 \u0432\u0438\u0434\u043e\u0432 \u0441\u043f\u043e\u0440\u0442\u0430 \u0432 \u041c\u043e\u043b\u0434\u043e\u0432\u0435.. \u0426\u0435\u043d\u044b, \u0444\u043e\u0442\u043e, \u0445\u0430\u0440\u0430\u043a\u0442\u0435\u0440\u0438\u0441\u0442\u0438\u043a\u0438 \u0432 \u041c\u043e\u043b\u0434\u043e\u0432\u0435.\",\"publisher\":{\"@id\":\"https:\\\/\\\/dev.xstyle.md\\\/#organization\"},\"alternateName\":\"X-Style\",\"potentialAction\":[{\"@type\":\"SearchAction\",\"target\":{\"@type\":\"EntryPoint\",\"urlTemplate\":\"https:\\\/\\\/dev.xstyle.md\\\/?s={search_term_string}\"},\"query-input\":{\"@type\":\"PropertyValueSpecification\",\"valueRequired\":true,\"valueName\":\"search_term_string\"}}],\"inLanguage\":\"ro-RO\"},{\"@type\":\"Organization\",\"@id\":\"https:\\\/\\\/dev.xstyle.md\\\/#organization\",\"name\":\"\u041c\u0430\u0433\u0430\u0437\u0438\u043d Xstyle\",\"alternateName\":\"x-style\",\"url\":\"https:\\\/\\\/dev.xstyle.md\\\/\",\"logo\":{\"@type\":\"ImageObject\",\"inLanguage\":\"ro-RO\",\"@id\":\"https:\\\/\\\/dev.xstyle.md\\\/#\\\/schema\\\/logo\\\/image\\\/\",\"url\":\"https:\\\/\\\/dev.xstyle.md\\\/wp-content\\\/uploads\\\/2020\\\/06\\\/logoicon.svg\",\"contentUrl\":\"https:\\\/\\\/dev.xstyle.md\\\/wp-content\\\/uploads\\\/2020\\\/06\\\/logoicon.svg\",\"caption\":\"\u041c\u0430\u0433\u0430\u0437\u0438\u043d Xstyle\"},\"image\":{\"@id\":\"https:\\\/\\\/dev.xstyle.md\\\/#\\\/schema\\\/logo\\\/image\\\/\"},\"sameAs\":[\"https:\\\/\\\/www.facebook.com\\\/xstylemd\",\"https:\\\/\\\/www.instagram.com\\\/xstyle_md\\\/\",\"https:\\\/\\\/t.me\\\/xstyle_outdoor\"],\"hasMerchantReturnPolicy\":{\"@type\":\"MerchantReturnPolicy\",\"merchantReturnLink\":\"https:\\\/\\\/dev.xstyle.md\\\/ro\\\/conditions\\\/\"}}]}<\/script>\n<meta property=\"product:price:amount\" content=\"1590.00\" \/>\n<meta property=\"product:price:currency\" content=\"MDL\" \/>\n<meta property=\"og:availability\" content=\"instock\" \/>\n<meta property=\"product:availability\" content=\"instock\" \/>\n<meta property=\"product:retailer_item_id\" content=\"8592638632057\" \/>\n<meta property=\"product:condition\" content=\"new\" \/>\n<!-- \/ Yoast SEO plugin. -->","yoast_head_json":{"title":"Arz\u0103tor Pinguin Aura - Magazin Xstyle","description":"Aragazul Pinguin Aura Blue este solu\u021bia ideal\u0103 pentru 12 persoane. Viteza maxim\u0103 de fierbere, consum minim de gaz. Ideal pentru camping \u0219i drume\u021bii!","robots":{"index":"noindex","follow":"follow","max-snippet":"max-snippet:-1","max-image-preview":"max-image-preview:large","max-video-preview":"max-video-preview:-1"},"og_locale":"ro_RO","og_type":"article","og_title":"\u0413\u043e\u0440\u0435\u043b\u043a\u0430 Pinguin Aura Blue - \u041c\u0430\u0433\u0430\u0437\u0438\u043d Xstyle","og_description":"\u0413\u043e\u0440\u0435\u043b\u043a\u0430 Pinguin Aura Blue \u2014 \u0438\u0434\u0435\u0430\u043b\u044c\u043d\u043e\u0435 \u0440\u0435\u0448\u0435\u043d\u0438\u0435 \u0434\u043b\u044f 12 \u0447\u0435\u043b\u043e\u0432\u0435\u043a. \u041c\u0430\u043a\u0441\u0438\u043c\u0430\u043b\u044c\u043d\u0430\u044f \u0441\u043a\u043e\u0440\u043e\u0441\u0442\u044c \u043a\u0438\u043f\u0435\u043d\u0438\u044f, \u043c\u0438\u043d\u0438\u043c\u0430\u043b\u044c\u043d\u043e\u0435 \u043f\u043e\u0442\u0440\u0435\u0431\u043b\u0435\u043d\u0438\u0435 \u0433\u0430\u0437\u0430. \u0418\u0434\u0435\u0430\u043b\u044c\u043d\u0430 \u0434\u043b\u044f \u043a\u0435\u043c\u043f\u0438\u043d\u0433\u0430 \u0438 \u043f\u043e\u0445\u043e\u0434\u043e\u0432!","og_url":"https:\/\/dev.xstyle.md\/ro\/produs\/trp_language-languageru_rugorelka-pinguin-aura-blue-trp_languagetrp_language-languagero_roarzator-pinguin-aura-trp_language\/","og_site_name":"\u041c\u0430\u0433\u0430\u0437\u0438\u043d Xstyle","article_publisher":"https:\/\/www.facebook.com\/xstylemd","article_modified_time":"2025-10-24T10:01:03+00:00","og_image":[{"width":446,"height":450,"url":"https:\/\/dev.xstyle.md\/wp-content\/uploads\/2023\/08\/pinguin-aura-blue.jpg","type":"image\/jpeg"}],"twitter_card":"summary_large_image","twitter_misc":{"Pre\u021b":"1.590,00&nbsp;MDL","Disponibilitate":"\u00cen stoc"},"schema":{"@context":"https:\/\/schema.org","@graph":[{"@type":"WebPage","@id":"https:\/\/dev.xstyle.md\/product\/trp_language-languageru_rugorelka-pinguin-aura-blue-trp_languagetrp_language-languagero_roarzator-pinguin-aura-trp_language\/","url":"https:\/\/dev.xstyle.md\/product\/trp_language-languageru_rugorelka-pinguin-aura-blue-trp_languagetrp_language-languagero_roarzator-pinguin-aura-trp_language\/","name":"Arz\u0103tor Pinguin Aura - Magazin Xstyle","isPartOf":{"@id":"https:\/\/dev.xstyle.md\/#website"},"primaryImageOfPage":{"@id":"https:\/\/dev.xstyle.md\/product\/trp_language-languageru_rugorelka-pinguin-aura-blue-trp_languagetrp_language-languagero_roarzator-pinguin-aura-trp_language\/#primaryimage"},"image":{"@id":"https:\/\/dev.xstyle.md\/product\/trp_language-languageru_rugorelka-pinguin-aura-blue-trp_languagetrp_language-languagero_roarzator-pinguin-aura-trp_language\/#primaryimage"},"thumbnailUrl":"https:\/\/dev.xstyle.md\/wp-content\/uploads\/2023\/08\/pinguin-aura-blue.jpg","datePublished":"2023-08-07T13:11:11+00:00","dateModified":"2025-10-24T10:01:03+00:00","description":"Aragazul Pinguin Aura Blue este solu\u021bia ideal\u0103 pentru 12 persoane. Viteza maxim\u0103 de fierbere, consum minim de gaz. Ideal pentru camping \u0219i drume\u021bii!","breadcrumb":{"@id":"https:\/\/dev.xstyle.md\/product\/trp_language-languageru_rugorelka-pinguin-aura-blue-trp_languagetrp_language-languagero_roarzator-pinguin-aura-trp_language\/#breadcrumb"},"inLanguage":"ro-RO","potentialAction":[{"@type":"ReadAction","target":["https:\/\/dev.xstyle.md\/product\/trp_language-languageru_rugorelka-pinguin-aura-blue-trp_languagetrp_language-languagero_roarzator-pinguin-aura-trp_language\/"]}]},{"@type":"ImageObject","inLanguage":"ro-RO","@id":"https:\/\/dev.xstyle.md\/product\/trp_language-languageru_rugorelka-pinguin-aura-blue-trp_languagetrp_language-languagero_roarzator-pinguin-aura-trp_language\/#primaryimage","url":"https:\/\/dev.xstyle.md\/wp-content\/uploads\/2023\/08\/pinguin-aura-blue.jpg","contentUrl":"https:\/\/dev.xstyle.md\/wp-content\/uploads\/2023\/08\/pinguin-aura-blue.jpg","width":446,"height":450,"caption":"\u0422\u043e\u0432\u0430\u0440\u044b \u0434\u043b\u044f \u0430\u043a\u0442\u0438\u0432\u043d\u043e\u0433\u043e \u043e\u0442\u0434\u044b\u0445\u0430 \u043d\u0430 \u043e\u043d\u043b\u0430\u0439\u043d \u043c\u0430\u0433\u0430\u0437\u0438\u043d\u0435: \u043e\u0434\u0435\u0436\u0434\u0430 \u0438 \u043e\u0431\u0443\u0432\u044c \u0434\u043b\u044f \u0442\u0443\u0440\u0438\u0437\u043c\u0430, \u043f\u043e\u0445\u043e\u0434\u043e\u0432, \u0433\u043e\u0440\u043d\u044b\u0445 \u0432\u043e\u0441\u0445\u043e\u0436\u0434\u0435\u043d\u0438\u0439 \u0438 \u043f\u0443\u0442\u0435\u0448\u0435\u0441\u0442\u0432\u0438\u0439, \u0432\u043a\u043b\u044e\u0447\u0430\u044f \u0433\u043e\u0440\u0435\u043b\u043a\u0443 Pinguin Aura Blue"},{"@type":"BreadcrumbList","@id":"https:\/\/dev.xstyle.md\/product\/trp_language-languageru_rugorelka-pinguin-aura-blue-trp_languagetrp_language-languagero_roarzator-pinguin-aura-trp_language\/#breadcrumb","itemListElement":[{"@type":"ListItem","position":1,"name":"\u0413\u043b\u0430\u0432\u043d\u0430\u044f \u0441\u0442\u0440\u0430\u043d\u0438\u0446\u0430","item":"https:\/\/dev.xstyle.md\/"},{"@type":"ListItem","position":2,"name":"Shop","item":"https:\/\/dev.xstyle.md\/shop\/"},{"@type":"ListItem","position":3,"name":"\u0413\u043e\u0440\u0435\u043b\u043a\u0430 Pinguin Aura Blue"}]},{"@type":"WebSite","@id":"https:\/\/dev.xstyle.md\/#website","url":"https:\/\/dev.xstyle.md\/","name":"Magazinul X-Style","description":"Echipamente pentru turism \u0219i sporturi extreme \u00een Moldova. Pre\u021buri, fotografii, caracteristici \u00een Moldova.","publisher":{"@id":"https:\/\/dev.xstyle.md\/#organization"},"alternateName":"X-Style","potentialAction":[{"@type":"SearchAction","target":{"@type":"EntryPoint","urlTemplate":"https:\/\/dev.xstyle.md\/?s={search_term_string}"},"query-input":{"@type":"PropertyValueSpecification","valueRequired":true,"valueName":"search_term_string"}}],"inLanguage":"ro-RO"},{"@type":"Organization","@id":"https:\/\/dev.xstyle.md\/#organization","name":"Magazinul X-Style","alternateName":"x-style","url":"https:\/\/dev.xstyle.md\/","logo":{"@type":"ImageObject","inLanguage":"ro-RO","@id":"https:\/\/dev.xstyle.md\/#\/schema\/logo\/image\/","url":"https:\/\/dev.xstyle.md\/wp-content\/uploads\/2020\/06\/logoicon.svg","contentUrl":"https:\/\/dev.xstyle.md\/wp-content\/uploads\/2020\/06\/logoicon.svg","caption":"\u041c\u0430\u0433\u0430\u0437\u0438\u043d Xstyle"},"image":{"@id":"https:\/\/dev.xstyle.md\/#\/schema\/logo\/image\/"},"sameAs":["https:\/\/www.facebook.com\/xstylemd","https:\/\/www.instagram.com\/xstyle_md\/","https:\/\/t.me\/xstyle_outdoor"],"hasMerchantReturnPolicy":{"@type":"MerchantReturnPolicy","merchantReturnLink":"https:\/\/dev.xstyle.md\/ro\/conditions\/"}}]},"product_price_amount":"1590.00","product_price_currency":"MDL","og_availability":"instock","product_availability":"instock","product_retailer_item_id":"8592638632057","product_condition":"new"},"post_mailing_queue_ids":[],"_links":{"self":[{"href":"https:\/\/dev.xstyle.md\/ro\/wp-json\/wp\/v2\/product\/72616","targetHints":{"allow":["GET"]}}],"collection":[{"href":"https:\/\/dev.xstyle.md\/ro\/wp-json\/wp\/v2\/product"}],"about":[{"href":"https:\/\/dev.xstyle.md\/ro\/wp-json\/wp\/v2\/types\/product"}],"replies":[{"embeddable":true,"href":"https:\/\/dev.xstyle.md\/ro\/wp-json\/wp\/v2\/comments?post=72616"}],"version-history":[{"count":0,"href":"https:\/\/dev.xstyle.md\/ro\/wp-json\/wp\/v2\/product\/72616\/revisions"}],"wp:featuredmedia":[{"embeddable":true,"href":"https:\/\/dev.xstyle.md\/ro\/wp-json\/wp\/v2\/media\/72686"}],"wp:attachment":[{"href":"https:\/\/dev.xstyle.md\/ro\/wp-json\/wp\/v2\/media?parent=72616"}],"wp:term":[{"taxonomy":"product_brand","embeddable":true,"href":"https:\/\/dev.xstyle.md\/ro\/wp-json\/wp\/v2\/product_brand?post=72616"},{"taxonomy":"product_cat","embeddable":true,"href":"https:\/\/dev.xstyle.md\/ro\/wp-json\/wp\/v2\/product_cat?post=72616"},{"taxonomy":"product_tag","embeddable":true,"href":"https:\/\/dev.xstyle.md\/ro\/wp-json\/wp\/v2\/product_tag?post=72616"}],"curies":[{"name":"wp","href":"https:\/\/api.w.org\/{rel}","templated":true}]}}