{"id":72097,"date":"2023-07-26T17:53:37","date_gmt":"2023-07-26T14:53:37","guid":{"rendered":"https:\/\/xstyle.md\/?post_type=product&#038;p=72097"},"modified":"2024-10-21T09:53:05","modified_gmt":"2024-10-21T06:53:05","slug":"germomeshok-sea-to-summit-dry-bag-evac-compression-35l","status":"publish","type":"product","link":"https:\/\/dev.xstyle.md\/ro\/produs\/germomeshok-sea-to-summit-dry-bag-evac-compression-35l\/","title":{"rendered":"Sac ermetic Sea to Summit Dry Bag Evac Compression 35L"},"content":{"rendered":"<\/p>\n<p><strong>Sea to Summit Dry Bag Evac Compression 35L<\/strong> &#8212; sac de sigilare f\u0103r\u0103 supap\u0103 cu tehnologie eVent\u00ae: acest material las\u0103 aerul s\u0103 ias\u0103 din sac, dar nu las\u0103 apa s\u0103 intre. Partea inferioar\u0103 a sacului este realizat\u0103 din acest material, f\u0103c\u00e2nd astfel \u00eentreaga construc\u021bie mai u\u0219oar\u0103 \u0219i mai simpl\u0103. Partea principal\u0103 a sacului este realizat\u0103 din \u021bes\u0103tur\u0103 durabil\u0103 70D cu acoperire din poliuretan. R\u0103sucirea superioar\u0103 este echipat\u0103 cu o band\u0103 special\u0103 care nu absoarbe apa. Patru curele de pe p\u0103r\u021bile laterale asigur\u0103 compresia.<\/p>\n<h3>Particularit\u0103\u021bi<\/h3>\n<ul>\n<li>Capacul \u0219i corpul principal sunt fabricate din nailon 70D; rezist\u0103 la o presiune de p\u00e2n\u0103 la 10.000 mm coloan\u0103 de ap\u0103<\/li>\n<li>Cus\u0103turi dublu lipite<\/li>\n<li>R\u0103sucitur\u0103 sigilat\u0103 cu band\u0103 poliuretanic\u0103 neabsorbant\u0103 \u0219i capac<\/li>\n<li>Toate punctele de \u00eenc\u0103rcare sunt \u00eent\u0103rite cu cus\u0103turi<\/li>\n<li>Acoperirea alb\u0103 din interior faciliteaz\u0103 g\u0103sirea lucrurilor \u00een geant\u0103<\/li>\n<li>M\u00e2ner pentru comoditate \u00een partea de jos<\/li>\n<li>Conceput pentru depozitarea echipamentului compresibil (de exemplu, saci de dormit \u0219i haine).<\/li>\n<li>Include o cataram\u0103 de rezerv\u0103<\/li>\n<\/ul>\n<h3>Caracteristici<\/h3>\n<ul>\n<li>Material &#8212; Nylon 70D, eVent\u00ae<\/li>\n<li>Dimensiuni &#8212; 32 x 29,3 x 56 cm<\/li>\n<li>Volum &#8212; 35 litri<\/li>\n<li>Greutate &#8212; 189 g<\/li>\n<\/ul>\n<h3>Marca<\/h3>\n<p>Sea to Summit este o marc\u0103 fondat\u0103 \u00een 1990 \u00een Australia. Ofer\u0103 echipamente unice \u0219i utile pentru turism \u0219i c\u0103l\u0103torii: huse impermeabile, prosoape din microfibr\u0103, ustensile pliabile din silicon, gen\u021bi, rucsacuri, rucsacuri, corturi, saci de dormit. Fiecare articol proiectat \u00een cadrul companiei are o greutate minim\u0103 \u0219i o func\u021bionalitate maxim\u0103.<\/p>\n<p><\/p>","protected":false},"excerpt":{"rendered":"","protected":false},"featured_media":72358,"comment_status":"open","ping_status":"closed","template":"","meta":{"_acf_changed":false,"inline_featured_image":false},"product_brand":[1281],"product_cat":[863],"product_tag":[],"class_list":{"0":"post-72097","1":"product","2":"type-product","3":"status-publish","4":"has-post-thumbnail","6":"product_brand-sea-to-summit","7":"product_cat-hermetic-bags","9":"first","10":"instock","11":"shipping-taxable","12":"purchasable","13":"product-type-simple"},"acf":[],"yoast_head":"<!-- This site is optimized with the Yoast SEO plugin v27.5 - https:\/\/yoast.com\/product\/yoast-seo-wordpress\/ -->\n<title>\u0413\u0435\u0440\u043c\u043e\u043c\u0435\u0448\u043e\u043a Sea to Summit Dry Bag Evac Compression 35L - \u041c\u0430\u0433\u0430\u0437\u0438\u043d Xstyle<\/title>\n<meta name=\"description\" content=\"\u0413\u0435\u0440\u043c\u043e\u043c\u0435\u0448\u043e\u043a Sea to Summit Dry Bag Evac Compression 35L \u0441 \u0442\u0435\u0445\u043d\u043e\u043b\u043e\u0433\u0438\u0435\u0439 eVent: \u043b\u0451\u0433\u043a\u0438\u0439, \u0432\u043e\u0434\u043e\u043d\u0435\u043f\u0440\u043e\u043d\u0438\u0446\u0430\u0435\u043c\u044b\u0439 \u0438 \u0438\u0434\u0435\u0430\u043b\u044c\u043d\u044b\u0439 \u0434\u043b\u044f \u0441\u043e\u0445\u0440\u0430\u043d\u0435\u043d\u0438\u044f \u0432\u0430\u0448\u0438\u0445 \u0432\u0435\u0449\u0435\u0439 \u0441\u0443\u0445\u0438\u043c\u0438.\" \/>\n<meta name=\"robots\" content=\"noindex, follow, max-snippet:-1, max-image-preview:large, max-video-preview:-1\" \/>\n<meta property=\"og:locale\" content=\"ro_RO\" \/>\n<meta property=\"og:type\" content=\"article\" \/>\n<meta property=\"og:title\" content=\"\u0413\u0435\u0440\u043c\u043e\u043c\u0435\u0448\u043e\u043a Sea to Summit Dry Bag Evac Compression 35L - \u041c\u0430\u0433\u0430\u0437\u0438\u043d Xstyle\" \/>\n<meta property=\"og:description\" content=\"\u0413\u0435\u0440\u043c\u043e\u043c\u0435\u0448\u043e\u043a Sea to Summit Dry Bag Evac Compression 35L \u0441 \u0442\u0435\u0445\u043d\u043e\u043b\u043e\u0433\u0438\u0435\u0439 eVent: \u043b\u0451\u0433\u043a\u0438\u0439, \u0432\u043e\u0434\u043e\u043d\u0435\u043f\u0440\u043e\u043d\u0438\u0446\u0430\u0435\u043c\u044b\u0439 \u0438 \u0438\u0434\u0435\u0430\u043b\u044c\u043d\u044b\u0439 \u0434\u043b\u044f \u0441\u043e\u0445\u0440\u0430\u043d\u0435\u043d\u0438\u044f \u0432\u0430\u0448\u0438\u0445 \u0432\u0435\u0449\u0435\u0439 \u0441\u0443\u0445\u0438\u043c\u0438.\" \/>\n<meta property=\"og:url\" content=\"https:\/\/dev.xstyle.md\/ro\/produs\/germomeshok-sea-to-summit-dry-bag-evac-compression-35l\/\" \/>\n<meta property=\"og:site_name\" content=\"\u041c\u0430\u0433\u0430\u0437\u0438\u043d Xstyle\" \/>\n<meta property=\"article:publisher\" content=\"https:\/\/www.facebook.com\/xstylemd\" \/>\n<meta property=\"article:modified_time\" content=\"2024-10-21T06:53:05+00:00\" \/>\n<meta property=\"og:image\" content=\"https:\/\/dev.xstyle.md\/wp-content\/uploads\/2023\/07\/sea-to-summit-dry-bag-evac-compression-35l-high-rise.jpg\" \/>\n\t<meta property=\"og:image:width\" content=\"1500\" \/>\n\t<meta property=\"og:image:height\" content=\"1500\" \/>\n\t<meta property=\"og:image:type\" content=\"image\/jpeg\" \/>\n<meta name=\"twitter:card\" content=\"summary_large_image\" \/>\n<meta name=\"twitter:label1\" content=\"Pre\u021b\" \/>\n\t<meta name=\"twitter:data1\" content=\"1.190,00&nbsp;MDL\" \/>\n\t<meta name=\"twitter:label2\" content=\"Disponibilitate\" \/>\n\t<meta name=\"twitter:data2\" content=\"\u00cen stoc\" \/>\n<script type=\"application\/ld+json\" class=\"yoast-schema-graph\">{\"@context\":\"https:\\\/\\\/schema.org\",\"@graph\":[{\"@type\":\"WebPage\",\"@id\":\"https:\\\/\\\/dev.xstyle.md\\\/product\\\/germomeshok-sea-to-summit-dry-bag-evac-compression-35l\\\/\",\"url\":\"https:\\\/\\\/dev.xstyle.md\\\/product\\\/germomeshok-sea-to-summit-dry-bag-evac-compression-35l\\\/\",\"name\":\"\u0413\u0435\u0440\u043c\u043e\u043c\u0435\u0448\u043e\u043a Sea to Summit Dry Bag Evac Compression 35L - \u041c\u0430\u0433\u0430\u0437\u0438\u043d Xstyle\",\"isPartOf\":{\"@id\":\"https:\\\/\\\/dev.xstyle.md\\\/#website\"},\"primaryImageOfPage\":{\"@id\":\"https:\\\/\\\/dev.xstyle.md\\\/product\\\/germomeshok-sea-to-summit-dry-bag-evac-compression-35l\\\/#primaryimage\"},\"image\":{\"@id\":\"https:\\\/\\\/dev.xstyle.md\\\/product\\\/germomeshok-sea-to-summit-dry-bag-evac-compression-35l\\\/#primaryimage\"},\"thumbnailUrl\":\"https:\\\/\\\/dev.xstyle.md\\\/wp-content\\\/uploads\\\/2023\\\/07\\\/sea-to-summit-dry-bag-evac-compression-35l-high-rise.jpg\",\"datePublished\":\"2023-07-26T14:53:37+00:00\",\"dateModified\":\"2024-10-21T06:53:05+00:00\",\"description\":\"\u0413\u0435\u0440\u043c\u043e\u043c\u0435\u0448\u043e\u043a Sea to Summit Dry Bag Evac Compression 35L \u0441 \u0442\u0435\u0445\u043d\u043e\u043b\u043e\u0433\u0438\u0435\u0439 eVent: \u043b\u0451\u0433\u043a\u0438\u0439, \u0432\u043e\u0434\u043e\u043d\u0435\u043f\u0440\u043e\u043d\u0438\u0446\u0430\u0435\u043c\u044b\u0439 \u0438 \u0438\u0434\u0435\u0430\u043b\u044c\u043d\u044b\u0439 \u0434\u043b\u044f \u0441\u043e\u0445\u0440\u0430\u043d\u0435\u043d\u0438\u044f \u0432\u0430\u0448\u0438\u0445 \u0432\u0435\u0449\u0435\u0439 \u0441\u0443\u0445\u0438\u043c\u0438.\",\"breadcrumb\":{\"@id\":\"https:\\\/\\\/dev.xstyle.md\\\/product\\\/germomeshok-sea-to-summit-dry-bag-evac-compression-35l\\\/#breadcrumb\"},\"inLanguage\":\"ro-RO\",\"potentialAction\":[{\"@type\":\"ReadAction\",\"target\":[\"https:\\\/\\\/dev.xstyle.md\\\/product\\\/germomeshok-sea-to-summit-dry-bag-evac-compression-35l\\\/\"]}]},{\"@type\":\"ImageObject\",\"inLanguage\":\"ro-RO\",\"@id\":\"https:\\\/\\\/dev.xstyle.md\\\/product\\\/germomeshok-sea-to-summit-dry-bag-evac-compression-35l\\\/#primaryimage\",\"url\":\"https:\\\/\\\/dev.xstyle.md\\\/wp-content\\\/uploads\\\/2023\\\/07\\\/sea-to-summit-dry-bag-evac-compression-35l-high-rise.jpg\",\"contentUrl\":\"https:\\\/\\\/dev.xstyle.md\\\/wp-content\\\/uploads\\\/2023\\\/07\\\/sea-to-summit-dry-bag-evac-compression-35l-high-rise.jpg\",\"width\":1500,\"height\":1500,\"caption\":\"\u0413\u0435\u0440\u043c\u043e\u043c\u0435\u0448\u043e\u043a Sea to Summit Dry Bag Evac Compression 35L \u0434\u043b\u044f \u0430\u043a\u0442\u0438\u0432\u043d\u043e\u0433\u043e \u043e\u0442\u0434\u044b\u0445\u0430 \u043f\u043e\u0445\u043e\u0434\u043e\u0432 \u043f\u0443\u0442\u0435\u0448\u0435\u0441\u0442\u0432\u0438\u0439 \u0438 \u0430\u043b\u044c\u043f\u0438\u043d\u0438\u0437\u043c\u0430 \u0432 \u0438\u043d\u0442\u0435\u0440\u043d\u0435\u0442-\u043c\u0430\u0433\u0430\u0437\u0438\u043d\u0435 \u0441\u043f\u043e\u0440\u0442\u0438\u0432\u043d\u043e\u0439 \u043e\u0434\u0435\u0436\u0434\u044b \u0438 \u043e\u0431\u0443\u0432\u0438\"},{\"@type\":\"BreadcrumbList\",\"@id\":\"https:\\\/\\\/dev.xstyle.md\\\/product\\\/germomeshok-sea-to-summit-dry-bag-evac-compression-35l\\\/#breadcrumb\",\"itemListElement\":[{\"@type\":\"ListItem\",\"position\":1,\"name\":\"\u0413\u043b\u0430\u0432\u043d\u0430\u044f \u0441\u0442\u0440\u0430\u043d\u0438\u0446\u0430\",\"item\":\"https:\\\/\\\/dev.xstyle.md\\\/\"},{\"@type\":\"ListItem\",\"position\":2,\"name\":\"Shop\",\"item\":\"https:\\\/\\\/dev.xstyle.md\\\/shop\\\/\"},{\"@type\":\"ListItem\",\"position\":3,\"name\":\"\u0413\u0435\u0440\u043c\u043e\u043c\u0435\u0448\u043e\u043a Sea to Summit Dry Bag Evac Compression 35L\"}]},{\"@type\":\"WebSite\",\"@id\":\"https:\\\/\\\/dev.xstyle.md\\\/#website\",\"url\":\"https:\\\/\\\/dev.xstyle.md\\\/\",\"name\":\"\u041c\u0430\u0433\u0430\u0437\u0438\u043d Xstyle\",\"description\":\"C\u043d\u0430\u0440\u044f\u0436\u0435\u043d\u0438\u0435 \u0434\u043b\u044f \u0442\u0443\u0440\u0438\u0437\u043c\u0430 \u0438 \u044d\u043a\u0441\u0442\u0440\u0435\u043c\u0430\u043b\u044c\u043d\u044b\u0445 \u0432\u0438\u0434\u043e\u0432 \u0441\u043f\u043e\u0440\u0442\u0430 \u0432 \u041c\u043e\u043b\u0434\u043e\u0432\u0435.. \u0426\u0435\u043d\u044b, \u0444\u043e\u0442\u043e, \u0445\u0430\u0440\u0430\u043a\u0442\u0435\u0440\u0438\u0441\u0442\u0438\u043a\u0438 \u0432 \u041c\u043e\u043b\u0434\u043e\u0432\u0435.\",\"publisher\":{\"@id\":\"https:\\\/\\\/dev.xstyle.md\\\/#organization\"},\"alternateName\":\"X-Style\",\"potentialAction\":[{\"@type\":\"SearchAction\",\"target\":{\"@type\":\"EntryPoint\",\"urlTemplate\":\"https:\\\/\\\/dev.xstyle.md\\\/?s={search_term_string}\"},\"query-input\":{\"@type\":\"PropertyValueSpecification\",\"valueRequired\":true,\"valueName\":\"search_term_string\"}}],\"inLanguage\":\"ro-RO\"},{\"@type\":\"Organization\",\"@id\":\"https:\\\/\\\/dev.xstyle.md\\\/#organization\",\"name\":\"\u041c\u0430\u0433\u0430\u0437\u0438\u043d Xstyle\",\"alternateName\":\"x-style\",\"url\":\"https:\\\/\\\/dev.xstyle.md\\\/\",\"logo\":{\"@type\":\"ImageObject\",\"inLanguage\":\"ro-RO\",\"@id\":\"https:\\\/\\\/dev.xstyle.md\\\/#\\\/schema\\\/logo\\\/image\\\/\",\"url\":\"https:\\\/\\\/dev.xstyle.md\\\/wp-content\\\/uploads\\\/2020\\\/06\\\/logoicon.svg\",\"contentUrl\":\"https:\\\/\\\/dev.xstyle.md\\\/wp-content\\\/uploads\\\/2020\\\/06\\\/logoicon.svg\",\"caption\":\"\u041c\u0430\u0433\u0430\u0437\u0438\u043d Xstyle\"},\"image\":{\"@id\":\"https:\\\/\\\/dev.xstyle.md\\\/#\\\/schema\\\/logo\\\/image\\\/\"},\"sameAs\":[\"https:\\\/\\\/www.facebook.com\\\/xstylemd\",\"https:\\\/\\\/www.instagram.com\\\/xstyle_md\\\/\",\"https:\\\/\\\/t.me\\\/xstyle_outdoor\"],\"hasMerchantReturnPolicy\":{\"@type\":\"MerchantReturnPolicy\",\"merchantReturnLink\":\"https:\\\/\\\/dev.xstyle.md\\\/ro\\\/conditions\\\/\"}}]}<\/script>\n<meta property=\"product:price:amount\" content=\"1190.00\" \/>\n<meta property=\"product:price:currency\" content=\"MDL\" \/>\n<meta property=\"og:availability\" content=\"instock\" \/>\n<meta property=\"product:availability\" content=\"instock\" \/>\n<meta property=\"product:retailer_item_id\" content=\"9327868156412\" \/>\n<meta property=\"product:condition\" content=\"new\" \/>\n<!-- \/ Yoast SEO plugin. -->","yoast_head_json":{"title":"Sac ermetic Sea to Summit Dry Bag Evac Compression 35L - Magazin Xstyle","description":"Sacul hermetic Sea to Summit Dry Bag Evac Compression 35L cu tehnologia eVent: u\u0219or, impermeabil \u0219i ideal pentru a-\u021bi men\u021bine lucrurile uscate.","robots":{"index":"noindex","follow":"follow","max-snippet":"max-snippet:-1","max-image-preview":"max-image-preview:large","max-video-preview":"max-video-preview:-1"},"og_locale":"ro_RO","og_type":"article","og_title":"\u0413\u0435\u0440\u043c\u043e\u043c\u0435\u0448\u043e\u043a Sea to Summit Dry Bag Evac Compression 35L - \u041c\u0430\u0433\u0430\u0437\u0438\u043d Xstyle","og_description":"\u0413\u0435\u0440\u043c\u043e\u043c\u0435\u0448\u043e\u043a Sea to Summit Dry Bag Evac Compression 35L \u0441 \u0442\u0435\u0445\u043d\u043e\u043b\u043e\u0433\u0438\u0435\u0439 eVent: \u043b\u0451\u0433\u043a\u0438\u0439, \u0432\u043e\u0434\u043e\u043d\u0435\u043f\u0440\u043e\u043d\u0438\u0446\u0430\u0435\u043c\u044b\u0439 \u0438 \u0438\u0434\u0435\u0430\u043b\u044c\u043d\u044b\u0439 \u0434\u043b\u044f \u0441\u043e\u0445\u0440\u0430\u043d\u0435\u043d\u0438\u044f \u0432\u0430\u0448\u0438\u0445 \u0432\u0435\u0449\u0435\u0439 \u0441\u0443\u0445\u0438\u043c\u0438.","og_url":"https:\/\/dev.xstyle.md\/ro\/produs\/germomeshok-sea-to-summit-dry-bag-evac-compression-35l\/","og_site_name":"\u041c\u0430\u0433\u0430\u0437\u0438\u043d Xstyle","article_publisher":"https:\/\/www.facebook.com\/xstylemd","article_modified_time":"2024-10-21T06:53:05+00:00","og_image":[{"width":1500,"height":1500,"url":"https:\/\/dev.xstyle.md\/wp-content\/uploads\/2023\/07\/sea-to-summit-dry-bag-evac-compression-35l-high-rise.jpg","type":"image\/jpeg"}],"twitter_card":"summary_large_image","twitter_misc":{"Pre\u021b":"1.190,00&nbsp;MDL","Disponibilitate":"\u00cen stoc"},"schema":{"@context":"https:\/\/schema.org","@graph":[{"@type":"WebPage","@id":"https:\/\/dev.xstyle.md\/product\/germomeshok-sea-to-summit-dry-bag-evac-compression-35l\/","url":"https:\/\/dev.xstyle.md\/product\/germomeshok-sea-to-summit-dry-bag-evac-compression-35l\/","name":"Sac ermetic Sea to Summit Dry Bag Evac Compression 35L - Magazin Xstyle","isPartOf":{"@id":"https:\/\/dev.xstyle.md\/#website"},"primaryImageOfPage":{"@id":"https:\/\/dev.xstyle.md\/product\/germomeshok-sea-to-summit-dry-bag-evac-compression-35l\/#primaryimage"},"image":{"@id":"https:\/\/dev.xstyle.md\/product\/germomeshok-sea-to-summit-dry-bag-evac-compression-35l\/#primaryimage"},"thumbnailUrl":"https:\/\/dev.xstyle.md\/wp-content\/uploads\/2023\/07\/sea-to-summit-dry-bag-evac-compression-35l-high-rise.jpg","datePublished":"2023-07-26T14:53:37+00:00","dateModified":"2024-10-21T06:53:05+00:00","description":"Sacul hermetic Sea to Summit Dry Bag Evac Compression 35L cu tehnologia eVent: u\u0219or, impermeabil \u0219i ideal pentru a-\u021bi men\u021bine lucrurile uscate.","breadcrumb":{"@id":"https:\/\/dev.xstyle.md\/product\/germomeshok-sea-to-summit-dry-bag-evac-compression-35l\/#breadcrumb"},"inLanguage":"ro-RO","potentialAction":[{"@type":"ReadAction","target":["https:\/\/dev.xstyle.md\/product\/germomeshok-sea-to-summit-dry-bag-evac-compression-35l\/"]}]},{"@type":"ImageObject","inLanguage":"ro-RO","@id":"https:\/\/dev.xstyle.md\/product\/germomeshok-sea-to-summit-dry-bag-evac-compression-35l\/#primaryimage","url":"https:\/\/dev.xstyle.md\/wp-content\/uploads\/2023\/07\/sea-to-summit-dry-bag-evac-compression-35l-high-rise.jpg","contentUrl":"https:\/\/dev.xstyle.md\/wp-content\/uploads\/2023\/07\/sea-to-summit-dry-bag-evac-compression-35l-high-rise.jpg","width":1500,"height":1500,"caption":"\u0413\u0435\u0440\u043c\u043e\u043c\u0435\u0448\u043e\u043a Sea to Summit Dry Bag Evac Compression 35L \u0434\u043b\u044f \u0430\u043a\u0442\u0438\u0432\u043d\u043e\u0433\u043e \u043e\u0442\u0434\u044b\u0445\u0430 \u043f\u043e\u0445\u043e\u0434\u043e\u0432 \u043f\u0443\u0442\u0435\u0448\u0435\u0441\u0442\u0432\u0438\u0439 \u0438 \u0430\u043b\u044c\u043f\u0438\u043d\u0438\u0437\u043c\u0430 \u0432 \u0438\u043d\u0442\u0435\u0440\u043d\u0435\u0442-\u043c\u0430\u0433\u0430\u0437\u0438\u043d\u0435 \u0441\u043f\u043e\u0440\u0442\u0438\u0432\u043d\u043e\u0439 \u043e\u0434\u0435\u0436\u0434\u044b \u0438 \u043e\u0431\u0443\u0432\u0438"},{"@type":"BreadcrumbList","@id":"https:\/\/dev.xstyle.md\/product\/germomeshok-sea-to-summit-dry-bag-evac-compression-35l\/#breadcrumb","itemListElement":[{"@type":"ListItem","position":1,"name":"\u0413\u043b\u0430\u0432\u043d\u0430\u044f \u0441\u0442\u0440\u0430\u043d\u0438\u0446\u0430","item":"https:\/\/dev.xstyle.md\/"},{"@type":"ListItem","position":2,"name":"Shop","item":"https:\/\/dev.xstyle.md\/shop\/"},{"@type":"ListItem","position":3,"name":"\u0413\u0435\u0440\u043c\u043e\u043c\u0435\u0448\u043e\u043a Sea to Summit Dry Bag Evac Compression 35L"}]},{"@type":"WebSite","@id":"https:\/\/dev.xstyle.md\/#website","url":"https:\/\/dev.xstyle.md\/","name":"Magazinul X-Style","description":"Echipamente pentru turism \u0219i sporturi extreme \u00een Moldova. Pre\u021buri, fotografii, caracteristici \u00een Moldova.","publisher":{"@id":"https:\/\/dev.xstyle.md\/#organization"},"alternateName":"X-Style","potentialAction":[{"@type":"SearchAction","target":{"@type":"EntryPoint","urlTemplate":"https:\/\/dev.xstyle.md\/?s={search_term_string}"},"query-input":{"@type":"PropertyValueSpecification","valueRequired":true,"valueName":"search_term_string"}}],"inLanguage":"ro-RO"},{"@type":"Organization","@id":"https:\/\/dev.xstyle.md\/#organization","name":"Magazinul X-Style","alternateName":"x-style","url":"https:\/\/dev.xstyle.md\/","logo":{"@type":"ImageObject","inLanguage":"ro-RO","@id":"https:\/\/dev.xstyle.md\/#\/schema\/logo\/image\/","url":"https:\/\/dev.xstyle.md\/wp-content\/uploads\/2020\/06\/logoicon.svg","contentUrl":"https:\/\/dev.xstyle.md\/wp-content\/uploads\/2020\/06\/logoicon.svg","caption":"\u041c\u0430\u0433\u0430\u0437\u0438\u043d Xstyle"},"image":{"@id":"https:\/\/dev.xstyle.md\/#\/schema\/logo\/image\/"},"sameAs":["https:\/\/www.facebook.com\/xstylemd","https:\/\/www.instagram.com\/xstyle_md\/","https:\/\/t.me\/xstyle_outdoor"],"hasMerchantReturnPolicy":{"@type":"MerchantReturnPolicy","merchantReturnLink":"https:\/\/dev.xstyle.md\/ro\/conditions\/"}}]},"product_price_amount":"1190.00","product_price_currency":"MDL","og_availability":"instock","product_availability":"instock","product_retailer_item_id":"9327868156412","product_condition":"new"},"post_mailing_queue_ids":[],"_links":{"self":[{"href":"https:\/\/dev.xstyle.md\/ro\/wp-json\/wp\/v2\/product\/72097","targetHints":{"allow":["GET"]}}],"collection":[{"href":"https:\/\/dev.xstyle.md\/ro\/wp-json\/wp\/v2\/product"}],"about":[{"href":"https:\/\/dev.xstyle.md\/ro\/wp-json\/wp\/v2\/types\/product"}],"replies":[{"embeddable":true,"href":"https:\/\/dev.xstyle.md\/ro\/wp-json\/wp\/v2\/comments?post=72097"}],"version-history":[{"count":0,"href":"https:\/\/dev.xstyle.md\/ro\/wp-json\/wp\/v2\/product\/72097\/revisions"}],"wp:featuredmedia":[{"embeddable":true,"href":"https:\/\/dev.xstyle.md\/ro\/wp-json\/wp\/v2\/media\/72358"}],"wp:attachment":[{"href":"https:\/\/dev.xstyle.md\/ro\/wp-json\/wp\/v2\/media?parent=72097"}],"wp:term":[{"taxonomy":"product_brand","embeddable":true,"href":"https:\/\/dev.xstyle.md\/ro\/wp-json\/wp\/v2\/product_brand?post=72097"},{"taxonomy":"product_cat","embeddable":true,"href":"https:\/\/dev.xstyle.md\/ro\/wp-json\/wp\/v2\/product_cat?post=72097"},{"taxonomy":"product_tag","embeddable":true,"href":"https:\/\/dev.xstyle.md\/ro\/wp-json\/wp\/v2\/product_tag?post=72097"}],"curies":[{"name":"wp","href":"https:\/\/api.w.org\/{rel}","templated":true}]}}