{"id":7155,"date":"2020-07-16T22:24:52","date_gmt":"2020-07-16T19:24:52","guid":{"rendered":"https:\/\/xstyle.md\/product\/brjuki-marmot-whimsey"},"modified":"2024-10-19T23:46:47","modified_gmt":"2024-10-19T20:46:47","slug":"marmot-whimsey-wmn-magenta-chile","status":"publish","type":"product","link":"https:\/\/xstyle.md\/ro\/produs\/marmot-whimsey-wmn-magenta-chile\/","title":{"rendered":"Pantaloni Marmot Whimsey Wmn magenta chile"},"content":{"rendered":"<\/p>\n<p><strong>Marmot Whimsey<\/strong> &#8212; pantaloni pentru schi, snowboarding \u0219i toate activit\u0103\u021bile de iarn\u0103. Pantaloni termoizola\u021bi Thermal R cu o croial\u0103 clasic\u0103, dar care arat\u0103 elegant \u0219i se potrivesc perfect. Pantalonii sunt, de asemenea, prev\u0103zu\u021bi cu bucle de centur\u0103, astfel \u00eenc\u00e2t s\u0103 pute\u021bi fixa pantalonii \u0219i mai bine. Cus\u0103turi 100% acoperite cu band\u0103 adeziv\u0103 \u0219i membran\u0103 Marmot\u00ae MemBrain\u00ae.<\/p>\n<h3>Particularit\u0103\u021bi<\/h3>\n<ul>\n<li>Membrana Marmot\u00ae MemBrain\u00ae impermeabil\u0103 \u0219i respirabil\u0103<\/li>\n<li>Cus\u0103turi 100% lipite, durabile<\/li>\n<li>Izola\u021bie Thermal R de \u00eenalt\u0103 calitate<\/li>\n<li>Buzunare comode pentru m\u00e2ini cu fermoar<\/li>\n<li>Buzunar spate cu clapet\u0103<\/li>\n<li>Buzunar sub genunchi<\/li>\n<li>T\u0103ietur\u0103 special\u0103, \u00een stil pantalon, a taliei cu ajustare<\/li>\n<li>C\u0103ptu\u0219eal\u0103 moale \u0219i cald\u0103 \u00een zona feselor \u0219i a genunchilor<\/li>\n<li>\u00cent\u0103riri din Cordura\u00ae la nivelul pantalonilor.<\/li>\n<\/ul>\n<h3>Caracteristici<\/h3>\n<ul>\n<li>Material &#8212; 100% poliester<\/li>\n<li>Membran\u0103 &#8212; MemBrain\u00ae 2L<\/li>\n<li>Izola\u021bie &#8212; Thermal R<\/li>\n<li>Model - pentru femei.<\/li>\n<\/ul>\n<h3>Tehnologie<\/h3>\n<ul>\n<li><strong>MemBrain<\/strong>\u00ae utilizeaz\u0103 o tehnologie avansat\u0103 care combin\u0103 cele mai bune caracteristici de respirabilitate, rezisten\u021b\u0103 la ap\u0103 \u0219i hidrofobie cu o fiabilitate de neegalat. Cu o eficien\u021b\u0103 minim\u0103 de 10, 000mm \/ 10,000mm, este garantat s\u0103 v\u0103 men\u021bin\u0103 uscat \u0219i confortabil \u00een cele mai nefavorabile condi\u021bii meteorologice. De asemenea, tehnologia MemBrain\u00ae ofer\u0103 o protec\u021bie excelent\u0103 \u00eempotriva intemperiilor \u0219i confort intern. Natura hidrofil\u0103 a lamin\u0103rii PU reduce condensul intern \u0219i extinde limitele confortului prin reducerea efectului de r\u0103ceal\u0103 cauzat de condensul care se transform\u0103 \u00eenapoi \u00een vapori.<\/li>\n<\/ul>\n<h3>Marca<\/h3>\n<p>\u00cen urm\u0103 cu 50 de ani, marca american\u0103 Marmot a schimbat percep\u021bia lumii asupra echipamentului \u0219i \u00eembr\u0103c\u0103mintei de alpinism. Fondatorii m\u0103rcii, Dave Huntley \u0219i Santa Cruz Reynolds, pe c\u00e2nd erau \u00eenc\u0103 studen\u021bi, mergeau adesea \u00een drume\u021bii \u0219i cucereau v\u00e2rfuri de munte. Cu toate acestea, hainele care erau considerate cele mai bune la acea vreme nu li se potriveau deloc, a\u0219a c\u0103 prietenii au decis s\u0103 creeze propria linie de \u00eembr\u0103c\u0103minte c\u0103lduroas\u0103. Aceast\u0103 dorin\u021b\u0103 de a-\u0219i asigura confortul \u00een timpul c\u0103l\u0103toriilor a fost cea care a dus la faptul c\u0103, \u00een 1971, prietenii \u0219i-au creat mica produc\u021bie, care s-a transformat \u00eentr-o companie mare, ale c\u0103rei produse sunt v\u00e2ndute \u00een peste 30 de \u021b\u0103ri din \u00eentreaga lume.<\/p>\n<p>Marmot fabric\u0103 produse care sunt adesea sufletul sportivilor extremi\u0219ti care escaladeaz\u0103 cele mai \u00eenalte v\u00e2rfuri \u0219i c\u0103l\u0103toresc \u00een cele mai dificile \u0219i inaccesibile zone ale planetei. Compania a stabilit o \u0219tachet\u0103 serioas\u0103 pentru calitate \u00een produc\u021bia de echipamente profesionale de alpinism \u0219i o p\u0103streaz\u0103 \u00een toate celelalte produse ale sale. Principiile de baz\u0103 ale Marmot sunt calitatea \u00eenalt\u0103, respectarea celor mai stricte standarde interna\u021bionale, func\u021bionalitatea impecabil\u0103, respectarea mediului \u0219i durata de via\u021b\u0103 lung\u0103 a produselor.<\/p>\n<p><\/p>","protected":false},"excerpt":{"rendered":"<p>Pantaloni Marmot Whimsey Wmn magenta chile<\/p>","protected":false},"featured_media":63003,"comment_status":"open","ping_status":"closed","template":"","meta":{"_acf_changed":false,"inline_featured_image":false},"product_brand":[1266],"product_cat":[307],"product_tag":[],"class_list":{"0":"post-7155","1":"product","2":"type-product","3":"status-publish","4":"has-post-thumbnail","6":"product_brand-marmot","7":"product_cat-pantaloni-de-schi-femei","9":"first","10":"instock","11":"sale","12":"shipping-taxable","13":"purchasable","14":"product-type-simple"},"acf":[],"yoast_head":"<!-- This site is optimized with the Yoast SEO plugin v27.4 - https:\/\/yoast.com\/product\/yoast-seo-wordpress\/ -->\n<title>\u0411\u0440\u044e\u043a\u0438 Marmot Whimsey Wmn magenta chile - \u041c\u0430\u0433\u0430\u0437\u0438\u043d Xstyle<\/title>\n<meta name=\"description\" content=\"\u0411\u0440\u044e\u043a\u0438 Marmot Whimsey Wmn \u0432 \u043e\u0442\u0442\u0435\u043d\u043a\u0435 \u043c\u0430\u0433\u0435\u043d\u0442\u0430 \u0434\u043b\u044f \u0437\u0438\u043c\u043d\u0438\u0445 \u0430\u043a\u0442\u0438\u0432\u043d\u043e\u0441\u0442\u0435\u0439! \u0422\u0435\u0440\u043c\u043e\u0440\u0435\u0433\u0443\u043b\u044f\u0446\u0438\u044f, \u044d\u043b\u0435\u0433\u0430\u043d\u0442\u043d\u044b\u0439 \u0434\u0438\u0437\u0430\u0439\u043d \u0438 \u0438\u0434\u0435\u0430\u043b\u044c\u043d\u0430\u044f \u043f\u043e\u0441\u0430\u0434\u043a\u0430. \u0418\u0434\u0435\u0430\u043b\u044c\u043d\u043e \u0434\u043b\u044f \u043a\u0430\u0442\u0430\u043d\u0438\u044f \u043d\u0430 \u043b\u044b\u0436\u0430\u0445!\" \/>\n<meta name=\"robots\" content=\"index, follow, max-snippet:-1, max-image-preview:large, max-video-preview:-1\" \/>\n<link rel=\"canonical\" href=\"https:\/\/xstyle.md\/ro\/produs\/marmot-whimsey-wmn-magenta-chile\/\" \/>\n<meta property=\"og:locale\" content=\"ro_RO\" \/>\n<meta property=\"og:type\" content=\"article\" \/>\n<meta property=\"og:title\" content=\"\u0411\u0440\u044e\u043a\u0438 Marmot Whimsey Wmn magenta chile - \u041c\u0430\u0433\u0430\u0437\u0438\u043d Xstyle\" \/>\n<meta property=\"og:description\" content=\"\u0411\u0440\u044e\u043a\u0438 Marmot Whimsey Wmn \u0432 \u043e\u0442\u0442\u0435\u043d\u043a\u0435 \u043c\u0430\u0433\u0435\u043d\u0442\u0430 \u0434\u043b\u044f \u0437\u0438\u043c\u043d\u0438\u0445 \u0430\u043a\u0442\u0438\u0432\u043d\u043e\u0441\u0442\u0435\u0439! \u0422\u0435\u0440\u043c\u043e\u0440\u0435\u0433\u0443\u043b\u044f\u0446\u0438\u044f, \u044d\u043b\u0435\u0433\u0430\u043d\u0442\u043d\u044b\u0439 \u0434\u0438\u0437\u0430\u0439\u043d \u0438 \u0438\u0434\u0435\u0430\u043b\u044c\u043d\u0430\u044f \u043f\u043e\u0441\u0430\u0434\u043a\u0430. \u0418\u0434\u0435\u0430\u043b\u044c\u043d\u043e \u0434\u043b\u044f \u043a\u0430\u0442\u0430\u043d\u0438\u044f \u043d\u0430 \u043b\u044b\u0436\u0430\u0445!\" \/>\n<meta property=\"og:url\" content=\"https:\/\/xstyle.md\/ro\/produs\/marmot-whimsey-wmn-magenta-chile\/\" \/>\n<meta property=\"og:site_name\" content=\"\u041c\u0430\u0433\u0430\u0437\u0438\u043d Xstyle\" \/>\n<meta property=\"article:publisher\" content=\"https:\/\/www.facebook.com\/xstylemd\" \/>\n<meta property=\"article:modified_time\" content=\"2024-10-19T20:46:47+00:00\" \/>\n<meta property=\"og:image\" content=\"https:\/\/xstyle.md\/wp-content\/uploads\/2020\/07\/marmot-whimsey-wmn-magenta-chile.jpg\" \/>\n\t<meta property=\"og:image:width\" content=\"762\" \/>\n\t<meta property=\"og:image:height\" content=\"782\" \/>\n\t<meta property=\"og:image:type\" content=\"image\/jpeg\" \/>\n<meta name=\"twitter:card\" content=\"summary_large_image\" \/>\n<meta name=\"twitter:label1\" content=\"Pre\u021b\" \/>\n\t<meta name=\"twitter:data1\" content=\"2.316&nbsp;MDL\" \/>\n\t<meta name=\"twitter:label2\" content=\"Disponibilitate\" \/>\n\t<meta name=\"twitter:data2\" content=\"\u00cen stoc\" \/>\n<script type=\"application\/ld+json\" class=\"yoast-schema-graph\">{\"@context\":\"https:\\\/\\\/schema.org\",\"@graph\":[{\"@type\":\"WebPage\",\"@id\":\"https:\\\/\\\/xstyle.md\\\/product\\\/marmot-whimsey-wmn-magenta-chile\\\/\",\"url\":\"https:\\\/\\\/xstyle.md\\\/product\\\/marmot-whimsey-wmn-magenta-chile\\\/\",\"name\":\"\u0411\u0440\u044e\u043a\u0438 Marmot Whimsey Wmn magenta chile - \u041c\u0430\u0433\u0430\u0437\u0438\u043d Xstyle\",\"isPartOf\":{\"@id\":\"https:\\\/\\\/xstyle.md\\\/#website\"},\"primaryImageOfPage\":{\"@id\":\"https:\\\/\\\/xstyle.md\\\/product\\\/marmot-whimsey-wmn-magenta-chile\\\/#primaryimage\"},\"image\":{\"@id\":\"https:\\\/\\\/xstyle.md\\\/product\\\/marmot-whimsey-wmn-magenta-chile\\\/#primaryimage\"},\"thumbnailUrl\":\"https:\\\/\\\/xstyle.md\\\/wp-content\\\/uploads\\\/2020\\\/07\\\/marmot-whimsey-wmn-magenta-chile.jpg\",\"datePublished\":\"2020-07-16T19:24:52+00:00\",\"dateModified\":\"2024-10-19T20:46:47+00:00\",\"description\":\"\u0411\u0440\u044e\u043a\u0438 Marmot Whimsey Wmn \u0432 \u043e\u0442\u0442\u0435\u043d\u043a\u0435 \u043c\u0430\u0433\u0435\u043d\u0442\u0430 \u0434\u043b\u044f \u0437\u0438\u043c\u043d\u0438\u0445 \u0430\u043a\u0442\u0438\u0432\u043d\u043e\u0441\u0442\u0435\u0439! \u0422\u0435\u0440\u043c\u043e\u0440\u0435\u0433\u0443\u043b\u044f\u0446\u0438\u044f, \u044d\u043b\u0435\u0433\u0430\u043d\u0442\u043d\u044b\u0439 \u0434\u0438\u0437\u0430\u0439\u043d \u0438 \u0438\u0434\u0435\u0430\u043b\u044c\u043d\u0430\u044f \u043f\u043e\u0441\u0430\u0434\u043a\u0430. \u0418\u0434\u0435\u0430\u043b\u044c\u043d\u043e \u0434\u043b\u044f \u043a\u0430\u0442\u0430\u043d\u0438\u044f \u043d\u0430 \u043b\u044b\u0436\u0430\u0445!\",\"breadcrumb\":{\"@id\":\"https:\\\/\\\/xstyle.md\\\/product\\\/marmot-whimsey-wmn-magenta-chile\\\/#breadcrumb\"},\"inLanguage\":\"ro-RO\",\"potentialAction\":[{\"@type\":\"ReadAction\",\"target\":[\"https:\\\/\\\/xstyle.md\\\/product\\\/marmot-whimsey-wmn-magenta-chile\\\/\"]}]},{\"@type\":\"ImageObject\",\"inLanguage\":\"ro-RO\",\"@id\":\"https:\\\/\\\/xstyle.md\\\/product\\\/marmot-whimsey-wmn-magenta-chile\\\/#primaryimage\",\"url\":\"https:\\\/\\\/xstyle.md\\\/wp-content\\\/uploads\\\/2020\\\/07\\\/marmot-whimsey-wmn-magenta-chile.jpg\",\"contentUrl\":\"https:\\\/\\\/xstyle.md\\\/wp-content\\\/uploads\\\/2020\\\/07\\\/marmot-whimsey-wmn-magenta-chile.jpg\",\"width\":762,\"height\":782,\"caption\":\"\u041a\u043e\u0441\u0442\u044e\u043c \u0434\u043b\u044f \u0430\u043a\u0442\u0438\u0432\u043d\u043e\u0433\u043e \u043e\u0442\u0434\u044b\u0445\u0430 \u0438 \u043f\u043e\u0445\u043e\u0434\u043e\u0432 \u043d\u0430 \u043e\u043d\u043b\u0430\u0439\u043d-\u043c\u0430\u0433\u0430\u0437\u0438\u043d\u0435 \u0441 \u0431\u0440\u044e\u043a\u0430\u043c\u0438 Marmot Whimsey Wmn magenta chile \u0434\u043b\u044f \u043f\u0443\u0442\u0435\u0448\u0435\u0441\u0442\u0432\u0438\u0439, \u0430\u043b\u044c\u043f\u0438\u043d\u0438\u0437\u043c\u0430 \u0438 \u0441\u043f\u043e\u0440\u0442wear \u0436\u0435\u043d\u0441\u043a\u0430\u044f \u043f\u0440\u043e\u0433\u0443\u043b\u043e\u0447\u043d\u0430\u044f \u043e\u0434\u0435\u0436\u0434\u0430\"},{\"@type\":\"BreadcrumbList\",\"@id\":\"https:\\\/\\\/xstyle.md\\\/product\\\/marmot-whimsey-wmn-magenta-chile\\\/#breadcrumb\",\"itemListElement\":[{\"@type\":\"ListItem\",\"position\":1,\"name\":\"\u0413\u043b\u0430\u0432\u043d\u0430\u044f \u0441\u0442\u0440\u0430\u043d\u0438\u0446\u0430\",\"item\":\"https:\\\/\\\/xstyle.md\\\/\"},{\"@type\":\"ListItem\",\"position\":2,\"name\":\"\u041c\u0430\u0433\u0430\u0437\u0438\u043d\",\"item\":\"https:\\\/\\\/xstyle.md\\\/shop\\\/\"},{\"@type\":\"ListItem\",\"position\":3,\"name\":\"\u0411\u0440\u044e\u043a\u0438 Marmot Whimsey Wmn magenta chile\"}]},{\"@type\":\"WebSite\",\"@id\":\"https:\\\/\\\/xstyle.md\\\/#website\",\"url\":\"https:\\\/\\\/xstyle.md\\\/\",\"name\":\"\u041c\u0430\u0433\u0430\u0437\u0438\u043d Xstyle\",\"description\":\"C\u043d\u0430\u0440\u044f\u0436\u0435\u043d\u0438\u0435 \u0434\u043b\u044f \u0442\u0443\u0440\u0438\u0437\u043c\u0430 \u0438 \u044d\u043a\u0441\u0442\u0440\u0435\u043c\u0430\u043b\u044c\u043d\u044b\u0445 \u0432\u0438\u0434\u043e\u0432 \u0441\u043f\u043e\u0440\u0442\u0430 \u0432 \u041c\u043e\u043b\u0434\u043e\u0432\u0435.. \u0426\u0435\u043d\u044b, \u0444\u043e\u0442\u043e, \u0445\u0430\u0440\u0430\u043a\u0442\u0435\u0440\u0438\u0441\u0442\u0438\u043a\u0438 \u0432 \u041c\u043e\u043b\u0434\u043e\u0432\u0435.\",\"publisher\":{\"@id\":\"https:\\\/\\\/xstyle.md\\\/#organization\"},\"alternateName\":\"X-Style\",\"potentialAction\":[{\"@type\":\"SearchAction\",\"target\":{\"@type\":\"EntryPoint\",\"urlTemplate\":\"https:\\\/\\\/xstyle.md\\\/?s={search_term_string}\"},\"query-input\":{\"@type\":\"PropertyValueSpecification\",\"valueRequired\":true,\"valueName\":\"search_term_string\"}}],\"inLanguage\":\"ro-RO\"},{\"@type\":\"Organization\",\"@id\":\"https:\\\/\\\/xstyle.md\\\/#organization\",\"name\":\"\u041c\u0430\u0433\u0430\u0437\u0438\u043d Xstyle\",\"alternateName\":\"x-style\",\"url\":\"https:\\\/\\\/xstyle.md\\\/\",\"logo\":{\"@type\":\"ImageObject\",\"inLanguage\":\"ro-RO\",\"@id\":\"https:\\\/\\\/xstyle.md\\\/#\\\/schema\\\/logo\\\/image\\\/\",\"url\":\"https:\\\/\\\/xstyle.md\\\/wp-content\\\/uploads\\\/2020\\\/06\\\/logoicon.svg\",\"contentUrl\":\"https:\\\/\\\/xstyle.md\\\/wp-content\\\/uploads\\\/2020\\\/06\\\/logoicon.svg\",\"caption\":\"\u041c\u0430\u0433\u0430\u0437\u0438\u043d Xstyle\"},\"image\":{\"@id\":\"https:\\\/\\\/xstyle.md\\\/#\\\/schema\\\/logo\\\/image\\\/\"},\"sameAs\":[\"https:\\\/\\\/www.facebook.com\\\/xstylemd\",\"https:\\\/\\\/www.instagram.com\\\/xstyle_md\\\/\",\"https:\\\/\\\/t.me\\\/xstyle_outdoor\"],\"hasMerchantReturnPolicy\":{\"@type\":\"MerchantReturnPolicy\",\"merchantReturnLink\":\"https:\\\/\\\/xstyle.md\\\/ro\\\/conditions\\\/\"}}]}<\/script>\n<meta property=\"product:price:amount\" content=\"2316.00\" \/>\n<meta property=\"product:price:currency\" content=\"MDL\" \/>\n<meta property=\"og:availability\" content=\"instock\" \/>\n<meta property=\"product:availability\" content=\"instock\" \/>\n<meta property=\"product:retailer_item_id\" content=\"889169140266\" \/>\n<meta property=\"product:condition\" content=\"new\" \/>\n<!-- \/ Yoast SEO plugin. -->","yoast_head_json":{"title":"Pantaloni Marmot Whimsey Wmn magenta chile - Magazin Xstyle","description":"Pantalonii Marmot Whimsey Wmn \u00een nuan\u021ba magenta pentru activit\u0103\u021bi de iarn\u0103! Termoreglare, design elegant \u0219i potrivire perfect\u0103. Ideali pentru schi!","robots":{"index":"index","follow":"follow","max-snippet":"max-snippet:-1","max-image-preview":"max-image-preview:large","max-video-preview":"max-video-preview:-1"},"canonical":"https:\/\/xstyle.md\/ro\/produs\/marmot-whimsey-wmn-magenta-chile\/","og_locale":"ro_RO","og_type":"article","og_title":"\u0411\u0440\u044e\u043a\u0438 Marmot Whimsey Wmn magenta chile - \u041c\u0430\u0433\u0430\u0437\u0438\u043d Xstyle","og_description":"\u0411\u0440\u044e\u043a\u0438 Marmot Whimsey Wmn \u0432 \u043e\u0442\u0442\u0435\u043d\u043a\u0435 \u043c\u0430\u0433\u0435\u043d\u0442\u0430 \u0434\u043b\u044f \u0437\u0438\u043c\u043d\u0438\u0445 \u0430\u043a\u0442\u0438\u0432\u043d\u043e\u0441\u0442\u0435\u0439! \u0422\u0435\u0440\u043c\u043e\u0440\u0435\u0433\u0443\u043b\u044f\u0446\u0438\u044f, \u044d\u043b\u0435\u0433\u0430\u043d\u0442\u043d\u044b\u0439 \u0434\u0438\u0437\u0430\u0439\u043d \u0438 \u0438\u0434\u0435\u0430\u043b\u044c\u043d\u0430\u044f \u043f\u043e\u0441\u0430\u0434\u043a\u0430. \u0418\u0434\u0435\u0430\u043b\u044c\u043d\u043e \u0434\u043b\u044f \u043a\u0430\u0442\u0430\u043d\u0438\u044f \u043d\u0430 \u043b\u044b\u0436\u0430\u0445!","og_url":"https:\/\/xstyle.md\/ro\/produs\/marmot-whimsey-wmn-magenta-chile\/","og_site_name":"\u041c\u0430\u0433\u0430\u0437\u0438\u043d Xstyle","article_publisher":"https:\/\/www.facebook.com\/xstylemd","article_modified_time":"2024-10-19T20:46:47+00:00","og_image":[{"width":762,"height":782,"url":"https:\/\/xstyle.md\/wp-content\/uploads\/2020\/07\/marmot-whimsey-wmn-magenta-chile.jpg","type":"image\/jpeg"}],"twitter_card":"summary_large_image","twitter_misc":{"Pre\u021b":"2.316&nbsp;MDL","Disponibilitate":"\u00cen stoc"},"schema":{"@context":"https:\/\/schema.org","@graph":[{"@type":"WebPage","@id":"https:\/\/xstyle.md\/product\/marmot-whimsey-wmn-magenta-chile\/","url":"https:\/\/xstyle.md\/product\/marmot-whimsey-wmn-magenta-chile\/","name":"Pantaloni Marmot Whimsey Wmn magenta chile - Magazin Xstyle","isPartOf":{"@id":"https:\/\/xstyle.md\/#website"},"primaryImageOfPage":{"@id":"https:\/\/xstyle.md\/product\/marmot-whimsey-wmn-magenta-chile\/#primaryimage"},"image":{"@id":"https:\/\/xstyle.md\/product\/marmot-whimsey-wmn-magenta-chile\/#primaryimage"},"thumbnailUrl":"https:\/\/xstyle.md\/wp-content\/uploads\/2020\/07\/marmot-whimsey-wmn-magenta-chile.jpg","datePublished":"2020-07-16T19:24:52+00:00","dateModified":"2024-10-19T20:46:47+00:00","description":"Pantalonii Marmot Whimsey Wmn \u00een nuan\u021ba magenta pentru activit\u0103\u021bi de iarn\u0103! Termoreglare, design elegant \u0219i potrivire perfect\u0103. Ideali pentru schi!","breadcrumb":{"@id":"https:\/\/xstyle.md\/product\/marmot-whimsey-wmn-magenta-chile\/#breadcrumb"},"inLanguage":"ro-RO","potentialAction":[{"@type":"ReadAction","target":["https:\/\/xstyle.md\/product\/marmot-whimsey-wmn-magenta-chile\/"]}]},{"@type":"ImageObject","inLanguage":"ro-RO","@id":"https:\/\/xstyle.md\/product\/marmot-whimsey-wmn-magenta-chile\/#primaryimage","url":"https:\/\/xstyle.md\/wp-content\/uploads\/2020\/07\/marmot-whimsey-wmn-magenta-chile.jpg","contentUrl":"https:\/\/xstyle.md\/wp-content\/uploads\/2020\/07\/marmot-whimsey-wmn-magenta-chile.jpg","width":762,"height":782,"caption":"\u041a\u043e\u0441\u0442\u044e\u043c \u0434\u043b\u044f \u0430\u043a\u0442\u0438\u0432\u043d\u043e\u0433\u043e \u043e\u0442\u0434\u044b\u0445\u0430 \u0438 \u043f\u043e\u0445\u043e\u0434\u043e\u0432 \u043d\u0430 \u043e\u043d\u043b\u0430\u0439\u043d-\u043c\u0430\u0433\u0430\u0437\u0438\u043d\u0435 \u0441 \u0431\u0440\u044e\u043a\u0430\u043c\u0438 Marmot Whimsey Wmn magenta chile \u0434\u043b\u044f \u043f\u0443\u0442\u0435\u0448\u0435\u0441\u0442\u0432\u0438\u0439, \u0430\u043b\u044c\u043f\u0438\u043d\u0438\u0437\u043c\u0430 \u0438 \u0441\u043f\u043e\u0440\u0442wear \u0436\u0435\u043d\u0441\u043a\u0430\u044f \u043f\u0440\u043e\u0433\u0443\u043b\u043e\u0447\u043d\u0430\u044f \u043e\u0434\u0435\u0436\u0434\u0430"},{"@type":"BreadcrumbList","@id":"https:\/\/xstyle.md\/product\/marmot-whimsey-wmn-magenta-chile\/#breadcrumb","itemListElement":[{"@type":"ListItem","position":1,"name":"\u0413\u043b\u0430\u0432\u043d\u0430\u044f \u0441\u0442\u0440\u0430\u043d\u0438\u0446\u0430","item":"https:\/\/xstyle.md\/"},{"@type":"ListItem","position":2,"name":"\u041c\u0430\u0433\u0430\u0437\u0438\u043d","item":"https:\/\/xstyle.md\/shop\/"},{"@type":"ListItem","position":3,"name":"\u0411\u0440\u044e\u043a\u0438 Marmot Whimsey Wmn magenta chile"}]},{"@type":"WebSite","@id":"https:\/\/xstyle.md\/#website","url":"https:\/\/xstyle.md\/","name":"Magazinul X-Style","description":"Echipamente pentru turism \u0219i sporturi extreme \u00een Moldova. Pre\u021buri, fotografii, caracteristici \u00een Moldova.","publisher":{"@id":"https:\/\/xstyle.md\/#organization"},"alternateName":"X-Style","potentialAction":[{"@type":"SearchAction","target":{"@type":"EntryPoint","urlTemplate":"https:\/\/xstyle.md\/?s={search_term_string}"},"query-input":{"@type":"PropertyValueSpecification","valueRequired":true,"valueName":"search_term_string"}}],"inLanguage":"ro-RO"},{"@type":"Organization","@id":"https:\/\/xstyle.md\/#organization","name":"Magazinul X-Style","alternateName":"x-style","url":"https:\/\/xstyle.md\/","logo":{"@type":"ImageObject","inLanguage":"ro-RO","@id":"https:\/\/xstyle.md\/#\/schema\/logo\/image\/","url":"https:\/\/xstyle.md\/wp-content\/uploads\/2020\/06\/logoicon.svg","contentUrl":"https:\/\/xstyle.md\/wp-content\/uploads\/2020\/06\/logoicon.svg","caption":"\u041c\u0430\u0433\u0430\u0437\u0438\u043d Xstyle"},"image":{"@id":"https:\/\/xstyle.md\/#\/schema\/logo\/image\/"},"sameAs":["https:\/\/www.facebook.com\/xstylemd","https:\/\/www.instagram.com\/xstyle_md\/","https:\/\/t.me\/xstyle_outdoor"],"hasMerchantReturnPolicy":{"@type":"MerchantReturnPolicy","merchantReturnLink":"https:\/\/xstyle.md\/ro\/conditions\/"}}]},"product_price_amount":"2316.00","product_price_currency":"MDL","og_availability":"instock","product_availability":"instock","product_retailer_item_id":"889169140266","product_condition":"new"},"post_mailing_queue_ids":[],"_links":{"self":[{"href":"https:\/\/xstyle.md\/ro\/wp-json\/wp\/v2\/product\/7155","targetHints":{"allow":["GET"]}}],"collection":[{"href":"https:\/\/xstyle.md\/ro\/wp-json\/wp\/v2\/product"}],"about":[{"href":"https:\/\/xstyle.md\/ro\/wp-json\/wp\/v2\/types\/product"}],"replies":[{"embeddable":true,"href":"https:\/\/xstyle.md\/ro\/wp-json\/wp\/v2\/comments?post=7155"}],"wp:featuredmedia":[{"embeddable":true,"href":"https:\/\/xstyle.md\/ro\/wp-json\/wp\/v2\/media\/63003"}],"wp:attachment":[{"href":"https:\/\/xstyle.md\/ro\/wp-json\/wp\/v2\/media?parent=7155"}],"wp:term":[{"taxonomy":"product_brand","embeddable":true,"href":"https:\/\/xstyle.md\/ro\/wp-json\/wp\/v2\/product_brand?post=7155"},{"taxonomy":"product_cat","embeddable":true,"href":"https:\/\/xstyle.md\/ro\/wp-json\/wp\/v2\/product_cat?post=7155"},{"taxonomy":"product_tag","embeddable":true,"href":"https:\/\/xstyle.md\/ro\/wp-json\/wp\/v2\/product_tag?post=7155"}],"curies":[{"name":"wp","href":"https:\/\/api.w.org\/{rel}","templated":true}]}}