{"id":71497,"date":"2023-07-13T16:33:30","date_gmt":"2023-07-13T13:33:30","guid":{"rendered":"https:\/\/xstyle.md\/?post_type=product&#038;p=71497"},"modified":"2024-10-21T09:43:18","modified_gmt":"2024-10-21T06:43:18","slug":"moskitnaya-setka-pharmavoyage-mosquito-net-cabin-1","status":"publish","type":"product","link":"https:\/\/xstyle.md\/ro\/produs\/moskitnaya-setka-pharmavoyage-mosquito-net-cabin-1\/","title":{"rendered":"Plas\u0103 de \u021b\u00e2n\u021bari Pharmavoyage mosquito net Cabin 1"},"content":{"rendered":"<\/p>\n<p><strong>Pharmavoyage mosquito net Cabin 1<\/strong> &#8212; plasa de \u021b\u00e2n\u021bari simpl\u0103 cu impregnare asigur\u0103 o dubl\u0103 protec\u021bie \u00eempotriva \u021b\u00e2n\u021barilor, \u021b\u00e2n\u021barilor \u0219i a altor insecte atunci c\u00e2nd c\u0103l\u0103tori\u021bi sau face\u021bi camping \u00een aer liber. Potrivit OMS, plasele de \u021b\u00e2n\u021bari impregnate cu repelent sunt cea mai bun\u0103 ap\u0103rare \u00eempotriva insectelor purt\u0103toare de boli precum malaria, febra dengue \u0219i febra chikungunya.<\/p>\n<p>Plasa de \u021b\u00e2n\u021bari compact\u0103 \u0219i u\u0219oar\u0103 respinge eficient insectele datorit\u0103 impregn\u0103rii cu permetrin\u0103, care \u00ee\u0219i p\u0103streaz\u0103 propriet\u0103\u021bile timp de 3 ani. Iar fibrele de 75 denari sunt deosebit de puternice \u0219i rezistente la abraziune. Setul include o pung\u0103 de depozitare, precum \u0219i un kit de fixare flexibil care v\u0103 permite s\u0103 fixa\u021bi plasa \u00een diverse moduri.<\/p>\n<h3>Particularit\u0103\u021bi<\/h3>\n<ul>\n<li>Plas\u0103 de \u021b\u00e2n\u021bari pentru o persoan\u0103<\/li>\n<li>Impregnare eficient\u0103 \u0219i durabil\u0103<\/li>\n<li>Ambalajul compact nu ocup\u0103 mult spa\u021biu<\/li>\n<li>Nu se spal\u0103<\/li>\n<\/ul>\n<h3>Caracteristici<\/h3>\n<ul>\n<li>Material &#8212; 100% poliester neinflamabil<\/li>\n<li>Dimensiuni &#8212; 180 x 200 x 90 cm<\/li>\n<li>Dimensiuni \u00een ambalaj &#8212; 34 x \u00d8 11 cm<\/li>\n<li>Densitatea fibrelor &#8212; 75 den<\/li>\n<li>Plas\u0103 &#8212; 25 cm\u00b2<\/li>\n<li>Insecticid &#8212; permetrin\/ TP 18<\/li>\n<li>Dozaj &#8212; 270 mg\/m\u00b2 &#8212; 9 g\/kg<\/li>\n<li>Greutate &#8212; 405 g<\/li>\n<\/ul>\n<h3>Setul include<\/h3>\n<ul>\n<li>Plas\u0103 de \u021b\u00e2n\u021bari<\/li>\n<li>Hus\u0103 de depozitare \u0219i transport<\/li>\n<li>C\u00e2rlig pentru ag\u0103\u021bat<\/li>\n<li>C\u00e2rlig autoadeziv<\/li>\n<li>Tepu\u0219\u0103<\/li>\n<li>Plug<\/li>\n<li>Cui<\/li>\n<li>Cablu<\/li>\n<\/ul>\n<h3>Marca<\/h3>\n<p>Pharmavoyage este o companie francez\u0103 care produce o gam\u0103 complet\u0103 de repelen\u021bi pentru insecte, precum \u0219i produse de \u00eengrijire \u00een timpul c\u0103l\u0103toriei, de igien\u0103 \u0219i de prim ajutor. Produsele Pharmavoyage sunt pe baz\u0103 de plante \u0219i sunt certificate \u00een conformitate cu standardele europene. Acestea vor face ca orice c\u0103l\u0103torie s\u0103 fie mai sigur\u0103 \u0219i mai relaxant\u0103 &#8212; de la un weekend la caban\u0103 la un safari exotic \u00een jungl\u0103. Brandul face parte din grupul Katadyn, specializat \u00een produse de asisten\u021b\u0103 vital\u0103 pe teren.<\/p>\n<p><\/p>","protected":false},"excerpt":{"rendered":"","protected":false},"featured_media":71655,"comment_status":"open","ping_status":"closed","template":"","meta":{"_acf_changed":false,"inline_featured_image":false},"product_brand":[1470],"product_cat":[315],"product_tag":[],"class_list":{"0":"post-71497","1":"product","2":"type-product","3":"status-publish","4":"has-post-thumbnail","6":"product_brand-pharmavoyage","7":"product_cat-protection","9":"first","10":"instock","11":"shipping-taxable","12":"purchasable","13":"product-type-simple"},"acf":[],"yoast_head":"<!-- This site is optimized with the Yoast SEO plugin v27.4 - https:\/\/yoast.com\/product\/yoast-seo-wordpress\/ -->\n<title>\u041c\u043e\u0441\u043a\u0438\u0442\u043d\u0430\u044f \u0441\u0435\u0442\u043a\u0430 Pharmavoyage mosquito net Cabin 1 - \u041c\u0430\u0433\u0430\u0437\u0438\u043d Xstyle<\/title>\n<meta name=\"description\" content=\"\u0417\u0430\u0449\u0438\u0442\u0438\u0442\u0435 \u0441\u0435\u0431\u044f \u043e\u0442 \u043a\u043e\u043c\u0430\u0440\u043e\u0432 \u0441 \u043c\u043e\u0441\u043a\u0438\u0442\u043d\u043e\u0439 \u0441\u0435\u0442\u043a\u043e\u0439 Pharmavoyage Cabin 1. \u041b\u0435\u0433\u043a\u0430\u044f, \u044d\u0444\u0444\u0435\u043a\u0442\u0438\u0432\u043d\u0430\u044f \u0438 \u0438\u0434\u0435\u0430\u043b\u044c\u043d\u0430 \u0434\u043b\u044f \u043a\u0435\u043c\u043f\u0438\u043d\u0433\u0430. \u041d\u0430\u0441\u043b\u0430\u0436\u0434\u0430\u0439\u0442\u0435\u0441\u044c \u043e\u0442\u0434\u044b\u0445\u043e\u043c \u043d\u0430 \u043f\u0440\u0438\u0440\u043e\u0434\u0435 \u0431\u0435\u0437 \u043d\u0430\u0441\u0435\u043a\u043e\u043c\u044b\u0445!\" \/>\n<meta name=\"robots\" content=\"index, follow, max-snippet:-1, max-image-preview:large, max-video-preview:-1\" \/>\n<link rel=\"canonical\" href=\"https:\/\/xstyle.md\/ro\/produs\/moskitnaya-setka-pharmavoyage-mosquito-net-cabin-1\/\" \/>\n<meta property=\"og:locale\" content=\"ro_RO\" \/>\n<meta property=\"og:type\" content=\"article\" \/>\n<meta property=\"og:title\" content=\"\u041c\u043e\u0441\u043a\u0438\u0442\u043d\u0430\u044f \u0441\u0435\u0442\u043a\u0430 Pharmavoyage mosquito net Cabin 1 - \u041c\u0430\u0433\u0430\u0437\u0438\u043d Xstyle\" \/>\n<meta property=\"og:description\" content=\"\u0417\u0430\u0449\u0438\u0442\u0438\u0442\u0435 \u0441\u0435\u0431\u044f \u043e\u0442 \u043a\u043e\u043c\u0430\u0440\u043e\u0432 \u0441 \u043c\u043e\u0441\u043a\u0438\u0442\u043d\u043e\u0439 \u0441\u0435\u0442\u043a\u043e\u0439 Pharmavoyage Cabin 1. \u041b\u0435\u0433\u043a\u0430\u044f, \u044d\u0444\u0444\u0435\u043a\u0442\u0438\u0432\u043d\u0430\u044f \u0438 \u0438\u0434\u0435\u0430\u043b\u044c\u043d\u0430 \u0434\u043b\u044f \u043a\u0435\u043c\u043f\u0438\u043d\u0433\u0430. \u041d\u0430\u0441\u043b\u0430\u0436\u0434\u0430\u0439\u0442\u0435\u0441\u044c \u043e\u0442\u0434\u044b\u0445\u043e\u043c \u043d\u0430 \u043f\u0440\u0438\u0440\u043e\u0434\u0435 \u0431\u0435\u0437 \u043d\u0430\u0441\u0435\u043a\u043e\u043c\u044b\u0445!\" \/>\n<meta property=\"og:url\" content=\"https:\/\/xstyle.md\/ro\/produs\/moskitnaya-setka-pharmavoyage-mosquito-net-cabin-1\/\" \/>\n<meta property=\"og:site_name\" content=\"\u041c\u0430\u0433\u0430\u0437\u0438\u043d Xstyle\" \/>\n<meta property=\"article:publisher\" content=\"https:\/\/www.facebook.com\/xstylemd\" \/>\n<meta property=\"article:modified_time\" content=\"2024-10-21T06:43:18+00:00\" \/>\n<meta property=\"og:image\" content=\"https:\/\/xstyle.md\/wp-content\/uploads\/2023\/07\/pharmavoyage-mosquito-net-cabin-1.jpg\" \/>\n\t<meta property=\"og:image:width\" content=\"901\" \/>\n\t<meta property=\"og:image:height\" content=\"887\" \/>\n\t<meta property=\"og:image:type\" content=\"image\/jpeg\" \/>\n<meta name=\"twitter:card\" content=\"summary_large_image\" \/>\n<meta name=\"twitter:label1\" content=\"Pre\u021b\" \/>\n\t<meta name=\"twitter:data1\" content=\"690&nbsp;MDL\" \/>\n\t<meta name=\"twitter:label2\" content=\"Disponibilitate\" \/>\n\t<meta name=\"twitter:data2\" content=\"\u00cen stoc\" \/>\n<script type=\"application\/ld+json\" class=\"yoast-schema-graph\">{\"@context\":\"https:\\\/\\\/schema.org\",\"@graph\":[{\"@type\":\"WebPage\",\"@id\":\"https:\\\/\\\/xstyle.md\\\/product\\\/moskitnaya-setka-pharmavoyage-mosquito-net-cabin-1\\\/\",\"url\":\"https:\\\/\\\/xstyle.md\\\/product\\\/moskitnaya-setka-pharmavoyage-mosquito-net-cabin-1\\\/\",\"name\":\"\u041c\u043e\u0441\u043a\u0438\u0442\u043d\u0430\u044f \u0441\u0435\u0442\u043a\u0430 Pharmavoyage mosquito net Cabin 1 - \u041c\u0430\u0433\u0430\u0437\u0438\u043d Xstyle\",\"isPartOf\":{\"@id\":\"https:\\\/\\\/xstyle.md\\\/#website\"},\"primaryImageOfPage\":{\"@id\":\"https:\\\/\\\/xstyle.md\\\/product\\\/moskitnaya-setka-pharmavoyage-mosquito-net-cabin-1\\\/#primaryimage\"},\"image\":{\"@id\":\"https:\\\/\\\/xstyle.md\\\/product\\\/moskitnaya-setka-pharmavoyage-mosquito-net-cabin-1\\\/#primaryimage\"},\"thumbnailUrl\":\"https:\\\/\\\/xstyle.md\\\/wp-content\\\/uploads\\\/2023\\\/07\\\/pharmavoyage-mosquito-net-cabin-1.jpg\",\"datePublished\":\"2023-07-13T13:33:30+00:00\",\"dateModified\":\"2024-10-21T06:43:18+00:00\",\"description\":\"\u0417\u0430\u0449\u0438\u0442\u0438\u0442\u0435 \u0441\u0435\u0431\u044f \u043e\u0442 \u043a\u043e\u043c\u0430\u0440\u043e\u0432 \u0441 \u043c\u043e\u0441\u043a\u0438\u0442\u043d\u043e\u0439 \u0441\u0435\u0442\u043a\u043e\u0439 Pharmavoyage Cabin 1. \u041b\u0435\u0433\u043a\u0430\u044f, \u044d\u0444\u0444\u0435\u043a\u0442\u0438\u0432\u043d\u0430\u044f \u0438 \u0438\u0434\u0435\u0430\u043b\u044c\u043d\u0430 \u0434\u043b\u044f \u043a\u0435\u043c\u043f\u0438\u043d\u0433\u0430. \u041d\u0430\u0441\u043b\u0430\u0436\u0434\u0430\u0439\u0442\u0435\u0441\u044c \u043e\u0442\u0434\u044b\u0445\u043e\u043c \u043d\u0430 \u043f\u0440\u0438\u0440\u043e\u0434\u0435 \u0431\u0435\u0437 \u043d\u0430\u0441\u0435\u043a\u043e\u043c\u044b\u0445!\",\"breadcrumb\":{\"@id\":\"https:\\\/\\\/xstyle.md\\\/product\\\/moskitnaya-setka-pharmavoyage-mosquito-net-cabin-1\\\/#breadcrumb\"},\"inLanguage\":\"ro-RO\",\"potentialAction\":[{\"@type\":\"ReadAction\",\"target\":[\"https:\\\/\\\/xstyle.md\\\/product\\\/moskitnaya-setka-pharmavoyage-mosquito-net-cabin-1\\\/\"]}]},{\"@type\":\"ImageObject\",\"inLanguage\":\"ro-RO\",\"@id\":\"https:\\\/\\\/xstyle.md\\\/product\\\/moskitnaya-setka-pharmavoyage-mosquito-net-cabin-1\\\/#primaryimage\",\"url\":\"https:\\\/\\\/xstyle.md\\\/wp-content\\\/uploads\\\/2023\\\/07\\\/pharmavoyage-mosquito-net-cabin-1.jpg\",\"contentUrl\":\"https:\\\/\\\/xstyle.md\\\/wp-content\\\/uploads\\\/2023\\\/07\\\/pharmavoyage-mosquito-net-cabin-1.jpg\",\"width\":901,\"height\":887,\"caption\":\"\u041c\u043e\u0441\u043a\u0438\u0442\u043d\u0430\u044f \u0441\u0435\u0442\u043a\u0430 Pharmavoyage \u0434\u043b\u044f \u0430\u043a\u0442\u0438\u0432\u043d\u043e\u0433\u043e \u043e\u0442\u0434\u044b\u0445\u0430 \u043f\u043e\u0445\u043e\u0434\u044b \u043f\u0443\u0442\u0435\u0448\u0435\u0441\u0442\u0432\u0438\u044f \u0437\u0430\u0449\u0438\u0442\u043d\u0430\u044f \u0430\u043a\u0441\u0435\u0441\u0441\u0443\u0430\u0440\u044b \u0434\u043b\u044f \u043a\u0435\u043c\u043f\u0438\u043d\u0433\u0430 \u0438 \u0430\u043b\u044c\u043f\u0438\u043d\u0438\u0437\u043c\u0430 \u0432 \u043e\u043d\u043b\u0430\u0439\u043d \u043c\u0430\u0433\u0430\u0437\u0438\u043d\u0435 \u0441\u043f\u043e\u0440\u0442\u0438\u0432\u043d\u043e\u0439 \u043e\u0434\u0435\u0436\u0434\u044b \u0438 \u043e\u0431\u0443\u0432\u0438\"},{\"@type\":\"BreadcrumbList\",\"@id\":\"https:\\\/\\\/xstyle.md\\\/product\\\/moskitnaya-setka-pharmavoyage-mosquito-net-cabin-1\\\/#breadcrumb\",\"itemListElement\":[{\"@type\":\"ListItem\",\"position\":1,\"name\":\"\u0413\u043b\u0430\u0432\u043d\u0430\u044f \u0441\u0442\u0440\u0430\u043d\u0438\u0446\u0430\",\"item\":\"https:\\\/\\\/xstyle.md\\\/\"},{\"@type\":\"ListItem\",\"position\":2,\"name\":\"\u041c\u0430\u0433\u0430\u0437\u0438\u043d\",\"item\":\"https:\\\/\\\/xstyle.md\\\/shop\\\/\"},{\"@type\":\"ListItem\",\"position\":3,\"name\":\"\u041c\u043e\u0441\u043a\u0438\u0442\u043d\u0430\u044f \u0441\u0435\u0442\u043a\u0430 Pharmavoyage mosquito net Cabin 1\"}]},{\"@type\":\"WebSite\",\"@id\":\"https:\\\/\\\/xstyle.md\\\/#website\",\"url\":\"https:\\\/\\\/xstyle.md\\\/\",\"name\":\"\u041c\u0430\u0433\u0430\u0437\u0438\u043d Xstyle\",\"description\":\"C\u043d\u0430\u0440\u044f\u0436\u0435\u043d\u0438\u0435 \u0434\u043b\u044f \u0442\u0443\u0440\u0438\u0437\u043c\u0430 \u0438 \u044d\u043a\u0441\u0442\u0440\u0435\u043c\u0430\u043b\u044c\u043d\u044b\u0445 \u0432\u0438\u0434\u043e\u0432 \u0441\u043f\u043e\u0440\u0442\u0430 \u0432 \u041c\u043e\u043b\u0434\u043e\u0432\u0435.. \u0426\u0435\u043d\u044b, \u0444\u043e\u0442\u043e, \u0445\u0430\u0440\u0430\u043a\u0442\u0435\u0440\u0438\u0441\u0442\u0438\u043a\u0438 \u0432 \u041c\u043e\u043b\u0434\u043e\u0432\u0435.\",\"publisher\":{\"@id\":\"https:\\\/\\\/xstyle.md\\\/#organization\"},\"alternateName\":\"X-Style\",\"potentialAction\":[{\"@type\":\"SearchAction\",\"target\":{\"@type\":\"EntryPoint\",\"urlTemplate\":\"https:\\\/\\\/xstyle.md\\\/?s={search_term_string}\"},\"query-input\":{\"@type\":\"PropertyValueSpecification\",\"valueRequired\":true,\"valueName\":\"search_term_string\"}}],\"inLanguage\":\"ro-RO\"},{\"@type\":\"Organization\",\"@id\":\"https:\\\/\\\/xstyle.md\\\/#organization\",\"name\":\"\u041c\u0430\u0433\u0430\u0437\u0438\u043d Xstyle\",\"alternateName\":\"x-style\",\"url\":\"https:\\\/\\\/xstyle.md\\\/\",\"logo\":{\"@type\":\"ImageObject\",\"inLanguage\":\"ro-RO\",\"@id\":\"https:\\\/\\\/xstyle.md\\\/#\\\/schema\\\/logo\\\/image\\\/\",\"url\":\"https:\\\/\\\/xstyle.md\\\/wp-content\\\/uploads\\\/2020\\\/06\\\/logoicon.svg\",\"contentUrl\":\"https:\\\/\\\/xstyle.md\\\/wp-content\\\/uploads\\\/2020\\\/06\\\/logoicon.svg\",\"caption\":\"\u041c\u0430\u0433\u0430\u0437\u0438\u043d Xstyle\"},\"image\":{\"@id\":\"https:\\\/\\\/xstyle.md\\\/#\\\/schema\\\/logo\\\/image\\\/\"},\"sameAs\":[\"https:\\\/\\\/www.facebook.com\\\/xstylemd\",\"https:\\\/\\\/www.instagram.com\\\/xstyle_md\\\/\",\"https:\\\/\\\/t.me\\\/xstyle_outdoor\"],\"hasMerchantReturnPolicy\":{\"@type\":\"MerchantReturnPolicy\",\"merchantReturnLink\":\"https:\\\/\\\/xstyle.md\\\/ro\\\/conditions\\\/\"}}]}<\/script>\n<meta property=\"product:price:amount\" content=\"690.00\" \/>\n<meta property=\"product:price:currency\" content=\"MDL\" \/>\n<meta property=\"og:availability\" content=\"instock\" \/>\n<meta property=\"product:availability\" content=\"instock\" \/>\n<meta property=\"product:retailer_item_id\" content=\"7640144283087\" \/>\n<meta property=\"product:condition\" content=\"new\" \/>\n<!-- \/ Yoast SEO plugin. -->","yoast_head_json":{"title":"Plas\u0103 de \u021b\u00e2n\u021bari Pharmavoyage mosquito net Cabin 1 - Magazin Xstyle","description":"Proteja\u021bi-v\u0103 de \u021b\u00e2n\u021bari cu plas\u0103 de \u021b\u00e2n\u021bari Pharmavoyage Cabin 1. U\u0219oar\u0103, eficient\u0103 \u0219i ideal\u0103 pentru camping. Bucura\u021bi-v\u0103 de oaspe\u021bii \u00een natur\u0103 f\u0103r\u0103 insecte!","robots":{"index":"index","follow":"follow","max-snippet":"max-snippet:-1","max-image-preview":"max-image-preview:large","max-video-preview":"max-video-preview:-1"},"canonical":"https:\/\/xstyle.md\/ro\/produs\/moskitnaya-setka-pharmavoyage-mosquito-net-cabin-1\/","og_locale":"ro_RO","og_type":"article","og_title":"\u041c\u043e\u0441\u043a\u0438\u0442\u043d\u0430\u044f \u0441\u0435\u0442\u043a\u0430 Pharmavoyage mosquito net Cabin 1 - \u041c\u0430\u0433\u0430\u0437\u0438\u043d Xstyle","og_description":"\u0417\u0430\u0449\u0438\u0442\u0438\u0442\u0435 \u0441\u0435\u0431\u044f \u043e\u0442 \u043a\u043e\u043c\u0430\u0440\u043e\u0432 \u0441 \u043c\u043e\u0441\u043a\u0438\u0442\u043d\u043e\u0439 \u0441\u0435\u0442\u043a\u043e\u0439 Pharmavoyage Cabin 1. \u041b\u0435\u0433\u043a\u0430\u044f, \u044d\u0444\u0444\u0435\u043a\u0442\u0438\u0432\u043d\u0430\u044f \u0438 \u0438\u0434\u0435\u0430\u043b\u044c\u043d\u0430 \u0434\u043b\u044f \u043a\u0435\u043c\u043f\u0438\u043d\u0433\u0430. \u041d\u0430\u0441\u043b\u0430\u0436\u0434\u0430\u0439\u0442\u0435\u0441\u044c \u043e\u0442\u0434\u044b\u0445\u043e\u043c \u043d\u0430 \u043f\u0440\u0438\u0440\u043e\u0434\u0435 \u0431\u0435\u0437 \u043d\u0430\u0441\u0435\u043a\u043e\u043c\u044b\u0445!","og_url":"https:\/\/xstyle.md\/ro\/produs\/moskitnaya-setka-pharmavoyage-mosquito-net-cabin-1\/","og_site_name":"\u041c\u0430\u0433\u0430\u0437\u0438\u043d Xstyle","article_publisher":"https:\/\/www.facebook.com\/xstylemd","article_modified_time":"2024-10-21T06:43:18+00:00","og_image":[{"width":901,"height":887,"url":"https:\/\/xstyle.md\/wp-content\/uploads\/2023\/07\/pharmavoyage-mosquito-net-cabin-1.jpg","type":"image\/jpeg"}],"twitter_card":"summary_large_image","twitter_misc":{"Pre\u021b":"690&nbsp;MDL","Disponibilitate":"\u00cen stoc"},"schema":{"@context":"https:\/\/schema.org","@graph":[{"@type":"WebPage","@id":"https:\/\/xstyle.md\/product\/moskitnaya-setka-pharmavoyage-mosquito-net-cabin-1\/","url":"https:\/\/xstyle.md\/product\/moskitnaya-setka-pharmavoyage-mosquito-net-cabin-1\/","name":"Plas\u0103 de \u021b\u00e2n\u021bari Pharmavoyage mosquito net Cabin 1 - Magazin Xstyle","isPartOf":{"@id":"https:\/\/xstyle.md\/#website"},"primaryImageOfPage":{"@id":"https:\/\/xstyle.md\/product\/moskitnaya-setka-pharmavoyage-mosquito-net-cabin-1\/#primaryimage"},"image":{"@id":"https:\/\/xstyle.md\/product\/moskitnaya-setka-pharmavoyage-mosquito-net-cabin-1\/#primaryimage"},"thumbnailUrl":"https:\/\/xstyle.md\/wp-content\/uploads\/2023\/07\/pharmavoyage-mosquito-net-cabin-1.jpg","datePublished":"2023-07-13T13:33:30+00:00","dateModified":"2024-10-21T06:43:18+00:00","description":"Proteja\u021bi-v\u0103 de \u021b\u00e2n\u021bari cu plas\u0103 de \u021b\u00e2n\u021bari Pharmavoyage Cabin 1. U\u0219oar\u0103, eficient\u0103 \u0219i ideal\u0103 pentru camping. Bucura\u021bi-v\u0103 de oaspe\u021bii \u00een natur\u0103 f\u0103r\u0103 insecte!","breadcrumb":{"@id":"https:\/\/xstyle.md\/product\/moskitnaya-setka-pharmavoyage-mosquito-net-cabin-1\/#breadcrumb"},"inLanguage":"ro-RO","potentialAction":[{"@type":"ReadAction","target":["https:\/\/xstyle.md\/product\/moskitnaya-setka-pharmavoyage-mosquito-net-cabin-1\/"]}]},{"@type":"ImageObject","inLanguage":"ro-RO","@id":"https:\/\/xstyle.md\/product\/moskitnaya-setka-pharmavoyage-mosquito-net-cabin-1\/#primaryimage","url":"https:\/\/xstyle.md\/wp-content\/uploads\/2023\/07\/pharmavoyage-mosquito-net-cabin-1.jpg","contentUrl":"https:\/\/xstyle.md\/wp-content\/uploads\/2023\/07\/pharmavoyage-mosquito-net-cabin-1.jpg","width":901,"height":887,"caption":"\u041c\u043e\u0441\u043a\u0438\u0442\u043d\u0430\u044f \u0441\u0435\u0442\u043a\u0430 Pharmavoyage \u0434\u043b\u044f \u0430\u043a\u0442\u0438\u0432\u043d\u043e\u0433\u043e \u043e\u0442\u0434\u044b\u0445\u0430 \u043f\u043e\u0445\u043e\u0434\u044b \u043f\u0443\u0442\u0435\u0448\u0435\u0441\u0442\u0432\u0438\u044f \u0437\u0430\u0449\u0438\u0442\u043d\u0430\u044f \u0430\u043a\u0441\u0435\u0441\u0441\u0443\u0430\u0440\u044b \u0434\u043b\u044f \u043a\u0435\u043c\u043f\u0438\u043d\u0433\u0430 \u0438 \u0430\u043b\u044c\u043f\u0438\u043d\u0438\u0437\u043c\u0430 \u0432 \u043e\u043d\u043b\u0430\u0439\u043d \u043c\u0430\u0433\u0430\u0437\u0438\u043d\u0435 \u0441\u043f\u043e\u0440\u0442\u0438\u0432\u043d\u043e\u0439 \u043e\u0434\u0435\u0436\u0434\u044b \u0438 \u043e\u0431\u0443\u0432\u0438"},{"@type":"BreadcrumbList","@id":"https:\/\/xstyle.md\/product\/moskitnaya-setka-pharmavoyage-mosquito-net-cabin-1\/#breadcrumb","itemListElement":[{"@type":"ListItem","position":1,"name":"\u0413\u043b\u0430\u0432\u043d\u0430\u044f \u0441\u0442\u0440\u0430\u043d\u0438\u0446\u0430","item":"https:\/\/xstyle.md\/"},{"@type":"ListItem","position":2,"name":"\u041c\u0430\u0433\u0430\u0437\u0438\u043d","item":"https:\/\/xstyle.md\/shop\/"},{"@type":"ListItem","position":3,"name":"\u041c\u043e\u0441\u043a\u0438\u0442\u043d\u0430\u044f \u0441\u0435\u0442\u043a\u0430 Pharmavoyage mosquito net Cabin 1"}]},{"@type":"WebSite","@id":"https:\/\/xstyle.md\/#website","url":"https:\/\/xstyle.md\/","name":"Magazinul X-Style","description":"Echipamente pentru turism \u0219i sporturi extreme \u00een Moldova. Pre\u021buri, fotografii, caracteristici \u00een Moldova.","publisher":{"@id":"https:\/\/xstyle.md\/#organization"},"alternateName":"X-Style","potentialAction":[{"@type":"SearchAction","target":{"@type":"EntryPoint","urlTemplate":"https:\/\/xstyle.md\/?s={search_term_string}"},"query-input":{"@type":"PropertyValueSpecification","valueRequired":true,"valueName":"search_term_string"}}],"inLanguage":"ro-RO"},{"@type":"Organization","@id":"https:\/\/xstyle.md\/#organization","name":"Magazinul X-Style","alternateName":"x-style","url":"https:\/\/xstyle.md\/","logo":{"@type":"ImageObject","inLanguage":"ro-RO","@id":"https:\/\/xstyle.md\/#\/schema\/logo\/image\/","url":"https:\/\/xstyle.md\/wp-content\/uploads\/2020\/06\/logoicon.svg","contentUrl":"https:\/\/xstyle.md\/wp-content\/uploads\/2020\/06\/logoicon.svg","caption":"\u041c\u0430\u0433\u0430\u0437\u0438\u043d Xstyle"},"image":{"@id":"https:\/\/xstyle.md\/#\/schema\/logo\/image\/"},"sameAs":["https:\/\/www.facebook.com\/xstylemd","https:\/\/www.instagram.com\/xstyle_md\/","https:\/\/t.me\/xstyle_outdoor"],"hasMerchantReturnPolicy":{"@type":"MerchantReturnPolicy","merchantReturnLink":"https:\/\/xstyle.md\/ro\/conditions\/"}}]},"product_price_amount":"690.00","product_price_currency":"MDL","og_availability":"instock","product_availability":"instock","product_retailer_item_id":"7640144283087","product_condition":"new"},"post_mailing_queue_ids":[],"_links":{"self":[{"href":"https:\/\/xstyle.md\/ro\/wp-json\/wp\/v2\/product\/71497","targetHints":{"allow":["GET"]}}],"collection":[{"href":"https:\/\/xstyle.md\/ro\/wp-json\/wp\/v2\/product"}],"about":[{"href":"https:\/\/xstyle.md\/ro\/wp-json\/wp\/v2\/types\/product"}],"replies":[{"embeddable":true,"href":"https:\/\/xstyle.md\/ro\/wp-json\/wp\/v2\/comments?post=71497"}],"wp:featuredmedia":[{"embeddable":true,"href":"https:\/\/xstyle.md\/ro\/wp-json\/wp\/v2\/media\/71655"}],"wp:attachment":[{"href":"https:\/\/xstyle.md\/ro\/wp-json\/wp\/v2\/media?parent=71497"}],"wp:term":[{"taxonomy":"product_brand","embeddable":true,"href":"https:\/\/xstyle.md\/ro\/wp-json\/wp\/v2\/product_brand?post=71497"},{"taxonomy":"product_cat","embeddable":true,"href":"https:\/\/xstyle.md\/ro\/wp-json\/wp\/v2\/product_cat?post=71497"},{"taxonomy":"product_tag","embeddable":true,"href":"https:\/\/xstyle.md\/ro\/wp-json\/wp\/v2\/product_tag?post=71497"}],"curies":[{"name":"wp","href":"https:\/\/api.w.org\/{rel}","templated":true}]}}