{"id":7134,"date":"2020-07-16T22:23:38","date_gmt":"2020-07-16T19:23:38","guid":{"rendered":"https:\/\/xstyle.md\/product\/zaschita-dainese-waistcoat-soft-flex-lady"},"modified":"2026-03-19T16:33:47","modified_gmt":"2026-03-19T13:33:47","slug":"zaschita-dainese-waistcoat-soft-flex-lady","status":"publish","type":"product","link":"https:\/\/xstyle.md\/ro\/produs\/zaschita-dainese-waistcoat-soft-flex-lady\/","title":{"rendered":"Protec\u021bie Dainese Waistcoat Soft Flex Lady"},"content":{"rendered":"<\/p>\n<p><strong>Protec\u021bie Dainese Waistcoat Soft Flex Lady\u00a0&#8212;\u00a0<\/strong>\u00een form\u0103 de vest\u0103 confortabil\u0103 cu fermoar, care se adapteaz\u0103 la forma corpului. Vesta este realizat\u0103 din material elastic, care se \u00eentinde \u00een patru direc\u021bii \u0219i nu \u00eempiedic\u0103 libertatea de mi\u0219care, \u0219i este suplimentat cu o inser\u021bie Nidaplast\u00ae. Suprafa\u021ba perforat\u0103 a vestei efectueaz\u0103 func\u021bia de ventila\u021bie pentru a asigura temperatura optim\u0103 \u00een interior.<\/p>\n<p><strong>Caracteristici:<\/strong><\/p>\n<ul>\n<li>Materialul Crash Absorb\u00ae se adapteaz\u0103 la forma corpului.<\/li>\n<li>Inser\u021bia interioar\u0103 Nidaplast\u00ae absoarbe for\u021ba de \u0219oc<\/li>\n<li>Structura de protec\u021bie flexibil\u0103<\/li>\n<li>Articole siliconice elastice pe talie<\/li>\n<li>Suprafa\u021b\u0103 perforat\u0103 respirabil\u0103<\/li>\n<li>Fermoar pe centrul pieptului<\/li>\n<li>Curea ajustabil\u0103 deta\u0219abil\u0103<\/li>\n<li>Certificat conform EN 1621\/2.<\/li>\n<\/ul>\n<p><\/p>","protected":false},"excerpt":{"rendered":"<p>Protec\u021bie Dainese Waistcoat Soft Flex Lady<\/p>","protected":false},"featured_media":7133,"comment_status":"open","ping_status":"closed","template":"","meta":{"_acf_changed":false,"inline_featured_image":false},"product_brand":[1321],"product_cat":[401],"product_tag":[],"class_list":{"0":"post-7134","1":"product","2":"type-product","3":"status-publish","4":"has-post-thumbnail","6":"product_brand-dainese","7":"product_cat-ski-protection","9":"first","10":"instock","11":"shipping-taxable","12":"purchasable","13":"product-type-simple"},"acf":[],"yoast_head":"<!-- This site is optimized with the Yoast SEO plugin v27.4 - https:\/\/yoast.com\/product\/yoast-seo-wordpress\/ -->\n<title>\u0417\u0430\u0449\u0438\u0442\u0430 Dainese Waistcoat Soft Flex Lady - \u041c\u0430\u0433\u0430\u0437\u0438\u043d Xstyle<\/title>\n<meta name=\"description\" content=\"\u041a\u0443\u043f\u0438\u0442\u0435 \u0437\u0430\u0449\u0438\u0442\u043d\u044b\u0439 \u0436\u0438\u043b\u0435\u0442 Dainese Soft Flex Lady - \u0438\u0434\u0435\u0430\u043b\u044c\u043d\u044b\u0439 \u043a\u043e\u043c\u0444\u043e\u0440\u0442 \u0438 \u0437\u0430\u0449\u0438\u0442\u0430. \u042d\u043b\u0430\u0441\u0442\u0438\u0447\u043d\u044b\u0439 \u043c\u0430\u0442\u0435\u0440\u0438\u0430\u043b \u0438 \u0432\u0441\u0442\u0430\u0432\u043a\u0438 Nidaplast \u0434\u043b\u044f \u0441\u0432\u043e\u0431\u043e\u0434\u044b \u0434\u0432\u0438\u0436\u0435\u043d\u0438\u044f.\" \/>\n<meta name=\"robots\" content=\"index, follow, max-snippet:-1, max-image-preview:large, max-video-preview:-1\" \/>\n<link rel=\"canonical\" href=\"https:\/\/xstyle.md\/ro\/produs\/zaschita-dainese-waistcoat-soft-flex-lady\/\" \/>\n<meta property=\"og:locale\" content=\"ro_RO\" \/>\n<meta property=\"og:type\" content=\"article\" \/>\n<meta property=\"og:title\" content=\"\u0417\u0430\u0449\u0438\u0442\u0430 Dainese Waistcoat Soft Flex Lady - \u041c\u0430\u0433\u0430\u0437\u0438\u043d Xstyle\" \/>\n<meta property=\"og:description\" content=\"\u041a\u0443\u043f\u0438\u0442\u0435 \u0437\u0430\u0449\u0438\u0442\u043d\u044b\u0439 \u0436\u0438\u043b\u0435\u0442 Dainese Soft Flex Lady - \u0438\u0434\u0435\u0430\u043b\u044c\u043d\u044b\u0439 \u043a\u043e\u043c\u0444\u043e\u0440\u0442 \u0438 \u0437\u0430\u0449\u0438\u0442\u0430. \u042d\u043b\u0430\u0441\u0442\u0438\u0447\u043d\u044b\u0439 \u043c\u0430\u0442\u0435\u0440\u0438\u0430\u043b \u0438 \u0432\u0441\u0442\u0430\u0432\u043a\u0438 Nidaplast \u0434\u043b\u044f \u0441\u0432\u043e\u0431\u043e\u0434\u044b \u0434\u0432\u0438\u0436\u0435\u043d\u0438\u044f.\" \/>\n<meta property=\"og:url\" content=\"https:\/\/xstyle.md\/ro\/produs\/zaschita-dainese-waistcoat-soft-flex-lady\/\" \/>\n<meta property=\"og:site_name\" content=\"\u041c\u0430\u0433\u0430\u0437\u0438\u043d Xstyle\" \/>\n<meta property=\"article:publisher\" content=\"https:\/\/www.facebook.com\/xstylemd\" \/>\n<meta property=\"article:modified_time\" content=\"2026-03-19T13:33:47+00:00\" \/>\n<meta property=\"og:image\" content=\"https:\/\/xstyle.md\/wp-content\/uploads\/2020\/07\/dainese-waistcoat-soft-flex-fuchsia-purple-black-orange-glory.jpg\" \/>\n\t<meta property=\"og:image:width\" content=\"679\" \/>\n\t<meta property=\"og:image:height\" content=\"1000\" \/>\n\t<meta property=\"og:image:type\" content=\"image\/jpeg\" \/>\n<meta name=\"twitter:card\" content=\"summary_large_image\" \/>\n<meta name=\"twitter:label1\" content=\"Pre\u021b\" \/>\n\t<meta name=\"twitter:data1\" content=\"3.790&nbsp;MDL\" \/>\n\t<meta name=\"twitter:label2\" content=\"Disponibilitate\" \/>\n\t<meta name=\"twitter:data2\" content=\"\u00cen stoc\" \/>\n<script type=\"application\/ld+json\" class=\"yoast-schema-graph\">{\"@context\":\"https:\\\/\\\/schema.org\",\"@graph\":[{\"@type\":\"WebPage\",\"@id\":\"https:\\\/\\\/xstyle.md\\\/product\\\/zaschita-dainese-waistcoat-soft-flex-lady\\\/\",\"url\":\"https:\\\/\\\/xstyle.md\\\/product\\\/zaschita-dainese-waistcoat-soft-flex-lady\\\/\",\"name\":\"\u0417\u0430\u0449\u0438\u0442\u0430 Dainese Waistcoat Soft Flex Lady - \u041c\u0430\u0433\u0430\u0437\u0438\u043d Xstyle\",\"isPartOf\":{\"@id\":\"https:\\\/\\\/xstyle.md\\\/#website\"},\"primaryImageOfPage\":{\"@id\":\"https:\\\/\\\/xstyle.md\\\/product\\\/zaschita-dainese-waistcoat-soft-flex-lady\\\/#primaryimage\"},\"image\":{\"@id\":\"https:\\\/\\\/xstyle.md\\\/product\\\/zaschita-dainese-waistcoat-soft-flex-lady\\\/#primaryimage\"},\"thumbnailUrl\":\"https:\\\/\\\/xstyle.md\\\/wp-content\\\/uploads\\\/2020\\\/07\\\/dainese-waistcoat-soft-flex-fuchsia-purple-black-orange-glory.jpg\",\"datePublished\":\"2020-07-16T19:23:38+00:00\",\"dateModified\":\"2026-03-19T13:33:47+00:00\",\"description\":\"\u041a\u0443\u043f\u0438\u0442\u0435 \u0437\u0430\u0449\u0438\u0442\u043d\u044b\u0439 \u0436\u0438\u043b\u0435\u0442 Dainese Soft Flex Lady - \u0438\u0434\u0435\u0430\u043b\u044c\u043d\u044b\u0439 \u043a\u043e\u043c\u0444\u043e\u0440\u0442 \u0438 \u0437\u0430\u0449\u0438\u0442\u0430. \u042d\u043b\u0430\u0441\u0442\u0438\u0447\u043d\u044b\u0439 \u043c\u0430\u0442\u0435\u0440\u0438\u0430\u043b \u0438 \u0432\u0441\u0442\u0430\u0432\u043a\u0438 Nidaplast \u0434\u043b\u044f \u0441\u0432\u043e\u0431\u043e\u0434\u044b \u0434\u0432\u0438\u0436\u0435\u043d\u0438\u044f.\",\"breadcrumb\":{\"@id\":\"https:\\\/\\\/xstyle.md\\\/product\\\/zaschita-dainese-waistcoat-soft-flex-lady\\\/#breadcrumb\"},\"inLanguage\":\"ro-RO\",\"potentialAction\":[{\"@type\":\"ReadAction\",\"target\":[\"https:\\\/\\\/xstyle.md\\\/product\\\/zaschita-dainese-waistcoat-soft-flex-lady\\\/\"]}]},{\"@type\":\"ImageObject\",\"inLanguage\":\"ro-RO\",\"@id\":\"https:\\\/\\\/xstyle.md\\\/product\\\/zaschita-dainese-waistcoat-soft-flex-lady\\\/#primaryimage\",\"url\":\"https:\\\/\\\/xstyle.md\\\/wp-content\\\/uploads\\\/2020\\\/07\\\/dainese-waistcoat-soft-flex-fuchsia-purple-black-orange-glory.jpg\",\"contentUrl\":\"https:\\\/\\\/xstyle.md\\\/wp-content\\\/uploads\\\/2020\\\/07\\\/dainese-waistcoat-soft-flex-fuchsia-purple-black-orange-glory.jpg\",\"width\":679,\"height\":1000},{\"@type\":\"BreadcrumbList\",\"@id\":\"https:\\\/\\\/xstyle.md\\\/product\\\/zaschita-dainese-waistcoat-soft-flex-lady\\\/#breadcrumb\",\"itemListElement\":[{\"@type\":\"ListItem\",\"position\":1,\"name\":\"\u0413\u043b\u0430\u0432\u043d\u0430\u044f \u0441\u0442\u0440\u0430\u043d\u0438\u0446\u0430\",\"item\":\"https:\\\/\\\/xstyle.md\\\/\"},{\"@type\":\"ListItem\",\"position\":2,\"name\":\"\u041c\u0430\u0433\u0430\u0437\u0438\u043d\",\"item\":\"https:\\\/\\\/xstyle.md\\\/shop\\\/\"},{\"@type\":\"ListItem\",\"position\":3,\"name\":\"\u0417\u0430\u0449\u0438\u0442\u0430 Dainese Waistcoat Soft Flex Lady\"}]},{\"@type\":\"WebSite\",\"@id\":\"https:\\\/\\\/xstyle.md\\\/#website\",\"url\":\"https:\\\/\\\/xstyle.md\\\/\",\"name\":\"\u041c\u0430\u0433\u0430\u0437\u0438\u043d Xstyle\",\"description\":\"C\u043d\u0430\u0440\u044f\u0436\u0435\u043d\u0438\u0435 \u0434\u043b\u044f \u0442\u0443\u0440\u0438\u0437\u043c\u0430 \u0438 \u044d\u043a\u0441\u0442\u0440\u0435\u043c\u0430\u043b\u044c\u043d\u044b\u0445 \u0432\u0438\u0434\u043e\u0432 \u0441\u043f\u043e\u0440\u0442\u0430 \u0432 \u041c\u043e\u043b\u0434\u043e\u0432\u0435.. \u0426\u0435\u043d\u044b, \u0444\u043e\u0442\u043e, \u0445\u0430\u0440\u0430\u043a\u0442\u0435\u0440\u0438\u0441\u0442\u0438\u043a\u0438 \u0432 \u041c\u043e\u043b\u0434\u043e\u0432\u0435.\",\"publisher\":{\"@id\":\"https:\\\/\\\/xstyle.md\\\/#organization\"},\"alternateName\":\"X-Style\",\"potentialAction\":[{\"@type\":\"SearchAction\",\"target\":{\"@type\":\"EntryPoint\",\"urlTemplate\":\"https:\\\/\\\/xstyle.md\\\/?s={search_term_string}\"},\"query-input\":{\"@type\":\"PropertyValueSpecification\",\"valueRequired\":true,\"valueName\":\"search_term_string\"}}],\"inLanguage\":\"ro-RO\"},{\"@type\":\"Organization\",\"@id\":\"https:\\\/\\\/xstyle.md\\\/#organization\",\"name\":\"\u041c\u0430\u0433\u0430\u0437\u0438\u043d Xstyle\",\"alternateName\":\"x-style\",\"url\":\"https:\\\/\\\/xstyle.md\\\/\",\"logo\":{\"@type\":\"ImageObject\",\"inLanguage\":\"ro-RO\",\"@id\":\"https:\\\/\\\/xstyle.md\\\/#\\\/schema\\\/logo\\\/image\\\/\",\"url\":\"https:\\\/\\\/xstyle.md\\\/wp-content\\\/uploads\\\/2020\\\/06\\\/logoicon.svg\",\"contentUrl\":\"https:\\\/\\\/xstyle.md\\\/wp-content\\\/uploads\\\/2020\\\/06\\\/logoicon.svg\",\"caption\":\"\u041c\u0430\u0433\u0430\u0437\u0438\u043d Xstyle\"},\"image\":{\"@id\":\"https:\\\/\\\/xstyle.md\\\/#\\\/schema\\\/logo\\\/image\\\/\"},\"sameAs\":[\"https:\\\/\\\/www.facebook.com\\\/xstylemd\",\"https:\\\/\\\/www.instagram.com\\\/xstyle_md\\\/\",\"https:\\\/\\\/t.me\\\/xstyle_outdoor\"],\"hasMerchantReturnPolicy\":{\"@type\":\"MerchantReturnPolicy\",\"merchantReturnLink\":\"https:\\\/\\\/xstyle.md\\\/ro\\\/conditions\\\/\"}}]}<\/script>\n<meta property=\"product:price:amount\" content=\"3790.00\" \/>\n<meta property=\"product:price:currency\" content=\"MDL\" \/>\n<meta property=\"og:availability\" content=\"instock\" \/>\n<meta property=\"product:availability\" content=\"instock\" \/>\n<meta property=\"product:retailer_item_id\" content=\"8052644340518\" \/>\n<meta property=\"product:condition\" content=\"new\" \/>\n<!-- \/ Yoast SEO plugin. -->","yoast_head_json":{"title":"Protec\u021bie Dainese Waistcoat Soft Flex Lady - Magazin Xstyle","description":"Cump\u0103ra\u021bi vesta de protec\u021bie Dainese Soft Flex Lady - confort \u0219i protec\u021bie ideale. Materialul elastic \u0219i inser\u021biile Nidaplast ofer\u0103 libertate de mi\u0219care.","robots":{"index":"index","follow":"follow","max-snippet":"max-snippet:-1","max-image-preview":"max-image-preview:large","max-video-preview":"max-video-preview:-1"},"canonical":"https:\/\/xstyle.md\/ro\/produs\/zaschita-dainese-waistcoat-soft-flex-lady\/","og_locale":"ro_RO","og_type":"article","og_title":"\u0417\u0430\u0449\u0438\u0442\u0430 Dainese Waistcoat Soft Flex Lady - \u041c\u0430\u0433\u0430\u0437\u0438\u043d Xstyle","og_description":"\u041a\u0443\u043f\u0438\u0442\u0435 \u0437\u0430\u0449\u0438\u0442\u043d\u044b\u0439 \u0436\u0438\u043b\u0435\u0442 Dainese Soft Flex Lady - \u0438\u0434\u0435\u0430\u043b\u044c\u043d\u044b\u0439 \u043a\u043e\u043c\u0444\u043e\u0440\u0442 \u0438 \u0437\u0430\u0449\u0438\u0442\u0430. \u042d\u043b\u0430\u0441\u0442\u0438\u0447\u043d\u044b\u0439 \u043c\u0430\u0442\u0435\u0440\u0438\u0430\u043b \u0438 \u0432\u0441\u0442\u0430\u0432\u043a\u0438 Nidaplast \u0434\u043b\u044f \u0441\u0432\u043e\u0431\u043e\u0434\u044b \u0434\u0432\u0438\u0436\u0435\u043d\u0438\u044f.","og_url":"https:\/\/xstyle.md\/ro\/produs\/zaschita-dainese-waistcoat-soft-flex-lady\/","og_site_name":"\u041c\u0430\u0433\u0430\u0437\u0438\u043d Xstyle","article_publisher":"https:\/\/www.facebook.com\/xstylemd","article_modified_time":"2026-03-19T13:33:47+00:00","og_image":[{"width":679,"height":1000,"url":"https:\/\/xstyle.md\/wp-content\/uploads\/2020\/07\/dainese-waistcoat-soft-flex-fuchsia-purple-black-orange-glory.jpg","type":"image\/jpeg"}],"twitter_card":"summary_large_image","twitter_misc":{"Pre\u021b":"3.790&nbsp;MDL","Disponibilitate":"\u00cen stoc"},"schema":{"@context":"https:\/\/schema.org","@graph":[{"@type":"WebPage","@id":"https:\/\/xstyle.md\/product\/zaschita-dainese-waistcoat-soft-flex-lady\/","url":"https:\/\/xstyle.md\/product\/zaschita-dainese-waistcoat-soft-flex-lady\/","name":"Protec\u021bie Dainese Waistcoat Soft Flex Lady - Magazin Xstyle","isPartOf":{"@id":"https:\/\/xstyle.md\/#website"},"primaryImageOfPage":{"@id":"https:\/\/xstyle.md\/product\/zaschita-dainese-waistcoat-soft-flex-lady\/#primaryimage"},"image":{"@id":"https:\/\/xstyle.md\/product\/zaschita-dainese-waistcoat-soft-flex-lady\/#primaryimage"},"thumbnailUrl":"https:\/\/xstyle.md\/wp-content\/uploads\/2020\/07\/dainese-waistcoat-soft-flex-fuchsia-purple-black-orange-glory.jpg","datePublished":"2020-07-16T19:23:38+00:00","dateModified":"2026-03-19T13:33:47+00:00","description":"Cump\u0103ra\u021bi vesta de protec\u021bie Dainese Soft Flex Lady - confort \u0219i protec\u021bie ideale. Materialul elastic \u0219i inser\u021biile Nidaplast ofer\u0103 libertate de mi\u0219care.","breadcrumb":{"@id":"https:\/\/xstyle.md\/product\/zaschita-dainese-waistcoat-soft-flex-lady\/#breadcrumb"},"inLanguage":"ro-RO","potentialAction":[{"@type":"ReadAction","target":["https:\/\/xstyle.md\/product\/zaschita-dainese-waistcoat-soft-flex-lady\/"]}]},{"@type":"ImageObject","inLanguage":"ro-RO","@id":"https:\/\/xstyle.md\/product\/zaschita-dainese-waistcoat-soft-flex-lady\/#primaryimage","url":"https:\/\/xstyle.md\/wp-content\/uploads\/2020\/07\/dainese-waistcoat-soft-flex-fuchsia-purple-black-orange-glory.jpg","contentUrl":"https:\/\/xstyle.md\/wp-content\/uploads\/2020\/07\/dainese-waistcoat-soft-flex-fuchsia-purple-black-orange-glory.jpg","width":679,"height":1000},{"@type":"BreadcrumbList","@id":"https:\/\/xstyle.md\/product\/zaschita-dainese-waistcoat-soft-flex-lady\/#breadcrumb","itemListElement":[{"@type":"ListItem","position":1,"name":"\u0413\u043b\u0430\u0432\u043d\u0430\u044f \u0441\u0442\u0440\u0430\u043d\u0438\u0446\u0430","item":"https:\/\/xstyle.md\/"},{"@type":"ListItem","position":2,"name":"\u041c\u0430\u0433\u0430\u0437\u0438\u043d","item":"https:\/\/xstyle.md\/shop\/"},{"@type":"ListItem","position":3,"name":"\u0417\u0430\u0449\u0438\u0442\u0430 Dainese Waistcoat Soft Flex Lady"}]},{"@type":"WebSite","@id":"https:\/\/xstyle.md\/#website","url":"https:\/\/xstyle.md\/","name":"Magazinul X-Style","description":"Echipamente pentru turism \u0219i sporturi extreme \u00een Moldova. Pre\u021buri, fotografii, caracteristici \u00een Moldova.","publisher":{"@id":"https:\/\/xstyle.md\/#organization"},"alternateName":"X-Style","potentialAction":[{"@type":"SearchAction","target":{"@type":"EntryPoint","urlTemplate":"https:\/\/xstyle.md\/?s={search_term_string}"},"query-input":{"@type":"PropertyValueSpecification","valueRequired":true,"valueName":"search_term_string"}}],"inLanguage":"ro-RO"},{"@type":"Organization","@id":"https:\/\/xstyle.md\/#organization","name":"Magazinul X-Style","alternateName":"x-style","url":"https:\/\/xstyle.md\/","logo":{"@type":"ImageObject","inLanguage":"ro-RO","@id":"https:\/\/xstyle.md\/#\/schema\/logo\/image\/","url":"https:\/\/xstyle.md\/wp-content\/uploads\/2020\/06\/logoicon.svg","contentUrl":"https:\/\/xstyle.md\/wp-content\/uploads\/2020\/06\/logoicon.svg","caption":"\u041c\u0430\u0433\u0430\u0437\u0438\u043d Xstyle"},"image":{"@id":"https:\/\/xstyle.md\/#\/schema\/logo\/image\/"},"sameAs":["https:\/\/www.facebook.com\/xstylemd","https:\/\/www.instagram.com\/xstyle_md\/","https:\/\/t.me\/xstyle_outdoor"],"hasMerchantReturnPolicy":{"@type":"MerchantReturnPolicy","merchantReturnLink":"https:\/\/xstyle.md\/ro\/conditions\/"}}]},"product_price_amount":"3790.00","product_price_currency":"MDL","og_availability":"instock","product_availability":"instock","product_retailer_item_id":"8052644340518","product_condition":"new"},"_links":{"self":[{"href":"https:\/\/xstyle.md\/ro\/wp-json\/wp\/v2\/product\/7134","targetHints":{"allow":["GET"]}}],"collection":[{"href":"https:\/\/xstyle.md\/ro\/wp-json\/wp\/v2\/product"}],"about":[{"href":"https:\/\/xstyle.md\/ro\/wp-json\/wp\/v2\/types\/product"}],"replies":[{"embeddable":true,"href":"https:\/\/xstyle.md\/ro\/wp-json\/wp\/v2\/comments?post=7134"}],"wp:featuredmedia":[{"embeddable":true,"href":"https:\/\/xstyle.md\/ro\/wp-json\/wp\/v2\/media\/7133"}],"wp:attachment":[{"href":"https:\/\/xstyle.md\/ro\/wp-json\/wp\/v2\/media?parent=7134"}],"wp:term":[{"taxonomy":"product_brand","embeddable":true,"href":"https:\/\/xstyle.md\/ro\/wp-json\/wp\/v2\/product_brand?post=7134"},{"taxonomy":"product_cat","embeddable":true,"href":"https:\/\/xstyle.md\/ro\/wp-json\/wp\/v2\/product_cat?post=7134"},{"taxonomy":"product_tag","embeddable":true,"href":"https:\/\/xstyle.md\/ro\/wp-json\/wp\/v2\/product_tag?post=7134"}],"curies":[{"name":"wp","href":"https:\/\/api.w.org\/{rel}","templated":true}]}}