{"id":708,"date":"2020-07-16T15:48:15","date_gmt":"2020-07-16T12:48:15","guid":{"rendered":"https:\/\/xstyle.md\/product\/zazhim-petzl-croll"},"modified":"2025-05-29T11:56:58","modified_gmt":"2025-05-29T08:56:58","slug":"zazhim-petzl-croll","status":"publish","type":"product","link":"https:\/\/xstyle.md\/ro\/produs\/zazhim-petzl-croll\/","title":{"rendered":"Blocator Petzl Croll"},"content":{"rendered":"<\/p>\n<p><strong>Blocator Petzl Croll<\/strong> &#8212; nu are rival \u00een ceea ce prive\u0219te eficien\u021ba sa. Folosirea clemei CROLL \u00eempreun\u0103 cu hamul de piept \u0219i clema ASCENSION sau BASIC creeaz\u0103 un sistem simplu \u0219i eficient pentru c\u0103\u021b\u0103rarea pe o coard\u0103 fix\u0103. CROLL actualizat\u0103 este mai u\u0219oar\u0103, mai compact\u0103 \u0219i mai durabil\u0103 dec\u00e2t predecesoarea sa.<\/p>\n<h3>Particularit\u0103\u021bi<\/h3>\n<p><strong>Eficient \u0219i u\u0219or de utilizat:\u00a0<\/strong><\/p>\n<ul>\n<li>utilizat cu clemele de c\u0103\u021b\u0103rare pe fr\u00e2nghie BASIC sau ASCENSION<\/li>\n<li>gaura de jos este \u00eenclinat\u0103 pentru a men\u021bine clema \u00een pozi\u021bia corect\u0103, paralel\u0103 cu pieptul.<\/li>\n<li>orificiul superior este conceput pentru fixarea suportului TORSE pentru a men\u021bine clema \u00een pozi\u021bie de lucru.<\/li>\n<li>camele este u\u0219or \u0219i simplu de deschis cu o singur\u0103 m\u00e2n\u0103<\/li>\n<\/ul>\n<p><strong>Durabilitate crescut\u0103:\u00a0<\/strong><\/p>\n<ul>\n<li>rezisten\u021b\u0103 ridicat\u0103 la coroziune<\/li>\n<li>zona de contact a cablului este \u00eent\u0103rit\u0103 suplimentar cu o plac\u0103 de o\u021bel<\/li>\n<\/ul>\n<p><strong>Adaptat pentru utilizare intensiv\u0103 \u00een speologie:\u00a0<\/strong><\/p>\n<ul>\n<li>clema este compatibil\u0103 cu fr\u00e2nghii cu diametrul de la 8 la 11 mm<\/li>\n<li>u\u0219or, doar 85 de grame<\/li>\n<li>came din o\u021bel inoxidabil cu din\u021bi \u00eenclina\u021bi \u0219i o fant\u0103 de autocur\u0103\u021bare asigur\u0103 o fixare sigur\u0103 chiar \u0219i pe fr\u00e2nghia murdar\u0103 \u0219i \u00eenghe\u021bat\u0103.<\/li>\n<\/ul>\n<h3>Caracteristici<\/h3>\n<ul>\n<li>Greutate &#8212; 85 g<\/li>\n<li>Diametrul fr\u00e2nghiei &#8212; de la 8 la 11 mm<\/li>\n<li>Materiale &#8212; corp din aluminiu, came din o\u021bel cromat, z\u0103vor\u00e2re din nailon<\/li>\n<li>Certificate &#8212; CE EN 567, UIAA<\/li>\n<\/ul>\n<h3>Marca<\/h3>\n<p>PETZL este un brand de renume mondial care produce echipamente specializate pentru alpinism, speologie, escalad\u0103 \u0219i alpinism industrial. Compania a fost fondat\u0103 de Fernand Petzel, un om pasionat de speologie de o via\u021b\u0103 \u00eentreag\u0103. La mijlocul anilor 1970, pasiunea sa \u0219i afacerea de familie au crescut \u00een ceva mai mult. Fernand a \u00eenceput s\u0103 modifice dispozitivele existente folosite \u00een speologie \u0219i apoi s\u0103 inventeze unele complet noi.<\/p>\n<p>Gama de produse a companiei s-a extins pentru a include iluminatul, deoarece \u00een \u00eentunericul pe\u0219terilor acesta este unul dintre cele mai importante echipamente necesare. Dup\u0103 speologie, PETZL a creat echipamente pentru alpini\u0219ti \u0219i alpini\u0219ti, iar mai t\u00e2rziu pentru lucrul la \u00een\u0103l\u021bime.<\/p>\n<p>Misiunea PETZL este de a crea instrumente inovatoare care s\u0103 le permit\u0103 b\u0103rba\u021bilor \u0219i femeilor s\u0103 ating\u0103 noi \u00een\u0103l\u021bimi pe vertical\u0103 \u0219i s\u0103 lumineze drumul \u00een \u00eentuneric. Compania se afl\u0103 \u00eentr-o c\u0103utare continu\u0103 a celei mai bune solu\u021bii \u00een toate domeniile de activitate. Performan\u021ba, ergonomia, confortul \u0219i, cel mai important, siguran\u021ba sunt cele mai importante criterii \u00een aceast\u0103 c\u0103utare. Accesul la ceea ce este inaccesibil sau &#171;atingerea a ceea ce este de neatins&#187; este motto-ul s\u0103u de lung\u0103 durat\u0103.<\/p>\n<p><\/p>","protected":false},"excerpt":{"rendered":"<p>Blocator Petzl Croll<\/p>","protected":false},"featured_media":707,"comment_status":"open","ping_status":"closed","template":"","meta":{"_acf_changed":false,"inline_featured_image":false},"product_brand":[1270],"product_cat":[100,101],"product_tag":[],"class_list":{"0":"post-708","1":"product","2":"type-product","3":"status-publish","4":"has-post-thumbnail","6":"product_brand-petzl","7":"product_cat-clips","8":"product_cat-clamps","10":"first","11":"instock","12":"shipping-taxable","13":"purchasable","14":"product-type-simple"},"acf":[],"yoast_head":"<!-- This site is optimized with the Yoast SEO plugin v27.4 - https:\/\/yoast.com\/product\/yoast-seo-wordpress\/ -->\n<title>\u0413\u0440\u0443\u0434\u043d\u043e\u0439 \u0437\u0430\u0436\u0438\u043c Petzl Croll S - \u041c\u0430\u0433\u0430\u0437\u0438\u043d Xstyle<\/title>\n<meta name=\"description\" content=\"\u041f\u0435\u0442\u0446\u043b\u044c \u0413\u0440\u0443\u0434\u043d\u043e\u0439 \u0437\u0430\u0436\u0438\u043c Croll S \u2013 \u0438\u0434\u0435\u0430\u043b\u044c\u043d\u044b\u0439 \u0438\u043d\u0441\u0442\u0440\u0443\u043c\u0435\u043d\u0442 \u0434\u043b\u044f \u044d\u0444\u0444\u0435\u043a\u0442\u0438\u0432\u043d\u043e\u0433\u043e \u0432\u043e\u0441\u0445\u043e\u0436\u0434\u0435\u043d\u0438\u044f. \u041b\u0435\u0433\u043a\u0438\u0439 \u0438 \u043a\u043e\u043c\u043f\u0430\u043a\u0442\u043d\u044b\u0439, \u043e\u0431\u0435\u0441\u043f\u0435\u0447\u0438\u0442 \u0432\u0430\u0448\u0443 \u0431\u0435\u0437\u043e\u043f\u0430\u0441\u043d\u043e\u0441\u0442\u044c \u043d\u0430 \u0432\u044b\u0441\u043e\u0442\u0435.\" \/>\n<meta name=\"robots\" content=\"index, follow, max-snippet:-1, max-image-preview:large, max-video-preview:-1\" \/>\n<link rel=\"canonical\" href=\"https:\/\/xstyle.md\/ro\/produs\/zazhim-petzl-croll\/\" \/>\n<meta property=\"og:locale\" content=\"ro_RO\" \/>\n<meta property=\"og:type\" content=\"article\" \/>\n<meta property=\"og:title\" content=\"\u0413\u0440\u0443\u0434\u043d\u043e\u0439 \u0437\u0430\u0436\u0438\u043c Petzl Croll S - \u041c\u0430\u0433\u0430\u0437\u0438\u043d Xstyle\" \/>\n<meta property=\"og:description\" content=\"\u041f\u0435\u0442\u0446\u043b\u044c \u0413\u0440\u0443\u0434\u043d\u043e\u0439 \u0437\u0430\u0436\u0438\u043c Croll S \u2013 \u0438\u0434\u0435\u0430\u043b\u044c\u043d\u044b\u0439 \u0438\u043d\u0441\u0442\u0440\u0443\u043c\u0435\u043d\u0442 \u0434\u043b\u044f \u044d\u0444\u0444\u0435\u043a\u0442\u0438\u0432\u043d\u043e\u0433\u043e \u0432\u043e\u0441\u0445\u043e\u0436\u0434\u0435\u043d\u0438\u044f. \u041b\u0435\u0433\u043a\u0438\u0439 \u0438 \u043a\u043e\u043c\u043f\u0430\u043a\u0442\u043d\u044b\u0439, \u043e\u0431\u0435\u0441\u043f\u0435\u0447\u0438\u0442 \u0432\u0430\u0448\u0443 \u0431\u0435\u0437\u043e\u043f\u0430\u0441\u043d\u043e\u0441\u0442\u044c \u043d\u0430 \u0432\u044b\u0441\u043e\u0442\u0435.\" \/>\n<meta property=\"og:url\" content=\"https:\/\/xstyle.md\/ro\/produs\/zazhim-petzl-croll\/\" \/>\n<meta property=\"og:site_name\" content=\"\u041c\u0430\u0433\u0430\u0437\u0438\u043d Xstyle\" \/>\n<meta property=\"article:publisher\" content=\"https:\/\/www.facebook.com\/xstylemd\" \/>\n<meta property=\"article:modified_time\" content=\"2025-05-29T08:56:58+00:00\" \/>\n<meta property=\"og:image\" content=\"https:\/\/xstyle.md\/wp-content\/uploads\/2020\/07\/croll.jpg\" \/>\n\t<meta property=\"og:image:width\" content=\"200\" \/>\n\t<meta property=\"og:image:height\" content=\"247\" \/>\n\t<meta property=\"og:image:type\" content=\"image\/jpeg\" \/>\n<meta name=\"twitter:card\" content=\"summary_large_image\" \/>\n<meta name=\"twitter:label1\" content=\"Pre\u021b\" \/>\n\t<meta name=\"twitter:data1\" content=\"1.250&nbsp;MDL\" \/>\n\t<meta name=\"twitter:label2\" content=\"Disponibilitate\" \/>\n\t<meta name=\"twitter:data2\" content=\"\u00cen stoc\" \/>\n<script type=\"application\/ld+json\" class=\"yoast-schema-graph\">{\"@context\":\"https:\\\/\\\/schema.org\",\"@graph\":[{\"@type\":\"WebPage\",\"@id\":\"https:\\\/\\\/xstyle.md\\\/product\\\/zazhim-petzl-croll\\\/\",\"url\":\"https:\\\/\\\/xstyle.md\\\/product\\\/zazhim-petzl-croll\\\/\",\"name\":\"\u0413\u0440\u0443\u0434\u043d\u043e\u0439 \u0437\u0430\u0436\u0438\u043c Petzl Croll S - \u041c\u0430\u0433\u0430\u0437\u0438\u043d Xstyle\",\"isPartOf\":{\"@id\":\"https:\\\/\\\/xstyle.md\\\/#website\"},\"primaryImageOfPage\":{\"@id\":\"https:\\\/\\\/xstyle.md\\\/product\\\/zazhim-petzl-croll\\\/#primaryimage\"},\"image\":{\"@id\":\"https:\\\/\\\/xstyle.md\\\/product\\\/zazhim-petzl-croll\\\/#primaryimage\"},\"thumbnailUrl\":\"https:\\\/\\\/xstyle.md\\\/wp-content\\\/uploads\\\/2020\\\/07\\\/croll.jpg\",\"datePublished\":\"2020-07-16T12:48:15+00:00\",\"dateModified\":\"2025-05-29T08:56:58+00:00\",\"description\":\"\u041f\u0435\u0442\u0446\u043b\u044c \u0413\u0440\u0443\u0434\u043d\u043e\u0439 \u0437\u0430\u0436\u0438\u043c Croll S \u2013 \u0438\u0434\u0435\u0430\u043b\u044c\u043d\u044b\u0439 \u0438\u043d\u0441\u0442\u0440\u0443\u043c\u0435\u043d\u0442 \u0434\u043b\u044f \u044d\u0444\u0444\u0435\u043a\u0442\u0438\u0432\u043d\u043e\u0433\u043e \u0432\u043e\u0441\u0445\u043e\u0436\u0434\u0435\u043d\u0438\u044f. \u041b\u0435\u0433\u043a\u0438\u0439 \u0438 \u043a\u043e\u043c\u043f\u0430\u043a\u0442\u043d\u044b\u0439, \u043e\u0431\u0435\u0441\u043f\u0435\u0447\u0438\u0442 \u0432\u0430\u0448\u0443 \u0431\u0435\u0437\u043e\u043f\u0430\u0441\u043d\u043e\u0441\u0442\u044c \u043d\u0430 \u0432\u044b\u0441\u043e\u0442\u0435.\",\"breadcrumb\":{\"@id\":\"https:\\\/\\\/xstyle.md\\\/product\\\/zazhim-petzl-croll\\\/#breadcrumb\"},\"inLanguage\":\"ro-RO\",\"potentialAction\":[{\"@type\":\"ReadAction\",\"target\":[\"https:\\\/\\\/xstyle.md\\\/product\\\/zazhim-petzl-croll\\\/\"]}]},{\"@type\":\"ImageObject\",\"inLanguage\":\"ro-RO\",\"@id\":\"https:\\\/\\\/xstyle.md\\\/product\\\/zazhim-petzl-croll\\\/#primaryimage\",\"url\":\"https:\\\/\\\/xstyle.md\\\/wp-content\\\/uploads\\\/2020\\\/07\\\/croll.jpg\",\"contentUrl\":\"https:\\\/\\\/xstyle.md\\\/wp-content\\\/uploads\\\/2020\\\/07\\\/croll.jpg\",\"width\":200,\"height\":247},{\"@type\":\"BreadcrumbList\",\"@id\":\"https:\\\/\\\/xstyle.md\\\/product\\\/zazhim-petzl-croll\\\/#breadcrumb\",\"itemListElement\":[{\"@type\":\"ListItem\",\"position\":1,\"name\":\"\u0413\u043b\u0430\u0432\u043d\u0430\u044f \u0441\u0442\u0440\u0430\u043d\u0438\u0446\u0430\",\"item\":\"https:\\\/\\\/xstyle.md\\\/\"},{\"@type\":\"ListItem\",\"position\":2,\"name\":\"\u041c\u0430\u0433\u0430\u0437\u0438\u043d\",\"item\":\"https:\\\/\\\/xstyle.md\\\/shop\\\/\"},{\"@type\":\"ListItem\",\"position\":3,\"name\":\"\u0413\u0440\u0443\u0434\u043d\u043e\u0439 \u0437\u0430\u0436\u0438\u043c Petzl Croll S\"}]},{\"@type\":\"WebSite\",\"@id\":\"https:\\\/\\\/xstyle.md\\\/#website\",\"url\":\"https:\\\/\\\/xstyle.md\\\/\",\"name\":\"\u041c\u0430\u0433\u0430\u0437\u0438\u043d Xstyle\",\"description\":\"C\u043d\u0430\u0440\u044f\u0436\u0435\u043d\u0438\u0435 \u0434\u043b\u044f \u0442\u0443\u0440\u0438\u0437\u043c\u0430 \u0438 \u044d\u043a\u0441\u0442\u0440\u0435\u043c\u0430\u043b\u044c\u043d\u044b\u0445 \u0432\u0438\u0434\u043e\u0432 \u0441\u043f\u043e\u0440\u0442\u0430 \u0432 \u041c\u043e\u043b\u0434\u043e\u0432\u0435.. \u0426\u0435\u043d\u044b, \u0444\u043e\u0442\u043e, \u0445\u0430\u0440\u0430\u043a\u0442\u0435\u0440\u0438\u0441\u0442\u0438\u043a\u0438 \u0432 \u041c\u043e\u043b\u0434\u043e\u0432\u0435.\",\"publisher\":{\"@id\":\"https:\\\/\\\/xstyle.md\\\/#organization\"},\"alternateName\":\"X-Style\",\"potentialAction\":[{\"@type\":\"SearchAction\",\"target\":{\"@type\":\"EntryPoint\",\"urlTemplate\":\"https:\\\/\\\/xstyle.md\\\/?s={search_term_string}\"},\"query-input\":{\"@type\":\"PropertyValueSpecification\",\"valueRequired\":true,\"valueName\":\"search_term_string\"}}],\"inLanguage\":\"ro-RO\"},{\"@type\":\"Organization\",\"@id\":\"https:\\\/\\\/xstyle.md\\\/#organization\",\"name\":\"\u041c\u0430\u0433\u0430\u0437\u0438\u043d Xstyle\",\"alternateName\":\"x-style\",\"url\":\"https:\\\/\\\/xstyle.md\\\/\",\"logo\":{\"@type\":\"ImageObject\",\"inLanguage\":\"ro-RO\",\"@id\":\"https:\\\/\\\/xstyle.md\\\/#\\\/schema\\\/logo\\\/image\\\/\",\"url\":\"https:\\\/\\\/xstyle.md\\\/wp-content\\\/uploads\\\/2020\\\/06\\\/logoicon.svg\",\"contentUrl\":\"https:\\\/\\\/xstyle.md\\\/wp-content\\\/uploads\\\/2020\\\/06\\\/logoicon.svg\",\"caption\":\"\u041c\u0430\u0433\u0430\u0437\u0438\u043d Xstyle\"},\"image\":{\"@id\":\"https:\\\/\\\/xstyle.md\\\/#\\\/schema\\\/logo\\\/image\\\/\"},\"sameAs\":[\"https:\\\/\\\/www.facebook.com\\\/xstylemd\",\"https:\\\/\\\/www.instagram.com\\\/xstyle_md\\\/\",\"https:\\\/\\\/t.me\\\/xstyle_outdoor\"],\"hasMerchantReturnPolicy\":{\"@type\":\"MerchantReturnPolicy\",\"merchantReturnLink\":\"https:\\\/\\\/xstyle.md\\\/ro\\\/conditions\\\/\"}}]}<\/script>\n<meta property=\"product:price:amount\" content=\"1250.00\" \/>\n<meta property=\"product:price:currency\" content=\"MDL\" \/>\n<meta property=\"og:availability\" content=\"instock\" \/>\n<meta property=\"product:availability\" content=\"instock\" \/>\n<meta property=\"product:retailer_item_id\" content=\"3342540094307\" \/>\n<meta property=\"product:condition\" content=\"new\" \/>\n<!-- \/ Yoast SEO plugin. -->","yoast_head_json":{"title":"Blocator Petzl Croll - Magazin Xstyle","description":"Petzl Croll S - dispozitivul ideal pentru ascensiuni eficiente. U\u0219or \u0219i compact, v\u0103 va asigura siguran\u021ba la \u00een\u0103l\u021bime.","robots":{"index":"index","follow":"follow","max-snippet":"max-snippet:-1","max-image-preview":"max-image-preview:large","max-video-preview":"max-video-preview:-1"},"canonical":"https:\/\/xstyle.md\/ro\/produs\/zazhim-petzl-croll\/","og_locale":"ro_RO","og_type":"article","og_title":"\u0413\u0440\u0443\u0434\u043d\u043e\u0439 \u0437\u0430\u0436\u0438\u043c Petzl Croll S - \u041c\u0430\u0433\u0430\u0437\u0438\u043d Xstyle","og_description":"\u041f\u0435\u0442\u0446\u043b\u044c \u0413\u0440\u0443\u0434\u043d\u043e\u0439 \u0437\u0430\u0436\u0438\u043c Croll S \u2013 \u0438\u0434\u0435\u0430\u043b\u044c\u043d\u044b\u0439 \u0438\u043d\u0441\u0442\u0440\u0443\u043c\u0435\u043d\u0442 \u0434\u043b\u044f \u044d\u0444\u0444\u0435\u043a\u0442\u0438\u0432\u043d\u043e\u0433\u043e \u0432\u043e\u0441\u0445\u043e\u0436\u0434\u0435\u043d\u0438\u044f. \u041b\u0435\u0433\u043a\u0438\u0439 \u0438 \u043a\u043e\u043c\u043f\u0430\u043a\u0442\u043d\u044b\u0439, \u043e\u0431\u0435\u0441\u043f\u0435\u0447\u0438\u0442 \u0432\u0430\u0448\u0443 \u0431\u0435\u0437\u043e\u043f\u0430\u0441\u043d\u043e\u0441\u0442\u044c \u043d\u0430 \u0432\u044b\u0441\u043e\u0442\u0435.","og_url":"https:\/\/xstyle.md\/ro\/produs\/zazhim-petzl-croll\/","og_site_name":"\u041c\u0430\u0433\u0430\u0437\u0438\u043d Xstyle","article_publisher":"https:\/\/www.facebook.com\/xstylemd","article_modified_time":"2025-05-29T08:56:58+00:00","og_image":[{"width":200,"height":247,"url":"https:\/\/xstyle.md\/wp-content\/uploads\/2020\/07\/croll.jpg","type":"image\/jpeg"}],"twitter_card":"summary_large_image","twitter_misc":{"Pre\u021b":"1.250&nbsp;MDL","Disponibilitate":"\u00cen stoc"},"schema":{"@context":"https:\/\/schema.org","@graph":[{"@type":"WebPage","@id":"https:\/\/xstyle.md\/product\/zazhim-petzl-croll\/","url":"https:\/\/xstyle.md\/product\/zazhim-petzl-croll\/","name":"Blocator Petzl Croll - Magazin Xstyle","isPartOf":{"@id":"https:\/\/xstyle.md\/#website"},"primaryImageOfPage":{"@id":"https:\/\/xstyle.md\/product\/zazhim-petzl-croll\/#primaryimage"},"image":{"@id":"https:\/\/xstyle.md\/product\/zazhim-petzl-croll\/#primaryimage"},"thumbnailUrl":"https:\/\/xstyle.md\/wp-content\/uploads\/2020\/07\/croll.jpg","datePublished":"2020-07-16T12:48:15+00:00","dateModified":"2025-05-29T08:56:58+00:00","description":"Petzl Croll S - dispozitivul ideal pentru ascensiuni eficiente. U\u0219or \u0219i compact, v\u0103 va asigura siguran\u021ba la \u00een\u0103l\u021bime.","breadcrumb":{"@id":"https:\/\/xstyle.md\/product\/zazhim-petzl-croll\/#breadcrumb"},"inLanguage":"ro-RO","potentialAction":[{"@type":"ReadAction","target":["https:\/\/xstyle.md\/product\/zazhim-petzl-croll\/"]}]},{"@type":"ImageObject","inLanguage":"ro-RO","@id":"https:\/\/xstyle.md\/product\/zazhim-petzl-croll\/#primaryimage","url":"https:\/\/xstyle.md\/wp-content\/uploads\/2020\/07\/croll.jpg","contentUrl":"https:\/\/xstyle.md\/wp-content\/uploads\/2020\/07\/croll.jpg","width":200,"height":247},{"@type":"BreadcrumbList","@id":"https:\/\/xstyle.md\/product\/zazhim-petzl-croll\/#breadcrumb","itemListElement":[{"@type":"ListItem","position":1,"name":"\u0413\u043b\u0430\u0432\u043d\u0430\u044f \u0441\u0442\u0440\u0430\u043d\u0438\u0446\u0430","item":"https:\/\/xstyle.md\/"},{"@type":"ListItem","position":2,"name":"\u041c\u0430\u0433\u0430\u0437\u0438\u043d","item":"https:\/\/xstyle.md\/shop\/"},{"@type":"ListItem","position":3,"name":"\u0413\u0440\u0443\u0434\u043d\u043e\u0439 \u0437\u0430\u0436\u0438\u043c Petzl Croll S"}]},{"@type":"WebSite","@id":"https:\/\/xstyle.md\/#website","url":"https:\/\/xstyle.md\/","name":"Magazinul X-Style","description":"Echipamente pentru turism \u0219i sporturi extreme \u00een Moldova. Pre\u021buri, fotografii, caracteristici \u00een Moldova.","publisher":{"@id":"https:\/\/xstyle.md\/#organization"},"alternateName":"X-Style","potentialAction":[{"@type":"SearchAction","target":{"@type":"EntryPoint","urlTemplate":"https:\/\/xstyle.md\/?s={search_term_string}"},"query-input":{"@type":"PropertyValueSpecification","valueRequired":true,"valueName":"search_term_string"}}],"inLanguage":"ro-RO"},{"@type":"Organization","@id":"https:\/\/xstyle.md\/#organization","name":"Magazinul X-Style","alternateName":"x-style","url":"https:\/\/xstyle.md\/","logo":{"@type":"ImageObject","inLanguage":"ro-RO","@id":"https:\/\/xstyle.md\/#\/schema\/logo\/image\/","url":"https:\/\/xstyle.md\/wp-content\/uploads\/2020\/06\/logoicon.svg","contentUrl":"https:\/\/xstyle.md\/wp-content\/uploads\/2020\/06\/logoicon.svg","caption":"\u041c\u0430\u0433\u0430\u0437\u0438\u043d Xstyle"},"image":{"@id":"https:\/\/xstyle.md\/#\/schema\/logo\/image\/"},"sameAs":["https:\/\/www.facebook.com\/xstylemd","https:\/\/www.instagram.com\/xstyle_md\/","https:\/\/t.me\/xstyle_outdoor"],"hasMerchantReturnPolicy":{"@type":"MerchantReturnPolicy","merchantReturnLink":"https:\/\/xstyle.md\/ro\/conditions\/"}}]},"product_price_amount":"1250.00","product_price_currency":"MDL","og_availability":"instock","product_availability":"instock","product_retailer_item_id":"3342540094307","product_condition":"new"},"_links":{"self":[{"href":"https:\/\/xstyle.md\/ro\/wp-json\/wp\/v2\/product\/708","targetHints":{"allow":["GET"]}}],"collection":[{"href":"https:\/\/xstyle.md\/ro\/wp-json\/wp\/v2\/product"}],"about":[{"href":"https:\/\/xstyle.md\/ro\/wp-json\/wp\/v2\/types\/product"}],"replies":[{"embeddable":true,"href":"https:\/\/xstyle.md\/ro\/wp-json\/wp\/v2\/comments?post=708"}],"wp:featuredmedia":[{"embeddable":true,"href":"https:\/\/xstyle.md\/ro\/wp-json\/wp\/v2\/media\/707"}],"wp:attachment":[{"href":"https:\/\/xstyle.md\/ro\/wp-json\/wp\/v2\/media?parent=708"}],"wp:term":[{"taxonomy":"product_brand","embeddable":true,"href":"https:\/\/xstyle.md\/ro\/wp-json\/wp\/v2\/product_brand?post=708"},{"taxonomy":"product_cat","embeddable":true,"href":"https:\/\/xstyle.md\/ro\/wp-json\/wp\/v2\/product_cat?post=708"},{"taxonomy":"product_tag","embeddable":true,"href":"https:\/\/xstyle.md\/ro\/wp-json\/wp\/v2\/product_tag?post=708"}],"curies":[{"name":"wp","href":"https:\/\/api.w.org\/{rel}","templated":true}]}}