{"id":69677,"date":"2023-06-08T12:30:25","date_gmt":"2023-06-08T09:30:25","guid":{"rendered":"https:\/\/xstyle.md\/?post_type=product&#038;p=69677"},"modified":"2026-03-19T17:13:52","modified_gmt":"2026-03-19T14:13:52","slug":"shtany-ternua-abura-tgt-wmn-whales-grey-fresh-dubarry","status":"publish","type":"product","link":"https:\/\/xstyle.md\/ro\/produs\/shtany-ternua-abura-tgt-wmn-whales-grey-fresh-dubarry\/","title":{"rendered":"Pantaloni Ternua Abura TGT Wmn whales grey\/fresh dubarry"},"content":{"rendered":"<\/p>\n<p><strong>Ternua Abura TGT<\/strong> &#8212; jambiere tehnologice, durabile \u0219i respirabile, care se adapteaz\u0103 la toate mi\u0219c\u0103rile din timpul drume\u021biilor montane. \u021ainuta str\u00e2mt\u0103, designul inteligent \u0219i materialele elastice vor fi alia\u021bii t\u0103i \u00een aventurile tale. Pantalonii sunt confec\u021biona\u021bi din material Shellstretch \u0219i sunt foarte rezisten\u021bi, respirabili \u0219i u\u0219ori. Materialul evacueaz\u0103 eficient umezeala de pe corp \u0219i se usuc\u0103 rapid. Talia elastic\u0103, cu un cordon intern suplimentar, faciliteaz\u0103 ajustarea m\u0103rimii la silueta ta. Partea de jos a pantalonilor este prev\u0103zut\u0103 cu fermoar pentru o potrivire mai confortabil\u0103 \u0219i o ajustare u\u0219oar\u0103 la diferite \u00eenc\u0103l\u021b\u0103minte. Dou\u0103 buzunare cu fermoar pentru lucrurile esen\u021biale.<\/p>\n<h3>Particularit\u0103\u021bi<\/h3>\n<ul>\n<li>Shellstretch este bioelastic, \u00ee\u0219i p\u0103streaz\u0103 \u00eentotdeauna forma, este confortabil \u0219i rezistent. Proiectat s\u0103 absoarb\u0103 \u0219i s\u0103 elimine rapid umezeala, Shellstretch este perfect pentru sporturile montane \u0219i activit\u0103\u021bile care necesit\u0103 mobilitate f\u0103r\u0103 restric\u021bii.<\/li>\n<li>\u021aes\u0103tura respirabil\u0103 ajut\u0103 la reglarea temperaturii corpului, permi\u021b\u00e2nd eliminarea transpira\u021biei<\/li>\n<li>\u021aes\u0103tura elastic\u0103 ofer\u0103 confort \u0219i libertate de mi\u0219care excep\u021bional\u0103<\/li>\n<li>\u00cembr\u0103c\u0103mintea cu greutate redus\u0103 ofer\u0103 un plus de confort \u0219i o face u\u0219or de transportat<\/li>\n<li>Se usuc\u0103 rapid, ceea ce este ideal pentru zilele c\u0103lduroase, care induc transpira\u021bie.<\/li>\n<li>\u021ainut\u0103 confortabil\u0103<\/li>\n<li>Partea de jos a pantalonilor cu fermoar<\/li>\n<li>Buzunar cu fermoar la \u0219old<\/li>\n<li>Buzunar la spate cu fermoar.<\/li>\n<\/ul>\n<h3>Caracteristici<\/h3>\n<ul>\n<li>Material &#8212; 100% poliester<\/li>\n<li>Sezonul - toate anotimpurile<\/li>\n<li>Aplicare &#8212; drume\u021bii\/sporturi\/c\u0103\u021b\u0103rare<\/li>\n<li>Model - pentru femei.<\/li>\n<\/ul>\n<h3>Tehnologie<\/h3>\n<ul>\n<li><strong>Shellstretch<\/strong> \u2013 \u021bes\u0103tur\u0103 bi-stretch pentru o mai bun\u0103 adaptare la corp, \u00ee\u0219i p\u0103streaz\u0103 \u00eentotdeauna forma, nu se sf\u0103r\u00e2m\u0103 \u0219i este confortabil\u0103. Conceput\u0103 pentru a absorbi rapid transpira\u021bia \u0219i pentru a \u00eendep\u0103rta umezeala de corp, aceasta are, de asemenea, un efect hidrofug. \u021aes\u0103tura Shellstretch este ideal\u0103 pentru activit\u0103\u021bile care necesit\u0103 libertate total\u0103 de mi\u0219care. Aceasta o face ideal\u0103 pentru sporturile montane care necesit\u0103 libertate complet\u0103 de mi\u0219care.<\/li>\n<\/ul>\n<h3>Marca<\/h3>\n<p>Ternua este un brand spaniol specializat \u00een \u00eembr\u0103c\u0103minte tehnic\u0103, func\u021bional\u0103 \u0219i inovatoare, capabil\u0103 s\u0103 se adapteze la cele mai nefavorabile condi\u021bii meteorologice. Spiritul antreprenorial \u0219i aventuros al balenierilor basci din secolul al XV-lea a inspirat crearea m\u0103rcii de outdoor Ternua \u00een 1995. \u00cen limba basc\u0103, &#171;Ternua&#187; \u00eenseamn\u0103 balen\u0103, motiv pentru care compania poart\u0103 acest nume, iar logo-ul s\u0103u este \u00eempodobit cu coada unei balene. Principiile principale ale Ternua sunt pasiunea pentru munte, respectul pentru mediu \u0219i respectul pentru r\u0103d\u0103cinile lor, pentru originea lor. Produc\u0103torul acord\u0103 o aten\u021bie deosebit\u0103 alegerii \u021bes\u0103turilor, d\u0103 preferin\u021b\u0103 culorilor bogate, hainele sunt versatile \u0219i se potrivesc bine. De asemenea, brandul are o grij\u0103 deosebit\u0103 fa\u021b\u0103 de natur\u0103, sus\u021bin\u00e2nd respectarea mediului \u0219i produc\u00e2nd haine din materiale reciclate.<\/p>\n<p><\/p>","protected":false},"excerpt":{"rendered":"","protected":false},"featured_media":70334,"comment_status":"open","ping_status":"closed","template":"","meta":{"_acf_changed":false,"inline_featured_image":false},"product_brand":[1426],"product_cat":[627,442],"product_tag":[],"class_list":{"0":"post-69677","1":"product","2":"type-product","3":"status-publish","4":"has-post-thumbnail","6":"product_brand-ternua","7":"product_cat-haine-de-alpinism-femei","8":"product_cat-pantaloni-de-trekking-femei","10":"first","11":"instock","12":"shipping-taxable","13":"purchasable","14":"product-type-simple"},"acf":[],"yoast_head":"<!-- This site is optimized with the Yoast SEO plugin v27.4 - https:\/\/yoast.com\/product\/yoast-seo-wordpress\/ -->\n<title>\u0428\u0442\u0430\u043d\u044b Ternua Abura TGT Wmn whales grey\/fresh dubarry - \u041c\u0430\u0433\u0430\u0437\u0438\u043d Xstyle<\/title>\n<meta name=\"description\" content=\"\u0428\u0442\u0430\u043d\u044b Ternua Abura TGT: \u043b\u0435\u0433\u043a\u0438\u0435, \u0434\u044b\u0448\u0430\u0449\u0438\u0435 \u0438 \u044d\u043b\u0430\u0441\u0442\u0438\u0447\u043d\u044b\u0435. \u0418\u0434\u0435\u0430\u043b\u044c\u043d\u044b \u0434\u043b\u044f \u0430\u043a\u0442\u0438\u0432\u043d\u043e\u0433\u043e \u043e\u0442\u0434\u044b\u0445\u0430 \u043d\u0430 \u043f\u0440\u0438\u0440\u043e\u0434\u0435. \u0423\u0434\u043e\u0431\u043d\u044b\u0439 \u0434\u0438\u0437\u0430\u0439\u043d \u043e\u0431\u0435\u0441\u043f\u0435\u0447\u0438\u0432\u0430\u0435\u0442 \u0441\u0432\u043e\u0431\u043e\u0434\u0443 \u0434\u0432\u0438\u0436\u0435\u043d\u0438\u0439.\" \/>\n<meta name=\"robots\" content=\"index, follow, max-snippet:-1, max-image-preview:large, max-video-preview:-1\" \/>\n<link rel=\"canonical\" href=\"https:\/\/xstyle.md\/ro\/produs\/shtany-ternua-abura-tgt-wmn-whales-grey-fresh-dubarry\/\" \/>\n<meta property=\"og:locale\" content=\"ro_RO\" \/>\n<meta property=\"og:type\" content=\"article\" \/>\n<meta property=\"og:title\" content=\"\u0428\u0442\u0430\u043d\u044b Ternua Abura TGT Wmn whales grey\/fresh dubarry - \u041c\u0430\u0433\u0430\u0437\u0438\u043d Xstyle\" \/>\n<meta property=\"og:description\" content=\"\u0428\u0442\u0430\u043d\u044b Ternua Abura TGT: \u043b\u0435\u0433\u043a\u0438\u0435, \u0434\u044b\u0448\u0430\u0449\u0438\u0435 \u0438 \u044d\u043b\u0430\u0441\u0442\u0438\u0447\u043d\u044b\u0435. \u0418\u0434\u0435\u0430\u043b\u044c\u043d\u044b \u0434\u043b\u044f \u0430\u043a\u0442\u0438\u0432\u043d\u043e\u0433\u043e \u043e\u0442\u0434\u044b\u0445\u0430 \u043d\u0430 \u043f\u0440\u0438\u0440\u043e\u0434\u0435. \u0423\u0434\u043e\u0431\u043d\u044b\u0439 \u0434\u0438\u0437\u0430\u0439\u043d \u043e\u0431\u0435\u0441\u043f\u0435\u0447\u0438\u0432\u0430\u0435\u0442 \u0441\u0432\u043e\u0431\u043e\u0434\u0443 \u0434\u0432\u0438\u0436\u0435\u043d\u0438\u0439.\" \/>\n<meta property=\"og:url\" content=\"https:\/\/xstyle.md\/ro\/produs\/shtany-ternua-abura-tgt-wmn-whales-grey-fresh-dubarry\/\" \/>\n<meta property=\"og:site_name\" content=\"\u041c\u0430\u0433\u0430\u0437\u0438\u043d Xstyle\" \/>\n<meta property=\"article:publisher\" content=\"https:\/\/www.facebook.com\/xstylemd\" \/>\n<meta property=\"article:modified_time\" content=\"2026-03-19T14:13:52+00:00\" \/>\n<meta property=\"og:image\" content=\"https:\/\/xstyle.md\/wp-content\/uploads\/2023\/06\/ternua-abura-tgt-wmn-whales-grey-fresh-dubarry.jpg\" \/>\n\t<meta property=\"og:image:width\" content=\"882\" \/>\n\t<meta property=\"og:image:height\" content=\"910\" \/>\n\t<meta property=\"og:image:type\" content=\"image\/jpeg\" \/>\n<meta name=\"twitter:card\" content=\"summary_large_image\" \/>\n<meta name=\"twitter:label1\" content=\"Pre\u021b\" \/>\n\t<meta name=\"twitter:data1\" content=\"1.850&nbsp;MDL\" \/>\n\t<meta name=\"twitter:label2\" content=\"Disponibilitate\" \/>\n\t<meta name=\"twitter:data2\" content=\"\u00cen stoc\" \/>\n<script type=\"application\/ld+json\" class=\"yoast-schema-graph\">{\"@context\":\"https:\\\/\\\/schema.org\",\"@graph\":[{\"@type\":\"WebPage\",\"@id\":\"https:\\\/\\\/xstyle.md\\\/product\\\/shtany-ternua-abura-tgt-wmn-whales-grey-fresh-dubarry\\\/\",\"url\":\"https:\\\/\\\/xstyle.md\\\/product\\\/shtany-ternua-abura-tgt-wmn-whales-grey-fresh-dubarry\\\/\",\"name\":\"\u0428\u0442\u0430\u043d\u044b Ternua Abura TGT Wmn whales grey\\\/fresh dubarry - \u041c\u0430\u0433\u0430\u0437\u0438\u043d Xstyle\",\"isPartOf\":{\"@id\":\"https:\\\/\\\/xstyle.md\\\/#website\"},\"primaryImageOfPage\":{\"@id\":\"https:\\\/\\\/xstyle.md\\\/product\\\/shtany-ternua-abura-tgt-wmn-whales-grey-fresh-dubarry\\\/#primaryimage\"},\"image\":{\"@id\":\"https:\\\/\\\/xstyle.md\\\/product\\\/shtany-ternua-abura-tgt-wmn-whales-grey-fresh-dubarry\\\/#primaryimage\"},\"thumbnailUrl\":\"https:\\\/\\\/xstyle.md\\\/wp-content\\\/uploads\\\/2023\\\/06\\\/ternua-abura-tgt-wmn-whales-grey-fresh-dubarry.jpg\",\"datePublished\":\"2023-06-08T09:30:25+00:00\",\"dateModified\":\"2026-03-19T14:13:52+00:00\",\"description\":\"\u0428\u0442\u0430\u043d\u044b Ternua Abura TGT: \u043b\u0435\u0433\u043a\u0438\u0435, \u0434\u044b\u0448\u0430\u0449\u0438\u0435 \u0438 \u044d\u043b\u0430\u0441\u0442\u0438\u0447\u043d\u044b\u0435. \u0418\u0434\u0435\u0430\u043b\u044c\u043d\u044b \u0434\u043b\u044f \u0430\u043a\u0442\u0438\u0432\u043d\u043e\u0433\u043e \u043e\u0442\u0434\u044b\u0445\u0430 \u043d\u0430 \u043f\u0440\u0438\u0440\u043e\u0434\u0435. \u0423\u0434\u043e\u0431\u043d\u044b\u0439 \u0434\u0438\u0437\u0430\u0439\u043d \u043e\u0431\u0435\u0441\u043f\u0435\u0447\u0438\u0432\u0430\u0435\u0442 \u0441\u0432\u043e\u0431\u043e\u0434\u0443 \u0434\u0432\u0438\u0436\u0435\u043d\u0438\u0439.\",\"breadcrumb\":{\"@id\":\"https:\\\/\\\/xstyle.md\\\/product\\\/shtany-ternua-abura-tgt-wmn-whales-grey-fresh-dubarry\\\/#breadcrumb\"},\"inLanguage\":\"ro-RO\",\"potentialAction\":[{\"@type\":\"ReadAction\",\"target\":[\"https:\\\/\\\/xstyle.md\\\/product\\\/shtany-ternua-abura-tgt-wmn-whales-grey-fresh-dubarry\\\/\"]}]},{\"@type\":\"ImageObject\",\"inLanguage\":\"ro-RO\",\"@id\":\"https:\\\/\\\/xstyle.md\\\/product\\\/shtany-ternua-abura-tgt-wmn-whales-grey-fresh-dubarry\\\/#primaryimage\",\"url\":\"https:\\\/\\\/xstyle.md\\\/wp-content\\\/uploads\\\/2023\\\/06\\\/ternua-abura-tgt-wmn-whales-grey-fresh-dubarry.jpg\",\"contentUrl\":\"https:\\\/\\\/xstyle.md\\\/wp-content\\\/uploads\\\/2023\\\/06\\\/ternua-abura-tgt-wmn-whales-grey-fresh-dubarry.jpg\",\"width\":882,\"height\":910,\"caption\":\"\u0422\u0440\u0435\u043d\u0438\u0440\u043e\u0432\u043e\u0447\u043d\u044b\u0435 \u0448\u0442\u0430\u043d\u044b Ternua Abura TGT Wmn \u0434\u043b\u044f \u0430\u043a\u0442\u0438\u0432\u043d\u043e\u0433\u043e \u043e\u0442\u0434\u044b\u0445\u0430, \u043f\u043e\u0445\u043e\u0434\u043e\u0432, \u043f\u0443\u0442\u0435\u0448\u0435\u0441\u0442\u0432\u0438\u0439, \u0441\u043f\u043e\u0440\u0442 \u0438 \u0443\u043b\u0438\u0447\u043d\u043e\u0439 \u043e\u0434\u0435\u0436\u0434\u044b \u0432 \u0441\u0435\u0440\u043e\u043c \u0446\u0432\u0435\u0442\u0435, \u043e\u0431\u0443\u0432\u044c \u0438 \u044d\u043a\u0438\u043f\u0438\u0440\u043e\u0432\u043a\u0430 \u0434\u043b\u044f \u0433\u043e\u0440\u043d\u044b\u0445 \u043f\u043e\u0445\u043e\u0434\u043e\u0432, \u0442\u0443\u0440\u0438\u0437\u043c\u0430 \u0438 \u0430\u043a\u0442\u0438\u0432\u043d\u043e\u0433\u043e \u043e\u0431\u0440\u0430\u0437\u0430 \u0436\u0438\u0437\u043d\u0438\"},{\"@type\":\"BreadcrumbList\",\"@id\":\"https:\\\/\\\/xstyle.md\\\/product\\\/shtany-ternua-abura-tgt-wmn-whales-grey-fresh-dubarry\\\/#breadcrumb\",\"itemListElement\":[{\"@type\":\"ListItem\",\"position\":1,\"name\":\"\u0413\u043b\u0430\u0432\u043d\u0430\u044f \u0441\u0442\u0440\u0430\u043d\u0438\u0446\u0430\",\"item\":\"https:\\\/\\\/xstyle.md\\\/\"},{\"@type\":\"ListItem\",\"position\":2,\"name\":\"\u041c\u0430\u0433\u0430\u0437\u0438\u043d\",\"item\":\"https:\\\/\\\/xstyle.md\\\/shop\\\/\"},{\"@type\":\"ListItem\",\"position\":3,\"name\":\"\u0428\u0442\u0430\u043d\u044b Ternua Abura TGT Wmn whales grey\\\/fresh dubarry\"}]},{\"@type\":\"WebSite\",\"@id\":\"https:\\\/\\\/xstyle.md\\\/#website\",\"url\":\"https:\\\/\\\/xstyle.md\\\/\",\"name\":\"\u041c\u0430\u0433\u0430\u0437\u0438\u043d Xstyle\",\"description\":\"C\u043d\u0430\u0440\u044f\u0436\u0435\u043d\u0438\u0435 \u0434\u043b\u044f \u0442\u0443\u0440\u0438\u0437\u043c\u0430 \u0438 \u044d\u043a\u0441\u0442\u0440\u0435\u043c\u0430\u043b\u044c\u043d\u044b\u0445 \u0432\u0438\u0434\u043e\u0432 \u0441\u043f\u043e\u0440\u0442\u0430 \u0432 \u041c\u043e\u043b\u0434\u043e\u0432\u0435.. \u0426\u0435\u043d\u044b, \u0444\u043e\u0442\u043e, \u0445\u0430\u0440\u0430\u043a\u0442\u0435\u0440\u0438\u0441\u0442\u0438\u043a\u0438 \u0432 \u041c\u043e\u043b\u0434\u043e\u0432\u0435.\",\"publisher\":{\"@id\":\"https:\\\/\\\/xstyle.md\\\/#organization\"},\"alternateName\":\"X-Style\",\"potentialAction\":[{\"@type\":\"SearchAction\",\"target\":{\"@type\":\"EntryPoint\",\"urlTemplate\":\"https:\\\/\\\/xstyle.md\\\/?s={search_term_string}\"},\"query-input\":{\"@type\":\"PropertyValueSpecification\",\"valueRequired\":true,\"valueName\":\"search_term_string\"}}],\"inLanguage\":\"ro-RO\"},{\"@type\":\"Organization\",\"@id\":\"https:\\\/\\\/xstyle.md\\\/#organization\",\"name\":\"\u041c\u0430\u0433\u0430\u0437\u0438\u043d Xstyle\",\"alternateName\":\"x-style\",\"url\":\"https:\\\/\\\/xstyle.md\\\/\",\"logo\":{\"@type\":\"ImageObject\",\"inLanguage\":\"ro-RO\",\"@id\":\"https:\\\/\\\/xstyle.md\\\/#\\\/schema\\\/logo\\\/image\\\/\",\"url\":\"https:\\\/\\\/xstyle.md\\\/wp-content\\\/uploads\\\/2020\\\/06\\\/logoicon.svg\",\"contentUrl\":\"https:\\\/\\\/xstyle.md\\\/wp-content\\\/uploads\\\/2020\\\/06\\\/logoicon.svg\",\"caption\":\"\u041c\u0430\u0433\u0430\u0437\u0438\u043d Xstyle\"},\"image\":{\"@id\":\"https:\\\/\\\/xstyle.md\\\/#\\\/schema\\\/logo\\\/image\\\/\"},\"sameAs\":[\"https:\\\/\\\/www.facebook.com\\\/xstylemd\",\"https:\\\/\\\/www.instagram.com\\\/xstyle_md\\\/\",\"https:\\\/\\\/t.me\\\/xstyle_outdoor\"],\"hasMerchantReturnPolicy\":{\"@type\":\"MerchantReturnPolicy\",\"merchantReturnLink\":\"https:\\\/\\\/xstyle.md\\\/ro\\\/conditions\\\/\"}}]}<\/script>\n<meta property=\"product:price:amount\" content=\"1850.00\" \/>\n<meta property=\"product:price:currency\" content=\"MDL\" \/>\n<meta property=\"og:availability\" content=\"instock\" \/>\n<meta property=\"product:availability\" content=\"instock\" \/>\n<meta property=\"product:retailer_item_id\" content=\"8445042042915\" \/>\n<meta property=\"product:condition\" content=\"new\" \/>\n<!-- \/ Yoast SEO plugin. -->","yoast_head_json":{"title":"Pantaloni Ternua Abura TGT Wmn whales grey\/fresh dubarry - Magazin Xstyle","description":"Pantalonii Ternua Abura TGT: u\u0219ori, respirabili \u0219i elastici. Ideali pentru activit\u0103\u021bi \u00een aer liber. Designul confortabil ofer\u0103 libertate de mi\u0219care.","robots":{"index":"index","follow":"follow","max-snippet":"max-snippet:-1","max-image-preview":"max-image-preview:large","max-video-preview":"max-video-preview:-1"},"canonical":"https:\/\/xstyle.md\/ro\/produs\/shtany-ternua-abura-tgt-wmn-whales-grey-fresh-dubarry\/","og_locale":"ro_RO","og_type":"article","og_title":"\u0428\u0442\u0430\u043d\u044b Ternua Abura TGT Wmn whales grey\/fresh dubarry - \u041c\u0430\u0433\u0430\u0437\u0438\u043d Xstyle","og_description":"\u0428\u0442\u0430\u043d\u044b Ternua Abura TGT: \u043b\u0435\u0433\u043a\u0438\u0435, \u0434\u044b\u0448\u0430\u0449\u0438\u0435 \u0438 \u044d\u043b\u0430\u0441\u0442\u0438\u0447\u043d\u044b\u0435. \u0418\u0434\u0435\u0430\u043b\u044c\u043d\u044b \u0434\u043b\u044f \u0430\u043a\u0442\u0438\u0432\u043d\u043e\u0433\u043e \u043e\u0442\u0434\u044b\u0445\u0430 \u043d\u0430 \u043f\u0440\u0438\u0440\u043e\u0434\u0435. \u0423\u0434\u043e\u0431\u043d\u044b\u0439 \u0434\u0438\u0437\u0430\u0439\u043d \u043e\u0431\u0435\u0441\u043f\u0435\u0447\u0438\u0432\u0430\u0435\u0442 \u0441\u0432\u043e\u0431\u043e\u0434\u0443 \u0434\u0432\u0438\u0436\u0435\u043d\u0438\u0439.","og_url":"https:\/\/xstyle.md\/ro\/produs\/shtany-ternua-abura-tgt-wmn-whales-grey-fresh-dubarry\/","og_site_name":"\u041c\u0430\u0433\u0430\u0437\u0438\u043d Xstyle","article_publisher":"https:\/\/www.facebook.com\/xstylemd","article_modified_time":"2026-03-19T14:13:52+00:00","og_image":[{"width":882,"height":910,"url":"https:\/\/xstyle.md\/wp-content\/uploads\/2023\/06\/ternua-abura-tgt-wmn-whales-grey-fresh-dubarry.jpg","type":"image\/jpeg"}],"twitter_card":"summary_large_image","twitter_misc":{"Pre\u021b":"1.850&nbsp;MDL","Disponibilitate":"\u00cen stoc"},"schema":{"@context":"https:\/\/schema.org","@graph":[{"@type":"WebPage","@id":"https:\/\/xstyle.md\/product\/shtany-ternua-abura-tgt-wmn-whales-grey-fresh-dubarry\/","url":"https:\/\/xstyle.md\/product\/shtany-ternua-abura-tgt-wmn-whales-grey-fresh-dubarry\/","name":"Pantaloni Ternua Abura TGT Wmn whales grey\/fresh dubarry - Magazin Xstyle","isPartOf":{"@id":"https:\/\/xstyle.md\/#website"},"primaryImageOfPage":{"@id":"https:\/\/xstyle.md\/product\/shtany-ternua-abura-tgt-wmn-whales-grey-fresh-dubarry\/#primaryimage"},"image":{"@id":"https:\/\/xstyle.md\/product\/shtany-ternua-abura-tgt-wmn-whales-grey-fresh-dubarry\/#primaryimage"},"thumbnailUrl":"https:\/\/xstyle.md\/wp-content\/uploads\/2023\/06\/ternua-abura-tgt-wmn-whales-grey-fresh-dubarry.jpg","datePublished":"2023-06-08T09:30:25+00:00","dateModified":"2026-03-19T14:13:52+00:00","description":"Pantalonii Ternua Abura TGT: u\u0219ori, respirabili \u0219i elastici. Ideali pentru activit\u0103\u021bi \u00een aer liber. Designul confortabil ofer\u0103 libertate de mi\u0219care.","breadcrumb":{"@id":"https:\/\/xstyle.md\/product\/shtany-ternua-abura-tgt-wmn-whales-grey-fresh-dubarry\/#breadcrumb"},"inLanguage":"ro-RO","potentialAction":[{"@type":"ReadAction","target":["https:\/\/xstyle.md\/product\/shtany-ternua-abura-tgt-wmn-whales-grey-fresh-dubarry\/"]}]},{"@type":"ImageObject","inLanguage":"ro-RO","@id":"https:\/\/xstyle.md\/product\/shtany-ternua-abura-tgt-wmn-whales-grey-fresh-dubarry\/#primaryimage","url":"https:\/\/xstyle.md\/wp-content\/uploads\/2023\/06\/ternua-abura-tgt-wmn-whales-grey-fresh-dubarry.jpg","contentUrl":"https:\/\/xstyle.md\/wp-content\/uploads\/2023\/06\/ternua-abura-tgt-wmn-whales-grey-fresh-dubarry.jpg","width":882,"height":910,"caption":"\u0422\u0440\u0435\u043d\u0438\u0440\u043e\u0432\u043e\u0447\u043d\u044b\u0435 \u0448\u0442\u0430\u043d\u044b Ternua Abura TGT Wmn \u0434\u043b\u044f \u0430\u043a\u0442\u0438\u0432\u043d\u043e\u0433\u043e \u043e\u0442\u0434\u044b\u0445\u0430, \u043f\u043e\u0445\u043e\u0434\u043e\u0432, \u043f\u0443\u0442\u0435\u0448\u0435\u0441\u0442\u0432\u0438\u0439, \u0441\u043f\u043e\u0440\u0442 \u0438 \u0443\u043b\u0438\u0447\u043d\u043e\u0439 \u043e\u0434\u0435\u0436\u0434\u044b \u0432 \u0441\u0435\u0440\u043e\u043c \u0446\u0432\u0435\u0442\u0435, \u043e\u0431\u0443\u0432\u044c \u0438 \u044d\u043a\u0438\u043f\u0438\u0440\u043e\u0432\u043a\u0430 \u0434\u043b\u044f \u0433\u043e\u0440\u043d\u044b\u0445 \u043f\u043e\u0445\u043e\u0434\u043e\u0432, \u0442\u0443\u0440\u0438\u0437\u043c\u0430 \u0438 \u0430\u043a\u0442\u0438\u0432\u043d\u043e\u0433\u043e \u043e\u0431\u0440\u0430\u0437\u0430 \u0436\u0438\u0437\u043d\u0438"},{"@type":"BreadcrumbList","@id":"https:\/\/xstyle.md\/product\/shtany-ternua-abura-tgt-wmn-whales-grey-fresh-dubarry\/#breadcrumb","itemListElement":[{"@type":"ListItem","position":1,"name":"\u0413\u043b\u0430\u0432\u043d\u0430\u044f \u0441\u0442\u0440\u0430\u043d\u0438\u0446\u0430","item":"https:\/\/xstyle.md\/"},{"@type":"ListItem","position":2,"name":"\u041c\u0430\u0433\u0430\u0437\u0438\u043d","item":"https:\/\/xstyle.md\/shop\/"},{"@type":"ListItem","position":3,"name":"\u0428\u0442\u0430\u043d\u044b Ternua Abura TGT Wmn whales grey\/fresh dubarry"}]},{"@type":"WebSite","@id":"https:\/\/xstyle.md\/#website","url":"https:\/\/xstyle.md\/","name":"Magazinul X-Style","description":"Echipamente pentru turism \u0219i sporturi extreme \u00een Moldova. Pre\u021buri, fotografii, caracteristici \u00een Moldova.","publisher":{"@id":"https:\/\/xstyle.md\/#organization"},"alternateName":"X-Style","potentialAction":[{"@type":"SearchAction","target":{"@type":"EntryPoint","urlTemplate":"https:\/\/xstyle.md\/?s={search_term_string}"},"query-input":{"@type":"PropertyValueSpecification","valueRequired":true,"valueName":"search_term_string"}}],"inLanguage":"ro-RO"},{"@type":"Organization","@id":"https:\/\/xstyle.md\/#organization","name":"Magazinul X-Style","alternateName":"x-style","url":"https:\/\/xstyle.md\/","logo":{"@type":"ImageObject","inLanguage":"ro-RO","@id":"https:\/\/xstyle.md\/#\/schema\/logo\/image\/","url":"https:\/\/xstyle.md\/wp-content\/uploads\/2020\/06\/logoicon.svg","contentUrl":"https:\/\/xstyle.md\/wp-content\/uploads\/2020\/06\/logoicon.svg","caption":"\u041c\u0430\u0433\u0430\u0437\u0438\u043d Xstyle"},"image":{"@id":"https:\/\/xstyle.md\/#\/schema\/logo\/image\/"},"sameAs":["https:\/\/www.facebook.com\/xstylemd","https:\/\/www.instagram.com\/xstyle_md\/","https:\/\/t.me\/xstyle_outdoor"],"hasMerchantReturnPolicy":{"@type":"MerchantReturnPolicy","merchantReturnLink":"https:\/\/xstyle.md\/ro\/conditions\/"}}]},"product_price_amount":"1850.00","product_price_currency":"MDL","og_availability":"instock","product_availability":"instock","product_retailer_item_id":"8445042042915","product_condition":"new"},"post_mailing_queue_ids":[],"_links":{"self":[{"href":"https:\/\/xstyle.md\/ro\/wp-json\/wp\/v2\/product\/69677","targetHints":{"allow":["GET"]}}],"collection":[{"href":"https:\/\/xstyle.md\/ro\/wp-json\/wp\/v2\/product"}],"about":[{"href":"https:\/\/xstyle.md\/ro\/wp-json\/wp\/v2\/types\/product"}],"replies":[{"embeddable":true,"href":"https:\/\/xstyle.md\/ro\/wp-json\/wp\/v2\/comments?post=69677"}],"wp:featuredmedia":[{"embeddable":true,"href":"https:\/\/xstyle.md\/ro\/wp-json\/wp\/v2\/media\/70334"}],"wp:attachment":[{"href":"https:\/\/xstyle.md\/ro\/wp-json\/wp\/v2\/media?parent=69677"}],"wp:term":[{"taxonomy":"product_brand","embeddable":true,"href":"https:\/\/xstyle.md\/ro\/wp-json\/wp\/v2\/product_brand?post=69677"},{"taxonomy":"product_cat","embeddable":true,"href":"https:\/\/xstyle.md\/ro\/wp-json\/wp\/v2\/product_cat?post=69677"},{"taxonomy":"product_tag","embeddable":true,"href":"https:\/\/xstyle.md\/ro\/wp-json\/wp\/v2\/product_tag?post=69677"}],"curies":[{"name":"wp","href":"https:\/\/api.w.org\/{rel}","templated":true}]}}