{"id":69660,"date":"2023-06-08T12:30:21","date_gmt":"2023-06-08T09:30:21","guid":{"rendered":"https:\/\/xstyle.md\/?post_type=product&#038;p=69660"},"modified":"2026-03-19T16:21:40","modified_gmt":"2026-03-19T13:21:40","slug":"batnik-ternua-berlana-wmn-light-forest","status":"publish","type":"product","link":"https:\/\/dev.xstyle.md\/ro\/produs\/batnik-ternua-berlana-wmn-light-forest\/","title":{"rendered":"Pulover Ternua Berlana Wmn light forest"},"content":{"rendered":"<\/p>\n<p><strong>Ternua Berlana<\/strong> &#8212; jachet\u0103 u\u0219oar\u0103 \u0219i sub\u021bire, dar c\u0103lduroas\u0103, potrivit\u0103 pentru diferite tipuri de activit\u0103\u021bi pe tot parcursul anului. Jacheta va func\u021biona ca strat exterior pe vreme rece \u0219i uscat\u0103 \u0219i ca strat intermediar izolator pe vreme rece.<\/p>\n<h3>Particularit\u0103\u021bi<\/h3>\n<ul>\n<li>Jacheta este confec\u021bionat\u0103 din microfleece DryShell reciclat (sticle de plastic reciclate). Microfibrele din acest material elimin\u0103 umezeala, se usuc\u0103 rapid \u0219i sunt foarte respirabile. \u021aes\u0103tura este rezistent\u0103 la formarea de scame.<\/li>\n<li>Materialul este tratat cu o impregnare hidrofug\u0103 durabil\u0103 f\u0103r\u0103 fluorocarburi toxice (PFC Free).<\/li>\n<li>\u021ainuta sportiv\u0103 v\u0103 men\u021bine cald \u0219i v\u0103 ofer\u0103 libertate de mi\u0219care.<\/li>\n<li>Cus\u0103turile plate previn irita\u021biile.<\/li>\n<li>Protec\u021bia b\u0103rbiei, care este completat\u0103 de un fermoar frontal, ajut\u0103 la evitarea contactului cu blocajul.<\/li>\n<li>M\u00e2neca are un buzunar cu fermoar.<\/li>\n<li>Gluga \u0219i marginea inferioar\u0103 sunt finisate cu o band\u0103 elastic\u0103.<\/li>\n<\/ul>\n<h3>Caracteristici<\/h3>\n<ul>\n<li>Material &#8212; DryShell, 100% poliester<\/li>\n<li>Scop &#8212; drume\u021bie\/ drume\u021bie\/ alpinism<\/li>\n<li>Sezonul - primavar\u0103\/var\u0103\/toamn\u0103<\/li>\n<li>Model - pentru femei.<\/li>\n<\/ul>\n<h3>Tehnologie<\/h3>\n<ul>\n<li><strong>Dryshell<\/strong> \u2013 \u021bes\u0103tura tehnologic\u0103 este conceput\u0103 cu microfibre pentru a atrage transpira\u021bia \u00een exterior \u0219i a se usca rapid. \u00cempreun\u0103 cu respirabilitatea sa ridicat\u0103, ofer\u0103 sportivului un confort maxim, optimiz\u00e2nd \u0219i \u00eembun\u0103t\u0103\u021bind performan\u021ba.<\/li>\n<\/ul>\n<h3>Marca<\/h3>\n<p>Ternua este un brand spaniol specializat \u00een \u00eembr\u0103c\u0103minte tehnic\u0103, func\u021bional\u0103 \u0219i inovatoare, capabil\u0103 s\u0103 se adapteze la cele mai nefavorabile condi\u021bii meteorologice. Spiritul antreprenorial \u0219i aventuros al balenierilor basci din secolul al XV-lea a inspirat crearea m\u0103rcii de outdoor Ternua \u00een 1995. \u00cen limba basc\u0103, &#171;Ternua&#187; \u00eenseamn\u0103 balen\u0103, motiv pentru care compania poart\u0103 acest nume, iar logo-ul s\u0103u este \u00eempodobit cu coada unei balene. Principiile principale ale Ternua sunt pasiunea pentru munte, respectul pentru mediu \u0219i respectul pentru r\u0103d\u0103cinile lor, pentru originea lor. Produc\u0103torul acord\u0103 o aten\u021bie deosebit\u0103 alegerii \u021bes\u0103turilor, d\u0103 preferin\u021b\u0103 culorilor bogate, hainele sunt versatile \u0219i se potrivesc bine. De asemenea, brandul are o grij\u0103 deosebit\u0103 fa\u021b\u0103 de natur\u0103, sus\u021bin\u00e2nd respectarea mediului \u0219i produc\u00e2nd haine din materiale reciclate.<\/p>\n<p><\/p>","protected":false},"excerpt":{"rendered":"","protected":false},"featured_media":69966,"comment_status":"open","ping_status":"closed","template":"","meta":{"_acf_changed":false,"inline_featured_image":false},"product_brand":[1426],"product_cat":[243],"product_tag":[],"class_list":{"0":"post-69660","1":"product","2":"type-product","3":"status-publish","4":"has-post-thumbnail","6":"product_brand-ternua","7":"product_cat-fleece-scurta-femei","9":"first","10":"instock","11":"shipping-taxable","12":"purchasable","13":"product-type-simple"},"acf":[],"yoast_head":"<!-- This site is optimized with the Yoast SEO plugin v27.5 - https:\/\/yoast.com\/product\/yoast-seo-wordpress\/ -->\n<title>\u0411\u0430\u0442\u043d\u0438\u043a Ternua Berlana Wmn light forest - \u041c\u0430\u0433\u0430\u0437\u0438\u043d Xstyle<\/title>\n<meta name=\"description\" content=\"\u041e\u0442\u043a\u0440\u043e\u0439\u0442\u0435 \u0434\u043b\u044f \u0441\u0435\u0431\u044f \u0431\u0430\u0442\u043d\u0438\u043a Ternua Berlana Wmn light forest \u2014 \u043b\u0435\u0433\u043a\u0438\u0439 \u0438 \u0442\u0435\u043f\u043b\u044b\u0439, \u0438\u0434\u0435\u0430\u043b\u0435\u043d \u0434\u043b\u044f \u0430\u043a\u0442\u0438\u0432\u043d\u043e\u0433\u043e \u043e\u0442\u0434\u044b\u0445\u0430 \u0432 \u043b\u044e\u0431\u043e\u0435 \u0432\u0440\u0435\u043c\u044f \u0433\u043e\u0434\u0430. \u0412\u044b\u0441\u043e\u043a\u043e\u043a\u0430\u0447\u0435\u0441\u0442\u0432\u0435\u043d\u043d\u044b\u0439 DryShell.\" \/>\n<meta name=\"robots\" content=\"noindex, follow, max-snippet:-1, max-image-preview:large, max-video-preview:-1\" \/>\n<meta property=\"og:locale\" content=\"ro_RO\" \/>\n<meta property=\"og:type\" content=\"article\" \/>\n<meta property=\"og:title\" content=\"\u0411\u0430\u0442\u043d\u0438\u043a Ternua Berlana Wmn light forest - \u041c\u0430\u0433\u0430\u0437\u0438\u043d Xstyle\" \/>\n<meta property=\"og:description\" content=\"\u041e\u0442\u043a\u0440\u043e\u0439\u0442\u0435 \u0434\u043b\u044f \u0441\u0435\u0431\u044f \u0431\u0430\u0442\u043d\u0438\u043a Ternua Berlana Wmn light forest \u2014 \u043b\u0435\u0433\u043a\u0438\u0439 \u0438 \u0442\u0435\u043f\u043b\u044b\u0439, \u0438\u0434\u0435\u0430\u043b\u0435\u043d \u0434\u043b\u044f \u0430\u043a\u0442\u0438\u0432\u043d\u043e\u0433\u043e \u043e\u0442\u0434\u044b\u0445\u0430 \u0432 \u043b\u044e\u0431\u043e\u0435 \u0432\u0440\u0435\u043c\u044f \u0433\u043e\u0434\u0430. \u0412\u044b\u0441\u043e\u043a\u043e\u043a\u0430\u0447\u0435\u0441\u0442\u0432\u0435\u043d\u043d\u044b\u0439 DryShell.\" \/>\n<meta property=\"og:url\" content=\"https:\/\/dev.xstyle.md\/ro\/produs\/batnik-ternua-berlana-wmn-light-forest\/\" \/>\n<meta property=\"og:site_name\" content=\"\u041c\u0430\u0433\u0430\u0437\u0438\u043d Xstyle\" \/>\n<meta property=\"article:publisher\" content=\"https:\/\/www.facebook.com\/xstylemd\" \/>\n<meta property=\"article:modified_time\" content=\"2026-03-19T13:21:40+00:00\" \/>\n<meta property=\"og:image\" content=\"https:\/\/dev.xstyle.md\/wp-content\/uploads\/2023\/06\/ternua-berlana-wmn-light-forest.jpg\" \/>\n\t<meta property=\"og:image:width\" content=\"929\" \/>\n\t<meta property=\"og:image:height\" content=\"877\" \/>\n\t<meta property=\"og:image:type\" content=\"image\/jpeg\" \/>\n<meta name=\"twitter:card\" content=\"summary_large_image\" \/>\n<meta name=\"twitter:label1\" content=\"Pre\u021b\" \/>\n\t<meta name=\"twitter:data1\" content=\"1.650,00&nbsp;MDL\" \/>\n\t<meta name=\"twitter:label2\" content=\"Disponibilitate\" \/>\n\t<meta name=\"twitter:data2\" content=\"\u00cen stoc\" \/>\n<script type=\"application\/ld+json\" class=\"yoast-schema-graph\">{\"@context\":\"https:\\\/\\\/schema.org\",\"@graph\":[{\"@type\":\"WebPage\",\"@id\":\"https:\\\/\\\/dev.xstyle.md\\\/product\\\/batnik-ternua-berlana-wmn-light-forest\\\/\",\"url\":\"https:\\\/\\\/dev.xstyle.md\\\/product\\\/batnik-ternua-berlana-wmn-light-forest\\\/\",\"name\":\"\u0411\u0430\u0442\u043d\u0438\u043a Ternua Berlana Wmn light forest - \u041c\u0430\u0433\u0430\u0437\u0438\u043d Xstyle\",\"isPartOf\":{\"@id\":\"https:\\\/\\\/dev.xstyle.md\\\/#website\"},\"primaryImageOfPage\":{\"@id\":\"https:\\\/\\\/dev.xstyle.md\\\/product\\\/batnik-ternua-berlana-wmn-light-forest\\\/#primaryimage\"},\"image\":{\"@id\":\"https:\\\/\\\/dev.xstyle.md\\\/product\\\/batnik-ternua-berlana-wmn-light-forest\\\/#primaryimage\"},\"thumbnailUrl\":\"https:\\\/\\\/dev.xstyle.md\\\/wp-content\\\/uploads\\\/2023\\\/06\\\/ternua-berlana-wmn-light-forest.jpg\",\"datePublished\":\"2023-06-08T09:30:21+00:00\",\"dateModified\":\"2026-03-19T13:21:40+00:00\",\"description\":\"\u041e\u0442\u043a\u0440\u043e\u0439\u0442\u0435 \u0434\u043b\u044f \u0441\u0435\u0431\u044f \u0431\u0430\u0442\u043d\u0438\u043a Ternua Berlana Wmn light forest \u2014 \u043b\u0435\u0433\u043a\u0438\u0439 \u0438 \u0442\u0435\u043f\u043b\u044b\u0439, \u0438\u0434\u0435\u0430\u043b\u0435\u043d \u0434\u043b\u044f \u0430\u043a\u0442\u0438\u0432\u043d\u043e\u0433\u043e \u043e\u0442\u0434\u044b\u0445\u0430 \u0432 \u043b\u044e\u0431\u043e\u0435 \u0432\u0440\u0435\u043c\u044f \u0433\u043e\u0434\u0430. \u0412\u044b\u0441\u043e\u043a\u043e\u043a\u0430\u0447\u0435\u0441\u0442\u0432\u0435\u043d\u043d\u044b\u0439 DryShell.\",\"breadcrumb\":{\"@id\":\"https:\\\/\\\/dev.xstyle.md\\\/product\\\/batnik-ternua-berlana-wmn-light-forest\\\/#breadcrumb\"},\"inLanguage\":\"ro-RO\",\"potentialAction\":[{\"@type\":\"ReadAction\",\"target\":[\"https:\\\/\\\/dev.xstyle.md\\\/product\\\/batnik-ternua-berlana-wmn-light-forest\\\/\"]}]},{\"@type\":\"ImageObject\",\"inLanguage\":\"ro-RO\",\"@id\":\"https:\\\/\\\/dev.xstyle.md\\\/product\\\/batnik-ternua-berlana-wmn-light-forest\\\/#primaryimage\",\"url\":\"https:\\\/\\\/dev.xstyle.md\\\/wp-content\\\/uploads\\\/2023\\\/06\\\/ternua-berlana-wmn-light-forest.jpg\",\"contentUrl\":\"https:\\\/\\\/dev.xstyle.md\\\/wp-content\\\/uploads\\\/2023\\\/06\\\/ternua-berlana-wmn-light-forest.jpg\",\"width\":929,\"height\":877,\"caption\":\"\u0411\u0430\u0442\u043d\u0456\u043a Ternua Berlana Wmn \u0434\u043b\u044f \u0430\u043a\u0442\u0438\u0432\u043d\u043e\u0433\u043e \u043e\u0442\u0434\u044b\u0445\u0430, \u043f\u043e\u0445\u043e\u0434\u0456\u0432 \u0456 \u043f\u043e\u0434\u043e\u0440\u043e\u0436\u0435\u0439 \u0436\u0456\u043d\u043e\u0447\u0438\u0439, \u0441\u043f\u043e\u0440\u0442\u0438\u0432\u043d\u0430 \u0432\u0435\u0440\u0445\u043d\u0456\u0439 \u043e\u0434\u044f\u0433 \u0434\u043b\u044f \u0432\u0443\u043b\u0438\u0447\u043d\u0438\u0445 \u0442\u0440\u0435\u043d\u0443\u0432\u0430\u043d\u044c, \u0437\u043e\u0431\u0440\u0430\u0436\u0435\u043d\u043d\u044f \u0434\u043b\u044f \u043e\u043d\u043b\u0430\u0439\u043d \u043c\u0430\u0433\u0430\u0437\u0438\u043d\u0443 \u0441\u043f\u043e\u0440\u0442\u0438\u0432\u043d\u043e\u0433\u043e \u0441\u043f\u043e\u0440\u044f\u0434\u0436\u0435\u043d\u043d\u044f\"},{\"@type\":\"BreadcrumbList\",\"@id\":\"https:\\\/\\\/dev.xstyle.md\\\/product\\\/batnik-ternua-berlana-wmn-light-forest\\\/#breadcrumb\",\"itemListElement\":[{\"@type\":\"ListItem\",\"position\":1,\"name\":\"\u0413\u043b\u0430\u0432\u043d\u0430\u044f \u0441\u0442\u0440\u0430\u043d\u0438\u0446\u0430\",\"item\":\"https:\\\/\\\/dev.xstyle.md\\\/\"},{\"@type\":\"ListItem\",\"position\":2,\"name\":\"Shop\",\"item\":\"https:\\\/\\\/dev.xstyle.md\\\/shop\\\/\"},{\"@type\":\"ListItem\",\"position\":3,\"name\":\"\u0411\u0430\u0442\u043d\u0438\u043a Ternua Berlana Wmn light forest\"}]},{\"@type\":\"WebSite\",\"@id\":\"https:\\\/\\\/dev.xstyle.md\\\/#website\",\"url\":\"https:\\\/\\\/dev.xstyle.md\\\/\",\"name\":\"\u041c\u0430\u0433\u0430\u0437\u0438\u043d Xstyle\",\"description\":\"C\u043d\u0430\u0440\u044f\u0436\u0435\u043d\u0438\u0435 \u0434\u043b\u044f \u0442\u0443\u0440\u0438\u0437\u043c\u0430 \u0438 \u044d\u043a\u0441\u0442\u0440\u0435\u043c\u0430\u043b\u044c\u043d\u044b\u0445 \u0432\u0438\u0434\u043e\u0432 \u0441\u043f\u043e\u0440\u0442\u0430 \u0432 \u041c\u043e\u043b\u0434\u043e\u0432\u0435.. \u0426\u0435\u043d\u044b, \u0444\u043e\u0442\u043e, \u0445\u0430\u0440\u0430\u043a\u0442\u0435\u0440\u0438\u0441\u0442\u0438\u043a\u0438 \u0432 \u041c\u043e\u043b\u0434\u043e\u0432\u0435.\",\"publisher\":{\"@id\":\"https:\\\/\\\/dev.xstyle.md\\\/#organization\"},\"alternateName\":\"X-Style\",\"potentialAction\":[{\"@type\":\"SearchAction\",\"target\":{\"@type\":\"EntryPoint\",\"urlTemplate\":\"https:\\\/\\\/dev.xstyle.md\\\/?s={search_term_string}\"},\"query-input\":{\"@type\":\"PropertyValueSpecification\",\"valueRequired\":true,\"valueName\":\"search_term_string\"}}],\"inLanguage\":\"ro-RO\"},{\"@type\":\"Organization\",\"@id\":\"https:\\\/\\\/dev.xstyle.md\\\/#organization\",\"name\":\"\u041c\u0430\u0433\u0430\u0437\u0438\u043d Xstyle\",\"alternateName\":\"x-style\",\"url\":\"https:\\\/\\\/dev.xstyle.md\\\/\",\"logo\":{\"@type\":\"ImageObject\",\"inLanguage\":\"ro-RO\",\"@id\":\"https:\\\/\\\/dev.xstyle.md\\\/#\\\/schema\\\/logo\\\/image\\\/\",\"url\":\"https:\\\/\\\/dev.xstyle.md\\\/wp-content\\\/uploads\\\/2020\\\/06\\\/logoicon.svg\",\"contentUrl\":\"https:\\\/\\\/dev.xstyle.md\\\/wp-content\\\/uploads\\\/2020\\\/06\\\/logoicon.svg\",\"caption\":\"\u041c\u0430\u0433\u0430\u0437\u0438\u043d Xstyle\"},\"image\":{\"@id\":\"https:\\\/\\\/dev.xstyle.md\\\/#\\\/schema\\\/logo\\\/image\\\/\"},\"sameAs\":[\"https:\\\/\\\/www.facebook.com\\\/xstylemd\",\"https:\\\/\\\/www.instagram.com\\\/xstyle_md\\\/\",\"https:\\\/\\\/t.me\\\/xstyle_outdoor\"],\"hasMerchantReturnPolicy\":{\"@type\":\"MerchantReturnPolicy\",\"merchantReturnLink\":\"https:\\\/\\\/dev.xstyle.md\\\/ro\\\/conditions\\\/\"}}]}<\/script>\n<meta property=\"product:price:amount\" content=\"1650.00\" \/>\n<meta property=\"product:price:currency\" content=\"MDL\" \/>\n<meta property=\"og:availability\" content=\"instock\" \/>\n<meta property=\"product:availability\" content=\"instock\" \/>\n<meta property=\"product:retailer_item_id\" content=\"8445042044056\" \/>\n<meta property=\"product:condition\" content=\"new\" \/>\n<!-- \/ Yoast SEO plugin. -->","yoast_head_json":{"title":"Pulover Ternua Berlana Wmn light forest - Magazin Xstyle","description":"Descoperi\u021bi hanoracul Ternua Berlana Wmn light forest - u\u0219or \u0219i cald, ideal pentru activit\u0103\u021bi \u00een aer liber \u00een orice sezon. DryShell de \u00eenalt\u0103 calitate.","robots":{"index":"noindex","follow":"follow","max-snippet":"max-snippet:-1","max-image-preview":"max-image-preview:large","max-video-preview":"max-video-preview:-1"},"og_locale":"ro_RO","og_type":"article","og_title":"\u0411\u0430\u0442\u043d\u0438\u043a Ternua Berlana Wmn light forest - \u041c\u0430\u0433\u0430\u0437\u0438\u043d Xstyle","og_description":"\u041e\u0442\u043a\u0440\u043e\u0439\u0442\u0435 \u0434\u043b\u044f \u0441\u0435\u0431\u044f \u0431\u0430\u0442\u043d\u0438\u043a Ternua Berlana Wmn light forest \u2014 \u043b\u0435\u0433\u043a\u0438\u0439 \u0438 \u0442\u0435\u043f\u043b\u044b\u0439, \u0438\u0434\u0435\u0430\u043b\u0435\u043d \u0434\u043b\u044f \u0430\u043a\u0442\u0438\u0432\u043d\u043e\u0433\u043e \u043e\u0442\u0434\u044b\u0445\u0430 \u0432 \u043b\u044e\u0431\u043e\u0435 \u0432\u0440\u0435\u043c\u044f \u0433\u043e\u0434\u0430. \u0412\u044b\u0441\u043e\u043a\u043e\u043a\u0430\u0447\u0435\u0441\u0442\u0432\u0435\u043d\u043d\u044b\u0439 DryShell.","og_url":"https:\/\/dev.xstyle.md\/ro\/produs\/batnik-ternua-berlana-wmn-light-forest\/","og_site_name":"\u041c\u0430\u0433\u0430\u0437\u0438\u043d Xstyle","article_publisher":"https:\/\/www.facebook.com\/xstylemd","article_modified_time":"2026-03-19T13:21:40+00:00","og_image":[{"width":929,"height":877,"url":"https:\/\/dev.xstyle.md\/wp-content\/uploads\/2023\/06\/ternua-berlana-wmn-light-forest.jpg","type":"image\/jpeg"}],"twitter_card":"summary_large_image","twitter_misc":{"Pre\u021b":"1.650,00&nbsp;MDL","Disponibilitate":"\u00cen stoc"},"schema":{"@context":"https:\/\/schema.org","@graph":[{"@type":"WebPage","@id":"https:\/\/dev.xstyle.md\/product\/batnik-ternua-berlana-wmn-light-forest\/","url":"https:\/\/dev.xstyle.md\/product\/batnik-ternua-berlana-wmn-light-forest\/","name":"Pulover Ternua Berlana Wmn light forest - Magazin Xstyle","isPartOf":{"@id":"https:\/\/dev.xstyle.md\/#website"},"primaryImageOfPage":{"@id":"https:\/\/dev.xstyle.md\/product\/batnik-ternua-berlana-wmn-light-forest\/#primaryimage"},"image":{"@id":"https:\/\/dev.xstyle.md\/product\/batnik-ternua-berlana-wmn-light-forest\/#primaryimage"},"thumbnailUrl":"https:\/\/dev.xstyle.md\/wp-content\/uploads\/2023\/06\/ternua-berlana-wmn-light-forest.jpg","datePublished":"2023-06-08T09:30:21+00:00","dateModified":"2026-03-19T13:21:40+00:00","description":"Descoperi\u021bi hanoracul Ternua Berlana Wmn light forest - u\u0219or \u0219i cald, ideal pentru activit\u0103\u021bi \u00een aer liber \u00een orice sezon. DryShell de \u00eenalt\u0103 calitate.","breadcrumb":{"@id":"https:\/\/dev.xstyle.md\/product\/batnik-ternua-berlana-wmn-light-forest\/#breadcrumb"},"inLanguage":"ro-RO","potentialAction":[{"@type":"ReadAction","target":["https:\/\/dev.xstyle.md\/product\/batnik-ternua-berlana-wmn-light-forest\/"]}]},{"@type":"ImageObject","inLanguage":"ro-RO","@id":"https:\/\/dev.xstyle.md\/product\/batnik-ternua-berlana-wmn-light-forest\/#primaryimage","url":"https:\/\/dev.xstyle.md\/wp-content\/uploads\/2023\/06\/ternua-berlana-wmn-light-forest.jpg","contentUrl":"https:\/\/dev.xstyle.md\/wp-content\/uploads\/2023\/06\/ternua-berlana-wmn-light-forest.jpg","width":929,"height":877,"caption":"\u0411\u0430\u0442\u043d\u0456\u043a Ternua Berlana Wmn \u0434\u043b\u044f \u0430\u043a\u0442\u0438\u0432\u043d\u043e\u0433\u043e \u043e\u0442\u0434\u044b\u0445\u0430, \u043f\u043e\u0445\u043e\u0434\u0456\u0432 \u0456 \u043f\u043e\u0434\u043e\u0440\u043e\u0436\u0435\u0439 \u0436\u0456\u043d\u043e\u0447\u0438\u0439, \u0441\u043f\u043e\u0440\u0442\u0438\u0432\u043d\u0430 \u0432\u0435\u0440\u0445\u043d\u0456\u0439 \u043e\u0434\u044f\u0433 \u0434\u043b\u044f \u0432\u0443\u043b\u0438\u0447\u043d\u0438\u0445 \u0442\u0440\u0435\u043d\u0443\u0432\u0430\u043d\u044c, \u0437\u043e\u0431\u0440\u0430\u0436\u0435\u043d\u043d\u044f \u0434\u043b\u044f \u043e\u043d\u043b\u0430\u0439\u043d \u043c\u0430\u0433\u0430\u0437\u0438\u043d\u0443 \u0441\u043f\u043e\u0440\u0442\u0438\u0432\u043d\u043e\u0433\u043e \u0441\u043f\u043e\u0440\u044f\u0434\u0436\u0435\u043d\u043d\u044f"},{"@type":"BreadcrumbList","@id":"https:\/\/dev.xstyle.md\/product\/batnik-ternua-berlana-wmn-light-forest\/#breadcrumb","itemListElement":[{"@type":"ListItem","position":1,"name":"\u0413\u043b\u0430\u0432\u043d\u0430\u044f \u0441\u0442\u0440\u0430\u043d\u0438\u0446\u0430","item":"https:\/\/dev.xstyle.md\/"},{"@type":"ListItem","position":2,"name":"Shop","item":"https:\/\/dev.xstyle.md\/shop\/"},{"@type":"ListItem","position":3,"name":"\u0411\u0430\u0442\u043d\u0438\u043a Ternua Berlana Wmn light forest"}]},{"@type":"WebSite","@id":"https:\/\/dev.xstyle.md\/#website","url":"https:\/\/dev.xstyle.md\/","name":"Magazinul X-Style","description":"Echipamente pentru turism \u0219i sporturi extreme \u00een Moldova. Pre\u021buri, fotografii, caracteristici \u00een Moldova.","publisher":{"@id":"https:\/\/dev.xstyle.md\/#organization"},"alternateName":"X-Style","potentialAction":[{"@type":"SearchAction","target":{"@type":"EntryPoint","urlTemplate":"https:\/\/dev.xstyle.md\/?s={search_term_string}"},"query-input":{"@type":"PropertyValueSpecification","valueRequired":true,"valueName":"search_term_string"}}],"inLanguage":"ro-RO"},{"@type":"Organization","@id":"https:\/\/dev.xstyle.md\/#organization","name":"Magazinul X-Style","alternateName":"x-style","url":"https:\/\/dev.xstyle.md\/","logo":{"@type":"ImageObject","inLanguage":"ro-RO","@id":"https:\/\/dev.xstyle.md\/#\/schema\/logo\/image\/","url":"https:\/\/dev.xstyle.md\/wp-content\/uploads\/2020\/06\/logoicon.svg","contentUrl":"https:\/\/dev.xstyle.md\/wp-content\/uploads\/2020\/06\/logoicon.svg","caption":"\u041c\u0430\u0433\u0430\u0437\u0438\u043d Xstyle"},"image":{"@id":"https:\/\/dev.xstyle.md\/#\/schema\/logo\/image\/"},"sameAs":["https:\/\/www.facebook.com\/xstylemd","https:\/\/www.instagram.com\/xstyle_md\/","https:\/\/t.me\/xstyle_outdoor"],"hasMerchantReturnPolicy":{"@type":"MerchantReturnPolicy","merchantReturnLink":"https:\/\/dev.xstyle.md\/ro\/conditions\/"}}]},"product_price_amount":"1650.00","product_price_currency":"MDL","og_availability":"instock","product_availability":"instock","product_retailer_item_id":"8445042044056","product_condition":"new"},"post_mailing_queue_ids":[],"_links":{"self":[{"href":"https:\/\/dev.xstyle.md\/ro\/wp-json\/wp\/v2\/product\/69660","targetHints":{"allow":["GET"]}}],"collection":[{"href":"https:\/\/dev.xstyle.md\/ro\/wp-json\/wp\/v2\/product"}],"about":[{"href":"https:\/\/dev.xstyle.md\/ro\/wp-json\/wp\/v2\/types\/product"}],"replies":[{"embeddable":true,"href":"https:\/\/dev.xstyle.md\/ro\/wp-json\/wp\/v2\/comments?post=69660"}],"version-history":[{"count":0,"href":"https:\/\/dev.xstyle.md\/ro\/wp-json\/wp\/v2\/product\/69660\/revisions"}],"wp:featuredmedia":[{"embeddable":true,"href":"https:\/\/dev.xstyle.md\/ro\/wp-json\/wp\/v2\/media\/69966"}],"wp:attachment":[{"href":"https:\/\/dev.xstyle.md\/ro\/wp-json\/wp\/v2\/media?parent=69660"}],"wp:term":[{"taxonomy":"product_brand","embeddable":true,"href":"https:\/\/dev.xstyle.md\/ro\/wp-json\/wp\/v2\/product_brand?post=69660"},{"taxonomy":"product_cat","embeddable":true,"href":"https:\/\/dev.xstyle.md\/ro\/wp-json\/wp\/v2\/product_cat?post=69660"},{"taxonomy":"product_tag","embeddable":true,"href":"https:\/\/dev.xstyle.md\/ro\/wp-json\/wp\/v2\/product_tag?post=69660"}],"curies":[{"name":"wp","href":"https:\/\/api.w.org\/{rel}","templated":true}]}}