{"id":6758,"date":"2020-07-16T22:00:47","date_gmt":"2020-07-16T19:00:47","guid":{"rendered":"https:\/\/xstyle.md\/product\/pila-fiskars-sw73"},"modified":"2026-04-07T15:22:48","modified_gmt":"2026-04-07T12:22:48","slug":"pila-fiskars-sw73","status":"publish","type":"product","link":"https:\/\/xstyle.md\/ro\/produs\/pila-fiskars-sw73\/","title":{"rendered":"Fier\u0103str\u0103u Fiskars SW73"},"content":{"rendered":"<\/p>\n<p><strong>Fier\u0103str\u0103u Fiskars SW73<\/strong> &#8212; este ideal\u0103 pentru diverse lucr\u0103ri de t\u00e2mpl\u0103rie \u0219i gr\u0103din\u0103rit. Se simte la fel de bine s\u0103 taie sc\u00e2nduri \u0219i sc\u00e2nduri, precum \u0219i crengi \u0219i m\u0103r\u0103cini \u00een gr\u0103din\u0103. M\u00e2nerul din poliamid\u0103, confortabil \u0219i pl\u0103cut la atingere, elimin\u0103 posibilitatea de r\u0103nire \u00een timpul lucrului. Designul pliabil prelunge\u0219te semnificativ durata de via\u021b\u0103 a lamei, deoarece \u00een interiorul m\u00e2nerului nu exist\u0103 nimic care s\u0103 o toceasc\u0103. Dimensiunile \u0219i greutatea reduse fac ca fier\u0103str\u0103ul s\u0103 fie u\u0219or de depozitat \u0219i transportat.<\/p>\n<p>Fer\u0103straiele retractabile Fiskars Xtract\u2122 sunt o completare excelent\u0103 a topoarelor Fiskars Xseries\u2122. Fer\u0103straiele Fiskars Xtract\u2122 sunt concepute pentru t\u0103ierea \u0219i t\u0103ierea lemnului proasp\u0103t.<\/p>\n<h3>Particularit\u0103\u021bi<\/h3>\n<ul>\n<li>P\u00e2nza retractabil\u0103 \u0219i clema pentru centur\u0103 fac fer\u0103str\u0103ul c\u00e2t mai sigur \u0219i mai confortabil, at\u00e2t atunci c\u00e2nd v\u0103 deplasa\u021bi prin gr\u0103din\u0103 cu unealta \u00een m\u00e2n\u0103, c\u00e2t \u0219i atunci c\u00e2nd lucra\u021bi.<\/li>\n<li>M\u00e2nerul portocaliu recunoscut SoftGrip\u2122 ofer\u0103 o prindere sigur\u0103<\/li>\n<li>Eficient pentru t\u0103ierea lemnului proasp\u0103t<\/li>\n<li>Design nou cu clem\u0103 de centur\u0103 care se retrage \u00een timpul utiliz\u0103rii<\/li>\n<li>Degetele sunt protejate \u00eempotriva alunec\u0103rii pe lam\u0103<\/li>\n<li>T\u0103ierea cu fer\u0103str\u0103ul \u00een sens invers<\/li>\n<li>Fer\u0103str\u0103ul este conceput special pentru t\u0103ierea sc\u00e2ndurilor \u0219i a b\u00e2rnelor<\/li>\n<li>Din\u021bii taie fibrele de lemn \u0219i \u00eendep\u0103rteaz\u0103 a\u0219chiile de pe t\u0103i\u0219<\/li>\n<li>Prev\u0103zut cu o clem\u0103 de centur\u0103 care se retrage \u00een timpul utiliz\u0103rii<\/li>\n<li>Lam\u0103 din o\u021bel c\u0103lit<\/li>\n<\/ul>\n<h3>Caracteristici<\/h3>\n<ul>\n<li>Capacitate de t\u0103iere &#8212; 120 mm<\/li>\n<li>Lungimea lamei &#8212; 160 mm<\/li>\n<\/ul>\n<h3>Marca<\/h3>\n<p>Timp de trei secole \u0219i jum\u0103tate, Fiskars a fost unul dintre cei mai importan\u021bi produc\u0103tori de diverse unelte din fier forjat, font\u0103 \u0219i metal. Pornind de la o produc\u021bie artizanal\u0103 \u00eentr-un mic sat din Finlanda, compania a crescut \u0219i a devenit o imens\u0103 corpora\u021bie multina\u021bional\u0103 cu birouri pe patru continente. Ast\u0103zi, produc\u0103torul r\u0103m\u00e2ne lider \u00een produc\u021bia de unelte de gr\u0103din\u0103 \u0219i o varietate de produse pentru activit\u0103\u021bi agricole.<\/p>\n<p><\/p>","protected":false},"excerpt":{"rendered":"<p>Fier\u0103str\u0103u Fiskars SW73<\/p>","protected":false},"featured_media":6757,"comment_status":"open","ping_status":"closed","template":"","meta":{"_acf_changed":false,"inline_featured_image":false},"product_brand":[1264],"product_cat":[357],"product_tag":[],"class_list":{"0":"post-6758","1":"product","2":"type-product","3":"status-publish","4":"has-post-thumbnail","6":"product_brand-fiskars","7":"product_cat-instrumenti","9":"first","10":"instock","11":"shipping-taxable","12":"purchasable","13":"product-type-simple"},"acf":[],"yoast_head":"<!-- This site is optimized with the Yoast SEO plugin v27.4 - https:\/\/yoast.com\/product\/yoast-seo-wordpress\/ -->\n<title>\u041f\u0438\u043b\u0430 Fiskars SW73 - \u041c\u0430\u0433\u0430\u0437\u0438\u043d Xstyle<\/title>\n<meta name=\"description\" content=\"\u041f\u0438\u043b\u0430 Fiskars SW73 \u0438\u0434\u0435\u0430\u043b\u044c\u043d\u043e \u043f\u043e\u0434\u0445\u043e\u0434\u0438\u0442 \u0434\u043b\u044f \u0441\u0442\u043e\u043b\u044f\u0440\u043d\u044b\u0445 \u0438 \u0441\u0430\u0434\u043e\u0432\u043e\u0434\u0447\u0435\u0441\u043a\u0438\u0445 \u0440\u0430\u0431\u043e\u0442. \u0423\u0434\u043e\u0431\u043d\u0430\u044f \u0440\u0443\u043a\u043e\u044f\u0442\u043a\u0430 \u0438 \u0441\u043a\u043b\u0430\u0434\u043d\u043e\u0439 \u0434\u0438\u0437\u0430\u0439\u043d \u043e\u0431\u0435\u0441\u043f\u0435\u0447\u0438\u0432\u0430\u044e\u0442 \u043a\u043e\u043c\u0444\u043e\u0440\u0442 \u0438 \u0431\u0435\u0437\u043e\u043f\u0430\u0441\u043d\u043e\u0441\u0442\u044c.\" \/>\n<meta name=\"robots\" content=\"index, follow, max-snippet:-1, max-image-preview:large, max-video-preview:-1\" \/>\n<link rel=\"canonical\" href=\"https:\/\/xstyle.md\/ro\/produs\/pila-fiskars-sw73\/\" \/>\n<meta property=\"og:locale\" content=\"ro_RO\" \/>\n<meta property=\"og:type\" content=\"article\" \/>\n<meta property=\"og:title\" content=\"\u041f\u0438\u043b\u0430 Fiskars SW73 - \u041c\u0430\u0433\u0430\u0437\u0438\u043d Xstyle\" \/>\n<meta property=\"og:description\" content=\"\u041f\u0438\u043b\u0430 Fiskars SW73 \u0438\u0434\u0435\u0430\u043b\u044c\u043d\u043e \u043f\u043e\u0434\u0445\u043e\u0434\u0438\u0442 \u0434\u043b\u044f \u0441\u0442\u043e\u043b\u044f\u0440\u043d\u044b\u0445 \u0438 \u0441\u0430\u0434\u043e\u0432\u043e\u0434\u0447\u0435\u0441\u043a\u0438\u0445 \u0440\u0430\u0431\u043e\u0442. \u0423\u0434\u043e\u0431\u043d\u0430\u044f \u0440\u0443\u043a\u043e\u044f\u0442\u043a\u0430 \u0438 \u0441\u043a\u043b\u0430\u0434\u043d\u043e\u0439 \u0434\u0438\u0437\u0430\u0439\u043d \u043e\u0431\u0435\u0441\u043f\u0435\u0447\u0438\u0432\u0430\u044e\u0442 \u043a\u043e\u043c\u0444\u043e\u0440\u0442 \u0438 \u0431\u0435\u0437\u043e\u043f\u0430\u0441\u043d\u043e\u0441\u0442\u044c.\" \/>\n<meta property=\"og:url\" content=\"https:\/\/xstyle.md\/ro\/produs\/pila-fiskars-sw73\/\" \/>\n<meta property=\"og:site_name\" content=\"\u041c\u0430\u0433\u0430\u0437\u0438\u043d Xstyle\" \/>\n<meta property=\"article:publisher\" content=\"https:\/\/www.facebook.com\/xstylemd\" \/>\n<meta property=\"article:modified_time\" content=\"2026-04-07T12:22:48+00:00\" \/>\n<meta property=\"og:image\" content=\"https:\/\/xstyle.md\/wp-content\/uploads\/2020\/07\/123870xtractsaws.jpg\" \/>\n\t<meta property=\"og:image:width\" content=\"980\" \/>\n\t<meta property=\"og:image:height\" content=\"403\" \/>\n\t<meta property=\"og:image:type\" content=\"image\/jpeg\" \/>\n<meta name=\"twitter:card\" content=\"summary_large_image\" \/>\n<meta name=\"twitter:label1\" content=\"Pre\u021b\" \/>\n\t<meta name=\"twitter:data1\" content=\"950&nbsp;MDL\" \/>\n\t<meta name=\"twitter:label2\" content=\"Disponibilitate\" \/>\n\t<meta name=\"twitter:data2\" content=\"\u00cen stoc\" \/>\n<script type=\"application\/ld+json\" class=\"yoast-schema-graph\">{\"@context\":\"https:\\\/\\\/schema.org\",\"@graph\":[{\"@type\":\"WebPage\",\"@id\":\"https:\\\/\\\/xstyle.md\\\/product\\\/pila-fiskars-sw73\\\/\",\"url\":\"https:\\\/\\\/xstyle.md\\\/product\\\/pila-fiskars-sw73\\\/\",\"name\":\"\u041f\u0438\u043b\u0430 Fiskars SW73 - \u041c\u0430\u0433\u0430\u0437\u0438\u043d Xstyle\",\"isPartOf\":{\"@id\":\"https:\\\/\\\/xstyle.md\\\/#website\"},\"primaryImageOfPage\":{\"@id\":\"https:\\\/\\\/xstyle.md\\\/product\\\/pila-fiskars-sw73\\\/#primaryimage\"},\"image\":{\"@id\":\"https:\\\/\\\/xstyle.md\\\/product\\\/pila-fiskars-sw73\\\/#primaryimage\"},\"thumbnailUrl\":\"https:\\\/\\\/xstyle.md\\\/wp-content\\\/uploads\\\/2020\\\/07\\\/123870xtractsaws.jpg\",\"datePublished\":\"2020-07-16T19:00:47+00:00\",\"dateModified\":\"2026-04-07T12:22:48+00:00\",\"description\":\"\u041f\u0438\u043b\u0430 Fiskars SW73 \u0438\u0434\u0435\u0430\u043b\u044c\u043d\u043e \u043f\u043e\u0434\u0445\u043e\u0434\u0438\u0442 \u0434\u043b\u044f \u0441\u0442\u043e\u043b\u044f\u0440\u043d\u044b\u0445 \u0438 \u0441\u0430\u0434\u043e\u0432\u043e\u0434\u0447\u0435\u0441\u043a\u0438\u0445 \u0440\u0430\u0431\u043e\u0442. \u0423\u0434\u043e\u0431\u043d\u0430\u044f \u0440\u0443\u043a\u043e\u044f\u0442\u043a\u0430 \u0438 \u0441\u043a\u043b\u0430\u0434\u043d\u043e\u0439 \u0434\u0438\u0437\u0430\u0439\u043d \u043e\u0431\u0435\u0441\u043f\u0435\u0447\u0438\u0432\u0430\u044e\u0442 \u043a\u043e\u043c\u0444\u043e\u0440\u0442 \u0438 \u0431\u0435\u0437\u043e\u043f\u0430\u0441\u043d\u043e\u0441\u0442\u044c.\",\"breadcrumb\":{\"@id\":\"https:\\\/\\\/xstyle.md\\\/product\\\/pila-fiskars-sw73\\\/#breadcrumb\"},\"inLanguage\":\"ro-RO\",\"potentialAction\":[{\"@type\":\"ReadAction\",\"target\":[\"https:\\\/\\\/xstyle.md\\\/product\\\/pila-fiskars-sw73\\\/\"]}]},{\"@type\":\"ImageObject\",\"inLanguage\":\"ro-RO\",\"@id\":\"https:\\\/\\\/xstyle.md\\\/product\\\/pila-fiskars-sw73\\\/#primaryimage\",\"url\":\"https:\\\/\\\/xstyle.md\\\/wp-content\\\/uploads\\\/2020\\\/07\\\/123870xtractsaws.jpg\",\"contentUrl\":\"https:\\\/\\\/xstyle.md\\\/wp-content\\\/uploads\\\/2020\\\/07\\\/123870xtractsaws.jpg\",\"width\":980,\"height\":403},{\"@type\":\"BreadcrumbList\",\"@id\":\"https:\\\/\\\/xstyle.md\\\/product\\\/pila-fiskars-sw73\\\/#breadcrumb\",\"itemListElement\":[{\"@type\":\"ListItem\",\"position\":1,\"name\":\"\u0413\u043b\u0430\u0432\u043d\u0430\u044f \u0441\u0442\u0440\u0430\u043d\u0438\u0446\u0430\",\"item\":\"https:\\\/\\\/xstyle.md\\\/\"},{\"@type\":\"ListItem\",\"position\":2,\"name\":\"\u041c\u0430\u0433\u0430\u0437\u0438\u043d\",\"item\":\"https:\\\/\\\/xstyle.md\\\/shop\\\/\"},{\"@type\":\"ListItem\",\"position\":3,\"name\":\"\u041f\u0438\u043b\u0430 Fiskars SW73\"}]},{\"@type\":\"WebSite\",\"@id\":\"https:\\\/\\\/xstyle.md\\\/#website\",\"url\":\"https:\\\/\\\/xstyle.md\\\/\",\"name\":\"\u041c\u0430\u0433\u0430\u0437\u0438\u043d Xstyle\",\"description\":\"C\u043d\u0430\u0440\u044f\u0436\u0435\u043d\u0438\u0435 \u0434\u043b\u044f \u0442\u0443\u0440\u0438\u0437\u043c\u0430 \u0438 \u044d\u043a\u0441\u0442\u0440\u0435\u043c\u0430\u043b\u044c\u043d\u044b\u0445 \u0432\u0438\u0434\u043e\u0432 \u0441\u043f\u043e\u0440\u0442\u0430 \u0432 \u041c\u043e\u043b\u0434\u043e\u0432\u0435.. \u0426\u0435\u043d\u044b, \u0444\u043e\u0442\u043e, \u0445\u0430\u0440\u0430\u043a\u0442\u0435\u0440\u0438\u0441\u0442\u0438\u043a\u0438 \u0432 \u041c\u043e\u043b\u0434\u043e\u0432\u0435.\",\"publisher\":{\"@id\":\"https:\\\/\\\/xstyle.md\\\/#organization\"},\"alternateName\":\"X-Style\",\"potentialAction\":[{\"@type\":\"SearchAction\",\"target\":{\"@type\":\"EntryPoint\",\"urlTemplate\":\"https:\\\/\\\/xstyle.md\\\/?s={search_term_string}\"},\"query-input\":{\"@type\":\"PropertyValueSpecification\",\"valueRequired\":true,\"valueName\":\"search_term_string\"}}],\"inLanguage\":\"ro-RO\"},{\"@type\":\"Organization\",\"@id\":\"https:\\\/\\\/xstyle.md\\\/#organization\",\"name\":\"\u041c\u0430\u0433\u0430\u0437\u0438\u043d Xstyle\",\"alternateName\":\"x-style\",\"url\":\"https:\\\/\\\/xstyle.md\\\/\",\"logo\":{\"@type\":\"ImageObject\",\"inLanguage\":\"ro-RO\",\"@id\":\"https:\\\/\\\/xstyle.md\\\/#\\\/schema\\\/logo\\\/image\\\/\",\"url\":\"https:\\\/\\\/xstyle.md\\\/wp-content\\\/uploads\\\/2020\\\/06\\\/logoicon.svg\",\"contentUrl\":\"https:\\\/\\\/xstyle.md\\\/wp-content\\\/uploads\\\/2020\\\/06\\\/logoicon.svg\",\"caption\":\"\u041c\u0430\u0433\u0430\u0437\u0438\u043d Xstyle\"},\"image\":{\"@id\":\"https:\\\/\\\/xstyle.md\\\/#\\\/schema\\\/logo\\\/image\\\/\"},\"sameAs\":[\"https:\\\/\\\/www.facebook.com\\\/xstylemd\",\"https:\\\/\\\/www.instagram.com\\\/xstyle_md\\\/\",\"https:\\\/\\\/t.me\\\/xstyle_outdoor\"],\"hasMerchantReturnPolicy\":{\"@type\":\"MerchantReturnPolicy\",\"merchantReturnLink\":\"https:\\\/\\\/xstyle.md\\\/ro\\\/conditions\\\/\"}}]}<\/script>\n<meta property=\"product:price:amount\" content=\"950.00\" \/>\n<meta property=\"product:price:currency\" content=\"MDL\" \/>\n<meta property=\"og:availability\" content=\"instock\" \/>\n<meta property=\"product:availability\" content=\"instock\" \/>\n<meta property=\"product:retailer_item_id\" content=\"6411501238702\" \/>\n<meta property=\"product:condition\" content=\"new\" \/>\n<!-- \/ Yoast SEO plugin. -->","yoast_head_json":{"title":"Fier\u0103str\u0103u Fiskars SW73 - Magazin Xstyle","description":"Fer\u0103str\u0103ul Fiskars SW73 este perfect pentru lucr\u0103rile de t\u00e2mpl\u0103rie \u0219i gr\u0103din\u0103rit. M\u00e2nerul confortabil \u0219i designul pliabil asigur\u0103 confortul \u0219i siguran\u021ba.","robots":{"index":"index","follow":"follow","max-snippet":"max-snippet:-1","max-image-preview":"max-image-preview:large","max-video-preview":"max-video-preview:-1"},"canonical":"https:\/\/xstyle.md\/ro\/produs\/pila-fiskars-sw73\/","og_locale":"ro_RO","og_type":"article","og_title":"\u041f\u0438\u043b\u0430 Fiskars SW73 - \u041c\u0430\u0433\u0430\u0437\u0438\u043d Xstyle","og_description":"\u041f\u0438\u043b\u0430 Fiskars SW73 \u0438\u0434\u0435\u0430\u043b\u044c\u043d\u043e \u043f\u043e\u0434\u0445\u043e\u0434\u0438\u0442 \u0434\u043b\u044f \u0441\u0442\u043e\u043b\u044f\u0440\u043d\u044b\u0445 \u0438 \u0441\u0430\u0434\u043e\u0432\u043e\u0434\u0447\u0435\u0441\u043a\u0438\u0445 \u0440\u0430\u0431\u043e\u0442. \u0423\u0434\u043e\u0431\u043d\u0430\u044f \u0440\u0443\u043a\u043e\u044f\u0442\u043a\u0430 \u0438 \u0441\u043a\u043b\u0430\u0434\u043d\u043e\u0439 \u0434\u0438\u0437\u0430\u0439\u043d \u043e\u0431\u0435\u0441\u043f\u0435\u0447\u0438\u0432\u0430\u044e\u0442 \u043a\u043e\u043c\u0444\u043e\u0440\u0442 \u0438 \u0431\u0435\u0437\u043e\u043f\u0430\u0441\u043d\u043e\u0441\u0442\u044c.","og_url":"https:\/\/xstyle.md\/ro\/produs\/pila-fiskars-sw73\/","og_site_name":"\u041c\u0430\u0433\u0430\u0437\u0438\u043d Xstyle","article_publisher":"https:\/\/www.facebook.com\/xstylemd","article_modified_time":"2026-04-07T12:22:48+00:00","og_image":[{"width":980,"height":403,"url":"https:\/\/xstyle.md\/wp-content\/uploads\/2020\/07\/123870xtractsaws.jpg","type":"image\/jpeg"}],"twitter_card":"summary_large_image","twitter_misc":{"Pre\u021b":"950&nbsp;MDL","Disponibilitate":"\u00cen stoc"},"schema":{"@context":"https:\/\/schema.org","@graph":[{"@type":"WebPage","@id":"https:\/\/xstyle.md\/product\/pila-fiskars-sw73\/","url":"https:\/\/xstyle.md\/product\/pila-fiskars-sw73\/","name":"Fier\u0103str\u0103u Fiskars SW73 - Magazin Xstyle","isPartOf":{"@id":"https:\/\/xstyle.md\/#website"},"primaryImageOfPage":{"@id":"https:\/\/xstyle.md\/product\/pila-fiskars-sw73\/#primaryimage"},"image":{"@id":"https:\/\/xstyle.md\/product\/pila-fiskars-sw73\/#primaryimage"},"thumbnailUrl":"https:\/\/xstyle.md\/wp-content\/uploads\/2020\/07\/123870xtractsaws.jpg","datePublished":"2020-07-16T19:00:47+00:00","dateModified":"2026-04-07T12:22:48+00:00","description":"Fer\u0103str\u0103ul Fiskars SW73 este perfect pentru lucr\u0103rile de t\u00e2mpl\u0103rie \u0219i gr\u0103din\u0103rit. M\u00e2nerul confortabil \u0219i designul pliabil asigur\u0103 confortul \u0219i siguran\u021ba.","breadcrumb":{"@id":"https:\/\/xstyle.md\/product\/pila-fiskars-sw73\/#breadcrumb"},"inLanguage":"ro-RO","potentialAction":[{"@type":"ReadAction","target":["https:\/\/xstyle.md\/product\/pila-fiskars-sw73\/"]}]},{"@type":"ImageObject","inLanguage":"ro-RO","@id":"https:\/\/xstyle.md\/product\/pila-fiskars-sw73\/#primaryimage","url":"https:\/\/xstyle.md\/wp-content\/uploads\/2020\/07\/123870xtractsaws.jpg","contentUrl":"https:\/\/xstyle.md\/wp-content\/uploads\/2020\/07\/123870xtractsaws.jpg","width":980,"height":403},{"@type":"BreadcrumbList","@id":"https:\/\/xstyle.md\/product\/pila-fiskars-sw73\/#breadcrumb","itemListElement":[{"@type":"ListItem","position":1,"name":"\u0413\u043b\u0430\u0432\u043d\u0430\u044f \u0441\u0442\u0440\u0430\u043d\u0438\u0446\u0430","item":"https:\/\/xstyle.md\/"},{"@type":"ListItem","position":2,"name":"\u041c\u0430\u0433\u0430\u0437\u0438\u043d","item":"https:\/\/xstyle.md\/shop\/"},{"@type":"ListItem","position":3,"name":"\u041f\u0438\u043b\u0430 Fiskars SW73"}]},{"@type":"WebSite","@id":"https:\/\/xstyle.md\/#website","url":"https:\/\/xstyle.md\/","name":"Magazinul X-Style","description":"Echipamente pentru turism \u0219i sporturi extreme \u00een Moldova. Pre\u021buri, fotografii, caracteristici \u00een Moldova.","publisher":{"@id":"https:\/\/xstyle.md\/#organization"},"alternateName":"X-Style","potentialAction":[{"@type":"SearchAction","target":{"@type":"EntryPoint","urlTemplate":"https:\/\/xstyle.md\/?s={search_term_string}"},"query-input":{"@type":"PropertyValueSpecification","valueRequired":true,"valueName":"search_term_string"}}],"inLanguage":"ro-RO"},{"@type":"Organization","@id":"https:\/\/xstyle.md\/#organization","name":"Magazinul X-Style","alternateName":"x-style","url":"https:\/\/xstyle.md\/","logo":{"@type":"ImageObject","inLanguage":"ro-RO","@id":"https:\/\/xstyle.md\/#\/schema\/logo\/image\/","url":"https:\/\/xstyle.md\/wp-content\/uploads\/2020\/06\/logoicon.svg","contentUrl":"https:\/\/xstyle.md\/wp-content\/uploads\/2020\/06\/logoicon.svg","caption":"\u041c\u0430\u0433\u0430\u0437\u0438\u043d Xstyle"},"image":{"@id":"https:\/\/xstyle.md\/#\/schema\/logo\/image\/"},"sameAs":["https:\/\/www.facebook.com\/xstylemd","https:\/\/www.instagram.com\/xstyle_md\/","https:\/\/t.me\/xstyle_outdoor"],"hasMerchantReturnPolicy":{"@type":"MerchantReturnPolicy","merchantReturnLink":"https:\/\/xstyle.md\/ro\/conditions\/"}}]},"product_price_amount":"950.00","product_price_currency":"MDL","og_availability":"instock","product_availability":"instock","product_retailer_item_id":"6411501238702","product_condition":"new"},"_links":{"self":[{"href":"https:\/\/xstyle.md\/ro\/wp-json\/wp\/v2\/product\/6758","targetHints":{"allow":["GET"]}}],"collection":[{"href":"https:\/\/xstyle.md\/ro\/wp-json\/wp\/v2\/product"}],"about":[{"href":"https:\/\/xstyle.md\/ro\/wp-json\/wp\/v2\/types\/product"}],"replies":[{"embeddable":true,"href":"https:\/\/xstyle.md\/ro\/wp-json\/wp\/v2\/comments?post=6758"}],"wp:featuredmedia":[{"embeddable":true,"href":"https:\/\/xstyle.md\/ro\/wp-json\/wp\/v2\/media\/6757"}],"wp:attachment":[{"href":"https:\/\/xstyle.md\/ro\/wp-json\/wp\/v2\/media?parent=6758"}],"wp:term":[{"taxonomy":"product_brand","embeddable":true,"href":"https:\/\/xstyle.md\/ro\/wp-json\/wp\/v2\/product_brand?post=6758"},{"taxonomy":"product_cat","embeddable":true,"href":"https:\/\/xstyle.md\/ro\/wp-json\/wp\/v2\/product_cat?post=6758"},{"taxonomy":"product_tag","embeddable":true,"href":"https:\/\/xstyle.md\/ro\/wp-json\/wp\/v2\/product_tag?post=6758"}],"curies":[{"name":"wp","href":"https:\/\/api.w.org\/{rel}","templated":true}]}}