{"id":67560,"date":"2023-04-27T11:59:03","date_gmt":"2023-04-27T08:59:03","guid":{"rendered":"https:\/\/xstyle.md\/?post_type=product&#038;p=67560"},"modified":"2025-03-10T18:14:52","modified_gmt":"2025-03-10T15:14:52","slug":"raketki-dlya-badmintona-spokey-woo-bad","status":"publish","type":"product","link":"https:\/\/xstyle.md\/ro\/produs\/raketki-dlya-badmintona-spokey-woo-bad\/","title":{"rendered":"Rachete de badminton Spokey WOO-BAD"},"content":{"rendered":"<\/p>\n<p><strong>Spokey WOO-BAD<\/strong> &#8212; un set de badminton de plaj\u0103 care va ad\u0103uga pu\u021bin\u0103 competi\u021bie s\u0103n\u0103toas\u0103 timpului t\u0103u liber. Setul este format din dou\u0103 rachete \u0219i o minge, perfect pentru vacan\u021be la mare, la lac sau joac\u0103 activ\u0103 \u00een gr\u0103din\u0103. Construc\u021bia din lemn este durabil\u0103, iar finisajul din plastic de pe m\u00e2nere permite rachetei s\u0103 se odihneasc\u0103 bine \u00een m\u00e2n\u0103.<\/p>\n<p>Jocul v\u0103 va permite s\u0103 v\u0103 antrena\u021bi condi\u021bia fizic\u0103 general\u0103 \u0219i coordonarea. \u00centregul set este ambalat \u00eentr-o hus\u0103 practic\u0103 din plas\u0103 pentru transport \u0219i depozitare u\u0219oar\u0103. Designul multicolor va atrage cu siguran\u021b\u0103 aten\u021bia copiilor \u0219i \u00eei va \u00eencuraja s\u0103 fie activi. Jocul va aduce mult\u0103 distrac\u021bie pentru toat\u0103 lumea \u00een timp ce se relaxeaz\u0103 \u00een aer curat.<\/p>\n<h3>Caracteristici<\/h3>\n<ul>\n<li>Lungimea rachetei &#8212; 38 cm<\/li>\n<li>L\u0103\u021bimea rachetei &#8212; 19,5 cm<\/li>\n<li>Diametrul mingii &#8212; 4 cm<\/li>\n<\/ul>\n<h3>Setul include<\/h3>\n<ul>\n<li>2 rachete<\/li>\n<li>1 minge<\/li>\n<\/ul>\n<h3>Marca<\/h3>\n<p>Spokey este un brand polonez t\u00e2n\u0103r, fondat recent, \u00een 2007, dar care a devenit rapid un lider \u00een produc\u021bia unei game extrem de largi de produse pentru diferite tipuri de activit\u0103\u021bi \u00een aer liber. Succesul s\u0103u a fost posibil datorit\u0103 unor factori precum: munca constant\u0103, dorin\u021ba de autoperfec\u021bionare, o echip\u0103 talentat\u0103 de profesioni\u0219ti \u0219i o abordare meticuloas\u0103 a produc\u021biei. \u00cen ciuda tinere\u021bii sale, compania c\u00e2\u0219tig\u0103 rapid inimile pasiona\u021bilor de sport \u0219i de activit\u0103\u021bi \u00een aer liber. \u00cen plus, compania acord\u0103 o mare aten\u021bie calit\u0103\u021bii produselor sale. Fiabilitatea excelent\u0103, conformitatea cu toate standardele de siguran\u021b\u0103 \u0219i cele mai bune solu\u021bii de design au devenit principalul motiv pentru cererea ridicat\u0103 pentru produsele m\u0103rcii.<\/p>\n<p><\/p>","protected":false},"excerpt":{"rendered":"","protected":false},"featured_media":68246,"comment_status":"open","ping_status":"closed","template":"","meta":{"_acf_changed":false,"inline_featured_image":false},"product_brand":[1425],"product_cat":[960],"product_tag":[],"class_list":{"0":"post-67560","1":"product","2":"type-product","3":"status-publish","4":"has-post-thumbnail","6":"product_brand-spokey","7":"product_cat-sports-equipment","9":"first","10":"instock","11":"shipping-taxable","12":"purchasable","13":"product-type-simple"},"acf":[],"yoast_head":"<!-- This site is optimized with the Yoast SEO plugin v27.4 - https:\/\/yoast.com\/product\/yoast-seo-wordpress\/ -->\n<title>\u0420\u0430\u043a\u0435\u0442\u043a\u0438 \u0434\u043b\u044f \u0431\u0430\u0434\u043c\u0438\u043d\u0442\u043e\u043d\u0430 Spokey WOO-BAD - \u041c\u0430\u0433\u0430\u0437\u0438\u043d Xstyle<\/title>\n<meta name=\"description\" content=\"\u041f\u043e\u043b\u0443\u0447\u0438\u0442\u0435 \u0443\u0434\u043e\u0432\u043e\u043b\u044c\u0441\u0442\u0432\u0438\u0435 \u043e\u0442 \u0438\u0433\u0440\u044b \u0441 \u0440\u0430\u043a\u0435\u0442\u043a\u0430\u043c\u0438 \u0434\u043b\u044f \u0431\u0430\u0434\u043c\u0438\u043d\u0442\u043e\u043d\u0430 Spokey WOO-BAD! \u0418\u0434\u0435\u0430\u043b\u044c\u043d\u044b \u0434\u043b\u044f \u043e\u0442\u0434\u044b\u0445\u0430, \u043e\u043d\u0438 \u043e\u0431\u0435\u0441\u043f\u0435\u0447\u0430\u0442 \u0430\u043a\u0442\u0438\u0432\u043d\u044b\u0435 \u043c\u043e\u043c\u0435\u043d\u0442\u044b \u043d\u0430 \u043f\u043b\u044f\u0436\u0435 \u0438\u043b\u0438 \u0432 \u043f\u0430\u0440\u043a\u0435.\" \/>\n<meta name=\"robots\" content=\"index, follow, max-snippet:-1, max-image-preview:large, max-video-preview:-1\" \/>\n<link rel=\"canonical\" href=\"https:\/\/xstyle.md\/ro\/produs\/raketki-dlya-badmintona-spokey-woo-bad\/\" \/>\n<meta property=\"og:locale\" content=\"ro_RO\" \/>\n<meta property=\"og:type\" content=\"article\" \/>\n<meta property=\"og:title\" content=\"\u0420\u0430\u043a\u0435\u0442\u043a\u0438 \u0434\u043b\u044f \u0431\u0430\u0434\u043c\u0438\u043d\u0442\u043e\u043d\u0430 Spokey WOO-BAD - \u041c\u0430\u0433\u0430\u0437\u0438\u043d Xstyle\" \/>\n<meta property=\"og:description\" content=\"\u041f\u043e\u043b\u0443\u0447\u0438\u0442\u0435 \u0443\u0434\u043e\u0432\u043e\u043b\u044c\u0441\u0442\u0432\u0438\u0435 \u043e\u0442 \u0438\u0433\u0440\u044b \u0441 \u0440\u0430\u043a\u0435\u0442\u043a\u0430\u043c\u0438 \u0434\u043b\u044f \u0431\u0430\u0434\u043c\u0438\u043d\u0442\u043e\u043d\u0430 Spokey WOO-BAD! \u0418\u0434\u0435\u0430\u043b\u044c\u043d\u044b \u0434\u043b\u044f \u043e\u0442\u0434\u044b\u0445\u0430, \u043e\u043d\u0438 \u043e\u0431\u0435\u0441\u043f\u0435\u0447\u0430\u0442 \u0430\u043a\u0442\u0438\u0432\u043d\u044b\u0435 \u043c\u043e\u043c\u0435\u043d\u0442\u044b \u043d\u0430 \u043f\u043b\u044f\u0436\u0435 \u0438\u043b\u0438 \u0432 \u043f\u0430\u0440\u043a\u0435.\" \/>\n<meta property=\"og:url\" content=\"https:\/\/xstyle.md\/ro\/produs\/raketki-dlya-badmintona-spokey-woo-bad\/\" \/>\n<meta property=\"og:site_name\" content=\"\u041c\u0430\u0433\u0430\u0437\u0438\u043d Xstyle\" \/>\n<meta property=\"article:publisher\" content=\"https:\/\/www.facebook.com\/xstylemd\" \/>\n<meta property=\"article:modified_time\" content=\"2025-03-10T15:14:52+00:00\" \/>\n<meta property=\"og:image\" content=\"https:\/\/xstyle.md\/wp-content\/uploads\/2023\/04\/spokey-woo-bad.jpg\" \/>\n\t<meta property=\"og:image:width\" content=\"1126\" \/>\n\t<meta property=\"og:image:height\" content=\"1114\" \/>\n\t<meta property=\"og:image:type\" content=\"image\/jpeg\" \/>\n<meta name=\"twitter:card\" content=\"summary_large_image\" \/>\n<meta name=\"twitter:label1\" content=\"Pre\u021b\" \/>\n\t<meta name=\"twitter:data1\" content=\"275&nbsp;MDL\" \/>\n\t<meta name=\"twitter:label2\" content=\"Disponibilitate\" \/>\n\t<meta name=\"twitter:data2\" content=\"\u00cen stoc\" \/>\n<script type=\"application\/ld+json\" class=\"yoast-schema-graph\">{\"@context\":\"https:\\\/\\\/schema.org\",\"@graph\":[{\"@type\":\"WebPage\",\"@id\":\"https:\\\/\\\/xstyle.md\\\/product\\\/raketki-dlya-badmintona-spokey-woo-bad\\\/\",\"url\":\"https:\\\/\\\/xstyle.md\\\/product\\\/raketki-dlya-badmintona-spokey-woo-bad\\\/\",\"name\":\"\u0420\u0430\u043a\u0435\u0442\u043a\u0438 \u0434\u043b\u044f \u0431\u0430\u0434\u043c\u0438\u043d\u0442\u043e\u043d\u0430 Spokey WOO-BAD - \u041c\u0430\u0433\u0430\u0437\u0438\u043d Xstyle\",\"isPartOf\":{\"@id\":\"https:\\\/\\\/xstyle.md\\\/#website\"},\"primaryImageOfPage\":{\"@id\":\"https:\\\/\\\/xstyle.md\\\/product\\\/raketki-dlya-badmintona-spokey-woo-bad\\\/#primaryimage\"},\"image\":{\"@id\":\"https:\\\/\\\/xstyle.md\\\/product\\\/raketki-dlya-badmintona-spokey-woo-bad\\\/#primaryimage\"},\"thumbnailUrl\":\"https:\\\/\\\/xstyle.md\\\/wp-content\\\/uploads\\\/2023\\\/04\\\/spokey-woo-bad.jpg\",\"datePublished\":\"2023-04-27T08:59:03+00:00\",\"dateModified\":\"2025-03-10T15:14:52+00:00\",\"description\":\"\u041f\u043e\u043b\u0443\u0447\u0438\u0442\u0435 \u0443\u0434\u043e\u0432\u043e\u043b\u044c\u0441\u0442\u0432\u0438\u0435 \u043e\u0442 \u0438\u0433\u0440\u044b \u0441 \u0440\u0430\u043a\u0435\u0442\u043a\u0430\u043c\u0438 \u0434\u043b\u044f \u0431\u0430\u0434\u043c\u0438\u043d\u0442\u043e\u043d\u0430 Spokey WOO-BAD! \u0418\u0434\u0435\u0430\u043b\u044c\u043d\u044b \u0434\u043b\u044f \u043e\u0442\u0434\u044b\u0445\u0430, \u043e\u043d\u0438 \u043e\u0431\u0435\u0441\u043f\u0435\u0447\u0430\u0442 \u0430\u043a\u0442\u0438\u0432\u043d\u044b\u0435 \u043c\u043e\u043c\u0435\u043d\u0442\u044b \u043d\u0430 \u043f\u043b\u044f\u0436\u0435 \u0438\u043b\u0438 \u0432 \u043f\u0430\u0440\u043a\u0435.\",\"breadcrumb\":{\"@id\":\"https:\\\/\\\/xstyle.md\\\/product\\\/raketki-dlya-badmintona-spokey-woo-bad\\\/#breadcrumb\"},\"inLanguage\":\"ro-RO\",\"potentialAction\":[{\"@type\":\"ReadAction\",\"target\":[\"https:\\\/\\\/xstyle.md\\\/product\\\/raketki-dlya-badmintona-spokey-woo-bad\\\/\"]}]},{\"@type\":\"ImageObject\",\"inLanguage\":\"ro-RO\",\"@id\":\"https:\\\/\\\/xstyle.md\\\/product\\\/raketki-dlya-badmintona-spokey-woo-bad\\\/#primaryimage\",\"url\":\"https:\\\/\\\/xstyle.md\\\/wp-content\\\/uploads\\\/2023\\\/04\\\/spokey-woo-bad.jpg\",\"contentUrl\":\"https:\\\/\\\/xstyle.md\\\/wp-content\\\/uploads\\\/2023\\\/04\\\/spokey-woo-bad.jpg\",\"width\":1126,\"height\":1114,\"caption\":\"\u0420\u0430\u043a\u0435\u0442\u043a\u0438 \u0434\u043b\u044f \u0431\u0430\u0434\u043c\u0438\u043d\u0442\u043e\u043d\u0430 Spokey WOO-BAD \u043d\u0430 \u0441\u0430\u0439\u0442\u0435 \u043c\u0430\u0433\u0430\u0437\u0438\u043d\u0430 \u0441\u043f\u043e\u0440\u0442\u0438\u0432\u043d\u043e\u0439 \u043e\u0434\u0435\u0436\u0434\u044b \u0438 \u043e\u0431\u0443\u0432\u0438 \u0434\u043b\u044f \u0430\u043a\u0442\u0438\u0432\u043d\u043e\u0433\u043e \u043e\u0442\u0434\u044b\u0445\u0430, \u043f\u043e\u0445\u043e\u0434\u043e\u0432 \u0438 \u043f\u0443\u0442\u0435\u0448\u0435\u0441\u0442\u0432\u0438\u0439\"},{\"@type\":\"BreadcrumbList\",\"@id\":\"https:\\\/\\\/xstyle.md\\\/product\\\/raketki-dlya-badmintona-spokey-woo-bad\\\/#breadcrumb\",\"itemListElement\":[{\"@type\":\"ListItem\",\"position\":1,\"name\":\"\u0413\u043b\u0430\u0432\u043d\u0430\u044f \u0441\u0442\u0440\u0430\u043d\u0438\u0446\u0430\",\"item\":\"https:\\\/\\\/xstyle.md\\\/\"},{\"@type\":\"ListItem\",\"position\":2,\"name\":\"\u041c\u0430\u0433\u0430\u0437\u0438\u043d\",\"item\":\"https:\\\/\\\/xstyle.md\\\/shop\\\/\"},{\"@type\":\"ListItem\",\"position\":3,\"name\":\"\u0420\u0430\u043a\u0435\u0442\u043a\u0438 \u0434\u043b\u044f \u0431\u0430\u0434\u043c\u0438\u043d\u0442\u043e\u043d\u0430 Spokey WOO-BAD\"}]},{\"@type\":\"WebSite\",\"@id\":\"https:\\\/\\\/xstyle.md\\\/#website\",\"url\":\"https:\\\/\\\/xstyle.md\\\/\",\"name\":\"\u041c\u0430\u0433\u0430\u0437\u0438\u043d Xstyle\",\"description\":\"C\u043d\u0430\u0440\u044f\u0436\u0435\u043d\u0438\u0435 \u0434\u043b\u044f \u0442\u0443\u0440\u0438\u0437\u043c\u0430 \u0438 \u044d\u043a\u0441\u0442\u0440\u0435\u043c\u0430\u043b\u044c\u043d\u044b\u0445 \u0432\u0438\u0434\u043e\u0432 \u0441\u043f\u043e\u0440\u0442\u0430 \u0432 \u041c\u043e\u043b\u0434\u043e\u0432\u0435.. \u0426\u0435\u043d\u044b, \u0444\u043e\u0442\u043e, \u0445\u0430\u0440\u0430\u043a\u0442\u0435\u0440\u0438\u0441\u0442\u0438\u043a\u0438 \u0432 \u041c\u043e\u043b\u0434\u043e\u0432\u0435.\",\"publisher\":{\"@id\":\"https:\\\/\\\/xstyle.md\\\/#organization\"},\"alternateName\":\"X-Style\",\"potentialAction\":[{\"@type\":\"SearchAction\",\"target\":{\"@type\":\"EntryPoint\",\"urlTemplate\":\"https:\\\/\\\/xstyle.md\\\/?s={search_term_string}\"},\"query-input\":{\"@type\":\"PropertyValueSpecification\",\"valueRequired\":true,\"valueName\":\"search_term_string\"}}],\"inLanguage\":\"ro-RO\"},{\"@type\":\"Organization\",\"@id\":\"https:\\\/\\\/xstyle.md\\\/#organization\",\"name\":\"\u041c\u0430\u0433\u0430\u0437\u0438\u043d Xstyle\",\"alternateName\":\"x-style\",\"url\":\"https:\\\/\\\/xstyle.md\\\/\",\"logo\":{\"@type\":\"ImageObject\",\"inLanguage\":\"ro-RO\",\"@id\":\"https:\\\/\\\/xstyle.md\\\/#\\\/schema\\\/logo\\\/image\\\/\",\"url\":\"https:\\\/\\\/xstyle.md\\\/wp-content\\\/uploads\\\/2020\\\/06\\\/logoicon.svg\",\"contentUrl\":\"https:\\\/\\\/xstyle.md\\\/wp-content\\\/uploads\\\/2020\\\/06\\\/logoicon.svg\",\"caption\":\"\u041c\u0430\u0433\u0430\u0437\u0438\u043d Xstyle\"},\"image\":{\"@id\":\"https:\\\/\\\/xstyle.md\\\/#\\\/schema\\\/logo\\\/image\\\/\"},\"sameAs\":[\"https:\\\/\\\/www.facebook.com\\\/xstylemd\",\"https:\\\/\\\/www.instagram.com\\\/xstyle_md\\\/\",\"https:\\\/\\\/t.me\\\/xstyle_outdoor\"],\"hasMerchantReturnPolicy\":{\"@type\":\"MerchantReturnPolicy\",\"merchantReturnLink\":\"https:\\\/\\\/xstyle.md\\\/ro\\\/conditions\\\/\"}}]}<\/script>\n<meta property=\"product:price:amount\" content=\"275.00\" \/>\n<meta property=\"product:price:currency\" content=\"MDL\" \/>\n<meta property=\"og:availability\" content=\"instock\" \/>\n<meta property=\"product:availability\" content=\"instock\" \/>\n<meta property=\"product:retailer_item_id\" content=\"5905339417756\" \/>\n<meta property=\"product:condition\" content=\"new\" \/>\n<!-- \/ Yoast SEO plugin. -->","yoast_head_json":{"title":"Rachete de badminton Spokey WOO-BAD - Magazin Xstyle","description":"Savura\u021bi-v\u0103 timpul cu rachetele de badminton Spokey WOO-BAD! Sunt ideale pentru recreere, oferind momente active pe plaj\u0103 sau \u00een parc.","robots":{"index":"index","follow":"follow","max-snippet":"max-snippet:-1","max-image-preview":"max-image-preview:large","max-video-preview":"max-video-preview:-1"},"canonical":"https:\/\/xstyle.md\/ro\/produs\/raketki-dlya-badmintona-spokey-woo-bad\/","og_locale":"ro_RO","og_type":"article","og_title":"\u0420\u0430\u043a\u0435\u0442\u043a\u0438 \u0434\u043b\u044f \u0431\u0430\u0434\u043c\u0438\u043d\u0442\u043e\u043d\u0430 Spokey WOO-BAD - \u041c\u0430\u0433\u0430\u0437\u0438\u043d Xstyle","og_description":"\u041f\u043e\u043b\u0443\u0447\u0438\u0442\u0435 \u0443\u0434\u043e\u0432\u043e\u043b\u044c\u0441\u0442\u0432\u0438\u0435 \u043e\u0442 \u0438\u0433\u0440\u044b \u0441 \u0440\u0430\u043a\u0435\u0442\u043a\u0430\u043c\u0438 \u0434\u043b\u044f \u0431\u0430\u0434\u043c\u0438\u043d\u0442\u043e\u043d\u0430 Spokey WOO-BAD! \u0418\u0434\u0435\u0430\u043b\u044c\u043d\u044b \u0434\u043b\u044f \u043e\u0442\u0434\u044b\u0445\u0430, \u043e\u043d\u0438 \u043e\u0431\u0435\u0441\u043f\u0435\u0447\u0430\u0442 \u0430\u043a\u0442\u0438\u0432\u043d\u044b\u0435 \u043c\u043e\u043c\u0435\u043d\u0442\u044b \u043d\u0430 \u043f\u043b\u044f\u0436\u0435 \u0438\u043b\u0438 \u0432 \u043f\u0430\u0440\u043a\u0435.","og_url":"https:\/\/xstyle.md\/ro\/produs\/raketki-dlya-badmintona-spokey-woo-bad\/","og_site_name":"\u041c\u0430\u0433\u0430\u0437\u0438\u043d Xstyle","article_publisher":"https:\/\/www.facebook.com\/xstylemd","article_modified_time":"2025-03-10T15:14:52+00:00","og_image":[{"width":1126,"height":1114,"url":"https:\/\/xstyle.md\/wp-content\/uploads\/2023\/04\/spokey-woo-bad.jpg","type":"image\/jpeg"}],"twitter_card":"summary_large_image","twitter_misc":{"Pre\u021b":"275&nbsp;MDL","Disponibilitate":"\u00cen stoc"},"schema":{"@context":"https:\/\/schema.org","@graph":[{"@type":"WebPage","@id":"https:\/\/xstyle.md\/product\/raketki-dlya-badmintona-spokey-woo-bad\/","url":"https:\/\/xstyle.md\/product\/raketki-dlya-badmintona-spokey-woo-bad\/","name":"Rachete de badminton Spokey WOO-BAD - Magazin Xstyle","isPartOf":{"@id":"https:\/\/xstyle.md\/#website"},"primaryImageOfPage":{"@id":"https:\/\/xstyle.md\/product\/raketki-dlya-badmintona-spokey-woo-bad\/#primaryimage"},"image":{"@id":"https:\/\/xstyle.md\/product\/raketki-dlya-badmintona-spokey-woo-bad\/#primaryimage"},"thumbnailUrl":"https:\/\/xstyle.md\/wp-content\/uploads\/2023\/04\/spokey-woo-bad.jpg","datePublished":"2023-04-27T08:59:03+00:00","dateModified":"2025-03-10T15:14:52+00:00","description":"Savura\u021bi-v\u0103 timpul cu rachetele de badminton Spokey WOO-BAD! Sunt ideale pentru recreere, oferind momente active pe plaj\u0103 sau \u00een parc.","breadcrumb":{"@id":"https:\/\/xstyle.md\/product\/raketki-dlya-badmintona-spokey-woo-bad\/#breadcrumb"},"inLanguage":"ro-RO","potentialAction":[{"@type":"ReadAction","target":["https:\/\/xstyle.md\/product\/raketki-dlya-badmintona-spokey-woo-bad\/"]}]},{"@type":"ImageObject","inLanguage":"ro-RO","@id":"https:\/\/xstyle.md\/product\/raketki-dlya-badmintona-spokey-woo-bad\/#primaryimage","url":"https:\/\/xstyle.md\/wp-content\/uploads\/2023\/04\/spokey-woo-bad.jpg","contentUrl":"https:\/\/xstyle.md\/wp-content\/uploads\/2023\/04\/spokey-woo-bad.jpg","width":1126,"height":1114,"caption":"\u0420\u0430\u043a\u0435\u0442\u043a\u0438 \u0434\u043b\u044f \u0431\u0430\u0434\u043c\u0438\u043d\u0442\u043e\u043d\u0430 Spokey WOO-BAD \u043d\u0430 \u0441\u0430\u0439\u0442\u0435 \u043c\u0430\u0433\u0430\u0437\u0438\u043d\u0430 \u0441\u043f\u043e\u0440\u0442\u0438\u0432\u043d\u043e\u0439 \u043e\u0434\u0435\u0436\u0434\u044b \u0438 \u043e\u0431\u0443\u0432\u0438 \u0434\u043b\u044f \u0430\u043a\u0442\u0438\u0432\u043d\u043e\u0433\u043e \u043e\u0442\u0434\u044b\u0445\u0430, \u043f\u043e\u0445\u043e\u0434\u043e\u0432 \u0438 \u043f\u0443\u0442\u0435\u0448\u0435\u0441\u0442\u0432\u0438\u0439"},{"@type":"BreadcrumbList","@id":"https:\/\/xstyle.md\/product\/raketki-dlya-badmintona-spokey-woo-bad\/#breadcrumb","itemListElement":[{"@type":"ListItem","position":1,"name":"\u0413\u043b\u0430\u0432\u043d\u0430\u044f \u0441\u0442\u0440\u0430\u043d\u0438\u0446\u0430","item":"https:\/\/xstyle.md\/"},{"@type":"ListItem","position":2,"name":"\u041c\u0430\u0433\u0430\u0437\u0438\u043d","item":"https:\/\/xstyle.md\/shop\/"},{"@type":"ListItem","position":3,"name":"\u0420\u0430\u043a\u0435\u0442\u043a\u0438 \u0434\u043b\u044f \u0431\u0430\u0434\u043c\u0438\u043d\u0442\u043e\u043d\u0430 Spokey WOO-BAD"}]},{"@type":"WebSite","@id":"https:\/\/xstyle.md\/#website","url":"https:\/\/xstyle.md\/","name":"Magazinul X-Style","description":"Echipamente pentru turism \u0219i sporturi extreme \u00een Moldova. Pre\u021buri, fotografii, caracteristici \u00een Moldova.","publisher":{"@id":"https:\/\/xstyle.md\/#organization"},"alternateName":"X-Style","potentialAction":[{"@type":"SearchAction","target":{"@type":"EntryPoint","urlTemplate":"https:\/\/xstyle.md\/?s={search_term_string}"},"query-input":{"@type":"PropertyValueSpecification","valueRequired":true,"valueName":"search_term_string"}}],"inLanguage":"ro-RO"},{"@type":"Organization","@id":"https:\/\/xstyle.md\/#organization","name":"Magazinul X-Style","alternateName":"x-style","url":"https:\/\/xstyle.md\/","logo":{"@type":"ImageObject","inLanguage":"ro-RO","@id":"https:\/\/xstyle.md\/#\/schema\/logo\/image\/","url":"https:\/\/xstyle.md\/wp-content\/uploads\/2020\/06\/logoicon.svg","contentUrl":"https:\/\/xstyle.md\/wp-content\/uploads\/2020\/06\/logoicon.svg","caption":"\u041c\u0430\u0433\u0430\u0437\u0438\u043d Xstyle"},"image":{"@id":"https:\/\/xstyle.md\/#\/schema\/logo\/image\/"},"sameAs":["https:\/\/www.facebook.com\/xstylemd","https:\/\/www.instagram.com\/xstyle_md\/","https:\/\/t.me\/xstyle_outdoor"],"hasMerchantReturnPolicy":{"@type":"MerchantReturnPolicy","merchantReturnLink":"https:\/\/xstyle.md\/ro\/conditions\/"}}]},"product_price_amount":"275.00","product_price_currency":"MDL","og_availability":"instock","product_availability":"instock","product_retailer_item_id":"5905339417756","product_condition":"new"},"post_mailing_queue_ids":[],"_links":{"self":[{"href":"https:\/\/xstyle.md\/ro\/wp-json\/wp\/v2\/product\/67560","targetHints":{"allow":["GET"]}}],"collection":[{"href":"https:\/\/xstyle.md\/ro\/wp-json\/wp\/v2\/product"}],"about":[{"href":"https:\/\/xstyle.md\/ro\/wp-json\/wp\/v2\/types\/product"}],"replies":[{"embeddable":true,"href":"https:\/\/xstyle.md\/ro\/wp-json\/wp\/v2\/comments?post=67560"}],"wp:featuredmedia":[{"embeddable":true,"href":"https:\/\/xstyle.md\/ro\/wp-json\/wp\/v2\/media\/68246"}],"wp:attachment":[{"href":"https:\/\/xstyle.md\/ro\/wp-json\/wp\/v2\/media?parent=67560"}],"wp:term":[{"taxonomy":"product_brand","embeddable":true,"href":"https:\/\/xstyle.md\/ro\/wp-json\/wp\/v2\/product_brand?post=67560"},{"taxonomy":"product_cat","embeddable":true,"href":"https:\/\/xstyle.md\/ro\/wp-json\/wp\/v2\/product_cat?post=67560"},{"taxonomy":"product_tag","embeddable":true,"href":"https:\/\/xstyle.md\/ro\/wp-json\/wp\/v2\/product_tag?post=67560"}],"curies":[{"name":"wp","href":"https:\/\/api.w.org\/{rel}","templated":true}]}}