{"id":67360,"date":"2023-04-21T14:10:22","date_gmt":"2023-04-21T11:10:22","guid":{"rendered":"https:\/\/xstyle.md\/?post_type=product&#038;p=67360"},"modified":"2026-03-19T17:13:11","modified_gmt":"2026-03-19T14:13:11","slug":"kreslo-thule-yepp-mini-2-agave","status":"publish","type":"product","link":"https:\/\/dev.xstyle.md\/ro\/produs\/kreslo-thule-yepp-mini-2-agave\/","title":{"rendered":"Scaun Thule Yepp Mini 2 agave"},"content":{"rendered":"<\/p>\n<p><strong>Thule Yepp Mini 2<\/strong> &#8212; scaun de biciclet\u0103 pentru copii, confortabil \u0219i elegant, orientat spre fa\u021b\u0103, pentru plimb\u0103ri zilnice.<\/p>\n<p><em>Un scaun de biciclet\u0103 pentru copii bine conceput \u0219i func\u021bional pentru mersul zilnic pe biciclet\u0103<\/em><\/p>\n<p>Bucura\u021bi-v\u0103 de ciclism cu scaunul de biciclet\u0103 pentru copii Thule Yepp 2 Mini, elegant, confortabil \u0219i func\u021bional. Acest scaun de biciclet\u0103 pentru copii este montat \u00een fa\u021b\u0103 \u0219i este conceput pentru c\u0103l\u0103toriile de zi cu zi. Modelul nostru iconic de scaun de biciclet\u0103 pentru copii este acum \u0219i mai confortabil \u0219i mai colorat. \u00cen plus, po\u021bi ajusta cu u\u0219urin\u021b\u0103 hamul \u00een 5 puncte \u0219i suportul pentru picioare pe m\u0103sur\u0103 ce copilul t\u0103u cre\u0219te.<\/p>\n<p><em>Sigur \u0219i confortabil<\/em><\/p>\n<p>Scaunul de biciclet\u0103 pentru copii Thule Yepp 2 Mini este conceput pentru a face ca mersul pe biciclet\u0103 s\u0103 fie sigur. Este u\u0219or de instalat \u0219i de reglat. Scaunul este echipat cu un ham unic \u00een 5 puncte. Pentru a asigura siguran\u021ba micu\u021bului t\u0103u, am testat temeinic acest model la Centrul de testare Thule, \u00een centre de testare independente \u0219i \u00een lumea real\u0103, pentru a ne asigura c\u0103 \u00eendepline\u0219te cele mai stricte standarde interna\u021bionale.<\/p>\n<p><em>Garan\u021bia oficial\u0103 a produc\u0103torului acoper\u0103 produsele \u0219i accesoriile marca Thule timp de 5 ani.\u00a0<\/em><\/p>\n<h3>Particularit\u0103\u021bi<\/h3>\n<ul>\n<li>Scaunul din spum\u0103 moale, care absoarbe \u0219ocurile \u0219i vibra\u021biile, permite copilului dumneavoastr\u0103 s\u0103 c\u0103l\u0103toreasc\u0103 \u00een confort.<\/li>\n<li>Se adapteaz\u0103 la parametrii copilului pe m\u0103sur\u0103 ce cre\u0219te \u0219i asigur\u0103 o potrivire perfect\u0103 datorit\u0103 suporturilor reglabile pentru picioare \u0219i curelelor de fixare.<\/li>\n<li>Disponibil \u00een versiunile cu cadru, cu suport \u0219i frontal.<\/li>\n<li>Scaunul de biciclet\u0103 pentru copii este u\u0219or de instalat \u0219i este compatibil cu majoritatea modelelor de biciclete<\/li>\n<li>Catarama de siguran\u021b\u0103 pentru copii face ca fixarea copilului s\u0103 fie rapid\u0103 \u0219i u\u0219oar\u0103.<\/li>\n<li>Cureaua de siguran\u021b\u0103 reglabil\u0103 \u00een 5 puncte, capitonat\u0103, pentru confort \u0219i siguran\u021b\u0103 maxim\u0103 a copilului dvs.<\/li>\n<li>M\u00e2ner confortabil de care copilul dvs. se poate \u021bine \u00een timp ce merge pe biciclet\u0103.<\/li>\n<li>Materialele hidrofuge men\u021bin scaunul uscat \u0219i u\u0219or de cur\u0103\u021bat.<\/li>\n<li>Clema metalic\u0103 complet\u0103 permite fixarea sigur\u0103 a scaunului de biciclet\u0103 pentru copii pe biciclet\u0103.<\/li>\n<li>Proiectat \u0219i testat pentru copii cu v\u00e2rsta cuprins\u0103 \u00eentre 9 luni* \u0219i 3 ani, cu o greutate de p\u00e2n\u0103 la 15 kg. (*Consulta\u021bi medicul pediatru dac\u0103 copilul dvs. are mai pu\u021bin de 1 an).<\/li>\n<\/ul>\n<h3>Caracteristici<\/h3>\n<ul>\n<li>Capacitate de \u00eenc\u0103rcare &#8212; 15 kg<\/li>\n<li>Greutate &#8212; 2.4kg<\/li>\n<li>Centur\u0103 de siguran\u021b\u0103 &#8212; 5 puncte<\/li>\n<li>\u00cendepline\u0219te standardele de siguran\u021b\u0103 &#8212; da<\/li>\n<\/ul>\n<h3>Marca<\/h3>\n<p>THULE este o companie interna\u021bional\u0103 de top, recunoscut\u0103 la nivel mondial ca produc\u0103tor de top de sisteme de bagaje \u0219i cutii auto. THULE fabric\u0103 produse premium, renumite pentru calitatea lor de neegalat, siguran\u021b\u0103, u\u0219urin\u021b\u0103 \u00een utilizare \u0219i design elegant. Produsele THULE sunt potrivite pentru persoanele care prefer\u0103 activit\u0103\u021bile \u00een aer liber, sunt pasionate de sport, c\u0103l\u0103toresc mult \u0219i apreciaz\u0103 solu\u021biile bine g\u00e2ndite.<\/p>\n<p><\/p>","protected":false},"excerpt":{"rendered":"","protected":false},"featured_media":68193,"comment_status":"open","ping_status":"closed","template":"","meta":{"_acf_changed":false,"inline_featured_image":false},"product_brand":[1269],"product_cat":[1157],"product_tag":[],"class_list":{"0":"post-67360","1":"product","2":"type-product","3":"status-publish","4":"has-post-thumbnail","6":"product_brand-thule","7":"product_cat-bicycle-baby-seats","9":"first","10":"instock","11":"shipping-taxable","12":"purchasable","13":"product-type-simple"},"acf":[],"yoast_head":"<!-- This site is optimized with the Yoast SEO plugin v27.4 - https:\/\/yoast.com\/product\/yoast-seo-wordpress\/ -->\n<title>\u041a\u0440\u0435\u0441\u043b\u043e Thule Yepp Mini 2 agave - \u041c\u0430\u0433\u0430\u0437\u0438\u043d Xstyle<\/title>\n<meta name=\"description\" content=\"\u041a\u0440\u0435\u0441\u043b\u043e Thule Yepp Mini 2 agave \u2013 \u043a\u043e\u043c\u0444\u043e\u0440\u0442\u043d\u043e\u0435 \u0438 \u0441\u0442\u0438\u043b\u044c\u043d\u043e\u0435 \u0441\u0438\u0434\u0435\u043d\u044c\u0435 \u0434\u043b\u044f \u0434\u0435\u0442\u0435\u0439 \u043d\u0430 \u0432\u0435\u043b\u043e\u0441\u0438\u043f\u0435\u0434\u0435. \u0418\u0434\u0435\u0430\u043b\u044c\u043d\u043e \u0434\u043b\u044f \u0435\u0436\u0435\u0434\u043d\u0435\u0432\u043d\u044b\u0445 \u043f\u0440\u043e\u0433\u0443\u043b\u043e\u043a. \u041f\u043e\u0437\u0430\u0431\u043e\u0442\u044c\u0442\u0435\u0441\u044c \u043e \u0431\u0435\u0437\u043e\u043f\u0430\u0441\u043d\u043e\u0441\u0442\u0438!\" \/>\n<meta name=\"robots\" content=\"noindex, follow, max-snippet:-1, max-image-preview:large, max-video-preview:-1\" \/>\n<meta property=\"og:locale\" content=\"ro_RO\" \/>\n<meta property=\"og:type\" content=\"article\" \/>\n<meta property=\"og:title\" content=\"\u041a\u0440\u0435\u0441\u043b\u043e Thule Yepp Mini 2 agave - \u041c\u0430\u0433\u0430\u0437\u0438\u043d Xstyle\" \/>\n<meta property=\"og:description\" content=\"\u041a\u0440\u0435\u0441\u043b\u043e Thule Yepp Mini 2 agave \u2013 \u043a\u043e\u043c\u0444\u043e\u0440\u0442\u043d\u043e\u0435 \u0438 \u0441\u0442\u0438\u043b\u044c\u043d\u043e\u0435 \u0441\u0438\u0434\u0435\u043d\u044c\u0435 \u0434\u043b\u044f \u0434\u0435\u0442\u0435\u0439 \u043d\u0430 \u0432\u0435\u043b\u043e\u0441\u0438\u043f\u0435\u0434\u0435. \u0418\u0434\u0435\u0430\u043b\u044c\u043d\u043e \u0434\u043b\u044f \u0435\u0436\u0435\u0434\u043d\u0435\u0432\u043d\u044b\u0445 \u043f\u0440\u043e\u0433\u0443\u043b\u043e\u043a. \u041f\u043e\u0437\u0430\u0431\u043e\u0442\u044c\u0442\u0435\u0441\u044c \u043e \u0431\u0435\u0437\u043e\u043f\u0430\u0441\u043d\u043e\u0441\u0442\u0438!\" \/>\n<meta property=\"og:url\" content=\"https:\/\/dev.xstyle.md\/ro\/produs\/kreslo-thule-yepp-mini-2-agave\/\" \/>\n<meta property=\"og:site_name\" content=\"\u041c\u0430\u0433\u0430\u0437\u0438\u043d Xstyle\" \/>\n<meta property=\"article:publisher\" content=\"https:\/\/www.facebook.com\/xstylemd\" \/>\n<meta property=\"article:modified_time\" content=\"2026-03-19T14:13:11+00:00\" \/>\n<meta property=\"og:image\" content=\"https:\/\/dev.xstyle.md\/wp-content\/uploads\/2023\/04\/thule-yepp-mini-2-agave.jpg\" \/>\n\t<meta property=\"og:image:width\" content=\"1326\" \/>\n\t<meta property=\"og:image:height\" content=\"1252\" \/>\n\t<meta property=\"og:image:type\" content=\"image\/jpeg\" \/>\n<meta name=\"twitter:card\" content=\"summary_large_image\" \/>\n<meta name=\"twitter:label1\" content=\"Pre\u021b\" \/>\n\t<meta name=\"twitter:data1\" content=\"2.690,00&nbsp;MDL\" \/>\n\t<meta name=\"twitter:label2\" content=\"Disponibilitate\" \/>\n\t<meta name=\"twitter:data2\" content=\"\u00cen stoc\" \/>\n<script type=\"application\/ld+json\" class=\"yoast-schema-graph\">{\"@context\":\"https:\\\/\\\/schema.org\",\"@graph\":[{\"@type\":\"WebPage\",\"@id\":\"https:\\\/\\\/dev.xstyle.md\\\/product\\\/kreslo-thule-yepp-mini-2-agave\\\/\",\"url\":\"https:\\\/\\\/dev.xstyle.md\\\/product\\\/kreslo-thule-yepp-mini-2-agave\\\/\",\"name\":\"\u041a\u0440\u0435\u0441\u043b\u043e Thule Yepp Mini 2 agave - \u041c\u0430\u0433\u0430\u0437\u0438\u043d Xstyle\",\"isPartOf\":{\"@id\":\"https:\\\/\\\/dev.xstyle.md\\\/#website\"},\"primaryImageOfPage\":{\"@id\":\"https:\\\/\\\/dev.xstyle.md\\\/product\\\/kreslo-thule-yepp-mini-2-agave\\\/#primaryimage\"},\"image\":{\"@id\":\"https:\\\/\\\/dev.xstyle.md\\\/product\\\/kreslo-thule-yepp-mini-2-agave\\\/#primaryimage\"},\"thumbnailUrl\":\"https:\\\/\\\/dev.xstyle.md\\\/wp-content\\\/uploads\\\/2023\\\/04\\\/thule-yepp-mini-2-agave.jpg\",\"datePublished\":\"2023-04-21T11:10:22+00:00\",\"dateModified\":\"2026-03-19T14:13:11+00:00\",\"description\":\"\u041a\u0440\u0435\u0441\u043b\u043e Thule Yepp Mini 2 agave \u2013 \u043a\u043e\u043c\u0444\u043e\u0440\u0442\u043d\u043e\u0435 \u0438 \u0441\u0442\u0438\u043b\u044c\u043d\u043e\u0435 \u0441\u0438\u0434\u0435\u043d\u044c\u0435 \u0434\u043b\u044f \u0434\u0435\u0442\u0435\u0439 \u043d\u0430 \u0432\u0435\u043b\u043e\u0441\u0438\u043f\u0435\u0434\u0435. \u0418\u0434\u0435\u0430\u043b\u044c\u043d\u043e \u0434\u043b\u044f \u0435\u0436\u0435\u0434\u043d\u0435\u0432\u043d\u044b\u0445 \u043f\u0440\u043e\u0433\u0443\u043b\u043e\u043a. \u041f\u043e\u0437\u0430\u0431\u043e\u0442\u044c\u0442\u0435\u0441\u044c \u043e \u0431\u0435\u0437\u043e\u043f\u0430\u0441\u043d\u043e\u0441\u0442\u0438!\",\"breadcrumb\":{\"@id\":\"https:\\\/\\\/dev.xstyle.md\\\/product\\\/kreslo-thule-yepp-mini-2-agave\\\/#breadcrumb\"},\"inLanguage\":\"ro-RO\",\"potentialAction\":[{\"@type\":\"ReadAction\",\"target\":[\"https:\\\/\\\/dev.xstyle.md\\\/product\\\/kreslo-thule-yepp-mini-2-agave\\\/\"]}]},{\"@type\":\"ImageObject\",\"inLanguage\":\"ro-RO\",\"@id\":\"https:\\\/\\\/dev.xstyle.md\\\/product\\\/kreslo-thule-yepp-mini-2-agave\\\/#primaryimage\",\"url\":\"https:\\\/\\\/dev.xstyle.md\\\/wp-content\\\/uploads\\\/2023\\\/04\\\/thule-yepp-mini-2-agave.jpg\",\"contentUrl\":\"https:\\\/\\\/dev.xstyle.md\\\/wp-content\\\/uploads\\\/2023\\\/04\\\/thule-yepp-mini-2-agave.jpg\",\"width\":1326,\"height\":1252,\"caption\":\"\u041c\u0438\u043d\u0438\u0430\u0442\u044e\u0440\u043d\u043e\u0435 \u043a\u0440\u0435\u0441\u043b\u043e Thule Yepp Mini 2 \u0430\u0433\u0430\u0432\u044b \u0434\u043b\u044f \u0430\u043a\u0442\u0438\u0432\u043d\u043e\u0433\u043e \u043e\u0442\u0434\u044b\u0445\u0430 \u0438 \u043f\u0443\u0442\u0435\u0448\u0435\u0441\u0442\u0432\u0438\u0439, \u043f\u043e\u0434\u0445\u043e\u0434\u044f\u0449\u0435\u0435 \u0434\u043b\u044f \u0441\u043f\u043e\u0440\u0442\u0438\u0432\u043d\u043e\u0439 \u043e\u0434\u0435\u0436\u0434\u044b, \u043e\u0431\u0443\u0432\u0438, \u043f\u043e\u0445\u043e\u0434\u043e\u0432 \u0438 \u0430\u043b\u044c\u043f\u0438\u043d\u0438\u0437\u043c\u0430 \u0434\u043b\u044f \u043e\u043d\u043b\u0430\u0439\u043d-\u043c\u0430\u0433\u0430\u0437\u0438\u043d\u0430 \u0442\u043e\u0432\u0430\u0440\u043e\u0432 \u0434\u043b\u044f \u0430\u043a\u0442\u0438\u0432\u043d\u043e\u0439 \u0436\u0438\u0437\u043d\u0438\"},{\"@type\":\"BreadcrumbList\",\"@id\":\"https:\\\/\\\/dev.xstyle.md\\\/product\\\/kreslo-thule-yepp-mini-2-agave\\\/#breadcrumb\",\"itemListElement\":[{\"@type\":\"ListItem\",\"position\":1,\"name\":\"\u0413\u043b\u0430\u0432\u043d\u0430\u044f \u0441\u0442\u0440\u0430\u043d\u0438\u0446\u0430\",\"item\":\"https:\\\/\\\/dev.xstyle.md\\\/\"},{\"@type\":\"ListItem\",\"position\":2,\"name\":\"Shop\",\"item\":\"https:\\\/\\\/dev.xstyle.md\\\/shop\\\/\"},{\"@type\":\"ListItem\",\"position\":3,\"name\":\"\u041a\u0440\u0435\u0441\u043b\u043e Thule Yepp Mini 2 agave\"}]},{\"@type\":\"WebSite\",\"@id\":\"https:\\\/\\\/dev.xstyle.md\\\/#website\",\"url\":\"https:\\\/\\\/dev.xstyle.md\\\/\",\"name\":\"\u041c\u0430\u0433\u0430\u0437\u0438\u043d Xstyle\",\"description\":\"C\u043d\u0430\u0440\u044f\u0436\u0435\u043d\u0438\u0435 \u0434\u043b\u044f \u0442\u0443\u0440\u0438\u0437\u043c\u0430 \u0438 \u044d\u043a\u0441\u0442\u0440\u0435\u043c\u0430\u043b\u044c\u043d\u044b\u0445 \u0432\u0438\u0434\u043e\u0432 \u0441\u043f\u043e\u0440\u0442\u0430 \u0432 \u041c\u043e\u043b\u0434\u043e\u0432\u0435.. \u0426\u0435\u043d\u044b, \u0444\u043e\u0442\u043e, \u0445\u0430\u0440\u0430\u043a\u0442\u0435\u0440\u0438\u0441\u0442\u0438\u043a\u0438 \u0432 \u041c\u043e\u043b\u0434\u043e\u0432\u0435.\",\"publisher\":{\"@id\":\"https:\\\/\\\/dev.xstyle.md\\\/#organization\"},\"alternateName\":\"X-Style\",\"potentialAction\":[{\"@type\":\"SearchAction\",\"target\":{\"@type\":\"EntryPoint\",\"urlTemplate\":\"https:\\\/\\\/dev.xstyle.md\\\/?s={search_term_string}\"},\"query-input\":{\"@type\":\"PropertyValueSpecification\",\"valueRequired\":true,\"valueName\":\"search_term_string\"}}],\"inLanguage\":\"ro-RO\"},{\"@type\":\"Organization\",\"@id\":\"https:\\\/\\\/dev.xstyle.md\\\/#organization\",\"name\":\"\u041c\u0430\u0433\u0430\u0437\u0438\u043d Xstyle\",\"alternateName\":\"x-style\",\"url\":\"https:\\\/\\\/dev.xstyle.md\\\/\",\"logo\":{\"@type\":\"ImageObject\",\"inLanguage\":\"ro-RO\",\"@id\":\"https:\\\/\\\/dev.xstyle.md\\\/#\\\/schema\\\/logo\\\/image\\\/\",\"url\":\"https:\\\/\\\/dev.xstyle.md\\\/wp-content\\\/uploads\\\/2020\\\/06\\\/logoicon.svg\",\"contentUrl\":\"https:\\\/\\\/dev.xstyle.md\\\/wp-content\\\/uploads\\\/2020\\\/06\\\/logoicon.svg\",\"caption\":\"\u041c\u0430\u0433\u0430\u0437\u0438\u043d Xstyle\"},\"image\":{\"@id\":\"https:\\\/\\\/dev.xstyle.md\\\/#\\\/schema\\\/logo\\\/image\\\/\"},\"sameAs\":[\"https:\\\/\\\/www.facebook.com\\\/xstylemd\",\"https:\\\/\\\/www.instagram.com\\\/xstyle_md\\\/\",\"https:\\\/\\\/t.me\\\/xstyle_outdoor\"],\"hasMerchantReturnPolicy\":{\"@type\":\"MerchantReturnPolicy\",\"merchantReturnLink\":\"https:\\\/\\\/dev.xstyle.md\\\/ro\\\/conditions\\\/\"}}]}<\/script>\n<meta property=\"product:price:amount\" content=\"2690.00\" \/>\n<meta property=\"product:price:currency\" content=\"MDL\" \/>\n<meta property=\"og:availability\" content=\"instock\" \/>\n<meta property=\"product:availability\" content=\"instock\" \/>\n<meta property=\"product:retailer_item_id\" content=\"91021467859\" \/>\n<meta property=\"product:condition\" content=\"new\" \/>\n<!-- \/ Yoast SEO plugin. -->","yoast_head_json":{"title":"Scaun pentru copii Thule Yepp Mini 2 agave - Magazin Xstyle","description":"Scaunul Thule Yepp Mini 2 agave \u2013 un loc confortabil \u0219i stylish pentru copii pe biciclet\u0103. Ideal pentru plimb\u0103rile zilnice. Ai grij\u0103 de siguran\u021b\u0103!","robots":{"index":"noindex","follow":"follow","max-snippet":"max-snippet:-1","max-image-preview":"max-image-preview:large","max-video-preview":"max-video-preview:-1"},"og_locale":"ro_RO","og_type":"article","og_title":"\u041a\u0440\u0435\u0441\u043b\u043e Thule Yepp Mini 2 agave - \u041c\u0430\u0433\u0430\u0437\u0438\u043d Xstyle","og_description":"\u041a\u0440\u0435\u0441\u043b\u043e Thule Yepp Mini 2 agave \u2013 \u043a\u043e\u043c\u0444\u043e\u0440\u0442\u043d\u043e\u0435 \u0438 \u0441\u0442\u0438\u043b\u044c\u043d\u043e\u0435 \u0441\u0438\u0434\u0435\u043d\u044c\u0435 \u0434\u043b\u044f \u0434\u0435\u0442\u0435\u0439 \u043d\u0430 \u0432\u0435\u043b\u043e\u0441\u0438\u043f\u0435\u0434\u0435. \u0418\u0434\u0435\u0430\u043b\u044c\u043d\u043e \u0434\u043b\u044f \u0435\u0436\u0435\u0434\u043d\u0435\u0432\u043d\u044b\u0445 \u043f\u0440\u043e\u0433\u0443\u043b\u043e\u043a. \u041f\u043e\u0437\u0430\u0431\u043e\u0442\u044c\u0442\u0435\u0441\u044c \u043e \u0431\u0435\u0437\u043e\u043f\u0430\u0441\u043d\u043e\u0441\u0442\u0438!","og_url":"https:\/\/dev.xstyle.md\/ro\/produs\/kreslo-thule-yepp-mini-2-agave\/","og_site_name":"\u041c\u0430\u0433\u0430\u0437\u0438\u043d Xstyle","article_publisher":"https:\/\/www.facebook.com\/xstylemd","article_modified_time":"2026-03-19T14:13:11+00:00","og_image":[{"width":1326,"height":1252,"url":"https:\/\/dev.xstyle.md\/wp-content\/uploads\/2023\/04\/thule-yepp-mini-2-agave.jpg","type":"image\/jpeg"}],"twitter_card":"summary_large_image","twitter_misc":{"Pre\u021b":"2.690,00&nbsp;MDL","Disponibilitate":"\u00cen stoc"},"schema":{"@context":"https:\/\/schema.org","@graph":[{"@type":"WebPage","@id":"https:\/\/dev.xstyle.md\/product\/kreslo-thule-yepp-mini-2-agave\/","url":"https:\/\/dev.xstyle.md\/product\/kreslo-thule-yepp-mini-2-agave\/","name":"Scaun pentru copii Thule Yepp Mini 2 agave - Magazin Xstyle","isPartOf":{"@id":"https:\/\/dev.xstyle.md\/#website"},"primaryImageOfPage":{"@id":"https:\/\/dev.xstyle.md\/product\/kreslo-thule-yepp-mini-2-agave\/#primaryimage"},"image":{"@id":"https:\/\/dev.xstyle.md\/product\/kreslo-thule-yepp-mini-2-agave\/#primaryimage"},"thumbnailUrl":"https:\/\/dev.xstyle.md\/wp-content\/uploads\/2023\/04\/thule-yepp-mini-2-agave.jpg","datePublished":"2023-04-21T11:10:22+00:00","dateModified":"2026-03-19T14:13:11+00:00","description":"Scaunul Thule Yepp Mini 2 agave \u2013 un loc confortabil \u0219i stylish pentru copii pe biciclet\u0103. Ideal pentru plimb\u0103rile zilnice. Ai grij\u0103 de siguran\u021b\u0103!","breadcrumb":{"@id":"https:\/\/dev.xstyle.md\/product\/kreslo-thule-yepp-mini-2-agave\/#breadcrumb"},"inLanguage":"ro-RO","potentialAction":[{"@type":"ReadAction","target":["https:\/\/dev.xstyle.md\/product\/kreslo-thule-yepp-mini-2-agave\/"]}]},{"@type":"ImageObject","inLanguage":"ro-RO","@id":"https:\/\/dev.xstyle.md\/product\/kreslo-thule-yepp-mini-2-agave\/#primaryimage","url":"https:\/\/dev.xstyle.md\/wp-content\/uploads\/2023\/04\/thule-yepp-mini-2-agave.jpg","contentUrl":"https:\/\/dev.xstyle.md\/wp-content\/uploads\/2023\/04\/thule-yepp-mini-2-agave.jpg","width":1326,"height":1252,"caption":"\u041c\u0438\u043d\u0438\u0430\u0442\u044e\u0440\u043d\u043e\u0435 \u043a\u0440\u0435\u0441\u043b\u043e Thule Yepp Mini 2 \u0430\u0433\u0430\u0432\u044b \u0434\u043b\u044f \u0430\u043a\u0442\u0438\u0432\u043d\u043e\u0433\u043e \u043e\u0442\u0434\u044b\u0445\u0430 \u0438 \u043f\u0443\u0442\u0435\u0448\u0435\u0441\u0442\u0432\u0438\u0439, \u043f\u043e\u0434\u0445\u043e\u0434\u044f\u0449\u0435\u0435 \u0434\u043b\u044f \u0441\u043f\u043e\u0440\u0442\u0438\u0432\u043d\u043e\u0439 \u043e\u0434\u0435\u0436\u0434\u044b, \u043e\u0431\u0443\u0432\u0438, \u043f\u043e\u0445\u043e\u0434\u043e\u0432 \u0438 \u0430\u043b\u044c\u043f\u0438\u043d\u0438\u0437\u043c\u0430 \u0434\u043b\u044f \u043e\u043d\u043b\u0430\u0439\u043d-\u043c\u0430\u0433\u0430\u0437\u0438\u043d\u0430 \u0442\u043e\u0432\u0430\u0440\u043e\u0432 \u0434\u043b\u044f \u0430\u043a\u0442\u0438\u0432\u043d\u043e\u0439 \u0436\u0438\u0437\u043d\u0438"},{"@type":"BreadcrumbList","@id":"https:\/\/dev.xstyle.md\/product\/kreslo-thule-yepp-mini-2-agave\/#breadcrumb","itemListElement":[{"@type":"ListItem","position":1,"name":"\u0413\u043b\u0430\u0432\u043d\u0430\u044f \u0441\u0442\u0440\u0430\u043d\u0438\u0446\u0430","item":"https:\/\/dev.xstyle.md\/"},{"@type":"ListItem","position":2,"name":"Shop","item":"https:\/\/dev.xstyle.md\/shop\/"},{"@type":"ListItem","position":3,"name":"\u041a\u0440\u0435\u0441\u043b\u043e Thule Yepp Mini 2 agave"}]},{"@type":"WebSite","@id":"https:\/\/dev.xstyle.md\/#website","url":"https:\/\/dev.xstyle.md\/","name":"Magazinul X-Style","description":"Echipamente pentru turism \u0219i sporturi extreme \u00een Moldova. Pre\u021buri, fotografii, caracteristici \u00een Moldova.","publisher":{"@id":"https:\/\/dev.xstyle.md\/#organization"},"alternateName":"X-Style","potentialAction":[{"@type":"SearchAction","target":{"@type":"EntryPoint","urlTemplate":"https:\/\/dev.xstyle.md\/?s={search_term_string}"},"query-input":{"@type":"PropertyValueSpecification","valueRequired":true,"valueName":"search_term_string"}}],"inLanguage":"ro-RO"},{"@type":"Organization","@id":"https:\/\/dev.xstyle.md\/#organization","name":"Magazinul X-Style","alternateName":"x-style","url":"https:\/\/dev.xstyle.md\/","logo":{"@type":"ImageObject","inLanguage":"ro-RO","@id":"https:\/\/dev.xstyle.md\/#\/schema\/logo\/image\/","url":"https:\/\/dev.xstyle.md\/wp-content\/uploads\/2020\/06\/logoicon.svg","contentUrl":"https:\/\/dev.xstyle.md\/wp-content\/uploads\/2020\/06\/logoicon.svg","caption":"\u041c\u0430\u0433\u0430\u0437\u0438\u043d Xstyle"},"image":{"@id":"https:\/\/dev.xstyle.md\/#\/schema\/logo\/image\/"},"sameAs":["https:\/\/www.facebook.com\/xstylemd","https:\/\/www.instagram.com\/xstyle_md\/","https:\/\/t.me\/xstyle_outdoor"],"hasMerchantReturnPolicy":{"@type":"MerchantReturnPolicy","merchantReturnLink":"https:\/\/dev.xstyle.md\/ro\/conditions\/"}}]},"product_price_amount":"2690.00","product_price_currency":"MDL","og_availability":"instock","product_availability":"instock","product_retailer_item_id":"91021467859","product_condition":"new"},"post_mailing_queue_ids":[],"_links":{"self":[{"href":"https:\/\/dev.xstyle.md\/ro\/wp-json\/wp\/v2\/product\/67360","targetHints":{"allow":["GET"]}}],"collection":[{"href":"https:\/\/dev.xstyle.md\/ro\/wp-json\/wp\/v2\/product"}],"about":[{"href":"https:\/\/dev.xstyle.md\/ro\/wp-json\/wp\/v2\/types\/product"}],"replies":[{"embeddable":true,"href":"https:\/\/dev.xstyle.md\/ro\/wp-json\/wp\/v2\/comments?post=67360"}],"version-history":[{"count":0,"href":"https:\/\/dev.xstyle.md\/ro\/wp-json\/wp\/v2\/product\/67360\/revisions"}],"wp:featuredmedia":[{"embeddable":true,"href":"https:\/\/dev.xstyle.md\/ro\/wp-json\/wp\/v2\/media\/68193"}],"wp:attachment":[{"href":"https:\/\/dev.xstyle.md\/ro\/wp-json\/wp\/v2\/media?parent=67360"}],"wp:term":[{"taxonomy":"product_brand","embeddable":true,"href":"https:\/\/dev.xstyle.md\/ro\/wp-json\/wp\/v2\/product_brand?post=67360"},{"taxonomy":"product_cat","embeddable":true,"href":"https:\/\/dev.xstyle.md\/ro\/wp-json\/wp\/v2\/product_cat?post=67360"},{"taxonomy":"product_tag","embeddable":true,"href":"https:\/\/dev.xstyle.md\/ro\/wp-json\/wp\/v2\/product_tag?post=67360"}],"curies":[{"name":"wp","href":"https:\/\/api.w.org\/{rel}","templated":true}]}}