{"id":67288,"date":"2023-04-21T14:09:28","date_gmt":"2023-04-21T11:09:28","guid":{"rendered":"https:\/\/xstyle.md\/?post_type=product&#038;p=67288"},"modified":"2026-03-19T17:13:03","modified_gmt":"2026-03-19T14:13:03","slug":"sandalii-zhenskie-lizard-trail-plain-amaranth-red","status":"publish","type":"product","link":"https:\/\/dev.xstyle.md\/ro\/produs\/sandalii-zhenskie-lizard-trail-plain-amaranth-red\/","title":{"rendered":"Sandale pentru femei Lizard Trail plain amaranth red"},"content":{"rendered":"<\/p>\n<p><strong>Lizard Trail <\/strong>&#8212; sandale u\u0219oare \u0219i durabile, concepute pentru activit\u0103\u021bi \u00een aer liber, precum \u0219i pentru aventuri de var\u0103 la mare sau pentru utilizarea zilnic\u0103 \u00een ora\u0219. Talpa robust\u0103 garanteaz\u0103 o aderen\u021b\u0103 sigur\u0103, iar \u00eenchiderile Velcro permit o potrivire personalizat\u0103. Talpa exterioar\u0103 este rezistent\u0103, iar partea superioar\u0103 este moale, pentru confort \u0219i durabilitate maxim\u0103. Acest model este o op\u021biune excelent\u0103 pentru pasiona\u021bii de activit\u0103\u021bi \u00een aer liber, care au nevoie de \u00eenc\u0103l\u021b\u0103minte confortabil\u0103 \u0219i durabil\u0103 pentru plimb\u0103ri de scurta durata sau plimb\u0103ri lungi.<\/p>\n<h3>Particularit\u0103\u021bi<\/h3>\n<ul>\n<li>Structur\u0103 poroas\u0103 a materialului sub picior pentru un confort sporit<\/li>\n<li>Fermoar triplu cu velcro<\/li>\n<li>Diferen\u021b\u0103 de \u00een\u0103l\u021bime a t\u0103lpii de 0 mm de la c\u0103lc\u00e2i la v\u00e2rf pentru o pozi\u021bie natural\u0103 de mers<\/li>\n<li>Materialele nu sunt afectate de contactul cu apa, fiind potrivite at\u00e2t pentru utilizarea \u00een ap\u0103 proaspata, c\u00e2t \u0219i \u00een ap\u0103 s\u0103rat\u0103<\/li>\n<li>Talp\u0103 exterioar\u0103 durabil\u0103 cu cauciuc patentat LIZARD Grip pentru o bun\u0103 trac\u021biune<\/li>\n<li>Talp\u0103 intermediar\u0103 EVA u\u0219oar\u0103 pentru o amortizare optim\u0103<\/li>\n<li>Curea realizat\u0103 din poliester reciclat<\/li>\n<li>Tratamentul antibacterian previne mirosurile nepl\u0103cute<\/li>\n<li>Fabricat f\u0103r\u0103 produse de origine animal\u0103.<\/li>\n<\/ul>\n<h3>Caracteristici<\/h3>\n<ul>\n<li>Partea superioar\u0103: Chingi, Velcro (sintetic)<\/li>\n<li>Talp\u0103 exterioar\u0103: cauciuc (cauciuc de \u00eenalt\u0103 calitate)<\/li>\n<li>Talp\u0103: EVA (spum\u0103)<\/li>\n<li>Scop: drume\u021bii, ora\u0219, plaj\u0103, \u00eenot<\/li>\n<li>Greutate: 210g<\/li>\n<\/ul>\n<p>\n<p><img decoding=\"async\" class=\"alignnone\" style=\"width: 100%;\" src=\"https:\/\/dev.xstyle.md\/wp-content\/uploads\/2021\/01\/razmer_lizard.jpg\" alt=\"\" \/><\/p>","protected":false},"excerpt":{"rendered":"","protected":false},"featured_media":68217,"comment_status":"open","ping_status":"closed","template":"","meta":{"_acf_changed":false,"inline_featured_image":false},"product_brand":[1292],"product_cat":[134],"product_tag":[],"class_list":{"0":"post-67288","1":"product","2":"type-product","3":"status-publish","4":"has-post-thumbnail","6":"product_brand-lizard","7":"product_cat-summer-shoes","9":"first","10":"instock","11":"shipping-taxable","12":"purchasable","13":"product-type-simple"},"acf":[],"yoast_head":"<!-- This site is optimized with the Yoast SEO plugin v27.4 - https:\/\/yoast.com\/product\/yoast-seo-wordpress\/ -->\n<title>\u0421\u0430\u043d\u0434\u0430\u043b\u0438\u0438 \u0436\u0435\u043d\u0441\u043a\u0438\u0435 Lizard Trail plain amaranth red - \u041c\u0430\u0433\u0430\u0437\u0438\u043d Xstyle<\/title>\n<meta name=\"description\" content=\"\u041e\u0442\u043a\u0440\u043e\u0439\u0442\u0435 \u0434\u043b\u044f \u0441\u0435\u0431\u044f \u0436\u0435\u043d\u0441\u043a\u0438\u0435 \u0441\u0430\u043d\u0434\u0430\u043b\u0438\u0438 Lizard Trail amaranth red! \u041b\u0435\u0433\u043a\u0438\u0435, \u043f\u0440\u043e\u0447\u043d\u044b\u0435 \u0438 \u043d\u0430\u0434\u0435\u0436\u043d\u044b\u0435 \u0434\u043b\u044f \u0430\u043a\u0442\u0438\u0432\u043d\u043e\u0433\u043e \u043e\u0442\u0434\u044b\u0445\u0430 \u0438 \u043f\u043e\u0432\u0441\u0435\u0434\u043d\u0435\u0432\u043d\u043e\u0439 \u0436\u0438\u0437\u043d\u0438. \u041a\u043e\u043c\u0444\u043e\u0440\u0442 \u0438 \u0441\u0442\u0438\u043b\u044c!\" \/>\n<meta name=\"robots\" content=\"noindex, follow, max-snippet:-1, max-image-preview:large, max-video-preview:-1\" \/>\n<meta property=\"og:locale\" content=\"ro_RO\" \/>\n<meta property=\"og:type\" content=\"article\" \/>\n<meta property=\"og:title\" content=\"\u0421\u0430\u043d\u0434\u0430\u043b\u0438\u0438 \u0436\u0435\u043d\u0441\u043a\u0438\u0435 Lizard Trail plain amaranth red - \u041c\u0430\u0433\u0430\u0437\u0438\u043d Xstyle\" \/>\n<meta property=\"og:description\" content=\"\u041e\u0442\u043a\u0440\u043e\u0439\u0442\u0435 \u0434\u043b\u044f \u0441\u0435\u0431\u044f \u0436\u0435\u043d\u0441\u043a\u0438\u0435 \u0441\u0430\u043d\u0434\u0430\u043b\u0438\u0438 Lizard Trail amaranth red! \u041b\u0435\u0433\u043a\u0438\u0435, \u043f\u0440\u043e\u0447\u043d\u044b\u0435 \u0438 \u043d\u0430\u0434\u0435\u0436\u043d\u044b\u0435 \u0434\u043b\u044f \u0430\u043a\u0442\u0438\u0432\u043d\u043e\u0433\u043e \u043e\u0442\u0434\u044b\u0445\u0430 \u0438 \u043f\u043e\u0432\u0441\u0435\u0434\u043d\u0435\u0432\u043d\u043e\u0439 \u0436\u0438\u0437\u043d\u0438. \u041a\u043e\u043c\u0444\u043e\u0440\u0442 \u0438 \u0441\u0442\u0438\u043b\u044c!\" \/>\n<meta property=\"og:url\" content=\"https:\/\/dev.xstyle.md\/ro\/produs\/sandalii-zhenskie-lizard-trail-plain-amaranth-red\/\" \/>\n<meta property=\"og:site_name\" content=\"\u041c\u0430\u0433\u0430\u0437\u0438\u043d Xstyle\" \/>\n<meta property=\"article:publisher\" content=\"https:\/\/www.facebook.com\/xstylemd\" \/>\n<meta property=\"article:modified_time\" content=\"2026-03-19T14:13:03+00:00\" \/>\n<meta property=\"og:image\" content=\"https:\/\/dev.xstyle.md\/wp-content\/uploads\/2023\/04\/lizard-trail-plain-amaranth-red.jpg\" \/>\n\t<meta property=\"og:image:width\" content=\"2264\" \/>\n\t<meta property=\"og:image:height\" content=\"1910\" \/>\n\t<meta property=\"og:image:type\" content=\"image\/jpeg\" \/>\n<meta name=\"twitter:card\" content=\"summary_large_image\" \/>\n<meta name=\"twitter:label1\" content=\"Pre\u021b\" \/>\n\t<meta name=\"twitter:data1\" content=\"1.690,00&nbsp;MDL\" \/>\n\t<meta name=\"twitter:label2\" content=\"Disponibilitate\" \/>\n\t<meta name=\"twitter:data2\" content=\"\u00cen stoc\" \/>\n<script type=\"application\/ld+json\" class=\"yoast-schema-graph\">{\"@context\":\"https:\\\/\\\/schema.org\",\"@graph\":[{\"@type\":\"WebPage\",\"@id\":\"https:\\\/\\\/dev.xstyle.md\\\/product\\\/sandalii-zhenskie-lizard-trail-plain-amaranth-red\\\/\",\"url\":\"https:\\\/\\\/dev.xstyle.md\\\/product\\\/sandalii-zhenskie-lizard-trail-plain-amaranth-red\\\/\",\"name\":\"\u0421\u0430\u043d\u0434\u0430\u043b\u0438\u0438 \u0436\u0435\u043d\u0441\u043a\u0438\u0435 Lizard Trail plain amaranth red - \u041c\u0430\u0433\u0430\u0437\u0438\u043d Xstyle\",\"isPartOf\":{\"@id\":\"https:\\\/\\\/dev.xstyle.md\\\/#website\"},\"primaryImageOfPage\":{\"@id\":\"https:\\\/\\\/dev.xstyle.md\\\/product\\\/sandalii-zhenskie-lizard-trail-plain-amaranth-red\\\/#primaryimage\"},\"image\":{\"@id\":\"https:\\\/\\\/dev.xstyle.md\\\/product\\\/sandalii-zhenskie-lizard-trail-plain-amaranth-red\\\/#primaryimage\"},\"thumbnailUrl\":\"https:\\\/\\\/dev.xstyle.md\\\/wp-content\\\/uploads\\\/2023\\\/04\\\/lizard-trail-plain-amaranth-red.jpg\",\"datePublished\":\"2023-04-21T11:09:28+00:00\",\"dateModified\":\"2026-03-19T14:13:03+00:00\",\"description\":\"\u041e\u0442\u043a\u0440\u043e\u0439\u0442\u0435 \u0434\u043b\u044f \u0441\u0435\u0431\u044f \u0436\u0435\u043d\u0441\u043a\u0438\u0435 \u0441\u0430\u043d\u0434\u0430\u043b\u0438\u0438 Lizard Trail amaranth red! \u041b\u0435\u0433\u043a\u0438\u0435, \u043f\u0440\u043e\u0447\u043d\u044b\u0435 \u0438 \u043d\u0430\u0434\u0435\u0436\u043d\u044b\u0435 \u0434\u043b\u044f \u0430\u043a\u0442\u0438\u0432\u043d\u043e\u0433\u043e \u043e\u0442\u0434\u044b\u0445\u0430 \u0438 \u043f\u043e\u0432\u0441\u0435\u0434\u043d\u0435\u0432\u043d\u043e\u0439 \u0436\u0438\u0437\u043d\u0438. \u041a\u043e\u043c\u0444\u043e\u0440\u0442 \u0438 \u0441\u0442\u0438\u043b\u044c!\",\"breadcrumb\":{\"@id\":\"https:\\\/\\\/dev.xstyle.md\\\/product\\\/sandalii-zhenskie-lizard-trail-plain-amaranth-red\\\/#breadcrumb\"},\"inLanguage\":\"ro-RO\",\"potentialAction\":[{\"@type\":\"ReadAction\",\"target\":[\"https:\\\/\\\/dev.xstyle.md\\\/product\\\/sandalii-zhenskie-lizard-trail-plain-amaranth-red\\\/\"]}]},{\"@type\":\"ImageObject\",\"inLanguage\":\"ro-RO\",\"@id\":\"https:\\\/\\\/dev.xstyle.md\\\/product\\\/sandalii-zhenskie-lizard-trail-plain-amaranth-red\\\/#primaryimage\",\"url\":\"https:\\\/\\\/dev.xstyle.md\\\/wp-content\\\/uploads\\\/2023\\\/04\\\/lizard-trail-plain-amaranth-red.jpg\",\"contentUrl\":\"https:\\\/\\\/dev.xstyle.md\\\/wp-content\\\/uploads\\\/2023\\\/04\\\/lizard-trail-plain-amaranth-red.jpg\",\"width\":1920,\"height\":1620,\"caption\":\"\u0416\u0435\u043d\u0441\u043a\u0438\u0435 \u0441\u0430\u043d\u0434\u0430\u043b\u0438\u0438 Lizard Trail \u0434\u043b\u044f \u0430\u043a\u0442\u0438\u0432\u043d\u043e\u0433\u043e \u043e\u0442\u0434\u044b\u0445\u0430 \u0438 \u043f\u0443\u0442\u0435\u0448\u0435\u0441\u0442\u0432\u0438\u0439, \u043f\u043e\u0434\u0445\u043e\u0434\u0438\u0442 \u0434\u043b\u044f \u043f\u043e\u0445\u043e\u0434\u043e\u0432, \u0445\u0430\u0439\u043a\u0438\u043d\u0433\u0430, \u0430\u043b\u044c\u043f\u0438\u043d\u0438\u0437\u043c\u0430 \u0438 \u0433\u043e\u0440\u043e\u0434\u0441\u043a\u043e\u0439 \u043e\u0431\u0443\u0432\u0438, \u0446\u0432\u0435\u0442 \u0430\u043c\u0430\u0440\u0430\u043d\u0442 \u043a\u0440\u0430\u0441\u043d\u044b\u0439\"},{\"@type\":\"BreadcrumbList\",\"@id\":\"https:\\\/\\\/dev.xstyle.md\\\/product\\\/sandalii-zhenskie-lizard-trail-plain-amaranth-red\\\/#breadcrumb\",\"itemListElement\":[{\"@type\":\"ListItem\",\"position\":1,\"name\":\"\u0413\u043b\u0430\u0432\u043d\u0430\u044f \u0441\u0442\u0440\u0430\u043d\u0438\u0446\u0430\",\"item\":\"https:\\\/\\\/dev.xstyle.md\\\/\"},{\"@type\":\"ListItem\",\"position\":2,\"name\":\"Shop\",\"item\":\"https:\\\/\\\/dev.xstyle.md\\\/shop\\\/\"},{\"@type\":\"ListItem\",\"position\":3,\"name\":\"\u0421\u0430\u043d\u0434\u0430\u043b\u0438\u0438 \u0436\u0435\u043d\u0441\u043a\u0438\u0435 Lizard Trail plain amaranth red\"}]},{\"@type\":\"WebSite\",\"@id\":\"https:\\\/\\\/dev.xstyle.md\\\/#website\",\"url\":\"https:\\\/\\\/dev.xstyle.md\\\/\",\"name\":\"\u041c\u0430\u0433\u0430\u0437\u0438\u043d Xstyle\",\"description\":\"C\u043d\u0430\u0440\u044f\u0436\u0435\u043d\u0438\u0435 \u0434\u043b\u044f \u0442\u0443\u0440\u0438\u0437\u043c\u0430 \u0438 \u044d\u043a\u0441\u0442\u0440\u0435\u043c\u0430\u043b\u044c\u043d\u044b\u0445 \u0432\u0438\u0434\u043e\u0432 \u0441\u043f\u043e\u0440\u0442\u0430 \u0432 \u041c\u043e\u043b\u0434\u043e\u0432\u0435.. \u0426\u0435\u043d\u044b, \u0444\u043e\u0442\u043e, \u0445\u0430\u0440\u0430\u043a\u0442\u0435\u0440\u0438\u0441\u0442\u0438\u043a\u0438 \u0432 \u041c\u043e\u043b\u0434\u043e\u0432\u0435.\",\"publisher\":{\"@id\":\"https:\\\/\\\/dev.xstyle.md\\\/#organization\"},\"alternateName\":\"X-Style\",\"potentialAction\":[{\"@type\":\"SearchAction\",\"target\":{\"@type\":\"EntryPoint\",\"urlTemplate\":\"https:\\\/\\\/dev.xstyle.md\\\/?s={search_term_string}\"},\"query-input\":{\"@type\":\"PropertyValueSpecification\",\"valueRequired\":true,\"valueName\":\"search_term_string\"}}],\"inLanguage\":\"ro-RO\"},{\"@type\":\"Organization\",\"@id\":\"https:\\\/\\\/dev.xstyle.md\\\/#organization\",\"name\":\"\u041c\u0430\u0433\u0430\u0437\u0438\u043d Xstyle\",\"alternateName\":\"x-style\",\"url\":\"https:\\\/\\\/dev.xstyle.md\\\/\",\"logo\":{\"@type\":\"ImageObject\",\"inLanguage\":\"ro-RO\",\"@id\":\"https:\\\/\\\/dev.xstyle.md\\\/#\\\/schema\\\/logo\\\/image\\\/\",\"url\":\"https:\\\/\\\/dev.xstyle.md\\\/wp-content\\\/uploads\\\/2020\\\/06\\\/logoicon.svg\",\"contentUrl\":\"https:\\\/\\\/dev.xstyle.md\\\/wp-content\\\/uploads\\\/2020\\\/06\\\/logoicon.svg\",\"caption\":\"\u041c\u0430\u0433\u0430\u0437\u0438\u043d Xstyle\"},\"image\":{\"@id\":\"https:\\\/\\\/dev.xstyle.md\\\/#\\\/schema\\\/logo\\\/image\\\/\"},\"sameAs\":[\"https:\\\/\\\/www.facebook.com\\\/xstylemd\",\"https:\\\/\\\/www.instagram.com\\\/xstyle_md\\\/\",\"https:\\\/\\\/t.me\\\/xstyle_outdoor\"],\"hasMerchantReturnPolicy\":{\"@type\":\"MerchantReturnPolicy\",\"merchantReturnLink\":\"https:\\\/\\\/dev.xstyle.md\\\/ro\\\/conditions\\\/\"}}]}<\/script>\n<meta property=\"product:price:amount\" content=\"1690.00\" \/>\n<meta property=\"product:price:currency\" content=\"MDL\" \/>\n<meta property=\"og:availability\" content=\"instock\" \/>\n<meta property=\"product:availability\" content=\"instock\" \/>\n<meta property=\"product:retailer_item_id\" content=\"7615523198887\" \/>\n<meta property=\"product:condition\" content=\"new\" \/>\n<!-- \/ Yoast SEO plugin. -->","yoast_head_json":{"title":"Sandale pentru femei Lizard Trail plain amaranth red - Magazin Xstyle","description":"Descoperi\u021bi sandalele feminine Lizard Trail amaranth red! U\u0219oare, durabile \u0219i fiabile pentru activit\u0103\u021bi \u00een aer liber \u0219i via\u021ba de zi cu zi. Confort \u0219i stil!","robots":{"index":"noindex","follow":"follow","max-snippet":"max-snippet:-1","max-image-preview":"max-image-preview:large","max-video-preview":"max-video-preview:-1"},"og_locale":"ro_RO","og_type":"article","og_title":"\u0421\u0430\u043d\u0434\u0430\u043b\u0438\u0438 \u0436\u0435\u043d\u0441\u043a\u0438\u0435 Lizard Trail plain amaranth red - \u041c\u0430\u0433\u0430\u0437\u0438\u043d Xstyle","og_description":"\u041e\u0442\u043a\u0440\u043e\u0439\u0442\u0435 \u0434\u043b\u044f \u0441\u0435\u0431\u044f \u0436\u0435\u043d\u0441\u043a\u0438\u0435 \u0441\u0430\u043d\u0434\u0430\u043b\u0438\u0438 Lizard Trail amaranth red! \u041b\u0435\u0433\u043a\u0438\u0435, \u043f\u0440\u043e\u0447\u043d\u044b\u0435 \u0438 \u043d\u0430\u0434\u0435\u0436\u043d\u044b\u0435 \u0434\u043b\u044f \u0430\u043a\u0442\u0438\u0432\u043d\u043e\u0433\u043e \u043e\u0442\u0434\u044b\u0445\u0430 \u0438 \u043f\u043e\u0432\u0441\u0435\u0434\u043d\u0435\u0432\u043d\u043e\u0439 \u0436\u0438\u0437\u043d\u0438. \u041a\u043e\u043c\u0444\u043e\u0440\u0442 \u0438 \u0441\u0442\u0438\u043b\u044c!","og_url":"https:\/\/dev.xstyle.md\/ro\/produs\/sandalii-zhenskie-lizard-trail-plain-amaranth-red\/","og_site_name":"\u041c\u0430\u0433\u0430\u0437\u0438\u043d Xstyle","article_publisher":"https:\/\/www.facebook.com\/xstylemd","article_modified_time":"2026-03-19T14:13:03+00:00","og_image":[{"width":2264,"height":1910,"url":"https:\/\/dev.xstyle.md\/wp-content\/uploads\/2023\/04\/lizard-trail-plain-amaranth-red.jpg","type":"image\/jpeg"}],"twitter_card":"summary_large_image","twitter_misc":{"Pre\u021b":"1.690,00&nbsp;MDL","Disponibilitate":"\u00cen stoc"},"schema":{"@context":"https:\/\/schema.org","@graph":[{"@type":"WebPage","@id":"https:\/\/dev.xstyle.md\/product\/sandalii-zhenskie-lizard-trail-plain-amaranth-red\/","url":"https:\/\/dev.xstyle.md\/product\/sandalii-zhenskie-lizard-trail-plain-amaranth-red\/","name":"Sandale pentru femei Lizard Trail plain amaranth red - Magazin Xstyle","isPartOf":{"@id":"https:\/\/dev.xstyle.md\/#website"},"primaryImageOfPage":{"@id":"https:\/\/dev.xstyle.md\/product\/sandalii-zhenskie-lizard-trail-plain-amaranth-red\/#primaryimage"},"image":{"@id":"https:\/\/dev.xstyle.md\/product\/sandalii-zhenskie-lizard-trail-plain-amaranth-red\/#primaryimage"},"thumbnailUrl":"https:\/\/dev.xstyle.md\/wp-content\/uploads\/2023\/04\/lizard-trail-plain-amaranth-red.jpg","datePublished":"2023-04-21T11:09:28+00:00","dateModified":"2026-03-19T14:13:03+00:00","description":"Descoperi\u021bi sandalele feminine Lizard Trail amaranth red! U\u0219oare, durabile \u0219i fiabile pentru activit\u0103\u021bi \u00een aer liber \u0219i via\u021ba de zi cu zi. Confort \u0219i stil!","breadcrumb":{"@id":"https:\/\/dev.xstyle.md\/product\/sandalii-zhenskie-lizard-trail-plain-amaranth-red\/#breadcrumb"},"inLanguage":"ro-RO","potentialAction":[{"@type":"ReadAction","target":["https:\/\/dev.xstyle.md\/product\/sandalii-zhenskie-lizard-trail-plain-amaranth-red\/"]}]},{"@type":"ImageObject","inLanguage":"ro-RO","@id":"https:\/\/dev.xstyle.md\/product\/sandalii-zhenskie-lizard-trail-plain-amaranth-red\/#primaryimage","url":"https:\/\/dev.xstyle.md\/wp-content\/uploads\/2023\/04\/lizard-trail-plain-amaranth-red.jpg","contentUrl":"https:\/\/dev.xstyle.md\/wp-content\/uploads\/2023\/04\/lizard-trail-plain-amaranth-red.jpg","width":1920,"height":1620,"caption":"\u0416\u0435\u043d\u0441\u043a\u0438\u0435 \u0441\u0430\u043d\u0434\u0430\u043b\u0438\u0438 Lizard Trail \u0434\u043b\u044f \u0430\u043a\u0442\u0438\u0432\u043d\u043e\u0433\u043e \u043e\u0442\u0434\u044b\u0445\u0430 \u0438 \u043f\u0443\u0442\u0435\u0448\u0435\u0441\u0442\u0432\u0438\u0439, \u043f\u043e\u0434\u0445\u043e\u0434\u0438\u0442 \u0434\u043b\u044f \u043f\u043e\u0445\u043e\u0434\u043e\u0432, \u0445\u0430\u0439\u043a\u0438\u043d\u0433\u0430, \u0430\u043b\u044c\u043f\u0438\u043d\u0438\u0437\u043c\u0430 \u0438 \u0433\u043e\u0440\u043e\u0434\u0441\u043a\u043e\u0439 \u043e\u0431\u0443\u0432\u0438, \u0446\u0432\u0435\u0442 \u0430\u043c\u0430\u0440\u0430\u043d\u0442 \u043a\u0440\u0430\u0441\u043d\u044b\u0439"},{"@type":"BreadcrumbList","@id":"https:\/\/dev.xstyle.md\/product\/sandalii-zhenskie-lizard-trail-plain-amaranth-red\/#breadcrumb","itemListElement":[{"@type":"ListItem","position":1,"name":"\u0413\u043b\u0430\u0432\u043d\u0430\u044f \u0441\u0442\u0440\u0430\u043d\u0438\u0446\u0430","item":"https:\/\/dev.xstyle.md\/"},{"@type":"ListItem","position":2,"name":"Shop","item":"https:\/\/dev.xstyle.md\/shop\/"},{"@type":"ListItem","position":3,"name":"\u0421\u0430\u043d\u0434\u0430\u043b\u0438\u0438 \u0436\u0435\u043d\u0441\u043a\u0438\u0435 Lizard Trail plain amaranth red"}]},{"@type":"WebSite","@id":"https:\/\/dev.xstyle.md\/#website","url":"https:\/\/dev.xstyle.md\/","name":"Magazinul X-Style","description":"Echipamente pentru turism \u0219i sporturi extreme \u00een Moldova. Pre\u021buri, fotografii, caracteristici \u00een Moldova.","publisher":{"@id":"https:\/\/dev.xstyle.md\/#organization"},"alternateName":"X-Style","potentialAction":[{"@type":"SearchAction","target":{"@type":"EntryPoint","urlTemplate":"https:\/\/dev.xstyle.md\/?s={search_term_string}"},"query-input":{"@type":"PropertyValueSpecification","valueRequired":true,"valueName":"search_term_string"}}],"inLanguage":"ro-RO"},{"@type":"Organization","@id":"https:\/\/dev.xstyle.md\/#organization","name":"Magazinul X-Style","alternateName":"x-style","url":"https:\/\/dev.xstyle.md\/","logo":{"@type":"ImageObject","inLanguage":"ro-RO","@id":"https:\/\/dev.xstyle.md\/#\/schema\/logo\/image\/","url":"https:\/\/dev.xstyle.md\/wp-content\/uploads\/2020\/06\/logoicon.svg","contentUrl":"https:\/\/dev.xstyle.md\/wp-content\/uploads\/2020\/06\/logoicon.svg","caption":"\u041c\u0430\u0433\u0430\u0437\u0438\u043d Xstyle"},"image":{"@id":"https:\/\/dev.xstyle.md\/#\/schema\/logo\/image\/"},"sameAs":["https:\/\/www.facebook.com\/xstylemd","https:\/\/www.instagram.com\/xstyle_md\/","https:\/\/t.me\/xstyle_outdoor"],"hasMerchantReturnPolicy":{"@type":"MerchantReturnPolicy","merchantReturnLink":"https:\/\/dev.xstyle.md\/ro\/conditions\/"}}]},"product_price_amount":"1690.00","product_price_currency":"MDL","og_availability":"instock","product_availability":"instock","product_retailer_item_id":"7615523198887","product_condition":"new"},"post_mailing_queue_ids":[],"_links":{"self":[{"href":"https:\/\/dev.xstyle.md\/ro\/wp-json\/wp\/v2\/product\/67288","targetHints":{"allow":["GET"]}}],"collection":[{"href":"https:\/\/dev.xstyle.md\/ro\/wp-json\/wp\/v2\/product"}],"about":[{"href":"https:\/\/dev.xstyle.md\/ro\/wp-json\/wp\/v2\/types\/product"}],"replies":[{"embeddable":true,"href":"https:\/\/dev.xstyle.md\/ro\/wp-json\/wp\/v2\/comments?post=67288"}],"version-history":[{"count":0,"href":"https:\/\/dev.xstyle.md\/ro\/wp-json\/wp\/v2\/product\/67288\/revisions"}],"wp:featuredmedia":[{"embeddable":true,"href":"https:\/\/dev.xstyle.md\/ro\/wp-json\/wp\/v2\/media\/68217"}],"wp:attachment":[{"href":"https:\/\/dev.xstyle.md\/ro\/wp-json\/wp\/v2\/media?parent=67288"}],"wp:term":[{"taxonomy":"product_brand","embeddable":true,"href":"https:\/\/dev.xstyle.md\/ro\/wp-json\/wp\/v2\/product_brand?post=67288"},{"taxonomy":"product_cat","embeddable":true,"href":"https:\/\/dev.xstyle.md\/ro\/wp-json\/wp\/v2\/product_cat?post=67288"},{"taxonomy":"product_tag","embeddable":true,"href":"https:\/\/dev.xstyle.md\/ro\/wp-json\/wp\/v2\/product_tag?post=67288"}],"curies":[{"name":"wp","href":"https:\/\/api.w.org\/{rel}","templated":true}]}}