{"id":6648,"date":"2020-07-16T21:54:37","date_gmt":"2020-07-16T18:54:37","guid":{"rendered":"https:\/\/xstyle.md\/product\/raskladnoj-shkaf-outwell-antigua"},"modified":"2026-03-19T16:33:39","modified_gmt":"2026-03-19T13:33:39","slug":"raskladnoj-shkaf-outwell-antigua","status":"publish","type":"product","link":"https:\/\/dev.xstyle.md\/ro\/produs\/raskladnoj-shkaf-outwell-antigua\/","title":{"rendered":"Dulap pliabil Outwell Antigua"},"content":{"rendered":"<\/p>\n<p><strong>Outwell Antigua<\/strong> &#8212; dulapul pliabil de c\u0103l\u0103torie \u0219i camping cu compartimente de depozitare este indispensabil \u00een timpul c\u0103l\u0103toriilor, campingului \u0219i activit\u0103\u021bilor \u00een aer liber. Echipat cu 3 rafturi deta\u0219abile cu fund rigid. Dulapul are buzunare suplimentare pentru accesorii. Masa este fabricat\u0103 din material de \u00eenalt\u0103 calitate, rezistent la murd\u0103rie. Picioarele reglabile din aluminiu garanteaz\u0103 stabilitatea chiar \u0219i pe un teren neuniform. Masa poate fi asamblat\u0103 \u0219i dezasamblat\u0103 rapid datorit\u0103 celor mai recente solu\u021bii de design.<\/p>\n<p>Dulap de c\u0103l\u0103torie pliabil cu un ecran cu fermoar. Cadrul dulapului este fabricat din aluminiu. Atunci c\u00e2nd este pliat, dulapul este o valiz\u0103 practic\u0103 cu m\u00e2ner. Se pliaz\u0103 compact \u0219i, prin urmare, este u\u0219or de transportat. Nu ve\u021bi regreta c\u0103 \u00eel lua\u021bi cu dvs. \u00een vacan\u021b\u0103, deoarece poate fi folosit pentru a depozita tot ce ave\u021bi nevoie.<\/p>\n<h3>Particularit\u0103\u021bi<\/h3>\n<ul>\n<li>Se asambleaz\u0103 \u00een c\u00e2teva secunde<\/li>\n<li>Cadru robust din aluminiu<\/li>\n<li>Rafturi deta\u0219abile<\/li>\n<li>Buzunare de blocare pentru obiecte mici<\/li>\n<li>C\u00e2rlige de suspendare pe lateral<\/li>\n<li>Plas\u0103 pentru circula\u021bia aerului<\/li>\n<li>Asamblare compact\u0103<\/li>\n<li>Geant\u0103 de transport convenabil\u0103.<\/li>\n<\/ul>\n<h3>Caracteristici<\/h3>\n<ul>\n<li>Material cadru &#8212; aluminiu<\/li>\n<li>Dimensiuni desf\u0103\u0219urat &#8212; 60 x 48 x 80 cm<\/li>\n<li>Dimensiuni c\u00e2nd este \u00eenchis &#8212; 60 x 48 x 8 cm<\/li>\n<li>Sarcina maxim\u0103 &#8212; 30 kg<\/li>\n<li>Greutate &#8212; 8,4 kg.<\/li>\n<\/ul>\n<h3>Marca<\/h3>\n<p>Compania danez\u0103 Outwell a fost \u00eenfiin\u021bat\u0103 \u00een 1984 cu scopul de a crea echipamente pentru activit\u0103\u021bi \u00een aer liber \u0219i turism. \u00cenc\u0103 de la \u00eenfiin\u021bare, compania \u0219i-a dezvoltat produsele pentru a r\u0103spunde nevoilor tot mai mari ale clien\u021bilor s\u0103i, concentr\u00e2ndu-se pe cele mai noi tehnologii outdoor. Toate produsele brandului au c\u00e2\u0219tigat \u00eencrederea la nivel mondial.<\/p>\n<p>Produsele Outwell pot fi caracterizate prin func\u021bionalitate, ergonomie, durabilitate, accesibilitate \u0219i calitate ridicat\u0103. Iar materiile prime ecologice utilizate \u00een produc\u021bie sunt sigure pentru s\u0103n\u0103tatea uman\u0103 \u0219i pentru mediu. Una dintre principalele zone de interes ale m\u0103rcii este campingul de familie. Speciali\u0219tii \u0219i designerii companiei sunt convin\u0219i c\u0103 nu exist\u0103 nimic mai pl\u0103cut dec\u00e2t odihna \u00een aer liber. Picnicurile \u0219i campingul sunt deosebit de pl\u0103cute pentru copii, dornici s\u0103 exploreze lumea, s\u0103 \u00eenve\u021be lucruri noi \u0219i s\u0103 \u00ee\u0219i extind\u0103 orizonturile.<\/p>\n<p><\/p>","protected":false},"excerpt":{"rendered":"<p>Dulap pliabil Outwell Antigua<\/p>","protected":false},"featured_media":58516,"comment_status":"open","ping_status":"closed","template":"","meta":{"_acf_changed":false,"inline_featured_image":false},"product_brand":[1275],"product_cat":[118],"product_tag":[],"class_list":{"0":"post-6648","1":"product","2":"type-product","3":"status-publish","4":"has-post-thumbnail","6":"product_brand-outwell","7":"product_cat-rollaway-cabinets","9":"first","10":"instock","11":"shipping-taxable","12":"purchasable","13":"product-type-simple"},"acf":[],"yoast_head":"<!-- This site is optimized with the Yoast SEO plugin v27.5 - https:\/\/yoast.com\/product\/yoast-seo-wordpress\/ -->\n<title>\u0420\u0430\u0441\u043a\u043b\u0430\u0434\u043d\u043e\u0439 \u0448\u043a\u0430\u0444 Outwell Antigua - \u041c\u0430\u0433\u0430\u0437\u0438\u043d Xstyle<\/title>\n<meta name=\"description\" content=\"\u0420\u0430\u0441\u043a\u043b\u0430\u0434\u043d\u043e\u0439 \u0448\u043a\u0430\u0444 Outwell Antigua - \u0438\u0434\u0435\u0430\u043b\u044c\u043d\u044b\u0439 \u0432\u044b\u0431\u043e\u0440 \u0434\u043b\u044f \u043a\u0435\u043c\u043f\u0438\u043d\u0433\u0430! \u0423\u0434\u043e\u0431\u043d\u044b\u0435 3 \u043f\u043e\u043b\u043a\u0438, \u0434\u043e\u043f\u043e\u043b\u043d\u0438\u0442\u0435\u043b\u044c\u043d\u044b\u0435 \u043a\u0430\u0440\u043c\u0430\u043d\u044b \u0438 \u043f\u0440\u043e\u0447\u043d\u044b\u0439 \u043c\u0430\u0442\u0435\u0440\u0438\u0430\u043b. \u0412\u0430\u0448 \u0438\u0434\u0435\u0430\u043b\u044c\u043d\u044b\u0439 \u0441\u043f\u0443\u0442\u043d\u0438\u043a \u043d\u0430 \u043f\u0440\u0438\u0440\u043e\u0434\u0435!\" \/>\n<meta name=\"robots\" content=\"noindex, follow, max-snippet:-1, max-image-preview:large, max-video-preview:-1\" \/>\n<meta property=\"og:locale\" content=\"ro_RO\" \/>\n<meta property=\"og:type\" content=\"article\" \/>\n<meta property=\"og:title\" content=\"\u0420\u0430\u0441\u043a\u043b\u0430\u0434\u043d\u043e\u0439 \u0448\u043a\u0430\u0444 Outwell Antigua - \u041c\u0430\u0433\u0430\u0437\u0438\u043d Xstyle\" \/>\n<meta property=\"og:description\" content=\"\u0420\u0430\u0441\u043a\u043b\u0430\u0434\u043d\u043e\u0439 \u0448\u043a\u0430\u0444 Outwell Antigua - \u0438\u0434\u0435\u0430\u043b\u044c\u043d\u044b\u0439 \u0432\u044b\u0431\u043e\u0440 \u0434\u043b\u044f \u043a\u0435\u043c\u043f\u0438\u043d\u0433\u0430! \u0423\u0434\u043e\u0431\u043d\u044b\u0435 3 \u043f\u043e\u043b\u043a\u0438, \u0434\u043e\u043f\u043e\u043b\u043d\u0438\u0442\u0435\u043b\u044c\u043d\u044b\u0435 \u043a\u0430\u0440\u043c\u0430\u043d\u044b \u0438 \u043f\u0440\u043e\u0447\u043d\u044b\u0439 \u043c\u0430\u0442\u0435\u0440\u0438\u0430\u043b. \u0412\u0430\u0448 \u0438\u0434\u0435\u0430\u043b\u044c\u043d\u044b\u0439 \u0441\u043f\u0443\u0442\u043d\u0438\u043a \u043d\u0430 \u043f\u0440\u0438\u0440\u043e\u0434\u0435!\" \/>\n<meta property=\"og:url\" content=\"https:\/\/dev.xstyle.md\/ro\/produs\/raskladnoj-shkaf-outwell-antigua\/\" \/>\n<meta property=\"og:site_name\" content=\"\u041c\u0430\u0433\u0430\u0437\u0438\u043d Xstyle\" \/>\n<meta property=\"article:publisher\" content=\"https:\/\/www.facebook.com\/xstylemd\" \/>\n<meta property=\"article:modified_time\" content=\"2026-03-19T13:33:39+00:00\" \/>\n<meta property=\"og:image\" content=\"https:\/\/dev.xstyle.md\/wp-content\/uploads\/2020\/07\/outwell-antigua-01.jpg\" \/>\n\t<meta property=\"og:image:width\" content=\"1001\" \/>\n\t<meta property=\"og:image:height\" content=\"1073\" \/>\n\t<meta property=\"og:image:type\" content=\"image\/jpeg\" \/>\n<meta name=\"twitter:card\" content=\"summary_large_image\" \/>\n<meta name=\"twitter:label1\" content=\"Pre\u021b\" \/>\n\t<meta name=\"twitter:data1\" content=\"2.190,00&nbsp;MDL\" \/>\n\t<meta name=\"twitter:label2\" content=\"Disponibilitate\" \/>\n\t<meta name=\"twitter:data2\" content=\"\u00cen stoc\" \/>\n<script type=\"application\/ld+json\" class=\"yoast-schema-graph\">{\"@context\":\"https:\\\/\\\/schema.org\",\"@graph\":[{\"@type\":\"WebPage\",\"@id\":\"https:\\\/\\\/dev.xstyle.md\\\/product\\\/raskladnoj-shkaf-outwell-antigua\\\/\",\"url\":\"https:\\\/\\\/dev.xstyle.md\\\/product\\\/raskladnoj-shkaf-outwell-antigua\\\/\",\"name\":\"\u0420\u0430\u0441\u043a\u043b\u0430\u0434\u043d\u043e\u0439 \u0448\u043a\u0430\u0444 Outwell Antigua - \u041c\u0430\u0433\u0430\u0437\u0438\u043d Xstyle\",\"isPartOf\":{\"@id\":\"https:\\\/\\\/dev.xstyle.md\\\/#website\"},\"primaryImageOfPage\":{\"@id\":\"https:\\\/\\\/dev.xstyle.md\\\/product\\\/raskladnoj-shkaf-outwell-antigua\\\/#primaryimage\"},\"image\":{\"@id\":\"https:\\\/\\\/dev.xstyle.md\\\/product\\\/raskladnoj-shkaf-outwell-antigua\\\/#primaryimage\"},\"thumbnailUrl\":\"https:\\\/\\\/dev.xstyle.md\\\/wp-content\\\/uploads\\\/2020\\\/07\\\/outwell-antigua-01.jpg\",\"datePublished\":\"2020-07-16T18:54:37+00:00\",\"dateModified\":\"2026-03-19T13:33:39+00:00\",\"description\":\"\u0420\u0430\u0441\u043a\u043b\u0430\u0434\u043d\u043e\u0439 \u0448\u043a\u0430\u0444 Outwell Antigua - \u0438\u0434\u0435\u0430\u043b\u044c\u043d\u044b\u0439 \u0432\u044b\u0431\u043e\u0440 \u0434\u043b\u044f \u043a\u0435\u043c\u043f\u0438\u043d\u0433\u0430! \u0423\u0434\u043e\u0431\u043d\u044b\u0435 3 \u043f\u043e\u043b\u043a\u0438, \u0434\u043e\u043f\u043e\u043b\u043d\u0438\u0442\u0435\u043b\u044c\u043d\u044b\u0435 \u043a\u0430\u0440\u043c\u0430\u043d\u044b \u0438 \u043f\u0440\u043e\u0447\u043d\u044b\u0439 \u043c\u0430\u0442\u0435\u0440\u0438\u0430\u043b. \u0412\u0430\u0448 \u0438\u0434\u0435\u0430\u043b\u044c\u043d\u044b\u0439 \u0441\u043f\u0443\u0442\u043d\u0438\u043a \u043d\u0430 \u043f\u0440\u0438\u0440\u043e\u0434\u0435!\",\"breadcrumb\":{\"@id\":\"https:\\\/\\\/dev.xstyle.md\\\/product\\\/raskladnoj-shkaf-outwell-antigua\\\/#breadcrumb\"},\"inLanguage\":\"ro-RO\",\"potentialAction\":[{\"@type\":\"ReadAction\",\"target\":[\"https:\\\/\\\/dev.xstyle.md\\\/product\\\/raskladnoj-shkaf-outwell-antigua\\\/\"]}]},{\"@type\":\"ImageObject\",\"inLanguage\":\"ro-RO\",\"@id\":\"https:\\\/\\\/dev.xstyle.md\\\/product\\\/raskladnoj-shkaf-outwell-antigua\\\/#primaryimage\",\"url\":\"https:\\\/\\\/dev.xstyle.md\\\/wp-content\\\/uploads\\\/2020\\\/07\\\/outwell-antigua-01.jpg\",\"contentUrl\":\"https:\\\/\\\/dev.xstyle.md\\\/wp-content\\\/uploads\\\/2020\\\/07\\\/outwell-antigua-01.jpg\",\"width\":1001,\"height\":1073,\"caption\":\"\u0420\u0430\u0441\u043a\u043b\u0430\u0434\u043d\u043e\u0439 \u0448\u043a\u0430\u0444 Outwell Antigua \u0434\u043b\u044f \u0430\u043a\u0442\u0438\u0432\u043d\u043e\u0433\u043e \u043e\u0442\u0434\u044b\u0445\u0430, \u0442\u0443\u0440\u0438\u0437\u043c\u0430 \u0438 \u043f\u0443\u0442\u0435\u0448\u0435\u0441\u0442\u0432\u0438\u0439, \u043f\u043e\u0445\u043e\u0434\u043d\u043e\u0439 \u043e\u0434\u0435\u0436\u0434\u044b \u0438 \u0441\u043d\u0430\u0440\u044f\u0436\u0435\u043d\u0438\u044f \u0434\u043b\u044f \u043a\u0435\u043c\u043f\u0438\u043d\u0433\u0430 \u0438 \u0445\u0430\u0439\u043a\u0438\u043d\u0433\u0430\"},{\"@type\":\"BreadcrumbList\",\"@id\":\"https:\\\/\\\/dev.xstyle.md\\\/product\\\/raskladnoj-shkaf-outwell-antigua\\\/#breadcrumb\",\"itemListElement\":[{\"@type\":\"ListItem\",\"position\":1,\"name\":\"\u0413\u043b\u0430\u0432\u043d\u0430\u044f \u0441\u0442\u0440\u0430\u043d\u0438\u0446\u0430\",\"item\":\"https:\\\/\\\/dev.xstyle.md\\\/\"},{\"@type\":\"ListItem\",\"position\":2,\"name\":\"Shop\",\"item\":\"https:\\\/\\\/dev.xstyle.md\\\/shop\\\/\"},{\"@type\":\"ListItem\",\"position\":3,\"name\":\"\u0420\u0430\u0441\u043a\u043b\u0430\u0434\u043d\u043e\u0439 \u0448\u043a\u0430\u0444 Outwell Antigua\"}]},{\"@type\":\"WebSite\",\"@id\":\"https:\\\/\\\/dev.xstyle.md\\\/#website\",\"url\":\"https:\\\/\\\/dev.xstyle.md\\\/\",\"name\":\"\u041c\u0430\u0433\u0430\u0437\u0438\u043d Xstyle\",\"description\":\"C\u043d\u0430\u0440\u044f\u0436\u0435\u043d\u0438\u0435 \u0434\u043b\u044f \u0442\u0443\u0440\u0438\u0437\u043c\u0430 \u0438 \u044d\u043a\u0441\u0442\u0440\u0435\u043c\u0430\u043b\u044c\u043d\u044b\u0445 \u0432\u0438\u0434\u043e\u0432 \u0441\u043f\u043e\u0440\u0442\u0430 \u0432 \u041c\u043e\u043b\u0434\u043e\u0432\u0435.. \u0426\u0435\u043d\u044b, \u0444\u043e\u0442\u043e, \u0445\u0430\u0440\u0430\u043a\u0442\u0435\u0440\u0438\u0441\u0442\u0438\u043a\u0438 \u0432 \u041c\u043e\u043b\u0434\u043e\u0432\u0435.\",\"publisher\":{\"@id\":\"https:\\\/\\\/dev.xstyle.md\\\/#organization\"},\"alternateName\":\"X-Style\",\"potentialAction\":[{\"@type\":\"SearchAction\",\"target\":{\"@type\":\"EntryPoint\",\"urlTemplate\":\"https:\\\/\\\/dev.xstyle.md\\\/?s={search_term_string}\"},\"query-input\":{\"@type\":\"PropertyValueSpecification\",\"valueRequired\":true,\"valueName\":\"search_term_string\"}}],\"inLanguage\":\"ro-RO\"},{\"@type\":\"Organization\",\"@id\":\"https:\\\/\\\/dev.xstyle.md\\\/#organization\",\"name\":\"\u041c\u0430\u0433\u0430\u0437\u0438\u043d Xstyle\",\"alternateName\":\"x-style\",\"url\":\"https:\\\/\\\/dev.xstyle.md\\\/\",\"logo\":{\"@type\":\"ImageObject\",\"inLanguage\":\"ro-RO\",\"@id\":\"https:\\\/\\\/dev.xstyle.md\\\/#\\\/schema\\\/logo\\\/image\\\/\",\"url\":\"https:\\\/\\\/dev.xstyle.md\\\/wp-content\\\/uploads\\\/2020\\\/06\\\/logoicon.svg\",\"contentUrl\":\"https:\\\/\\\/dev.xstyle.md\\\/wp-content\\\/uploads\\\/2020\\\/06\\\/logoicon.svg\",\"caption\":\"\u041c\u0430\u0433\u0430\u0437\u0438\u043d Xstyle\"},\"image\":{\"@id\":\"https:\\\/\\\/dev.xstyle.md\\\/#\\\/schema\\\/logo\\\/image\\\/\"},\"sameAs\":[\"https:\\\/\\\/www.facebook.com\\\/xstylemd\",\"https:\\\/\\\/www.instagram.com\\\/xstyle_md\\\/\",\"https:\\\/\\\/t.me\\\/xstyle_outdoor\"],\"hasMerchantReturnPolicy\":{\"@type\":\"MerchantReturnPolicy\",\"merchantReturnLink\":\"https:\\\/\\\/dev.xstyle.md\\\/ro\\\/conditions\\\/\"}}]}<\/script>\n<meta property=\"product:price:amount\" content=\"2190.00\" \/>\n<meta property=\"product:price:currency\" content=\"MDL\" \/>\n<meta property=\"og:availability\" content=\"instock\" \/>\n<meta property=\"product:availability\" content=\"instock\" \/>\n<meta property=\"product:retailer_item_id\" content=\"5709388039903\" \/>\n<meta property=\"product:condition\" content=\"new\" \/>\n<!-- \/ Yoast SEO plugin. -->","yoast_head_json":{"title":"Dulap pliabil Outwell Antigua - Magazin Xstyle","description":"Dulapul pliabil Outwell Antigua - alegerea ideal\u0103 pentru camping! Rafturi confortabile de 3, buzunare suplimentare \u0219i material rezistent. Companionul vostru perfect \u00een natur\u0103!","robots":{"index":"noindex","follow":"follow","max-snippet":"max-snippet:-1","max-image-preview":"max-image-preview:large","max-video-preview":"max-video-preview:-1"},"og_locale":"ro_RO","og_type":"article","og_title":"\u0420\u0430\u0441\u043a\u043b\u0430\u0434\u043d\u043e\u0439 \u0448\u043a\u0430\u0444 Outwell Antigua - \u041c\u0430\u0433\u0430\u0437\u0438\u043d Xstyle","og_description":"\u0420\u0430\u0441\u043a\u043b\u0430\u0434\u043d\u043e\u0439 \u0448\u043a\u0430\u0444 Outwell Antigua - \u0438\u0434\u0435\u0430\u043b\u044c\u043d\u044b\u0439 \u0432\u044b\u0431\u043e\u0440 \u0434\u043b\u044f \u043a\u0435\u043c\u043f\u0438\u043d\u0433\u0430! \u0423\u0434\u043e\u0431\u043d\u044b\u0435 3 \u043f\u043e\u043b\u043a\u0438, \u0434\u043e\u043f\u043e\u043b\u043d\u0438\u0442\u0435\u043b\u044c\u043d\u044b\u0435 \u043a\u0430\u0440\u043c\u0430\u043d\u044b \u0438 \u043f\u0440\u043e\u0447\u043d\u044b\u0439 \u043c\u0430\u0442\u0435\u0440\u0438\u0430\u043b. \u0412\u0430\u0448 \u0438\u0434\u0435\u0430\u043b\u044c\u043d\u044b\u0439 \u0441\u043f\u0443\u0442\u043d\u0438\u043a \u043d\u0430 \u043f\u0440\u0438\u0440\u043e\u0434\u0435!","og_url":"https:\/\/dev.xstyle.md\/ro\/produs\/raskladnoj-shkaf-outwell-antigua\/","og_site_name":"\u041c\u0430\u0433\u0430\u0437\u0438\u043d Xstyle","article_publisher":"https:\/\/www.facebook.com\/xstylemd","article_modified_time":"2026-03-19T13:33:39+00:00","og_image":[{"width":1001,"height":1073,"url":"https:\/\/dev.xstyle.md\/wp-content\/uploads\/2020\/07\/outwell-antigua-01.jpg","type":"image\/jpeg"}],"twitter_card":"summary_large_image","twitter_misc":{"Pre\u021b":"2.190,00&nbsp;MDL","Disponibilitate":"\u00cen stoc"},"schema":{"@context":"https:\/\/schema.org","@graph":[{"@type":"WebPage","@id":"https:\/\/dev.xstyle.md\/product\/raskladnoj-shkaf-outwell-antigua\/","url":"https:\/\/dev.xstyle.md\/product\/raskladnoj-shkaf-outwell-antigua\/","name":"Dulap pliabil Outwell Antigua - Magazin Xstyle","isPartOf":{"@id":"https:\/\/dev.xstyle.md\/#website"},"primaryImageOfPage":{"@id":"https:\/\/dev.xstyle.md\/product\/raskladnoj-shkaf-outwell-antigua\/#primaryimage"},"image":{"@id":"https:\/\/dev.xstyle.md\/product\/raskladnoj-shkaf-outwell-antigua\/#primaryimage"},"thumbnailUrl":"https:\/\/dev.xstyle.md\/wp-content\/uploads\/2020\/07\/outwell-antigua-01.jpg","datePublished":"2020-07-16T18:54:37+00:00","dateModified":"2026-03-19T13:33:39+00:00","description":"Dulapul pliabil Outwell Antigua - alegerea ideal\u0103 pentru camping! Rafturi confortabile de 3, buzunare suplimentare \u0219i material rezistent. Companionul vostru perfect \u00een natur\u0103!","breadcrumb":{"@id":"https:\/\/dev.xstyle.md\/product\/raskladnoj-shkaf-outwell-antigua\/#breadcrumb"},"inLanguage":"ro-RO","potentialAction":[{"@type":"ReadAction","target":["https:\/\/dev.xstyle.md\/product\/raskladnoj-shkaf-outwell-antigua\/"]}]},{"@type":"ImageObject","inLanguage":"ro-RO","@id":"https:\/\/dev.xstyle.md\/product\/raskladnoj-shkaf-outwell-antigua\/#primaryimage","url":"https:\/\/dev.xstyle.md\/wp-content\/uploads\/2020\/07\/outwell-antigua-01.jpg","contentUrl":"https:\/\/dev.xstyle.md\/wp-content\/uploads\/2020\/07\/outwell-antigua-01.jpg","width":1001,"height":1073,"caption":"\u0420\u0430\u0441\u043a\u043b\u0430\u0434\u043d\u043e\u0439 \u0448\u043a\u0430\u0444 Outwell Antigua \u0434\u043b\u044f \u0430\u043a\u0442\u0438\u0432\u043d\u043e\u0433\u043e \u043e\u0442\u0434\u044b\u0445\u0430, \u0442\u0443\u0440\u0438\u0437\u043c\u0430 \u0438 \u043f\u0443\u0442\u0435\u0448\u0435\u0441\u0442\u0432\u0438\u0439, \u043f\u043e\u0445\u043e\u0434\u043d\u043e\u0439 \u043e\u0434\u0435\u0436\u0434\u044b \u0438 \u0441\u043d\u0430\u0440\u044f\u0436\u0435\u043d\u0438\u044f \u0434\u043b\u044f \u043a\u0435\u043c\u043f\u0438\u043d\u0433\u0430 \u0438 \u0445\u0430\u0439\u043a\u0438\u043d\u0433\u0430"},{"@type":"BreadcrumbList","@id":"https:\/\/dev.xstyle.md\/product\/raskladnoj-shkaf-outwell-antigua\/#breadcrumb","itemListElement":[{"@type":"ListItem","position":1,"name":"\u0413\u043b\u0430\u0432\u043d\u0430\u044f \u0441\u0442\u0440\u0430\u043d\u0438\u0446\u0430","item":"https:\/\/dev.xstyle.md\/"},{"@type":"ListItem","position":2,"name":"Shop","item":"https:\/\/dev.xstyle.md\/shop\/"},{"@type":"ListItem","position":3,"name":"\u0420\u0430\u0441\u043a\u043b\u0430\u0434\u043d\u043e\u0439 \u0448\u043a\u0430\u0444 Outwell Antigua"}]},{"@type":"WebSite","@id":"https:\/\/dev.xstyle.md\/#website","url":"https:\/\/dev.xstyle.md\/","name":"Magazinul X-Style","description":"Echipamente pentru turism \u0219i sporturi extreme \u00een Moldova. Pre\u021buri, fotografii, caracteristici \u00een Moldova.","publisher":{"@id":"https:\/\/dev.xstyle.md\/#organization"},"alternateName":"X-Style","potentialAction":[{"@type":"SearchAction","target":{"@type":"EntryPoint","urlTemplate":"https:\/\/dev.xstyle.md\/?s={search_term_string}"},"query-input":{"@type":"PropertyValueSpecification","valueRequired":true,"valueName":"search_term_string"}}],"inLanguage":"ro-RO"},{"@type":"Organization","@id":"https:\/\/dev.xstyle.md\/#organization","name":"Magazinul X-Style","alternateName":"x-style","url":"https:\/\/dev.xstyle.md\/","logo":{"@type":"ImageObject","inLanguage":"ro-RO","@id":"https:\/\/dev.xstyle.md\/#\/schema\/logo\/image\/","url":"https:\/\/dev.xstyle.md\/wp-content\/uploads\/2020\/06\/logoicon.svg","contentUrl":"https:\/\/dev.xstyle.md\/wp-content\/uploads\/2020\/06\/logoicon.svg","caption":"\u041c\u0430\u0433\u0430\u0437\u0438\u043d Xstyle"},"image":{"@id":"https:\/\/dev.xstyle.md\/#\/schema\/logo\/image\/"},"sameAs":["https:\/\/www.facebook.com\/xstylemd","https:\/\/www.instagram.com\/xstyle_md\/","https:\/\/t.me\/xstyle_outdoor"],"hasMerchantReturnPolicy":{"@type":"MerchantReturnPolicy","merchantReturnLink":"https:\/\/dev.xstyle.md\/ro\/conditions\/"}}]},"product_price_amount":"2190.00","product_price_currency":"MDL","og_availability":"instock","product_availability":"instock","product_retailer_item_id":"5709388039903","product_condition":"new"},"post_mailing_queue_ids":[],"_links":{"self":[{"href":"https:\/\/dev.xstyle.md\/ro\/wp-json\/wp\/v2\/product\/6648","targetHints":{"allow":["GET"]}}],"collection":[{"href":"https:\/\/dev.xstyle.md\/ro\/wp-json\/wp\/v2\/product"}],"about":[{"href":"https:\/\/dev.xstyle.md\/ro\/wp-json\/wp\/v2\/types\/product"}],"replies":[{"embeddable":true,"href":"https:\/\/dev.xstyle.md\/ro\/wp-json\/wp\/v2\/comments?post=6648"}],"version-history":[{"count":0,"href":"https:\/\/dev.xstyle.md\/ro\/wp-json\/wp\/v2\/product\/6648\/revisions"}],"wp:featuredmedia":[{"embeddable":true,"href":"https:\/\/dev.xstyle.md\/ro\/wp-json\/wp\/v2\/media\/58516"}],"wp:attachment":[{"href":"https:\/\/dev.xstyle.md\/ro\/wp-json\/wp\/v2\/media?parent=6648"}],"wp:term":[{"taxonomy":"product_brand","embeddable":true,"href":"https:\/\/dev.xstyle.md\/ro\/wp-json\/wp\/v2\/product_brand?post=6648"},{"taxonomy":"product_cat","embeddable":true,"href":"https:\/\/dev.xstyle.md\/ro\/wp-json\/wp\/v2\/product_cat?post=6648"},{"taxonomy":"product_tag","embeddable":true,"href":"https:\/\/dev.xstyle.md\/ro\/wp-json\/wp\/v2\/product_tag?post=6648"}],"curies":[{"name":"wp","href":"https:\/\/api.w.org\/{rel}","templated":true}]}}