{"id":66419,"date":"2023-03-30T11:55:13","date_gmt":"2023-03-30T08:55:13","guid":{"rendered":"https:\/\/xstyle.md\/?post_type=product&#038;p=66419"},"modified":"2026-03-19T16:21:35","modified_gmt":"2026-03-19T13:21:35","slug":"nabor-opinel-picnic-cutlery-insert-set","status":"publish","type":"product","link":"https:\/\/xstyle.md\/ro\/produs\/nabor-opinel-picnic-cutlery-insert-set\/","title":{"rendered":"Set Opinel Picnic+ Cutlery Insert Set"},"content":{"rendered":"<\/p>\n<p><strong>Opinel Picnic+ Cutlery Insert Set<\/strong> &#8212; set de tac\u00e2muri care poate fi luat \u00een excursii cu cortul \u0219i la picnicuri. Setul include o inser\u021bie pentru furculi\u021b\u0103, o inser\u021bie pentru lingur\u0103 \u0219i o c\u00e2rp\u0103 din microfibr\u0103 care poate fi folosit\u0103 \u0219i ca o hus\u0103. Setul Picnic+ folose\u0219te inelul de siguran\u021b\u0103 Virobloc\u00ae de pe cu\u021bitul pliabil #08 pentru a \u021bine furculi\u021ba \u0219i\/sau lingura la locul lor. \u00cenlocuitorul perfect pentru ustensilele de unic\u0103 folosin\u021b\u0103.<\/p>\n<h3>Setul include<\/h3>\n<ul>\n<li>Inser\u021bie de furc\u0103<\/li>\n<li>Inser\u021bie lingur\u0103<\/li>\n<li>P\u00e2nz\u0103 din microfibre<\/li>\n<\/ul>\n<h3>Marca<\/h3>\n<p>Opinel este unul dintre cei mai renumi\u021bi produc\u0103tori de cu\u021bite, tac\u00e2muri \u0219i unelte de gr\u0103din\u0103. Istoria sa a \u00eenceput \u00een 1890, c\u00e2nd artizanul francez Joseph Opinel a creat primul s\u0103u cu\u021bit pliabil. Datorit\u0103 durabilit\u0103\u021bii \u0219i calit\u0103\u021bii materialelor, cum ar fi o\u021belul inoxidabil Sandvik 12C27 pentru lame \u0219i o varietate de esen\u021be de lemn pentru m\u00e2nere, cu\u021bitele Opinel au c\u00e2\u0219tigat dragostea \u0219i recunoa\u0219terea universal\u0103. \u00cen mod tradi\u021bional, cu\u021bitele Opinel sunt disponibile \u00een unsprezece dimensiuni: exist\u0103 cu\u021bite miniaturale pentru lucr\u0103ri fine, cu\u021bite pentru filetare, cu\u021bite universale \u0219i cu\u021bitul gigant num\u0103rul 13 \u0219i diverse accesorii pentru \u00eengrijirea cu\u021bitelor.<\/p>\n<p><\/p>","protected":false},"excerpt":{"rendered":"","protected":false},"featured_media":66802,"comment_status":"open","ping_status":"closed","template":"","meta":{"_acf_changed":false,"inline_featured_image":false},"product_brand":[1268],"product_cat":[152],"product_tag":[],"class_list":{"0":"post-66419","1":"product","2":"type-product","3":"status-publish","4":"has-post-thumbnail","6":"product_brand-opinel","7":"product_cat-spoons-and-forks","9":"first","10":"instock","11":"shipping-taxable","12":"purchasable","13":"product-type-simple"},"acf":[],"yoast_head":"<!-- This site is optimized with the Yoast SEO plugin v27.4 - https:\/\/yoast.com\/product\/yoast-seo-wordpress\/ -->\n<title>\u041d\u0430\u0431\u043e\u0440 Opinel Picnic+ Cutlery Insert Set - \u041c\u0430\u0433\u0430\u0437\u0438\u043d Xstyle<\/title>\n<meta name=\"description\" content=\"\u041d\u0430\u0431\u043e\u0440 Opinel Picnic+ \u0432\u043a\u043b\u044e\u0447\u0430\u0435\u0442 \u0432 \u0441\u0435\u0431\u044f \u0432\u0441\u0442\u0430\u0432\u043a\u0438 \u0434\u043b\u044f \u0432\u0438\u043b\u043a\u0438 \u0438 \u043b\u043e\u0436\u043a\u0438, \u0438\u0434\u0435\u0430\u043b\u0435\u043d \u0434\u043b\u044f \u043f\u0438\u043a\u043d\u0438\u043a\u043e\u0432 \u0438 \u0432\u044b\u0435\u0437\u0434\u043e\u0432 \u043d\u0430 \u043f\u0440\u0438\u0440\u043e\u0434\u0443. \u041a\u043e\u043c\u043f\u0430\u043a\u0442\u043d\u043e \u0438 \u0443\u0434\u043e\u0431\u043d\u043e \u0432 \u0438\u0441\u043f\u043e\u043b\u044c\u0437\u043e\u0432\u0430\u043d\u0438\u0438!\" \/>\n<meta name=\"robots\" content=\"index, follow, max-snippet:-1, max-image-preview:large, max-video-preview:-1\" \/>\n<link rel=\"canonical\" href=\"https:\/\/xstyle.md\/ro\/produs\/nabor-opinel-picnic-cutlery-insert-set\/\" \/>\n<meta property=\"og:locale\" content=\"ro_RO\" \/>\n<meta property=\"og:type\" content=\"article\" \/>\n<meta property=\"og:title\" content=\"\u041d\u0430\u0431\u043e\u0440 Opinel Picnic+ Cutlery Insert Set - \u041c\u0430\u0433\u0430\u0437\u0438\u043d Xstyle\" \/>\n<meta property=\"og:description\" content=\"\u041d\u0430\u0431\u043e\u0440 Opinel Picnic+ \u0432\u043a\u043b\u044e\u0447\u0430\u0435\u0442 \u0432 \u0441\u0435\u0431\u044f \u0432\u0441\u0442\u0430\u0432\u043a\u0438 \u0434\u043b\u044f \u0432\u0438\u043b\u043a\u0438 \u0438 \u043b\u043e\u0436\u043a\u0438, \u0438\u0434\u0435\u0430\u043b\u0435\u043d \u0434\u043b\u044f \u043f\u0438\u043a\u043d\u0438\u043a\u043e\u0432 \u0438 \u0432\u044b\u0435\u0437\u0434\u043e\u0432 \u043d\u0430 \u043f\u0440\u0438\u0440\u043e\u0434\u0443. \u041a\u043e\u043c\u043f\u0430\u043a\u0442\u043d\u043e \u0438 \u0443\u0434\u043e\u0431\u043d\u043e \u0432 \u0438\u0441\u043f\u043e\u043b\u044c\u0437\u043e\u0432\u0430\u043d\u0438\u0438!\" \/>\n<meta property=\"og:url\" content=\"https:\/\/xstyle.md\/ro\/produs\/nabor-opinel-picnic-cutlery-insert-set\/\" \/>\n<meta property=\"og:site_name\" content=\"\u041c\u0430\u0433\u0430\u0437\u0438\u043d Xstyle\" \/>\n<meta property=\"article:publisher\" content=\"https:\/\/www.facebook.com\/xstylemd\" \/>\n<meta property=\"article:modified_time\" content=\"2026-03-19T13:21:35+00:00\" \/>\n<meta property=\"og:image\" content=\"https:\/\/xstyle.md\/wp-content\/uploads\/2023\/03\/opinel-picnic-cutlery-insert-set.jpg\" \/>\n\t<meta property=\"og:image:width\" content=\"934\" \/>\n\t<meta property=\"og:image:height\" content=\"933\" \/>\n\t<meta property=\"og:image:type\" content=\"image\/jpeg\" \/>\n<meta name=\"twitter:card\" content=\"summary_large_image\" \/>\n<meta name=\"twitter:label1\" content=\"Pre\u021b\" \/>\n\t<meta name=\"twitter:data1\" content=\"280&nbsp;MDL\" \/>\n\t<meta name=\"twitter:label2\" content=\"Disponibilitate\" \/>\n\t<meta name=\"twitter:data2\" content=\"\u00cen stoc\" \/>\n<script type=\"application\/ld+json\" class=\"yoast-schema-graph\">{\"@context\":\"https:\\\/\\\/schema.org\",\"@graph\":[{\"@type\":\"WebPage\",\"@id\":\"https:\\\/\\\/xstyle.md\\\/product\\\/nabor-opinel-picnic-cutlery-insert-set\\\/\",\"url\":\"https:\\\/\\\/xstyle.md\\\/product\\\/nabor-opinel-picnic-cutlery-insert-set\\\/\",\"name\":\"\u041d\u0430\u0431\u043e\u0440 Opinel Picnic+ Cutlery Insert Set - \u041c\u0430\u0433\u0430\u0437\u0438\u043d Xstyle\",\"isPartOf\":{\"@id\":\"https:\\\/\\\/xstyle.md\\\/#website\"},\"primaryImageOfPage\":{\"@id\":\"https:\\\/\\\/xstyle.md\\\/product\\\/nabor-opinel-picnic-cutlery-insert-set\\\/#primaryimage\"},\"image\":{\"@id\":\"https:\\\/\\\/xstyle.md\\\/product\\\/nabor-opinel-picnic-cutlery-insert-set\\\/#primaryimage\"},\"thumbnailUrl\":\"https:\\\/\\\/xstyle.md\\\/wp-content\\\/uploads\\\/2023\\\/03\\\/opinel-picnic-cutlery-insert-set.jpg\",\"datePublished\":\"2023-03-30T08:55:13+00:00\",\"dateModified\":\"2026-03-19T13:21:35+00:00\",\"description\":\"\u041d\u0430\u0431\u043e\u0440 Opinel Picnic+ \u0432\u043a\u043b\u044e\u0447\u0430\u0435\u0442 \u0432 \u0441\u0435\u0431\u044f \u0432\u0441\u0442\u0430\u0432\u043a\u0438 \u0434\u043b\u044f \u0432\u0438\u043b\u043a\u0438 \u0438 \u043b\u043e\u0436\u043a\u0438, \u0438\u0434\u0435\u0430\u043b\u0435\u043d \u0434\u043b\u044f \u043f\u0438\u043a\u043d\u0438\u043a\u043e\u0432 \u0438 \u0432\u044b\u0435\u0437\u0434\u043e\u0432 \u043d\u0430 \u043f\u0440\u0438\u0440\u043e\u0434\u0443. \u041a\u043e\u043c\u043f\u0430\u043a\u0442\u043d\u043e \u0438 \u0443\u0434\u043e\u0431\u043d\u043e \u0432 \u0438\u0441\u043f\u043e\u043b\u044c\u0437\u043e\u0432\u0430\u043d\u0438\u0438!\",\"breadcrumb\":{\"@id\":\"https:\\\/\\\/xstyle.md\\\/product\\\/nabor-opinel-picnic-cutlery-insert-set\\\/#breadcrumb\"},\"inLanguage\":\"ro-RO\",\"potentialAction\":[{\"@type\":\"ReadAction\",\"target\":[\"https:\\\/\\\/xstyle.md\\\/product\\\/nabor-opinel-picnic-cutlery-insert-set\\\/\"]}]},{\"@type\":\"ImageObject\",\"inLanguage\":\"ro-RO\",\"@id\":\"https:\\\/\\\/xstyle.md\\\/product\\\/nabor-opinel-picnic-cutlery-insert-set\\\/#primaryimage\",\"url\":\"https:\\\/\\\/xstyle.md\\\/wp-content\\\/uploads\\\/2023\\\/03\\\/opinel-picnic-cutlery-insert-set.jpg\",\"contentUrl\":\"https:\\\/\\\/xstyle.md\\\/wp-content\\\/uploads\\\/2023\\\/03\\\/opinel-picnic-cutlery-insert-set.jpg\",\"width\":934,\"height\":933,\"caption\":\"\u041d\u0430\u0431\u043e\u0440 \u043a\u0443\u0445\u043e\u043d\u043d\u044b\u0445 \u043f\u0440\u0438\u043d\u0430\u0434\u043b\u0435\u0436\u043d\u043e\u0441\u0442\u0435\u0439 Opinel Picnic \u0434\u043b\u044f \u0430\u043a\u0442\u0438\u0432\u043d\u043e\u0433\u043e \u043e\u0442\u0434\u044b\u0445\u0430, \u043f\u043e\u0445\u043e\u0434\u043e\u0432 \u0438 \u043f\u0443\u0442\u0435\u0448\u0435\u0441\u0442\u0432\u0438\u0439 \u0441 \u043f\u043e\u0441\u0443\u0434\u043e\u0439 \u0438 \u0441\u043a\u043b\u0430\u0434\u043d\u044b\u043c\u0438 \u043d\u043e\u0436\u0430\u043c\u0438 \u0434\u043b\u044f \u0437\u0430\u043d\u044f\u0442\u0438\u0439 \u043d\u0430 \u043f\u0440\u0438\u0440\u043e\u0434\u0435, \u0442\u0443\u0440\u0438\u0441\u0442\u0438\u0447\u0435\u0441\u043a\u043e\u0439 \u044d\u043a\u0438\u043f\u0438\u0440\u043e\u0432\u043a\u043e\u0439 \u0438 \u043e\u0431\u0443\u0432\u044c\u044e \u0434\u043b\u044f \u0430\u043b\u044c\u043f\u0438\u043d\u0438\u0437\u043c\u0430 \u0438 \u0442\u0443\u0440\u0438\u0437\u043c\u0430\"},{\"@type\":\"BreadcrumbList\",\"@id\":\"https:\\\/\\\/xstyle.md\\\/product\\\/nabor-opinel-picnic-cutlery-insert-set\\\/#breadcrumb\",\"itemListElement\":[{\"@type\":\"ListItem\",\"position\":1,\"name\":\"\u0413\u043b\u0430\u0432\u043d\u0430\u044f \u0441\u0442\u0440\u0430\u043d\u0438\u0446\u0430\",\"item\":\"https:\\\/\\\/xstyle.md\\\/\"},{\"@type\":\"ListItem\",\"position\":2,\"name\":\"\u041c\u0430\u0433\u0430\u0437\u0438\u043d\",\"item\":\"https:\\\/\\\/xstyle.md\\\/shop\\\/\"},{\"@type\":\"ListItem\",\"position\":3,\"name\":\"\u041d\u0430\u0431\u043e\u0440 Opinel Picnic+ Cutlery Insert Set\"}]},{\"@type\":\"WebSite\",\"@id\":\"https:\\\/\\\/xstyle.md\\\/#website\",\"url\":\"https:\\\/\\\/xstyle.md\\\/\",\"name\":\"\u041c\u0430\u0433\u0430\u0437\u0438\u043d Xstyle\",\"description\":\"C\u043d\u0430\u0440\u044f\u0436\u0435\u043d\u0438\u0435 \u0434\u043b\u044f \u0442\u0443\u0440\u0438\u0437\u043c\u0430 \u0438 \u044d\u043a\u0441\u0442\u0440\u0435\u043c\u0430\u043b\u044c\u043d\u044b\u0445 \u0432\u0438\u0434\u043e\u0432 \u0441\u043f\u043e\u0440\u0442\u0430 \u0432 \u041c\u043e\u043b\u0434\u043e\u0432\u0435.. \u0426\u0435\u043d\u044b, \u0444\u043e\u0442\u043e, \u0445\u0430\u0440\u0430\u043a\u0442\u0435\u0440\u0438\u0441\u0442\u0438\u043a\u0438 \u0432 \u041c\u043e\u043b\u0434\u043e\u0432\u0435.\",\"publisher\":{\"@id\":\"https:\\\/\\\/xstyle.md\\\/#organization\"},\"alternateName\":\"X-Style\",\"potentialAction\":[{\"@type\":\"SearchAction\",\"target\":{\"@type\":\"EntryPoint\",\"urlTemplate\":\"https:\\\/\\\/xstyle.md\\\/?s={search_term_string}\"},\"query-input\":{\"@type\":\"PropertyValueSpecification\",\"valueRequired\":true,\"valueName\":\"search_term_string\"}}],\"inLanguage\":\"ro-RO\"},{\"@type\":\"Organization\",\"@id\":\"https:\\\/\\\/xstyle.md\\\/#organization\",\"name\":\"\u041c\u0430\u0433\u0430\u0437\u0438\u043d Xstyle\",\"alternateName\":\"x-style\",\"url\":\"https:\\\/\\\/xstyle.md\\\/\",\"logo\":{\"@type\":\"ImageObject\",\"inLanguage\":\"ro-RO\",\"@id\":\"https:\\\/\\\/xstyle.md\\\/#\\\/schema\\\/logo\\\/image\\\/\",\"url\":\"https:\\\/\\\/xstyle.md\\\/wp-content\\\/uploads\\\/2020\\\/06\\\/logoicon.svg\",\"contentUrl\":\"https:\\\/\\\/xstyle.md\\\/wp-content\\\/uploads\\\/2020\\\/06\\\/logoicon.svg\",\"caption\":\"\u041c\u0430\u0433\u0430\u0437\u0438\u043d Xstyle\"},\"image\":{\"@id\":\"https:\\\/\\\/xstyle.md\\\/#\\\/schema\\\/logo\\\/image\\\/\"},\"sameAs\":[\"https:\\\/\\\/www.facebook.com\\\/xstylemd\",\"https:\\\/\\\/www.instagram.com\\\/xstyle_md\\\/\",\"https:\\\/\\\/t.me\\\/xstyle_outdoor\"],\"hasMerchantReturnPolicy\":{\"@type\":\"MerchantReturnPolicy\",\"merchantReturnLink\":\"https:\\\/\\\/xstyle.md\\\/ro\\\/conditions\\\/\"}}]}<\/script>\n<meta property=\"product:price:amount\" content=\"280.00\" \/>\n<meta property=\"product:price:currency\" content=\"MDL\" \/>\n<meta property=\"og:availability\" content=\"instock\" \/>\n<meta property=\"product:availability\" content=\"instock\" \/>\n<meta property=\"product:retailer_item_id\" content=\"3123840025013\" \/>\n<meta property=\"product:condition\" content=\"new\" \/>\n<!-- \/ Yoast SEO plugin. -->","yoast_head_json":{"title":"Set Opinel Picnic+ Cutlery Insert Set - Magazin Xstyle","description":"Setul Opinel Picnic+ include inser\u021bii pentru furculi\u021b\u0103 \u0219i lingur\u0103, fiind ideal pentru picnicuri \u0219i ie\u0219iri \u00een natur\u0103. Compact \u0219i u\u0219or de folosit!","robots":{"index":"index","follow":"follow","max-snippet":"max-snippet:-1","max-image-preview":"max-image-preview:large","max-video-preview":"max-video-preview:-1"},"canonical":"https:\/\/xstyle.md\/ro\/produs\/nabor-opinel-picnic-cutlery-insert-set\/","og_locale":"ro_RO","og_type":"article","og_title":"\u041d\u0430\u0431\u043e\u0440 Opinel Picnic+ Cutlery Insert Set - \u041c\u0430\u0433\u0430\u0437\u0438\u043d Xstyle","og_description":"\u041d\u0430\u0431\u043e\u0440 Opinel Picnic+ \u0432\u043a\u043b\u044e\u0447\u0430\u0435\u0442 \u0432 \u0441\u0435\u0431\u044f \u0432\u0441\u0442\u0430\u0432\u043a\u0438 \u0434\u043b\u044f \u0432\u0438\u043b\u043a\u0438 \u0438 \u043b\u043e\u0436\u043a\u0438, \u0438\u0434\u0435\u0430\u043b\u0435\u043d \u0434\u043b\u044f \u043f\u0438\u043a\u043d\u0438\u043a\u043e\u0432 \u0438 \u0432\u044b\u0435\u0437\u0434\u043e\u0432 \u043d\u0430 \u043f\u0440\u0438\u0440\u043e\u0434\u0443. \u041a\u043e\u043c\u043f\u0430\u043a\u0442\u043d\u043e \u0438 \u0443\u0434\u043e\u0431\u043d\u043e \u0432 \u0438\u0441\u043f\u043e\u043b\u044c\u0437\u043e\u0432\u0430\u043d\u0438\u0438!","og_url":"https:\/\/xstyle.md\/ro\/produs\/nabor-opinel-picnic-cutlery-insert-set\/","og_site_name":"\u041c\u0430\u0433\u0430\u0437\u0438\u043d Xstyle","article_publisher":"https:\/\/www.facebook.com\/xstylemd","article_modified_time":"2026-03-19T13:21:35+00:00","og_image":[{"width":934,"height":933,"url":"https:\/\/xstyle.md\/wp-content\/uploads\/2023\/03\/opinel-picnic-cutlery-insert-set.jpg","type":"image\/jpeg"}],"twitter_card":"summary_large_image","twitter_misc":{"Pre\u021b":"280&nbsp;MDL","Disponibilitate":"\u00cen stoc"},"schema":{"@context":"https:\/\/schema.org","@graph":[{"@type":"WebPage","@id":"https:\/\/xstyle.md\/product\/nabor-opinel-picnic-cutlery-insert-set\/","url":"https:\/\/xstyle.md\/product\/nabor-opinel-picnic-cutlery-insert-set\/","name":"Set Opinel Picnic+ Cutlery Insert Set - Magazin Xstyle","isPartOf":{"@id":"https:\/\/xstyle.md\/#website"},"primaryImageOfPage":{"@id":"https:\/\/xstyle.md\/product\/nabor-opinel-picnic-cutlery-insert-set\/#primaryimage"},"image":{"@id":"https:\/\/xstyle.md\/product\/nabor-opinel-picnic-cutlery-insert-set\/#primaryimage"},"thumbnailUrl":"https:\/\/xstyle.md\/wp-content\/uploads\/2023\/03\/opinel-picnic-cutlery-insert-set.jpg","datePublished":"2023-03-30T08:55:13+00:00","dateModified":"2026-03-19T13:21:35+00:00","description":"Setul Opinel Picnic+ include inser\u021bii pentru furculi\u021b\u0103 \u0219i lingur\u0103, fiind ideal pentru picnicuri \u0219i ie\u0219iri \u00een natur\u0103. Compact \u0219i u\u0219or de folosit!","breadcrumb":{"@id":"https:\/\/xstyle.md\/product\/nabor-opinel-picnic-cutlery-insert-set\/#breadcrumb"},"inLanguage":"ro-RO","potentialAction":[{"@type":"ReadAction","target":["https:\/\/xstyle.md\/product\/nabor-opinel-picnic-cutlery-insert-set\/"]}]},{"@type":"ImageObject","inLanguage":"ro-RO","@id":"https:\/\/xstyle.md\/product\/nabor-opinel-picnic-cutlery-insert-set\/#primaryimage","url":"https:\/\/xstyle.md\/wp-content\/uploads\/2023\/03\/opinel-picnic-cutlery-insert-set.jpg","contentUrl":"https:\/\/xstyle.md\/wp-content\/uploads\/2023\/03\/opinel-picnic-cutlery-insert-set.jpg","width":934,"height":933,"caption":"\u041d\u0430\u0431\u043e\u0440 \u043a\u0443\u0445\u043e\u043d\u043d\u044b\u0445 \u043f\u0440\u0438\u043d\u0430\u0434\u043b\u0435\u0436\u043d\u043e\u0441\u0442\u0435\u0439 Opinel Picnic \u0434\u043b\u044f \u0430\u043a\u0442\u0438\u0432\u043d\u043e\u0433\u043e \u043e\u0442\u0434\u044b\u0445\u0430, \u043f\u043e\u0445\u043e\u0434\u043e\u0432 \u0438 \u043f\u0443\u0442\u0435\u0448\u0435\u0441\u0442\u0432\u0438\u0439 \u0441 \u043f\u043e\u0441\u0443\u0434\u043e\u0439 \u0438 \u0441\u043a\u043b\u0430\u0434\u043d\u044b\u043c\u0438 \u043d\u043e\u0436\u0430\u043c\u0438 \u0434\u043b\u044f \u0437\u0430\u043d\u044f\u0442\u0438\u0439 \u043d\u0430 \u043f\u0440\u0438\u0440\u043e\u0434\u0435, \u0442\u0443\u0440\u0438\u0441\u0442\u0438\u0447\u0435\u0441\u043a\u043e\u0439 \u044d\u043a\u0438\u043f\u0438\u0440\u043e\u0432\u043a\u043e\u0439 \u0438 \u043e\u0431\u0443\u0432\u044c\u044e \u0434\u043b\u044f \u0430\u043b\u044c\u043f\u0438\u043d\u0438\u0437\u043c\u0430 \u0438 \u0442\u0443\u0440\u0438\u0437\u043c\u0430"},{"@type":"BreadcrumbList","@id":"https:\/\/xstyle.md\/product\/nabor-opinel-picnic-cutlery-insert-set\/#breadcrumb","itemListElement":[{"@type":"ListItem","position":1,"name":"\u0413\u043b\u0430\u0432\u043d\u0430\u044f \u0441\u0442\u0440\u0430\u043d\u0438\u0446\u0430","item":"https:\/\/xstyle.md\/"},{"@type":"ListItem","position":2,"name":"\u041c\u0430\u0433\u0430\u0437\u0438\u043d","item":"https:\/\/xstyle.md\/shop\/"},{"@type":"ListItem","position":3,"name":"\u041d\u0430\u0431\u043e\u0440 Opinel Picnic+ Cutlery Insert Set"}]},{"@type":"WebSite","@id":"https:\/\/xstyle.md\/#website","url":"https:\/\/xstyle.md\/","name":"Magazinul X-Style","description":"Echipamente pentru turism \u0219i sporturi extreme \u00een Moldova. Pre\u021buri, fotografii, caracteristici \u00een Moldova.","publisher":{"@id":"https:\/\/xstyle.md\/#organization"},"alternateName":"X-Style","potentialAction":[{"@type":"SearchAction","target":{"@type":"EntryPoint","urlTemplate":"https:\/\/xstyle.md\/?s={search_term_string}"},"query-input":{"@type":"PropertyValueSpecification","valueRequired":true,"valueName":"search_term_string"}}],"inLanguage":"ro-RO"},{"@type":"Organization","@id":"https:\/\/xstyle.md\/#organization","name":"Magazinul X-Style","alternateName":"x-style","url":"https:\/\/xstyle.md\/","logo":{"@type":"ImageObject","inLanguage":"ro-RO","@id":"https:\/\/xstyle.md\/#\/schema\/logo\/image\/","url":"https:\/\/xstyle.md\/wp-content\/uploads\/2020\/06\/logoicon.svg","contentUrl":"https:\/\/xstyle.md\/wp-content\/uploads\/2020\/06\/logoicon.svg","caption":"\u041c\u0430\u0433\u0430\u0437\u0438\u043d Xstyle"},"image":{"@id":"https:\/\/xstyle.md\/#\/schema\/logo\/image\/"},"sameAs":["https:\/\/www.facebook.com\/xstylemd","https:\/\/www.instagram.com\/xstyle_md\/","https:\/\/t.me\/xstyle_outdoor"],"hasMerchantReturnPolicy":{"@type":"MerchantReturnPolicy","merchantReturnLink":"https:\/\/xstyle.md\/ro\/conditions\/"}}]},"product_price_amount":"280.00","product_price_currency":"MDL","og_availability":"instock","product_availability":"instock","product_retailer_item_id":"3123840025013","product_condition":"new"},"_links":{"self":[{"href":"https:\/\/xstyle.md\/ro\/wp-json\/wp\/v2\/product\/66419","targetHints":{"allow":["GET"]}}],"collection":[{"href":"https:\/\/xstyle.md\/ro\/wp-json\/wp\/v2\/product"}],"about":[{"href":"https:\/\/xstyle.md\/ro\/wp-json\/wp\/v2\/types\/product"}],"replies":[{"embeddable":true,"href":"https:\/\/xstyle.md\/ro\/wp-json\/wp\/v2\/comments?post=66419"}],"wp:featuredmedia":[{"embeddable":true,"href":"https:\/\/xstyle.md\/ro\/wp-json\/wp\/v2\/media\/66802"}],"wp:attachment":[{"href":"https:\/\/xstyle.md\/ro\/wp-json\/wp\/v2\/media?parent=66419"}],"wp:term":[{"taxonomy":"product_brand","embeddable":true,"href":"https:\/\/xstyle.md\/ro\/wp-json\/wp\/v2\/product_brand?post=66419"},{"taxonomy":"product_cat","embeddable":true,"href":"https:\/\/xstyle.md\/ro\/wp-json\/wp\/v2\/product_cat?post=66419"},{"taxonomy":"product_tag","embeddable":true,"href":"https:\/\/xstyle.md\/ro\/wp-json\/wp\/v2\/product_tag?post=66419"}],"curies":[{"name":"wp","href":"https:\/\/api.w.org\/{rel}","templated":true}]}}