{"id":63515,"date":"2023-01-25T13:47:15","date_gmt":"2023-01-25T10:47:15","guid":{"rendered":"https:\/\/xstyle.md\/?post_type=product&#038;p=63515"},"modified":"2024-10-23T10:30:51","modified_gmt":"2024-10-23T07:30:51","slug":"sumochka-tatonka-skin-document-belt-l-natural","status":"publish","type":"product","link":"https:\/\/xstyle.md\/ro\/produs\/sumochka-tatonka-skin-document-belt-l-natural\/","title":{"rendered":"Geant\u0103 Tatonka Skin Document Belt L natural"},"content":{"rendered":"<\/p>\n<p><strong>Tatonka Skin Document Belt L<\/strong> &#8212; portofel practic de c\u0103l\u0103torie Tatonka Skin Document Belt L pentru c\u0103l\u0103tori \u0219i turi\u0219ti.<\/p>\n<p>Acest portofel poate con\u021bine toate lucrurile esen\u021biale pentru c\u0103l\u0103torii &#8212; bani, documente, bilete, carduri de credit. Portofelul include o curea plat\u0103 \u0219i este confortabil de purtat la centur\u0103.<\/p>\n<h3>Particularit\u0103\u021bi<\/h3>\n<ul>\n<li>Ultra plat curea de talie cu \u00eenchidere cu clichet<\/li>\n<li>Fermoar ascuns<\/li>\n<li>Material neiritant<\/li>\n<\/ul>\n<h3>Caracteristici<\/h3>\n<ul>\n<li>Material &#8212; 210T Nylon Ripstop<\/li>\n<li>Dimensiune &#8212; 14 x 33 cm<\/li>\n<li>Greutate &#8212; 60 g<\/li>\n<\/ul>\n<h3>Tehnologie<\/h3>\n<ul>\n<li><strong>210T Nylon Ripstop<\/strong> \u2013 material exterior u\u0219or. Pl\u0103cut\u0103 la atingere. Datorit\u0103 acoperirii interioare din poliuretan, este rezistent la ap\u0103.<\/li>\n<\/ul>\n<h3>Marca<\/h3>\n<p>Marca TATONKA este renumit\u0103 la nivel mondial \u0219i produce echipamente de c\u0103l\u0103torie de \u00eenalt\u0103 calitate \u00eenc\u0103 din 1994. \u00cenc\u0103 de la \u00eenfiin\u021bare, Tatonka a aderat la o politic\u0103 de cea mai \u00eenalt\u0103 calitate posibil\u0103 a produselor la un pre\u021b accesibil. Fiecare rucsac, geant\u0103, ustensil\u0103 sau accesoriu TATONKA din o\u021bel inoxidabil este dezvoltat pe baza experien\u021bei de mul\u021bi ani a companiei.<\/p>\n<p>Produsele TATONKA sunt din ce \u00een ce mai populare \u00een \u00eentreaga lume. TATONKA \u00ee\u0219i \u00eembun\u0103t\u0103\u021be\u0219te constant produsele \u0219i folose\u0219te cele mai recente progrese tehnologice \u0219i materiale de ultim\u0103 genera\u021bie pentru a satisface cele mai \u00eenalte cerin\u021be.<\/p>\n<p><\/p>\n<\/div>","protected":false},"excerpt":{"rendered":"","protected":false},"featured_media":64540,"comment_status":"open","ping_status":"closed","template":"","meta":{"_acf_changed":false,"inline_featured_image":false},"product_brand":[1262],"product_cat":[283],"product_tag":[],"class_list":{"0":"post-63515","1":"product","2":"type-product","3":"status-publish","4":"has-post-thumbnail","6":"product_brand-tatonka","7":"product_cat-wallets","9":"first","10":"instock","11":"shipping-taxable","12":"purchasable","13":"product-type-simple"},"acf":[],"yoast_head":"<!-- This site is optimized with the Yoast SEO plugin v27.4 - https:\/\/yoast.com\/product\/yoast-seo-wordpress\/ -->\n<title>\u0421\u0443\u043c\u043e\u0447\u043a\u0430 Tatonka Skin Document Belt L natural - \u041c\u0430\u0433\u0430\u0437\u0438\u043d Xstyle<\/title>\n<meta name=\"description\" content=\"\u0421\u0443\u043c\u043e\u0447\u043a\u0430 Tatonka Skin Document Belt L \u2014 \u0438\u0434\u0435\u0430\u043b\u044c\u043d\u044b\u0439 \u0430\u043a\u0441\u0435\u0441\u0441\u0443\u0430\u0440 \u0434\u043b\u044f \u043f\u0443\u0442\u0435\u0448\u0435\u0441\u0442\u0432\u0438\u0439: \u0432\u043c\u0435\u0441\u0442\u0438\u043c\u043e\u0441\u0442\u044c \u0434\u043b\u044f \u0434\u043e\u043a\u0443\u043c\u0435\u043d\u0442\u043e\u0432, \u0434\u0435\u043d\u0435\u0433 \u0438 \u043a\u0430\u0440\u0442\u043e\u0447\u0435\u043a, \u0443\u0434\u043e\u0431\u043d\u044b\u0439 \u0440\u0435\u043c\u0435\u0448\u043e\u043a.\" \/>\n<meta name=\"robots\" content=\"index, follow, max-snippet:-1, max-image-preview:large, max-video-preview:-1\" \/>\n<link rel=\"canonical\" href=\"https:\/\/xstyle.md\/ro\/produs\/sumochka-tatonka-skin-document-belt-l-natural\/\" \/>\n<meta property=\"og:locale\" content=\"ro_RO\" \/>\n<meta property=\"og:type\" content=\"article\" \/>\n<meta property=\"og:title\" content=\"\u0421\u0443\u043c\u043e\u0447\u043a\u0430 Tatonka Skin Document Belt L natural - \u041c\u0430\u0433\u0430\u0437\u0438\u043d Xstyle\" \/>\n<meta property=\"og:description\" content=\"\u0421\u0443\u043c\u043e\u0447\u043a\u0430 Tatonka Skin Document Belt L \u2014 \u0438\u0434\u0435\u0430\u043b\u044c\u043d\u044b\u0439 \u0430\u043a\u0441\u0435\u0441\u0441\u0443\u0430\u0440 \u0434\u043b\u044f \u043f\u0443\u0442\u0435\u0448\u0435\u0441\u0442\u0432\u0438\u0439: \u0432\u043c\u0435\u0441\u0442\u0438\u043c\u043e\u0441\u0442\u044c \u0434\u043b\u044f \u0434\u043e\u043a\u0443\u043c\u0435\u043d\u0442\u043e\u0432, \u0434\u0435\u043d\u0435\u0433 \u0438 \u043a\u0430\u0440\u0442\u043e\u0447\u0435\u043a, \u0443\u0434\u043e\u0431\u043d\u044b\u0439 \u0440\u0435\u043c\u0435\u0448\u043e\u043a.\" \/>\n<meta property=\"og:url\" content=\"https:\/\/xstyle.md\/ro\/produs\/sumochka-tatonka-skin-document-belt-l-natural\/\" \/>\n<meta property=\"og:site_name\" content=\"\u041c\u0430\u0433\u0430\u0437\u0438\u043d Xstyle\" \/>\n<meta property=\"article:publisher\" content=\"https:\/\/www.facebook.com\/xstylemd\" \/>\n<meta property=\"article:modified_time\" content=\"2024-10-23T07:30:51+00:00\" \/>\n<meta property=\"og:image\" content=\"https:\/\/xstyle.md\/wp-content\/uploads\/2023\/01\/tatonka-skin-document-belt-l-natural.jpg\" \/>\n\t<meta property=\"og:image:width\" content=\"800\" \/>\n\t<meta property=\"og:image:height\" content=\"800\" \/>\n\t<meta property=\"og:image:type\" content=\"image\/jpeg\" \/>\n<meta name=\"twitter:card\" content=\"summary_large_image\" \/>\n<meta name=\"twitter:label1\" content=\"Pre\u021b\" \/>\n\t<meta name=\"twitter:data1\" content=\"320&nbsp;MDL\" \/>\n\t<meta name=\"twitter:label2\" content=\"Disponibilitate\" \/>\n\t<meta name=\"twitter:data2\" content=\"\u00cen stoc\" \/>\n<script type=\"application\/ld+json\" class=\"yoast-schema-graph\">{\"@context\":\"https:\\\/\\\/schema.org\",\"@graph\":[{\"@type\":\"WebPage\",\"@id\":\"https:\\\/\\\/xstyle.md\\\/product\\\/sumochka-tatonka-skin-document-belt-l-natural\\\/\",\"url\":\"https:\\\/\\\/xstyle.md\\\/product\\\/sumochka-tatonka-skin-document-belt-l-natural\\\/\",\"name\":\"\u0421\u0443\u043c\u043e\u0447\u043a\u0430 Tatonka Skin Document Belt L natural - \u041c\u0430\u0433\u0430\u0437\u0438\u043d Xstyle\",\"isPartOf\":{\"@id\":\"https:\\\/\\\/xstyle.md\\\/#website\"},\"primaryImageOfPage\":{\"@id\":\"https:\\\/\\\/xstyle.md\\\/product\\\/sumochka-tatonka-skin-document-belt-l-natural\\\/#primaryimage\"},\"image\":{\"@id\":\"https:\\\/\\\/xstyle.md\\\/product\\\/sumochka-tatonka-skin-document-belt-l-natural\\\/#primaryimage\"},\"thumbnailUrl\":\"https:\\\/\\\/xstyle.md\\\/wp-content\\\/uploads\\\/2023\\\/01\\\/tatonka-skin-document-belt-l-natural.jpg\",\"datePublished\":\"2023-01-25T10:47:15+00:00\",\"dateModified\":\"2024-10-23T07:30:51+00:00\",\"description\":\"\u0421\u0443\u043c\u043e\u0447\u043a\u0430 Tatonka Skin Document Belt L \u2014 \u0438\u0434\u0435\u0430\u043b\u044c\u043d\u044b\u0439 \u0430\u043a\u0441\u0435\u0441\u0441\u0443\u0430\u0440 \u0434\u043b\u044f \u043f\u0443\u0442\u0435\u0448\u0435\u0441\u0442\u0432\u0438\u0439: \u0432\u043c\u0435\u0441\u0442\u0438\u043c\u043e\u0441\u0442\u044c \u0434\u043b\u044f \u0434\u043e\u043a\u0443\u043c\u0435\u043d\u0442\u043e\u0432, \u0434\u0435\u043d\u0435\u0433 \u0438 \u043a\u0430\u0440\u0442\u043e\u0447\u0435\u043a, \u0443\u0434\u043e\u0431\u043d\u044b\u0439 \u0440\u0435\u043c\u0435\u0448\u043e\u043a.\",\"breadcrumb\":{\"@id\":\"https:\\\/\\\/xstyle.md\\\/product\\\/sumochka-tatonka-skin-document-belt-l-natural\\\/#breadcrumb\"},\"inLanguage\":\"ro-RO\",\"potentialAction\":[{\"@type\":\"ReadAction\",\"target\":[\"https:\\\/\\\/xstyle.md\\\/product\\\/sumochka-tatonka-skin-document-belt-l-natural\\\/\"]}]},{\"@type\":\"ImageObject\",\"inLanguage\":\"ro-RO\",\"@id\":\"https:\\\/\\\/xstyle.md\\\/product\\\/sumochka-tatonka-skin-document-belt-l-natural\\\/#primaryimage\",\"url\":\"https:\\\/\\\/xstyle.md\\\/wp-content\\\/uploads\\\/2023\\\/01\\\/tatonka-skin-document-belt-l-natural.jpg\",\"contentUrl\":\"https:\\\/\\\/xstyle.md\\\/wp-content\\\/uploads\\\/2023\\\/01\\\/tatonka-skin-document-belt-l-natural.jpg\",\"width\":800,\"height\":800,\"caption\":\"\u041a\u043e\u0436\u0430\u043d\u044b\u0439 \u0431\u0443\u043c\u0430\u0436\u043d\u0438\u043a Tatonka Skin Document Belt L \u0434\u043b\u044f \u0430\u043a\u0442\u0438\u0432\u043d\u043e\u0433\u043e \u043e\u0442\u0434\u044b\u0445\u0430 \u043f\u043e\u0445\u043e\u0434\u043e\u0432 \u0442\u0443\u0440\u0438\u0437\u043c\u0430 \u0438 \u043f\u0443\u0442\u0435\u0448\u0435\u0441\u0442\u0432\u0438\u0439, \u0442\u043e\u0432\u0430\u0440\u044b \u0434\u043b\u044f \u0442\u0443\u0440\u0438\u0441\u0442\u0438\u0447\u0435\u0441\u043a\u043e\u0433\u043e \u0438 outdoor \u0441\u0442\u0438\u043b\u044f \u0432 \u0438\u043d\u0442\u0435\u0440\u043d\u0435\u0442 \u043c\u0430\u0433\u0430\u0437\u0438\u043d\u0435 \u0430\u043a\u0442\u0438\u0432\u043d\u043e\u0439 \u0436\u0438\u0437\u043d\u0438\"},{\"@type\":\"BreadcrumbList\",\"@id\":\"https:\\\/\\\/xstyle.md\\\/product\\\/sumochka-tatonka-skin-document-belt-l-natural\\\/#breadcrumb\",\"itemListElement\":[{\"@type\":\"ListItem\",\"position\":1,\"name\":\"\u0413\u043b\u0430\u0432\u043d\u0430\u044f \u0441\u0442\u0440\u0430\u043d\u0438\u0446\u0430\",\"item\":\"https:\\\/\\\/xstyle.md\\\/\"},{\"@type\":\"ListItem\",\"position\":2,\"name\":\"\u041c\u0430\u0433\u0430\u0437\u0438\u043d\",\"item\":\"https:\\\/\\\/xstyle.md\\\/shop\\\/\"},{\"@type\":\"ListItem\",\"position\":3,\"name\":\"\u0421\u0443\u043c\u043e\u0447\u043a\u0430 Tatonka Skin Document Belt L natural\"}]},{\"@type\":\"WebSite\",\"@id\":\"https:\\\/\\\/xstyle.md\\\/#website\",\"url\":\"https:\\\/\\\/xstyle.md\\\/\",\"name\":\"\u041c\u0430\u0433\u0430\u0437\u0438\u043d Xstyle\",\"description\":\"C\u043d\u0430\u0440\u044f\u0436\u0435\u043d\u0438\u0435 \u0434\u043b\u044f \u0442\u0443\u0440\u0438\u0437\u043c\u0430 \u0438 \u044d\u043a\u0441\u0442\u0440\u0435\u043c\u0430\u043b\u044c\u043d\u044b\u0445 \u0432\u0438\u0434\u043e\u0432 \u0441\u043f\u043e\u0440\u0442\u0430 \u0432 \u041c\u043e\u043b\u0434\u043e\u0432\u0435.. \u0426\u0435\u043d\u044b, \u0444\u043e\u0442\u043e, \u0445\u0430\u0440\u0430\u043a\u0442\u0435\u0440\u0438\u0441\u0442\u0438\u043a\u0438 \u0432 \u041c\u043e\u043b\u0434\u043e\u0432\u0435.\",\"publisher\":{\"@id\":\"https:\\\/\\\/xstyle.md\\\/#organization\"},\"alternateName\":\"X-Style\",\"potentialAction\":[{\"@type\":\"SearchAction\",\"target\":{\"@type\":\"EntryPoint\",\"urlTemplate\":\"https:\\\/\\\/xstyle.md\\\/?s={search_term_string}\"},\"query-input\":{\"@type\":\"PropertyValueSpecification\",\"valueRequired\":true,\"valueName\":\"search_term_string\"}}],\"inLanguage\":\"ro-RO\"},{\"@type\":\"Organization\",\"@id\":\"https:\\\/\\\/xstyle.md\\\/#organization\",\"name\":\"\u041c\u0430\u0433\u0430\u0437\u0438\u043d Xstyle\",\"alternateName\":\"x-style\",\"url\":\"https:\\\/\\\/xstyle.md\\\/\",\"logo\":{\"@type\":\"ImageObject\",\"inLanguage\":\"ro-RO\",\"@id\":\"https:\\\/\\\/xstyle.md\\\/#\\\/schema\\\/logo\\\/image\\\/\",\"url\":\"https:\\\/\\\/xstyle.md\\\/wp-content\\\/uploads\\\/2020\\\/06\\\/logoicon.svg\",\"contentUrl\":\"https:\\\/\\\/xstyle.md\\\/wp-content\\\/uploads\\\/2020\\\/06\\\/logoicon.svg\",\"caption\":\"\u041c\u0430\u0433\u0430\u0437\u0438\u043d Xstyle\"},\"image\":{\"@id\":\"https:\\\/\\\/xstyle.md\\\/#\\\/schema\\\/logo\\\/image\\\/\"},\"sameAs\":[\"https:\\\/\\\/www.facebook.com\\\/xstylemd\",\"https:\\\/\\\/www.instagram.com\\\/xstyle_md\\\/\",\"https:\\\/\\\/t.me\\\/xstyle_outdoor\"],\"hasMerchantReturnPolicy\":{\"@type\":\"MerchantReturnPolicy\",\"merchantReturnLink\":\"https:\\\/\\\/xstyle.md\\\/ro\\\/conditions\\\/\"}}]}<\/script>\n<meta property=\"product:price:amount\" content=\"320.00\" \/>\n<meta property=\"product:price:currency\" content=\"MDL\" \/>\n<meta property=\"og:availability\" content=\"instock\" \/>\n<meta property=\"product:availability\" content=\"instock\" \/>\n<meta property=\"product:retailer_item_id\" content=\"4013236185300\" \/>\n<meta property=\"product:condition\" content=\"new\" \/>\n<!-- \/ Yoast SEO plugin. -->","yoast_head_json":{"title":"Geanta Tatonka Skin Document Belt L natural - Magazin Xstyle","description":"Geanta Tatonka Skin Document Belt L \u2014 accesoriul ideal pentru c\u0103l\u0103torii: capacitate pentru documente, bani \u0219i carduri, curea confortabil\u0103.","robots":{"index":"index","follow":"follow","max-snippet":"max-snippet:-1","max-image-preview":"max-image-preview:large","max-video-preview":"max-video-preview:-1"},"canonical":"https:\/\/xstyle.md\/ro\/produs\/sumochka-tatonka-skin-document-belt-l-natural\/","og_locale":"ro_RO","og_type":"article","og_title":"\u0421\u0443\u043c\u043e\u0447\u043a\u0430 Tatonka Skin Document Belt L natural - \u041c\u0430\u0433\u0430\u0437\u0438\u043d Xstyle","og_description":"\u0421\u0443\u043c\u043e\u0447\u043a\u0430 Tatonka Skin Document Belt L \u2014 \u0438\u0434\u0435\u0430\u043b\u044c\u043d\u044b\u0439 \u0430\u043a\u0441\u0435\u0441\u0441\u0443\u0430\u0440 \u0434\u043b\u044f \u043f\u0443\u0442\u0435\u0448\u0435\u0441\u0442\u0432\u0438\u0439: \u0432\u043c\u0435\u0441\u0442\u0438\u043c\u043e\u0441\u0442\u044c \u0434\u043b\u044f \u0434\u043e\u043a\u0443\u043c\u0435\u043d\u0442\u043e\u0432, \u0434\u0435\u043d\u0435\u0433 \u0438 \u043a\u0430\u0440\u0442\u043e\u0447\u0435\u043a, \u0443\u0434\u043e\u0431\u043d\u044b\u0439 \u0440\u0435\u043c\u0435\u0448\u043e\u043a.","og_url":"https:\/\/xstyle.md\/ro\/produs\/sumochka-tatonka-skin-document-belt-l-natural\/","og_site_name":"\u041c\u0430\u0433\u0430\u0437\u0438\u043d Xstyle","article_publisher":"https:\/\/www.facebook.com\/xstylemd","article_modified_time":"2024-10-23T07:30:51+00:00","og_image":[{"width":800,"height":800,"url":"https:\/\/xstyle.md\/wp-content\/uploads\/2023\/01\/tatonka-skin-document-belt-l-natural.jpg","type":"image\/jpeg"}],"twitter_card":"summary_large_image","twitter_misc":{"Pre\u021b":"320&nbsp;MDL","Disponibilitate":"\u00cen stoc"},"schema":{"@context":"https:\/\/schema.org","@graph":[{"@type":"WebPage","@id":"https:\/\/xstyle.md\/product\/sumochka-tatonka-skin-document-belt-l-natural\/","url":"https:\/\/xstyle.md\/product\/sumochka-tatonka-skin-document-belt-l-natural\/","name":"Geanta Tatonka Skin Document Belt L natural - Magazin Xstyle","isPartOf":{"@id":"https:\/\/xstyle.md\/#website"},"primaryImageOfPage":{"@id":"https:\/\/xstyle.md\/product\/sumochka-tatonka-skin-document-belt-l-natural\/#primaryimage"},"image":{"@id":"https:\/\/xstyle.md\/product\/sumochka-tatonka-skin-document-belt-l-natural\/#primaryimage"},"thumbnailUrl":"https:\/\/xstyle.md\/wp-content\/uploads\/2023\/01\/tatonka-skin-document-belt-l-natural.jpg","datePublished":"2023-01-25T10:47:15+00:00","dateModified":"2024-10-23T07:30:51+00:00","description":"Geanta Tatonka Skin Document Belt L \u2014 accesoriul ideal pentru c\u0103l\u0103torii: capacitate pentru documente, bani \u0219i carduri, curea confortabil\u0103.","breadcrumb":{"@id":"https:\/\/xstyle.md\/product\/sumochka-tatonka-skin-document-belt-l-natural\/#breadcrumb"},"inLanguage":"ro-RO","potentialAction":[{"@type":"ReadAction","target":["https:\/\/xstyle.md\/product\/sumochka-tatonka-skin-document-belt-l-natural\/"]}]},{"@type":"ImageObject","inLanguage":"ro-RO","@id":"https:\/\/xstyle.md\/product\/sumochka-tatonka-skin-document-belt-l-natural\/#primaryimage","url":"https:\/\/xstyle.md\/wp-content\/uploads\/2023\/01\/tatonka-skin-document-belt-l-natural.jpg","contentUrl":"https:\/\/xstyle.md\/wp-content\/uploads\/2023\/01\/tatonka-skin-document-belt-l-natural.jpg","width":800,"height":800,"caption":"\u041a\u043e\u0436\u0430\u043d\u044b\u0439 \u0431\u0443\u043c\u0430\u0436\u043d\u0438\u043a Tatonka Skin Document Belt L \u0434\u043b\u044f \u0430\u043a\u0442\u0438\u0432\u043d\u043e\u0433\u043e \u043e\u0442\u0434\u044b\u0445\u0430 \u043f\u043e\u0445\u043e\u0434\u043e\u0432 \u0442\u0443\u0440\u0438\u0437\u043c\u0430 \u0438 \u043f\u0443\u0442\u0435\u0448\u0435\u0441\u0442\u0432\u0438\u0439, \u0442\u043e\u0432\u0430\u0440\u044b \u0434\u043b\u044f \u0442\u0443\u0440\u0438\u0441\u0442\u0438\u0447\u0435\u0441\u043a\u043e\u0433\u043e \u0438 outdoor \u0441\u0442\u0438\u043b\u044f \u0432 \u0438\u043d\u0442\u0435\u0440\u043d\u0435\u0442 \u043c\u0430\u0433\u0430\u0437\u0438\u043d\u0435 \u0430\u043a\u0442\u0438\u0432\u043d\u043e\u0439 \u0436\u0438\u0437\u043d\u0438"},{"@type":"BreadcrumbList","@id":"https:\/\/xstyle.md\/product\/sumochka-tatonka-skin-document-belt-l-natural\/#breadcrumb","itemListElement":[{"@type":"ListItem","position":1,"name":"\u0413\u043b\u0430\u0432\u043d\u0430\u044f \u0441\u0442\u0440\u0430\u043d\u0438\u0446\u0430","item":"https:\/\/xstyle.md\/"},{"@type":"ListItem","position":2,"name":"\u041c\u0430\u0433\u0430\u0437\u0438\u043d","item":"https:\/\/xstyle.md\/shop\/"},{"@type":"ListItem","position":3,"name":"\u0421\u0443\u043c\u043e\u0447\u043a\u0430 Tatonka Skin Document Belt L natural"}]},{"@type":"WebSite","@id":"https:\/\/xstyle.md\/#website","url":"https:\/\/xstyle.md\/","name":"Magazinul X-Style","description":"Echipamente pentru turism \u0219i sporturi extreme \u00een Moldova. Pre\u021buri, fotografii, caracteristici \u00een Moldova.","publisher":{"@id":"https:\/\/xstyle.md\/#organization"},"alternateName":"X-Style","potentialAction":[{"@type":"SearchAction","target":{"@type":"EntryPoint","urlTemplate":"https:\/\/xstyle.md\/?s={search_term_string}"},"query-input":{"@type":"PropertyValueSpecification","valueRequired":true,"valueName":"search_term_string"}}],"inLanguage":"ro-RO"},{"@type":"Organization","@id":"https:\/\/xstyle.md\/#organization","name":"Magazinul X-Style","alternateName":"x-style","url":"https:\/\/xstyle.md\/","logo":{"@type":"ImageObject","inLanguage":"ro-RO","@id":"https:\/\/xstyle.md\/#\/schema\/logo\/image\/","url":"https:\/\/xstyle.md\/wp-content\/uploads\/2020\/06\/logoicon.svg","contentUrl":"https:\/\/xstyle.md\/wp-content\/uploads\/2020\/06\/logoicon.svg","caption":"\u041c\u0430\u0433\u0430\u0437\u0438\u043d Xstyle"},"image":{"@id":"https:\/\/xstyle.md\/#\/schema\/logo\/image\/"},"sameAs":["https:\/\/www.facebook.com\/xstylemd","https:\/\/www.instagram.com\/xstyle_md\/","https:\/\/t.me\/xstyle_outdoor"],"hasMerchantReturnPolicy":{"@type":"MerchantReturnPolicy","merchantReturnLink":"https:\/\/xstyle.md\/ro\/conditions\/"}}]},"product_price_amount":"320.00","product_price_currency":"MDL","og_availability":"instock","product_availability":"instock","product_retailer_item_id":"4013236185300","product_condition":"new"},"_links":{"self":[{"href":"https:\/\/xstyle.md\/ro\/wp-json\/wp\/v2\/product\/63515","targetHints":{"allow":["GET"]}}],"collection":[{"href":"https:\/\/xstyle.md\/ro\/wp-json\/wp\/v2\/product"}],"about":[{"href":"https:\/\/xstyle.md\/ro\/wp-json\/wp\/v2\/types\/product"}],"replies":[{"embeddable":true,"href":"https:\/\/xstyle.md\/ro\/wp-json\/wp\/v2\/comments?post=63515"}],"wp:featuredmedia":[{"embeddable":true,"href":"https:\/\/xstyle.md\/ro\/wp-json\/wp\/v2\/media\/64540"}],"wp:attachment":[{"href":"https:\/\/xstyle.md\/ro\/wp-json\/wp\/v2\/media?parent=63515"}],"wp:term":[{"taxonomy":"product_brand","embeddable":true,"href":"https:\/\/xstyle.md\/ro\/wp-json\/wp\/v2\/product_brand?post=63515"},{"taxonomy":"product_cat","embeddable":true,"href":"https:\/\/xstyle.md\/ro\/wp-json\/wp\/v2\/product_cat?post=63515"},{"taxonomy":"product_tag","embeddable":true,"href":"https:\/\/xstyle.md\/ro\/wp-json\/wp\/v2\/product_tag?post=63515"}],"curies":[{"name":"wp","href":"https:\/\/api.w.org\/{rel}","templated":true}]}}